{"id":6235,"date":"2025-01-16T18:14:30","date_gmt":"2025-01-16T21:14:30","guid":{"rendered":"https:\/\/sadenir.com.uy\/acana\/?post_type=product&#038;p=6235"},"modified":"2026-03-12T07:05:14","modified_gmt":"2026-03-12T10:05:14","slug":"acana-puppy","status":"publish","type":"product","link":"https:\/\/sadenir.com.uy\/acana\/shop\/perros\/cachorro\/acana-puppy\/","title":{"rendered":"Acana Puppy"},"content":{"rendered":"<h2>Composici\u00f3n<\/h2>\n<p><a href=\"https:\/\/sadenir.com.uy\/acana\/wp-content\/uploads\/sites\/11\/2025\/01\/Screenshot-2025-02-18-182409.png\"><img fetchpriority=\"high\" decoding=\"async\" class=\"wp-image-8013 size-full alignright\" src=\"https:\/\/sadenir.com.uy\/acana\/wp-content\/uploads\/sites\/11\/2025\/01\/Screenshot-2025-02-18-182409.png\" alt=\"\" width=\"389\" height=\"538\" srcset=\"https:\/\/sadenir.com.uy\/acana\/wp-content\/uploads\/sites\/11\/2025\/01\/Screenshot-2025-02-18-182409.png 389w, https:\/\/sadenir.com.uy\/acana\/wp-content\/uploads\/sites\/11\/2025\/01\/Screenshot-2025-02-18-182409-217x300.png 217w\" sizes=\"(max-width: 389px) 100vw, 389px\" \/><\/a>Pollo fresco, pollo deshidratado, lentejas rojas enteras, guisantes verdes enteros, menudillos de pollo frescos (h\u00edgado, coraz\u00f3n), grasa de pollo, pavo deshidratado, huevos, platija cruda, arenque deshidratado, aceite de pescado, lentejas verdes enteras, garbanzos enteros, guisantes amarillos enteros, fibra de guisante, almid\u00f3n de guisante, h\u00edgados de pavo crudos, sal, alga kelp deshidratada, calabaza entera fresca, calabaza butternut entera fresca, zanahorias enteras frescas, manzanas enteras frescas, peras enteras frescas, calabacines enteros frescos, ra\u00edz de achicoria deshidratada, col rizada fresca, espinacas frescas, hojas de nabo frescas, hojas de remolacha frescas, ar\u00e1ndanos enteros frescos, ar\u00e1ndanos azules enteros frescos, bayas de saskatoon enteras frescas, c\u00farcuma, cardo lechoso, ra\u00edz de bardana, lavanda, ra\u00edz de malvavisco, escaramujos<\/p>\n<p>ADITIVOS (por kg) Aditivos tecnol\u00f3gicos: Con antioxidantes. Aditivos nutricionales: Cloruro de colina (colina), 3b606 (zinc), 3b406 (cobre (II)), vitamina B1, vitamina B5, vitamina B6, vitamina A, vitamina D, vitamina E. Aditivos zoot\u00e9cnicos: 4b1707 Enterococcus faecium NCIMB 10415 2,2&#215;10^6 CFU.<\/p>\n<p>La energ\u00eda metabolizable es de 3660\u00a0kcal\/kg (439\u00a0kcal por cada 250ml\/taza de 120\u00a0g), con un 32% de prote\u00ednas, un 22% de hidratos de carbono y un 46% de grasas. ACANA Puppy &amp; Junior est\u00e1 formulada para cumplir con las recomendaciones nutricionales establecidas por FEDIAF para los alimentos de perros en todas las etapas de vida. Excepto para cachorros gran dan\u00e9s, con menos de 14 semanas, en etapa de desarrollo.<\/p>\n<p>&nbsp;<\/p>\n","protected":false},"excerpt":{"rendered":"<p>Tu cachorro en crecimiento necesita prote\u00ednas y grasas de ingredientes de origen animal, que favorezcan su r\u00e1pido crecimiento. ACANA\u2122 Puppy\u00a0contiene una buena cantidad de pollo fresco y huevos de corral, as\u00ed como platija salvaje fresca o cruda* que nos entregan personas que en quienes confiamos. ACANA\u2122 aporta nutrientes naturales, en su forma m\u00e1s nutritiva, para una salud y desarrollo \u00f3ptimos.<\/p>\n<p>&nbsp;<\/p>\n<p>1. CON UN\u00a0<strong>70%** DE INGREDIENTES DE CALIDAD DE ORIGEN ANIMAL<\/strong>\u00a0| RICO EN PROTE\u00cdNAS Y LLENO DE NUTRIENTES<br \/>\n2.\u00a0<strong>1\/3 DE LOS INGREDIENTES DE ORIGEN ANIMAL SON AVES Y PESCADOS FRESCOS O CRUDOS<\/strong><br \/>\n3.\u00a0<strong>3 VARIEDADES DE PROTE\u00cdNAS DE ORIGEN ANIMAL<\/strong>\u00a0| DE PROVEEDORES QUE CONOCEMOS Y EN QUIENES CONFIAMOS<br \/>\n4.\u00a0<strong>PRESA ENTERA\u00a0<\/strong>| AVES, PESCADO, \u00d3RGANOS Y HUESOS<br \/>\n5.\u00a0<strong>INFUSIONES LIOFILIZADAS<\/strong>\u00a0| SABOR INTENSO NATURAL<br \/>\n6.\u00a0<strong>VERDURAS, FRUTAS Y PLANTAS<\/strong>\u00a0| FRESCOS<br \/>\n7.\u00a0<strong>NO CONTIENE CEREALES<\/strong><\/p>\n","protected":false},"featured_media":7998,"comment_status":"open","ping_status":"closed","template":"","meta":{"pgc_sgb_lightbox_settings":""},"product_brand":[],"product_cat":[55,48],"product_tag":[],"class_list":{"0":"post-6235","1":"product","2":"type-product","3":"status-publish","4":"has-post-thumbnail","6":"product_cat-cachorro","7":"product_cat-perros","9":"first","10":"instock","11":"shipping-taxable","12":"product-type-simple"},"yoast_head":"<!-- This site is optimized with the Yoast SEO plugin v26.1.1 - https:\/\/yoast.com\/wordpress\/plugins\/seo\/ -->\n<title>ACANA Puppy Recipe: Comida Rica en Prote\u00ednas para Cachorros<\/title>\n<meta name=\"description\" content=\"ACANA\u2122 Puppy Recipe est\u00e1 dise\u00f1ado para cachorros en crecimiento, con un 70% de ingredientes de origen animal como pollo, platija y huevos frescos o crudos. Rico en prote\u00ednas, sin cereales y con nutrientes naturales para el desarrollo \u00f3ptimo de tu cachorro.\" \/>\n<meta name=\"robots\" content=\"index, follow, max-snippet:-1, max-image-preview:large, max-video-preview:-1\" \/>\n<link rel=\"canonical\" href=\"https:\/\/sadenir.com.uy\/acana\/shop\/perros\/cachorro\/acana-puppy\/\" \/>\n<meta property=\"og:locale\" content=\"es_ES\" \/>\n<meta property=\"og:type\" content=\"article\" \/>\n<meta property=\"og:title\" content=\"ACANA Puppy Recipe: Comida Rica en Prote\u00ednas para Cachorros\" \/>\n<meta property=\"og:description\" content=\"ACANA\u2122 Puppy Recipe est\u00e1 dise\u00f1ado para cachorros en crecimiento, con un 70% de ingredientes de origen animal como pollo, platija y huevos frescos o crudos. Rico en prote\u00ednas, sin cereales y con nutrientes naturales para el desarrollo \u00f3ptimo de tu cachorro.\" \/>\n<meta property=\"og:url\" content=\"https:\/\/sadenir.com.uy\/acana\/shop\/perros\/cachorro\/acana-puppy\/\" \/>\n<meta property=\"og:site_name\" content=\"Acana\" \/>\n<meta property=\"article:modified_time\" content=\"2026-03-12T10:05:14+00:00\" \/>\n<meta property=\"og:image\" content=\"https:\/\/sadenir.com.uy\/acana\/wp-content\/uploads\/sites\/11\/2025\/01\/ACANA-Puppy-Recipe-Front-11.png\" \/>\n\t<meta property=\"og:image:width\" content=\"450\" \/>\n\t<meta property=\"og:image:height\" content=\"450\" \/>\n\t<meta property=\"og:image:type\" content=\"image\/png\" \/>\n<meta name=\"twitter:card\" content=\"summary_large_image\" \/>\n<meta name=\"twitter:label1\" content=\"Tiempo de lectura\" \/>\n\t<meta name=\"twitter:data1\" content=\"2 minutos\" \/>\n<script type=\"application\/ld+json\" class=\"yoast-schema-graph\">{\"@context\":\"https:\/\/schema.org\",\"@graph\":[{\"@type\":\"WebPage\",\"@id\":\"https:\/\/sadenir.com.uy\/acana\/shop\/perros\/cachorro\/acana-puppy\/\",\"url\":\"https:\/\/sadenir.com.uy\/acana\/shop\/perros\/cachorro\/acana-puppy\/\",\"name\":\"ACANA Puppy Recipe: Comida Rica en Prote\u00ednas para Cachorros\",\"isPartOf\":{\"@id\":\"https:\/\/sadenir.com.uy\/acana\/#website\"},\"primaryImageOfPage\":{\"@id\":\"https:\/\/sadenir.com.uy\/acana\/shop\/perros\/cachorro\/acana-puppy\/#primaryimage\"},\"image\":{\"@id\":\"https:\/\/sadenir.com.uy\/acana\/shop\/perros\/cachorro\/acana-puppy\/#primaryimage\"},\"thumbnailUrl\":\"https:\/\/sadenir.com.uy\/acana\/wp-content\/uploads\/sites\/11\/2025\/01\/ACANA-Puppy-Recipe-Front-11.png\",\"datePublished\":\"2025-01-16T21:14:30+00:00\",\"dateModified\":\"2026-03-12T10:05:14+00:00\",\"description\":\"ACANA\u2122 Puppy Recipe est\u00e1 dise\u00f1ado para cachorros en crecimiento, con un 70% de ingredientes de origen animal como pollo, platija y huevos frescos o crudos. Rico en prote\u00ednas, sin cereales y con nutrientes naturales para el desarrollo \u00f3ptimo de tu cachorro.\",\"breadcrumb\":{\"@id\":\"https:\/\/sadenir.com.uy\/acana\/shop\/perros\/cachorro\/acana-puppy\/#breadcrumb\"},\"inLanguage\":\"es-AR\",\"potentialAction\":[{\"@type\":\"ReadAction\",\"target\":[\"https:\/\/sadenir.com.uy\/acana\/shop\/perros\/cachorro\/acana-puppy\/\"]}]},{\"@type\":\"ImageObject\",\"inLanguage\":\"es-AR\",\"@id\":\"https:\/\/sadenir.com.uy\/acana\/shop\/perros\/cachorro\/acana-puppy\/#primaryimage\",\"url\":\"https:\/\/sadenir.com.uy\/acana\/wp-content\/uploads\/sites\/11\/2025\/01\/ACANA-Puppy-Recipe-Front-11.png\",\"contentUrl\":\"https:\/\/sadenir.com.uy\/acana\/wp-content\/uploads\/sites\/11\/2025\/01\/ACANA-Puppy-Recipe-Front-11.png\",\"width\":450,\"height\":450},{\"@type\":\"BreadcrumbList\",\"@id\":\"https:\/\/sadenir.com.uy\/acana\/shop\/perros\/cachorro\/acana-puppy\/#breadcrumb\",\"itemListElement\":[{\"@type\":\"ListItem\",\"position\":1,\"name\":\"Inicio\",\"item\":\"https:\/\/sadenir.com.uy\/acana\/\"},{\"@type\":\"ListItem\",\"position\":2,\"name\":\"Productos\",\"item\":\"https:\/\/sadenir.com.uy\/acana\/tienda\/\"},{\"@type\":\"ListItem\",\"position\":3,\"name\":\"Acana Puppy\"}]},{\"@type\":\"WebSite\",\"@id\":\"https:\/\/sadenir.com.uy\/acana\/#website\",\"url\":\"https:\/\/sadenir.com.uy\/acana\/\",\"name\":\"Acana\",\"description\":\"\",\"potentialAction\":[{\"@type\":\"SearchAction\",\"target\":{\"@type\":\"EntryPoint\",\"urlTemplate\":\"https:\/\/sadenir.com.uy\/acana\/?s={search_term_string}\"},\"query-input\":{\"@type\":\"PropertyValueSpecification\",\"valueRequired\":true,\"valueName\":\"search_term_string\"}}],\"inLanguage\":\"es-AR\"}]}<\/script>\n<!-- \/ Yoast SEO plugin. -->","yoast_head_json":{"title":"ACANA Puppy Recipe: Comida Rica en Prote\u00ednas para Cachorros","description":"ACANA\u2122 Puppy Recipe est\u00e1 dise\u00f1ado para cachorros en crecimiento, con un 70% de ingredientes de origen animal como pollo, platija y huevos frescos o crudos. Rico en prote\u00ednas, sin cereales y con nutrientes naturales para el desarrollo \u00f3ptimo de tu cachorro.","robots":{"index":"index","follow":"follow","max-snippet":"max-snippet:-1","max-image-preview":"max-image-preview:large","max-video-preview":"max-video-preview:-1"},"canonical":"https:\/\/sadenir.com.uy\/acana\/shop\/perros\/cachorro\/acana-puppy\/","og_locale":"es_ES","og_type":"article","og_title":"ACANA Puppy Recipe: Comida Rica en Prote\u00ednas para Cachorros","og_description":"ACANA\u2122 Puppy Recipe est\u00e1 dise\u00f1ado para cachorros en crecimiento, con un 70% de ingredientes de origen animal como pollo, platija y huevos frescos o crudos. Rico en prote\u00ednas, sin cereales y con nutrientes naturales para el desarrollo \u00f3ptimo de tu cachorro.","og_url":"https:\/\/sadenir.com.uy\/acana\/shop\/perros\/cachorro\/acana-puppy\/","og_site_name":"Acana","article_modified_time":"2026-03-12T10:05:14+00:00","og_image":[{"width":450,"height":450,"url":"https:\/\/sadenir.com.uy\/acana\/wp-content\/uploads\/sites\/11\/2025\/01\/ACANA-Puppy-Recipe-Front-11.png","type":"image\/png"}],"twitter_card":"summary_large_image","twitter_misc":{"Tiempo de lectura":"2 minutos"},"schema":{"@context":"https:\/\/schema.org","@graph":[{"@type":"WebPage","@id":"https:\/\/sadenir.com.uy\/acana\/shop\/perros\/cachorro\/acana-puppy\/","url":"https:\/\/sadenir.com.uy\/acana\/shop\/perros\/cachorro\/acana-puppy\/","name":"ACANA Puppy Recipe: Comida Rica en Prote\u00ednas para Cachorros","isPartOf":{"@id":"https:\/\/sadenir.com.uy\/acana\/#website"},"primaryImageOfPage":{"@id":"https:\/\/sadenir.com.uy\/acana\/shop\/perros\/cachorro\/acana-puppy\/#primaryimage"},"image":{"@id":"https:\/\/sadenir.com.uy\/acana\/shop\/perros\/cachorro\/acana-puppy\/#primaryimage"},"thumbnailUrl":"https:\/\/sadenir.com.uy\/acana\/wp-content\/uploads\/sites\/11\/2025\/01\/ACANA-Puppy-Recipe-Front-11.png","datePublished":"2025-01-16T21:14:30+00:00","dateModified":"2026-03-12T10:05:14+00:00","description":"ACANA\u2122 Puppy Recipe est\u00e1 dise\u00f1ado para cachorros en crecimiento, con un 70% de ingredientes de origen animal como pollo, platija y huevos frescos o crudos. Rico en prote\u00ednas, sin cereales y con nutrientes naturales para el desarrollo \u00f3ptimo de tu cachorro.","breadcrumb":{"@id":"https:\/\/sadenir.com.uy\/acana\/shop\/perros\/cachorro\/acana-puppy\/#breadcrumb"},"inLanguage":"es-AR","potentialAction":[{"@type":"ReadAction","target":["https:\/\/sadenir.com.uy\/acana\/shop\/perros\/cachorro\/acana-puppy\/"]}]},{"@type":"ImageObject","inLanguage":"es-AR","@id":"https:\/\/sadenir.com.uy\/acana\/shop\/perros\/cachorro\/acana-puppy\/#primaryimage","url":"https:\/\/sadenir.com.uy\/acana\/wp-content\/uploads\/sites\/11\/2025\/01\/ACANA-Puppy-Recipe-Front-11.png","contentUrl":"https:\/\/sadenir.com.uy\/acana\/wp-content\/uploads\/sites\/11\/2025\/01\/ACANA-Puppy-Recipe-Front-11.png","width":450,"height":450},{"@type":"BreadcrumbList","@id":"https:\/\/sadenir.com.uy\/acana\/shop\/perros\/cachorro\/acana-puppy\/#breadcrumb","itemListElement":[{"@type":"ListItem","position":1,"name":"Inicio","item":"https:\/\/sadenir.com.uy\/acana\/"},{"@type":"ListItem","position":2,"name":"Productos","item":"https:\/\/sadenir.com.uy\/acana\/tienda\/"},{"@type":"ListItem","position":3,"name":"Acana Puppy"}]},{"@type":"WebSite","@id":"https:\/\/sadenir.com.uy\/acana\/#website","url":"https:\/\/sadenir.com.uy\/acana\/","name":"Acana","description":"","potentialAction":[{"@type":"SearchAction","target":{"@type":"EntryPoint","urlTemplate":"https:\/\/sadenir.com.uy\/acana\/?s={search_term_string}"},"query-input":{"@type":"PropertyValueSpecification","valueRequired":true,"valueName":"search_term_string"}}],"inLanguage":"es-AR"}]}},"_links":{"self":[{"href":"https:\/\/sadenir.com.uy\/acana\/wp-json\/wp\/v2\/product\/6235","targetHints":{"allow":["GET"]}}],"collection":[{"href":"https:\/\/sadenir.com.uy\/acana\/wp-json\/wp\/v2\/product"}],"about":[{"href":"https:\/\/sadenir.com.uy\/acana\/wp-json\/wp\/v2\/types\/product"}],"replies":[{"embeddable":true,"href":"https:\/\/sadenir.com.uy\/acana\/wp-json\/wp\/v2\/comments?post=6235"}],"wp:featuredmedia":[{"embeddable":true,"href":"https:\/\/sadenir.com.uy\/acana\/wp-json\/wp\/v2\/media\/7998"}],"wp:attachment":[{"href":"https:\/\/sadenir.com.uy\/acana\/wp-json\/wp\/v2\/media?parent=6235"}],"wp:term":[{"taxonomy":"product_brand","embeddable":true,"href":"https:\/\/sadenir.com.uy\/acana\/wp-json\/wp\/v2\/product_brand?post=6235"},{"taxonomy":"product_cat","embeddable":true,"href":"https:\/\/sadenir.com.uy\/acana\/wp-json\/wp\/v2\/product_cat?post=6235"},{"taxonomy":"product_tag","embeddable":true,"href":"https:\/\/sadenir.com.uy\/acana\/wp-json\/wp\/v2\/product_tag?post=6235"}],"curies":[{"name":"wp","href":"https:\/\/api.w.org\/{rel}","templated":true}]}}