{"id":6243,"date":"2025-01-16T18:32:45","date_gmt":"2025-01-16T21:32:45","guid":{"rendered":"https:\/\/sadenir.com.uy\/acana\/?post_type=product&#038;p=6243"},"modified":"2026-03-12T05:57:25","modified_gmt":"2026-03-12T08:57:25","slug":"acana-bountiful-catch","status":"publish","type":"product","link":"https:\/\/sadenir.com.uy\/acana\/shop\/gatos\/adultos\/acana-bountiful-catch\/","title":{"rendered":"Acana Bountiful catch"},"content":{"rendered":"<div class=\"description-and-detail\">\n<h2>Composici\u00f3n<\/h2>\n<p><a href=\"https:\/\/sadenir.com.uy\/acana\/wp-content\/uploads\/sites\/11\/2025\/01\/Screenshot-2025-02-18-181103.png\"><img fetchpriority=\"high\" decoding=\"async\" class=\"wp-image-8009 size-full alignright\" src=\"https:\/\/sadenir.com.uy\/acana\/wp-content\/uploads\/sites\/11\/2025\/01\/Screenshot-2025-02-18-181103.png\" alt=\"\" width=\"382\" height=\"578\" srcset=\"https:\/\/sadenir.com.uy\/acana\/wp-content\/uploads\/sites\/11\/2025\/01\/Screenshot-2025-02-18-181103.png 382w, https:\/\/sadenir.com.uy\/acana\/wp-content\/uploads\/sites\/11\/2025\/01\/Screenshot-2025-02-18-181103-198x300.png 198w\" sizes=\"(max-width: 382px) 100vw, 382px\" \/><\/a>Salm\u00f3n entero crudo, salm\u00f3n deshidratado, arenque deshidratado, avena integral, guisante enteros, aceite de abadejo, lentejas verdes enteras, merluza entera cruda, arenque entero crudo, garbanzos enteros, lentejas rojas enteras, fibra de lentejas, trucha arco\u00edris cruda, aceite de salm\u00f3n, aceite de girasol, alga kelp deshidratada, calabaza butternut entera fresca, calabaza entera fresca, ar\u00e1ndanos rojos enteros frescos, ar\u00e1ndanos azules enteros frescos. ADITIVOS (por kg) Aditivos tecnol\u00f3gicos: Con antioxidantes naturales. Aditivos nutricionales: Cloruro de colina, taurina, zinc (quelato de zinc de amino\u00e1cidos hidratado), vitamina B1, vitamina B2, niacina, vitamina B5, vitamina B6, \u00e1cido f\u00f3lico, biotina, vitamina B12, vitamina A, vitamina D, vitamina E, vitamina K, cobre (quelato de cobre (II) de amino\u00e1cidos hidratado), L-carnitina, DL-metionina. Aditivos zoot\u00e9cnicos: Enterococcus faecium NCIMB10415: 600&#215;10^6 CFU.<\/p>\n<p>ENERG\u00cdA METABOLIZABLE (calculada) : 3800\u00a0kcal\/kg (433\u00a0kcal por cada 250ml\/taza de 114\u00a0g), con unas calor\u00edas bien distribuidas para mantener unas condiciones \u00f3ptimas; un 37% de prote\u00ednas, un 27% de hidratos de carbono y un 36% de grasas.<\/p>\n<p>ACANA Bountiful Catch est\u00e1 formulada para cumplir con los niveles nutricionales establecidos por FEDIAF para el mantenimiento de gatos adultos.<\/p>\n<p data-start=\"766\" data-end=\"1256\"><span style=\"color: #ffffff;\">Alimenta a tu peque\u00f1o gato salvaje con una dieta repleta de ingredientes de pescado entero. ACANA\u2122 Bountiful Catch est\u00e1 lleno de ingredientes de pescado <\/span><\/p>\n<p data-start=\"766\" data-end=\"1256\"><span style=\"color: #ffffff;\">de calidad desde salm\u00f3n y arenque salvajes, y trucha arco\u00edris, en proporciones de presa entera muy nutritivas de pescado, \u00f3rganos y huesos, para que tu gato obtenga los nutrientes que necesita de forma natural.<\/span><\/p>\n<\/div>\n","protected":false},"excerpt":{"rendered":"<div class=\"description-and-detail\">\n<p data-start=\"766\" data-end=\"1256\">Nuestros alimentos ACANA\u00ae van m\u00e1s all\u00e1 del 1er ingrediente\u2122, nuestras recetas est\u00e1n especialmente dise\u00f1adas de principio a fin. Alimenta a tu gato con una dieta repleta de ingredientes de animales de gran calidad. ACANA Bountiful Catch contiene un 65%* de ingredientes de origen animal de gran calidad como el salm\u00f3n, el bagre y el arenque entero, los cuales se entregan crudos** en su forma m\u00e1s nutritiva. Nunca se agrega ning\u00fan color, sabor o preservante artificial en nuestras cocinas.<\/p>\n<p data-start=\"1258\" data-end=\"1766\">Nuestros ingredientes de gran calidad los obtenemos de un selecto grupo de granjeros, ganaderos y pescadores, a quienes conocemos y tenemos confianza desde hace d\u00e9cadas. Todos los ingredientes que usamos en nuestras recetas los preparamos cumpliendo con nuestro insuperable compromiso con la seguridad y calidad en nuestra galardonada cocina en Kentucky, gracias a ello el resultado es un alimento para gato rico en prote\u00edna, nutritivo y delicioso que le ayudar\u00e1 a tu gato vivir una vida feliz y saludable.<\/p>\n<\/div>\n<div>\n<p data-start=\"192\" data-end=\"226\"><strong data-start=\"192\" data-end=\"224\">CARACTER\u00cdSTICAS Y BENEFICIOS<\/strong><\/p>\n<ol data-start=\"227\" data-end=\"764\">\n<li data-start=\"227\" data-end=\"327\">\u00c1cidos grasos Omega-3 y Omega-6 equilibrados para mantener una piel sana y un pelaje brillante.<\/li>\n<li data-start=\"328\" data-end=\"464\">La taurina, el \u00e1cido eicosapentaenoico (EPA) y el \u00e1cido docosahexaenoico (DHA) ayudan a mantener la salud de los ojos y el coraz\u00f3n.<\/li>\n<li data-start=\"465\" data-end=\"568\">Vitaminas esenciales, minerales y antioxidantes que ayudan a mantener un sistema inmune saludable.<\/li>\n<li data-start=\"569\" data-end=\"706\">Los ingredientes de animales de presa peque\u00f1os y las inclusiones de h\u00edgado ofrecen un sabor agradable que a los gatos les encantar\u00e1.<\/li>\n<li data-start=\"707\" data-end=\"764\">Hecho en USA con los mejores ingredientes del mundo.<\/li>\n<\/ol>\n<\/div>\n<div class=\"product-details-footer\">\n<div class=\"product-sizes\">\n<p><span class=\"title\">Tama\u00f1os disponibles<\/span><span class=\"sizes lowercase\">1,8\u00a0kg \/ 4,5\u00a0kg<\/span><\/p>\n<\/div>\n<\/div>\n","protected":false},"featured_media":7999,"comment_status":"open","ping_status":"closed","template":"","meta":{"pgc_sgb_lightbox_settings":""},"product_brand":[],"product_cat":[35,46,44],"product_tag":[],"class_list":{"0":"post-6243","1":"product","2":"type-product","3":"status-publish","4":"has-post-thumbnail","6":"product_cat-sin-categorizar","7":"product_cat-adultos","8":"product_cat-gatos","10":"first","11":"instock","12":"shipping-taxable","13":"product-type-simple"},"yoast_head":"<!-- This site is optimized with the Yoast SEO plugin v26.1.1 - https:\/\/yoast.com\/wordpress\/plugins\/seo\/ -->\n<title>ACANA Bountiful Catch: Comida para gatos rica en Pescado<\/title>\n<meta name=\"description\" content=\"ACANA\u2122 Bountiful Catch es un alimento completo para gatos, elaborado con ingredientes de pescado de calidad como salm\u00f3n, arenque y trucha arco\u00edris. Rico en nutrientes naturales en proporciones de presa entera, ideal para la salud y desarrollo de tu gato.\" \/>\n<meta name=\"robots\" content=\"index, follow, max-snippet:-1, max-image-preview:large, max-video-preview:-1\" \/>\n<link rel=\"canonical\" href=\"https:\/\/sadenir.com.uy\/acana\/shop\/gatos\/adultos\/acana-bountiful-catch\/\" \/>\n<meta property=\"og:locale\" content=\"es_ES\" \/>\n<meta property=\"og:type\" content=\"article\" \/>\n<meta property=\"og:title\" content=\"ACANA Bountiful Catch: Comida para gatos rica en Pescado\" \/>\n<meta property=\"og:description\" content=\"ACANA\u2122 Bountiful Catch es un alimento completo para gatos, elaborado con ingredientes de pescado de calidad como salm\u00f3n, arenque y trucha arco\u00edris. Rico en nutrientes naturales en proporciones de presa entera, ideal para la salud y desarrollo de tu gato.\" \/>\n<meta property=\"og:url\" content=\"https:\/\/sadenir.com.uy\/acana\/shop\/gatos\/adultos\/acana-bountiful-catch\/\" \/>\n<meta property=\"og:site_name\" content=\"Acana\" \/>\n<meta property=\"article:modified_time\" content=\"2026-03-12T08:57:25+00:00\" \/>\n<meta property=\"og:image\" content=\"https:\/\/sadenir.com.uy\/acana\/wp-content\/uploads\/sites\/11\/2025\/01\/ABC01.png\" \/>\n\t<meta property=\"og:image:width\" content=\"800\" \/>\n\t<meta property=\"og:image:height\" content=\"800\" \/>\n\t<meta property=\"og:image:type\" content=\"image\/png\" \/>\n<meta name=\"twitter:card\" content=\"summary_large_image\" \/>\n<meta name=\"twitter:label1\" content=\"Tiempo de lectura\" \/>\n\t<meta name=\"twitter:data1\" content=\"2 minutos\" \/>\n<script type=\"application\/ld+json\" class=\"yoast-schema-graph\">{\"@context\":\"https:\/\/schema.org\",\"@graph\":[{\"@type\":\"WebPage\",\"@id\":\"https:\/\/sadenir.com.uy\/acana\/shop\/gatos\/adultos\/acana-bountiful-catch\/\",\"url\":\"https:\/\/sadenir.com.uy\/acana\/shop\/gatos\/adultos\/acana-bountiful-catch\/\",\"name\":\"ACANA Bountiful Catch: Comida para gatos rica en Pescado\",\"isPartOf\":{\"@id\":\"https:\/\/sadenir.com.uy\/acana\/#website\"},\"primaryImageOfPage\":{\"@id\":\"https:\/\/sadenir.com.uy\/acana\/shop\/gatos\/adultos\/acana-bountiful-catch\/#primaryimage\"},\"image\":{\"@id\":\"https:\/\/sadenir.com.uy\/acana\/shop\/gatos\/adultos\/acana-bountiful-catch\/#primaryimage\"},\"thumbnailUrl\":\"https:\/\/sadenir.com.uy\/acana\/wp-content\/uploads\/sites\/11\/2025\/01\/ABC01.png\",\"datePublished\":\"2025-01-16T21:32:45+00:00\",\"dateModified\":\"2026-03-12T08:57:25+00:00\",\"description\":\"ACANA\u2122 Bountiful Catch es un alimento completo para gatos, elaborado con ingredientes de pescado de calidad como salm\u00f3n, arenque y trucha arco\u00edris. Rico en nutrientes naturales en proporciones de presa entera, ideal para la salud y desarrollo de tu gato.\",\"breadcrumb\":{\"@id\":\"https:\/\/sadenir.com.uy\/acana\/shop\/gatos\/adultos\/acana-bountiful-catch\/#breadcrumb\"},\"inLanguage\":\"es-AR\",\"potentialAction\":[{\"@type\":\"ReadAction\",\"target\":[\"https:\/\/sadenir.com.uy\/acana\/shop\/gatos\/adultos\/acana-bountiful-catch\/\"]}]},{\"@type\":\"ImageObject\",\"inLanguage\":\"es-AR\",\"@id\":\"https:\/\/sadenir.com.uy\/acana\/shop\/gatos\/adultos\/acana-bountiful-catch\/#primaryimage\",\"url\":\"https:\/\/sadenir.com.uy\/acana\/wp-content\/uploads\/sites\/11\/2025\/01\/ABC01.png\",\"contentUrl\":\"https:\/\/sadenir.com.uy\/acana\/wp-content\/uploads\/sites\/11\/2025\/01\/ABC01.png\",\"width\":800,\"height\":800},{\"@type\":\"BreadcrumbList\",\"@id\":\"https:\/\/sadenir.com.uy\/acana\/shop\/gatos\/adultos\/acana-bountiful-catch\/#breadcrumb\",\"itemListElement\":[{\"@type\":\"ListItem\",\"position\":1,\"name\":\"Inicio\",\"item\":\"https:\/\/sadenir.com.uy\/acana\/\"},{\"@type\":\"ListItem\",\"position\":2,\"name\":\"Productos\",\"item\":\"https:\/\/sadenir.com.uy\/acana\/tienda\/\"},{\"@type\":\"ListItem\",\"position\":3,\"name\":\"Acana Bountiful catch\"}]},{\"@type\":\"WebSite\",\"@id\":\"https:\/\/sadenir.com.uy\/acana\/#website\",\"url\":\"https:\/\/sadenir.com.uy\/acana\/\",\"name\":\"Acana\",\"description\":\"\",\"potentialAction\":[{\"@type\":\"SearchAction\",\"target\":{\"@type\":\"EntryPoint\",\"urlTemplate\":\"https:\/\/sadenir.com.uy\/acana\/?s={search_term_string}\"},\"query-input\":{\"@type\":\"PropertyValueSpecification\",\"valueRequired\":true,\"valueName\":\"search_term_string\"}}],\"inLanguage\":\"es-AR\"}]}<\/script>\n<!-- \/ Yoast SEO plugin. -->","yoast_head_json":{"title":"ACANA Bountiful Catch: Comida para gatos rica en Pescado","description":"ACANA\u2122 Bountiful Catch es un alimento completo para gatos, elaborado con ingredientes de pescado de calidad como salm\u00f3n, arenque y trucha arco\u00edris. Rico en nutrientes naturales en proporciones de presa entera, ideal para la salud y desarrollo de tu gato.","robots":{"index":"index","follow":"follow","max-snippet":"max-snippet:-1","max-image-preview":"max-image-preview:large","max-video-preview":"max-video-preview:-1"},"canonical":"https:\/\/sadenir.com.uy\/acana\/shop\/gatos\/adultos\/acana-bountiful-catch\/","og_locale":"es_ES","og_type":"article","og_title":"ACANA Bountiful Catch: Comida para gatos rica en Pescado","og_description":"ACANA\u2122 Bountiful Catch es un alimento completo para gatos, elaborado con ingredientes de pescado de calidad como salm\u00f3n, arenque y trucha arco\u00edris. Rico en nutrientes naturales en proporciones de presa entera, ideal para la salud y desarrollo de tu gato.","og_url":"https:\/\/sadenir.com.uy\/acana\/shop\/gatos\/adultos\/acana-bountiful-catch\/","og_site_name":"Acana","article_modified_time":"2026-03-12T08:57:25+00:00","og_image":[{"width":800,"height":800,"url":"https:\/\/sadenir.com.uy\/acana\/wp-content\/uploads\/sites\/11\/2025\/01\/ABC01.png","type":"image\/png"}],"twitter_card":"summary_large_image","twitter_misc":{"Tiempo de lectura":"2 minutos"},"schema":{"@context":"https:\/\/schema.org","@graph":[{"@type":"WebPage","@id":"https:\/\/sadenir.com.uy\/acana\/shop\/gatos\/adultos\/acana-bountiful-catch\/","url":"https:\/\/sadenir.com.uy\/acana\/shop\/gatos\/adultos\/acana-bountiful-catch\/","name":"ACANA Bountiful Catch: Comida para gatos rica en Pescado","isPartOf":{"@id":"https:\/\/sadenir.com.uy\/acana\/#website"},"primaryImageOfPage":{"@id":"https:\/\/sadenir.com.uy\/acana\/shop\/gatos\/adultos\/acana-bountiful-catch\/#primaryimage"},"image":{"@id":"https:\/\/sadenir.com.uy\/acana\/shop\/gatos\/adultos\/acana-bountiful-catch\/#primaryimage"},"thumbnailUrl":"https:\/\/sadenir.com.uy\/acana\/wp-content\/uploads\/sites\/11\/2025\/01\/ABC01.png","datePublished":"2025-01-16T21:32:45+00:00","dateModified":"2026-03-12T08:57:25+00:00","description":"ACANA\u2122 Bountiful Catch es un alimento completo para gatos, elaborado con ingredientes de pescado de calidad como salm\u00f3n, arenque y trucha arco\u00edris. Rico en nutrientes naturales en proporciones de presa entera, ideal para la salud y desarrollo de tu gato.","breadcrumb":{"@id":"https:\/\/sadenir.com.uy\/acana\/shop\/gatos\/adultos\/acana-bountiful-catch\/#breadcrumb"},"inLanguage":"es-AR","potentialAction":[{"@type":"ReadAction","target":["https:\/\/sadenir.com.uy\/acana\/shop\/gatos\/adultos\/acana-bountiful-catch\/"]}]},{"@type":"ImageObject","inLanguage":"es-AR","@id":"https:\/\/sadenir.com.uy\/acana\/shop\/gatos\/adultos\/acana-bountiful-catch\/#primaryimage","url":"https:\/\/sadenir.com.uy\/acana\/wp-content\/uploads\/sites\/11\/2025\/01\/ABC01.png","contentUrl":"https:\/\/sadenir.com.uy\/acana\/wp-content\/uploads\/sites\/11\/2025\/01\/ABC01.png","width":800,"height":800},{"@type":"BreadcrumbList","@id":"https:\/\/sadenir.com.uy\/acana\/shop\/gatos\/adultos\/acana-bountiful-catch\/#breadcrumb","itemListElement":[{"@type":"ListItem","position":1,"name":"Inicio","item":"https:\/\/sadenir.com.uy\/acana\/"},{"@type":"ListItem","position":2,"name":"Productos","item":"https:\/\/sadenir.com.uy\/acana\/tienda\/"},{"@type":"ListItem","position":3,"name":"Acana Bountiful catch"}]},{"@type":"WebSite","@id":"https:\/\/sadenir.com.uy\/acana\/#website","url":"https:\/\/sadenir.com.uy\/acana\/","name":"Acana","description":"","potentialAction":[{"@type":"SearchAction","target":{"@type":"EntryPoint","urlTemplate":"https:\/\/sadenir.com.uy\/acana\/?s={search_term_string}"},"query-input":{"@type":"PropertyValueSpecification","valueRequired":true,"valueName":"search_term_string"}}],"inLanguage":"es-AR"}]}},"_links":{"self":[{"href":"https:\/\/sadenir.com.uy\/acana\/wp-json\/wp\/v2\/product\/6243","targetHints":{"allow":["GET"]}}],"collection":[{"href":"https:\/\/sadenir.com.uy\/acana\/wp-json\/wp\/v2\/product"}],"about":[{"href":"https:\/\/sadenir.com.uy\/acana\/wp-json\/wp\/v2\/types\/product"}],"replies":[{"embeddable":true,"href":"https:\/\/sadenir.com.uy\/acana\/wp-json\/wp\/v2\/comments?post=6243"}],"wp:featuredmedia":[{"embeddable":true,"href":"https:\/\/sadenir.com.uy\/acana\/wp-json\/wp\/v2\/media\/7999"}],"wp:attachment":[{"href":"https:\/\/sadenir.com.uy\/acana\/wp-json\/wp\/v2\/media?parent=6243"}],"wp:term":[{"taxonomy":"product_brand","embeddable":true,"href":"https:\/\/sadenir.com.uy\/acana\/wp-json\/wp\/v2\/product_brand?post=6243"},{"taxonomy":"product_cat","embeddable":true,"href":"https:\/\/sadenir.com.uy\/acana\/wp-json\/wp\/v2\/product_cat?post=6243"},{"taxonomy":"product_tag","embeddable":true,"href":"https:\/\/sadenir.com.uy\/acana\/wp-json\/wp\/v2\/product_tag?post=6243"}],"curies":[{"name":"wp","href":"https:\/\/api.w.org\/{rel}","templated":true}]}}