{"id":6247,"date":"2025-01-16T18:37:38","date_gmt":"2025-01-16T21:37:38","guid":{"rendered":"https:\/\/sadenir.com.uy\/acana\/?post_type=product&#038;p=6247"},"modified":"2026-04-20T12:48:05","modified_gmt":"2026-04-20T15:48:05","slug":"acana-indoor-entree","status":"publish","type":"product","link":"https:\/\/sadenir.com.uy\/acana\/shop\/gatos\/adultos\/acana-indoor-entree\/","title":{"rendered":"Acana Indoor Entr\u00e9e"},"content":{"rendered":"<h2>Composici\u00f3n<\/h2>\n<p><a href=\"https:\/\/sadenir.com.uy\/acana\/wp-content\/uploads\/sites\/11\/2025\/01\/Screenshot-2025-02-18-181215.png\"><img fetchpriority=\"high\" decoding=\"async\" class=\"wp-image-8010 size-full alignright\" src=\"https:\/\/sadenir.com.uy\/acana\/wp-content\/uploads\/sites\/11\/2025\/01\/Screenshot-2025-02-18-181215.png\" alt=\"\" width=\"392\" height=\"580\" srcset=\"https:\/\/sadenir.com.uy\/acana\/wp-content\/uploads\/sites\/11\/2025\/01\/Screenshot-2025-02-18-181215.png 392w, https:\/\/sadenir.com.uy\/acana\/wp-content\/uploads\/sites\/11\/2025\/01\/Screenshot-2025-02-18-181215-203x300.png 203w\" sizes=\"(max-width: 392px) 100vw, 392px\" \/><\/a>Carne de pollo fresca, carne de pollo deshidratada, arenque deshidratado, avena integral, guisantes enteros, grasa de pollo, hierba Miscanthus molida, lentejas verdes enteras, carne de pavo fresca, arenque entero crudo, garbanzos enteros, lentejas rojas enteras, fibra de lentejas, conejo entero crudo, menudillos de pollo frescos (h\u00edgado, coraz\u00f3n), menudillos de pavo frescos (h\u00edgado, coraz\u00f3n), cart\u00edlago de pollo, alga kelp deshidratada, calabaza butternut entera fresca, calabaza entera fresca, ar\u00e1ndanos rojos enteros frescos, ar\u00e1ndanos azules enteros frescos. ADITIVOS (por kg) Aditivos tecnol\u00f3gicos: Con antioxidantes naturales. Aditivos nutricionales: Cloruro de colina, taurina, zinc (quelato de zinc de amino\u00e1cidos hidratado), vitamina B1, vitamina B2, niacina, vitamina B5, vitamina B6, \u00e1cido f\u00f3lico, biotina, vitamina B12, vitamina A, vitamina D, vitamina E, cobre (quelato de cobre (II) de amino\u00e1cidos hidratado), L-carnitina, DL-metionina. Aditivos zoot\u00e9cnicos: Enterococcus faecium NCIMB10415: 600&#215;10^6 CFU.<\/p>\n<p>ENERG\u00cdA METABOLIZABLE (calculada) : 3630\u00a0kcal\/kg (414\u00a0kcal por cada 250ml\/taza de 114\u00a0g), con calor\u00edas distribuidas para mantener unas condiciones \u00f3ptimas; un 38% de prote\u00ednas, un 22% de hidratos de carbono y un 40% de grasas.<\/p>\n<p>ACANA Indoor Entr\u00e9e est\u00e1 formulada para cumplir con los niveles nutricionales establecidos por FEDIAF para la alimentaci\u00f3n y mantenimiento de gatos adultos.<\/p>\n<p><span style=\"color: #ffffff;\">La carne siempre es nuestro principal ingrediente. La receta de Indoor Entr\u00e9e de ACANA\u2122 est\u00e1 repleta de pollo y pavo, todo en porciones de presa entera de carne, \u00f3rganos, huesos que alimentan a tu gato de forma completa y le aportan nutrientes de forma natural. Con un sabor delicioso, ACANA\u2122 Indoor Entr\u00e9e tiene los nutrientes que tu gato de interior necesita, con un sabor que le encantar\u00e1.<\/span><\/p>\n","protected":false},"excerpt":{"rendered":"<p data-start=\"4691\" data-end=\"5208\">Nuestros alimentos ACANA\u00ae van m\u00e1s all\u00e1 del primer ingrediente\u2122, nuestras recetas est\u00e1n especialmente dise\u00f1adas de principio a fin. Alimenta a tu gato una dieta repleta de ingredientes de animales de gran calidad. ACANA Indoor Entr\u00e9e contiene un 65%* de ingredientes de origen animal de gran calidad como pollo\u2020 y pavo\u2020 criados en libertad, arenque entero y conejo, los cuales se entregan frescos y crudos** en su forma m\u00e1s nutritiva. Nunca se agrega ning\u00fan color, sabor o preservante artificial en nuestras cocinas.<\/p>\n<p data-start=\"5210\" data-end=\"5718\">Nuestros ingredientes de gran calidad los obtenemos de un selecto grupo de granjeros, ganaderos y pescadores, a quienes conocemos y tenemos confianza desde hace d\u00e9cadas. Todos los ingredientes que usamos en nuestras recetas los preparamos cumpliendo con nuestro insuperable compromiso con la seguridad y calidad en nuestra galardonada cocina en Kentucky, gracias a ello el resultado es un alimento para gato rico en prote\u00edna, nutritivo y delicioso que le ayudar\u00e1 a tu gato vivir una vida feliz y saludable.<\/p>\n<p data-start=\"4120\" data-end=\"4154\"><strong data-start=\"4120\" data-end=\"4152\">CARACTER\u00cdSTICAS Y BENEFICIOS<\/strong><\/p>\n<ol data-start=\"4155\" data-end=\"4689\">\n<li data-start=\"4155\" data-end=\"4260\">La prote\u00edna de gran calidad del pollo y el pavo criados en libertad ayuda a fortalecer los m\u00fasculos.<\/li>\n<li data-start=\"4261\" data-end=\"4392\">Las calor\u00edas cuidadosamente equilibradas de prote\u00ednas y grasas, m\u00e1s L-carnitina, ayudan a mantener un peso corporal saludable.<\/li>\n<li data-start=\"4393\" data-end=\"4493\">\u00c1cidos grasos Omega-3 y Omega-6 equilibrados para mantener una piel sana y un pelaje brillante.<\/li>\n<li data-start=\"4494\" data-end=\"4631\">Los ingredientes de animales de presa peque\u00f1os y las inclusiones de h\u00edgado ofrecen un sabor agradable que a los gatos les encantar\u00e1.<\/li>\n<li data-start=\"4632\" data-end=\"4689\">Hecho en USA con los mejores ingredientes del mundo<\/li>\n<\/ol>\n<p>340 g \/ 1,8 kg \/ 4,5 kg<\/p>\n","protected":false},"featured_media":8000,"comment_status":"open","ping_status":"closed","template":"","meta":{"pgc_sgb_lightbox_settings":""},"product_brand":[],"product_cat":[46,47,44],"product_tag":[],"class_list":{"0":"post-6247","1":"product","2":"type-product","3":"status-publish","4":"has-post-thumbnail","6":"product_cat-adultos","7":"product_cat-adultos-de-interior","8":"product_cat-gatos","10":"first","11":"instock","12":"shipping-taxable","13":"product-type-simple"},"yoast_head":"<!-- This site is optimized with the Yoast SEO plugin v26.1.1 - https:\/\/yoast.com\/wordpress\/plugins\/seo\/ -->\n<title>ACANA Indoor Entr\u00e9e: Comida Nutritiva para Gatos de Interior<\/title>\n<meta name=\"description\" content=\"ACANA\u2122 Indoor Entr\u00e9e es un alimento completo para gatos de interior, elaborado con pollo y pavo en proporciones de presa entera que incluyen carne, \u00f3rganos y huesos. Proporciona nutrientes esenciales de forma natural y un sabor irresistible.\" \/>\n<meta name=\"robots\" content=\"index, follow, max-snippet:-1, max-image-preview:large, max-video-preview:-1\" \/>\n<link rel=\"canonical\" href=\"https:\/\/sadenir.com.uy\/acana\/shop\/gatos\/adultos\/acana-indoor-entree\/\" \/>\n<meta property=\"og:locale\" content=\"es_ES\" \/>\n<meta property=\"og:type\" content=\"article\" \/>\n<meta property=\"og:title\" content=\"ACANA Indoor Entr\u00e9e: Comida Nutritiva para Gatos de Interior\" \/>\n<meta property=\"og:description\" content=\"ACANA\u2122 Indoor Entr\u00e9e es un alimento completo para gatos de interior, elaborado con pollo y pavo en proporciones de presa entera que incluyen carne, \u00f3rganos y huesos. Proporciona nutrientes esenciales de forma natural y un sabor irresistible.\" \/>\n<meta property=\"og:url\" content=\"https:\/\/sadenir.com.uy\/acana\/shop\/gatos\/adultos\/acana-indoor-entree\/\" \/>\n<meta property=\"og:site_name\" content=\"Acana\" \/>\n<meta property=\"article:modified_time\" content=\"2026-04-20T15:48:05+00:00\" \/>\n<meta property=\"og:image\" content=\"https:\/\/sadenir.com.uy\/acana\/wp-content\/uploads\/sites\/11\/2025\/01\/shopping_d1e800c5-6912-4af3-9949-5e9a13bdf348_532x532.jpg\" \/>\n\t<meta property=\"og:image:width\" content=\"532\" \/>\n\t<meta property=\"og:image:height\" content=\"532\" \/>\n\t<meta property=\"og:image:type\" content=\"image\/jpeg\" \/>\n<meta name=\"twitter:card\" content=\"summary_large_image\" \/>\n<meta name=\"twitter:label1\" content=\"Tiempo de lectura\" \/>\n\t<meta name=\"twitter:data1\" content=\"2 minutos\" \/>\n<script type=\"application\/ld+json\" class=\"yoast-schema-graph\">{\"@context\":\"https:\/\/schema.org\",\"@graph\":[{\"@type\":\"WebPage\",\"@id\":\"https:\/\/sadenir.com.uy\/acana\/shop\/gatos\/adultos\/acana-indoor-entree\/\",\"url\":\"https:\/\/sadenir.com.uy\/acana\/shop\/gatos\/adultos\/acana-indoor-entree\/\",\"name\":\"ACANA Indoor Entr\u00e9e: Comida Nutritiva para Gatos de Interior\",\"isPartOf\":{\"@id\":\"https:\/\/sadenir.com.uy\/acana\/#website\"},\"primaryImageOfPage\":{\"@id\":\"https:\/\/sadenir.com.uy\/acana\/shop\/gatos\/adultos\/acana-indoor-entree\/#primaryimage\"},\"image\":{\"@id\":\"https:\/\/sadenir.com.uy\/acana\/shop\/gatos\/adultos\/acana-indoor-entree\/#primaryimage\"},\"thumbnailUrl\":\"https:\/\/sadenir.com.uy\/acana\/wp-content\/uploads\/sites\/11\/2025\/01\/shopping_d1e800c5-6912-4af3-9949-5e9a13bdf348_532x532.jpg\",\"datePublished\":\"2025-01-16T21:37:38+00:00\",\"dateModified\":\"2026-04-20T15:48:05+00:00\",\"description\":\"ACANA\u2122 Indoor Entr\u00e9e es un alimento completo para gatos de interior, elaborado con pollo y pavo en proporciones de presa entera que incluyen carne, \u00f3rganos y huesos. Proporciona nutrientes esenciales de forma natural y un sabor irresistible.\",\"breadcrumb\":{\"@id\":\"https:\/\/sadenir.com.uy\/acana\/shop\/gatos\/adultos\/acana-indoor-entree\/#breadcrumb\"},\"inLanguage\":\"es-AR\",\"potentialAction\":[{\"@type\":\"ReadAction\",\"target\":[\"https:\/\/sadenir.com.uy\/acana\/shop\/gatos\/adultos\/acana-indoor-entree\/\"]}]},{\"@type\":\"ImageObject\",\"inLanguage\":\"es-AR\",\"@id\":\"https:\/\/sadenir.com.uy\/acana\/shop\/gatos\/adultos\/acana-indoor-entree\/#primaryimage\",\"url\":\"https:\/\/sadenir.com.uy\/acana\/wp-content\/uploads\/sites\/11\/2025\/01\/shopping_d1e800c5-6912-4af3-9949-5e9a13bdf348_532x532.jpg\",\"contentUrl\":\"https:\/\/sadenir.com.uy\/acana\/wp-content\/uploads\/sites\/11\/2025\/01\/shopping_d1e800c5-6912-4af3-9949-5e9a13bdf348_532x532.jpg\",\"width\":532,\"height\":532},{\"@type\":\"BreadcrumbList\",\"@id\":\"https:\/\/sadenir.com.uy\/acana\/shop\/gatos\/adultos\/acana-indoor-entree\/#breadcrumb\",\"itemListElement\":[{\"@type\":\"ListItem\",\"position\":1,\"name\":\"Inicio\",\"item\":\"https:\/\/sadenir.com.uy\/acana\/\"},{\"@type\":\"ListItem\",\"position\":2,\"name\":\"Productos\",\"item\":\"https:\/\/sadenir.com.uy\/acana\/tienda\/\"},{\"@type\":\"ListItem\",\"position\":3,\"name\":\"Acana Indoor Entr\u00e9e\"}]},{\"@type\":\"WebSite\",\"@id\":\"https:\/\/sadenir.com.uy\/acana\/#website\",\"url\":\"https:\/\/sadenir.com.uy\/acana\/\",\"name\":\"Acana\",\"description\":\"\",\"potentialAction\":[{\"@type\":\"SearchAction\",\"target\":{\"@type\":\"EntryPoint\",\"urlTemplate\":\"https:\/\/sadenir.com.uy\/acana\/?s={search_term_string}\"},\"query-input\":{\"@type\":\"PropertyValueSpecification\",\"valueRequired\":true,\"valueName\":\"search_term_string\"}}],\"inLanguage\":\"es-AR\"}]}<\/script>\n<!-- \/ Yoast SEO plugin. -->","yoast_head_json":{"title":"ACANA Indoor Entr\u00e9e: Comida Nutritiva para Gatos de Interior","description":"ACANA\u2122 Indoor Entr\u00e9e es un alimento completo para gatos de interior, elaborado con pollo y pavo en proporciones de presa entera que incluyen carne, \u00f3rganos y huesos. Proporciona nutrientes esenciales de forma natural y un sabor irresistible.","robots":{"index":"index","follow":"follow","max-snippet":"max-snippet:-1","max-image-preview":"max-image-preview:large","max-video-preview":"max-video-preview:-1"},"canonical":"https:\/\/sadenir.com.uy\/acana\/shop\/gatos\/adultos\/acana-indoor-entree\/","og_locale":"es_ES","og_type":"article","og_title":"ACANA Indoor Entr\u00e9e: Comida Nutritiva para Gatos de Interior","og_description":"ACANA\u2122 Indoor Entr\u00e9e es un alimento completo para gatos de interior, elaborado con pollo y pavo en proporciones de presa entera que incluyen carne, \u00f3rganos y huesos. Proporciona nutrientes esenciales de forma natural y un sabor irresistible.","og_url":"https:\/\/sadenir.com.uy\/acana\/shop\/gatos\/adultos\/acana-indoor-entree\/","og_site_name":"Acana","article_modified_time":"2026-04-20T15:48:05+00:00","og_image":[{"width":532,"height":532,"url":"https:\/\/sadenir.com.uy\/acana\/wp-content\/uploads\/sites\/11\/2025\/01\/shopping_d1e800c5-6912-4af3-9949-5e9a13bdf348_532x532.jpg","type":"image\/jpeg"}],"twitter_card":"summary_large_image","twitter_misc":{"Tiempo de lectura":"2 minutos"},"schema":{"@context":"https:\/\/schema.org","@graph":[{"@type":"WebPage","@id":"https:\/\/sadenir.com.uy\/acana\/shop\/gatos\/adultos\/acana-indoor-entree\/","url":"https:\/\/sadenir.com.uy\/acana\/shop\/gatos\/adultos\/acana-indoor-entree\/","name":"ACANA Indoor Entr\u00e9e: Comida Nutritiva para Gatos de Interior","isPartOf":{"@id":"https:\/\/sadenir.com.uy\/acana\/#website"},"primaryImageOfPage":{"@id":"https:\/\/sadenir.com.uy\/acana\/shop\/gatos\/adultos\/acana-indoor-entree\/#primaryimage"},"image":{"@id":"https:\/\/sadenir.com.uy\/acana\/shop\/gatos\/adultos\/acana-indoor-entree\/#primaryimage"},"thumbnailUrl":"https:\/\/sadenir.com.uy\/acana\/wp-content\/uploads\/sites\/11\/2025\/01\/shopping_d1e800c5-6912-4af3-9949-5e9a13bdf348_532x532.jpg","datePublished":"2025-01-16T21:37:38+00:00","dateModified":"2026-04-20T15:48:05+00:00","description":"ACANA\u2122 Indoor Entr\u00e9e es un alimento completo para gatos de interior, elaborado con pollo y pavo en proporciones de presa entera que incluyen carne, \u00f3rganos y huesos. Proporciona nutrientes esenciales de forma natural y un sabor irresistible.","breadcrumb":{"@id":"https:\/\/sadenir.com.uy\/acana\/shop\/gatos\/adultos\/acana-indoor-entree\/#breadcrumb"},"inLanguage":"es-AR","potentialAction":[{"@type":"ReadAction","target":["https:\/\/sadenir.com.uy\/acana\/shop\/gatos\/adultos\/acana-indoor-entree\/"]}]},{"@type":"ImageObject","inLanguage":"es-AR","@id":"https:\/\/sadenir.com.uy\/acana\/shop\/gatos\/adultos\/acana-indoor-entree\/#primaryimage","url":"https:\/\/sadenir.com.uy\/acana\/wp-content\/uploads\/sites\/11\/2025\/01\/shopping_d1e800c5-6912-4af3-9949-5e9a13bdf348_532x532.jpg","contentUrl":"https:\/\/sadenir.com.uy\/acana\/wp-content\/uploads\/sites\/11\/2025\/01\/shopping_d1e800c5-6912-4af3-9949-5e9a13bdf348_532x532.jpg","width":532,"height":532},{"@type":"BreadcrumbList","@id":"https:\/\/sadenir.com.uy\/acana\/shop\/gatos\/adultos\/acana-indoor-entree\/#breadcrumb","itemListElement":[{"@type":"ListItem","position":1,"name":"Inicio","item":"https:\/\/sadenir.com.uy\/acana\/"},{"@type":"ListItem","position":2,"name":"Productos","item":"https:\/\/sadenir.com.uy\/acana\/tienda\/"},{"@type":"ListItem","position":3,"name":"Acana Indoor Entr\u00e9e"}]},{"@type":"WebSite","@id":"https:\/\/sadenir.com.uy\/acana\/#website","url":"https:\/\/sadenir.com.uy\/acana\/","name":"Acana","description":"","potentialAction":[{"@type":"SearchAction","target":{"@type":"EntryPoint","urlTemplate":"https:\/\/sadenir.com.uy\/acana\/?s={search_term_string}"},"query-input":{"@type":"PropertyValueSpecification","valueRequired":true,"valueName":"search_term_string"}}],"inLanguage":"es-AR"}]}},"_links":{"self":[{"href":"https:\/\/sadenir.com.uy\/acana\/wp-json\/wp\/v2\/product\/6247","targetHints":{"allow":["GET"]}}],"collection":[{"href":"https:\/\/sadenir.com.uy\/acana\/wp-json\/wp\/v2\/product"}],"about":[{"href":"https:\/\/sadenir.com.uy\/acana\/wp-json\/wp\/v2\/types\/product"}],"replies":[{"embeddable":true,"href":"https:\/\/sadenir.com.uy\/acana\/wp-json\/wp\/v2\/comments?post=6247"}],"wp:featuredmedia":[{"embeddable":true,"href":"https:\/\/sadenir.com.uy\/acana\/wp-json\/wp\/v2\/media\/8000"}],"wp:attachment":[{"href":"https:\/\/sadenir.com.uy\/acana\/wp-json\/wp\/v2\/media?parent=6247"}],"wp:term":[{"taxonomy":"product_brand","embeddable":true,"href":"https:\/\/sadenir.com.uy\/acana\/wp-json\/wp\/v2\/product_brand?post=6247"},{"taxonomy":"product_cat","embeddable":true,"href":"https:\/\/sadenir.com.uy\/acana\/wp-json\/wp\/v2\/product_cat?post=6247"},{"taxonomy":"product_tag","embeddable":true,"href":"https:\/\/sadenir.com.uy\/acana\/wp-json\/wp\/v2\/product_tag?post=6247"}],"curies":[{"name":"wp","href":"https:\/\/api.w.org\/{rel}","templated":true}]}}