{"id":6262,"date":"2025-01-22T20:56:11","date_gmt":"2025-01-22T23:56:11","guid":{"rendered":"https:\/\/sadenir.com.uy\/acana\/?post_type=product&#038;p=6262"},"modified":"2026-01-22T02:46:10","modified_gmt":"2026-01-22T05:46:10","slug":"acana-freshwater-fish-blend","status":"publish","type":"product","link":"https:\/\/sadenir.com.uy\/acana\/shop\/perros\/acana-freshwater-fish-blend\/","title":{"rendered":"Acana Freshwater Fish Blend"},"content":{"rendered":"<h2>Composici\u00f3n<\/h2>\n<p data-start=\"23\" data-end=\"972\"><a href=\"https:\/\/sadenir.com.uy\/acana\/wp-content\/uploads\/sites\/11\/2025\/01\/Screenshot-2025-02-18-183749.png\"><img fetchpriority=\"high\" decoding=\"async\" class=\"wp-image-8017 size-full alignright\" src=\"https:\/\/sadenir.com.uy\/acana\/wp-content\/uploads\/sites\/11\/2025\/01\/Screenshot-2025-02-18-183749.png\" alt=\"\" width=\"341\" height=\"658\" srcset=\"https:\/\/sadenir.com.uy\/acana\/wp-content\/uploads\/sites\/11\/2025\/01\/Screenshot-2025-02-18-183749.png 341w, https:\/\/sadenir.com.uy\/acana\/wp-content\/uploads\/sites\/11\/2025\/01\/Screenshot-2025-02-18-183749-155x300.png 155w\" sizes=\"(max-width: 341px) 100vw, 341px\" \/><\/a>Trucha arco\u00edris, bagre, bagre deshidratado, lentejas rojas enteras, frijoles pintos enteros, guisantes verdes enteros, aceite de bagre, lentejas verdes enteras, garbanzos enteros, guisantes amarillos enteros, tambor de agua dulce entero, abadejo deshidratado, caballa deshidratada, aceite de pescado, fibra de lenteja, sabor natural de pescado, almid\u00f3n de guisante, sal, suplemento de vitamina E, algas marinas secas, calabaza entera, col rizada, manzanas enteras, peras enteras, tocoferoles mezclados (conservante), proteinato de zinc, pantotenato de calcio, riboflavina, \u00e1cido f\u00f3lico, bacalao liofilizado, proteinato de cobre, ra\u00edz de achicoria seca, c\u00farcuma, ra\u00edz de zarzaparrilla, ra\u00edz de altea, escaramujo, bayas de enebro, \u00e1cido c\u00edtrico (conservante), extracto de romero, producto de fermentaci\u00f3n seca de <em data-start=\"825\" data-end=\"852\">Lactobacillus acidophilus<\/em>, producto de fermentaci\u00f3n seca de <em data-start=\"887\" data-end=\"913\">Bifidobacterium animalis<\/em>, producto de fermentaci\u00f3n seca de <em data-start=\"948\" data-end=\"969\">Lactobacillus casei<\/em>.<\/p>\n<h2 data-start=\"974\" data-end=\"1014\"><strong data-start=\"978\" data-end=\"1012\">Contenido cal\u00f3rico (calculado)<\/strong><\/h2>\n<p data-start=\"1015\" data-end=\"1115\">La <strong data-start=\"1018\" data-end=\"1043\">Energ\u00eda Metabolizable<\/strong> es de <strong data-start=\"1050\" data-end=\"1066\">3475 kcal\/kg<\/strong> (<strong data-start=\"1068\" data-end=\"1106\">396 kcal por taza est\u00e1ndar de 8 oz<\/strong>), con:<\/p>\n<ul data-start=\"1116\" data-end=\"1194\">\n<li data-start=\"1116\" data-end=\"1141\"><strong data-start=\"1118\" data-end=\"1126\">29 %<\/strong> de prote\u00ednas<\/li>\n<li data-start=\"1142\" data-end=\"1171\"><strong data-start=\"1144\" data-end=\"1152\">29 %<\/strong> de carbohidratos<\/li>\n<li data-start=\"1172\" data-end=\"1194\"><strong data-start=\"1174\" data-end=\"1182\">42 %<\/strong> de grasas<\/li>\n<\/ul>\n<p data-start=\"1196\" data-end=\"1513\">El alimento para perros <strong data-start=\"1220\" data-end=\"1252\">ACANA\u2122 Freshwater Fish Blend<\/strong> est\u00e1 formulado para cumplir con los niveles nutricionales establecidos por los <strong data-start=\"1332\" data-end=\"1395\">Perfiles de Nutrientes de Alimentos para Perros de la AAFCO<\/strong> para todas las etapas de la vida, incluyendo el crecimiento de perros de razas grandes (70 lb o m\u00e1s en la adultez).<\/p>\n<p data-start=\"1196\" data-end=\"1513\">\n","protected":false},"excerpt":{"rendered":"<p data-start=\"44\" data-end=\"704\">Lleva a casa la nutrici\u00f3n de calidad que tu perro necesita para prosperar con <strong data-start=\"122\" data-end=\"154\">ACANA\u2122 Freshwater Fish Blend<\/strong>. La trucha arco\u00edris cruda, el bagre y el tambor de agua dulce, ricos en prote\u00ednas, se equilibran con calabaza entera, col rizada, manzanas y peras para ofrecer una opci\u00f3n deliciosa y nutritiva para tu perro. Este alimento para perros de <strong data-start=\"392\" data-end=\"401\">ACANA<\/strong> contiene <strong data-start=\"411\" data-end=\"419\">60 %<\/strong> de ingredientes de origen animal y <strong data-start=\"455\" data-end=\"463\">40 %<\/strong> de frutas y vegetales. No se agregan conservantes, sabores ni colorantes artificiales en nuestra cocina, y no utilizamos ingredientes de bajo costo como soya, ma\u00edz, tapioca o trigo, asegurando que tu compa\u00f1ero peludo reciba solo lo mejor.<\/p>\n<p data-start=\"706\" data-end=\"1116\">Adem\u00e1s, este alimento seco para perros ayuda a mantener la salud digestiva gracias a su contenido de fibra, adem\u00e1s de una mezcla de prebi\u00f3ticos y probi\u00f3ticos. Tambi\u00e9n contiene ingredientes ricos en antioxidantes y vitamina E a\u00f1adida, que contribuyen al fortalecimiento del sistema inmunol\u00f3gico. <strong data-start=\"1001\" data-end=\"1114\">Elige ACANA para brindarle a tu perro la base nutricional que necesita para vivir una vida feliz y saludable.<\/strong><\/p>\n<h3 data-start=\"1118\" data-end=\"1145\"><strong data-start=\"1122\" data-end=\"1143\">Beneficios:<\/strong><\/h3>\n<ol>\n<li data-start=\"1146\" data-end=\"1662\">Los dos primeros ingredientes de esta receta de alimento seco para perros son trucha y bagre crudos.<\/li>\n<li data-start=\"1146\" data-end=\"1662\">Equilibrado con vegetales y frutas ricos en fibra, como calabaza entera, manzanas y peras.<\/li>\n<li data-start=\"1146\" data-end=\"1662\">Sin granos y sin ingredientes de bajo costo como soya, ma\u00edz, trigo o tapioca.<\/li>\n<li data-start=\"1146\" data-end=\"1662\">Variedad y sabor: Comb\u00ednalo con alimento h\u00famedo ACANA y alimento liofilizado para una comida deliciosa y nutritiva.<\/li>\n<li data-start=\"1146\" data-end=\"1662\">Fabricado en EE.UU. con ingredientes de calidad provenientes de todo el mundo<\/li>\n<\/ol>\n","protected":false},"featured_media":6263,"comment_status":"open","ping_status":"closed","template":"","meta":{"pgc_sgb_lightbox_settings":""},"product_brand":[],"product_cat":[48],"product_tag":[],"class_list":{"0":"post-6262","1":"product","2":"type-product","3":"status-publish","4":"has-post-thumbnail","6":"product_cat-perros","8":"first","9":"instock","10":"shipping-taxable","11":"product-type-simple"},"yoast_head":"<!-- This site is optimized with the Yoast SEO plugin v26.1.1 - https:\/\/yoast.com\/wordpress\/plugins\/seo\/ -->\n<title>Acana Freshwater Fish Blend - Acana<\/title>\n<meta name=\"description\" content=\"ACANA\u2122 Freshwater Fish Blend es una mezcla nutritiva para perros, rica en trucha, bagre y corvina de agua dulce, equilibrada con frutas y verduras frescas. Sin cereales ni ingredientes de bajo costo, brinda digesti\u00f3n saludable y soporte inmunol\u00f3gico.\" \/>\n<meta name=\"robots\" content=\"index, follow, max-snippet:-1, max-image-preview:large, max-video-preview:-1\" \/>\n<link rel=\"canonical\" href=\"https:\/\/sadenir.com.uy\/acana\/shop\/perros\/acana-freshwater-fish-blend\/\" \/>\n<meta property=\"og:locale\" content=\"es_ES\" \/>\n<meta property=\"og:type\" content=\"article\" \/>\n<meta property=\"og:title\" content=\"Acana Freshwater Fish Blend - Acana\" \/>\n<meta property=\"og:description\" content=\"ACANA\u2122 Freshwater Fish Blend es una mezcla nutritiva para perros, rica en trucha, bagre y corvina de agua dulce, equilibrada con frutas y verduras frescas. Sin cereales ni ingredientes de bajo costo, brinda digesti\u00f3n saludable y soporte inmunol\u00f3gico.\" \/>\n<meta property=\"og:url\" content=\"https:\/\/sadenir.com.uy\/acana\/shop\/perros\/acana-freshwater-fish-blend\/\" \/>\n<meta property=\"og:site_name\" content=\"Acana\" \/>\n<meta property=\"article:modified_time\" content=\"2026-01-22T05:46:10+00:00\" \/>\n<meta property=\"og:image\" content=\"https:\/\/sadenir.com.uy\/acana\/wp-content\/uploads\/sites\/11\/2025\/01\/ACANA-Dog-Fresh-Water-Fish-Recipe-Front-13lb-USA.jpg\" \/>\n\t<meta property=\"og:image:width\" content=\"450\" \/>\n\t<meta property=\"og:image:height\" content=\"450\" \/>\n\t<meta property=\"og:image:type\" content=\"image\/jpeg\" \/>\n<meta name=\"twitter:card\" content=\"summary_large_image\" \/>\n<meta name=\"twitter:label1\" content=\"Tiempo de lectura\" \/>\n\t<meta name=\"twitter:data1\" content=\"2 minutos\" \/>\n<script type=\"application\/ld+json\" class=\"yoast-schema-graph\">{\"@context\":\"https:\/\/schema.org\",\"@graph\":[{\"@type\":\"WebPage\",\"@id\":\"https:\/\/sadenir.com.uy\/acana\/shop\/perros\/acana-freshwater-fish-blend\/\",\"url\":\"https:\/\/sadenir.com.uy\/acana\/shop\/perros\/acana-freshwater-fish-blend\/\",\"name\":\"Acana Freshwater Fish Blend - Acana\",\"isPartOf\":{\"@id\":\"https:\/\/sadenir.com.uy\/acana\/#website\"},\"primaryImageOfPage\":{\"@id\":\"https:\/\/sadenir.com.uy\/acana\/shop\/perros\/acana-freshwater-fish-blend\/#primaryimage\"},\"image\":{\"@id\":\"https:\/\/sadenir.com.uy\/acana\/shop\/perros\/acana-freshwater-fish-blend\/#primaryimage\"},\"thumbnailUrl\":\"https:\/\/sadenir.com.uy\/acana\/wp-content\/uploads\/sites\/11\/2025\/01\/ACANA-Dog-Fresh-Water-Fish-Recipe-Front-13lb-USA.jpg\",\"datePublished\":\"2025-01-22T23:56:11+00:00\",\"dateModified\":\"2026-01-22T05:46:10+00:00\",\"description\":\"ACANA\u2122 Freshwater Fish Blend es una mezcla nutritiva para perros, rica en trucha, bagre y corvina de agua dulce, equilibrada con frutas y verduras frescas. Sin cereales ni ingredientes de bajo costo, brinda digesti\u00f3n saludable y soporte inmunol\u00f3gico.\",\"breadcrumb\":{\"@id\":\"https:\/\/sadenir.com.uy\/acana\/shop\/perros\/acana-freshwater-fish-blend\/#breadcrumb\"},\"inLanguage\":\"es-AR\",\"potentialAction\":[{\"@type\":\"ReadAction\",\"target\":[\"https:\/\/sadenir.com.uy\/acana\/shop\/perros\/acana-freshwater-fish-blend\/\"]}]},{\"@type\":\"ImageObject\",\"inLanguage\":\"es-AR\",\"@id\":\"https:\/\/sadenir.com.uy\/acana\/shop\/perros\/acana-freshwater-fish-blend\/#primaryimage\",\"url\":\"https:\/\/sadenir.com.uy\/acana\/wp-content\/uploads\/sites\/11\/2025\/01\/ACANA-Dog-Fresh-Water-Fish-Recipe-Front-13lb-USA.jpg\",\"contentUrl\":\"https:\/\/sadenir.com.uy\/acana\/wp-content\/uploads\/sites\/11\/2025\/01\/ACANA-Dog-Fresh-Water-Fish-Recipe-Front-13lb-USA.jpg\",\"width\":450,\"height\":450},{\"@type\":\"BreadcrumbList\",\"@id\":\"https:\/\/sadenir.com.uy\/acana\/shop\/perros\/acana-freshwater-fish-blend\/#breadcrumb\",\"itemListElement\":[{\"@type\":\"ListItem\",\"position\":1,\"name\":\"Inicio\",\"item\":\"https:\/\/sadenir.com.uy\/acana\/\"},{\"@type\":\"ListItem\",\"position\":2,\"name\":\"Productos\",\"item\":\"https:\/\/sadenir.com.uy\/acana\/tienda\/\"},{\"@type\":\"ListItem\",\"position\":3,\"name\":\"Acana Freshwater Fish Blend\"}]},{\"@type\":\"WebSite\",\"@id\":\"https:\/\/sadenir.com.uy\/acana\/#website\",\"url\":\"https:\/\/sadenir.com.uy\/acana\/\",\"name\":\"Acana\",\"description\":\"\",\"potentialAction\":[{\"@type\":\"SearchAction\",\"target\":{\"@type\":\"EntryPoint\",\"urlTemplate\":\"https:\/\/sadenir.com.uy\/acana\/?s={search_term_string}\"},\"query-input\":{\"@type\":\"PropertyValueSpecification\",\"valueRequired\":true,\"valueName\":\"search_term_string\"}}],\"inLanguage\":\"es-AR\"}]}<\/script>\n<!-- \/ Yoast SEO plugin. -->","yoast_head_json":{"title":"Acana Freshwater Fish Blend - Acana","description":"ACANA\u2122 Freshwater Fish Blend es una mezcla nutritiva para perros, rica en trucha, bagre y corvina de agua dulce, equilibrada con frutas y verduras frescas. Sin cereales ni ingredientes de bajo costo, brinda digesti\u00f3n saludable y soporte inmunol\u00f3gico.","robots":{"index":"index","follow":"follow","max-snippet":"max-snippet:-1","max-image-preview":"max-image-preview:large","max-video-preview":"max-video-preview:-1"},"canonical":"https:\/\/sadenir.com.uy\/acana\/shop\/perros\/acana-freshwater-fish-blend\/","og_locale":"es_ES","og_type":"article","og_title":"Acana Freshwater Fish Blend - Acana","og_description":"ACANA\u2122 Freshwater Fish Blend es una mezcla nutritiva para perros, rica en trucha, bagre y corvina de agua dulce, equilibrada con frutas y verduras frescas. Sin cereales ni ingredientes de bajo costo, brinda digesti\u00f3n saludable y soporte inmunol\u00f3gico.","og_url":"https:\/\/sadenir.com.uy\/acana\/shop\/perros\/acana-freshwater-fish-blend\/","og_site_name":"Acana","article_modified_time":"2026-01-22T05:46:10+00:00","og_image":[{"width":450,"height":450,"url":"https:\/\/sadenir.com.uy\/acana\/wp-content\/uploads\/sites\/11\/2025\/01\/ACANA-Dog-Fresh-Water-Fish-Recipe-Front-13lb-USA.jpg","type":"image\/jpeg"}],"twitter_card":"summary_large_image","twitter_misc":{"Tiempo de lectura":"2 minutos"},"schema":{"@context":"https:\/\/schema.org","@graph":[{"@type":"WebPage","@id":"https:\/\/sadenir.com.uy\/acana\/shop\/perros\/acana-freshwater-fish-blend\/","url":"https:\/\/sadenir.com.uy\/acana\/shop\/perros\/acana-freshwater-fish-blend\/","name":"Acana Freshwater Fish Blend - Acana","isPartOf":{"@id":"https:\/\/sadenir.com.uy\/acana\/#website"},"primaryImageOfPage":{"@id":"https:\/\/sadenir.com.uy\/acana\/shop\/perros\/acana-freshwater-fish-blend\/#primaryimage"},"image":{"@id":"https:\/\/sadenir.com.uy\/acana\/shop\/perros\/acana-freshwater-fish-blend\/#primaryimage"},"thumbnailUrl":"https:\/\/sadenir.com.uy\/acana\/wp-content\/uploads\/sites\/11\/2025\/01\/ACANA-Dog-Fresh-Water-Fish-Recipe-Front-13lb-USA.jpg","datePublished":"2025-01-22T23:56:11+00:00","dateModified":"2026-01-22T05:46:10+00:00","description":"ACANA\u2122 Freshwater Fish Blend es una mezcla nutritiva para perros, rica en trucha, bagre y corvina de agua dulce, equilibrada con frutas y verduras frescas. Sin cereales ni ingredientes de bajo costo, brinda digesti\u00f3n saludable y soporte inmunol\u00f3gico.","breadcrumb":{"@id":"https:\/\/sadenir.com.uy\/acana\/shop\/perros\/acana-freshwater-fish-blend\/#breadcrumb"},"inLanguage":"es-AR","potentialAction":[{"@type":"ReadAction","target":["https:\/\/sadenir.com.uy\/acana\/shop\/perros\/acana-freshwater-fish-blend\/"]}]},{"@type":"ImageObject","inLanguage":"es-AR","@id":"https:\/\/sadenir.com.uy\/acana\/shop\/perros\/acana-freshwater-fish-blend\/#primaryimage","url":"https:\/\/sadenir.com.uy\/acana\/wp-content\/uploads\/sites\/11\/2025\/01\/ACANA-Dog-Fresh-Water-Fish-Recipe-Front-13lb-USA.jpg","contentUrl":"https:\/\/sadenir.com.uy\/acana\/wp-content\/uploads\/sites\/11\/2025\/01\/ACANA-Dog-Fresh-Water-Fish-Recipe-Front-13lb-USA.jpg","width":450,"height":450},{"@type":"BreadcrumbList","@id":"https:\/\/sadenir.com.uy\/acana\/shop\/perros\/acana-freshwater-fish-blend\/#breadcrumb","itemListElement":[{"@type":"ListItem","position":1,"name":"Inicio","item":"https:\/\/sadenir.com.uy\/acana\/"},{"@type":"ListItem","position":2,"name":"Productos","item":"https:\/\/sadenir.com.uy\/acana\/tienda\/"},{"@type":"ListItem","position":3,"name":"Acana Freshwater Fish Blend"}]},{"@type":"WebSite","@id":"https:\/\/sadenir.com.uy\/acana\/#website","url":"https:\/\/sadenir.com.uy\/acana\/","name":"Acana","description":"","potentialAction":[{"@type":"SearchAction","target":{"@type":"EntryPoint","urlTemplate":"https:\/\/sadenir.com.uy\/acana\/?s={search_term_string}"},"query-input":{"@type":"PropertyValueSpecification","valueRequired":true,"valueName":"search_term_string"}}],"inLanguage":"es-AR"}]}},"_links":{"self":[{"href":"https:\/\/sadenir.com.uy\/acana\/wp-json\/wp\/v2\/product\/6262","targetHints":{"allow":["GET"]}}],"collection":[{"href":"https:\/\/sadenir.com.uy\/acana\/wp-json\/wp\/v2\/product"}],"about":[{"href":"https:\/\/sadenir.com.uy\/acana\/wp-json\/wp\/v2\/types\/product"}],"replies":[{"embeddable":true,"href":"https:\/\/sadenir.com.uy\/acana\/wp-json\/wp\/v2\/comments?post=6262"}],"wp:featuredmedia":[{"embeddable":true,"href":"https:\/\/sadenir.com.uy\/acana\/wp-json\/wp\/v2\/media\/6263"}],"wp:attachment":[{"href":"https:\/\/sadenir.com.uy\/acana\/wp-json\/wp\/v2\/media?parent=6262"}],"wp:term":[{"taxonomy":"product_brand","embeddable":true,"href":"https:\/\/sadenir.com.uy\/acana\/wp-json\/wp\/v2\/product_brand?post=6262"},{"taxonomy":"product_cat","embeddable":true,"href":"https:\/\/sadenir.com.uy\/acana\/wp-json\/wp\/v2\/product_cat?post=6262"},{"taxonomy":"product_tag","embeddable":true,"href":"https:\/\/sadenir.com.uy\/acana\/wp-json\/wp\/v2\/product_tag?post=6262"}],"curies":[{"name":"wp","href":"https:\/\/api.w.org\/{rel}","templated":true}]}}