{"id":6267,"date":"2025-01-23T15:19:19","date_gmt":"2025-01-23T18:19:19","guid":{"rendered":"https:\/\/sadenir.com.uy\/acana\/?post_type=product&#038;p=6267"},"modified":"2026-04-20T11:42:51","modified_gmt":"2026-04-20T14:42:51","slug":"acana-free-run-poultry","status":"publish","type":"product","link":"https:\/\/sadenir.com.uy\/acana\/shop\/perros\/acana-free-run-poultry\/","title":{"rendered":"Acana Free-Run Poultry"},"content":{"rendered":"<h2>Composicion<\/h2>\n<p>Receta a base de 3 animales distintos, pollo pavo y huevo, carne, es libre de granos y los primeros 3 ingredientes son de origen animal.<\/p>\n<p>Pollo deshuesado, menudillos de pollo (h\u00edgado, coraz\u00f3n, ri\u00f1\u00f3n), pollo deshidratado, guisantes verdes enteros, lentejas rojas, frijoles pintos, pavo deshuesado, bagre deshidratado, grasa de pollo, garbanzos, lentejas verdes, guisantes amarillos enteros, fibra de lenteja, cart\u00edlago de pollo, huevos enteros, aceite de arenque, sabor natural de pollo, cart\u00edlago de pavo, algas marinas secas, calabaza entera, calabac\u00edn amarillo entero, col rizada, espinaca, hojas de mostaza, col berza, nabo verde, zanahorias, manzanas, peras, higado de pollo liofilizado, h\u00edgado de pavo liofilizado, proteinato de zinc, tocoferol mezclado (preservante), ra\u00edz de achicoria, c\u00farcuma, ra\u00edz de zarzaparrilla, ra\u00edz de altea, rosa mosqueta, bayas de enebro, producto de la fermentaci\u00f3n del lactobacillus acidophilus seco, producto de la fermentaci\u00f3n del bifidobacterium animalis seco, producto de la fermentaci\u00f3n del lactobacillus casei seco.<\/p>\n<h2>An\u00e1lisis Garantizado<\/h2>\n<p>Prote\u00edna cruda (min.): 36.0 %,Grasa cruda (min.): 17.0 %, Fibras crudas (m\u00e1x.): 4.00 %, Calcio (min.): 1.20 %, F\u00f3sforo (min.): 1.00 %, \u00c1cidos grasos Omega-6 (min.): 3.00 %, \u00c1cidos grasos Omega-3 (min.): 1.00 %, Carbohidratos (NFE): 23 %<\/p>\n","protected":false},"excerpt":{"rendered":"<p>Cada receta de ACANA\u2122 est\u00e1 elaborada de principio a fin con ingredientes obsesivamente buenos seleccionados por su calidad, sabor y valor nutricional para tu mascota. Es por eso que nuestra receta de pollo de corral ACANA\u00a0<sup>1<\/sup>\u00a0para perros est\u00e1 cuidadosamente equilibrada con un 60 % de ingredientes animales ricos en prote\u00ednas\u00a0<sup>2<\/sup>\u00a0como pollo y pavo de corral y huevos frescos, y un 40 % de verduras, frutas y nutrientes saludables\u00a0<sup>3<\/sup>\u00a0. Cada comida tambi\u00e9n ayuda a mantener 4 beneficios clave para la salud de tu perro, que incluyen salud digestiva, piel y pelaje saludables, salud inmunol\u00f3gica y peso saludable. \u00a1Cuida a tu perro con una receta deliciosa y nutritiva que lo har\u00e1 sentir tan bien por dentro que lo notar\u00e1s por fuera!<\/p>\n<p>&nbsp;<\/p>\n<ul>\n<li>Los dos primeros ingredientes de esta nutritiva receta de alimento seco para perros tienen pollo y pavo frescos o crudos.<\/li>\n<li>Equilibrado con verduras y frutas ricas en fibra como calabaza entera, manzanas y peras.<\/li>\n<li>Esta receta de croquetas no incluye ingredientes de granos\u00a0<sup>4<\/sup>\u00a0ni ingredientes de bajo costo como soja, ma\u00edz, trigo o tapioca.<\/li>\n<li>M\u00e9zclelo y agregue variedad para su perro combinando esta receta para perros ACANA con comida h\u00fameda para perros ACANA y comida liofilizada para una comida deliciosa y nutritiva.<\/li>\n<li>Fabricado en EE. UU. con ingredientes de calidad de todo el mundo.\n<div class=\"product-sizes\"><span class=\"title\"><br \/>\nTam disponibles <\/span><span class=\"sizes\">2 kg \/ 6 kg \/ 11,4 kg<\/span><\/div>\n<\/li>\n<\/ul>\n","protected":false},"featured_media":6268,"comment_status":"open","ping_status":"closed","template":"","meta":{"pgc_sgb_lightbox_settings":""},"product_brand":[],"product_cat":[48],"product_tag":[],"class_list":{"0":"post-6267","1":"product","2":"type-product","3":"status-publish","4":"has-post-thumbnail","6":"product_cat-perros","8":"first","9":"instock","10":"shipping-taxable","11":"product-type-simple"},"yoast_head":"<!-- This site is optimized with the Yoast SEO plugin v26.1.1 - https:\/\/yoast.com\/wordpress\/plugins\/seo\/ -->\n<title>ACANA Free-Run Poultry: Comida Nutritiva y Equilibrada Perros<\/title>\n<meta name=\"description\" content=\"ACANA\u2122 Free-Run Poultry es un alimento seco para perros elaborado con un 60 % de pollo y pavo de corral frescos o crudos y un 40 % de frutas y verduras saludables. Dise\u00f1ado para la salud digestiva, inmunol\u00f3gica, de la piel y el pelaje, sin cereales ni ingredientes de bajo costo.\" \/>\n<meta name=\"robots\" content=\"index, follow, max-snippet:-1, max-image-preview:large, max-video-preview:-1\" \/>\n<link rel=\"canonical\" href=\"https:\/\/sadenir.com.uy\/acana\/shop\/perros\/acana-free-run-poultry\/\" \/>\n<meta property=\"og:locale\" content=\"es_ES\" \/>\n<meta property=\"og:type\" content=\"article\" \/>\n<meta property=\"og:title\" content=\"ACANA Free-Run Poultry: Comida Nutritiva y Equilibrada Perros\" \/>\n<meta property=\"og:description\" content=\"ACANA\u2122 Free-Run Poultry es un alimento seco para perros elaborado con un 60 % de pollo y pavo de corral frescos o crudos y un 40 % de frutas y verduras saludables. Dise\u00f1ado para la salud digestiva, inmunol\u00f3gica, de la piel y el pelaje, sin cereales ni ingredientes de bajo costo.\" \/>\n<meta property=\"og:url\" content=\"https:\/\/sadenir.com.uy\/acana\/shop\/perros\/acana-free-run-poultry\/\" \/>\n<meta property=\"og:site_name\" content=\"Acana\" \/>\n<meta property=\"article:modified_time\" content=\"2026-04-20T14:42:51+00:00\" \/>\n<meta property=\"og:image\" content=\"https:\/\/sadenir.com.uy\/acana\/wp-content\/uploads\/sites\/11\/2025\/01\/ACANA-Dog-Free-Run-Poultry-Recipe-Front-13lb-USA.png\" \/>\n\t<meta property=\"og:image:width\" content=\"450\" \/>\n\t<meta property=\"og:image:height\" content=\"450\" \/>\n\t<meta property=\"og:image:type\" content=\"image\/png\" \/>\n<meta name=\"twitter:card\" content=\"summary_large_image\" \/>\n<meta name=\"twitter:label1\" content=\"Tiempo de lectura\" \/>\n\t<meta name=\"twitter:data1\" content=\"2 minutos\" \/>\n<script type=\"application\/ld+json\" class=\"yoast-schema-graph\">{\"@context\":\"https:\/\/schema.org\",\"@graph\":[{\"@type\":\"WebPage\",\"@id\":\"https:\/\/sadenir.com.uy\/acana\/shop\/perros\/acana-free-run-poultry\/\",\"url\":\"https:\/\/sadenir.com.uy\/acana\/shop\/perros\/acana-free-run-poultry\/\",\"name\":\"ACANA Free-Run Poultry: Comida Nutritiva y Equilibrada Perros\",\"isPartOf\":{\"@id\":\"https:\/\/sadenir.com.uy\/acana\/#website\"},\"primaryImageOfPage\":{\"@id\":\"https:\/\/sadenir.com.uy\/acana\/shop\/perros\/acana-free-run-poultry\/#primaryimage\"},\"image\":{\"@id\":\"https:\/\/sadenir.com.uy\/acana\/shop\/perros\/acana-free-run-poultry\/#primaryimage\"},\"thumbnailUrl\":\"https:\/\/sadenir.com.uy\/acana\/wp-content\/uploads\/sites\/11\/2025\/01\/ACANA-Dog-Free-Run-Poultry-Recipe-Front-13lb-USA.png\",\"datePublished\":\"2025-01-23T18:19:19+00:00\",\"dateModified\":\"2026-04-20T14:42:51+00:00\",\"description\":\"ACANA\u2122 Free-Run Poultry es un alimento seco para perros elaborado con un 60 % de pollo y pavo de corral frescos o crudos y un 40 % de frutas y verduras saludables. Dise\u00f1ado para la salud digestiva, inmunol\u00f3gica, de la piel y el pelaje, sin cereales ni ingredientes de bajo costo.\",\"breadcrumb\":{\"@id\":\"https:\/\/sadenir.com.uy\/acana\/shop\/perros\/acana-free-run-poultry\/#breadcrumb\"},\"inLanguage\":\"es-AR\",\"potentialAction\":[{\"@type\":\"ReadAction\",\"target\":[\"https:\/\/sadenir.com.uy\/acana\/shop\/perros\/acana-free-run-poultry\/\"]}]},{\"@type\":\"ImageObject\",\"inLanguage\":\"es-AR\",\"@id\":\"https:\/\/sadenir.com.uy\/acana\/shop\/perros\/acana-free-run-poultry\/#primaryimage\",\"url\":\"https:\/\/sadenir.com.uy\/acana\/wp-content\/uploads\/sites\/11\/2025\/01\/ACANA-Dog-Free-Run-Poultry-Recipe-Front-13lb-USA.png\",\"contentUrl\":\"https:\/\/sadenir.com.uy\/acana\/wp-content\/uploads\/sites\/11\/2025\/01\/ACANA-Dog-Free-Run-Poultry-Recipe-Front-13lb-USA.png\",\"width\":450,\"height\":450},{\"@type\":\"BreadcrumbList\",\"@id\":\"https:\/\/sadenir.com.uy\/acana\/shop\/perros\/acana-free-run-poultry\/#breadcrumb\",\"itemListElement\":[{\"@type\":\"ListItem\",\"position\":1,\"name\":\"Inicio\",\"item\":\"https:\/\/sadenir.com.uy\/acana\/\"},{\"@type\":\"ListItem\",\"position\":2,\"name\":\"Productos\",\"item\":\"https:\/\/sadenir.com.uy\/acana\/tienda\/\"},{\"@type\":\"ListItem\",\"position\":3,\"name\":\"Acana Free-Run Poultry\"}]},{\"@type\":\"WebSite\",\"@id\":\"https:\/\/sadenir.com.uy\/acana\/#website\",\"url\":\"https:\/\/sadenir.com.uy\/acana\/\",\"name\":\"Acana\",\"description\":\"\",\"potentialAction\":[{\"@type\":\"SearchAction\",\"target\":{\"@type\":\"EntryPoint\",\"urlTemplate\":\"https:\/\/sadenir.com.uy\/acana\/?s={search_term_string}\"},\"query-input\":{\"@type\":\"PropertyValueSpecification\",\"valueRequired\":true,\"valueName\":\"search_term_string\"}}],\"inLanguage\":\"es-AR\"}]}<\/script>\n<!-- \/ Yoast SEO plugin. -->","yoast_head_json":{"title":"ACANA Free-Run Poultry: Comida Nutritiva y Equilibrada Perros","description":"ACANA\u2122 Free-Run Poultry es un alimento seco para perros elaborado con un 60 % de pollo y pavo de corral frescos o crudos y un 40 % de frutas y verduras saludables. Dise\u00f1ado para la salud digestiva, inmunol\u00f3gica, de la piel y el pelaje, sin cereales ni ingredientes de bajo costo.","robots":{"index":"index","follow":"follow","max-snippet":"max-snippet:-1","max-image-preview":"max-image-preview:large","max-video-preview":"max-video-preview:-1"},"canonical":"https:\/\/sadenir.com.uy\/acana\/shop\/perros\/acana-free-run-poultry\/","og_locale":"es_ES","og_type":"article","og_title":"ACANA Free-Run Poultry: Comida Nutritiva y Equilibrada Perros","og_description":"ACANA\u2122 Free-Run Poultry es un alimento seco para perros elaborado con un 60 % de pollo y pavo de corral frescos o crudos y un 40 % de frutas y verduras saludables. Dise\u00f1ado para la salud digestiva, inmunol\u00f3gica, de la piel y el pelaje, sin cereales ni ingredientes de bajo costo.","og_url":"https:\/\/sadenir.com.uy\/acana\/shop\/perros\/acana-free-run-poultry\/","og_site_name":"Acana","article_modified_time":"2026-04-20T14:42:51+00:00","og_image":[{"width":450,"height":450,"url":"https:\/\/sadenir.com.uy\/acana\/wp-content\/uploads\/sites\/11\/2025\/01\/ACANA-Dog-Free-Run-Poultry-Recipe-Front-13lb-USA.png","type":"image\/png"}],"twitter_card":"summary_large_image","twitter_misc":{"Tiempo de lectura":"2 minutos"},"schema":{"@context":"https:\/\/schema.org","@graph":[{"@type":"WebPage","@id":"https:\/\/sadenir.com.uy\/acana\/shop\/perros\/acana-free-run-poultry\/","url":"https:\/\/sadenir.com.uy\/acana\/shop\/perros\/acana-free-run-poultry\/","name":"ACANA Free-Run Poultry: Comida Nutritiva y Equilibrada Perros","isPartOf":{"@id":"https:\/\/sadenir.com.uy\/acana\/#website"},"primaryImageOfPage":{"@id":"https:\/\/sadenir.com.uy\/acana\/shop\/perros\/acana-free-run-poultry\/#primaryimage"},"image":{"@id":"https:\/\/sadenir.com.uy\/acana\/shop\/perros\/acana-free-run-poultry\/#primaryimage"},"thumbnailUrl":"https:\/\/sadenir.com.uy\/acana\/wp-content\/uploads\/sites\/11\/2025\/01\/ACANA-Dog-Free-Run-Poultry-Recipe-Front-13lb-USA.png","datePublished":"2025-01-23T18:19:19+00:00","dateModified":"2026-04-20T14:42:51+00:00","description":"ACANA\u2122 Free-Run Poultry es un alimento seco para perros elaborado con un 60 % de pollo y pavo de corral frescos o crudos y un 40 % de frutas y verduras saludables. Dise\u00f1ado para la salud digestiva, inmunol\u00f3gica, de la piel y el pelaje, sin cereales ni ingredientes de bajo costo.","breadcrumb":{"@id":"https:\/\/sadenir.com.uy\/acana\/shop\/perros\/acana-free-run-poultry\/#breadcrumb"},"inLanguage":"es-AR","potentialAction":[{"@type":"ReadAction","target":["https:\/\/sadenir.com.uy\/acana\/shop\/perros\/acana-free-run-poultry\/"]}]},{"@type":"ImageObject","inLanguage":"es-AR","@id":"https:\/\/sadenir.com.uy\/acana\/shop\/perros\/acana-free-run-poultry\/#primaryimage","url":"https:\/\/sadenir.com.uy\/acana\/wp-content\/uploads\/sites\/11\/2025\/01\/ACANA-Dog-Free-Run-Poultry-Recipe-Front-13lb-USA.png","contentUrl":"https:\/\/sadenir.com.uy\/acana\/wp-content\/uploads\/sites\/11\/2025\/01\/ACANA-Dog-Free-Run-Poultry-Recipe-Front-13lb-USA.png","width":450,"height":450},{"@type":"BreadcrumbList","@id":"https:\/\/sadenir.com.uy\/acana\/shop\/perros\/acana-free-run-poultry\/#breadcrumb","itemListElement":[{"@type":"ListItem","position":1,"name":"Inicio","item":"https:\/\/sadenir.com.uy\/acana\/"},{"@type":"ListItem","position":2,"name":"Productos","item":"https:\/\/sadenir.com.uy\/acana\/tienda\/"},{"@type":"ListItem","position":3,"name":"Acana Free-Run Poultry"}]},{"@type":"WebSite","@id":"https:\/\/sadenir.com.uy\/acana\/#website","url":"https:\/\/sadenir.com.uy\/acana\/","name":"Acana","description":"","potentialAction":[{"@type":"SearchAction","target":{"@type":"EntryPoint","urlTemplate":"https:\/\/sadenir.com.uy\/acana\/?s={search_term_string}"},"query-input":{"@type":"PropertyValueSpecification","valueRequired":true,"valueName":"search_term_string"}}],"inLanguage":"es-AR"}]}},"_links":{"self":[{"href":"https:\/\/sadenir.com.uy\/acana\/wp-json\/wp\/v2\/product\/6267","targetHints":{"allow":["GET"]}}],"collection":[{"href":"https:\/\/sadenir.com.uy\/acana\/wp-json\/wp\/v2\/product"}],"about":[{"href":"https:\/\/sadenir.com.uy\/acana\/wp-json\/wp\/v2\/types\/product"}],"replies":[{"embeddable":true,"href":"https:\/\/sadenir.com.uy\/acana\/wp-json\/wp\/v2\/comments?post=6267"}],"wp:featuredmedia":[{"embeddable":true,"href":"https:\/\/sadenir.com.uy\/acana\/wp-json\/wp\/v2\/media\/6268"}],"wp:attachment":[{"href":"https:\/\/sadenir.com.uy\/acana\/wp-json\/wp\/v2\/media?parent=6267"}],"wp:term":[{"taxonomy":"product_brand","embeddable":true,"href":"https:\/\/sadenir.com.uy\/acana\/wp-json\/wp\/v2\/product_brand?post=6267"},{"taxonomy":"product_cat","embeddable":true,"href":"https:\/\/sadenir.com.uy\/acana\/wp-json\/wp\/v2\/product_cat?post=6267"},{"taxonomy":"product_tag","embeddable":true,"href":"https:\/\/sadenir.com.uy\/acana\/wp-json\/wp\/v2\/product_tag?post=6267"}],"curies":[{"name":"wp","href":"https:\/\/api.w.org\/{rel}","templated":true}]}}