{"id":6272,"date":"2025-01-23T15:25:38","date_gmt":"2025-01-23T18:25:38","guid":{"rendered":"https:\/\/sadenir.com.uy\/acana\/?post_type=product&#038;p=6272"},"modified":"2026-03-12T09:45:02","modified_gmt":"2026-03-12T12:45:02","slug":"acana-senior-entree","status":"publish","type":"product","link":"https:\/\/sadenir.com.uy\/acana\/shop\/gatos\/adultos\/acana-senior-entree\/","title":{"rendered":"Acana Senior Entr\u00e9e"},"content":{"rendered":"<h2 data-start=\"232\" data-end=\"253\"><strong data-start=\"236\" data-end=\"251\">Composici\u00f3n<\/strong><\/h2>\n<p data-start=\"254\" data-end=\"1144\">Pollo, pollo deshidratado, pavo deshidratado, avena, guisantes enteros, lentejas verdes enteras, garbanzos enteros, grasa de pollo, huevos, pavo, fibra de lentejas, sabor natural de pollo, aceite de pescado, pato, h\u00edgado de pollo, coraz\u00f3n de pollo, cloruro de colina, ar\u00e1ndanos enteros, algas secas, sal, proteinato de zinc, suplemento de vitamina E, tocoferoles mixtos (conservante), taurina, suplemento de vitamina D3, acetato de vitamina A, L-carnitina, DL-metionina, proteinato de cobre, biotina, niacina, mononitrato de tiamina, riboflavina, pantotenato de calcio, clorhidrato de piridoxina, \u00e1cido f\u00f3lico, suplemento de vitamina B12, \u00e1cido asc\u00f3rbico (vitamina C), \u00e1cido c\u00edtrico (conservante), extracto de romero, producto de fermentaci\u00f3n seca de <em data-start=\"999\" data-end=\"1026\">Lactobacillus acidophilus<\/em>, producto de fermentaci\u00f3n seca de <em data-start=\"1061\" data-end=\"1087\">Bifidobacterium animalis<\/em>, producto de fermentaci\u00f3n seca de <em data-start=\"1122\" data-end=\"1143\">Lactobacillus casei<\/em>.<\/p>\n<h2>An\u00e1lisis Garantizado<\/h2>\n<ul>\n<li data-start=\"1182\" data-end=\"1219\"><strong data-start=\"1184\" data-end=\"1210\">Prote\u00edna cruda (min.):<\/strong> 33.0 %<\/li>\n<li data-start=\"1220\" data-end=\"1254\"><strong data-start=\"1222\" data-end=\"1245\">Grasa cruda (min.):<\/strong> 14.0 %<\/li>\n<li data-start=\"1255\" data-end=\"1289\"><strong data-start=\"1257\" data-end=\"1280\">Fibra cruda (m\u00e1x.):<\/strong> 4.00 %<\/li>\n<li data-start=\"1290\" data-end=\"1319\"><strong data-start=\"1292\" data-end=\"1310\">Calcio (min.):<\/strong> 1.80 %<\/li>\n<li data-start=\"1320\" data-end=\"1350\"><strong data-start=\"1322\" data-end=\"1341\">F\u00f3sforo (min.):<\/strong> 1.20 %<\/li>\n<li data-start=\"1351\" data-end=\"1395\"><strong data-start=\"1353\" data-end=\"1386\">\u00c1cidos grasos Omega-3 (min.):<\/strong> 0.60 %<\/li>\n<li data-start=\"1396\" data-end=\"1440\"><strong data-start=\"1398\" data-end=\"1431\">\u00c1cidos grasos Omega-6 (min.):<\/strong> 2.80 %<\/li>\n<li data-start=\"1441\" data-end=\"1467\"><strong data-start=\"1443\" data-end=\"1458\">EPA (min.):<\/strong> 0.15 %<\/li>\n<li data-start=\"1468\" data-end=\"1494\"><strong data-start=\"1470\" data-end=\"1485\">DHA (min.):<\/strong> 0.15 %<\/li>\n<li data-start=\"1495\" data-end=\"1525\"><strong data-start=\"1497\" data-end=\"1516\">Taurina (min.):<\/strong> 0.10 %<\/li>\n<\/ul>\n","protected":false},"excerpt":{"rendered":"<p>Especialmente elaborada para su gato mayor, nuestra receta de ACANA\u2122 Senior Entr\u00e9e est\u00e1 especialmente dise\u00f1ada para satisfacer las necesidades de su felino adulto. Enriquecida con un 65 % de ingredientes animales de calidad*, incluidos pollo y pavo criados en libertad**, Senior Entr\u00e9e tiene la prote\u00edna animal que su gato adulto necesita para estar en su mejor momento. Esta receta rica en nutrientes tambi\u00e9n ayuda a promover beneficios clave para la salud de su gato mayor, incluida la salud digestiva, la salud del coraz\u00f3n y los ojos y la salud de las articulaciones. \u00a1Cuide a su felino adulto a medida que envejece con una receta dise\u00f1ada para mantenerlo saludable y feliz con ACANA Senior Entr\u00e9e!<\/p>\n<p>&nbsp;<\/p>\n<ul>\n<li>Rico en un 65% de ingredientes animales de calidad* como pollo y pavo criados en libertad**.<\/li>\n<li>Prote\u00ednas de alta calidad, fibra y una mezcla de probi\u00f3ticos ayudan a mantener la salud digestiva de su gato adulto.<\/li>\n<li>La taurina, el EPA y el DHA son nutrientes esenciales para ayudar a mantener la salud ocular y card\u00edaca de su gato mayor.<\/li>\n<li>Apoya la salud de las articulaciones de los gatos mayores con \u00e1cidos grasos Omega-3 del aceite de pescado.<\/li>\n<li>Elaborado en EE. UU. con los mejores ingredientes del mundo.<\/li>\n<\/ul>\n","protected":false},"featured_media":6274,"comment_status":"open","ping_status":"closed","template":"","meta":{"pgc_sgb_lightbox_settings":""},"product_brand":[],"product_cat":[46,44],"product_tag":[],"class_list":{"0":"post-6272","1":"product","2":"type-product","3":"status-publish","4":"has-post-thumbnail","6":"product_cat-adultos","7":"product_cat-gatos","9":"first","10":"instock","11":"shipping-taxable","12":"product-type-simple"},"yoast_head":"<!-- This site is optimized with the Yoast SEO plugin v26.1.1 - https:\/\/yoast.com\/wordpress\/plugins\/seo\/ -->\n<title>ACANA Senior Entr\u00e9e: Comida Nutritiva para Gatos Mayores<\/title>\n<meta name=\"description\" content=\"ACANA\u2122 Senior Entr\u00e9e est\u00e1 dise\u00f1ada para gatos mayores, con un 65 % de ingredientes animales de calidad como pollo y pavo criados en libertad. Rico en prote\u00ednas, Omega-3 y probi\u00f3ticos, ayuda a la salud digestiva, articular, ocular y card\u00edaca de tu gato mayor.\" \/>\n<meta name=\"robots\" content=\"index, follow, max-snippet:-1, max-image-preview:large, max-video-preview:-1\" \/>\n<link rel=\"canonical\" href=\"https:\/\/sadenir.com.uy\/acana\/shop\/gatos\/adultos\/acana-senior-entree\/\" \/>\n<meta property=\"og:locale\" content=\"es_ES\" \/>\n<meta property=\"og:type\" content=\"article\" \/>\n<meta property=\"og:title\" content=\"ACANA Senior Entr\u00e9e: Comida Nutritiva para Gatos Mayores\" \/>\n<meta property=\"og:description\" content=\"ACANA\u2122 Senior Entr\u00e9e est\u00e1 dise\u00f1ada para gatos mayores, con un 65 % de ingredientes animales de calidad como pollo y pavo criados en libertad. Rico en prote\u00ednas, Omega-3 y probi\u00f3ticos, ayuda a la salud digestiva, articular, ocular y card\u00edaca de tu gato mayor.\" \/>\n<meta property=\"og:url\" content=\"https:\/\/sadenir.com.uy\/acana\/shop\/gatos\/adultos\/acana-senior-entree\/\" \/>\n<meta property=\"og:site_name\" content=\"Acana\" \/>\n<meta property=\"article:modified_time\" content=\"2026-03-12T12:45:02+00:00\" \/>\n<meta property=\"og:image\" content=\"https:\/\/sadenir.com.uy\/acana\/wp-content\/uploads\/sites\/11\/2025\/01\/ACANA-Cat-Senior-Entree-Front-10lb-USA.jpg\" \/>\n\t<meta property=\"og:image:width\" content=\"450\" \/>\n\t<meta property=\"og:image:height\" content=\"450\" \/>\n\t<meta property=\"og:image:type\" content=\"image\/jpeg\" \/>\n<meta name=\"twitter:card\" content=\"summary_large_image\" \/>\n<meta name=\"twitter:label1\" content=\"Tiempo de lectura\" \/>\n\t<meta name=\"twitter:data1\" content=\"1 minuto\" \/>\n<script type=\"application\/ld+json\" class=\"yoast-schema-graph\">{\"@context\":\"https:\/\/schema.org\",\"@graph\":[{\"@type\":\"WebPage\",\"@id\":\"https:\/\/sadenir.com.uy\/acana\/shop\/gatos\/adultos\/acana-senior-entree\/\",\"url\":\"https:\/\/sadenir.com.uy\/acana\/shop\/gatos\/adultos\/acana-senior-entree\/\",\"name\":\"ACANA Senior Entr\u00e9e: Comida Nutritiva para Gatos Mayores\",\"isPartOf\":{\"@id\":\"https:\/\/sadenir.com.uy\/acana\/#website\"},\"primaryImageOfPage\":{\"@id\":\"https:\/\/sadenir.com.uy\/acana\/shop\/gatos\/adultos\/acana-senior-entree\/#primaryimage\"},\"image\":{\"@id\":\"https:\/\/sadenir.com.uy\/acana\/shop\/gatos\/adultos\/acana-senior-entree\/#primaryimage\"},\"thumbnailUrl\":\"https:\/\/sadenir.com.uy\/acana\/wp-content\/uploads\/sites\/11\/2025\/01\/ACANA-Cat-Senior-Entree-Front-10lb-USA.jpg\",\"datePublished\":\"2025-01-23T18:25:38+00:00\",\"dateModified\":\"2026-03-12T12:45:02+00:00\",\"description\":\"ACANA\u2122 Senior Entr\u00e9e est\u00e1 dise\u00f1ada para gatos mayores, con un 65 % de ingredientes animales de calidad como pollo y pavo criados en libertad. Rico en prote\u00ednas, Omega-3 y probi\u00f3ticos, ayuda a la salud digestiva, articular, ocular y card\u00edaca de tu gato mayor.\",\"breadcrumb\":{\"@id\":\"https:\/\/sadenir.com.uy\/acana\/shop\/gatos\/adultos\/acana-senior-entree\/#breadcrumb\"},\"inLanguage\":\"es-AR\",\"potentialAction\":[{\"@type\":\"ReadAction\",\"target\":[\"https:\/\/sadenir.com.uy\/acana\/shop\/gatos\/adultos\/acana-senior-entree\/\"]}]},{\"@type\":\"ImageObject\",\"inLanguage\":\"es-AR\",\"@id\":\"https:\/\/sadenir.com.uy\/acana\/shop\/gatos\/adultos\/acana-senior-entree\/#primaryimage\",\"url\":\"https:\/\/sadenir.com.uy\/acana\/wp-content\/uploads\/sites\/11\/2025\/01\/ACANA-Cat-Senior-Entree-Front-10lb-USA.jpg\",\"contentUrl\":\"https:\/\/sadenir.com.uy\/acana\/wp-content\/uploads\/sites\/11\/2025\/01\/ACANA-Cat-Senior-Entree-Front-10lb-USA.jpg\",\"width\":450,\"height\":450},{\"@type\":\"BreadcrumbList\",\"@id\":\"https:\/\/sadenir.com.uy\/acana\/shop\/gatos\/adultos\/acana-senior-entree\/#breadcrumb\",\"itemListElement\":[{\"@type\":\"ListItem\",\"position\":1,\"name\":\"Inicio\",\"item\":\"https:\/\/sadenir.com.uy\/acana\/\"},{\"@type\":\"ListItem\",\"position\":2,\"name\":\"Productos\",\"item\":\"https:\/\/sadenir.com.uy\/acana\/tienda\/\"},{\"@type\":\"ListItem\",\"position\":3,\"name\":\"Acana Senior Entr\u00e9e\"}]},{\"@type\":\"WebSite\",\"@id\":\"https:\/\/sadenir.com.uy\/acana\/#website\",\"url\":\"https:\/\/sadenir.com.uy\/acana\/\",\"name\":\"Acana\",\"description\":\"\",\"potentialAction\":[{\"@type\":\"SearchAction\",\"target\":{\"@type\":\"EntryPoint\",\"urlTemplate\":\"https:\/\/sadenir.com.uy\/acana\/?s={search_term_string}\"},\"query-input\":{\"@type\":\"PropertyValueSpecification\",\"valueRequired\":true,\"valueName\":\"search_term_string\"}}],\"inLanguage\":\"es-AR\"}]}<\/script>\n<!-- \/ Yoast SEO plugin. -->","yoast_head_json":{"title":"ACANA Senior Entr\u00e9e: Comida Nutritiva para Gatos Mayores","description":"ACANA\u2122 Senior Entr\u00e9e est\u00e1 dise\u00f1ada para gatos mayores, con un 65 % de ingredientes animales de calidad como pollo y pavo criados en libertad. Rico en prote\u00ednas, Omega-3 y probi\u00f3ticos, ayuda a la salud digestiva, articular, ocular y card\u00edaca de tu gato mayor.","robots":{"index":"index","follow":"follow","max-snippet":"max-snippet:-1","max-image-preview":"max-image-preview:large","max-video-preview":"max-video-preview:-1"},"canonical":"https:\/\/sadenir.com.uy\/acana\/shop\/gatos\/adultos\/acana-senior-entree\/","og_locale":"es_ES","og_type":"article","og_title":"ACANA Senior Entr\u00e9e: Comida Nutritiva para Gatos Mayores","og_description":"ACANA\u2122 Senior Entr\u00e9e est\u00e1 dise\u00f1ada para gatos mayores, con un 65 % de ingredientes animales de calidad como pollo y pavo criados en libertad. Rico en prote\u00ednas, Omega-3 y probi\u00f3ticos, ayuda a la salud digestiva, articular, ocular y card\u00edaca de tu gato mayor.","og_url":"https:\/\/sadenir.com.uy\/acana\/shop\/gatos\/adultos\/acana-senior-entree\/","og_site_name":"Acana","article_modified_time":"2026-03-12T12:45:02+00:00","og_image":[{"width":450,"height":450,"url":"https:\/\/sadenir.com.uy\/acana\/wp-content\/uploads\/sites\/11\/2025\/01\/ACANA-Cat-Senior-Entree-Front-10lb-USA.jpg","type":"image\/jpeg"}],"twitter_card":"summary_large_image","twitter_misc":{"Tiempo de lectura":"1 minuto"},"schema":{"@context":"https:\/\/schema.org","@graph":[{"@type":"WebPage","@id":"https:\/\/sadenir.com.uy\/acana\/shop\/gatos\/adultos\/acana-senior-entree\/","url":"https:\/\/sadenir.com.uy\/acana\/shop\/gatos\/adultos\/acana-senior-entree\/","name":"ACANA Senior Entr\u00e9e: Comida Nutritiva para Gatos Mayores","isPartOf":{"@id":"https:\/\/sadenir.com.uy\/acana\/#website"},"primaryImageOfPage":{"@id":"https:\/\/sadenir.com.uy\/acana\/shop\/gatos\/adultos\/acana-senior-entree\/#primaryimage"},"image":{"@id":"https:\/\/sadenir.com.uy\/acana\/shop\/gatos\/adultos\/acana-senior-entree\/#primaryimage"},"thumbnailUrl":"https:\/\/sadenir.com.uy\/acana\/wp-content\/uploads\/sites\/11\/2025\/01\/ACANA-Cat-Senior-Entree-Front-10lb-USA.jpg","datePublished":"2025-01-23T18:25:38+00:00","dateModified":"2026-03-12T12:45:02+00:00","description":"ACANA\u2122 Senior Entr\u00e9e est\u00e1 dise\u00f1ada para gatos mayores, con un 65 % de ingredientes animales de calidad como pollo y pavo criados en libertad. Rico en prote\u00ednas, Omega-3 y probi\u00f3ticos, ayuda a la salud digestiva, articular, ocular y card\u00edaca de tu gato mayor.","breadcrumb":{"@id":"https:\/\/sadenir.com.uy\/acana\/shop\/gatos\/adultos\/acana-senior-entree\/#breadcrumb"},"inLanguage":"es-AR","potentialAction":[{"@type":"ReadAction","target":["https:\/\/sadenir.com.uy\/acana\/shop\/gatos\/adultos\/acana-senior-entree\/"]}]},{"@type":"ImageObject","inLanguage":"es-AR","@id":"https:\/\/sadenir.com.uy\/acana\/shop\/gatos\/adultos\/acana-senior-entree\/#primaryimage","url":"https:\/\/sadenir.com.uy\/acana\/wp-content\/uploads\/sites\/11\/2025\/01\/ACANA-Cat-Senior-Entree-Front-10lb-USA.jpg","contentUrl":"https:\/\/sadenir.com.uy\/acana\/wp-content\/uploads\/sites\/11\/2025\/01\/ACANA-Cat-Senior-Entree-Front-10lb-USA.jpg","width":450,"height":450},{"@type":"BreadcrumbList","@id":"https:\/\/sadenir.com.uy\/acana\/shop\/gatos\/adultos\/acana-senior-entree\/#breadcrumb","itemListElement":[{"@type":"ListItem","position":1,"name":"Inicio","item":"https:\/\/sadenir.com.uy\/acana\/"},{"@type":"ListItem","position":2,"name":"Productos","item":"https:\/\/sadenir.com.uy\/acana\/tienda\/"},{"@type":"ListItem","position":3,"name":"Acana Senior Entr\u00e9e"}]},{"@type":"WebSite","@id":"https:\/\/sadenir.com.uy\/acana\/#website","url":"https:\/\/sadenir.com.uy\/acana\/","name":"Acana","description":"","potentialAction":[{"@type":"SearchAction","target":{"@type":"EntryPoint","urlTemplate":"https:\/\/sadenir.com.uy\/acana\/?s={search_term_string}"},"query-input":{"@type":"PropertyValueSpecification","valueRequired":true,"valueName":"search_term_string"}}],"inLanguage":"es-AR"}]}},"_links":{"self":[{"href":"https:\/\/sadenir.com.uy\/acana\/wp-json\/wp\/v2\/product\/6272","targetHints":{"allow":["GET"]}}],"collection":[{"href":"https:\/\/sadenir.com.uy\/acana\/wp-json\/wp\/v2\/product"}],"about":[{"href":"https:\/\/sadenir.com.uy\/acana\/wp-json\/wp\/v2\/types\/product"}],"replies":[{"embeddable":true,"href":"https:\/\/sadenir.com.uy\/acana\/wp-json\/wp\/v2\/comments?post=6272"}],"wp:featuredmedia":[{"embeddable":true,"href":"https:\/\/sadenir.com.uy\/acana\/wp-json\/wp\/v2\/media\/6274"}],"wp:attachment":[{"href":"https:\/\/sadenir.com.uy\/acana\/wp-json\/wp\/v2\/media?parent=6272"}],"wp:term":[{"taxonomy":"product_brand","embeddable":true,"href":"https:\/\/sadenir.com.uy\/acana\/wp-json\/wp\/v2\/product_brand?post=6272"},{"taxonomy":"product_cat","embeddable":true,"href":"https:\/\/sadenir.com.uy\/acana\/wp-json\/wp\/v2\/product_cat?post=6272"},{"taxonomy":"product_tag","embeddable":true,"href":"https:\/\/sadenir.com.uy\/acana\/wp-json\/wp\/v2\/product_tag?post=6272"}],"curies":[{"name":"wp","href":"https:\/\/api.w.org\/{rel}","templated":true}]}}