{"id":8036,"date":"2025-08-07T15:18:23","date_gmt":"2025-08-07T18:18:23","guid":{"rendered":"https:\/\/sadenir.com.uy\/acana\/?post_type=product&#038;p=8036"},"modified":"2026-01-26T09:20:26","modified_gmt":"2026-01-26T12:20:26","slug":"premium-chunks-receta-de-cerdo-en-caldo-de-huesos","status":"publish","type":"product","link":"https:\/\/sadenir.com.uy\/acana\/shop\/perros\/premium-chunks-receta-de-cerdo-en-caldo-de-huesos\/","title":{"rendered":"Premium Chunks \u2013 Receta de Cerdo en Caldo de Huesos"},"content":{"rendered":"<h3 data-start=\"105\" data-end=\"126\"><strong data-start=\"109\" data-end=\"126\">Ingredientes:<\/strong><\/h3>\n<p data-start=\"127\" data-end=\"1044\">Cerdo, caldo de cerdo, caldo de huesos de res, h\u00edgado de cerdo, batatas, ar\u00e1ndanos rojos, zanahorias, espinaca, salm\u00f3n, clara de huevo deshidratada, producto de huevo deshidratado, panceta (bacon), sabor natural, goma guar org\u00e1nica, carbonato de calcio, aceite de girasol, fosfato tric\u00e1lcico, calabaza, fosfato de sodio, sal, cloruro de potasio, minerales (quelato de amino\u00e1cidos de zinc, quelato de amino\u00e1cidos de hierro, levadura con selenio, quelato de amino\u00e1cidos de cobre, quelato de amino\u00e1cidos de manganeso, quelato de amino\u00e1cidos de cobalto, yoduro de potasio), ar\u00e1ndanos, vitaminas (mononitrato de tiamina, suplemento de vitamina E, niacina, pantotenato de calcio D, suplemento de vitamina A, suplemento de riboflavina, biotina, suplemento de vitamina B12, hidrocloruro de piridoxina, suplemento de vitamina D3, \u00e1cido f\u00f3lico), aceite de salm\u00f3n (conservado con tocoferoles mixtos), cloruro de colina, taurina.<\/p>\n<hr data-start=\"1046\" data-end=\"1049\" \/>\n<h3 data-start=\"1051\" data-end=\"1094\"><strong data-start=\"1055\" data-end=\"1092\">Contenido energ\u00e9tico (calculado):<\/strong><\/h3>\n<ul data-start=\"1095\" data-end=\"1156\">\n<li data-start=\"1095\" data-end=\"1114\">\n<p data-start=\"1097\" data-end=\"1114\"><strong data-start=\"1097\" data-end=\"1112\">890 kcal\/kg<\/strong><\/p>\n<\/li>\n<li data-start=\"1115\" data-end=\"1156\">\n<p data-start=\"1117\" data-end=\"1156\"><strong data-start=\"1117\" data-end=\"1138\">323 kcal por lata<\/strong> (363 g \/ 12.8 oz)<\/p>\n<\/li>\n<\/ul>\n<hr data-start=\"1158\" data-end=\"1161\" \/>\n<h3 data-start=\"1163\" data-end=\"1192\"><strong data-start=\"1167\" data-end=\"1192\">An\u00e1lisis Garantizado:<\/strong><\/h3>\n<ul data-start=\"1193\" data-end=\"1314\">\n<li data-start=\"1193\" data-end=\"1226\">\n<p data-start=\"1195\" data-end=\"1226\"><strong data-start=\"1195\" data-end=\"1221\">Prote\u00edna cruda (m\u00edn.):<\/strong> 8%<\/p>\n<\/li>\n<li data-start=\"1227\" data-end=\"1257\">\n<p data-start=\"1229\" data-end=\"1257\"><strong data-start=\"1229\" data-end=\"1252\">Grasa cruda (m\u00edn.):<\/strong> 3%<\/p>\n<\/li>\n<li data-start=\"1258\" data-end=\"1288\">\n<p data-start=\"1260\" data-end=\"1288\"><strong data-start=\"1260\" data-end=\"1283\">Fibra cruda (m\u00e1x.):<\/strong> 2%<\/p>\n<\/li>\n<li data-start=\"1289\" data-end=\"1314\">\n<p data-start=\"1291\" data-end=\"1314\"><strong data-start=\"1291\" data-end=\"1310\">Humedad (m\u00e1x.):<\/strong> 82%<\/p>\n<\/li>\n<\/ul>\n<hr data-start=\"1316\" data-end=\"1319\" \/>\n<h3 data-start=\"1321\" data-end=\"1355\"><strong data-start=\"1325\" data-end=\"1355\">Recomendaci\u00f3n nutricional:<\/strong><\/h3>\n<p data-start=\"1356\" data-end=\"1689\">La <strong data-start=\"1359\" data-end=\"1422\">Comida para Perros ACANA Receta de Cerdo en Caldo de Huesos<\/strong> est\u00e1 formulada para cumplir con los niveles nutricionales establecidos por los <strong data-start=\"1502\" data-end=\"1565\">perfiles nutricionales de alimentos para perros de la AAFCO<\/strong> para <strong data-start=\"1571\" data-end=\"1602\">todas las etapas de la vida<\/strong>, incluyendo el <strong data-start=\"1618\" data-end=\"1660\">crecimiento de perros de razas grandes<\/strong> (70 lb o m\u00e1s en la adultez).<\/p>\n","protected":false},"excerpt":{"rendered":"<p data-start=\"285\" data-end=\"656\">Cada lata de <strong data-start=\"298\" data-end=\"323\">ACANA\u2122 Premium Chunks<\/strong> est\u00e1 cuidadosamente elaborada de principio a fin. Nuestra <strong data-start=\"382\" data-end=\"420\">Receta de Cerdo en Caldo de Huesos<\/strong> contiene un 85\u202f%* de ingredientes de origen animal, en forma de trozos premium de cerdo. Adem\u00e1s, est\u00e1 equilibrada con un 15\u202f%*\u2020 de frutas y verduras visibles, todo en una base sabrosa de caldo de huesos que a tu perro le va a encantar.<\/p>\n<p data-start=\"658\" data-end=\"849\">Pod\u00e9s usarla como complemento del alimento seco ACANA favorito de tu perro para aportar m\u00e1s hidrataci\u00f3n y sabor irresistible, o d\u00e1rsela sola como una deliciosa recompensa durante las comidas.<\/p>\n<p data-start=\"851\" data-end=\"880\"><strong data-start=\"851\" data-end=\"880\">Ingredientes principales:<\/strong><\/p>\n<ul data-start=\"881\" data-end=\"971\">\n<li data-start=\"881\" data-end=\"905\">\n<p data-start=\"883\" data-end=\"905\">Cerdo fresco o crudo<\/p>\n<\/li>\n<li data-start=\"906\" data-end=\"924\">\n<p data-start=\"908\" data-end=\"924\">Caldo de cerdo<\/p>\n<\/li>\n<li data-start=\"925\" data-end=\"951\">\n<p data-start=\"927\" data-end=\"951\">Caldo de huesos de res<\/p>\n<\/li>\n<li data-start=\"952\" data-end=\"971\">\n<p data-start=\"954\" data-end=\"971\">H\u00edgado de cerdo<\/p>\n<\/li>\n<\/ul>\n<p data-start=\"973\" data-end=\"1107\">Nuestros ingredientes frescos se conservan \u00fanicamente mediante refrigeraci\u00f3n, y los crudos se congelan en su punto m\u00e1ximo de frescura.<\/p>\n<p data-start=\"1109\" data-end=\"1135\"><strong data-start=\"1109\" data-end=\"1135\">Beneficios destacados:<\/strong><\/p>\n<ul data-start=\"1136\" data-end=\"1401\">\n<li data-start=\"1136\" data-end=\"1196\">\n<p data-start=\"1138\" data-end=\"1196\">Contiene trozos visibles y de alta calidad de cerdo real<\/p>\n<\/li>\n<li data-start=\"1197\" data-end=\"1265\">\n<p data-start=\"1199\" data-end=\"1265\">Base de caldo de huesos sabroso que aporta un sabor irresistible<\/p>\n<\/li>\n<li data-start=\"1266\" data-end=\"1331\">\n<p data-start=\"1268\" data-end=\"1331\">Ideal para combinar con croquetas ACANA y mejorar las comidas<\/p>\n<\/li>\n<li data-start=\"1332\" data-end=\"1401\">\n<p data-start=\"1334\" data-end=\"1401\">Alto contenido de humedad para mantener a tu perro bien hidratado<\/p>\n<\/li>\n<\/ul>\n","protected":false},"featured_media":8039,"comment_status":"open","ping_status":"closed","template":"","meta":{"pgc_sgb_lightbox_settings":""},"product_brand":[],"product_cat":[48],"product_tag":[],"class_list":{"0":"post-8036","1":"product","2":"type-product","3":"status-publish","4":"has-post-thumbnail","6":"product_cat-perros","8":"first","9":"instock","10":"shipping-taxable","11":"product-type-simple"},"yoast_head":"<!-- This site is optimized with the Yoast SEO plugin v26.1.1 - https:\/\/yoast.com\/wordpress\/plugins\/seo\/ -->\n<title>Premium Chunks \u2013 Receta de Cerdo en Caldo de Huesos - Acana<\/title>\n<meta name=\"description\" content=\"Trozos de cerdo real en caldo de huesos. Comida h\u00fameda para perros de todas las razas. Alta hidrataci\u00f3n y sabor irresistible.\" \/>\n<meta name=\"robots\" content=\"index, follow, max-snippet:-1, max-image-preview:large, max-video-preview:-1\" \/>\n<link rel=\"canonical\" href=\"https:\/\/sadenir.com.uy\/acana\/shop\/perros\/premium-chunks-receta-de-cerdo-en-caldo-de-huesos\/\" \/>\n<meta property=\"og:locale\" content=\"es_ES\" \/>\n<meta property=\"og:type\" content=\"article\" \/>\n<meta property=\"og:title\" content=\"Premium Chunks \u2013 Receta de Cerdo en Caldo de Huesos - Acana\" \/>\n<meta property=\"og:description\" content=\"Trozos de cerdo real en caldo de huesos. Comida h\u00fameda para perros de todas las razas. Alta hidrataci\u00f3n y sabor irresistible.\" \/>\n<meta property=\"og:url\" content=\"https:\/\/sadenir.com.uy\/acana\/shop\/perros\/premium-chunks-receta-de-cerdo-en-caldo-de-huesos\/\" \/>\n<meta property=\"og:site_name\" content=\"Acana\" \/>\n<meta property=\"article:modified_time\" content=\"2026-01-26T12:20:26+00:00\" \/>\n<meta property=\"og:image\" content=\"https:\/\/sadenir.com.uy\/acana\/wp-content\/uploads\/sites\/11\/2025\/08\/ACANA-Premium-Chunks-Wet-Dog-Pork-Recipe-Front.webp\" \/>\n\t<meta property=\"og:image:width\" content=\"450\" \/>\n\t<meta property=\"og:image:height\" content=\"450\" \/>\n\t<meta property=\"og:image:type\" content=\"image\/png\" \/>\n<meta name=\"twitter:card\" content=\"summary_large_image\" \/>\n<meta name=\"twitter:label1\" content=\"Tiempo de lectura\" \/>\n\t<meta name=\"twitter:data1\" content=\"2 minutos\" \/>\n<script type=\"application\/ld+json\" class=\"yoast-schema-graph\">{\"@context\":\"https:\/\/schema.org\",\"@graph\":[{\"@type\":\"WebPage\",\"@id\":\"https:\/\/sadenir.com.uy\/acana\/shop\/perros\/premium-chunks-receta-de-cerdo-en-caldo-de-huesos\/\",\"url\":\"https:\/\/sadenir.com.uy\/acana\/shop\/perros\/premium-chunks-receta-de-cerdo-en-caldo-de-huesos\/\",\"name\":\"Premium Chunks \u2013 Receta de Cerdo en Caldo de Huesos - Acana\",\"isPartOf\":{\"@id\":\"https:\/\/sadenir.com.uy\/acana\/#website\"},\"primaryImageOfPage\":{\"@id\":\"https:\/\/sadenir.com.uy\/acana\/shop\/perros\/premium-chunks-receta-de-cerdo-en-caldo-de-huesos\/#primaryimage\"},\"image\":{\"@id\":\"https:\/\/sadenir.com.uy\/acana\/shop\/perros\/premium-chunks-receta-de-cerdo-en-caldo-de-huesos\/#primaryimage\"},\"thumbnailUrl\":\"https:\/\/sadenir.com.uy\/acana\/wp-content\/uploads\/sites\/11\/2025\/08\/ACANA-Premium-Chunks-Wet-Dog-Pork-Recipe-Front.webp\",\"datePublished\":\"2025-08-07T18:18:23+00:00\",\"dateModified\":\"2026-01-26T12:20:26+00:00\",\"description\":\"Trozos de cerdo real en caldo de huesos. Comida h\u00fameda para perros de todas las razas. Alta hidrataci\u00f3n y sabor irresistible.\",\"breadcrumb\":{\"@id\":\"https:\/\/sadenir.com.uy\/acana\/shop\/perros\/premium-chunks-receta-de-cerdo-en-caldo-de-huesos\/#breadcrumb\"},\"inLanguage\":\"es-AR\",\"potentialAction\":[{\"@type\":\"ReadAction\",\"target\":[\"https:\/\/sadenir.com.uy\/acana\/shop\/perros\/premium-chunks-receta-de-cerdo-en-caldo-de-huesos\/\"]}]},{\"@type\":\"ImageObject\",\"inLanguage\":\"es-AR\",\"@id\":\"https:\/\/sadenir.com.uy\/acana\/shop\/perros\/premium-chunks-receta-de-cerdo-en-caldo-de-huesos\/#primaryimage\",\"url\":\"https:\/\/sadenir.com.uy\/acana\/wp-content\/uploads\/sites\/11\/2025\/08\/ACANA-Premium-Chunks-Wet-Dog-Pork-Recipe-Front.webp\",\"contentUrl\":\"https:\/\/sadenir.com.uy\/acana\/wp-content\/uploads\/sites\/11\/2025\/08\/ACANA-Premium-Chunks-Wet-Dog-Pork-Recipe-Front.webp\",\"width\":450,\"height\":450},{\"@type\":\"BreadcrumbList\",\"@id\":\"https:\/\/sadenir.com.uy\/acana\/shop\/perros\/premium-chunks-receta-de-cerdo-en-caldo-de-huesos\/#breadcrumb\",\"itemListElement\":[{\"@type\":\"ListItem\",\"position\":1,\"name\":\"Inicio\",\"item\":\"https:\/\/sadenir.com.uy\/acana\/\"},{\"@type\":\"ListItem\",\"position\":2,\"name\":\"Productos\",\"item\":\"https:\/\/sadenir.com.uy\/acana\/tienda\/\"},{\"@type\":\"ListItem\",\"position\":3,\"name\":\"Premium Chunks \u2013 Receta de Cerdo en Caldo de Huesos\"}]},{\"@type\":\"WebSite\",\"@id\":\"https:\/\/sadenir.com.uy\/acana\/#website\",\"url\":\"https:\/\/sadenir.com.uy\/acana\/\",\"name\":\"Acana\",\"description\":\"\",\"potentialAction\":[{\"@type\":\"SearchAction\",\"target\":{\"@type\":\"EntryPoint\",\"urlTemplate\":\"https:\/\/sadenir.com.uy\/acana\/?s={search_term_string}\"},\"query-input\":{\"@type\":\"PropertyValueSpecification\",\"valueRequired\":true,\"valueName\":\"search_term_string\"}}],\"inLanguage\":\"es-AR\"}]}<\/script>\n<!-- \/ Yoast SEO plugin. -->","yoast_head_json":{"title":"Premium Chunks \u2013 Receta de Cerdo en Caldo de Huesos - Acana","description":"Trozos de cerdo real en caldo de huesos. Comida h\u00fameda para perros de todas las razas. Alta hidrataci\u00f3n y sabor irresistible.","robots":{"index":"index","follow":"follow","max-snippet":"max-snippet:-1","max-image-preview":"max-image-preview:large","max-video-preview":"max-video-preview:-1"},"canonical":"https:\/\/sadenir.com.uy\/acana\/shop\/perros\/premium-chunks-receta-de-cerdo-en-caldo-de-huesos\/","og_locale":"es_ES","og_type":"article","og_title":"Premium Chunks \u2013 Receta de Cerdo en Caldo de Huesos - Acana","og_description":"Trozos de cerdo real en caldo de huesos. Comida h\u00fameda para perros de todas las razas. Alta hidrataci\u00f3n y sabor irresistible.","og_url":"https:\/\/sadenir.com.uy\/acana\/shop\/perros\/premium-chunks-receta-de-cerdo-en-caldo-de-huesos\/","og_site_name":"Acana","article_modified_time":"2026-01-26T12:20:26+00:00","og_image":[{"width":450,"height":450,"url":"https:\/\/sadenir.com.uy\/acana\/wp-content\/uploads\/sites\/11\/2025\/08\/ACANA-Premium-Chunks-Wet-Dog-Pork-Recipe-Front.webp","type":"image\/png"}],"twitter_card":"summary_large_image","twitter_misc":{"Tiempo de lectura":"2 minutos"},"schema":{"@context":"https:\/\/schema.org","@graph":[{"@type":"WebPage","@id":"https:\/\/sadenir.com.uy\/acana\/shop\/perros\/premium-chunks-receta-de-cerdo-en-caldo-de-huesos\/","url":"https:\/\/sadenir.com.uy\/acana\/shop\/perros\/premium-chunks-receta-de-cerdo-en-caldo-de-huesos\/","name":"Premium Chunks \u2013 Receta de Cerdo en Caldo de Huesos - Acana","isPartOf":{"@id":"https:\/\/sadenir.com.uy\/acana\/#website"},"primaryImageOfPage":{"@id":"https:\/\/sadenir.com.uy\/acana\/shop\/perros\/premium-chunks-receta-de-cerdo-en-caldo-de-huesos\/#primaryimage"},"image":{"@id":"https:\/\/sadenir.com.uy\/acana\/shop\/perros\/premium-chunks-receta-de-cerdo-en-caldo-de-huesos\/#primaryimage"},"thumbnailUrl":"https:\/\/sadenir.com.uy\/acana\/wp-content\/uploads\/sites\/11\/2025\/08\/ACANA-Premium-Chunks-Wet-Dog-Pork-Recipe-Front.webp","datePublished":"2025-08-07T18:18:23+00:00","dateModified":"2026-01-26T12:20:26+00:00","description":"Trozos de cerdo real en caldo de huesos. Comida h\u00fameda para perros de todas las razas. Alta hidrataci\u00f3n y sabor irresistible.","breadcrumb":{"@id":"https:\/\/sadenir.com.uy\/acana\/shop\/perros\/premium-chunks-receta-de-cerdo-en-caldo-de-huesos\/#breadcrumb"},"inLanguage":"es-AR","potentialAction":[{"@type":"ReadAction","target":["https:\/\/sadenir.com.uy\/acana\/shop\/perros\/premium-chunks-receta-de-cerdo-en-caldo-de-huesos\/"]}]},{"@type":"ImageObject","inLanguage":"es-AR","@id":"https:\/\/sadenir.com.uy\/acana\/shop\/perros\/premium-chunks-receta-de-cerdo-en-caldo-de-huesos\/#primaryimage","url":"https:\/\/sadenir.com.uy\/acana\/wp-content\/uploads\/sites\/11\/2025\/08\/ACANA-Premium-Chunks-Wet-Dog-Pork-Recipe-Front.webp","contentUrl":"https:\/\/sadenir.com.uy\/acana\/wp-content\/uploads\/sites\/11\/2025\/08\/ACANA-Premium-Chunks-Wet-Dog-Pork-Recipe-Front.webp","width":450,"height":450},{"@type":"BreadcrumbList","@id":"https:\/\/sadenir.com.uy\/acana\/shop\/perros\/premium-chunks-receta-de-cerdo-en-caldo-de-huesos\/#breadcrumb","itemListElement":[{"@type":"ListItem","position":1,"name":"Inicio","item":"https:\/\/sadenir.com.uy\/acana\/"},{"@type":"ListItem","position":2,"name":"Productos","item":"https:\/\/sadenir.com.uy\/acana\/tienda\/"},{"@type":"ListItem","position":3,"name":"Premium Chunks \u2013 Receta de Cerdo en Caldo de Huesos"}]},{"@type":"WebSite","@id":"https:\/\/sadenir.com.uy\/acana\/#website","url":"https:\/\/sadenir.com.uy\/acana\/","name":"Acana","description":"","potentialAction":[{"@type":"SearchAction","target":{"@type":"EntryPoint","urlTemplate":"https:\/\/sadenir.com.uy\/acana\/?s={search_term_string}"},"query-input":{"@type":"PropertyValueSpecification","valueRequired":true,"valueName":"search_term_string"}}],"inLanguage":"es-AR"}]}},"_links":{"self":[{"href":"https:\/\/sadenir.com.uy\/acana\/wp-json\/wp\/v2\/product\/8036","targetHints":{"allow":["GET"]}}],"collection":[{"href":"https:\/\/sadenir.com.uy\/acana\/wp-json\/wp\/v2\/product"}],"about":[{"href":"https:\/\/sadenir.com.uy\/acana\/wp-json\/wp\/v2\/types\/product"}],"replies":[{"embeddable":true,"href":"https:\/\/sadenir.com.uy\/acana\/wp-json\/wp\/v2\/comments?post=8036"}],"wp:featuredmedia":[{"embeddable":true,"href":"https:\/\/sadenir.com.uy\/acana\/wp-json\/wp\/v2\/media\/8039"}],"wp:attachment":[{"href":"https:\/\/sadenir.com.uy\/acana\/wp-json\/wp\/v2\/media?parent=8036"}],"wp:term":[{"taxonomy":"product_brand","embeddable":true,"href":"https:\/\/sadenir.com.uy\/acana\/wp-json\/wp\/v2\/product_brand?post=8036"},{"taxonomy":"product_cat","embeddable":true,"href":"https:\/\/sadenir.com.uy\/acana\/wp-json\/wp\/v2\/product_cat?post=8036"},{"taxonomy":"product_tag","embeddable":true,"href":"https:\/\/sadenir.com.uy\/acana\/wp-json\/wp\/v2\/product_tag?post=8036"}],"curies":[{"name":"wp","href":"https:\/\/api.w.org\/{rel}","templated":true}]}}