{"id":8040,"date":"2025-08-07T15:22:43","date_gmt":"2025-08-07T18:22:43","guid":{"rendered":"https:\/\/sadenir.com.uy\/acana\/?post_type=product&#038;p=8040"},"modified":"2026-03-18T00:05:58","modified_gmt":"2026-03-18T03:05:58","slug":"premium-chunks-receta-de-carne-en-caldo-de-huesos","status":"publish","type":"product","link":"https:\/\/sadenir.com.uy\/acana\/shop\/perros\/premium-chunks-receta-de-carne-en-caldo-de-huesos\/","title":{"rendered":"Premium Chunks \u2013 Receta de Carne en Caldo de Huesos"},"content":{"rendered":"<h3 data-start=\"193\" data-end=\"214\"><strong data-start=\"197\" data-end=\"214\">Ingredientes:<\/strong><\/h3>\n<p data-start=\"215\" data-end=\"1097\">Carne de res, caldo de huesos de res, caldo de cordero, batatas, h\u00edgado de res, ar\u00e1ndanos rojos, zanahorias, bisonte, espinaca, clara de huevo deshidratada, producto de huevo deshidratado, sabor natural, goma guar org\u00e1nica, calabaza, fosfato de sodio, cloruro de potasio, sal, minerales (quelato de amino\u00e1cidos de zinc, quelato de amino\u00e1cidos de hierro, levadura con selenio, quelato de amino\u00e1cidos de cobre, quelato de amino\u00e1cidos de manganeso, quelato de amino\u00e1cidos de cobalto, yoduro de potasio), ar\u00e1ndanos, aceite de girasol, aceite de arenque (conservado con tocoferoles mixtos), vitaminas (suplemento de vitamina E, mononitrato de tiamina, suplemento de niacina, pantotenato de calcio D, suplemento de vitamina A, suplemento de riboflavina, biotina, suplemento de vitamina B12, hidrocloruro de piridoxina, suplemento de vitamina D3, \u00e1cido f\u00f3lico), cloruro de colina, taurina.<\/p>\n<hr data-start=\"1099\" data-end=\"1102\" \/>\n<h3 data-start=\"1104\" data-end=\"1147\"><strong data-start=\"1108\" data-end=\"1145\">Contenido energ\u00e9tico (calculado):<\/strong><\/h3>\n<ul data-start=\"1148\" data-end=\"1209\">\n<li data-start=\"1148\" data-end=\"1167\">\n<p data-start=\"1150\" data-end=\"1167\"><strong data-start=\"1150\" data-end=\"1165\">919 kcal\/kg<\/strong><\/p>\n<\/li>\n<li data-start=\"1168\" data-end=\"1209\">\n<p data-start=\"1170\" data-end=\"1209\"><strong data-start=\"1170\" data-end=\"1191\">334 kcal por lata<\/strong> (363 g \/ 12.8 oz)<\/p>\n<\/li>\n<\/ul>\n<hr data-start=\"1211\" data-end=\"1214\" \/>\n<h3 data-start=\"1216\" data-end=\"1250\"><strong data-start=\"1220\" data-end=\"1250\">Recomendaci\u00f3n nutricional:<\/strong><\/h3>\n<p data-start=\"1251\" data-end=\"1584\">La <strong data-start=\"1254\" data-end=\"1317\">Comida para Perros ACANA Receta de Carne en Caldo de Huesos<\/strong> est\u00e1 formulada para cumplir con los niveles nutricionales establecidos por los <strong data-start=\"1397\" data-end=\"1460\">perfiles nutricionales de alimentos para perros de la AAFCO<\/strong> para <strong data-start=\"1466\" data-end=\"1497\">todas las etapas de la vida<\/strong>, incluyendo el <strong data-start=\"1513\" data-end=\"1555\">crecimiento de perros de razas grandes<\/strong> (70 lb o m\u00e1s en la adultez).<\/p>\n","protected":false},"excerpt":{"rendered":"<p data-start=\"256\" data-end=\"644\">Cada lata de <strong data-start=\"269\" data-end=\"294\">ACANA\u2122 Premium Chunks<\/strong> est\u00e1 cuidadosamente elaborada de principio a fin. Nuestra <strong data-start=\"353\" data-end=\"391\">Receta de Carne en Caldo de Huesos<\/strong> contiene un 85\u202f%* de ingredientes de origen animal, en forma de trozos premium de carne vacuna y cordero. Adem\u00e1s, est\u00e1 equilibrada con un 15\u202f%*\u2020 de frutas y verduras visibles, todo en una base sabrosa de caldo de huesos que a tu perro le va a encantar.<\/p>\n<p data-start=\"646\" data-end=\"837\">Pod\u00e9s usarla como complemento del alimento seco ACANA favorito de tu perro para aportar m\u00e1s hidrataci\u00f3n y sabor irresistible, o d\u00e1rsela sola como una deliciosa recompensa durante las comidas.<\/p>\n<p data-start=\"839\" data-end=\"868\"><strong data-start=\"839\" data-end=\"868\">Ingredientes principales:<\/strong><\/p>\n<ul data-start=\"869\" data-end=\"948\">\n<li data-start=\"869\" data-end=\"900\">\n<p data-start=\"871\" data-end=\"900\">Carne de res fresca o cruda<\/p>\n<\/li>\n<li data-start=\"901\" data-end=\"927\">\n<p data-start=\"903\" data-end=\"927\">Caldo de huesos de res<\/p>\n<\/li>\n<li data-start=\"928\" data-end=\"948\">\n<p data-start=\"930\" data-end=\"948\">Caldo de cordero<\/p>\n<\/li>\n<\/ul>\n<p data-start=\"950\" data-end=\"1084\">Nuestros ingredientes frescos se conservan \u00fanicamente mediante refrigeraci\u00f3n, y los crudos se congelan en su punto m\u00e1ximo de frescura.<\/p>\n<p data-start=\"1086\" data-end=\"1112\"><strong data-start=\"1086\" data-end=\"1112\">Beneficios destacados:<\/strong><\/p>\n<ul data-start=\"1113\" data-end=\"1378\">\n<li data-start=\"1113\" data-end=\"1173\">\n<p data-start=\"1115\" data-end=\"1173\">Contiene trozos visibles y de alta calidad de carne real<\/p>\n<\/li>\n<li data-start=\"1174\" data-end=\"1242\">\n<p data-start=\"1176\" data-end=\"1242\">Base de caldo de huesos sabroso que aporta un sabor irresistible<\/p>\n<\/li>\n<li data-start=\"1243\" data-end=\"1308\">\n<p data-start=\"1245\" data-end=\"1308\">Ideal para combinar con croquetas ACANA y mejorar las comidas<\/p>\n<\/li>\n<li data-start=\"1309\" data-end=\"1378\">\n<p data-start=\"1311\" data-end=\"1378\">Alto contenido de humedad para mantener a tu perro bien hidratado<\/p>\n<\/li>\n<\/ul>\n","protected":false},"featured_media":8041,"comment_status":"open","ping_status":"closed","template":"","meta":{"pgc_sgb_lightbox_settings":""},"product_brand":[],"product_cat":[48],"product_tag":[],"class_list":{"0":"post-8040","1":"product","2":"type-product","3":"status-publish","4":"has-post-thumbnail","6":"product_cat-perros","8":"first","9":"instock","10":"shipping-taxable","11":"product-type-simple"},"yoast_head":"<!-- This site is optimized with the Yoast SEO plugin v26.1.1 - https:\/\/yoast.com\/wordpress\/plugins\/seo\/ -->\n<title>Premium Chunks \u2013 Receta de Carne en Caldo de Huesos - Acana<\/title>\n<meta name=\"description\" content=\"Deliciosa receta con carne de res y caldo de huesos. Comida h\u00fameda para perros de carne, natural para todas las etapas. Alta en humedad y prote\u00edna.\" \/>\n<meta name=\"robots\" content=\"index, follow, max-snippet:-1, max-image-preview:large, max-video-preview:-1\" \/>\n<link rel=\"canonical\" href=\"https:\/\/sadenir.com.uy\/acana\/shop\/perros\/premium-chunks-receta-de-carne-en-caldo-de-huesos\/\" \/>\n<meta property=\"og:locale\" content=\"es_ES\" \/>\n<meta property=\"og:type\" content=\"article\" \/>\n<meta property=\"og:title\" content=\"Premium Chunks \u2013 Receta de Carne en Caldo de Huesos - Acana\" \/>\n<meta property=\"og:description\" content=\"Deliciosa receta con carne de res y caldo de huesos. Comida h\u00fameda para perros de carne, natural para todas las etapas. Alta en humedad y prote\u00edna.\" \/>\n<meta property=\"og:url\" content=\"https:\/\/sadenir.com.uy\/acana\/shop\/perros\/premium-chunks-receta-de-carne-en-caldo-de-huesos\/\" \/>\n<meta property=\"og:site_name\" content=\"Acana\" \/>\n<meta property=\"article:modified_time\" content=\"2026-03-18T03:05:58+00:00\" \/>\n<meta property=\"og:image\" content=\"https:\/\/sadenir.com.uy\/acana\/wp-content\/uploads\/sites\/11\/2025\/08\/1928_1005270_FR__88352.169747110.png\" \/>\n\t<meta property=\"og:image:width\" content=\"1000\" \/>\n\t<meta property=\"og:image:height\" content=\"1000\" \/>\n\t<meta property=\"og:image:type\" content=\"image\/png\" \/>\n<meta name=\"twitter:card\" content=\"summary_large_image\" \/>\n<meta name=\"twitter:label1\" content=\"Tiempo de lectura\" \/>\n\t<meta name=\"twitter:data1\" content=\"2 minutos\" \/>\n<script type=\"application\/ld+json\" class=\"yoast-schema-graph\">{\"@context\":\"https:\/\/schema.org\",\"@graph\":[{\"@type\":\"WebPage\",\"@id\":\"https:\/\/sadenir.com.uy\/acana\/shop\/perros\/premium-chunks-receta-de-carne-en-caldo-de-huesos\/\",\"url\":\"https:\/\/sadenir.com.uy\/acana\/shop\/perros\/premium-chunks-receta-de-carne-en-caldo-de-huesos\/\",\"name\":\"Premium Chunks \u2013 Receta de Carne en Caldo de Huesos - Acana\",\"isPartOf\":{\"@id\":\"https:\/\/sadenir.com.uy\/acana\/#website\"},\"primaryImageOfPage\":{\"@id\":\"https:\/\/sadenir.com.uy\/acana\/shop\/perros\/premium-chunks-receta-de-carne-en-caldo-de-huesos\/#primaryimage\"},\"image\":{\"@id\":\"https:\/\/sadenir.com.uy\/acana\/shop\/perros\/premium-chunks-receta-de-carne-en-caldo-de-huesos\/#primaryimage\"},\"thumbnailUrl\":\"https:\/\/sadenir.com.uy\/acana\/wp-content\/uploads\/sites\/11\/2025\/08\/1928_1005270_FR__88352.169747110.png\",\"datePublished\":\"2025-08-07T18:22:43+00:00\",\"dateModified\":\"2026-03-18T03:05:58+00:00\",\"description\":\"Deliciosa receta con carne de res y caldo de huesos. Comida h\u00fameda para perros de carne, natural para todas las etapas. Alta en humedad y prote\u00edna.\",\"breadcrumb\":{\"@id\":\"https:\/\/sadenir.com.uy\/acana\/shop\/perros\/premium-chunks-receta-de-carne-en-caldo-de-huesos\/#breadcrumb\"},\"inLanguage\":\"es-AR\",\"potentialAction\":[{\"@type\":\"ReadAction\",\"target\":[\"https:\/\/sadenir.com.uy\/acana\/shop\/perros\/premium-chunks-receta-de-carne-en-caldo-de-huesos\/\"]}]},{\"@type\":\"ImageObject\",\"inLanguage\":\"es-AR\",\"@id\":\"https:\/\/sadenir.com.uy\/acana\/shop\/perros\/premium-chunks-receta-de-carne-en-caldo-de-huesos\/#primaryimage\",\"url\":\"https:\/\/sadenir.com.uy\/acana\/wp-content\/uploads\/sites\/11\/2025\/08\/1928_1005270_FR__88352.169747110.png\",\"contentUrl\":\"https:\/\/sadenir.com.uy\/acana\/wp-content\/uploads\/sites\/11\/2025\/08\/1928_1005270_FR__88352.169747110.png\",\"width\":1000,\"height\":1000},{\"@type\":\"BreadcrumbList\",\"@id\":\"https:\/\/sadenir.com.uy\/acana\/shop\/perros\/premium-chunks-receta-de-carne-en-caldo-de-huesos\/#breadcrumb\",\"itemListElement\":[{\"@type\":\"ListItem\",\"position\":1,\"name\":\"Inicio\",\"item\":\"https:\/\/sadenir.com.uy\/acana\/\"},{\"@type\":\"ListItem\",\"position\":2,\"name\":\"Productos\",\"item\":\"https:\/\/sadenir.com.uy\/acana\/tienda\/\"},{\"@type\":\"ListItem\",\"position\":3,\"name\":\"Premium Chunks \u2013 Receta de Carne en Caldo de Huesos\"}]},{\"@type\":\"WebSite\",\"@id\":\"https:\/\/sadenir.com.uy\/acana\/#website\",\"url\":\"https:\/\/sadenir.com.uy\/acana\/\",\"name\":\"Acana\",\"description\":\"\",\"potentialAction\":[{\"@type\":\"SearchAction\",\"target\":{\"@type\":\"EntryPoint\",\"urlTemplate\":\"https:\/\/sadenir.com.uy\/acana\/?s={search_term_string}\"},\"query-input\":{\"@type\":\"PropertyValueSpecification\",\"valueRequired\":true,\"valueName\":\"search_term_string\"}}],\"inLanguage\":\"es-AR\"}]}<\/script>\n<!-- \/ Yoast SEO plugin. -->","yoast_head_json":{"title":"Premium Chunks \u2013 Receta de Carne en Caldo de Huesos - Acana","description":"Deliciosa receta con carne de res y caldo de huesos. Comida h\u00fameda para perros de carne, natural para todas las etapas. Alta en humedad y prote\u00edna.","robots":{"index":"index","follow":"follow","max-snippet":"max-snippet:-1","max-image-preview":"max-image-preview:large","max-video-preview":"max-video-preview:-1"},"canonical":"https:\/\/sadenir.com.uy\/acana\/shop\/perros\/premium-chunks-receta-de-carne-en-caldo-de-huesos\/","og_locale":"es_ES","og_type":"article","og_title":"Premium Chunks \u2013 Receta de Carne en Caldo de Huesos - Acana","og_description":"Deliciosa receta con carne de res y caldo de huesos. Comida h\u00fameda para perros de carne, natural para todas las etapas. Alta en humedad y prote\u00edna.","og_url":"https:\/\/sadenir.com.uy\/acana\/shop\/perros\/premium-chunks-receta-de-carne-en-caldo-de-huesos\/","og_site_name":"Acana","article_modified_time":"2026-03-18T03:05:58+00:00","og_image":[{"width":1000,"height":1000,"url":"https:\/\/sadenir.com.uy\/acana\/wp-content\/uploads\/sites\/11\/2025\/08\/1928_1005270_FR__88352.169747110.png","type":"image\/png"}],"twitter_card":"summary_large_image","twitter_misc":{"Tiempo de lectura":"2 minutos"},"schema":{"@context":"https:\/\/schema.org","@graph":[{"@type":"WebPage","@id":"https:\/\/sadenir.com.uy\/acana\/shop\/perros\/premium-chunks-receta-de-carne-en-caldo-de-huesos\/","url":"https:\/\/sadenir.com.uy\/acana\/shop\/perros\/premium-chunks-receta-de-carne-en-caldo-de-huesos\/","name":"Premium Chunks \u2013 Receta de Carne en Caldo de Huesos - Acana","isPartOf":{"@id":"https:\/\/sadenir.com.uy\/acana\/#website"},"primaryImageOfPage":{"@id":"https:\/\/sadenir.com.uy\/acana\/shop\/perros\/premium-chunks-receta-de-carne-en-caldo-de-huesos\/#primaryimage"},"image":{"@id":"https:\/\/sadenir.com.uy\/acana\/shop\/perros\/premium-chunks-receta-de-carne-en-caldo-de-huesos\/#primaryimage"},"thumbnailUrl":"https:\/\/sadenir.com.uy\/acana\/wp-content\/uploads\/sites\/11\/2025\/08\/1928_1005270_FR__88352.169747110.png","datePublished":"2025-08-07T18:22:43+00:00","dateModified":"2026-03-18T03:05:58+00:00","description":"Deliciosa receta con carne de res y caldo de huesos. Comida h\u00fameda para perros de carne, natural para todas las etapas. Alta en humedad y prote\u00edna.","breadcrumb":{"@id":"https:\/\/sadenir.com.uy\/acana\/shop\/perros\/premium-chunks-receta-de-carne-en-caldo-de-huesos\/#breadcrumb"},"inLanguage":"es-AR","potentialAction":[{"@type":"ReadAction","target":["https:\/\/sadenir.com.uy\/acana\/shop\/perros\/premium-chunks-receta-de-carne-en-caldo-de-huesos\/"]}]},{"@type":"ImageObject","inLanguage":"es-AR","@id":"https:\/\/sadenir.com.uy\/acana\/shop\/perros\/premium-chunks-receta-de-carne-en-caldo-de-huesos\/#primaryimage","url":"https:\/\/sadenir.com.uy\/acana\/wp-content\/uploads\/sites\/11\/2025\/08\/1928_1005270_FR__88352.169747110.png","contentUrl":"https:\/\/sadenir.com.uy\/acana\/wp-content\/uploads\/sites\/11\/2025\/08\/1928_1005270_FR__88352.169747110.png","width":1000,"height":1000},{"@type":"BreadcrumbList","@id":"https:\/\/sadenir.com.uy\/acana\/shop\/perros\/premium-chunks-receta-de-carne-en-caldo-de-huesos\/#breadcrumb","itemListElement":[{"@type":"ListItem","position":1,"name":"Inicio","item":"https:\/\/sadenir.com.uy\/acana\/"},{"@type":"ListItem","position":2,"name":"Productos","item":"https:\/\/sadenir.com.uy\/acana\/tienda\/"},{"@type":"ListItem","position":3,"name":"Premium Chunks \u2013 Receta de Carne en Caldo de Huesos"}]},{"@type":"WebSite","@id":"https:\/\/sadenir.com.uy\/acana\/#website","url":"https:\/\/sadenir.com.uy\/acana\/","name":"Acana","description":"","potentialAction":[{"@type":"SearchAction","target":{"@type":"EntryPoint","urlTemplate":"https:\/\/sadenir.com.uy\/acana\/?s={search_term_string}"},"query-input":{"@type":"PropertyValueSpecification","valueRequired":true,"valueName":"search_term_string"}}],"inLanguage":"es-AR"}]}},"_links":{"self":[{"href":"https:\/\/sadenir.com.uy\/acana\/wp-json\/wp\/v2\/product\/8040","targetHints":{"allow":["GET"]}}],"collection":[{"href":"https:\/\/sadenir.com.uy\/acana\/wp-json\/wp\/v2\/product"}],"about":[{"href":"https:\/\/sadenir.com.uy\/acana\/wp-json\/wp\/v2\/types\/product"}],"replies":[{"embeddable":true,"href":"https:\/\/sadenir.com.uy\/acana\/wp-json\/wp\/v2\/comments?post=8040"}],"wp:featuredmedia":[{"embeddable":true,"href":"https:\/\/sadenir.com.uy\/acana\/wp-json\/wp\/v2\/media\/8041"}],"wp:attachment":[{"href":"https:\/\/sadenir.com.uy\/acana\/wp-json\/wp\/v2\/media?parent=8040"}],"wp:term":[{"taxonomy":"product_brand","embeddable":true,"href":"https:\/\/sadenir.com.uy\/acana\/wp-json\/wp\/v2\/product_brand?post=8040"},{"taxonomy":"product_cat","embeddable":true,"href":"https:\/\/sadenir.com.uy\/acana\/wp-json\/wp\/v2\/product_cat?post=8040"},{"taxonomy":"product_tag","embeddable":true,"href":"https:\/\/sadenir.com.uy\/acana\/wp-json\/wp\/v2\/product_tag?post=8040"}],"curies":[{"name":"wp","href":"https:\/\/api.w.org\/{rel}","templated":true}]}}