{"id":5890,"date":"2020-08-15T23:35:05","date_gmt":"2020-08-15T23:35:05","guid":{"rendered":"https:\/\/www.andresdicamillo.com\/sadenir\/equilibrio\/?post_type=product&#038;p=5890"},"modified":"2025-04-28T14:17:09","modified_gmt":"2025-04-28T14:17:09","slug":"equilibrio-veterinary-cat-renal","status":"publish","type":"product","link":"https:\/\/sadenir.com.uy\/equilibrio\/shop\/veterinary\/equilibrio-veterinary-cat-renal\/","title":{"rendered":"Veterinary Gatos Renal"},"content":{"rendered":"<p><strong>PERIODO DE ADMINISTRACION<\/strong><\/p>\n<p>Enfermedad Renal Cr\u00f3nica (DRC) por toda la vida del animal o conforme orientaci\u00f3n del m\u00e9dico veterinario.<br \/>\nEmbalajes: 0,5 Kg y 2 Kg<\/p>\n<p><strong>NIVELES DE GARANTIA<\/strong><\/p>\n<p>Humedad (m\u00e1x.) 10%, Prote\u00edna Bruta (m\u00edn.) 24%, Prote\u00edna Bruta (m\u00e1x.) 26%, Extracto Et\u00e9reo (m\u00edn.) 19%, Materia Fibrosa (m\u00e1x.) 3,5%, Materia Mineral (m\u00e1x.) 7%, Calcio (m\u00e1x.) 0,75%, Calcio (m\u00edn.) 0,4%, F\u00f3sforo (m\u00edn.) 0,5%, F\u00f3sforo (m\u00e1x.) 0,75%, \u00c1cido Linol\u00e9nico (m\u00edn.) 0,9%, \u00c1cido Linoleico (m\u00edn.) 4,5%, DL- metionina (m\u00edn.) 0,9%, L-lisina (m\u00edn.) 0,5%, Taurina (m\u00edn.) 0,2%, Tript\u00f3fano (m\u00edn) 0,2%, Potasio (m\u00edn.) 0,6%, Magnesio (m\u00edn.) 0,05%, Inulina (m\u00edn.) 0,55%, Mannanoligossacar\u00eddeos 0,3%, Sodio (m\u00edn.) 0,08%, Sodio (m\u00e1x.) 0,2%, Bacillus subtilis (m\u00edn.) 2x107ufc\/kg, Bifidobacterium bifidum (m\u00edn.) 2x107ufc\/kg, Enterococcus faecium (m\u00edn.) 4x107ufc\/kg, Lactobacillus acidophilus (m\u00edn.) 5x107ufc\/kg, Lactobacillus casei (m\u00edn.) 4x107ufc\/kg, Lactobacillus lactis (m\u00edn.) 3x107ufc\/kg. Energ\u00eda Metabolizable: 4.005 kcal\/kg<\/p>\n<p><strong>COMPOSICION BASICA<\/strong><\/p>\n<p>Arroz quebrado, harina de v\u00edsceras de pollo, ma\u00edz integral molido, salvado de gluten de ma\u00edz -60, prote\u00edna aislada de soja, grasa de pollo, pulpa de remolacha, h\u00edgado de pollo, huevo deshidratado, aceite de pescado refinado (2,2%), levadura seca de cerveza, semilla de linaza, aditivo probi\u00f3tico, mannanoligossacar\u00eddeos, inulina, citrato de potasio, fosfato bic\u00e1lcico, cloruro de colina, extracto de yucca schidigera, aditivo antioxidante (tocoferol y esencia de romero), L-lisina, DL-metionina, taurina, tript\u00f3fano, \u00e1cido f\u00f3lico, \u00e1cido pantot\u00e9nico, beta caroteno, vitamina A, vitamina B1, vitamina B12, vitamina B2, vitamina B6, vitamina D, vitamina H, vitamina K, vitamina PP, vitamina E, vitamina C, cobre quelado, hierro quelado, manganeso quelado, levadura enriquecida con selenio, zinc quelado, yodato de calcio.<\/p>\n<p><strong>CONSIDERACIONES CLINICAS<\/strong><\/p>\n<p>La enfermedad renal cr\u00f3nica es una enfermedad degenerativa y progresiva, que cada d\u00eda se observa con m\u00e1s frecuencia en la cl\u00ednica de peque\u00f1os animales. Cuando se diagnostica la insuficiencia renal cr\u00f3nica, se sabe que el 75% de los ri\u00f1ones se encuentran comprometidos. La degeneraci\u00f3n que ocurre en el \u00f3rgano imposibilita el mismo de ejercer sus funciones, causando as\u00ed diversas complicaciones, si no es tratada y diagnosticada precozmente. Equilibrio Veterinary Renal Gatos \u2013 RE tiene en su composici\u00f3n ingredientes para auxiliar y disminuir los s\u00edntomas de las enfermedades. Cada ingrediente se encuentra en cantidades adecuadas para ayudar en el tratamiento y una palatabilidad alta, pues la caracter\u00edstica de esa enfermedad es el apetito bien delicado. \u2013 Bajo Sodio: Ayuda previniendo la retenci\u00f3n de l\u00edquidos como ascitis\/edema e hipertensi\u00f3n primaria; \u2013 F\u00f3sforo reducido: La restricci\u00f3n de f\u00f3sforo ayuda a retardar la progresi\u00f3n de la enfermedad renal; \u2013 Prote\u00edna reducida: 1\u00aa. Para reducir el grado de uremia; 2\u00aa. Para retardar la velocidad de la progresi\u00f3n de la enfermedad renal; \u2013 Altos tenores de \u00e1cidos grasos Omega 3 (de cadena longa): Mejorando el flujo renal (aporte sangu\u00edneo a los ri\u00f1ones) y modulan las reacciones inflamatorias; \u2013 Antioxidantes (tocoferoles y esencia de alecr\u00edn): Retardan los procesos oxidativos, mejoran el flujo renal y contribuyen para la manutenci\u00f3n del sistema inmunol\u00f3gico. \u2013 Fuente de fibras solubles: Reduciendo la excreci\u00f3n urinaria de nitr\u00f3geno y uremia. \u2013 Inclusi\u00f3n de citrato de potasio: para ayudar a mantener el pH urinario m\u00e1s alcalino.<\/p>\n<p><strong>MODO DE USO<\/strong><\/p>\n<p>Es de gran importancia para el \u00e9xito del tratamiento, que el animal no reciba otros tipos de alimentos (caseros o industrializados). \u2013 Siempre utilice ese producto con criterio, no excluyendo la terapia farmacol\u00f3gica.<\/p>\n","protected":false},"excerpt":{"rendered":"<p>&nbsp;<\/p>\n<p><strong>INDICACION<\/strong><\/p>\n<p>\u2013 Enfermedad renal cr\u00f3nica;<br \/>\n\u2013 Prevenci\u00f3n de Recidivas de la Urolit\u00edasis (oxalato, urato y cistina);<\/p>\n<p><strong>CONTRAINDICACION<\/strong><\/p>\n<p>\u2013 No recomendado para gatitos, gatas pre\u00f1adas y lactantes;<br \/>\n\u2013 Pacientes con hist\u00f3rico de pancreatitis;<br \/>\n\u2013 Hiperlipidemia;<br \/>\n\u2013 C\u00e1lculo de estruvita.<\/p>\n<p>&nbsp;<\/p>\n","protected":false},"featured_media":7565,"template":"","meta":{"pgc_sgb_lightbox_settings":""},"product_brand":[],"product_cat":[45],"product_tag":[],"class_list":{"0":"post-5890","1":"product","2":"type-product","3":"status-publish","4":"has-post-thumbnail","6":"product_cat-veterinary","8":"first","9":"instock","10":"shipping-taxable","11":"product-type-simple"},"yoast_head":"<!-- This site is optimized with the Yoast SEO plugin v26.1.1 - https:\/\/yoast.com\/wordpress\/plugins\/seo\/ -->\n<title>Veterinary Gatos Renal - Equilibrio<\/title>\n<meta name=\"robots\" content=\"index, follow, max-snippet:-1, max-image-preview:large, max-video-preview:-1\" \/>\n<link rel=\"canonical\" href=\"https:\/\/sadenir.com.uy\/equilibrio\/shop\/veterinary\/equilibrio-veterinary-cat-renal\/\" \/>\n<meta property=\"og:locale\" content=\"es_ES\" \/>\n<meta property=\"og:type\" content=\"article\" \/>\n<meta property=\"og:title\" content=\"Veterinary Gatos Renal - Equilibrio\" \/>\n<meta property=\"og:description\" content=\"&nbsp;  INDICACION  \u2013 Enfermedad renal cr\u00f3nica; \u2013 Prevenci\u00f3n de Recidivas de la Urolit\u00edasis (oxalato, urato y cistina);  CONTRAINDICACION  \u2013 No recomendado para gatitos, gatas pre\u00f1adas y lactantes; \u2013 Pacientes con hist\u00f3rico de pancreatitis; \u2013 Hiperlipidemia; \u2013 C\u00e1lculo de estruvita.  &nbsp;\" \/>\n<meta property=\"og:url\" content=\"https:\/\/sadenir.com.uy\/equilibrio\/shop\/veterinary\/equilibrio-veterinary-cat-renal\/\" \/>\n<meta property=\"og:site_name\" content=\"Equilibrio\" \/>\n<meta property=\"article:publisher\" content=\"https:\/\/www.facebook.com\/equilibriouruguay\" \/>\n<meta property=\"article:modified_time\" content=\"2025-04-28T14:17:09+00:00\" \/>\n<meta property=\"og:image\" content=\"https:\/\/sadenir.com.uy\/equilibrio\/wp-content\/uploads\/sites\/2\/2020\/08\/renal-gato.png\" \/>\n\t<meta property=\"og:image:width\" content=\"2362\" \/>\n\t<meta property=\"og:image:height\" content=\"2963\" \/>\n\t<meta property=\"og:image:type\" content=\"image\/png\" \/>\n<meta name=\"twitter:card\" content=\"summary_large_image\" \/>\n<meta name=\"twitter:label1\" content=\"Tiempo de lectura\" \/>\n\t<meta name=\"twitter:data1\" content=\"3 minutos\" \/>\n<script type=\"application\/ld+json\" class=\"yoast-schema-graph\">{\"@context\":\"https:\/\/schema.org\",\"@graph\":[{\"@type\":\"WebPage\",\"@id\":\"https:\/\/sadenir.com.uy\/equilibrio\/shop\/veterinary\/equilibrio-veterinary-cat-renal\/\",\"url\":\"https:\/\/sadenir.com.uy\/equilibrio\/shop\/veterinary\/equilibrio-veterinary-cat-renal\/\",\"name\":\"Veterinary Gatos Renal - Equilibrio\",\"isPartOf\":{\"@id\":\"https:\/\/sadenir.com.uy\/equilibrio\/#website\"},\"primaryImageOfPage\":{\"@id\":\"https:\/\/sadenir.com.uy\/equilibrio\/shop\/veterinary\/equilibrio-veterinary-cat-renal\/#primaryimage\"},\"image\":{\"@id\":\"https:\/\/sadenir.com.uy\/equilibrio\/shop\/veterinary\/equilibrio-veterinary-cat-renal\/#primaryimage\"},\"thumbnailUrl\":\"https:\/\/sadenir.com.uy\/equilibrio\/wp-content\/uploads\/sites\/2\/2020\/08\/renal-gato.png\",\"datePublished\":\"2020-08-15T23:35:05+00:00\",\"dateModified\":\"2025-04-28T14:17:09+00:00\",\"breadcrumb\":{\"@id\":\"https:\/\/sadenir.com.uy\/equilibrio\/shop\/veterinary\/equilibrio-veterinary-cat-renal\/#breadcrumb\"},\"inLanguage\":\"es-AR\",\"potentialAction\":[{\"@type\":\"ReadAction\",\"target\":[\"https:\/\/sadenir.com.uy\/equilibrio\/shop\/veterinary\/equilibrio-veterinary-cat-renal\/\"]}]},{\"@type\":\"ImageObject\",\"inLanguage\":\"es-AR\",\"@id\":\"https:\/\/sadenir.com.uy\/equilibrio\/shop\/veterinary\/equilibrio-veterinary-cat-renal\/#primaryimage\",\"url\":\"https:\/\/sadenir.com.uy\/equilibrio\/wp-content\/uploads\/sites\/2\/2020\/08\/renal-gato.png\",\"contentUrl\":\"https:\/\/sadenir.com.uy\/equilibrio\/wp-content\/uploads\/sites\/2\/2020\/08\/renal-gato.png\",\"width\":2362,\"height\":2963},{\"@type\":\"BreadcrumbList\",\"@id\":\"https:\/\/sadenir.com.uy\/equilibrio\/shop\/veterinary\/equilibrio-veterinary-cat-renal\/#breadcrumb\",\"itemListElement\":[{\"@type\":\"ListItem\",\"position\":1,\"name\":\"Inicio\",\"item\":\"https:\/\/sadenir.com.uy\/equilibrio\/\"},{\"@type\":\"ListItem\",\"position\":2,\"name\":\"Productos\",\"item\":\"https:\/\/sadenir.com.uy\/equilibrio\/productos\/\"},{\"@type\":\"ListItem\",\"position\":3,\"name\":\"Veterinary Gatos Renal\"}]},{\"@type\":\"WebSite\",\"@id\":\"https:\/\/sadenir.com.uy\/equilibrio\/#website\",\"url\":\"https:\/\/sadenir.com.uy\/equilibrio\/\",\"name\":\"Equilibrio\",\"description\":\"Excelencia en nutrici\u00f3n\",\"publisher\":{\"@id\":\"https:\/\/sadenir.com.uy\/equilibrio\/#organization\"},\"potentialAction\":[{\"@type\":\"SearchAction\",\"target\":{\"@type\":\"EntryPoint\",\"urlTemplate\":\"https:\/\/sadenir.com.uy\/equilibrio\/?s={search_term_string}\"},\"query-input\":{\"@type\":\"PropertyValueSpecification\",\"valueRequired\":true,\"valueName\":\"search_term_string\"}}],\"inLanguage\":\"es-AR\"},{\"@type\":\"Organization\",\"@id\":\"https:\/\/sadenir.com.uy\/equilibrio\/#organization\",\"name\":\"Equilibrio\",\"url\":\"https:\/\/sadenir.com.uy\/equilibrio\/\",\"logo\":{\"@type\":\"ImageObject\",\"inLanguage\":\"es-AR\",\"@id\":\"https:\/\/sadenir.com.uy\/equilibrio\/#\/schema\/logo\/image\/\",\"url\":\"https:\/\/sadenir.com.uy\/equilibrio\/wp-content\/uploads\/sites\/2\/2024\/04\/LOGO-EQUILIBRIO.png\",\"contentUrl\":\"https:\/\/sadenir.com.uy\/equilibrio\/wp-content\/uploads\/sites\/2\/2024\/04\/LOGO-EQUILIBRIO.png\",\"width\":1592,\"height\":725,\"caption\":\"Equilibrio\"},\"image\":{\"@id\":\"https:\/\/sadenir.com.uy\/equilibrio\/#\/schema\/logo\/image\/\"},\"sameAs\":[\"https:\/\/www.facebook.com\/equilibriouruguay\",\"https:\/\/www.instagram.com\/equilibrio.uy\/\"]}]}<\/script>\n<!-- \/ Yoast SEO plugin. -->","yoast_head_json":{"title":"Veterinary Gatos Renal - Equilibrio","robots":{"index":"index","follow":"follow","max-snippet":"max-snippet:-1","max-image-preview":"max-image-preview:large","max-video-preview":"max-video-preview:-1"},"canonical":"https:\/\/sadenir.com.uy\/equilibrio\/shop\/veterinary\/equilibrio-veterinary-cat-renal\/","og_locale":"es_ES","og_type":"article","og_title":"Veterinary Gatos Renal - Equilibrio","og_description":"&nbsp;  INDICACION  \u2013 Enfermedad renal cr\u00f3nica; \u2013 Prevenci\u00f3n de Recidivas de la Urolit\u00edasis (oxalato, urato y cistina);  CONTRAINDICACION  \u2013 No recomendado para gatitos, gatas pre\u00f1adas y lactantes; \u2013 Pacientes con hist\u00f3rico de pancreatitis; \u2013 Hiperlipidemia; \u2013 C\u00e1lculo de estruvita.  &nbsp;","og_url":"https:\/\/sadenir.com.uy\/equilibrio\/shop\/veterinary\/equilibrio-veterinary-cat-renal\/","og_site_name":"Equilibrio","article_publisher":"https:\/\/www.facebook.com\/equilibriouruguay","article_modified_time":"2025-04-28T14:17:09+00:00","og_image":[{"width":2362,"height":2963,"url":"https:\/\/sadenir.com.uy\/equilibrio\/wp-content\/uploads\/sites\/2\/2020\/08\/renal-gato.png","type":"image\/png"}],"twitter_card":"summary_large_image","twitter_misc":{"Tiempo de lectura":"3 minutos"},"schema":{"@context":"https:\/\/schema.org","@graph":[{"@type":"WebPage","@id":"https:\/\/sadenir.com.uy\/equilibrio\/shop\/veterinary\/equilibrio-veterinary-cat-renal\/","url":"https:\/\/sadenir.com.uy\/equilibrio\/shop\/veterinary\/equilibrio-veterinary-cat-renal\/","name":"Veterinary Gatos Renal - Equilibrio","isPartOf":{"@id":"https:\/\/sadenir.com.uy\/equilibrio\/#website"},"primaryImageOfPage":{"@id":"https:\/\/sadenir.com.uy\/equilibrio\/shop\/veterinary\/equilibrio-veterinary-cat-renal\/#primaryimage"},"image":{"@id":"https:\/\/sadenir.com.uy\/equilibrio\/shop\/veterinary\/equilibrio-veterinary-cat-renal\/#primaryimage"},"thumbnailUrl":"https:\/\/sadenir.com.uy\/equilibrio\/wp-content\/uploads\/sites\/2\/2020\/08\/renal-gato.png","datePublished":"2020-08-15T23:35:05+00:00","dateModified":"2025-04-28T14:17:09+00:00","breadcrumb":{"@id":"https:\/\/sadenir.com.uy\/equilibrio\/shop\/veterinary\/equilibrio-veterinary-cat-renal\/#breadcrumb"},"inLanguage":"es-AR","potentialAction":[{"@type":"ReadAction","target":["https:\/\/sadenir.com.uy\/equilibrio\/shop\/veterinary\/equilibrio-veterinary-cat-renal\/"]}]},{"@type":"ImageObject","inLanguage":"es-AR","@id":"https:\/\/sadenir.com.uy\/equilibrio\/shop\/veterinary\/equilibrio-veterinary-cat-renal\/#primaryimage","url":"https:\/\/sadenir.com.uy\/equilibrio\/wp-content\/uploads\/sites\/2\/2020\/08\/renal-gato.png","contentUrl":"https:\/\/sadenir.com.uy\/equilibrio\/wp-content\/uploads\/sites\/2\/2020\/08\/renal-gato.png","width":2362,"height":2963},{"@type":"BreadcrumbList","@id":"https:\/\/sadenir.com.uy\/equilibrio\/shop\/veterinary\/equilibrio-veterinary-cat-renal\/#breadcrumb","itemListElement":[{"@type":"ListItem","position":1,"name":"Inicio","item":"https:\/\/sadenir.com.uy\/equilibrio\/"},{"@type":"ListItem","position":2,"name":"Productos","item":"https:\/\/sadenir.com.uy\/equilibrio\/productos\/"},{"@type":"ListItem","position":3,"name":"Veterinary Gatos Renal"}]},{"@type":"WebSite","@id":"https:\/\/sadenir.com.uy\/equilibrio\/#website","url":"https:\/\/sadenir.com.uy\/equilibrio\/","name":"Equilibrio","description":"Excelencia en nutrici\u00f3n","publisher":{"@id":"https:\/\/sadenir.com.uy\/equilibrio\/#organization"},"potentialAction":[{"@type":"SearchAction","target":{"@type":"EntryPoint","urlTemplate":"https:\/\/sadenir.com.uy\/equilibrio\/?s={search_term_string}"},"query-input":{"@type":"PropertyValueSpecification","valueRequired":true,"valueName":"search_term_string"}}],"inLanguage":"es-AR"},{"@type":"Organization","@id":"https:\/\/sadenir.com.uy\/equilibrio\/#organization","name":"Equilibrio","url":"https:\/\/sadenir.com.uy\/equilibrio\/","logo":{"@type":"ImageObject","inLanguage":"es-AR","@id":"https:\/\/sadenir.com.uy\/equilibrio\/#\/schema\/logo\/image\/","url":"https:\/\/sadenir.com.uy\/equilibrio\/wp-content\/uploads\/sites\/2\/2024\/04\/LOGO-EQUILIBRIO.png","contentUrl":"https:\/\/sadenir.com.uy\/equilibrio\/wp-content\/uploads\/sites\/2\/2024\/04\/LOGO-EQUILIBRIO.png","width":1592,"height":725,"caption":"Equilibrio"},"image":{"@id":"https:\/\/sadenir.com.uy\/equilibrio\/#\/schema\/logo\/image\/"},"sameAs":["https:\/\/www.facebook.com\/equilibriouruguay","https:\/\/www.instagram.com\/equilibrio.uy\/"]}]}},"_links":{"self":[{"href":"https:\/\/sadenir.com.uy\/equilibrio\/wp-json\/wp\/v2\/product\/5890","targetHints":{"allow":["GET"]}}],"collection":[{"href":"https:\/\/sadenir.com.uy\/equilibrio\/wp-json\/wp\/v2\/product"}],"about":[{"href":"https:\/\/sadenir.com.uy\/equilibrio\/wp-json\/wp\/v2\/types\/product"}],"wp:featuredmedia":[{"embeddable":true,"href":"https:\/\/sadenir.com.uy\/equilibrio\/wp-json\/wp\/v2\/media\/7565"}],"wp:attachment":[{"href":"https:\/\/sadenir.com.uy\/equilibrio\/wp-json\/wp\/v2\/media?parent=5890"}],"wp:term":[{"taxonomy":"product_brand","embeddable":true,"href":"https:\/\/sadenir.com.uy\/equilibrio\/wp-json\/wp\/v2\/product_brand?post=5890"},{"taxonomy":"product_cat","embeddable":true,"href":"https:\/\/sadenir.com.uy\/equilibrio\/wp-json\/wp\/v2\/product_cat?post=5890"},{"taxonomy":"product_tag","embeddable":true,"href":"https:\/\/sadenir.com.uy\/equilibrio\/wp-json\/wp\/v2\/product_tag?post=5890"}],"curies":[{"name":"wp","href":"https:\/\/api.w.org\/{rel}","templated":true}]}}