{"id":5898,"date":"2020-08-15T23:48:19","date_gmt":"2020-08-15T23:48:19","guid":{"rendered":"https:\/\/www.andresdicamillo.com\/sadenir\/equilibrio\/?post_type=product&#038;p=5898"},"modified":"2025-04-28T14:17:09","modified_gmt":"2025-04-28T14:17:09","slug":"equilibrio-veterinary-cat-obesity-diabetic","status":"publish","type":"product","link":"https:\/\/sadenir.com.uy\/equilibrio\/shop\/veterinary\/equilibrio-veterinary-cat-obesity-diabetic\/","title":{"rendered":"Veterinary Gatos Obesity &#038; Diabetic"},"content":{"rendered":"<p><strong>PERIODO DE ADMINISTRACION<\/strong><\/p>\n<p>Seguir la tabla de cantidad diaria, conforme el porcentaje de sobrepeso (15 a 30%).<\/p>\n<p>Cuando atingir el peso ideal, seguir la tabla de manutenci\u00f3n para el<br \/>\nresto de la vida, conforme orientaci\u00f3n del m\u00e9dico veterinario.<br \/>\nEmbalajes: 0,5 Kg y 2 Kg<\/p>\n<p><strong>NIVELES DE GARANTIA<\/strong><\/p>\n<p>Humedad (m\u00e1x.) 10%, Prote\u00edna Bruta (m\u00edn.) 42%, Extracto Et\u00e9reo (m\u00edn.) 7,5%, Materia Fibrosa (m\u00e1x.) 9%, Materia Fibrosa (m\u00edn.) 5%, Materia Mineral (m\u00e1x.) 9,5%, Calcio (m\u00e1x.) 1,4%, Calcio (m\u00edn.) 0,8%, F\u00f3sforo (m\u00edn.) 1%, \u00c1cido Linol\u00e9nico (m\u00edn.) 0,4%, \u00c1cido Linoleico (m\u00edn.) 2%, L-carnitina (m\u00edn.) 0,04%, DL-metionina (m\u00edn.) 0,2%, Taurina (m\u00edn.) 0,2%, Potasio (m\u00edn.) 0,6%, Magnesio (m\u00edn.) 0,1%, Sodio (m\u00edn.) 0,4%, Enterococcus faecium (m\u00edn.) 4X107ufc\/kg, Lactobacillus casei (m\u00edn.) 4X107ufc\/kg, Bifidobacterium bifidum (m\u00edn.) 2X107ufc\/kg, Lactobacillus acidophilus (m\u00edn.) 5X107ufc\/ kg, Lactobacillus lactis (m\u00edn.) 3X107ufc\/kg, Bacillus subtilis (m\u00edn.) 2X107ufc\/ kg, Mannanoligossacar\u00eddeos (m\u00edn.) 0,3%, Inulina (m\u00edn.) 0,55%. Energ\u00eda Metabolizable: 3.133 kcal\/kg.<\/p>\n<p><strong>COMPOSICION BASICA<\/strong><\/p>\n<p>Cebada (6%), sorgo integral molido (8%), harina de v\u00edsceras de pollo, salvado de soja, salvado de gluten de ma\u00edz -60, prote\u00edna aislada de soja, grasa de pollo, pulpa de remolacha (4%), levadura seca de cerveza, semilla de linaza, aditivo probi\u00f3tico, psyllium (1%), mannanoligossacar\u00eddeos (1%), inulina, cloruro de potasio, fosfato bic\u00e1lcico, cloruro de colina, extracto de yucca schidigera, aditivo antioxidante (tocoferol y esencia de romero), celulosa en polvo (2%), L-carnitina, DL-metionina, taurina, picolinato de cromo, \u00e1cido f\u00f3lico, \u00e1cido pantot\u00e9nico, beta caroteno, vitamina A, vitamina B1, vitamina B12, vitamina B2, vitamina B6, vitamina D, vitamina H, vitamina K, vitamina PP, vitamina E, vitamina C, cobre quelado, hierro quelado, manganeso quelado, levadura enriquecida con selenio, zinc quelado, yodato de calcio.<\/p>\n<p><strong>CONSIDERACIONES CLINICAS<\/strong><\/p>\n<p>La obesidad se define como el ac\u00famulo excesivo de grasa en el cuerpo, suficiente para deteriorar las funciones del mismo y perjudicar la buena salud y el bienestar. Es considerada en felinos uno de los principales factores de riesgo para el desarrollo de Diabetes Mellitus. La incidencia de la obesidad en la especie felina tiene aumentado cada vez m\u00e1s (representa 25 a 35% de la poblaci\u00f3n felina) y consecuentemente los casos de Diabetes Mellitus tambi\u00e9n se han tornado m\u00e1s frecuentes. Factores de riesgos para la obesidad felina incluyen: alimentaci\u00f3n inadecuada y excesiva, castraci\u00f3n, predisposici\u00f3n gen\u00e9tica, sedentarismo. Muchos gatos domiciliados, sin acceso a la calle, presentan intensa reducci\u00f3n de la actividad f\u00edsica, lo que representar\u00eda un gasto energ\u00e9tico de aproximadamente 30% del consumo energ\u00e9tico corporal total. Complicaciones m\u00e9dicas asociadas a la Obesidad felina: Diabetes Mellitus, enfermedades ortop\u00e9dicas, cardiorrespiratorias, dermatol\u00f3gicas, lipidosis hep\u00e1tica felina, mayor riesgo anest\u00e9sico. Equilibrio Veterinary Obesity &amp; Diabetic Gato \u2013 O&amp;D tiene en su composici\u00f3n baja grasa y alto nivel de fibras; ambos promoviendo la reducci\u00f3n de la grasa corporal, mayor sensaci\u00f3n de saciedad por las fibras y reducci\u00f3n de la hiperlipidemia. Bajo contenido energ\u00e9tico, auxilia en el control exceso de grasa corporal. Alto tenor de fibras solubles (pulpa de remolacha e inulina) y fibras insolubles (celulosa en polvo y psyllium) promueve la saciedad del animal, reduciendo as\u00ed el consumo de calor\u00edas y manteniendo la salud gastrointestinal. Las fibras solubles disminuyen la velocidad del vaciamiento g\u00e1strico y controlan la absorci\u00f3n de nutrientes. Las fibras insolubles aumentan el volumen del alimento y aceleran el tr\u00e1nsito gastrointestinal. \u2013 42% de prote\u00edna: alto tenor proteico para la manutenci\u00f3n de la masa magra. \u2013 Alta concentraci\u00f3n de L-Carnitina, que acelera la quema de grasa y tambi\u00e9n mantiene la masa magra. \u2013 Uso de antioxidantes naturales como vitaminas E, C, D y beta caroteno, que combaten los radicales libres, evitando el envejecimiento celular precoz. \u2013 Los \u00e1cidos grasos esenciales (Omega 3) colaboran para la reducci\u00f3n y los niveles s\u00e9ricos de triglic\u00e9ridos y aumentan la sensibilidad a la insulina. El mineral llamado cromo es muy importante para animales diab\u00e9ticos, pues es considerado un facilitador de entrada de glucosa en la c\u00e9lula, regulando as\u00ed los \u00edndices glic\u00e9micos.<\/p>\n<p><strong>MODO DE USO<\/strong><\/p>\n<p>Es de gran importancia para el \u00e9xito del tratamiento, que el animal no reciba otros tipos de alimentos (caseros o industrializados) \u2013 El producto puede ser usado como manutenci\u00f3n, pero debe seguir la tabla de cuantidad diaria; \u2013 Ejercicio f\u00edsico es un aliado de grande importancia para potencializar la p\u00e9rdida de peso y preservar la masa magra, proporcionando mayor rapidez en los resultados; \u2013 Las cuantidades diarias pueden ser reducidas conforme la edad, actividades y temperamento de su animal, mejorando as\u00ed los resultados. \u2013 P\u00e9rdida de peso de 1% a 2% por semana.<\/p>\n","protected":false},"excerpt":{"rendered":"<p>&nbsp;<\/p>\n<p><strong>INDICACION<\/strong><\/p>\n<p>\u2013Obesidad;<br \/>\n\u2013 Diabetes Mellitus;<br \/>\n\u2013 Hiperlipidemia;<br \/>\n\u2013 Constipaci\u00f3n;<br \/>\n\u2013 Colitis;<br \/>\n\u2013 Megacolon<\/p>\n<p><strong>CONTRAINDICACION<\/strong><\/p>\n<p>\u2013 Gatitos; gatas pre\u00f1adas y lactantes;<br \/>\n\u2013 Insuficiencia Renal y Hep\u00e1tica o que necesiten<br \/>\nrecibir alimentos de alta ingesti\u00f3n cal\u00f3rica<\/p>\n","protected":false},"featured_media":5894,"template":"","meta":{"pgc_sgb_lightbox_settings":""},"product_brand":[],"product_cat":[45],"product_tag":[],"class_list":{"0":"post-5898","1":"product","2":"type-product","3":"status-publish","4":"has-post-thumbnail","6":"product_cat-veterinary","8":"first","9":"instock","10":"shipping-taxable","11":"product-type-simple"},"yoast_head":"<!-- This site is optimized with the Yoast SEO plugin v26.1.1 - https:\/\/yoast.com\/wordpress\/plugins\/seo\/ -->\n<title>Veterinary Gatos Obesity &amp; Diabetic - Equilibrio<\/title>\n<meta name=\"robots\" content=\"index, follow, max-snippet:-1, max-image-preview:large, max-video-preview:-1\" \/>\n<link rel=\"canonical\" href=\"https:\/\/sadenir.com.uy\/equilibrio\/shop\/veterinary\/equilibrio-veterinary-cat-obesity-diabetic\/\" \/>\n<meta property=\"og:locale\" content=\"es_ES\" \/>\n<meta property=\"og:type\" content=\"article\" \/>\n<meta property=\"og:title\" content=\"Veterinary Gatos Obesity &amp; Diabetic - Equilibrio\" \/>\n<meta property=\"og:description\" content=\"&nbsp;  INDICACION  \u2013Obesidad; \u2013 Diabetes Mellitus; \u2013 Hiperlipidemia; \u2013 Constipaci\u00f3n; \u2013 Colitis; \u2013 Megacolon  CONTRAINDICACION  \u2013 Gatitos; gatas pre\u00f1adas y lactantes; \u2013 Insuficiencia Renal y Hep\u00e1tica o que necesiten recibir alimentos de alta ingesti\u00f3n cal\u00f3rica\" \/>\n<meta property=\"og:url\" content=\"https:\/\/sadenir.com.uy\/equilibrio\/shop\/veterinary\/equilibrio-veterinary-cat-obesity-diabetic\/\" \/>\n<meta property=\"og:site_name\" content=\"Equilibrio\" \/>\n<meta property=\"article:publisher\" content=\"https:\/\/www.facebook.com\/equilibriouruguay\" \/>\n<meta property=\"article:modified_time\" content=\"2025-04-28T14:17:09+00:00\" \/>\n<meta property=\"og:image\" content=\"https:\/\/sadenir.com.uy\/equilibrio\/wp-content\/uploads\/sites\/2\/2020\/08\/04.jpg\" \/>\n\t<meta property=\"og:image:width\" content=\"801\" \/>\n\t<meta property=\"og:image:height\" content=\"800\" \/>\n\t<meta property=\"og:image:type\" content=\"image\/jpeg\" \/>\n<meta name=\"twitter:card\" content=\"summary_large_image\" \/>\n<meta name=\"twitter:label1\" content=\"Tiempo de lectura\" \/>\n\t<meta name=\"twitter:data1\" content=\"4 minutos\" \/>\n<script type=\"application\/ld+json\" class=\"yoast-schema-graph\">{\"@context\":\"https:\/\/schema.org\",\"@graph\":[{\"@type\":\"WebPage\",\"@id\":\"https:\/\/sadenir.com.uy\/equilibrio\/shop\/veterinary\/equilibrio-veterinary-cat-obesity-diabetic\/\",\"url\":\"https:\/\/sadenir.com.uy\/equilibrio\/shop\/veterinary\/equilibrio-veterinary-cat-obesity-diabetic\/\",\"name\":\"Veterinary Gatos Obesity & Diabetic - Equilibrio\",\"isPartOf\":{\"@id\":\"https:\/\/sadenir.com.uy\/equilibrio\/#website\"},\"primaryImageOfPage\":{\"@id\":\"https:\/\/sadenir.com.uy\/equilibrio\/shop\/veterinary\/equilibrio-veterinary-cat-obesity-diabetic\/#primaryimage\"},\"image\":{\"@id\":\"https:\/\/sadenir.com.uy\/equilibrio\/shop\/veterinary\/equilibrio-veterinary-cat-obesity-diabetic\/#primaryimage\"},\"thumbnailUrl\":\"https:\/\/sadenir.com.uy\/equilibrio\/wp-content\/uploads\/sites\/2\/2020\/08\/04.jpg\",\"datePublished\":\"2020-08-15T23:48:19+00:00\",\"dateModified\":\"2025-04-28T14:17:09+00:00\",\"breadcrumb\":{\"@id\":\"https:\/\/sadenir.com.uy\/equilibrio\/shop\/veterinary\/equilibrio-veterinary-cat-obesity-diabetic\/#breadcrumb\"},\"inLanguage\":\"es-AR\",\"potentialAction\":[{\"@type\":\"ReadAction\",\"target\":[\"https:\/\/sadenir.com.uy\/equilibrio\/shop\/veterinary\/equilibrio-veterinary-cat-obesity-diabetic\/\"]}]},{\"@type\":\"ImageObject\",\"inLanguage\":\"es-AR\",\"@id\":\"https:\/\/sadenir.com.uy\/equilibrio\/shop\/veterinary\/equilibrio-veterinary-cat-obesity-diabetic\/#primaryimage\",\"url\":\"https:\/\/sadenir.com.uy\/equilibrio\/wp-content\/uploads\/sites\/2\/2020\/08\/04.jpg\",\"contentUrl\":\"https:\/\/sadenir.com.uy\/equilibrio\/wp-content\/uploads\/sites\/2\/2020\/08\/04.jpg\",\"width\":801,\"height\":800},{\"@type\":\"BreadcrumbList\",\"@id\":\"https:\/\/sadenir.com.uy\/equilibrio\/shop\/veterinary\/equilibrio-veterinary-cat-obesity-diabetic\/#breadcrumb\",\"itemListElement\":[{\"@type\":\"ListItem\",\"position\":1,\"name\":\"Inicio\",\"item\":\"https:\/\/sadenir.com.uy\/equilibrio\/\"},{\"@type\":\"ListItem\",\"position\":2,\"name\":\"Productos\",\"item\":\"https:\/\/sadenir.com.uy\/equilibrio\/productos\/\"},{\"@type\":\"ListItem\",\"position\":3,\"name\":\"Veterinary Gatos Obesity &#038; Diabetic\"}]},{\"@type\":\"WebSite\",\"@id\":\"https:\/\/sadenir.com.uy\/equilibrio\/#website\",\"url\":\"https:\/\/sadenir.com.uy\/equilibrio\/\",\"name\":\"Equilibrio\",\"description\":\"Excelencia en nutrici\u00f3n\",\"publisher\":{\"@id\":\"https:\/\/sadenir.com.uy\/equilibrio\/#organization\"},\"potentialAction\":[{\"@type\":\"SearchAction\",\"target\":{\"@type\":\"EntryPoint\",\"urlTemplate\":\"https:\/\/sadenir.com.uy\/equilibrio\/?s={search_term_string}\"},\"query-input\":{\"@type\":\"PropertyValueSpecification\",\"valueRequired\":true,\"valueName\":\"search_term_string\"}}],\"inLanguage\":\"es-AR\"},{\"@type\":\"Organization\",\"@id\":\"https:\/\/sadenir.com.uy\/equilibrio\/#organization\",\"name\":\"Equilibrio\",\"url\":\"https:\/\/sadenir.com.uy\/equilibrio\/\",\"logo\":{\"@type\":\"ImageObject\",\"inLanguage\":\"es-AR\",\"@id\":\"https:\/\/sadenir.com.uy\/equilibrio\/#\/schema\/logo\/image\/\",\"url\":\"https:\/\/sadenir.com.uy\/equilibrio\/wp-content\/uploads\/sites\/2\/2024\/04\/LOGO-EQUILIBRIO.png\",\"contentUrl\":\"https:\/\/sadenir.com.uy\/equilibrio\/wp-content\/uploads\/sites\/2\/2024\/04\/LOGO-EQUILIBRIO.png\",\"width\":1592,\"height\":725,\"caption\":\"Equilibrio\"},\"image\":{\"@id\":\"https:\/\/sadenir.com.uy\/equilibrio\/#\/schema\/logo\/image\/\"},\"sameAs\":[\"https:\/\/www.facebook.com\/equilibriouruguay\",\"https:\/\/www.instagram.com\/equilibrio.uy\/\"]}]}<\/script>\n<!-- \/ Yoast SEO plugin. -->","yoast_head_json":{"title":"Veterinary Gatos Obesity & Diabetic - Equilibrio","robots":{"index":"index","follow":"follow","max-snippet":"max-snippet:-1","max-image-preview":"max-image-preview:large","max-video-preview":"max-video-preview:-1"},"canonical":"https:\/\/sadenir.com.uy\/equilibrio\/shop\/veterinary\/equilibrio-veterinary-cat-obesity-diabetic\/","og_locale":"es_ES","og_type":"article","og_title":"Veterinary Gatos Obesity & Diabetic - Equilibrio","og_description":"&nbsp;  INDICACION  \u2013Obesidad; \u2013 Diabetes Mellitus; \u2013 Hiperlipidemia; \u2013 Constipaci\u00f3n; \u2013 Colitis; \u2013 Megacolon  CONTRAINDICACION  \u2013 Gatitos; gatas pre\u00f1adas y lactantes; \u2013 Insuficiencia Renal y Hep\u00e1tica o que necesiten recibir alimentos de alta ingesti\u00f3n cal\u00f3rica","og_url":"https:\/\/sadenir.com.uy\/equilibrio\/shop\/veterinary\/equilibrio-veterinary-cat-obesity-diabetic\/","og_site_name":"Equilibrio","article_publisher":"https:\/\/www.facebook.com\/equilibriouruguay","article_modified_time":"2025-04-28T14:17:09+00:00","og_image":[{"width":801,"height":800,"url":"https:\/\/sadenir.com.uy\/equilibrio\/wp-content\/uploads\/sites\/2\/2020\/08\/04.jpg","type":"image\/jpeg"}],"twitter_card":"summary_large_image","twitter_misc":{"Tiempo de lectura":"4 minutos"},"schema":{"@context":"https:\/\/schema.org","@graph":[{"@type":"WebPage","@id":"https:\/\/sadenir.com.uy\/equilibrio\/shop\/veterinary\/equilibrio-veterinary-cat-obesity-diabetic\/","url":"https:\/\/sadenir.com.uy\/equilibrio\/shop\/veterinary\/equilibrio-veterinary-cat-obesity-diabetic\/","name":"Veterinary Gatos Obesity & Diabetic - Equilibrio","isPartOf":{"@id":"https:\/\/sadenir.com.uy\/equilibrio\/#website"},"primaryImageOfPage":{"@id":"https:\/\/sadenir.com.uy\/equilibrio\/shop\/veterinary\/equilibrio-veterinary-cat-obesity-diabetic\/#primaryimage"},"image":{"@id":"https:\/\/sadenir.com.uy\/equilibrio\/shop\/veterinary\/equilibrio-veterinary-cat-obesity-diabetic\/#primaryimage"},"thumbnailUrl":"https:\/\/sadenir.com.uy\/equilibrio\/wp-content\/uploads\/sites\/2\/2020\/08\/04.jpg","datePublished":"2020-08-15T23:48:19+00:00","dateModified":"2025-04-28T14:17:09+00:00","breadcrumb":{"@id":"https:\/\/sadenir.com.uy\/equilibrio\/shop\/veterinary\/equilibrio-veterinary-cat-obesity-diabetic\/#breadcrumb"},"inLanguage":"es-AR","potentialAction":[{"@type":"ReadAction","target":["https:\/\/sadenir.com.uy\/equilibrio\/shop\/veterinary\/equilibrio-veterinary-cat-obesity-diabetic\/"]}]},{"@type":"ImageObject","inLanguage":"es-AR","@id":"https:\/\/sadenir.com.uy\/equilibrio\/shop\/veterinary\/equilibrio-veterinary-cat-obesity-diabetic\/#primaryimage","url":"https:\/\/sadenir.com.uy\/equilibrio\/wp-content\/uploads\/sites\/2\/2020\/08\/04.jpg","contentUrl":"https:\/\/sadenir.com.uy\/equilibrio\/wp-content\/uploads\/sites\/2\/2020\/08\/04.jpg","width":801,"height":800},{"@type":"BreadcrumbList","@id":"https:\/\/sadenir.com.uy\/equilibrio\/shop\/veterinary\/equilibrio-veterinary-cat-obesity-diabetic\/#breadcrumb","itemListElement":[{"@type":"ListItem","position":1,"name":"Inicio","item":"https:\/\/sadenir.com.uy\/equilibrio\/"},{"@type":"ListItem","position":2,"name":"Productos","item":"https:\/\/sadenir.com.uy\/equilibrio\/productos\/"},{"@type":"ListItem","position":3,"name":"Veterinary Gatos Obesity &#038; Diabetic"}]},{"@type":"WebSite","@id":"https:\/\/sadenir.com.uy\/equilibrio\/#website","url":"https:\/\/sadenir.com.uy\/equilibrio\/","name":"Equilibrio","description":"Excelencia en nutrici\u00f3n","publisher":{"@id":"https:\/\/sadenir.com.uy\/equilibrio\/#organization"},"potentialAction":[{"@type":"SearchAction","target":{"@type":"EntryPoint","urlTemplate":"https:\/\/sadenir.com.uy\/equilibrio\/?s={search_term_string}"},"query-input":{"@type":"PropertyValueSpecification","valueRequired":true,"valueName":"search_term_string"}}],"inLanguage":"es-AR"},{"@type":"Organization","@id":"https:\/\/sadenir.com.uy\/equilibrio\/#organization","name":"Equilibrio","url":"https:\/\/sadenir.com.uy\/equilibrio\/","logo":{"@type":"ImageObject","inLanguage":"es-AR","@id":"https:\/\/sadenir.com.uy\/equilibrio\/#\/schema\/logo\/image\/","url":"https:\/\/sadenir.com.uy\/equilibrio\/wp-content\/uploads\/sites\/2\/2024\/04\/LOGO-EQUILIBRIO.png","contentUrl":"https:\/\/sadenir.com.uy\/equilibrio\/wp-content\/uploads\/sites\/2\/2024\/04\/LOGO-EQUILIBRIO.png","width":1592,"height":725,"caption":"Equilibrio"},"image":{"@id":"https:\/\/sadenir.com.uy\/equilibrio\/#\/schema\/logo\/image\/"},"sameAs":["https:\/\/www.facebook.com\/equilibriouruguay","https:\/\/www.instagram.com\/equilibrio.uy\/"]}]}},"_links":{"self":[{"href":"https:\/\/sadenir.com.uy\/equilibrio\/wp-json\/wp\/v2\/product\/5898","targetHints":{"allow":["GET"]}}],"collection":[{"href":"https:\/\/sadenir.com.uy\/equilibrio\/wp-json\/wp\/v2\/product"}],"about":[{"href":"https:\/\/sadenir.com.uy\/equilibrio\/wp-json\/wp\/v2\/types\/product"}],"wp:featuredmedia":[{"embeddable":true,"href":"https:\/\/sadenir.com.uy\/equilibrio\/wp-json\/wp\/v2\/media\/5894"}],"wp:attachment":[{"href":"https:\/\/sadenir.com.uy\/equilibrio\/wp-json\/wp\/v2\/media?parent=5898"}],"wp:term":[{"taxonomy":"product_brand","embeddable":true,"href":"https:\/\/sadenir.com.uy\/equilibrio\/wp-json\/wp\/v2\/product_brand?post=5898"},{"taxonomy":"product_cat","embeddable":true,"href":"https:\/\/sadenir.com.uy\/equilibrio\/wp-json\/wp\/v2\/product_cat?post=5898"},{"taxonomy":"product_tag","embeddable":true,"href":"https:\/\/sadenir.com.uy\/equilibrio\/wp-json\/wp\/v2\/product_tag?post=5898"}],"curies":[{"name":"wp","href":"https:\/\/api.w.org\/{rel}","templated":true}]}}