{"id":5910,"date":"2020-08-16T00:07:00","date_gmt":"2020-08-16T00:07:00","guid":{"rendered":"https:\/\/www.andresdicamillo.com\/sadenir\/equilibrio\/?post_type=product&#038;p=5910"},"modified":"2025-04-28T14:17:09","modified_gmt":"2025-04-28T14:17:09","slug":"equilibrio-veterinary-hepatic","status":"publish","type":"product","link":"https:\/\/sadenir.com.uy\/equilibrio\/shop\/veterinary\/equilibrio-veterinary-hepatic\/","title":{"rendered":"Veterinary Hepatic"},"content":{"rendered":"<p><strong>PERIODO DE ADMINISTRACION<\/strong><\/p>\n<p>El producto podr\u00e1 ser administrado por toda la vida del animal en casos cr\u00f3nicos de la enfermedad o por cierto per\u00edodo conforme regeneraci\u00f3n del tejido<br \/>\nhep\u00e1tico. Evaluaciones peri\u00f3dicas del m\u00e9dico veterinario son muy importantes para analizar el cuadro de la enfermedad.<br \/>\nEmbalajes: 2 Kg y 7,5 Kg<\/p>\n<p><strong>NIVELES DE GARANTIA<\/strong><\/p>\n<p>Humedad (m\u00e1x.) 10%, Prote\u00edna Bruta (m\u00edn.) 14%, Extracto Et\u00e9reo (m\u00edn.) 18%, Materia Fibrosa (m\u00e1x.) 3,5%, Materia Mineral (m\u00e1x.) 5,6%, Calcio (m\u00e1x.) 0,7%, Calcio (m\u00edn.) 0,58%, F\u00f3sforo (m\u00e1x.) 1,2%, F\u00f3sforo (m\u00edn.) 0,41%, Magnesio (m\u00edn.) 0,09%, Sodio (m\u00edn.) 0,15%, Potasio (m\u00edn.) 0,7%, Cobre (m\u00e1x.) 0,0006%, Cobre (m\u00edn.) 0,0004%%, DL-metionina (m\u00edn.) 0,75%, L-lisina (m\u00edn.) 0,85%, Tript\u00f3fano (m\u00edn.) 0,2%, Taurina (m\u00edn.) 0,2%, L-carnitina (m\u00edn.) 0,2%, Inulina (m\u00edn.) 0,55%, Mannanoligossacar\u00eddeo (m\u00edn.) 0,3%, Enterococcus faecium (m\u00edn.) 4,0x107ufc\/kg, Lactobacillus casei (m\u00edn.) 4,0x107ufc\/kg, Bifidobacterium bifidum (m\u00edn.) 2,0x107ufc\/kg, Lactobacillus acidophilus (m\u00edn.) 5,0x107ufc\/kg, Lactobacillus lactis (m\u00edn.) 3,0x107ufc\/kg, Bacillus subtilis (m\u00edn.) 2,0x107ufc\/kg Energ\u00eda Metabolizable: 3.963 kcal\/kg<\/p>\n<p><strong>COMPOSICION BASICA<\/strong><\/p>\n<p>Arroz quebrado, prote\u00edna hidrolizada de soja (10%), salvado de gluten de ma\u00edz-60, ma\u00edz integral molido, semilla de linaza, grasa de pollo, aceite de pescado refinado, pulpa de remolacha, aditivo probi\u00f3tico (1%), mannanoligossacar\u00eddeos, inulina, cloruro de potasio, cloruro de sodio (sal com\u00fan), cloruro de colina, extracto de yucca schidigera, aditivo antioxidante (tocoferol y esencia de alecr\u00edn), L-carnitina, DL-metionina, L-lisina, taurina, tript\u00f3fano, fosfato bic\u00e1lcico, \u00e1cido f\u00f3lico, \u00e1cido pantot\u00e9nico, beta caroteno, vitamina A, vitamina B12, vitamina B1, vitamina B2, vitamina B6, vitamina D, vitamina H, vitamina K, vitamina PP, vitamina E, vitamina C, hierro quelado, cobre quelado, manganeso quelado, levadura enriquecida con selenio, zinc quelado, yodato de calcio.<\/p>\n<p><strong>CONSIDERACIONES CLINICAS<\/strong><\/p>\n<p>Entre los principales desaf\u00edos de la medicina veterinaria, se destacan los disturbios fisiol\u00f3gicos y metab\u00f3licos que envuelven el h\u00edgado. Con frecuencia, las enfermedades hep\u00e1ticas son complicadas por la inapetencia, que favorece las p\u00e9rdidas metab\u00f3licas de los tejidos. El control diet\u00e9tico de las enfermedades exige una dieta bastante palatable; a pesar de la restricci\u00f3n proteica, y muy digestible, con la finalidad de reducir el estado catab\u00f3lico. Estas recomendaciones generales complementan las modificaciones de nutrientes en la dieta, por ejemplo, prote\u00ednas, l\u00edpidos y carbohidratos. En la enfermedad hep\u00e1tica cr\u00f3nica altera el metabolismo proteico y se reduce la s\u00edntesis de albumina, la cual corresponde al 60% del total de prote\u00ednas plasm\u00e1ticas, lo que puede desencadenar en ascitis y edema. El h\u00edgado desempe\u00f1a un importante papel en la degradaci\u00f3n de las prote\u00ednas provenidas de la dieta y la desaminaci\u00f3n de algunos amino\u00e1cidos. Algunos amino\u00e1cidos arom\u00e1ticos, como tirosina, fenilalanina y tript\u00f3fano, son generalmente removidos de la circulaci\u00f3n portal y metabolizados por el h\u00edgado; con la enfermedad hep\u00e1tica, esos amino\u00e1cidos son acumulados en la circulaci\u00f3n. Equil\u00edbrio Veterinary Hepatic HE posee 14% de prote\u00edna y su fuente es de origen vegetal, auxiliando el metabolismo proteico sin exceder la capacidad del h\u00edgado. La terapia diet\u00e9tica debe proporcionar prote\u00edna suficiente para atender la regeneraci\u00f3n, reparaci\u00f3n y manutenci\u00f3n hep\u00e1tica, reduciendo al m\u00ednimo los productos nitrogenados resultantes del catabolismo das prote\u00ednas. La glucosa sangu\u00ednea puede ser mantenida con 1\u20444 de la capacidad funcional del h\u00edgado, pero el declino de la circulaci\u00f3n de glucosa (hipoglicemia) puede ocurrir en cuadros de cirrosis, falencia hep\u00e1tica o neoplasia hep\u00e1tica. La dieta Equilibrio Veterinary Hepatic HE tiene en su formulaci\u00f3n carbohidrato de alta digestibilidad, el arroz que tambi\u00e9n es muy palatable. El h\u00edgado es muy importante en el metabolismo de l\u00edpidos, donde \u00e1cidos grasos son sintetizados y almacenados como triglic\u00e9ridos. Cuando el glic\u00f3geno hep\u00e1tico est\u00e1 reducido, \u00e1cidos grasos son movilizados del tejido adiposo y oxidados entonces por el h\u00edgado. La carnitina es un cofactor necesario para el transporte de \u00e1cidos grasos del citoplasma para la mitocondria, y el h\u00edgado, importante en el metabolismo de la carnitina. Equilibrio Veterinary Hepatic HE es compuesta con L-Carnitina: 2000 mg\/kg y Extracto Et\u00e9reo para aumentar la densidad energ\u00e9tica y as\u00ed garantizar la ingesti\u00f3n adecuada de nutrientes en porciones menores y cuantidades suficientes de alimento. Puede ocurrir deficiencia de vitaminas y minerales relacionada a las enfermedades hep\u00e1tica como consecuencia de la asociaci\u00f3n de escasa ingesti\u00f3n de alimento, reducci\u00f3n de la absorci\u00f3n intestinal y del aumento de las necesidades como consecuencia del catabolismo y regeneraci\u00f3n hep\u00e1tica, por eso Equilibrio Veterinary Hepatic HE, contiene un complejo vitam\u00ednico con alto tenor de las vitaminas liposolubles A, D, E y K, y Complejo B, auxiliando en el almacenamiento y absorci\u00f3n. Los minerales como hierro, cobre y zinc son estocados en el h\u00edgado. El ac\u00famulo de cobre puede causar mayores danos hep\u00e1ticos y puede ocurrir tanto por defectos en el metabolismo de cobre cuanto como resultado de la disminuci\u00f3n de su excreci\u00f3n. En una enfermedad hep\u00e1tica, es probable el ac\u00famulo de cobre en los hepatocitos debido a la excreci\u00f3n inadecuada en la bilis, con consecuente intoxicaci\u00f3n y agravamiento de la hepatopat\u00eda. El zinc puede reducir la absorci\u00f3n intestinal de cobre por competici\u00f3n entre iones e influenciar la s\u00edntesis de metalotione\u00edna, prote\u00edna fijadora de cobre que se une al cobre intestinal excret\u00e1ndolo por la bilis y reduciendo su absorci\u00f3n. La deficiencia de zinc puede ocurrir y la concentraci\u00f3n de magnesio tambi\u00e9n puede estar disminuida en cuadros de cirrosis. Equil\u00edbrio Veterinary Hepatic HE contiene en su composici\u00f3n bajos tenores de Cobre y concentraciones adecuadas de zinc quilatado, disminuyendo los riesgos de intoxicaci\u00f3n por cobre. Concentraciones adecuadas o alta energ\u00eda metabolizable es importante para fornecer el aporte cal\u00f3rico adecuado es un aspecto importante a ser considerado en animales con disturbios hep\u00e1ticos.<\/p>\n<p><strong>MODO DE USO<\/strong><\/p>\n<p><img decoding=\"async\" src=\"http:\/\/sadenir.com.uy\/wp-content\/uploads\/2017\/12\/MODO-HE.jpg\" \/><\/p>\n<p>Informaciones adicionales: \u2013 Es de gran importancia para el \u00e9xito del tratamiento, que el animal no reciba otros tipos de alimentos (caseros o industrializados); \u2013 Siempre utilice ese producto con criterio, no excluyendo la terapia farmacol\u00f3gica.<\/p>\n","protected":false},"excerpt":{"rendered":"<p>&nbsp;<\/p>\n<p><strong>INDICACION<\/strong><\/p>\n<p>\u2013 Lesiones inflamatorias cr\u00f3nicas;<br \/>\n\u2013 Insuficiencia hep\u00e1tica cr\u00f3nica;<br \/>\n\u2013 Cirrosis hep\u00e1tica;<br \/>\n\u2013 Encefalopat\u00eda Hep\u00e1tica;<br \/>\n\u2013 Shunt portosist\u00e9mico;<br \/>\n\u2013 Ascitis.<\/p>\n<p><strong>CONTRAINDICACION<\/strong><\/p>\n<p>\u2013 Cachorros, perras pre\u00f1adas y lactantes.<\/p>\n","protected":false},"featured_media":5902,"template":"","meta":{"pgc_sgb_lightbox_settings":""},"product_brand":[],"product_cat":[45],"product_tag":[],"class_list":{"0":"post-5910","1":"product","2":"type-product","3":"status-publish","4":"has-post-thumbnail","6":"product_cat-veterinary","8":"first","9":"instock","10":"shipping-taxable","11":"product-type-simple"},"yoast_head":"<!-- This site is optimized with the Yoast SEO plugin v26.1.1 - https:\/\/yoast.com\/wordpress\/plugins\/seo\/ -->\n<title>Veterinary Hepatic - Equilibrio<\/title>\n<meta name=\"robots\" content=\"index, follow, max-snippet:-1, max-image-preview:large, max-video-preview:-1\" \/>\n<link rel=\"canonical\" href=\"https:\/\/sadenir.com.uy\/equilibrio\/shop\/veterinary\/equilibrio-veterinary-hepatic\/\" \/>\n<meta property=\"og:locale\" content=\"es_ES\" \/>\n<meta property=\"og:type\" content=\"article\" \/>\n<meta property=\"og:title\" content=\"Veterinary Hepatic - Equilibrio\" \/>\n<meta property=\"og:description\" content=\"&nbsp;  INDICACION  \u2013 Lesiones inflamatorias cr\u00f3nicas; \u2013 Insuficiencia hep\u00e1tica cr\u00f3nica; \u2013 Cirrosis hep\u00e1tica; \u2013 Encefalopat\u00eda Hep\u00e1tica; \u2013 Shunt portosist\u00e9mico; \u2013 Ascitis.  CONTRAINDICACION  \u2013 Cachorros, perras pre\u00f1adas y lactantes.\" \/>\n<meta property=\"og:url\" content=\"https:\/\/sadenir.com.uy\/equilibrio\/shop\/veterinary\/equilibrio-veterinary-hepatic\/\" \/>\n<meta property=\"og:site_name\" content=\"Equilibrio\" \/>\n<meta property=\"article:publisher\" content=\"https:\/\/www.facebook.com\/equilibriouruguay\" \/>\n<meta property=\"article:modified_time\" content=\"2025-04-28T14:17:09+00:00\" \/>\n<meta property=\"og:image\" content=\"https:\/\/sadenir.com.uy\/equilibrio\/wp-content\/uploads\/sites\/2\/2020\/08\/03-1.jpg\" \/>\n\t<meta property=\"og:image:width\" content=\"801\" \/>\n\t<meta property=\"og:image:height\" content=\"800\" \/>\n\t<meta property=\"og:image:type\" content=\"image\/jpeg\" \/>\n<meta name=\"twitter:card\" content=\"summary_large_image\" \/>\n<meta name=\"twitter:label1\" content=\"Tiempo de lectura\" \/>\n\t<meta name=\"twitter:data1\" content=\"5 minutos\" \/>\n<script type=\"application\/ld+json\" class=\"yoast-schema-graph\">{\"@context\":\"https:\/\/schema.org\",\"@graph\":[{\"@type\":\"WebPage\",\"@id\":\"https:\/\/sadenir.com.uy\/equilibrio\/shop\/veterinary\/equilibrio-veterinary-hepatic\/\",\"url\":\"https:\/\/sadenir.com.uy\/equilibrio\/shop\/veterinary\/equilibrio-veterinary-hepatic\/\",\"name\":\"Veterinary Hepatic - Equilibrio\",\"isPartOf\":{\"@id\":\"https:\/\/sadenir.com.uy\/equilibrio\/#website\"},\"primaryImageOfPage\":{\"@id\":\"https:\/\/sadenir.com.uy\/equilibrio\/shop\/veterinary\/equilibrio-veterinary-hepatic\/#primaryimage\"},\"image\":{\"@id\":\"https:\/\/sadenir.com.uy\/equilibrio\/shop\/veterinary\/equilibrio-veterinary-hepatic\/#primaryimage\"},\"thumbnailUrl\":\"https:\/\/sadenir.com.uy\/equilibrio\/wp-content\/uploads\/sites\/2\/2020\/08\/03-1.jpg\",\"datePublished\":\"2020-08-16T00:07:00+00:00\",\"dateModified\":\"2025-04-28T14:17:09+00:00\",\"breadcrumb\":{\"@id\":\"https:\/\/sadenir.com.uy\/equilibrio\/shop\/veterinary\/equilibrio-veterinary-hepatic\/#breadcrumb\"},\"inLanguage\":\"es-AR\",\"potentialAction\":[{\"@type\":\"ReadAction\",\"target\":[\"https:\/\/sadenir.com.uy\/equilibrio\/shop\/veterinary\/equilibrio-veterinary-hepatic\/\"]}]},{\"@type\":\"ImageObject\",\"inLanguage\":\"es-AR\",\"@id\":\"https:\/\/sadenir.com.uy\/equilibrio\/shop\/veterinary\/equilibrio-veterinary-hepatic\/#primaryimage\",\"url\":\"https:\/\/sadenir.com.uy\/equilibrio\/wp-content\/uploads\/sites\/2\/2020\/08\/03-1.jpg\",\"contentUrl\":\"https:\/\/sadenir.com.uy\/equilibrio\/wp-content\/uploads\/sites\/2\/2020\/08\/03-1.jpg\",\"width\":801,\"height\":800},{\"@type\":\"BreadcrumbList\",\"@id\":\"https:\/\/sadenir.com.uy\/equilibrio\/shop\/veterinary\/equilibrio-veterinary-hepatic\/#breadcrumb\",\"itemListElement\":[{\"@type\":\"ListItem\",\"position\":1,\"name\":\"Inicio\",\"item\":\"https:\/\/sadenir.com.uy\/equilibrio\/\"},{\"@type\":\"ListItem\",\"position\":2,\"name\":\"Productos\",\"item\":\"https:\/\/sadenir.com.uy\/equilibrio\/productos\/\"},{\"@type\":\"ListItem\",\"position\":3,\"name\":\"Veterinary Hepatic\"}]},{\"@type\":\"WebSite\",\"@id\":\"https:\/\/sadenir.com.uy\/equilibrio\/#website\",\"url\":\"https:\/\/sadenir.com.uy\/equilibrio\/\",\"name\":\"Equilibrio\",\"description\":\"Excelencia en nutrici\u00f3n\",\"publisher\":{\"@id\":\"https:\/\/sadenir.com.uy\/equilibrio\/#organization\"},\"potentialAction\":[{\"@type\":\"SearchAction\",\"target\":{\"@type\":\"EntryPoint\",\"urlTemplate\":\"https:\/\/sadenir.com.uy\/equilibrio\/?s={search_term_string}\"},\"query-input\":{\"@type\":\"PropertyValueSpecification\",\"valueRequired\":true,\"valueName\":\"search_term_string\"}}],\"inLanguage\":\"es-AR\"},{\"@type\":\"Organization\",\"@id\":\"https:\/\/sadenir.com.uy\/equilibrio\/#organization\",\"name\":\"Equilibrio\",\"url\":\"https:\/\/sadenir.com.uy\/equilibrio\/\",\"logo\":{\"@type\":\"ImageObject\",\"inLanguage\":\"es-AR\",\"@id\":\"https:\/\/sadenir.com.uy\/equilibrio\/#\/schema\/logo\/image\/\",\"url\":\"https:\/\/sadenir.com.uy\/equilibrio\/wp-content\/uploads\/sites\/2\/2024\/04\/LOGO-EQUILIBRIO.png\",\"contentUrl\":\"https:\/\/sadenir.com.uy\/equilibrio\/wp-content\/uploads\/sites\/2\/2024\/04\/LOGO-EQUILIBRIO.png\",\"width\":1592,\"height\":725,\"caption\":\"Equilibrio\"},\"image\":{\"@id\":\"https:\/\/sadenir.com.uy\/equilibrio\/#\/schema\/logo\/image\/\"},\"sameAs\":[\"https:\/\/www.facebook.com\/equilibriouruguay\",\"https:\/\/www.instagram.com\/equilibrio.uy\/\"]}]}<\/script>\n<!-- \/ Yoast SEO plugin. -->","yoast_head_json":{"title":"Veterinary Hepatic - Equilibrio","robots":{"index":"index","follow":"follow","max-snippet":"max-snippet:-1","max-image-preview":"max-image-preview:large","max-video-preview":"max-video-preview:-1"},"canonical":"https:\/\/sadenir.com.uy\/equilibrio\/shop\/veterinary\/equilibrio-veterinary-hepatic\/","og_locale":"es_ES","og_type":"article","og_title":"Veterinary Hepatic - Equilibrio","og_description":"&nbsp;  INDICACION  \u2013 Lesiones inflamatorias cr\u00f3nicas; \u2013 Insuficiencia hep\u00e1tica cr\u00f3nica; \u2013 Cirrosis hep\u00e1tica; \u2013 Encefalopat\u00eda Hep\u00e1tica; \u2013 Shunt portosist\u00e9mico; \u2013 Ascitis.  CONTRAINDICACION  \u2013 Cachorros, perras pre\u00f1adas y lactantes.","og_url":"https:\/\/sadenir.com.uy\/equilibrio\/shop\/veterinary\/equilibrio-veterinary-hepatic\/","og_site_name":"Equilibrio","article_publisher":"https:\/\/www.facebook.com\/equilibriouruguay","article_modified_time":"2025-04-28T14:17:09+00:00","og_image":[{"width":801,"height":800,"url":"https:\/\/sadenir.com.uy\/equilibrio\/wp-content\/uploads\/sites\/2\/2020\/08\/03-1.jpg","type":"image\/jpeg"}],"twitter_card":"summary_large_image","twitter_misc":{"Tiempo de lectura":"5 minutos"},"schema":{"@context":"https:\/\/schema.org","@graph":[{"@type":"WebPage","@id":"https:\/\/sadenir.com.uy\/equilibrio\/shop\/veterinary\/equilibrio-veterinary-hepatic\/","url":"https:\/\/sadenir.com.uy\/equilibrio\/shop\/veterinary\/equilibrio-veterinary-hepatic\/","name":"Veterinary Hepatic - Equilibrio","isPartOf":{"@id":"https:\/\/sadenir.com.uy\/equilibrio\/#website"},"primaryImageOfPage":{"@id":"https:\/\/sadenir.com.uy\/equilibrio\/shop\/veterinary\/equilibrio-veterinary-hepatic\/#primaryimage"},"image":{"@id":"https:\/\/sadenir.com.uy\/equilibrio\/shop\/veterinary\/equilibrio-veterinary-hepatic\/#primaryimage"},"thumbnailUrl":"https:\/\/sadenir.com.uy\/equilibrio\/wp-content\/uploads\/sites\/2\/2020\/08\/03-1.jpg","datePublished":"2020-08-16T00:07:00+00:00","dateModified":"2025-04-28T14:17:09+00:00","breadcrumb":{"@id":"https:\/\/sadenir.com.uy\/equilibrio\/shop\/veterinary\/equilibrio-veterinary-hepatic\/#breadcrumb"},"inLanguage":"es-AR","potentialAction":[{"@type":"ReadAction","target":["https:\/\/sadenir.com.uy\/equilibrio\/shop\/veterinary\/equilibrio-veterinary-hepatic\/"]}]},{"@type":"ImageObject","inLanguage":"es-AR","@id":"https:\/\/sadenir.com.uy\/equilibrio\/shop\/veterinary\/equilibrio-veterinary-hepatic\/#primaryimage","url":"https:\/\/sadenir.com.uy\/equilibrio\/wp-content\/uploads\/sites\/2\/2020\/08\/03-1.jpg","contentUrl":"https:\/\/sadenir.com.uy\/equilibrio\/wp-content\/uploads\/sites\/2\/2020\/08\/03-1.jpg","width":801,"height":800},{"@type":"BreadcrumbList","@id":"https:\/\/sadenir.com.uy\/equilibrio\/shop\/veterinary\/equilibrio-veterinary-hepatic\/#breadcrumb","itemListElement":[{"@type":"ListItem","position":1,"name":"Inicio","item":"https:\/\/sadenir.com.uy\/equilibrio\/"},{"@type":"ListItem","position":2,"name":"Productos","item":"https:\/\/sadenir.com.uy\/equilibrio\/productos\/"},{"@type":"ListItem","position":3,"name":"Veterinary Hepatic"}]},{"@type":"WebSite","@id":"https:\/\/sadenir.com.uy\/equilibrio\/#website","url":"https:\/\/sadenir.com.uy\/equilibrio\/","name":"Equilibrio","description":"Excelencia en nutrici\u00f3n","publisher":{"@id":"https:\/\/sadenir.com.uy\/equilibrio\/#organization"},"potentialAction":[{"@type":"SearchAction","target":{"@type":"EntryPoint","urlTemplate":"https:\/\/sadenir.com.uy\/equilibrio\/?s={search_term_string}"},"query-input":{"@type":"PropertyValueSpecification","valueRequired":true,"valueName":"search_term_string"}}],"inLanguage":"es-AR"},{"@type":"Organization","@id":"https:\/\/sadenir.com.uy\/equilibrio\/#organization","name":"Equilibrio","url":"https:\/\/sadenir.com.uy\/equilibrio\/","logo":{"@type":"ImageObject","inLanguage":"es-AR","@id":"https:\/\/sadenir.com.uy\/equilibrio\/#\/schema\/logo\/image\/","url":"https:\/\/sadenir.com.uy\/equilibrio\/wp-content\/uploads\/sites\/2\/2024\/04\/LOGO-EQUILIBRIO.png","contentUrl":"https:\/\/sadenir.com.uy\/equilibrio\/wp-content\/uploads\/sites\/2\/2024\/04\/LOGO-EQUILIBRIO.png","width":1592,"height":725,"caption":"Equilibrio"},"image":{"@id":"https:\/\/sadenir.com.uy\/equilibrio\/#\/schema\/logo\/image\/"},"sameAs":["https:\/\/www.facebook.com\/equilibriouruguay","https:\/\/www.instagram.com\/equilibrio.uy\/"]}]}},"_links":{"self":[{"href":"https:\/\/sadenir.com.uy\/equilibrio\/wp-json\/wp\/v2\/product\/5910","targetHints":{"allow":["GET"]}}],"collection":[{"href":"https:\/\/sadenir.com.uy\/equilibrio\/wp-json\/wp\/v2\/product"}],"about":[{"href":"https:\/\/sadenir.com.uy\/equilibrio\/wp-json\/wp\/v2\/types\/product"}],"wp:featuredmedia":[{"embeddable":true,"href":"https:\/\/sadenir.com.uy\/equilibrio\/wp-json\/wp\/v2\/media\/5902"}],"wp:attachment":[{"href":"https:\/\/sadenir.com.uy\/equilibrio\/wp-json\/wp\/v2\/media?parent=5910"}],"wp:term":[{"taxonomy":"product_brand","embeddable":true,"href":"https:\/\/sadenir.com.uy\/equilibrio\/wp-json\/wp\/v2\/product_brand?post=5910"},{"taxonomy":"product_cat","embeddable":true,"href":"https:\/\/sadenir.com.uy\/equilibrio\/wp-json\/wp\/v2\/product_cat?post=5910"},{"taxonomy":"product_tag","embeddable":true,"href":"https:\/\/sadenir.com.uy\/equilibrio\/wp-json\/wp\/v2\/product_tag?post=5910"}],"curies":[{"name":"wp","href":"https:\/\/api.w.org\/{rel}","templated":true}]}}