{"id":5911,"date":"2020-08-16T00:08:07","date_gmt":"2020-08-16T00:08:07","guid":{"rendered":"https:\/\/www.andresdicamillo.com\/sadenir\/equilibrio\/?post_type=product&#038;p=5911"},"modified":"2025-04-28T14:17:09","modified_gmt":"2025-04-28T14:17:09","slug":"equilibrio-veterinary-intestinal-2","status":"publish","type":"product","link":"https:\/\/sadenir.com.uy\/equilibrio\/shop\/veterinary\/equilibrio-veterinary-intestinal-2\/","title":{"rendered":"Veterinary Gatos Intestinal"},"content":{"rendered":"<p><strong>PERIODO DE ADMINISTRACION<\/strong><\/p>\n<p>En cuadros agudos, se recomienda la utilizaci\u00f3n m\u00e1xima en el per\u00edodo de un mes. En las enfermedades cr\u00f3nicas el alimento deber\u00e1 ser fornecido durante<br \/>\ntoda la vida del animal bajo supervisi\u00f3n veterinaria. Para el mejor aprovechamiento del producto se recomienda el fraccionamiento en m\u00faltiples comidas.<br \/>\nEmbalajes: 0,5 Kg y 2 Kg<\/p>\n<p><strong>NIVELES DE GARANTIA<\/strong><\/p>\n<p>Humedad (m\u00e1x.) 10%, Prote\u00edna Bruta (m\u00edn.) 30%, Extracto Et\u00e9reo (m\u00edn.) 18%, Materia Fibrosa (m\u00e1x.) 5,5%, Materia Mineral (m\u00e1x.) 9,2%, Calcio (m\u00e1x.) 1,24%, Calcio (m\u00edn.) 0,82%, F\u00f3sforo (m\u00e1x.) 1,2%, F\u00f3sforo (m\u00edn.) 0,82%, Sodio (m\u00edn.) 0,4%, Potasio (m\u00edn.) 0,8%, Magnesio (m\u00edn.) 0,06%, DL-metionina (m\u00edn.) 1,1%, Taurina (m\u00edn.) 0,26%, -Glutamina (m\u00edn.) 0,5%, Inulina (m\u00edn.) 0,55%, Mannanoligossacar\u00eddeo (m\u00edn.) 0,3%, Enterococcus faecium (m\u00edn.) 4,8x107ufc\/kg, Lactobacillus casei (m\u00edn.) 4,8x107ufc\/ kg, Bifidobacterium bifidum (m\u00edn.) 2,4x107ufc\/kg, Lactobacillus acidophilus (m\u00edn.) 6,0x107ufc\/kg, Lactobacillus lactis (m\u00edn.) 3,6x107ufc\/kg, Bacillus subtilis (m\u00edn.) 2,4x107ufc\/kg. Energ\u00eda Metabolizable: 4.080 kcal\/kg<\/p>\n<p><strong>COMPOSICION BASICA<\/strong><\/p>\n<p>Arroz quebrado, harina de v\u00edsceras de pollo, ma\u00edz integral molido, prote\u00edna hidrolizada de soja (8%), semilla de linaza, grasa de pollo, h\u00edgado de pollo, aceite de pescado refinado, huevo deshidratado, pulpa de remolacha, levadura seca de cerveza, aditivo probi\u00f3tico (1,2%), mannanoligossacar\u00eddeos, inulina, aluminiosilicato de sodio e calcio, cloruro de potasio, cloruro de sodio (sal com\u00fan), extracto de yucca schidigera, aditivo antioxidante (tocoferol y esencia de romero), DL-metionina, taurina, glutamina, fosfato bic\u00e1lcico, \u00e1cido f\u00f3lico, \u00e1cido pantot\u00e9nico, cloruro de colina, beta caroteno, vitamina A, vitamina B12, vitamina B1, vitamina B2, vitamina B6, vitamina D, vitamina H, vitamina K, vitamina PP, vitamina E, vitamina C, cobre quelado, hierro quelado, manganeso quelado, levadura enriquecida con selenio, yodato de calcio, zinc quelado.<\/p>\n<p><strong>CONSIDERACIONES CLINICAS<\/strong><\/p>\n<p>El manejo nutricional es bastante \u00fatil en el tratamiento de las enfermedades gastroent\u00e9ricas. En esas situaciones hay necesidad de ingesti\u00f3n de un alimento espec\u00edfico, considerando la menor habilidad y capacidad intestinal; lo que refuerza la importancia del ofrecimiento de alimentos de elevada digestibilidad y densidad energ\u00e9tica. Una vez que la terapia alimenticia es iniciada la probabilidad de \u00e9xito en el tratamiento de los disturbios gastrointestinales es mayor. \u2013 Prote\u00edna de alta absorci\u00f3n: Algunos des\u00f3rdenes intestinales pueden perjudicar la absorci\u00f3n y digestibilidad de la prote\u00edna. Cuadros prolongados de mala absorci\u00f3n proteica pueden acarrear en mala nutrici\u00f3n, acelerando la enfermedad intestinal. \u2013 Nivel ideal de EM: La energ\u00eda metabolizable tiene relaci\u00f3n inversa con la necesidad de alimento a ser ingerido. La restricci\u00f3n en la cuantidad de alimento en el manejo nutricional inicial de animales con disturbios gastrointestinales puede ser ben\u00e9fica, una vez que puede prevenir la hipersensibilidad intestinal en el momento en que la permeabilidad de la mucosa se encuentra alterada. Pero, los requerimientos energ\u00e9ticos necesitan ser preservados. Equilibrio Veterinary Intestinal gatos colabora con este manejo, forneciendo 3700 Kcal\/Kg. \u2013 FOS y MOS: prebi\u00f3ticos son capaces de favorecer la salud intestinal. El FOS, en el intestino delgado es resistente a la acci\u00f3n de las enzimas intestinales y pancre\u00e1ticas, lo que les confiere efecto osm\u00f3tico por su capacidad de retenci\u00f3n de agua. El MOS, derivado de la pared de levadura modula el sistema inmunol\u00f3gico y la microbiota intestinal. \u2013 Glutamina: A pesar de la glutamina ser un amino\u00e1cido no esencial ella es considerada fundamental para el \u00f3ptimo funcionamiento gastrointestinal; evitando la atrofia de mucosa y reduciendo los riesgos de translocaci\u00f3n bacteriana.<\/p>\n<p><strong>MODO DE USO<\/strong><\/p>\n<p>Es de gran importancia para el \u00e9xito del tratamiento, que el animal no reciba otros tipos de alimentos (caseros o industrializados) \u2013 Siempre utilice ese producto con criterio, no excluyendo la terapia farmacol\u00f3gica<\/p>\n","protected":false},"excerpt":{"rendered":"<p>&nbsp;<\/p>\n<p><strong>INDICACION<\/strong><\/p>\n<p>\u2013 Disturbios gastrointestinales cr\u00f3nicos o agudos;<br \/>\n\u2013 Gastritis;<br \/>\n\u2013 Mala absorci\u00f3n y mala digesti\u00f3n intestinal aguda;<br \/>\n\u2013 Supercrecimiento bacteriano;<br \/>\n\u2013 Colitis.<\/p>\n<p><strong>CONTRAINDICACION<\/strong><\/p>\n<p>\u2013 Gatitos, gatas pre\u00f1adas y lactantes;<br \/>\n\u2013 Insuficiencia pancre\u00e1tica y\/o pancreatitis;<br \/>\n\u2013 \u00dalcera g\u00e1strica;<br \/>\n\u2013 Insuficiencia hep\u00e1tica\/DRC \u2013 Enfermedad renal cr\u00f3nica;<br \/>\n\u2013 Shunt portosist\u00e9mico.<\/p>\n","protected":false},"featured_media":5892,"template":"","meta":{"pgc_sgb_lightbox_settings":""},"product_brand":[],"product_cat":[45],"product_tag":[],"class_list":{"0":"post-5911","1":"product","2":"type-product","3":"status-publish","4":"has-post-thumbnail","6":"product_cat-veterinary","8":"first","9":"instock","10":"shipping-taxable","11":"product-type-simple"},"yoast_head":"<!-- This site is optimized with the Yoast SEO plugin v26.1.1 - https:\/\/yoast.com\/wordpress\/plugins\/seo\/ -->\n<title>Veterinary Gatos Intestinal - Equilibrio<\/title>\n<meta name=\"robots\" content=\"index, follow, max-snippet:-1, max-image-preview:large, max-video-preview:-1\" \/>\n<link rel=\"canonical\" href=\"https:\/\/sadenir.com.uy\/equilibrio\/shop\/veterinary\/equilibrio-veterinary-intestinal-2\/\" \/>\n<meta property=\"og:locale\" content=\"es_ES\" \/>\n<meta property=\"og:type\" content=\"article\" \/>\n<meta property=\"og:title\" content=\"Veterinary Gatos Intestinal - Equilibrio\" \/>\n<meta property=\"og:description\" content=\"&nbsp;  INDICACION  \u2013 Disturbios gastrointestinales cr\u00f3nicos o agudos; \u2013 Gastritis; \u2013 Mala absorci\u00f3n y mala digesti\u00f3n intestinal aguda; \u2013 Supercrecimiento bacteriano; \u2013 Colitis.  CONTRAINDICACION  \u2013 Gatitos, gatas pre\u00f1adas y lactantes; \u2013 Insuficiencia pancre\u00e1tica y\/o pancreatitis; \u2013 \u00dalcera g\u00e1strica; \u2013 Insuficiencia hep\u00e1tica\/DRC \u2013 Enfermedad renal cr\u00f3nica; \u2013 Shunt portosist\u00e9mico.\" \/>\n<meta property=\"og:url\" content=\"https:\/\/sadenir.com.uy\/equilibrio\/shop\/veterinary\/equilibrio-veterinary-intestinal-2\/\" \/>\n<meta property=\"og:site_name\" content=\"Equilibrio\" \/>\n<meta property=\"article:publisher\" content=\"https:\/\/www.facebook.com\/equilibriouruguay\" \/>\n<meta property=\"article:modified_time\" content=\"2025-04-28T14:17:09+00:00\" \/>\n<meta property=\"og:image\" content=\"https:\/\/sadenir.com.uy\/equilibrio\/wp-content\/uploads\/sites\/2\/2020\/08\/02.jpg\" \/>\n\t<meta property=\"og:image:width\" content=\"801\" \/>\n\t<meta property=\"og:image:height\" content=\"800\" \/>\n\t<meta property=\"og:image:type\" content=\"image\/jpeg\" \/>\n<meta name=\"twitter:card\" content=\"summary_large_image\" \/>\n<meta name=\"twitter:label1\" content=\"Tiempo de lectura\" \/>\n\t<meta name=\"twitter:data1\" content=\"3 minutos\" \/>\n<script type=\"application\/ld+json\" class=\"yoast-schema-graph\">{\"@context\":\"https:\/\/schema.org\",\"@graph\":[{\"@type\":\"WebPage\",\"@id\":\"https:\/\/sadenir.com.uy\/equilibrio\/shop\/veterinary\/equilibrio-veterinary-intestinal-2\/\",\"url\":\"https:\/\/sadenir.com.uy\/equilibrio\/shop\/veterinary\/equilibrio-veterinary-intestinal-2\/\",\"name\":\"Veterinary Gatos Intestinal - Equilibrio\",\"isPartOf\":{\"@id\":\"https:\/\/sadenir.com.uy\/equilibrio\/#website\"},\"primaryImageOfPage\":{\"@id\":\"https:\/\/sadenir.com.uy\/equilibrio\/shop\/veterinary\/equilibrio-veterinary-intestinal-2\/#primaryimage\"},\"image\":{\"@id\":\"https:\/\/sadenir.com.uy\/equilibrio\/shop\/veterinary\/equilibrio-veterinary-intestinal-2\/#primaryimage\"},\"thumbnailUrl\":\"https:\/\/sadenir.com.uy\/equilibrio\/wp-content\/uploads\/sites\/2\/2020\/08\/02.jpg\",\"datePublished\":\"2020-08-16T00:08:07+00:00\",\"dateModified\":\"2025-04-28T14:17:09+00:00\",\"breadcrumb\":{\"@id\":\"https:\/\/sadenir.com.uy\/equilibrio\/shop\/veterinary\/equilibrio-veterinary-intestinal-2\/#breadcrumb\"},\"inLanguage\":\"es-AR\",\"potentialAction\":[{\"@type\":\"ReadAction\",\"target\":[\"https:\/\/sadenir.com.uy\/equilibrio\/shop\/veterinary\/equilibrio-veterinary-intestinal-2\/\"]}]},{\"@type\":\"ImageObject\",\"inLanguage\":\"es-AR\",\"@id\":\"https:\/\/sadenir.com.uy\/equilibrio\/shop\/veterinary\/equilibrio-veterinary-intestinal-2\/#primaryimage\",\"url\":\"https:\/\/sadenir.com.uy\/equilibrio\/wp-content\/uploads\/sites\/2\/2020\/08\/02.jpg\",\"contentUrl\":\"https:\/\/sadenir.com.uy\/equilibrio\/wp-content\/uploads\/sites\/2\/2020\/08\/02.jpg\",\"width\":801,\"height\":800},{\"@type\":\"BreadcrumbList\",\"@id\":\"https:\/\/sadenir.com.uy\/equilibrio\/shop\/veterinary\/equilibrio-veterinary-intestinal-2\/#breadcrumb\",\"itemListElement\":[{\"@type\":\"ListItem\",\"position\":1,\"name\":\"Inicio\",\"item\":\"https:\/\/sadenir.com.uy\/equilibrio\/\"},{\"@type\":\"ListItem\",\"position\":2,\"name\":\"Productos\",\"item\":\"https:\/\/sadenir.com.uy\/equilibrio\/productos\/\"},{\"@type\":\"ListItem\",\"position\":3,\"name\":\"Veterinary Gatos Intestinal\"}]},{\"@type\":\"WebSite\",\"@id\":\"https:\/\/sadenir.com.uy\/equilibrio\/#website\",\"url\":\"https:\/\/sadenir.com.uy\/equilibrio\/\",\"name\":\"Equilibrio\",\"description\":\"Excelencia en nutrici\u00f3n\",\"publisher\":{\"@id\":\"https:\/\/sadenir.com.uy\/equilibrio\/#organization\"},\"potentialAction\":[{\"@type\":\"SearchAction\",\"target\":{\"@type\":\"EntryPoint\",\"urlTemplate\":\"https:\/\/sadenir.com.uy\/equilibrio\/?s={search_term_string}\"},\"query-input\":{\"@type\":\"PropertyValueSpecification\",\"valueRequired\":true,\"valueName\":\"search_term_string\"}}],\"inLanguage\":\"es-AR\"},{\"@type\":\"Organization\",\"@id\":\"https:\/\/sadenir.com.uy\/equilibrio\/#organization\",\"name\":\"Equilibrio\",\"url\":\"https:\/\/sadenir.com.uy\/equilibrio\/\",\"logo\":{\"@type\":\"ImageObject\",\"inLanguage\":\"es-AR\",\"@id\":\"https:\/\/sadenir.com.uy\/equilibrio\/#\/schema\/logo\/image\/\",\"url\":\"https:\/\/sadenir.com.uy\/equilibrio\/wp-content\/uploads\/sites\/2\/2024\/04\/LOGO-EQUILIBRIO.png\",\"contentUrl\":\"https:\/\/sadenir.com.uy\/equilibrio\/wp-content\/uploads\/sites\/2\/2024\/04\/LOGO-EQUILIBRIO.png\",\"width\":1592,\"height\":725,\"caption\":\"Equilibrio\"},\"image\":{\"@id\":\"https:\/\/sadenir.com.uy\/equilibrio\/#\/schema\/logo\/image\/\"},\"sameAs\":[\"https:\/\/www.facebook.com\/equilibriouruguay\",\"https:\/\/www.instagram.com\/equilibrio.uy\/\"]}]}<\/script>\n<!-- \/ Yoast SEO plugin. -->","yoast_head_json":{"title":"Veterinary Gatos Intestinal - Equilibrio","robots":{"index":"index","follow":"follow","max-snippet":"max-snippet:-1","max-image-preview":"max-image-preview:large","max-video-preview":"max-video-preview:-1"},"canonical":"https:\/\/sadenir.com.uy\/equilibrio\/shop\/veterinary\/equilibrio-veterinary-intestinal-2\/","og_locale":"es_ES","og_type":"article","og_title":"Veterinary Gatos Intestinal - Equilibrio","og_description":"&nbsp;  INDICACION  \u2013 Disturbios gastrointestinales cr\u00f3nicos o agudos; \u2013 Gastritis; \u2013 Mala absorci\u00f3n y mala digesti\u00f3n intestinal aguda; \u2013 Supercrecimiento bacteriano; \u2013 Colitis.  CONTRAINDICACION  \u2013 Gatitos, gatas pre\u00f1adas y lactantes; \u2013 Insuficiencia pancre\u00e1tica y\/o pancreatitis; \u2013 \u00dalcera g\u00e1strica; \u2013 Insuficiencia hep\u00e1tica\/DRC \u2013 Enfermedad renal cr\u00f3nica; \u2013 Shunt portosist\u00e9mico.","og_url":"https:\/\/sadenir.com.uy\/equilibrio\/shop\/veterinary\/equilibrio-veterinary-intestinal-2\/","og_site_name":"Equilibrio","article_publisher":"https:\/\/www.facebook.com\/equilibriouruguay","article_modified_time":"2025-04-28T14:17:09+00:00","og_image":[{"width":801,"height":800,"url":"https:\/\/sadenir.com.uy\/equilibrio\/wp-content\/uploads\/sites\/2\/2020\/08\/02.jpg","type":"image\/jpeg"}],"twitter_card":"summary_large_image","twitter_misc":{"Tiempo de lectura":"3 minutos"},"schema":{"@context":"https:\/\/schema.org","@graph":[{"@type":"WebPage","@id":"https:\/\/sadenir.com.uy\/equilibrio\/shop\/veterinary\/equilibrio-veterinary-intestinal-2\/","url":"https:\/\/sadenir.com.uy\/equilibrio\/shop\/veterinary\/equilibrio-veterinary-intestinal-2\/","name":"Veterinary Gatos Intestinal - Equilibrio","isPartOf":{"@id":"https:\/\/sadenir.com.uy\/equilibrio\/#website"},"primaryImageOfPage":{"@id":"https:\/\/sadenir.com.uy\/equilibrio\/shop\/veterinary\/equilibrio-veterinary-intestinal-2\/#primaryimage"},"image":{"@id":"https:\/\/sadenir.com.uy\/equilibrio\/shop\/veterinary\/equilibrio-veterinary-intestinal-2\/#primaryimage"},"thumbnailUrl":"https:\/\/sadenir.com.uy\/equilibrio\/wp-content\/uploads\/sites\/2\/2020\/08\/02.jpg","datePublished":"2020-08-16T00:08:07+00:00","dateModified":"2025-04-28T14:17:09+00:00","breadcrumb":{"@id":"https:\/\/sadenir.com.uy\/equilibrio\/shop\/veterinary\/equilibrio-veterinary-intestinal-2\/#breadcrumb"},"inLanguage":"es-AR","potentialAction":[{"@type":"ReadAction","target":["https:\/\/sadenir.com.uy\/equilibrio\/shop\/veterinary\/equilibrio-veterinary-intestinal-2\/"]}]},{"@type":"ImageObject","inLanguage":"es-AR","@id":"https:\/\/sadenir.com.uy\/equilibrio\/shop\/veterinary\/equilibrio-veterinary-intestinal-2\/#primaryimage","url":"https:\/\/sadenir.com.uy\/equilibrio\/wp-content\/uploads\/sites\/2\/2020\/08\/02.jpg","contentUrl":"https:\/\/sadenir.com.uy\/equilibrio\/wp-content\/uploads\/sites\/2\/2020\/08\/02.jpg","width":801,"height":800},{"@type":"BreadcrumbList","@id":"https:\/\/sadenir.com.uy\/equilibrio\/shop\/veterinary\/equilibrio-veterinary-intestinal-2\/#breadcrumb","itemListElement":[{"@type":"ListItem","position":1,"name":"Inicio","item":"https:\/\/sadenir.com.uy\/equilibrio\/"},{"@type":"ListItem","position":2,"name":"Productos","item":"https:\/\/sadenir.com.uy\/equilibrio\/productos\/"},{"@type":"ListItem","position":3,"name":"Veterinary Gatos Intestinal"}]},{"@type":"WebSite","@id":"https:\/\/sadenir.com.uy\/equilibrio\/#website","url":"https:\/\/sadenir.com.uy\/equilibrio\/","name":"Equilibrio","description":"Excelencia en nutrici\u00f3n","publisher":{"@id":"https:\/\/sadenir.com.uy\/equilibrio\/#organization"},"potentialAction":[{"@type":"SearchAction","target":{"@type":"EntryPoint","urlTemplate":"https:\/\/sadenir.com.uy\/equilibrio\/?s={search_term_string}"},"query-input":{"@type":"PropertyValueSpecification","valueRequired":true,"valueName":"search_term_string"}}],"inLanguage":"es-AR"},{"@type":"Organization","@id":"https:\/\/sadenir.com.uy\/equilibrio\/#organization","name":"Equilibrio","url":"https:\/\/sadenir.com.uy\/equilibrio\/","logo":{"@type":"ImageObject","inLanguage":"es-AR","@id":"https:\/\/sadenir.com.uy\/equilibrio\/#\/schema\/logo\/image\/","url":"https:\/\/sadenir.com.uy\/equilibrio\/wp-content\/uploads\/sites\/2\/2024\/04\/LOGO-EQUILIBRIO.png","contentUrl":"https:\/\/sadenir.com.uy\/equilibrio\/wp-content\/uploads\/sites\/2\/2024\/04\/LOGO-EQUILIBRIO.png","width":1592,"height":725,"caption":"Equilibrio"},"image":{"@id":"https:\/\/sadenir.com.uy\/equilibrio\/#\/schema\/logo\/image\/"},"sameAs":["https:\/\/www.facebook.com\/equilibriouruguay","https:\/\/www.instagram.com\/equilibrio.uy\/"]}]}},"_links":{"self":[{"href":"https:\/\/sadenir.com.uy\/equilibrio\/wp-json\/wp\/v2\/product\/5911","targetHints":{"allow":["GET"]}}],"collection":[{"href":"https:\/\/sadenir.com.uy\/equilibrio\/wp-json\/wp\/v2\/product"}],"about":[{"href":"https:\/\/sadenir.com.uy\/equilibrio\/wp-json\/wp\/v2\/types\/product"}],"wp:featuredmedia":[{"embeddable":true,"href":"https:\/\/sadenir.com.uy\/equilibrio\/wp-json\/wp\/v2\/media\/5892"}],"wp:attachment":[{"href":"https:\/\/sadenir.com.uy\/equilibrio\/wp-json\/wp\/v2\/media?parent=5911"}],"wp:term":[{"taxonomy":"product_brand","embeddable":true,"href":"https:\/\/sadenir.com.uy\/equilibrio\/wp-json\/wp\/v2\/product_brand?post=5911"},{"taxonomy":"product_cat","embeddable":true,"href":"https:\/\/sadenir.com.uy\/equilibrio\/wp-json\/wp\/v2\/product_cat?post=5911"},{"taxonomy":"product_tag","embeddable":true,"href":"https:\/\/sadenir.com.uy\/equilibrio\/wp-json\/wp\/v2\/product_tag?post=5911"}],"curies":[{"name":"wp","href":"https:\/\/api.w.org\/{rel}","templated":true}]}}