{"id":5912,"date":"2020-08-16T00:09:13","date_gmt":"2020-08-16T00:09:13","guid":{"rendered":"https:\/\/www.andresdicamillo.com\/sadenir\/equilibrio\/?post_type=product&#038;p=5912"},"modified":"2025-04-28T14:17:09","modified_gmt":"2025-04-28T14:17:09","slug":"equilibrio-veterinary-cardiac","status":"publish","type":"product","link":"https:\/\/sadenir.com.uy\/equilibrio\/shop\/veterinary\/equilibrio-veterinary-cardiac\/","title":{"rendered":"Veterinary Cardiac"},"content":{"rendered":"<p><strong>PERIODO DE ADMINISTRACION<\/strong><\/p>\n<p>Por toda la vida del animal, sin interrupciones y con acompa\u00f1amiento del m\u00e9dico veterinario.<\/p>\n<p>Embalajes: 2Kg y 7,5Kg.<\/p>\n<p><strong>NIVELES DE GARANTIA<\/strong><\/p>\n<p>Humedad (m\u00e1x.) 10%, Prote\u00edna Bruta (m\u00edn.) 24%, Extracto Et\u00e9reo (m\u00edn.) 18%, Materia Fibrosa (m\u00e1x.) 2,2%, Materia Mineral (m\u00e1x.) 6%, Calcio (m\u00e1x.) 1,1%, Calcio (m\u00edn.) 0,6%, F\u00f3sforo (m\u00edn.) 0,4%, F\u00f3sforo (m\u00e1x.) 0,7%, \u00c1cido Linol\u00e9nico (m\u00edn.) 0,9%, \u00c1cido Linoleico (m\u00edn.) 4,5%, Taurina (m\u00edn.) 0,2%, L-Carnitina (m\u00edn.) 0,05%, Potasio (m\u00edn.) 0,7%, Magnesio (m\u00edn.) 0,15%, Sodio (m\u00edn.) 0,12%, Sodio (m\u00e1x.) 0,2% Energ\u00eda Metabolizable: 4.212 Kcal\/KG<\/p>\n<p><strong>COMPOSICION BASICA<\/strong><\/p>\n<p>Arroz quebrado, harina de v\u00edsceras de pollo, ma\u00edz integral molido, salvado de gluten de ma\u00edz-60, salvado de soja, prote\u00edna aislada de soja, harina de pescado (salm\u00f3n), grasa de pollo, pulpa de remolacha, huevo deshidratado, aceite de pescado refinado (2,5%), h\u00edgado de pollo en polvo, suero de leche deshidratado, levadura seca de cerveza, semilla de linaza, inulina, citrato de potasio, fosfato bic\u00e1lcico, extracto de yucca schidigera, aditivo antioxidante (tocoferol y esencia de romero), L-carnitina, taurina, \u00e1cido f\u00f3lico, \u00e1cido pantot\u00e9nico, cloruro de colina, beta caroteno, vitamina A, vitamina B1, vitamina B12, vitamina B2, vitamina B6, vitamina D, vitamina H, vitamina K, vitamina PP, vitamina E, vitamina C, cobre quelado, hierro quelado, manganeso quelado, levadura enriquecida con selenio, zinc quelado, yodato de calcio.<\/p>\n<p><strong>CONSIDERACIONES CLINICAS<\/strong><\/p>\n<p>La cardiomiopat\u00eda es el t\u00e9rmino que usamos para describir la enfermedad del coraz\u00f3n. Existen diversos tipos de enfermedades card\u00edacas, siendo las 3 m\u00e1s importantes: cardiomiopat\u00eda dilatada, cardiomiopat\u00eda restrictiva y cardiomiopat\u00eda hipertr\u00f3fica. La enfermedad card\u00edaca tiene diversas etapas, siendo que la alimentaci\u00f3n puede variar conforme el momento que el animal se encuentra: Etapa 1 \u2013 Leve: Inicia con Arritmia y Soplo; Etapa 2 \u2013 Moderado: Intolerancia a ejercicios y taquipnea. Etapa 3 \u2013 Avanzado: Ascitis (ac\u00famulo de l\u00edquido) y edema pulmonar. En la etapa 3, en que el animal presenta todos los s\u00edntomas de la enfermedad instalada, debemos disminuir bruscamente la cuantidad de sodio de la alimentaci\u00f3n para auxiliar la manutenci\u00f3n de la funci\u00f3n card\u00edaca y renal. El producto Equilibrio Veterinary Cardiac Perros \u2013 CA contiene en su composici\u00f3n ingredientes que auxilian en las enfermedades card\u00edacas. Taurina: ayuda en la contractilidad card\u00edaca y previne la hipertrofia de los miocitos. Omega-3: contribuye para disminuir la producci\u00f3n de citoquinas inflamatorias, auxilia en la perfusi\u00f3n sangu\u00ednea, mejorando la circulaci\u00f3n. El Potasio es un importante electrol\u00edtico para mantener la funci\u00f3n card\u00edaca. El uso de diur\u00e9ticos puede llevar a la hipocalemia y empeorar el cuadro card\u00edaco, por lo tanto, la utilizaci\u00f3n de cantidades mayores de potasio en la alimentaci\u00f3n, ayudan en la manutenci\u00f3n del funcionamiento card\u00edaco. Vale recordar que, aunque el uso de diur\u00e9ticos pierda potasio a trav\u00e9s de la orina, aquellos tratados con inhibidores de enzima conversora de angiotensina excretar\u00e1n menos potasio. Magnesio es importante para algunas reacciones enzim\u00e1ticas. La disminuci\u00f3n exagerada de magnesio puede causar riesgo de arritmias y disminuci\u00f3n de contracci\u00f3n del coraz\u00f3n. La L-Carnitina es necesaria para transportar las grasas saludables (\u00e1cidos grasos de cadena longa \u2013 AGCL) en las mitocondrias en el m\u00fasculo card\u00edaco. La suplementaci\u00f3n de L-Carnitina favorece la producci\u00f3n de energ\u00eda por el miocardio. La prote\u00edna del suero de leche contiene varios componentes bioactivos que pueden tener efecto positivo sobre la salud cardiovascular. Ciertos p\u00e9ptidos bioactivos pueden proteger contra la hipertensi\u00f3n, inhibiendo la enzima conversora de angiotensina (ECA).<\/p>\n<p><strong>MODO DE USO<\/strong><\/p>\n<p><img decoding=\"async\" src=\"http:\/\/sadenir.com.uy\/wp-content\/uploads\/2017\/12\/MODO-CA.jpg\" \/><\/p>\n<p>Es de gran importancia, para el \u00e9xito del tratamiento, que el animal no reciba otros tipos de alimentos (caseros o industrializados); \u2013 Siempre utilice ese producto con criterio, no excluyendo la terapia con f\u00e1rmacos; \u2013 Bajo Sodio: Ayuda a controlar las se\u00f1ales cl\u00ednicas asociadas a la hipertensi\u00f3n o retenci\u00f3n de sodio y fluidos (ascitis\/edema); \u2013 F\u00f3sforo reducido: Ayuda a retardar la progresi\u00f3n de la enfermedad renal; \u2013 Vitaminas del complejo B y Magnesio en mayor cuantidad ayudan a reponer la p\u00e9rdida de estos nutrientes, en el caso de utilizaci\u00f3n de diur\u00e9ticos; \u2013 L-Carnitina y Taurina en mayores concentraciones: amino\u00e1cidos que auxilian en el buen funcionamiento del m\u00fasculo card\u00edaco; \u2013 Omega 3: Auxilia en la perfusi\u00f3n sangu\u00ednea actuando como agente mejorador de la circulaci\u00f3n. Menor producci\u00f3n de citosinas caquectizantes, mejora del apetito y reducci\u00f3n de arritmias.<\/p>\n","protected":false},"excerpt":{"rendered":"<p>&nbsp;<\/p>\n<p><strong>INDICACION<\/strong><\/p>\n<p>-Insuficiencia card\u00edaca congestiva;<br \/>\n-Enfermedad cardiovascular;<br \/>\n-Hipertensi\u00f3n (primara);<br \/>\n-Ascitis\/Edema \u2013 retenci\u00f3n de fluidos<\/p>\n<p><strong>CONTRAINDICACION<\/strong><\/p>\n<p>-Gestaci\u00f3n, lactaci\u00f3n y crecimiento;<br \/>\n-Paciente con cuadro de depleci\u00f3n de sodio;<br \/>\n-Hipoadrenocorticismo;<br \/>\n-Hiperlipidemia, pancreatitis (hist\u00f3rico o risco)<\/p>\n","protected":false},"featured_media":5906,"template":"","meta":{"pgc_sgb_lightbox_settings":""},"product_brand":[],"product_cat":[45],"product_tag":[],"class_list":{"0":"post-5912","1":"product","2":"type-product","3":"status-publish","4":"has-post-thumbnail","6":"product_cat-veterinary","8":"first","9":"instock","10":"shipping-taxable","11":"product-type-simple"},"yoast_head":"<!-- This site is optimized with the Yoast SEO plugin v26.1.1 - https:\/\/yoast.com\/wordpress\/plugins\/seo\/ -->\n<title>Veterinary Cardiac - Equilibrio<\/title>\n<meta name=\"robots\" content=\"index, follow, max-snippet:-1, max-image-preview:large, max-video-preview:-1\" \/>\n<link rel=\"canonical\" href=\"https:\/\/sadenir.com.uy\/equilibrio\/shop\/veterinary\/equilibrio-veterinary-cardiac\/\" \/>\n<meta property=\"og:locale\" content=\"es_ES\" \/>\n<meta property=\"og:type\" content=\"article\" \/>\n<meta property=\"og:title\" content=\"Veterinary Cardiac - Equilibrio\" \/>\n<meta property=\"og:description\" content=\"&nbsp;  INDICACION  -Insuficiencia card\u00edaca congestiva; -Enfermedad cardiovascular; -Hipertensi\u00f3n (primara); -Ascitis\/Edema \u2013 retenci\u00f3n de fluidos  CONTRAINDICACION  -Gestaci\u00f3n, lactaci\u00f3n y crecimiento; -Paciente con cuadro de depleci\u00f3n de sodio; -Hipoadrenocorticismo; -Hiperlipidemia, pancreatitis (hist\u00f3rico o risco)\" \/>\n<meta property=\"og:url\" content=\"https:\/\/sadenir.com.uy\/equilibrio\/shop\/veterinary\/equilibrio-veterinary-cardiac\/\" \/>\n<meta property=\"og:site_name\" content=\"Equilibrio\" \/>\n<meta property=\"article:publisher\" content=\"https:\/\/www.facebook.com\/equilibriouruguay\" \/>\n<meta property=\"article:modified_time\" content=\"2025-04-28T14:17:09+00:00\" \/>\n<meta property=\"og:image\" content=\"https:\/\/sadenir.com.uy\/equilibrio\/wp-content\/uploads\/sites\/2\/2020\/08\/07.jpg\" \/>\n\t<meta property=\"og:image:width\" content=\"801\" \/>\n\t<meta property=\"og:image:height\" content=\"800\" \/>\n\t<meta property=\"og:image:type\" content=\"image\/jpeg\" \/>\n<meta name=\"twitter:card\" content=\"summary_large_image\" \/>\n<meta name=\"twitter:label1\" content=\"Tiempo de lectura\" \/>\n\t<meta name=\"twitter:data1\" content=\"4 minutos\" \/>\n<script type=\"application\/ld+json\" class=\"yoast-schema-graph\">{\"@context\":\"https:\/\/schema.org\",\"@graph\":[{\"@type\":\"WebPage\",\"@id\":\"https:\/\/sadenir.com.uy\/equilibrio\/shop\/veterinary\/equilibrio-veterinary-cardiac\/\",\"url\":\"https:\/\/sadenir.com.uy\/equilibrio\/shop\/veterinary\/equilibrio-veterinary-cardiac\/\",\"name\":\"Veterinary Cardiac - Equilibrio\",\"isPartOf\":{\"@id\":\"https:\/\/sadenir.com.uy\/equilibrio\/#website\"},\"primaryImageOfPage\":{\"@id\":\"https:\/\/sadenir.com.uy\/equilibrio\/shop\/veterinary\/equilibrio-veterinary-cardiac\/#primaryimage\"},\"image\":{\"@id\":\"https:\/\/sadenir.com.uy\/equilibrio\/shop\/veterinary\/equilibrio-veterinary-cardiac\/#primaryimage\"},\"thumbnailUrl\":\"https:\/\/sadenir.com.uy\/equilibrio\/wp-content\/uploads\/sites\/2\/2020\/08\/07.jpg\",\"datePublished\":\"2020-08-16T00:09:13+00:00\",\"dateModified\":\"2025-04-28T14:17:09+00:00\",\"breadcrumb\":{\"@id\":\"https:\/\/sadenir.com.uy\/equilibrio\/shop\/veterinary\/equilibrio-veterinary-cardiac\/#breadcrumb\"},\"inLanguage\":\"es-AR\",\"potentialAction\":[{\"@type\":\"ReadAction\",\"target\":[\"https:\/\/sadenir.com.uy\/equilibrio\/shop\/veterinary\/equilibrio-veterinary-cardiac\/\"]}]},{\"@type\":\"ImageObject\",\"inLanguage\":\"es-AR\",\"@id\":\"https:\/\/sadenir.com.uy\/equilibrio\/shop\/veterinary\/equilibrio-veterinary-cardiac\/#primaryimage\",\"url\":\"https:\/\/sadenir.com.uy\/equilibrio\/wp-content\/uploads\/sites\/2\/2020\/08\/07.jpg\",\"contentUrl\":\"https:\/\/sadenir.com.uy\/equilibrio\/wp-content\/uploads\/sites\/2\/2020\/08\/07.jpg\",\"width\":801,\"height\":800},{\"@type\":\"BreadcrumbList\",\"@id\":\"https:\/\/sadenir.com.uy\/equilibrio\/shop\/veterinary\/equilibrio-veterinary-cardiac\/#breadcrumb\",\"itemListElement\":[{\"@type\":\"ListItem\",\"position\":1,\"name\":\"Inicio\",\"item\":\"https:\/\/sadenir.com.uy\/equilibrio\/\"},{\"@type\":\"ListItem\",\"position\":2,\"name\":\"Productos\",\"item\":\"https:\/\/sadenir.com.uy\/equilibrio\/productos\/\"},{\"@type\":\"ListItem\",\"position\":3,\"name\":\"Veterinary Cardiac\"}]},{\"@type\":\"WebSite\",\"@id\":\"https:\/\/sadenir.com.uy\/equilibrio\/#website\",\"url\":\"https:\/\/sadenir.com.uy\/equilibrio\/\",\"name\":\"Equilibrio\",\"description\":\"Excelencia en nutrici\u00f3n\",\"publisher\":{\"@id\":\"https:\/\/sadenir.com.uy\/equilibrio\/#organization\"},\"potentialAction\":[{\"@type\":\"SearchAction\",\"target\":{\"@type\":\"EntryPoint\",\"urlTemplate\":\"https:\/\/sadenir.com.uy\/equilibrio\/?s={search_term_string}\"},\"query-input\":{\"@type\":\"PropertyValueSpecification\",\"valueRequired\":true,\"valueName\":\"search_term_string\"}}],\"inLanguage\":\"es-AR\"},{\"@type\":\"Organization\",\"@id\":\"https:\/\/sadenir.com.uy\/equilibrio\/#organization\",\"name\":\"Equilibrio\",\"url\":\"https:\/\/sadenir.com.uy\/equilibrio\/\",\"logo\":{\"@type\":\"ImageObject\",\"inLanguage\":\"es-AR\",\"@id\":\"https:\/\/sadenir.com.uy\/equilibrio\/#\/schema\/logo\/image\/\",\"url\":\"https:\/\/sadenir.com.uy\/equilibrio\/wp-content\/uploads\/sites\/2\/2024\/04\/LOGO-EQUILIBRIO.png\",\"contentUrl\":\"https:\/\/sadenir.com.uy\/equilibrio\/wp-content\/uploads\/sites\/2\/2024\/04\/LOGO-EQUILIBRIO.png\",\"width\":1592,\"height\":725,\"caption\":\"Equilibrio\"},\"image\":{\"@id\":\"https:\/\/sadenir.com.uy\/equilibrio\/#\/schema\/logo\/image\/\"},\"sameAs\":[\"https:\/\/www.facebook.com\/equilibriouruguay\",\"https:\/\/www.instagram.com\/equilibrio.uy\/\"]}]}<\/script>\n<!-- \/ Yoast SEO plugin. -->","yoast_head_json":{"title":"Veterinary Cardiac - Equilibrio","robots":{"index":"index","follow":"follow","max-snippet":"max-snippet:-1","max-image-preview":"max-image-preview:large","max-video-preview":"max-video-preview:-1"},"canonical":"https:\/\/sadenir.com.uy\/equilibrio\/shop\/veterinary\/equilibrio-veterinary-cardiac\/","og_locale":"es_ES","og_type":"article","og_title":"Veterinary Cardiac - Equilibrio","og_description":"&nbsp;  INDICACION  -Insuficiencia card\u00edaca congestiva; -Enfermedad cardiovascular; -Hipertensi\u00f3n (primara); -Ascitis\/Edema \u2013 retenci\u00f3n de fluidos  CONTRAINDICACION  -Gestaci\u00f3n, lactaci\u00f3n y crecimiento; -Paciente con cuadro de depleci\u00f3n de sodio; -Hipoadrenocorticismo; -Hiperlipidemia, pancreatitis (hist\u00f3rico o risco)","og_url":"https:\/\/sadenir.com.uy\/equilibrio\/shop\/veterinary\/equilibrio-veterinary-cardiac\/","og_site_name":"Equilibrio","article_publisher":"https:\/\/www.facebook.com\/equilibriouruguay","article_modified_time":"2025-04-28T14:17:09+00:00","og_image":[{"width":801,"height":800,"url":"https:\/\/sadenir.com.uy\/equilibrio\/wp-content\/uploads\/sites\/2\/2020\/08\/07.jpg","type":"image\/jpeg"}],"twitter_card":"summary_large_image","twitter_misc":{"Tiempo de lectura":"4 minutos"},"schema":{"@context":"https:\/\/schema.org","@graph":[{"@type":"WebPage","@id":"https:\/\/sadenir.com.uy\/equilibrio\/shop\/veterinary\/equilibrio-veterinary-cardiac\/","url":"https:\/\/sadenir.com.uy\/equilibrio\/shop\/veterinary\/equilibrio-veterinary-cardiac\/","name":"Veterinary Cardiac - Equilibrio","isPartOf":{"@id":"https:\/\/sadenir.com.uy\/equilibrio\/#website"},"primaryImageOfPage":{"@id":"https:\/\/sadenir.com.uy\/equilibrio\/shop\/veterinary\/equilibrio-veterinary-cardiac\/#primaryimage"},"image":{"@id":"https:\/\/sadenir.com.uy\/equilibrio\/shop\/veterinary\/equilibrio-veterinary-cardiac\/#primaryimage"},"thumbnailUrl":"https:\/\/sadenir.com.uy\/equilibrio\/wp-content\/uploads\/sites\/2\/2020\/08\/07.jpg","datePublished":"2020-08-16T00:09:13+00:00","dateModified":"2025-04-28T14:17:09+00:00","breadcrumb":{"@id":"https:\/\/sadenir.com.uy\/equilibrio\/shop\/veterinary\/equilibrio-veterinary-cardiac\/#breadcrumb"},"inLanguage":"es-AR","potentialAction":[{"@type":"ReadAction","target":["https:\/\/sadenir.com.uy\/equilibrio\/shop\/veterinary\/equilibrio-veterinary-cardiac\/"]}]},{"@type":"ImageObject","inLanguage":"es-AR","@id":"https:\/\/sadenir.com.uy\/equilibrio\/shop\/veterinary\/equilibrio-veterinary-cardiac\/#primaryimage","url":"https:\/\/sadenir.com.uy\/equilibrio\/wp-content\/uploads\/sites\/2\/2020\/08\/07.jpg","contentUrl":"https:\/\/sadenir.com.uy\/equilibrio\/wp-content\/uploads\/sites\/2\/2020\/08\/07.jpg","width":801,"height":800},{"@type":"BreadcrumbList","@id":"https:\/\/sadenir.com.uy\/equilibrio\/shop\/veterinary\/equilibrio-veterinary-cardiac\/#breadcrumb","itemListElement":[{"@type":"ListItem","position":1,"name":"Inicio","item":"https:\/\/sadenir.com.uy\/equilibrio\/"},{"@type":"ListItem","position":2,"name":"Productos","item":"https:\/\/sadenir.com.uy\/equilibrio\/productos\/"},{"@type":"ListItem","position":3,"name":"Veterinary Cardiac"}]},{"@type":"WebSite","@id":"https:\/\/sadenir.com.uy\/equilibrio\/#website","url":"https:\/\/sadenir.com.uy\/equilibrio\/","name":"Equilibrio","description":"Excelencia en nutrici\u00f3n","publisher":{"@id":"https:\/\/sadenir.com.uy\/equilibrio\/#organization"},"potentialAction":[{"@type":"SearchAction","target":{"@type":"EntryPoint","urlTemplate":"https:\/\/sadenir.com.uy\/equilibrio\/?s={search_term_string}"},"query-input":{"@type":"PropertyValueSpecification","valueRequired":true,"valueName":"search_term_string"}}],"inLanguage":"es-AR"},{"@type":"Organization","@id":"https:\/\/sadenir.com.uy\/equilibrio\/#organization","name":"Equilibrio","url":"https:\/\/sadenir.com.uy\/equilibrio\/","logo":{"@type":"ImageObject","inLanguage":"es-AR","@id":"https:\/\/sadenir.com.uy\/equilibrio\/#\/schema\/logo\/image\/","url":"https:\/\/sadenir.com.uy\/equilibrio\/wp-content\/uploads\/sites\/2\/2024\/04\/LOGO-EQUILIBRIO.png","contentUrl":"https:\/\/sadenir.com.uy\/equilibrio\/wp-content\/uploads\/sites\/2\/2024\/04\/LOGO-EQUILIBRIO.png","width":1592,"height":725,"caption":"Equilibrio"},"image":{"@id":"https:\/\/sadenir.com.uy\/equilibrio\/#\/schema\/logo\/image\/"},"sameAs":["https:\/\/www.facebook.com\/equilibriouruguay","https:\/\/www.instagram.com\/equilibrio.uy\/"]}]}},"_links":{"self":[{"href":"https:\/\/sadenir.com.uy\/equilibrio\/wp-json\/wp\/v2\/product\/5912","targetHints":{"allow":["GET"]}}],"collection":[{"href":"https:\/\/sadenir.com.uy\/equilibrio\/wp-json\/wp\/v2\/product"}],"about":[{"href":"https:\/\/sadenir.com.uy\/equilibrio\/wp-json\/wp\/v2\/types\/product"}],"wp:featuredmedia":[{"embeddable":true,"href":"https:\/\/sadenir.com.uy\/equilibrio\/wp-json\/wp\/v2\/media\/5906"}],"wp:attachment":[{"href":"https:\/\/sadenir.com.uy\/equilibrio\/wp-json\/wp\/v2\/media?parent=5912"}],"wp:term":[{"taxonomy":"product_brand","embeddable":true,"href":"https:\/\/sadenir.com.uy\/equilibrio\/wp-json\/wp\/v2\/product_brand?post=5912"},{"taxonomy":"product_cat","embeddable":true,"href":"https:\/\/sadenir.com.uy\/equilibrio\/wp-json\/wp\/v2\/product_cat?post=5912"},{"taxonomy":"product_tag","embeddable":true,"href":"https:\/\/sadenir.com.uy\/equilibrio\/wp-json\/wp\/v2\/product_tag?post=5912"}],"curies":[{"name":"wp","href":"https:\/\/api.w.org\/{rel}","templated":true}]}}