{"id":5913,"date":"2020-08-16T00:09:59","date_gmt":"2020-08-16T00:09:59","guid":{"rendered":"https:\/\/www.andresdicamillo.com\/sadenir\/equilibrio\/?post_type=product&#038;p=5913"},"modified":"2025-04-28T14:17:09","modified_gmt":"2025-04-28T14:17:09","slug":"equilibrio-veterinary-obesity-diabetic","status":"publish","type":"product","link":"https:\/\/sadenir.com.uy\/equilibrio\/shop\/veterinary\/equilibrio-veterinary-obesity-diabetic\/","title":{"rendered":"Veterinary Obesity &#038; Diabetic"},"content":{"rendered":"<p><strong>MODO DE ADMINISTRACION<\/strong><\/p>\n<p>\u2013 Seguir la tabla de cuantidad diaria, conforme el porcentaje de sobrepeso (15 a 30%). Cuando alcanzar el peso ideal, seguir la tabla de manutenci\u00f3n para<br \/>\nel resto de la vida, conforme orientaci\u00f3n del m\u00e9dico veterinario.<\/p>\n<p><strong>NIVELES DE GARANTIA<\/strong><\/p>\n<p>Humedad (m\u00e1x.) 10%, Prote\u00edna Bruta (m\u00edn.) 30%, Extracto Et\u00e9reo (m\u00edn.) 7,5%, Materia Fibrosa (m\u00e1x.) 10%, Materia Fibrosa (m\u00edn.) 5%, Materia Mineral (m\u00e1x.) 7,2%, Calcio (m\u00e1x.) 1,2%, Calcio (m\u00edn.) 0,8%, F\u00f3sforo (m\u00edn.) 0,7%, \u00c1cido Linol\u00e9nico (m\u00edn.) 0,4%, \u00c1cido Linoleico (m\u00edn.) 2%, L-carnitina (m\u00edn.) 0,04%, DL-metionina (m\u00edn.) 0,5%, Taurina (m\u00edn.) 0,2%, Potasio (m\u00edn.) 0,6%, Magnesio (m\u00edn.) 0,12%, Sodio (m\u00edn.) 0,4%, Enterococcus faecium (m\u00edn.) 4X107ufc\/kg, Lactobacillus casei (m\u00edn.), 4X107ufc\/kg, Bifidobacterium bifidum (m\u00edn.) 2X107ufc\/kg, Lactobacillus acidophilus (m\u00edn.) 5X107ufc\/kg, Lactobacillus lactis (m\u00edn.) 3X107ufc\/kg, Bacillus subtilis (m\u00edn.) 2X107ufc\/ kg, Mannanoligossacar\u00eddeos (m\u00edn.) 0,3%, Inulina (m\u00edn.) 0,55%. Energ\u00eda Metabolizable: 2.973 kcal\/kg<\/p>\n<p><strong>COMPOSICION BASICA<\/strong><\/p>\n<p>Cebada (17,815%), sorgo integral molido (12,8%), harina de v\u00edsceras de pollo, salvado de soja, salvado de gluten de ma\u00edz-60, prote\u00edna aislada de soja, grasa de pollo, pulpa de remolacha (4%), levadura seca de cerveza, semilla de linaza, aditivo probi\u00f3tico, psyllium (1,2%), mannanoligossacar\u00eddeos (1%), inulina, cloruro de potasio, fosfato bic\u00e1lcico, extracto de yucca schidigera, aditivo antioxidante (tocoferol y esencia de romero), celulosa en polvo (3,5%), DL-metionina, taurina, L-carnitina, picolinato de cromo, \u00e1cido f\u00f3lico, \u00e1cido pantot\u00e9nico, cloruro de colina, beta caroteno, vitamina A, vitamina B12, vitamina B2, vitamina B6, vitamina D, vitamina H, vitamina K, vitamina PP, vitamina E, vitamina C, cobre quelado, hierro quelado, manganeso quelado, levadura enriquecida con selenio, zinc quelado, yodato de calcio.<\/p>\n<p><strong>CONSIDERACIONES CLINICAS<\/strong><\/p>\n<p>La Obesidad y el Diabetes presentan una relaci\u00f3n de causa y efecto. Y animales diab\u00e9ticos, cuando obesos, presentan mayor dificultad para tener sus niveles glic\u00e9micos controlados. La Obesidad es la enfermedad nutricional de mayor prevalencia en las cl\u00ednicas veterinarias, caracterizada por una condici\u00f3n de balance energ\u00e9tico positivo, en que el consumo excede el gasto, con reserva lip\u00eddica estocada bajo forma de triglic\u00e9ridos en tejido adiposo y varios efectos delet\u00e9reos a la salud. Su etiolog\u00eda es multifactorial comprendiendo: alimentaci\u00f3n inadecuada como alimentos caseros y pitiscos en exceso, factores gen\u00e9ticos, sedentarismo, castraci\u00f3n, endocrinopat\u00edas (Hiperadrenocorticismo, Hipotiroidismo, Diabetes Mellitus), uso de glucocorticoides, progest\u00e1genos, anticonvulsivantes, etc. Existen 2 tipos de obesidad: Hipertr\u00f3fica e Hiperplasia, siendo la obesidad hipertr\u00f3fica caracterizada por el aumento en el tama\u00f1o de los adipocitos y la obesidad hiperplasia caracterizada por el aumento del n\u00famero y tama\u00f1o de los adipocitos. Importante evaluar si el animal est\u00e1 con sobrepeso, obesidad u obesidad pronunciada. Sobrepeso es cuando el animal est\u00e1 1% a 14% arriba del peso ideal; obeso 15% a 30% arriba del peso ideal y obesidad pronunciada el animal deber\u00e1 estar arriba de 30%. Animales con sobrepeso pueden consumir a Equilibrio Light, pero en el caso de obesidad y obesidad m\u00f3rbida, el alimento ideal es Equilibrio Veterinary Obesity &amp; Diabetic Perros \u2013 O&amp;D. Equilibrio Veterinary Obesity &amp; Diabetic Perros \u2013 O&amp;D, presenta en su composici\u00f3n bajo contenido energ\u00e9tico, lo que auxilia en el control del exceso de grasa corporal; alto tenor de fibras solubles (pulpa de remolacha e inulina) y fibras insolubles (celulosa en polvo y psyllium) promoviendo la saciedad del animal, reduciendo as\u00ed el consumo de calor\u00edas y manteniendo la salud del trato gastrointestinal. Las fibras solubles disminuyen la velocidad del vaciamiento g\u00e1strico y controlan la absorci\u00f3n de nutrientes. Las fibras insolubles aumentan el volumen del alimento y aceleran el tr\u00e1nsito gastrointestinal. 30% de prote\u00edna es alto tenor proteico para la manutenci\u00f3n de la masa magra. Alta concentraci\u00f3n de L-carnitina en el producto Equilibrio Veterinary Obesity &amp; Diabetic Perros \u2013 O&amp;D, que acelera la quema de grasas y tambi\u00e9n ayuda a mantener la masa magra. El uso de antioxidantes naturales como Vitamina E, C, D y beta caroteno, que combaten los radicales libres, y evita el envejecimiento celular precoz. Los \u00e1cidos grasos polinsaturados colaboran para la reducci\u00f3n de los niveles s\u00e9ricos de triglic\u00e9ridos y aumentan la sensibilidad a insulina. E mineral llamado cromo es muy importante para animales diab\u00e9ticos, pues es considerado un facilitador de entrada de glucosa en la c\u00e9lula, y regula as\u00ed los \u00edndices glic\u00e9micos. Informaciones adicionales \u2013 Es de gran importancia, para el \u00e9xito del tratamiento, que el animal no reciba otros tipos de alimentos (caseros o industrializados); \u2013 El producto puede ser usado como manutenci\u00f3n, pero debe seguir la tabla de cantidad diaria; \u2013 Ejercicio f\u00edsico es un aliado de gran importancia para potencializar la p\u00e9rdida de peso y preservar la masa magra, proporcionando mayor rapidez nos resultados; \u2013 Las cuantidades diarias pueden ser reducidas conforme la edad, actividades y temperamento de su animal, mejorando as\u00ed los resultados. \u2013 La tasa de p\u00e9rdida de peso semanal adecuada est\u00e1 entre 1 y 2 %, basada en el peso inicial de la dieta.<\/p>\n<p><strong>MODO DE USO<\/strong><\/p>\n<p><img decoding=\"async\" src=\"http:\/\/sadenir.com.uy\/wp-content\/uploads\/2017\/12\/MODO-OD.jpg\" \/><\/p>\n","protected":false},"excerpt":{"rendered":"<p>&nbsp;<\/p>\n<p><strong>INDICACION<\/strong><\/p>\n<p>\u2013 Obesidad;<br \/>\n\u2013 Diabetes Mellitus;<br \/>\n\u2013 Hiperlipidemia;<br \/>\n\u2013 Constipaci\u00f3n;<br \/>\n\u2013 Colitis;<br \/>\n\u2013 Hiperadrecorticismo.<\/p>\n<p><strong>CONTRAINDICACION<\/strong><\/p>\n<p>\u2013 Cachorros; gatas pre\u00f1adas y lactantes;<br \/>\n\u2013 Pacientes con insuficiencia renal cr\u00f3nica o hep\u00e1tica o que necesitan recibir alimentos de alta ingesti\u00f3n energ\u00e9tica.<\/p>\n","protected":false},"featured_media":5904,"template":"","meta":{"pgc_sgb_lightbox_settings":""},"product_brand":[],"product_cat":[45],"product_tag":[],"class_list":{"0":"post-5913","1":"product","2":"type-product","3":"status-publish","4":"has-post-thumbnail","6":"product_cat-veterinary","8":"first","9":"instock","10":"shipping-taxable","11":"product-type-simple"},"yoast_head":"<!-- This site is optimized with the Yoast SEO plugin v26.1.1 - https:\/\/yoast.com\/wordpress\/plugins\/seo\/ -->\n<title>Veterinary Obesity &amp; Diabetic - Equilibrio<\/title>\n<meta name=\"robots\" content=\"index, follow, max-snippet:-1, max-image-preview:large, max-video-preview:-1\" \/>\n<link rel=\"canonical\" href=\"https:\/\/sadenir.com.uy\/equilibrio\/shop\/veterinary\/equilibrio-veterinary-obesity-diabetic\/\" \/>\n<meta property=\"og:locale\" content=\"es_ES\" \/>\n<meta property=\"og:type\" content=\"article\" \/>\n<meta property=\"og:title\" content=\"Veterinary Obesity &amp; Diabetic - Equilibrio\" \/>\n<meta property=\"og:description\" content=\"&nbsp;  INDICACION  \u2013 Obesidad; \u2013 Diabetes Mellitus; \u2013 Hiperlipidemia; \u2013 Constipaci\u00f3n; \u2013 Colitis; \u2013 Hiperadrecorticismo.  CONTRAINDICACION  \u2013 Cachorros; gatas pre\u00f1adas y lactantes; \u2013 Pacientes con insuficiencia renal cr\u00f3nica o hep\u00e1tica o que necesitan recibir alimentos de alta ingesti\u00f3n energ\u00e9tica.\" \/>\n<meta property=\"og:url\" content=\"https:\/\/sadenir.com.uy\/equilibrio\/shop\/veterinary\/equilibrio-veterinary-obesity-diabetic\/\" \/>\n<meta property=\"og:site_name\" content=\"Equilibrio\" \/>\n<meta property=\"article:publisher\" content=\"https:\/\/www.facebook.com\/equilibriouruguay\" \/>\n<meta property=\"article:modified_time\" content=\"2025-04-28T14:17:09+00:00\" \/>\n<meta property=\"og:image\" content=\"https:\/\/sadenir.com.uy\/equilibrio\/wp-content\/uploads\/sites\/2\/2020\/08\/06.jpg\" \/>\n\t<meta property=\"og:image:width\" content=\"801\" \/>\n\t<meta property=\"og:image:height\" content=\"800\" \/>\n\t<meta property=\"og:image:type\" content=\"image\/jpeg\" \/>\n<meta name=\"twitter:card\" content=\"summary_large_image\" \/>\n<meta name=\"twitter:label1\" content=\"Tiempo de lectura\" \/>\n\t<meta name=\"twitter:data1\" content=\"4 minutos\" \/>\n<script type=\"application\/ld+json\" class=\"yoast-schema-graph\">{\"@context\":\"https:\/\/schema.org\",\"@graph\":[{\"@type\":\"WebPage\",\"@id\":\"https:\/\/sadenir.com.uy\/equilibrio\/shop\/veterinary\/equilibrio-veterinary-obesity-diabetic\/\",\"url\":\"https:\/\/sadenir.com.uy\/equilibrio\/shop\/veterinary\/equilibrio-veterinary-obesity-diabetic\/\",\"name\":\"Veterinary Obesity & Diabetic - Equilibrio\",\"isPartOf\":{\"@id\":\"https:\/\/sadenir.com.uy\/equilibrio\/#website\"},\"primaryImageOfPage\":{\"@id\":\"https:\/\/sadenir.com.uy\/equilibrio\/shop\/veterinary\/equilibrio-veterinary-obesity-diabetic\/#primaryimage\"},\"image\":{\"@id\":\"https:\/\/sadenir.com.uy\/equilibrio\/shop\/veterinary\/equilibrio-veterinary-obesity-diabetic\/#primaryimage\"},\"thumbnailUrl\":\"https:\/\/sadenir.com.uy\/equilibrio\/wp-content\/uploads\/sites\/2\/2020\/08\/06.jpg\",\"datePublished\":\"2020-08-16T00:09:59+00:00\",\"dateModified\":\"2025-04-28T14:17:09+00:00\",\"breadcrumb\":{\"@id\":\"https:\/\/sadenir.com.uy\/equilibrio\/shop\/veterinary\/equilibrio-veterinary-obesity-diabetic\/#breadcrumb\"},\"inLanguage\":\"es-AR\",\"potentialAction\":[{\"@type\":\"ReadAction\",\"target\":[\"https:\/\/sadenir.com.uy\/equilibrio\/shop\/veterinary\/equilibrio-veterinary-obesity-diabetic\/\"]}]},{\"@type\":\"ImageObject\",\"inLanguage\":\"es-AR\",\"@id\":\"https:\/\/sadenir.com.uy\/equilibrio\/shop\/veterinary\/equilibrio-veterinary-obesity-diabetic\/#primaryimage\",\"url\":\"https:\/\/sadenir.com.uy\/equilibrio\/wp-content\/uploads\/sites\/2\/2020\/08\/06.jpg\",\"contentUrl\":\"https:\/\/sadenir.com.uy\/equilibrio\/wp-content\/uploads\/sites\/2\/2020\/08\/06.jpg\",\"width\":801,\"height\":800},{\"@type\":\"BreadcrumbList\",\"@id\":\"https:\/\/sadenir.com.uy\/equilibrio\/shop\/veterinary\/equilibrio-veterinary-obesity-diabetic\/#breadcrumb\",\"itemListElement\":[{\"@type\":\"ListItem\",\"position\":1,\"name\":\"Inicio\",\"item\":\"https:\/\/sadenir.com.uy\/equilibrio\/\"},{\"@type\":\"ListItem\",\"position\":2,\"name\":\"Productos\",\"item\":\"https:\/\/sadenir.com.uy\/equilibrio\/productos\/\"},{\"@type\":\"ListItem\",\"position\":3,\"name\":\"Veterinary Obesity &#038; Diabetic\"}]},{\"@type\":\"WebSite\",\"@id\":\"https:\/\/sadenir.com.uy\/equilibrio\/#website\",\"url\":\"https:\/\/sadenir.com.uy\/equilibrio\/\",\"name\":\"Equilibrio\",\"description\":\"Excelencia en nutrici\u00f3n\",\"publisher\":{\"@id\":\"https:\/\/sadenir.com.uy\/equilibrio\/#organization\"},\"potentialAction\":[{\"@type\":\"SearchAction\",\"target\":{\"@type\":\"EntryPoint\",\"urlTemplate\":\"https:\/\/sadenir.com.uy\/equilibrio\/?s={search_term_string}\"},\"query-input\":{\"@type\":\"PropertyValueSpecification\",\"valueRequired\":true,\"valueName\":\"search_term_string\"}}],\"inLanguage\":\"es-AR\"},{\"@type\":\"Organization\",\"@id\":\"https:\/\/sadenir.com.uy\/equilibrio\/#organization\",\"name\":\"Equilibrio\",\"url\":\"https:\/\/sadenir.com.uy\/equilibrio\/\",\"logo\":{\"@type\":\"ImageObject\",\"inLanguage\":\"es-AR\",\"@id\":\"https:\/\/sadenir.com.uy\/equilibrio\/#\/schema\/logo\/image\/\",\"url\":\"https:\/\/sadenir.com.uy\/equilibrio\/wp-content\/uploads\/sites\/2\/2024\/04\/LOGO-EQUILIBRIO.png\",\"contentUrl\":\"https:\/\/sadenir.com.uy\/equilibrio\/wp-content\/uploads\/sites\/2\/2024\/04\/LOGO-EQUILIBRIO.png\",\"width\":1592,\"height\":725,\"caption\":\"Equilibrio\"},\"image\":{\"@id\":\"https:\/\/sadenir.com.uy\/equilibrio\/#\/schema\/logo\/image\/\"},\"sameAs\":[\"https:\/\/www.facebook.com\/equilibriouruguay\",\"https:\/\/www.instagram.com\/equilibrio.uy\/\"]}]}<\/script>\n<!-- \/ Yoast SEO plugin. -->","yoast_head_json":{"title":"Veterinary Obesity & Diabetic - Equilibrio","robots":{"index":"index","follow":"follow","max-snippet":"max-snippet:-1","max-image-preview":"max-image-preview:large","max-video-preview":"max-video-preview:-1"},"canonical":"https:\/\/sadenir.com.uy\/equilibrio\/shop\/veterinary\/equilibrio-veterinary-obesity-diabetic\/","og_locale":"es_ES","og_type":"article","og_title":"Veterinary Obesity & Diabetic - Equilibrio","og_description":"&nbsp;  INDICACION  \u2013 Obesidad; \u2013 Diabetes Mellitus; \u2013 Hiperlipidemia; \u2013 Constipaci\u00f3n; \u2013 Colitis; \u2013 Hiperadrecorticismo.  CONTRAINDICACION  \u2013 Cachorros; gatas pre\u00f1adas y lactantes; \u2013 Pacientes con insuficiencia renal cr\u00f3nica o hep\u00e1tica o que necesitan recibir alimentos de alta ingesti\u00f3n energ\u00e9tica.","og_url":"https:\/\/sadenir.com.uy\/equilibrio\/shop\/veterinary\/equilibrio-veterinary-obesity-diabetic\/","og_site_name":"Equilibrio","article_publisher":"https:\/\/www.facebook.com\/equilibriouruguay","article_modified_time":"2025-04-28T14:17:09+00:00","og_image":[{"width":801,"height":800,"url":"https:\/\/sadenir.com.uy\/equilibrio\/wp-content\/uploads\/sites\/2\/2020\/08\/06.jpg","type":"image\/jpeg"}],"twitter_card":"summary_large_image","twitter_misc":{"Tiempo de lectura":"4 minutos"},"schema":{"@context":"https:\/\/schema.org","@graph":[{"@type":"WebPage","@id":"https:\/\/sadenir.com.uy\/equilibrio\/shop\/veterinary\/equilibrio-veterinary-obesity-diabetic\/","url":"https:\/\/sadenir.com.uy\/equilibrio\/shop\/veterinary\/equilibrio-veterinary-obesity-diabetic\/","name":"Veterinary Obesity & Diabetic - Equilibrio","isPartOf":{"@id":"https:\/\/sadenir.com.uy\/equilibrio\/#website"},"primaryImageOfPage":{"@id":"https:\/\/sadenir.com.uy\/equilibrio\/shop\/veterinary\/equilibrio-veterinary-obesity-diabetic\/#primaryimage"},"image":{"@id":"https:\/\/sadenir.com.uy\/equilibrio\/shop\/veterinary\/equilibrio-veterinary-obesity-diabetic\/#primaryimage"},"thumbnailUrl":"https:\/\/sadenir.com.uy\/equilibrio\/wp-content\/uploads\/sites\/2\/2020\/08\/06.jpg","datePublished":"2020-08-16T00:09:59+00:00","dateModified":"2025-04-28T14:17:09+00:00","breadcrumb":{"@id":"https:\/\/sadenir.com.uy\/equilibrio\/shop\/veterinary\/equilibrio-veterinary-obesity-diabetic\/#breadcrumb"},"inLanguage":"es-AR","potentialAction":[{"@type":"ReadAction","target":["https:\/\/sadenir.com.uy\/equilibrio\/shop\/veterinary\/equilibrio-veterinary-obesity-diabetic\/"]}]},{"@type":"ImageObject","inLanguage":"es-AR","@id":"https:\/\/sadenir.com.uy\/equilibrio\/shop\/veterinary\/equilibrio-veterinary-obesity-diabetic\/#primaryimage","url":"https:\/\/sadenir.com.uy\/equilibrio\/wp-content\/uploads\/sites\/2\/2020\/08\/06.jpg","contentUrl":"https:\/\/sadenir.com.uy\/equilibrio\/wp-content\/uploads\/sites\/2\/2020\/08\/06.jpg","width":801,"height":800},{"@type":"BreadcrumbList","@id":"https:\/\/sadenir.com.uy\/equilibrio\/shop\/veterinary\/equilibrio-veterinary-obesity-diabetic\/#breadcrumb","itemListElement":[{"@type":"ListItem","position":1,"name":"Inicio","item":"https:\/\/sadenir.com.uy\/equilibrio\/"},{"@type":"ListItem","position":2,"name":"Productos","item":"https:\/\/sadenir.com.uy\/equilibrio\/productos\/"},{"@type":"ListItem","position":3,"name":"Veterinary Obesity &#038; Diabetic"}]},{"@type":"WebSite","@id":"https:\/\/sadenir.com.uy\/equilibrio\/#website","url":"https:\/\/sadenir.com.uy\/equilibrio\/","name":"Equilibrio","description":"Excelencia en nutrici\u00f3n","publisher":{"@id":"https:\/\/sadenir.com.uy\/equilibrio\/#organization"},"potentialAction":[{"@type":"SearchAction","target":{"@type":"EntryPoint","urlTemplate":"https:\/\/sadenir.com.uy\/equilibrio\/?s={search_term_string}"},"query-input":{"@type":"PropertyValueSpecification","valueRequired":true,"valueName":"search_term_string"}}],"inLanguage":"es-AR"},{"@type":"Organization","@id":"https:\/\/sadenir.com.uy\/equilibrio\/#organization","name":"Equilibrio","url":"https:\/\/sadenir.com.uy\/equilibrio\/","logo":{"@type":"ImageObject","inLanguage":"es-AR","@id":"https:\/\/sadenir.com.uy\/equilibrio\/#\/schema\/logo\/image\/","url":"https:\/\/sadenir.com.uy\/equilibrio\/wp-content\/uploads\/sites\/2\/2024\/04\/LOGO-EQUILIBRIO.png","contentUrl":"https:\/\/sadenir.com.uy\/equilibrio\/wp-content\/uploads\/sites\/2\/2024\/04\/LOGO-EQUILIBRIO.png","width":1592,"height":725,"caption":"Equilibrio"},"image":{"@id":"https:\/\/sadenir.com.uy\/equilibrio\/#\/schema\/logo\/image\/"},"sameAs":["https:\/\/www.facebook.com\/equilibriouruguay","https:\/\/www.instagram.com\/equilibrio.uy\/"]}]}},"_links":{"self":[{"href":"https:\/\/sadenir.com.uy\/equilibrio\/wp-json\/wp\/v2\/product\/5913","targetHints":{"allow":["GET"]}}],"collection":[{"href":"https:\/\/sadenir.com.uy\/equilibrio\/wp-json\/wp\/v2\/product"}],"about":[{"href":"https:\/\/sadenir.com.uy\/equilibrio\/wp-json\/wp\/v2\/types\/product"}],"wp:featuredmedia":[{"embeddable":true,"href":"https:\/\/sadenir.com.uy\/equilibrio\/wp-json\/wp\/v2\/media\/5904"}],"wp:attachment":[{"href":"https:\/\/sadenir.com.uy\/equilibrio\/wp-json\/wp\/v2\/media?parent=5913"}],"wp:term":[{"taxonomy":"product_brand","embeddable":true,"href":"https:\/\/sadenir.com.uy\/equilibrio\/wp-json\/wp\/v2\/product_brand?post=5913"},{"taxonomy":"product_cat","embeddable":true,"href":"https:\/\/sadenir.com.uy\/equilibrio\/wp-json\/wp\/v2\/product_cat?post=5913"},{"taxonomy":"product_tag","embeddable":true,"href":"https:\/\/sadenir.com.uy\/equilibrio\/wp-json\/wp\/v2\/product_tag?post=5913"}],"curies":[{"name":"wp","href":"https:\/\/api.w.org\/{rel}","templated":true}]}}