{"id":6064,"date":"2020-08-02T19:50:11","date_gmt":"2020-08-02T19:50:11","guid":{"rendered":"https:\/\/www.andresdicamillo.com\/sadenir\/equilibrio\/?post_type=product&#038;p=6064"},"modified":"2025-04-28T14:17:10","modified_gmt":"2025-04-28T14:17:10","slug":"veterinary-renal","status":"publish","type":"product","link":"https:\/\/sadenir.com.uy\/equilibrio\/shop\/veterinary\/veterinary-renal\/","title":{"rendered":"Veterinary Renal"},"content":{"rendered":"<p><strong>PERIODO DE ADMINISTRACION<\/strong><\/p>\n<p>Enfermedad Renal Cr\u00f3nica (DRC) por toda la vida del animal o conforme orientaci\u00f3n del m\u00e9dico veterinario.<br \/>\nEmbalajes: 2Kg y 7,5Kg<\/p>\n<p><strong>NIVELES DE GARANTIA<\/strong><\/p>\n<p>Humedad (m\u00e1x.) 10%, Prote\u00edna Bruta (m\u00edn.) 15%, Prote\u00edna Bruta (m\u00e1x.) 18%, Extracto Et\u00e9reo (m\u00edn.) 18%, Materia Fibrosa (m\u00e1x.) 10%, Materia Mineral (m\u00e1x.) 5,5%, Calcio (m\u00e1x.) 0,9%, Calcio (m\u00edn.) 0,4%, F\u00f3sforo (m\u00edn.) 0,25%, F\u00f3sforo (m\u00e1x.) 0,7%, \u00c1cido Linoleico (m\u00edn.) 4,5%, \u00c1cido Linol\u00e9nico (m\u00edn.) 0,9%, DL-metionina (m\u00edn.) 0,3%, L-Lisina (m\u00edn.) 0,4%, Taurina (m\u00edn.) 0,2%, Tript\u00f3fano (m\u00edn.) 0,2%, Potasio (m\u00edn.) 0,55%, Magnesio (m\u00edn.) 0,075%, Inulina (m\u00edn.) 0,55%, Sodio (m\u00edn.) 0,08%, Sodio (m\u00e1x.) 0,1%, Bacillus Subtilis (m\u00edn.) 2X107 ufc\/kg, Bifidobacterium bifidum (m\u00edn.) 2X107 ufc\/kg, Enterococcus faecium (m\u00edn.) 4X107 ufc\/kg, Lactobacillus acidophilus (m\u00edn.) 4X107 ufc\/kg, Lactobacillus casei (m\u00edn.) 4X107 ufc\/kg, Lactobacillus lactis (m\u00edn.) 3X107 ufc\/kg, Mannanoligossacar\u00eddeos (m\u00edn.) 0,3%. Energ\u00eda Metabolizable 3.930 kcal\/kg<\/p>\n<p><strong>COMPOSICION BASICA<\/strong><\/p>\n<p>Arroz quebrado, ma\u00edz integral molido, salvado de gluten de ma\u00edz -60, prote\u00edna aislada de soja, grasa de pollo, pulpa de remolacha, huevo deshidratado, aceite de pescado refinado (2,2%), semilla de linaza, aditivo probi\u00f3tico, mannanoligossacar\u00eddeos (1%), inulina, citrato de potasio, fosfato bic\u00e1lcico, carbonato de calcio, extracto de yucca schidigera, aditivo antioxidante (tocoferol y esencia de romero), L-lisina, DL-metionina, taurina, tript\u00f3fano, \u00e1cido f\u00f3lico, \u00e1cido pantot\u00e9nico, cloruro de colina, beta caroteno, vitamina A, vitamina B12, vitamina B1, vitamina B2, vitamina B6, vitamina D, vitamina H, vitamina K, vitamina PP, vitamina E, vitamina C, cobre quelado, hierro quelado, manganeso quelado, levadura enriquecida con selenio, zinc quelado, yodato de calcio.<\/p>\n<p><strong>CONSIDERACIONES CLINICAS<\/strong><\/p>\n<p>La Enfermedad Renal Cr\u00f3nica \u2013 conocida como DRC, est\u00e1 cada vez m\u00e1s frecuente en las cl\u00ednicas veterinarias. Llamamos de Enfermedad Renal Cr\u00f3nica porque todav\u00eda es asintom\u00e1tica y cuando los s\u00edntomas comienzan a aparecer como hiperazotemia, uremia, n\u00e1useas, poliuria y polidipsia ya llamamos de Insuficiencia Renal Cr\u00f3nica, en la cual normalmente 75% de los ri\u00f1ones ya est\u00e1n comprometidos. La degeneraci\u00f3n que ocurre en el \u00f3rgano lo imposibilita de ejercer sus funciones, causando as\u00ed diversas complicaciones, si no es tratada y diagnosticada precozmente. Los s\u00edntomas m\u00e1s com\u00fanmente observados son la deshidrataci\u00f3n, o aumento en la frecuencia y volumen urinario, o aumento en la ingesti\u00f3n de agua, la disminuci\u00f3n del apetito, cuadros de diarrea y de v\u00f3mitos, entre otros. Equilibrio Veterinary Renal Perros \u2013 RE tiene en su composici\u00f3n ingredientes para auxiliar y disminuir los s\u00edntomas de las enfermedades. Cada ingrediente contiene cuant\u00edas adecuadas para ayudar en el tratamiento y aumenta la palatabilidad, pues una caracter\u00edstica de esa enfermedad es el apetito bien delicado. \u2013 Bajo tenor de Sodio: Ayuda previniendo edema e hipertensi\u00f3n; \u2013 F\u00f3sforo reducido: La restricci\u00f3n de f\u00f3sforo en la dieta tiene como finalidad evitar el aparecimiento de hiperparatiroidismo secundario y proteger la funci\u00f3n renal; \u2013 Prote\u00edna reducida: 1\u00ba. Para reducir el grado de azotemia\/uremia; 2\u00ba. Para retardar la velocidad de la progresi\u00f3n de la enfermedad renal; \u2013 Inclusi\u00f3n de citrato de potasio: ayuda a mantener el pH urinario m\u00e1s equilibrado; \u2013\u2013 Antioxidantes (tocoferoles y esencia de alecr\u00edn): Retardan los procesos oxidativos y contribuyen para la manutenci\u00f3n de la salud del animal; \u2013 Fuente de fibras solubles: Regulan las funciones digestoras referentes a la uremia; \u2013 Vitaminas del Complejo B: Act\u00faan compensando las p\u00e9rdidas urinarias decurrentes de la enfermedad renal. \u2013 Omega 3 (EPA y DHA): son nefroprotectores, disminuyen la vasoconstricci\u00f3n y la agregaci\u00f3n plaquetaria y pueden mejorar la tasa de filtraci\u00f3n glomerular. Informaciones adicionales: -Es de gran importancia para el \u00e9xito del tratamiento, que el animal no reciba otros tipos de alimentos (caseros o industrializados); -Siempre utilice ese producto con cirterio, no excluyendo la terapia con f\u00e1rmacos.<\/p>\n<p><strong>MODO DE USO<\/strong><\/p>\n<p><img decoding=\"async\" src=\"http:\/\/sadenir.com.uy\/wp-content\/uploads\/2017\/12\/MODO-RE.jpg\" \/><\/p>\n","protected":false},"excerpt":{"rendered":"<p>&nbsp;<\/p>\n<p><strong>INDICACION<\/strong><\/p>\n<p>-Enfermedad Renal Cr\u00f3nica;<br \/>\n-Prevenci\u00f3n de Recidivas de Urolit\u00edasis (urato, amonio y oxalato).<\/p>\n<p><strong>CONTRAINDICACION<\/strong><\/p>\n<p>-No recomendado para cachorros, perras pre\u00f1adas y lactantes;<br \/>\n-Pacientes con hist\u00f3rico de pancreatitis;<br \/>\n-Hiperlipidemia.<\/p>\n","protected":false},"featured_media":5903,"template":"","meta":{"pgc_sgb_lightbox_settings":""},"product_brand":[],"product_cat":[45],"product_tag":[],"class_list":{"0":"post-6064","1":"product","2":"type-product","3":"status-publish","4":"has-post-thumbnail","6":"product_cat-veterinary","8":"first","9":"instock","10":"shipping-taxable","11":"product-type-simple"},"yoast_head":"<!-- This site is optimized with the Yoast SEO plugin v26.1.1 - https:\/\/yoast.com\/wordpress\/plugins\/seo\/ -->\n<title>Veterinary Renal - Equilibrio<\/title>\n<meta name=\"robots\" content=\"index, follow, max-snippet:-1, max-image-preview:large, max-video-preview:-1\" \/>\n<link rel=\"canonical\" href=\"https:\/\/sadenir.com.uy\/equilibrio\/shop\/veterinary\/veterinary-renal\/\" \/>\n<meta property=\"og:locale\" content=\"es_ES\" \/>\n<meta property=\"og:type\" content=\"article\" \/>\n<meta property=\"og:title\" content=\"Veterinary Renal - Equilibrio\" \/>\n<meta property=\"og:description\" content=\"&nbsp;  INDICACION  -Enfermedad Renal Cr\u00f3nica; -Prevenci\u00f3n de Recidivas de Urolit\u00edasis (urato, amonio y oxalato).  CONTRAINDICACION  -No recomendado para cachorros, perras pre\u00f1adas y lactantes; -Pacientes con hist\u00f3rico de pancreatitis; -Hiperlipidemia.\" \/>\n<meta property=\"og:url\" content=\"https:\/\/sadenir.com.uy\/equilibrio\/shop\/veterinary\/veterinary-renal\/\" \/>\n<meta property=\"og:site_name\" content=\"Equilibrio\" \/>\n<meta property=\"article:publisher\" content=\"https:\/\/www.facebook.com\/equilibriouruguay\" \/>\n<meta property=\"article:modified_time\" content=\"2025-04-28T14:17:10+00:00\" \/>\n<meta property=\"og:image\" content=\"https:\/\/sadenir.com.uy\/equilibrio\/wp-content\/uploads\/sites\/2\/2020\/08\/05.jpg\" \/>\n\t<meta property=\"og:image:width\" content=\"801\" \/>\n\t<meta property=\"og:image:height\" content=\"800\" \/>\n\t<meta property=\"og:image:type\" content=\"image\/jpeg\" \/>\n<meta name=\"twitter:card\" content=\"summary_large_image\" \/>\n<meta name=\"twitter:label1\" content=\"Tiempo de lectura\" \/>\n\t<meta name=\"twitter:data1\" content=\"3 minutos\" \/>\n<script type=\"application\/ld+json\" class=\"yoast-schema-graph\">{\"@context\":\"https:\/\/schema.org\",\"@graph\":[{\"@type\":\"WebPage\",\"@id\":\"https:\/\/sadenir.com.uy\/equilibrio\/shop\/veterinary\/veterinary-renal\/\",\"url\":\"https:\/\/sadenir.com.uy\/equilibrio\/shop\/veterinary\/veterinary-renal\/\",\"name\":\"Veterinary Renal - Equilibrio\",\"isPartOf\":{\"@id\":\"https:\/\/sadenir.com.uy\/equilibrio\/#website\"},\"primaryImageOfPage\":{\"@id\":\"https:\/\/sadenir.com.uy\/equilibrio\/shop\/veterinary\/veterinary-renal\/#primaryimage\"},\"image\":{\"@id\":\"https:\/\/sadenir.com.uy\/equilibrio\/shop\/veterinary\/veterinary-renal\/#primaryimage\"},\"thumbnailUrl\":\"https:\/\/sadenir.com.uy\/equilibrio\/wp-content\/uploads\/sites\/2\/2020\/08\/05.jpg\",\"datePublished\":\"2020-08-02T19:50:11+00:00\",\"dateModified\":\"2025-04-28T14:17:10+00:00\",\"breadcrumb\":{\"@id\":\"https:\/\/sadenir.com.uy\/equilibrio\/shop\/veterinary\/veterinary-renal\/#breadcrumb\"},\"inLanguage\":\"es-AR\",\"potentialAction\":[{\"@type\":\"ReadAction\",\"target\":[\"https:\/\/sadenir.com.uy\/equilibrio\/shop\/veterinary\/veterinary-renal\/\"]}]},{\"@type\":\"ImageObject\",\"inLanguage\":\"es-AR\",\"@id\":\"https:\/\/sadenir.com.uy\/equilibrio\/shop\/veterinary\/veterinary-renal\/#primaryimage\",\"url\":\"https:\/\/sadenir.com.uy\/equilibrio\/wp-content\/uploads\/sites\/2\/2020\/08\/05.jpg\",\"contentUrl\":\"https:\/\/sadenir.com.uy\/equilibrio\/wp-content\/uploads\/sites\/2\/2020\/08\/05.jpg\",\"width\":801,\"height\":800},{\"@type\":\"BreadcrumbList\",\"@id\":\"https:\/\/sadenir.com.uy\/equilibrio\/shop\/veterinary\/veterinary-renal\/#breadcrumb\",\"itemListElement\":[{\"@type\":\"ListItem\",\"position\":1,\"name\":\"Inicio\",\"item\":\"https:\/\/sadenir.com.uy\/equilibrio\/\"},{\"@type\":\"ListItem\",\"position\":2,\"name\":\"Productos\",\"item\":\"https:\/\/sadenir.com.uy\/equilibrio\/productos\/\"},{\"@type\":\"ListItem\",\"position\":3,\"name\":\"Veterinary Renal\"}]},{\"@type\":\"WebSite\",\"@id\":\"https:\/\/sadenir.com.uy\/equilibrio\/#website\",\"url\":\"https:\/\/sadenir.com.uy\/equilibrio\/\",\"name\":\"Equilibrio\",\"description\":\"Excelencia en nutrici\u00f3n\",\"publisher\":{\"@id\":\"https:\/\/sadenir.com.uy\/equilibrio\/#organization\"},\"potentialAction\":[{\"@type\":\"SearchAction\",\"target\":{\"@type\":\"EntryPoint\",\"urlTemplate\":\"https:\/\/sadenir.com.uy\/equilibrio\/?s={search_term_string}\"},\"query-input\":{\"@type\":\"PropertyValueSpecification\",\"valueRequired\":true,\"valueName\":\"search_term_string\"}}],\"inLanguage\":\"es-AR\"},{\"@type\":\"Organization\",\"@id\":\"https:\/\/sadenir.com.uy\/equilibrio\/#organization\",\"name\":\"Equilibrio\",\"url\":\"https:\/\/sadenir.com.uy\/equilibrio\/\",\"logo\":{\"@type\":\"ImageObject\",\"inLanguage\":\"es-AR\",\"@id\":\"https:\/\/sadenir.com.uy\/equilibrio\/#\/schema\/logo\/image\/\",\"url\":\"https:\/\/sadenir.com.uy\/equilibrio\/wp-content\/uploads\/sites\/2\/2024\/04\/LOGO-EQUILIBRIO.png\",\"contentUrl\":\"https:\/\/sadenir.com.uy\/equilibrio\/wp-content\/uploads\/sites\/2\/2024\/04\/LOGO-EQUILIBRIO.png\",\"width\":1592,\"height\":725,\"caption\":\"Equilibrio\"},\"image\":{\"@id\":\"https:\/\/sadenir.com.uy\/equilibrio\/#\/schema\/logo\/image\/\"},\"sameAs\":[\"https:\/\/www.facebook.com\/equilibriouruguay\",\"https:\/\/www.instagram.com\/equilibrio.uy\/\"]}]}<\/script>\n<!-- \/ Yoast SEO plugin. -->","yoast_head_json":{"title":"Veterinary Renal - Equilibrio","robots":{"index":"index","follow":"follow","max-snippet":"max-snippet:-1","max-image-preview":"max-image-preview:large","max-video-preview":"max-video-preview:-1"},"canonical":"https:\/\/sadenir.com.uy\/equilibrio\/shop\/veterinary\/veterinary-renal\/","og_locale":"es_ES","og_type":"article","og_title":"Veterinary Renal - Equilibrio","og_description":"&nbsp;  INDICACION  -Enfermedad Renal Cr\u00f3nica; -Prevenci\u00f3n de Recidivas de Urolit\u00edasis (urato, amonio y oxalato).  CONTRAINDICACION  -No recomendado para cachorros, perras pre\u00f1adas y lactantes; -Pacientes con hist\u00f3rico de pancreatitis; -Hiperlipidemia.","og_url":"https:\/\/sadenir.com.uy\/equilibrio\/shop\/veterinary\/veterinary-renal\/","og_site_name":"Equilibrio","article_publisher":"https:\/\/www.facebook.com\/equilibriouruguay","article_modified_time":"2025-04-28T14:17:10+00:00","og_image":[{"width":801,"height":800,"url":"https:\/\/sadenir.com.uy\/equilibrio\/wp-content\/uploads\/sites\/2\/2020\/08\/05.jpg","type":"image\/jpeg"}],"twitter_card":"summary_large_image","twitter_misc":{"Tiempo de lectura":"3 minutos"},"schema":{"@context":"https:\/\/schema.org","@graph":[{"@type":"WebPage","@id":"https:\/\/sadenir.com.uy\/equilibrio\/shop\/veterinary\/veterinary-renal\/","url":"https:\/\/sadenir.com.uy\/equilibrio\/shop\/veterinary\/veterinary-renal\/","name":"Veterinary Renal - Equilibrio","isPartOf":{"@id":"https:\/\/sadenir.com.uy\/equilibrio\/#website"},"primaryImageOfPage":{"@id":"https:\/\/sadenir.com.uy\/equilibrio\/shop\/veterinary\/veterinary-renal\/#primaryimage"},"image":{"@id":"https:\/\/sadenir.com.uy\/equilibrio\/shop\/veterinary\/veterinary-renal\/#primaryimage"},"thumbnailUrl":"https:\/\/sadenir.com.uy\/equilibrio\/wp-content\/uploads\/sites\/2\/2020\/08\/05.jpg","datePublished":"2020-08-02T19:50:11+00:00","dateModified":"2025-04-28T14:17:10+00:00","breadcrumb":{"@id":"https:\/\/sadenir.com.uy\/equilibrio\/shop\/veterinary\/veterinary-renal\/#breadcrumb"},"inLanguage":"es-AR","potentialAction":[{"@type":"ReadAction","target":["https:\/\/sadenir.com.uy\/equilibrio\/shop\/veterinary\/veterinary-renal\/"]}]},{"@type":"ImageObject","inLanguage":"es-AR","@id":"https:\/\/sadenir.com.uy\/equilibrio\/shop\/veterinary\/veterinary-renal\/#primaryimage","url":"https:\/\/sadenir.com.uy\/equilibrio\/wp-content\/uploads\/sites\/2\/2020\/08\/05.jpg","contentUrl":"https:\/\/sadenir.com.uy\/equilibrio\/wp-content\/uploads\/sites\/2\/2020\/08\/05.jpg","width":801,"height":800},{"@type":"BreadcrumbList","@id":"https:\/\/sadenir.com.uy\/equilibrio\/shop\/veterinary\/veterinary-renal\/#breadcrumb","itemListElement":[{"@type":"ListItem","position":1,"name":"Inicio","item":"https:\/\/sadenir.com.uy\/equilibrio\/"},{"@type":"ListItem","position":2,"name":"Productos","item":"https:\/\/sadenir.com.uy\/equilibrio\/productos\/"},{"@type":"ListItem","position":3,"name":"Veterinary Renal"}]},{"@type":"WebSite","@id":"https:\/\/sadenir.com.uy\/equilibrio\/#website","url":"https:\/\/sadenir.com.uy\/equilibrio\/","name":"Equilibrio","description":"Excelencia en nutrici\u00f3n","publisher":{"@id":"https:\/\/sadenir.com.uy\/equilibrio\/#organization"},"potentialAction":[{"@type":"SearchAction","target":{"@type":"EntryPoint","urlTemplate":"https:\/\/sadenir.com.uy\/equilibrio\/?s={search_term_string}"},"query-input":{"@type":"PropertyValueSpecification","valueRequired":true,"valueName":"search_term_string"}}],"inLanguage":"es-AR"},{"@type":"Organization","@id":"https:\/\/sadenir.com.uy\/equilibrio\/#organization","name":"Equilibrio","url":"https:\/\/sadenir.com.uy\/equilibrio\/","logo":{"@type":"ImageObject","inLanguage":"es-AR","@id":"https:\/\/sadenir.com.uy\/equilibrio\/#\/schema\/logo\/image\/","url":"https:\/\/sadenir.com.uy\/equilibrio\/wp-content\/uploads\/sites\/2\/2024\/04\/LOGO-EQUILIBRIO.png","contentUrl":"https:\/\/sadenir.com.uy\/equilibrio\/wp-content\/uploads\/sites\/2\/2024\/04\/LOGO-EQUILIBRIO.png","width":1592,"height":725,"caption":"Equilibrio"},"image":{"@id":"https:\/\/sadenir.com.uy\/equilibrio\/#\/schema\/logo\/image\/"},"sameAs":["https:\/\/www.facebook.com\/equilibriouruguay","https:\/\/www.instagram.com\/equilibrio.uy\/"]}]}},"_links":{"self":[{"href":"https:\/\/sadenir.com.uy\/equilibrio\/wp-json\/wp\/v2\/product\/6064","targetHints":{"allow":["GET"]}}],"collection":[{"href":"https:\/\/sadenir.com.uy\/equilibrio\/wp-json\/wp\/v2\/product"}],"about":[{"href":"https:\/\/sadenir.com.uy\/equilibrio\/wp-json\/wp\/v2\/types\/product"}],"wp:featuredmedia":[{"embeddable":true,"href":"https:\/\/sadenir.com.uy\/equilibrio\/wp-json\/wp\/v2\/media\/5903"}],"wp:attachment":[{"href":"https:\/\/sadenir.com.uy\/equilibrio\/wp-json\/wp\/v2\/media?parent=6064"}],"wp:term":[{"taxonomy":"product_brand","embeddable":true,"href":"https:\/\/sadenir.com.uy\/equilibrio\/wp-json\/wp\/v2\/product_brand?post=6064"},{"taxonomy":"product_cat","embeddable":true,"href":"https:\/\/sadenir.com.uy\/equilibrio\/wp-json\/wp\/v2\/product_cat?post=6064"},{"taxonomy":"product_tag","embeddable":true,"href":"https:\/\/sadenir.com.uy\/equilibrio\/wp-json\/wp\/v2\/product_tag?post=6064"}],"curies":[{"name":"wp","href":"https:\/\/api.w.org\/{rel}","templated":true}]}}