{"id":6065,"date":"2020-08-05T19:56:52","date_gmt":"2020-08-05T19:56:52","guid":{"rendered":"https:\/\/www.andresdicamillo.com\/sadenir\/equilibrio\/?post_type=product&#038;p=6065"},"modified":"2025-04-28T14:17:09","modified_gmt":"2025-04-28T14:17:09","slug":"veterinary-urinary","status":"publish","type":"product","link":"https:\/\/sadenir.com.uy\/equilibrio\/shop\/veterinary\/veterinary-urinary\/","title":{"rendered":"Veterinary Urinary"},"content":{"rendered":"<p><strong>PERIODO DE ADMINISTRACION<\/strong><\/p>\n<p>Se recomienda el uso hasta la disoluci\u00f3n de los c\u00e1lculos de estruvita y\/o por hasta el m\u00e1ximo de seis meses para la prevenci\u00f3n de recidivas. El tama\u00f1o del c\u00e1lculo puede influenciar en el tiempo del tratamiento diet\u00e9tico. Per\u00edodos arriba del recomendado requieren el monitoramiento del estado \u00e1cido b\u00e1sico del paciente y necesitan ser preconizados por el m\u00e9dico veterinario.<br \/>\nEmbalajes 2 Kg y 7,5 Kg<\/p>\n<p><strong>NIVELES DE GARANTIA<\/strong><\/p>\n<p>Humedad (m\u00e1x.) 10%, Prote\u00edna Bruta (m\u00edn.) 18%, Prote\u00edna Bruta (m\u00e1x.) 22%, Extracto Et\u00e9reo (m\u00edn.) 16%, Materia Fibrosa (m\u00e1x.) 2,4%, Materia Mineral (m\u00e1x.) 7,7%, Calcio (m\u00e1x.) 0,6%, Calcio (m\u00edn.) 0,4%, F\u00f3sforo (m\u00edn.) 0,4%, F\u00f3sforo (m\u00e1x.) 0,6%, Sodio (m\u00edn.) 0,1%, Sodio (m\u00e1x.) 0,3%, Potasio (m\u00edn.) 0,6%, Magnesio (m\u00edn.) 0,03%, Magnesio (m\u00e1x.) 0,1%, DL-metionina (m\u00edn.) 0,85%, Tript\u00f3fano (m\u00edn.) 0,2%, Taurina (m\u00edn.) 0,2%, Inulina (m\u00edn.) 0,55%, Enterococcus faecium (m\u00edn.) 4,0x107ufc\/kg, Lactobacillus casei (m\u00edn.) 4,0x107ufc\/kg, Bifidobacterium bifidum (m\u00edn.) 2,0x107ufc\/kg, Lactobacillus acidophilus (m\u00edn.) 5,0x107ufc\/kg, Lactobacillus lactis (m\u00edn.) 3,0x107ufc\/kg, Bacillus subtilis (m\u00edn.) 2,0x107ufc\/kg. Energ\u00eda Metabolizable: 4.000 kcal\/kg<\/p>\n<p><strong>CONSIDERACIONES CLINICAS<\/strong><\/p>\n<p>La mayor\u00eda de los cuadros de urolit\u00edasis es acompa\u00f1ada de urolitos de estruvita (fosfato amonio magnesiano). La m\u00e1s importante diferencia de los cuadros de urolit\u00edasis entre perros y gatos es que la mayor\u00eda de las afecciones en gatos no es acompa\u00f1ada de infecci\u00f3n del trato urinario; mientras que la infecci\u00f3n es com\u00fan en perros. Para la formaci\u00f3n de c\u00e1lculos de estruvita, algunas condiciones son necesarias, por ejemplo, concentraciones suficientes de magnesio, amonio y fosfato. El control del sistema SAP (Struvite activity products) colabora en la disoluci\u00f3n de los c\u00e1lculos y en la prevenci\u00f3n de recidivas. Se sugiere que, por el hecho de los perros hacen orina m\u00e1s concentrada en urea, la especie sea m\u00e1s susceptible a la urolit\u00edasis por estruvita con infecci\u00f3n, debido a la conversi\u00f3n de urea en amonio; uno de los componentes estructurales del c\u00e1lculo y responsable por el aumento del pH urinario. Es recomendada una dieta que produzca orina con pH entre 6.4 y 6.6. El manejo nutricional para la disoluci\u00f3n de c\u00e1lculos de estruvita se basa en el uso de un conjunto de nutrientes. El alimento Equilibrio Veterinary UR perros posee bajo nivel de prote\u00edna (18%), pero en cuantidad suficiente y de alta calidad. La intenci\u00f3n de la restricci\u00f3n de prote\u00edna es disminuir la urea urinaria, substrato importante para bacterias ureasa positivas y producci\u00f3n de amonio. Adem\u00e1s, el protocolo para disminuir el riesgo de recidivas incluye la prevenci\u00f3n de la infecci\u00f3n del trato urinario durante el tratamiento con la dieta; la cual debe tener ingredientes que produzcan orina ligeramente \u00e1cida y que reduzcan los componentes estructurales del c\u00e1lculo de estruvita, como el magnesio y f\u00f3sforo, adem\u00e1s de la prote\u00edna. En cuadros de cistitis bacteriana, considerar el tratamiento farmacol\u00f3gico antes del inicio de la dieta. Otro factor significativo es el control del agua ingerida, que puede variar considerablemente dependiendo de las condiciones y del tipo de dieta. Tenores adecuados de sodio pueden contribuir para aumentar el grado de consumo de agua y subsecuente producci\u00f3n de orina<\/p>\n","protected":false},"excerpt":{"rendered":"<p>&nbsp;<\/p>\n<p><strong>INDICACION<\/strong><\/p>\n<p>\u2013 Disoluci\u00f3n de c\u00e1lculos de estruvita;<br \/>\n\u2013 Auxilia en la prevenci\u00f3n de formaci\u00f3n de c\u00e1lculos de estruvita.<\/p>\n<p><strong>CONTRAINDICACION<\/strong><\/p>\n<p>\u2013 Cachorros, perras pre\u00f1adas y lactantes;<br \/>\n\u2013 Hipertensi\u00f3n;<br \/>\n\u2013 Hiperlipidemia;<br \/>\n\u2013 Pancreatitis;<br \/>\n\u2013 Enfermedad renal e card\u00edaca.<\/p>\n","protected":false},"featured_media":5900,"template":"","meta":{"pgc_sgb_lightbox_settings":""},"product_brand":[],"product_cat":[45],"product_tag":[],"class_list":{"0":"post-6065","1":"product","2":"type-product","3":"status-publish","4":"has-post-thumbnail","6":"product_cat-veterinary","8":"first","9":"instock","10":"shipping-taxable","11":"product-type-simple"},"yoast_head":"<!-- This site is optimized with the Yoast SEO plugin v26.1.1 - https:\/\/yoast.com\/wordpress\/plugins\/seo\/ -->\n<title>Veterinary Urinary - Equilibrio<\/title>\n<meta name=\"robots\" content=\"index, follow, max-snippet:-1, max-image-preview:large, max-video-preview:-1\" \/>\n<link rel=\"canonical\" href=\"https:\/\/sadenir.com.uy\/equilibrio\/shop\/veterinary\/veterinary-urinary\/\" \/>\n<meta property=\"og:locale\" content=\"es_ES\" \/>\n<meta property=\"og:type\" content=\"article\" \/>\n<meta property=\"og:title\" content=\"Veterinary Urinary - Equilibrio\" \/>\n<meta property=\"og:description\" content=\"&nbsp;  INDICACION  \u2013 Disoluci\u00f3n de c\u00e1lculos de estruvita; \u2013 Auxilia en la prevenci\u00f3n de formaci\u00f3n de c\u00e1lculos de estruvita.  CONTRAINDICACION  \u2013 Cachorros, perras pre\u00f1adas y lactantes; \u2013 Hipertensi\u00f3n; \u2013 Hiperlipidemia; \u2013 Pancreatitis; \u2013 Enfermedad renal e card\u00edaca.\" \/>\n<meta property=\"og:url\" content=\"https:\/\/sadenir.com.uy\/equilibrio\/shop\/veterinary\/veterinary-urinary\/\" \/>\n<meta property=\"og:site_name\" content=\"Equilibrio\" \/>\n<meta property=\"article:publisher\" content=\"https:\/\/www.facebook.com\/equilibriouruguay\" \/>\n<meta property=\"article:modified_time\" content=\"2025-04-28T14:17:09+00:00\" \/>\n<meta property=\"og:image\" content=\"https:\/\/sadenir.com.uy\/equilibrio\/wp-content\/uploads\/sites\/2\/2020\/08\/01-1.jpg\" \/>\n\t<meta property=\"og:image:width\" content=\"801\" \/>\n\t<meta property=\"og:image:height\" content=\"800\" \/>\n\t<meta property=\"og:image:type\" content=\"image\/jpeg\" \/>\n<meta name=\"twitter:card\" content=\"summary_large_image\" \/>\n<meta name=\"twitter:label1\" content=\"Tiempo de lectura\" \/>\n\t<meta name=\"twitter:data1\" content=\"3 minutos\" \/>\n<script type=\"application\/ld+json\" class=\"yoast-schema-graph\">{\"@context\":\"https:\/\/schema.org\",\"@graph\":[{\"@type\":\"WebPage\",\"@id\":\"https:\/\/sadenir.com.uy\/equilibrio\/shop\/veterinary\/veterinary-urinary\/\",\"url\":\"https:\/\/sadenir.com.uy\/equilibrio\/shop\/veterinary\/veterinary-urinary\/\",\"name\":\"Veterinary Urinary - Equilibrio\",\"isPartOf\":{\"@id\":\"https:\/\/sadenir.com.uy\/equilibrio\/#website\"},\"primaryImageOfPage\":{\"@id\":\"https:\/\/sadenir.com.uy\/equilibrio\/shop\/veterinary\/veterinary-urinary\/#primaryimage\"},\"image\":{\"@id\":\"https:\/\/sadenir.com.uy\/equilibrio\/shop\/veterinary\/veterinary-urinary\/#primaryimage\"},\"thumbnailUrl\":\"https:\/\/sadenir.com.uy\/equilibrio\/wp-content\/uploads\/sites\/2\/2020\/08\/01-1.jpg\",\"datePublished\":\"2020-08-05T19:56:52+00:00\",\"dateModified\":\"2025-04-28T14:17:09+00:00\",\"breadcrumb\":{\"@id\":\"https:\/\/sadenir.com.uy\/equilibrio\/shop\/veterinary\/veterinary-urinary\/#breadcrumb\"},\"inLanguage\":\"es-AR\",\"potentialAction\":[{\"@type\":\"ReadAction\",\"target\":[\"https:\/\/sadenir.com.uy\/equilibrio\/shop\/veterinary\/veterinary-urinary\/\"]}]},{\"@type\":\"ImageObject\",\"inLanguage\":\"es-AR\",\"@id\":\"https:\/\/sadenir.com.uy\/equilibrio\/shop\/veterinary\/veterinary-urinary\/#primaryimage\",\"url\":\"https:\/\/sadenir.com.uy\/equilibrio\/wp-content\/uploads\/sites\/2\/2020\/08\/01-1.jpg\",\"contentUrl\":\"https:\/\/sadenir.com.uy\/equilibrio\/wp-content\/uploads\/sites\/2\/2020\/08\/01-1.jpg\",\"width\":801,\"height\":800},{\"@type\":\"BreadcrumbList\",\"@id\":\"https:\/\/sadenir.com.uy\/equilibrio\/shop\/veterinary\/veterinary-urinary\/#breadcrumb\",\"itemListElement\":[{\"@type\":\"ListItem\",\"position\":1,\"name\":\"Inicio\",\"item\":\"https:\/\/sadenir.com.uy\/equilibrio\/\"},{\"@type\":\"ListItem\",\"position\":2,\"name\":\"Productos\",\"item\":\"https:\/\/sadenir.com.uy\/equilibrio\/productos\/\"},{\"@type\":\"ListItem\",\"position\":3,\"name\":\"Veterinary Urinary\"}]},{\"@type\":\"WebSite\",\"@id\":\"https:\/\/sadenir.com.uy\/equilibrio\/#website\",\"url\":\"https:\/\/sadenir.com.uy\/equilibrio\/\",\"name\":\"Equilibrio\",\"description\":\"Excelencia en nutrici\u00f3n\",\"publisher\":{\"@id\":\"https:\/\/sadenir.com.uy\/equilibrio\/#organization\"},\"potentialAction\":[{\"@type\":\"SearchAction\",\"target\":{\"@type\":\"EntryPoint\",\"urlTemplate\":\"https:\/\/sadenir.com.uy\/equilibrio\/?s={search_term_string}\"},\"query-input\":{\"@type\":\"PropertyValueSpecification\",\"valueRequired\":true,\"valueName\":\"search_term_string\"}}],\"inLanguage\":\"es-AR\"},{\"@type\":\"Organization\",\"@id\":\"https:\/\/sadenir.com.uy\/equilibrio\/#organization\",\"name\":\"Equilibrio\",\"url\":\"https:\/\/sadenir.com.uy\/equilibrio\/\",\"logo\":{\"@type\":\"ImageObject\",\"inLanguage\":\"es-AR\",\"@id\":\"https:\/\/sadenir.com.uy\/equilibrio\/#\/schema\/logo\/image\/\",\"url\":\"https:\/\/sadenir.com.uy\/equilibrio\/wp-content\/uploads\/sites\/2\/2024\/04\/LOGO-EQUILIBRIO.png\",\"contentUrl\":\"https:\/\/sadenir.com.uy\/equilibrio\/wp-content\/uploads\/sites\/2\/2024\/04\/LOGO-EQUILIBRIO.png\",\"width\":1592,\"height\":725,\"caption\":\"Equilibrio\"},\"image\":{\"@id\":\"https:\/\/sadenir.com.uy\/equilibrio\/#\/schema\/logo\/image\/\"},\"sameAs\":[\"https:\/\/www.facebook.com\/equilibriouruguay\",\"https:\/\/www.instagram.com\/equilibrio.uy\/\"]}]}<\/script>\n<!-- \/ Yoast SEO plugin. -->","yoast_head_json":{"title":"Veterinary Urinary - Equilibrio","robots":{"index":"index","follow":"follow","max-snippet":"max-snippet:-1","max-image-preview":"max-image-preview:large","max-video-preview":"max-video-preview:-1"},"canonical":"https:\/\/sadenir.com.uy\/equilibrio\/shop\/veterinary\/veterinary-urinary\/","og_locale":"es_ES","og_type":"article","og_title":"Veterinary Urinary - Equilibrio","og_description":"&nbsp;  INDICACION  \u2013 Disoluci\u00f3n de c\u00e1lculos de estruvita; \u2013 Auxilia en la prevenci\u00f3n de formaci\u00f3n de c\u00e1lculos de estruvita.  CONTRAINDICACION  \u2013 Cachorros, perras pre\u00f1adas y lactantes; \u2013 Hipertensi\u00f3n; \u2013 Hiperlipidemia; \u2013 Pancreatitis; \u2013 Enfermedad renal e card\u00edaca.","og_url":"https:\/\/sadenir.com.uy\/equilibrio\/shop\/veterinary\/veterinary-urinary\/","og_site_name":"Equilibrio","article_publisher":"https:\/\/www.facebook.com\/equilibriouruguay","article_modified_time":"2025-04-28T14:17:09+00:00","og_image":[{"width":801,"height":800,"url":"https:\/\/sadenir.com.uy\/equilibrio\/wp-content\/uploads\/sites\/2\/2020\/08\/01-1.jpg","type":"image\/jpeg"}],"twitter_card":"summary_large_image","twitter_misc":{"Tiempo de lectura":"3 minutos"},"schema":{"@context":"https:\/\/schema.org","@graph":[{"@type":"WebPage","@id":"https:\/\/sadenir.com.uy\/equilibrio\/shop\/veterinary\/veterinary-urinary\/","url":"https:\/\/sadenir.com.uy\/equilibrio\/shop\/veterinary\/veterinary-urinary\/","name":"Veterinary Urinary - Equilibrio","isPartOf":{"@id":"https:\/\/sadenir.com.uy\/equilibrio\/#website"},"primaryImageOfPage":{"@id":"https:\/\/sadenir.com.uy\/equilibrio\/shop\/veterinary\/veterinary-urinary\/#primaryimage"},"image":{"@id":"https:\/\/sadenir.com.uy\/equilibrio\/shop\/veterinary\/veterinary-urinary\/#primaryimage"},"thumbnailUrl":"https:\/\/sadenir.com.uy\/equilibrio\/wp-content\/uploads\/sites\/2\/2020\/08\/01-1.jpg","datePublished":"2020-08-05T19:56:52+00:00","dateModified":"2025-04-28T14:17:09+00:00","breadcrumb":{"@id":"https:\/\/sadenir.com.uy\/equilibrio\/shop\/veterinary\/veterinary-urinary\/#breadcrumb"},"inLanguage":"es-AR","potentialAction":[{"@type":"ReadAction","target":["https:\/\/sadenir.com.uy\/equilibrio\/shop\/veterinary\/veterinary-urinary\/"]}]},{"@type":"ImageObject","inLanguage":"es-AR","@id":"https:\/\/sadenir.com.uy\/equilibrio\/shop\/veterinary\/veterinary-urinary\/#primaryimage","url":"https:\/\/sadenir.com.uy\/equilibrio\/wp-content\/uploads\/sites\/2\/2020\/08\/01-1.jpg","contentUrl":"https:\/\/sadenir.com.uy\/equilibrio\/wp-content\/uploads\/sites\/2\/2020\/08\/01-1.jpg","width":801,"height":800},{"@type":"BreadcrumbList","@id":"https:\/\/sadenir.com.uy\/equilibrio\/shop\/veterinary\/veterinary-urinary\/#breadcrumb","itemListElement":[{"@type":"ListItem","position":1,"name":"Inicio","item":"https:\/\/sadenir.com.uy\/equilibrio\/"},{"@type":"ListItem","position":2,"name":"Productos","item":"https:\/\/sadenir.com.uy\/equilibrio\/productos\/"},{"@type":"ListItem","position":3,"name":"Veterinary Urinary"}]},{"@type":"WebSite","@id":"https:\/\/sadenir.com.uy\/equilibrio\/#website","url":"https:\/\/sadenir.com.uy\/equilibrio\/","name":"Equilibrio","description":"Excelencia en nutrici\u00f3n","publisher":{"@id":"https:\/\/sadenir.com.uy\/equilibrio\/#organization"},"potentialAction":[{"@type":"SearchAction","target":{"@type":"EntryPoint","urlTemplate":"https:\/\/sadenir.com.uy\/equilibrio\/?s={search_term_string}"},"query-input":{"@type":"PropertyValueSpecification","valueRequired":true,"valueName":"search_term_string"}}],"inLanguage":"es-AR"},{"@type":"Organization","@id":"https:\/\/sadenir.com.uy\/equilibrio\/#organization","name":"Equilibrio","url":"https:\/\/sadenir.com.uy\/equilibrio\/","logo":{"@type":"ImageObject","inLanguage":"es-AR","@id":"https:\/\/sadenir.com.uy\/equilibrio\/#\/schema\/logo\/image\/","url":"https:\/\/sadenir.com.uy\/equilibrio\/wp-content\/uploads\/sites\/2\/2024\/04\/LOGO-EQUILIBRIO.png","contentUrl":"https:\/\/sadenir.com.uy\/equilibrio\/wp-content\/uploads\/sites\/2\/2024\/04\/LOGO-EQUILIBRIO.png","width":1592,"height":725,"caption":"Equilibrio"},"image":{"@id":"https:\/\/sadenir.com.uy\/equilibrio\/#\/schema\/logo\/image\/"},"sameAs":["https:\/\/www.facebook.com\/equilibriouruguay","https:\/\/www.instagram.com\/equilibrio.uy\/"]}]}},"_links":{"self":[{"href":"https:\/\/sadenir.com.uy\/equilibrio\/wp-json\/wp\/v2\/product\/6065","targetHints":{"allow":["GET"]}}],"collection":[{"href":"https:\/\/sadenir.com.uy\/equilibrio\/wp-json\/wp\/v2\/product"}],"about":[{"href":"https:\/\/sadenir.com.uy\/equilibrio\/wp-json\/wp\/v2\/types\/product"}],"wp:featuredmedia":[{"embeddable":true,"href":"https:\/\/sadenir.com.uy\/equilibrio\/wp-json\/wp\/v2\/media\/5900"}],"wp:attachment":[{"href":"https:\/\/sadenir.com.uy\/equilibrio\/wp-json\/wp\/v2\/media?parent=6065"}],"wp:term":[{"taxonomy":"product_brand","embeddable":true,"href":"https:\/\/sadenir.com.uy\/equilibrio\/wp-json\/wp\/v2\/product_brand?post=6065"},{"taxonomy":"product_cat","embeddable":true,"href":"https:\/\/sadenir.com.uy\/equilibrio\/wp-json\/wp\/v2\/product_cat?post=6065"},{"taxonomy":"product_tag","embeddable":true,"href":"https:\/\/sadenir.com.uy\/equilibrio\/wp-json\/wp\/v2\/product_tag?post=6065"}],"curies":[{"name":"wp","href":"https:\/\/api.w.org\/{rel}","templated":true}]}}