{"id":8100,"date":"2025-04-27T21:53:26","date_gmt":"2025-04-27T21:53:26","guid":{"rendered":"https:\/\/sadenir.com.uy\/equilibrio\/?post_type=product&#038;p=8100"},"modified":"2025-04-30T14:58:37","modified_gmt":"2025-04-30T14:58:37","slug":"gatitos-pollo","status":"publish","type":"product","link":"https:\/\/sadenir.com.uy\/equilibrio\/shop\/gatos\/gatitos\/gatitos-pollo\/","title":{"rendered":"Gatitos Pollo"},"content":{"rendered":"<h4 class=\"\" data-start=\"139\" data-end=\"168\"><strong data-start=\"144\" data-end=\"166\">Composici\u00f3n B\u00e1sica<\/strong><\/h4>\n<p class=\"\" data-start=\"169\" data-end=\"908\">Carne mec\u00e1nicamente separada de aves, harina de v\u00edsceras de aves, harina de peces, aceite de aves, aceite de pescado refinado blanqueado y desodorizado, grano de ma\u00edz, salvado de gluten de ma\u00edz 60, grano de linaza, pulpa de remolacha, salvado de soja, arroz quebrado, levadura de cerveza inactivada deshidratada, biomasa de microalgas (Schizochytrium sp.), ar\u00e1ndano (cranberry), cloruro de sodio, cloruro de potasio, bisulfato de sodio, extracto de yuca, L-lisina HCl, DL-metionina, taurina, aditivo prebi\u00f3tico (pared celular de levadura &#8211; fuente de manano-oligosac\u00e1ridos), aditivo probi\u00f3tico, hidrolizado de h\u00edgado de aves, extracto de romero, concentrado de tocoferoles, \u00e1cido propi\u00f3nico, cloruro de colina, premezcla vitam\u00ednica mineral.<\/p>\n<h4 class=\"\" data-start=\"910\" data-end=\"941\"><strong data-start=\"915\" data-end=\"939\">An\u00e1lisis Nutricional<\/strong><\/h4>\n<p><img fetchpriority=\"high\" decoding=\"async\" class=\"alignright wp-image-8101 size-full\" src=\"https:\/\/sadenir.com.uy\/equilibrio\/wp-content\/uploads\/sites\/2\/2025\/03\/Screenshot-2025-03-31-115704.png\" alt=\"\" width=\"684\" height=\"444\" srcset=\"https:\/\/sadenir.com.uy\/equilibrio\/wp-content\/uploads\/sites\/2\/2025\/03\/Screenshot-2025-03-31-115704.png 684w, https:\/\/sadenir.com.uy\/equilibrio\/wp-content\/uploads\/sites\/2\/2025\/03\/Screenshot-2025-03-31-115704-300x195.png 300w\" sizes=\"(max-width: 684px) 100vw, 684px\" \/><\/p>\n<p class=\"\" data-start=\"942\" data-end=\"1133\">Humedad (m\u00e1x) 10 %, prote\u00edna cruda (m\u00edn) 35 %, grasa cruda (m\u00edn) 20 %, fibra cruda (m\u00e1x) 3,5 %, cenizas (m\u00e1x) 8 %, calcio (m\u00e1x) 1,5 %, f\u00f3sforo (m\u00edn) 0,8 %, energ\u00eda metabolizable 4216 kcal\/kg.<\/p>\n<h4 class=\"\" data-start=\"1135\" data-end=\"1175\"><strong data-start=\"1140\" data-end=\"1173\">Enriquecimento por Kilogramo<\/strong><\/h4>\n<p>Vitamina A 28000 U.I., vitamina D3 2800 U.I., vitamina E 675 U.I., vitamina K3 1,9 mg, vitamina B1 39 mg, vitamina B2 39 mg, vitamina B3 123 mg, vitamina B5 48 mg, vitamina B6 24 mg, vitamina B9 11 mg, vitamina B7 0,9 mg, vitamina B12 300 mcg, vitamina C 250 mg, colina 2400 mg, hierro 100 mg, cobre 35 mg, manganeso 50 mg, zinc 210 mg, yodo 4 mg, selenio 0,45 mg, sodio 3 g, potasio 6 g, manano-oligosac\u00e1ridos 240 mg, \u00e1cido linol\u00e9nico 3500 mg, \u00e1cido linoleico 35 g, lisina 12 g, metionina 7000 mg, taurina 1300 mg, DHA 1000 mg, probi\u00f3tico 1000 mg.<\/p>\n<h4 class=\"\" data-start=\"1726\" data-end=\"1756\"><strong data-start=\"1731\" data-end=\"1754\">Posibles Sustitutos<\/strong><\/h4>\n<p class=\"\" data-start=\"1757\" data-end=\"1941\">Carne de aves, carne deshidratada de aves, aceite de pescados, \u00e1cido c\u00edtrico, cloruro de amonio, sulfato de amonio, propionato de calcio, propionato de amonio, hidrolizado de pescados.<\/p>\n<p>&nbsp;<\/p>\n","protected":false},"excerpt":{"rendered":"<p class=\"\" data-start=\"252\" data-end=\"694\"><strong data-start=\"252\" data-end=\"284\">Equilibrio Gatitos con Pollo<\/strong> es un alimento completo y balanceado, ideal para gatos en crecimiento desde el destete hasta los 12 meses. Su f\u00f3rmula exclusiva apoya el desarrollo cerebral y el crecimiento saludable gracias al contenido de <strong data-start=\"493\" data-end=\"510\">DHA (Omega 3)<\/strong>. Tambi\u00e9n refuerza las defensas naturales con un <strong data-start=\"559\" data-end=\"584\">complejo antioxidante<\/strong>, y mejora la salud digestiva gracias a una combinaci\u00f3n \u00fanica de <strong data-start=\"649\" data-end=\"693\">fibra natural, prebi\u00f3ticos y probi\u00f3ticos<\/strong>.<\/p>\n<p class=\"\" data-start=\"696\" data-end=\"816\">Con un <strong data-start=\"703\" data-end=\"738\">tama\u00f1o real de croqueta de 7 mm<\/strong>, est\u00e1 especialmente dise\u00f1ado para facilitar la masticaci\u00f3n en gatos peque\u00f1os.<\/p>\n<p class=\"\" data-start=\"818\" data-end=\"937\"><strong data-start=\"821\" data-end=\"851\">Presentaciones disponibles<\/strong>: 500g, 1,5kg y 7,5kg<br data-start=\"872\" data-end=\"875\" \/><strong data-start=\"878\" data-end=\"892\">Indicaci\u00f3n<\/strong>: Alimento completo para gatos en crecimiento<\/p>\n","protected":false},"featured_media":8103,"template":"","meta":{"pgc_sgb_lightbox_settings":""},"product_brand":[],"product_cat":[65,44],"product_tag":[],"class_list":{"0":"post-8100","1":"product","2":"type-product","3":"status-publish","4":"has-post-thumbnail","6":"product_cat-gatitos","7":"product_cat-gatos","9":"first","10":"instock","11":"shipping-taxable","12":"product-type-simple"},"yoast_head":"<!-- This site is optimized with the Yoast SEO plugin v26.1.1 - https:\/\/yoast.com\/wordpress\/plugins\/seo\/ -->\n<title>Gatitos Pollo - Equilibrio<\/title>\n<meta name=\"description\" content=\"Equilibrio Gatitos con Pollo es un alimento completo para gatos en crecimiento. Con DHA, probi\u00f3ticos y antioxidantes para fortalecer su desarrollo, digesti\u00f3n y defensas. Disponible en 500g, 1.5kg y 7.5kg.\" \/>\n<meta name=\"robots\" content=\"index, follow, max-snippet:-1, max-image-preview:large, max-video-preview:-1\" \/>\n<link rel=\"canonical\" href=\"https:\/\/sadenir.com.uy\/equilibrio\/shop\/gatos\/gatitos\/gatitos-pollo\/\" \/>\n<meta property=\"og:locale\" content=\"es_ES\" \/>\n<meta property=\"og:type\" content=\"article\" \/>\n<meta property=\"og:title\" content=\"Gatitos Pollo - Equilibrio\" \/>\n<meta property=\"og:description\" content=\"Equilibrio Gatitos con Pollo es un alimento completo para gatos en crecimiento. Con DHA, probi\u00f3ticos y antioxidantes para fortalecer su desarrollo, digesti\u00f3n y defensas. Disponible en 500g, 1.5kg y 7.5kg.\" \/>\n<meta property=\"og:url\" content=\"https:\/\/sadenir.com.uy\/equilibrio\/shop\/gatos\/gatitos\/gatitos-pollo\/\" \/>\n<meta property=\"og:site_name\" content=\"Equilibrio\" \/>\n<meta property=\"article:publisher\" content=\"https:\/\/www.facebook.com\/equilibriouruguay\" \/>\n<meta property=\"article:modified_time\" content=\"2025-04-30T14:58:37+00:00\" \/>\n<meta property=\"og:image\" content=\"https:\/\/sadenir.com.uy\/equilibrio\/wp-content\/uploads\/sites\/2\/2025\/03\/EQUILIBRIO-GATOS-FILHOTES-FRANGO-8049-ESQUERDA.png\" \/>\n\t<meta property=\"og:image:width\" content=\"1100\" \/>\n\t<meta property=\"og:image:height\" content=\"1250\" \/>\n\t<meta property=\"og:image:type\" content=\"image\/png\" \/>\n<meta name=\"twitter:card\" content=\"summary_large_image\" \/>\n<meta name=\"twitter:label1\" content=\"Tiempo de lectura\" \/>\n\t<meta name=\"twitter:data1\" content=\"2 minutos\" \/>\n<script type=\"application\/ld+json\" class=\"yoast-schema-graph\">{\"@context\":\"https:\/\/schema.org\",\"@graph\":[{\"@type\":\"WebPage\",\"@id\":\"https:\/\/sadenir.com.uy\/equilibrio\/shop\/gatos\/gatitos\/gatitos-pollo\/\",\"url\":\"https:\/\/sadenir.com.uy\/equilibrio\/shop\/gatos\/gatitos\/gatitos-pollo\/\",\"name\":\"Gatitos Pollo - Equilibrio\",\"isPartOf\":{\"@id\":\"https:\/\/sadenir.com.uy\/equilibrio\/#website\"},\"primaryImageOfPage\":{\"@id\":\"https:\/\/sadenir.com.uy\/equilibrio\/shop\/gatos\/gatitos\/gatitos-pollo\/#primaryimage\"},\"image\":{\"@id\":\"https:\/\/sadenir.com.uy\/equilibrio\/shop\/gatos\/gatitos\/gatitos-pollo\/#primaryimage\"},\"thumbnailUrl\":\"https:\/\/sadenir.com.uy\/equilibrio\/wp-content\/uploads\/sites\/2\/2025\/03\/EQUILIBRIO-GATOS-FILHOTES-FRANGO-8049-ESQUERDA.png\",\"datePublished\":\"2025-04-27T21:53:26+00:00\",\"dateModified\":\"2025-04-30T14:58:37+00:00\",\"description\":\"Equilibrio Gatitos con Pollo es un alimento completo para gatos en crecimiento. Con DHA, probi\u00f3ticos y antioxidantes para fortalecer su desarrollo, digesti\u00f3n y defensas. Disponible en 500g, 1.5kg y 7.5kg.\",\"breadcrumb\":{\"@id\":\"https:\/\/sadenir.com.uy\/equilibrio\/shop\/gatos\/gatitos\/gatitos-pollo\/#breadcrumb\"},\"inLanguage\":\"es-AR\",\"potentialAction\":[{\"@type\":\"ReadAction\",\"target\":[\"https:\/\/sadenir.com.uy\/equilibrio\/shop\/gatos\/gatitos\/gatitos-pollo\/\"]}]},{\"@type\":\"ImageObject\",\"inLanguage\":\"es-AR\",\"@id\":\"https:\/\/sadenir.com.uy\/equilibrio\/shop\/gatos\/gatitos\/gatitos-pollo\/#primaryimage\",\"url\":\"https:\/\/sadenir.com.uy\/equilibrio\/wp-content\/uploads\/sites\/2\/2025\/03\/EQUILIBRIO-GATOS-FILHOTES-FRANGO-8049-ESQUERDA.png\",\"contentUrl\":\"https:\/\/sadenir.com.uy\/equilibrio\/wp-content\/uploads\/sites\/2\/2025\/03\/EQUILIBRIO-GATOS-FILHOTES-FRANGO-8049-ESQUERDA.png\",\"width\":1100,\"height\":1250},{\"@type\":\"BreadcrumbList\",\"@id\":\"https:\/\/sadenir.com.uy\/equilibrio\/shop\/gatos\/gatitos\/gatitos-pollo\/#breadcrumb\",\"itemListElement\":[{\"@type\":\"ListItem\",\"position\":1,\"name\":\"Inicio\",\"item\":\"https:\/\/sadenir.com.uy\/equilibrio\/\"},{\"@type\":\"ListItem\",\"position\":2,\"name\":\"Productos\",\"item\":\"https:\/\/sadenir.com.uy\/equilibrio\/productos\/\"},{\"@type\":\"ListItem\",\"position\":3,\"name\":\"Gatitos Pollo\"}]},{\"@type\":\"WebSite\",\"@id\":\"https:\/\/sadenir.com.uy\/equilibrio\/#website\",\"url\":\"https:\/\/sadenir.com.uy\/equilibrio\/\",\"name\":\"Equilibrio\",\"description\":\"Excelencia en nutrici\u00f3n\",\"publisher\":{\"@id\":\"https:\/\/sadenir.com.uy\/equilibrio\/#organization\"},\"potentialAction\":[{\"@type\":\"SearchAction\",\"target\":{\"@type\":\"EntryPoint\",\"urlTemplate\":\"https:\/\/sadenir.com.uy\/equilibrio\/?s={search_term_string}\"},\"query-input\":{\"@type\":\"PropertyValueSpecification\",\"valueRequired\":true,\"valueName\":\"search_term_string\"}}],\"inLanguage\":\"es-AR\"},{\"@type\":\"Organization\",\"@id\":\"https:\/\/sadenir.com.uy\/equilibrio\/#organization\",\"name\":\"Equilibrio\",\"url\":\"https:\/\/sadenir.com.uy\/equilibrio\/\",\"logo\":{\"@type\":\"ImageObject\",\"inLanguage\":\"es-AR\",\"@id\":\"https:\/\/sadenir.com.uy\/equilibrio\/#\/schema\/logo\/image\/\",\"url\":\"https:\/\/sadenir.com.uy\/equilibrio\/wp-content\/uploads\/sites\/2\/2024\/04\/LOGO-EQUILIBRIO.png\",\"contentUrl\":\"https:\/\/sadenir.com.uy\/equilibrio\/wp-content\/uploads\/sites\/2\/2024\/04\/LOGO-EQUILIBRIO.png\",\"width\":1592,\"height\":725,\"caption\":\"Equilibrio\"},\"image\":{\"@id\":\"https:\/\/sadenir.com.uy\/equilibrio\/#\/schema\/logo\/image\/\"},\"sameAs\":[\"https:\/\/www.facebook.com\/equilibriouruguay\",\"https:\/\/www.instagram.com\/equilibrio.uy\/\"]}]}<\/script>\n<!-- \/ Yoast SEO plugin. -->","yoast_head_json":{"title":"Gatitos Pollo - Equilibrio","description":"Equilibrio Gatitos con Pollo es un alimento completo para gatos en crecimiento. Con DHA, probi\u00f3ticos y antioxidantes para fortalecer su desarrollo, digesti\u00f3n y defensas. Disponible en 500g, 1.5kg y 7.5kg.","robots":{"index":"index","follow":"follow","max-snippet":"max-snippet:-1","max-image-preview":"max-image-preview:large","max-video-preview":"max-video-preview:-1"},"canonical":"https:\/\/sadenir.com.uy\/equilibrio\/shop\/gatos\/gatitos\/gatitos-pollo\/","og_locale":"es_ES","og_type":"article","og_title":"Gatitos Pollo - Equilibrio","og_description":"Equilibrio Gatitos con Pollo es un alimento completo para gatos en crecimiento. Con DHA, probi\u00f3ticos y antioxidantes para fortalecer su desarrollo, digesti\u00f3n y defensas. Disponible en 500g, 1.5kg y 7.5kg.","og_url":"https:\/\/sadenir.com.uy\/equilibrio\/shop\/gatos\/gatitos\/gatitos-pollo\/","og_site_name":"Equilibrio","article_publisher":"https:\/\/www.facebook.com\/equilibriouruguay","article_modified_time":"2025-04-30T14:58:37+00:00","og_image":[{"width":1100,"height":1250,"url":"https:\/\/sadenir.com.uy\/equilibrio\/wp-content\/uploads\/sites\/2\/2025\/03\/EQUILIBRIO-GATOS-FILHOTES-FRANGO-8049-ESQUERDA.png","type":"image\/png"}],"twitter_card":"summary_large_image","twitter_misc":{"Tiempo de lectura":"2 minutos"},"schema":{"@context":"https:\/\/schema.org","@graph":[{"@type":"WebPage","@id":"https:\/\/sadenir.com.uy\/equilibrio\/shop\/gatos\/gatitos\/gatitos-pollo\/","url":"https:\/\/sadenir.com.uy\/equilibrio\/shop\/gatos\/gatitos\/gatitos-pollo\/","name":"Gatitos Pollo - Equilibrio","isPartOf":{"@id":"https:\/\/sadenir.com.uy\/equilibrio\/#website"},"primaryImageOfPage":{"@id":"https:\/\/sadenir.com.uy\/equilibrio\/shop\/gatos\/gatitos\/gatitos-pollo\/#primaryimage"},"image":{"@id":"https:\/\/sadenir.com.uy\/equilibrio\/shop\/gatos\/gatitos\/gatitos-pollo\/#primaryimage"},"thumbnailUrl":"https:\/\/sadenir.com.uy\/equilibrio\/wp-content\/uploads\/sites\/2\/2025\/03\/EQUILIBRIO-GATOS-FILHOTES-FRANGO-8049-ESQUERDA.png","datePublished":"2025-04-27T21:53:26+00:00","dateModified":"2025-04-30T14:58:37+00:00","description":"Equilibrio Gatitos con Pollo es un alimento completo para gatos en crecimiento. Con DHA, probi\u00f3ticos y antioxidantes para fortalecer su desarrollo, digesti\u00f3n y defensas. Disponible en 500g, 1.5kg y 7.5kg.","breadcrumb":{"@id":"https:\/\/sadenir.com.uy\/equilibrio\/shop\/gatos\/gatitos\/gatitos-pollo\/#breadcrumb"},"inLanguage":"es-AR","potentialAction":[{"@type":"ReadAction","target":["https:\/\/sadenir.com.uy\/equilibrio\/shop\/gatos\/gatitos\/gatitos-pollo\/"]}]},{"@type":"ImageObject","inLanguage":"es-AR","@id":"https:\/\/sadenir.com.uy\/equilibrio\/shop\/gatos\/gatitos\/gatitos-pollo\/#primaryimage","url":"https:\/\/sadenir.com.uy\/equilibrio\/wp-content\/uploads\/sites\/2\/2025\/03\/EQUILIBRIO-GATOS-FILHOTES-FRANGO-8049-ESQUERDA.png","contentUrl":"https:\/\/sadenir.com.uy\/equilibrio\/wp-content\/uploads\/sites\/2\/2025\/03\/EQUILIBRIO-GATOS-FILHOTES-FRANGO-8049-ESQUERDA.png","width":1100,"height":1250},{"@type":"BreadcrumbList","@id":"https:\/\/sadenir.com.uy\/equilibrio\/shop\/gatos\/gatitos\/gatitos-pollo\/#breadcrumb","itemListElement":[{"@type":"ListItem","position":1,"name":"Inicio","item":"https:\/\/sadenir.com.uy\/equilibrio\/"},{"@type":"ListItem","position":2,"name":"Productos","item":"https:\/\/sadenir.com.uy\/equilibrio\/productos\/"},{"@type":"ListItem","position":3,"name":"Gatitos Pollo"}]},{"@type":"WebSite","@id":"https:\/\/sadenir.com.uy\/equilibrio\/#website","url":"https:\/\/sadenir.com.uy\/equilibrio\/","name":"Equilibrio","description":"Excelencia en nutrici\u00f3n","publisher":{"@id":"https:\/\/sadenir.com.uy\/equilibrio\/#organization"},"potentialAction":[{"@type":"SearchAction","target":{"@type":"EntryPoint","urlTemplate":"https:\/\/sadenir.com.uy\/equilibrio\/?s={search_term_string}"},"query-input":{"@type":"PropertyValueSpecification","valueRequired":true,"valueName":"search_term_string"}}],"inLanguage":"es-AR"},{"@type":"Organization","@id":"https:\/\/sadenir.com.uy\/equilibrio\/#organization","name":"Equilibrio","url":"https:\/\/sadenir.com.uy\/equilibrio\/","logo":{"@type":"ImageObject","inLanguage":"es-AR","@id":"https:\/\/sadenir.com.uy\/equilibrio\/#\/schema\/logo\/image\/","url":"https:\/\/sadenir.com.uy\/equilibrio\/wp-content\/uploads\/sites\/2\/2024\/04\/LOGO-EQUILIBRIO.png","contentUrl":"https:\/\/sadenir.com.uy\/equilibrio\/wp-content\/uploads\/sites\/2\/2024\/04\/LOGO-EQUILIBRIO.png","width":1592,"height":725,"caption":"Equilibrio"},"image":{"@id":"https:\/\/sadenir.com.uy\/equilibrio\/#\/schema\/logo\/image\/"},"sameAs":["https:\/\/www.facebook.com\/equilibriouruguay","https:\/\/www.instagram.com\/equilibrio.uy\/"]}]}},"_links":{"self":[{"href":"https:\/\/sadenir.com.uy\/equilibrio\/wp-json\/wp\/v2\/product\/8100","targetHints":{"allow":["GET"]}}],"collection":[{"href":"https:\/\/sadenir.com.uy\/equilibrio\/wp-json\/wp\/v2\/product"}],"about":[{"href":"https:\/\/sadenir.com.uy\/equilibrio\/wp-json\/wp\/v2\/types\/product"}],"wp:featuredmedia":[{"embeddable":true,"href":"https:\/\/sadenir.com.uy\/equilibrio\/wp-json\/wp\/v2\/media\/8103"}],"wp:attachment":[{"href":"https:\/\/sadenir.com.uy\/equilibrio\/wp-json\/wp\/v2\/media?parent=8100"}],"wp:term":[{"taxonomy":"product_brand","embeddable":true,"href":"https:\/\/sadenir.com.uy\/equilibrio\/wp-json\/wp\/v2\/product_brand?post=8100"},{"taxonomy":"product_cat","embeddable":true,"href":"https:\/\/sadenir.com.uy\/equilibrio\/wp-json\/wp\/v2\/product_cat?post=8100"},{"taxonomy":"product_tag","embeddable":true,"href":"https:\/\/sadenir.com.uy\/equilibrio\/wp-json\/wp\/v2\/product_tag?post=8100"}],"curies":[{"name":"wp","href":"https:\/\/api.w.org\/{rel}","templated":true}]}}