{"id":8104,"date":"2025-04-27T21:53:26","date_gmt":"2025-04-27T21:53:26","guid":{"rendered":"https:\/\/sadenir.com.uy\/equilibrio\/?post_type=product&#038;p=8104"},"modified":"2025-04-30T14:41:41","modified_gmt":"2025-04-30T14:41:41","slug":"adultos-pollo","status":"publish","type":"product","link":"https:\/\/sadenir.com.uy\/equilibrio\/shop\/gatos\/adultos-gatos\/adultos-pollo\/","title":{"rendered":"Adultos Pollo"},"content":{"rendered":"<h4 class=\"\" data-start=\"143\" data-end=\"172\"><strong data-start=\"148\" data-end=\"170\">Composici\u00f3n B\u00e1sica<\/strong><\/h4>\n<p class=\"\" data-start=\"173\" data-end=\"919\">Carne mec\u00e1nicamente separada de aves, harina de v\u00edsceras de aves, harina de peces, aceite de aves, aceite de pescado refinado blanqueado y desodorizado, grano de ma\u00edz, salvado de gluten de ma\u00edz 60, grano de linaza, pulpa de remolacha, salvado de soja, arroz quebrado, fibra de ca\u00f1a de az\u00facar, levadura de cerveza inactivada deshidratada, ar\u00e1ndano (cranberry), cloruro de sodio, hexametafosfato de sodio, cloruro de potasio, bisulfato de sodio, extracto de yuca, L-lisina HCl, DL-metionina, taurina, aditivo prebi\u00f3tico (pared celular de levadura &#8211; fuente de manano-oligosac\u00e1ridos), aditivo probi\u00f3tico, hidrolizado de h\u00edgado de aves, extracto de romero, concentrado de tocoferoles, \u00e1cido propi\u00f3nico, cloruro de colina, premezcla vitam\u00ednica mineral.<\/p>\n<h4 class=\"\" data-start=\"921\" data-end=\"952\"><strong data-start=\"926\" data-end=\"950\">An\u00e1lisis Nutricional<a href=\"https:\/\/sadenir.com.uy\/equilibrio\/wp-content\/uploads\/sites\/2\/2025\/03\/Screenshot-2025-03-31-140210.png\"><img fetchpriority=\"high\" decoding=\"async\" class=\"alignright wp-image-8105 size-full\" src=\"https:\/\/sadenir.com.uy\/equilibrio\/wp-content\/uploads\/sites\/2\/2025\/03\/Screenshot-2025-03-31-140210.png\" alt=\"\" width=\"602\" height=\"378\" srcset=\"https:\/\/sadenir.com.uy\/equilibrio\/wp-content\/uploads\/sites\/2\/2025\/03\/Screenshot-2025-03-31-140210.png 602w, https:\/\/sadenir.com.uy\/equilibrio\/wp-content\/uploads\/sites\/2\/2025\/03\/Screenshot-2025-03-31-140210-300x188.png 300w, https:\/\/sadenir.com.uy\/equilibrio\/wp-content\/uploads\/sites\/2\/2025\/03\/Screenshot-2025-03-31-140210-600x378.png 600w\" sizes=\"(max-width: 602px) 100vw, 602px\" \/><\/a><\/strong><\/h4>\n<p class=\"\" data-start=\"953\" data-end=\"1144\">Humedad (m\u00e1x) 10 %, prote\u00edna cruda (m\u00edn) 32 %, grasa cruda (m\u00edn) 17 %, fibra cruda (m\u00e1x) 4 %, cenizas (m\u00e1x) 7,5 %, calcio (m\u00e1x) 1,4 %, f\u00f3sforo (m\u00edn) 0,6 %, energ\u00eda metabolizable 3968 kcal\/kg.<\/p>\n<h4 class=\"\" data-start=\"1146\" data-end=\"1186\"><strong data-start=\"1151\" data-end=\"1184\">Enriquecimiento por Kilogramo<\/strong><\/h4>\n<p class=\"\" data-start=\"1187\" data-end=\"1755\">Vitamina A 25000 U.I., vitamina D3 2500 U.I., vitamina E 675 U.I., vitamina K3 1,7 mg, vitamina B1 35 mg, vitamina B2 35 mg, vitamina B3 110 mg, vitamina B5 43 mg, vitamina B6 22 mg, vitamina B9 10 mg, vitamina B7 0,8 mg, vitamina B12 300 mcg, vitamina C 250 mg, colina 2400 mg, hierro 100 mg, cobre 35 mg, manganeso 50 mg, zinc 210 mg, yodo 4 mg, selenio 0,45 mg, sodio 3,5 g, potasio 5,2 g, manano-oligosac\u00e1ridos 240 mg, \u00e1cido linol\u00e9nico 3500 mg, \u00e1cido linoleico 30 g, lisina 12 g, metionina 7000 mg, taurina 1500 mg, fibra diet\u00e9tica total 135 g, probi\u00f3tico 1000 mg.<\/p>\n<h4 class=\"\" data-start=\"1757\" data-end=\"1787\"><strong data-start=\"1762\" data-end=\"1785\">Posibles Sustitutos<\/strong><\/h4>\n<p class=\"\" data-start=\"1788\" data-end=\"1972\">Carne de aves, carne deshidratada de aves, aceite de pescados, \u00e1cido c\u00edtrico, cloruro de amonio, sulfato de amonio, propionato de calcio, propionato de amonio, hidrolizado de pescados.<\/p>\n<p class=\"\" data-start=\"2476\" data-end=\"3235\">\n","protected":false},"excerpt":{"rendered":"<p class=\"\" data-start=\"719\" data-end=\"1161\"><strong data-start=\"719\" data-end=\"757\">Equilibrio Gatos Adultos con Pollo<\/strong> es un alimento premium formulado especialmente para gatos adultos. Su f\u00f3rmula avanzada favorece un <strong data-start=\"857\" data-end=\"885\">trato urinario saludable<\/strong>, ayudando a prevenir la formaci\u00f3n de c\u00e1lculos urinarios. Contiene un <strong data-start=\"955\" data-end=\"990\">complejo antioxidante exclusivo<\/strong> que fortalece las defensas naturales, y una <strong data-start=\"1035\" data-end=\"1097\">combinaci\u00f3n de fibras naturales, prebi\u00f3ticos y probi\u00f3ticos<\/strong> que promueve la salud intestinal y una digesti\u00f3n equilibrada.<\/p>\n<p class=\"\" data-start=\"1163\" data-end=\"1302\">El tama\u00f1o real del grano es de <strong data-start=\"1194\" data-end=\"1203\">10 mm<\/strong>, adaptado a las necesidades de gatos adultos. Es ideal para mantener su salud general y vitalidad.<\/p>\n<p class=\"\" data-start=\"1304\" data-end=\"1407\"><strong data-start=\"1307\" data-end=\"1325\">Presentaciones<\/strong>: 500 g, 1,5 kg y 7,5 kg<br data-start=\"1349\" data-end=\"1352\" \/><strong data-start=\"1355\" data-end=\"1369\">Indicaci\u00f3n<\/strong>: Alimento completo para gatos adultos<\/p>\n","protected":false},"featured_media":8156,"template":"","meta":{"pgc_sgb_lightbox_settings":""},"product_brand":[],"product_cat":[66,44],"product_tag":[],"class_list":{"0":"post-8104","1":"product","2":"type-product","3":"status-publish","4":"has-post-thumbnail","6":"product_cat-adultos-gatos","7":"product_cat-gatos","9":"first","10":"instock","11":"shipping-taxable","12":"product-type-simple"},"yoast_head":"<!-- This site is optimized with the Yoast SEO plugin v26.1.1 - https:\/\/yoast.com\/wordpress\/plugins\/seo\/ -->\n<title>Adultos Pollo - Equilibrio<\/title>\n<meta name=\"description\" content=\"Equilibrio Gatos Adultos con Pollo es un alimento completo que cuida la salud urinaria, digestiva e inmunol\u00f3gica. Con antioxidantes, fibras, prebi\u00f3ticos y probi\u00f3ticos. Presentaciones de 500g, 1.5kg y 7.5kg.\" \/>\n<meta name=\"robots\" content=\"index, follow, max-snippet:-1, max-image-preview:large, max-video-preview:-1\" \/>\n<link rel=\"canonical\" href=\"https:\/\/sadenir.com.uy\/equilibrio\/shop\/gatos\/adultos-gatos\/adultos-pollo\/\" \/>\n<meta property=\"og:locale\" content=\"es_ES\" \/>\n<meta property=\"og:type\" content=\"article\" \/>\n<meta property=\"og:title\" content=\"Adultos Pollo - Equilibrio\" \/>\n<meta property=\"og:description\" content=\"Equilibrio Gatos Adultos con Pollo es un alimento completo que cuida la salud urinaria, digestiva e inmunol\u00f3gica. Con antioxidantes, fibras, prebi\u00f3ticos y probi\u00f3ticos. Presentaciones de 500g, 1.5kg y 7.5kg.\" \/>\n<meta property=\"og:url\" content=\"https:\/\/sadenir.com.uy\/equilibrio\/shop\/gatos\/adultos-gatos\/adultos-pollo\/\" \/>\n<meta property=\"og:site_name\" content=\"Equilibrio\" \/>\n<meta property=\"article:publisher\" content=\"https:\/\/www.facebook.com\/equilibriouruguay\" \/>\n<meta property=\"article:modified_time\" content=\"2025-04-30T14:41:41+00:00\" \/>\n<meta property=\"og:image\" content=\"https:\/\/sadenir.com.uy\/equilibrio\/wp-content\/uploads\/sites\/2\/2025\/03\/EQUILIBRIO-GATOS-ADULTOS-FRANGO-8050-ESQUERDA.png\" \/>\n\t<meta property=\"og:image:width\" content=\"1100\" \/>\n\t<meta property=\"og:image:height\" content=\"1250\" \/>\n\t<meta property=\"og:image:type\" content=\"image\/png\" \/>\n<meta name=\"twitter:card\" content=\"summary_large_image\" \/>\n<meta name=\"twitter:label1\" content=\"Tiempo de lectura\" \/>\n\t<meta name=\"twitter:data1\" content=\"2 minutos\" \/>\n<script type=\"application\/ld+json\" class=\"yoast-schema-graph\">{\"@context\":\"https:\/\/schema.org\",\"@graph\":[{\"@type\":\"WebPage\",\"@id\":\"https:\/\/sadenir.com.uy\/equilibrio\/shop\/gatos\/adultos-gatos\/adultos-pollo\/\",\"url\":\"https:\/\/sadenir.com.uy\/equilibrio\/shop\/gatos\/adultos-gatos\/adultos-pollo\/\",\"name\":\"Adultos Pollo - Equilibrio\",\"isPartOf\":{\"@id\":\"https:\/\/sadenir.com.uy\/equilibrio\/#website\"},\"primaryImageOfPage\":{\"@id\":\"https:\/\/sadenir.com.uy\/equilibrio\/shop\/gatos\/adultos-gatos\/adultos-pollo\/#primaryimage\"},\"image\":{\"@id\":\"https:\/\/sadenir.com.uy\/equilibrio\/shop\/gatos\/adultos-gatos\/adultos-pollo\/#primaryimage\"},\"thumbnailUrl\":\"https:\/\/sadenir.com.uy\/equilibrio\/wp-content\/uploads\/sites\/2\/2025\/03\/EQUILIBRIO-GATOS-ADULTOS-FRANGO-8050-ESQUERDA.png\",\"datePublished\":\"2025-04-27T21:53:26+00:00\",\"dateModified\":\"2025-04-30T14:41:41+00:00\",\"description\":\"Equilibrio Gatos Adultos con Pollo es un alimento completo que cuida la salud urinaria, digestiva e inmunol\u00f3gica. Con antioxidantes, fibras, prebi\u00f3ticos y probi\u00f3ticos. Presentaciones de 500g, 1.5kg y 7.5kg.\",\"breadcrumb\":{\"@id\":\"https:\/\/sadenir.com.uy\/equilibrio\/shop\/gatos\/adultos-gatos\/adultos-pollo\/#breadcrumb\"},\"inLanguage\":\"es-AR\",\"potentialAction\":[{\"@type\":\"ReadAction\",\"target\":[\"https:\/\/sadenir.com.uy\/equilibrio\/shop\/gatos\/adultos-gatos\/adultos-pollo\/\"]}]},{\"@type\":\"ImageObject\",\"inLanguage\":\"es-AR\",\"@id\":\"https:\/\/sadenir.com.uy\/equilibrio\/shop\/gatos\/adultos-gatos\/adultos-pollo\/#primaryimage\",\"url\":\"https:\/\/sadenir.com.uy\/equilibrio\/wp-content\/uploads\/sites\/2\/2025\/03\/EQUILIBRIO-GATOS-ADULTOS-FRANGO-8050-ESQUERDA.png\",\"contentUrl\":\"https:\/\/sadenir.com.uy\/equilibrio\/wp-content\/uploads\/sites\/2\/2025\/03\/EQUILIBRIO-GATOS-ADULTOS-FRANGO-8050-ESQUERDA.png\",\"width\":1100,\"height\":1250},{\"@type\":\"BreadcrumbList\",\"@id\":\"https:\/\/sadenir.com.uy\/equilibrio\/shop\/gatos\/adultos-gatos\/adultos-pollo\/#breadcrumb\",\"itemListElement\":[{\"@type\":\"ListItem\",\"position\":1,\"name\":\"Inicio\",\"item\":\"https:\/\/sadenir.com.uy\/equilibrio\/\"},{\"@type\":\"ListItem\",\"position\":2,\"name\":\"Productos\",\"item\":\"https:\/\/sadenir.com.uy\/equilibrio\/productos\/\"},{\"@type\":\"ListItem\",\"position\":3,\"name\":\"Adultos Pollo\"}]},{\"@type\":\"WebSite\",\"@id\":\"https:\/\/sadenir.com.uy\/equilibrio\/#website\",\"url\":\"https:\/\/sadenir.com.uy\/equilibrio\/\",\"name\":\"Equilibrio\",\"description\":\"Excelencia en nutrici\u00f3n\",\"publisher\":{\"@id\":\"https:\/\/sadenir.com.uy\/equilibrio\/#organization\"},\"potentialAction\":[{\"@type\":\"SearchAction\",\"target\":{\"@type\":\"EntryPoint\",\"urlTemplate\":\"https:\/\/sadenir.com.uy\/equilibrio\/?s={search_term_string}\"},\"query-input\":{\"@type\":\"PropertyValueSpecification\",\"valueRequired\":true,\"valueName\":\"search_term_string\"}}],\"inLanguage\":\"es-AR\"},{\"@type\":\"Organization\",\"@id\":\"https:\/\/sadenir.com.uy\/equilibrio\/#organization\",\"name\":\"Equilibrio\",\"url\":\"https:\/\/sadenir.com.uy\/equilibrio\/\",\"logo\":{\"@type\":\"ImageObject\",\"inLanguage\":\"es-AR\",\"@id\":\"https:\/\/sadenir.com.uy\/equilibrio\/#\/schema\/logo\/image\/\",\"url\":\"https:\/\/sadenir.com.uy\/equilibrio\/wp-content\/uploads\/sites\/2\/2024\/04\/LOGO-EQUILIBRIO.png\",\"contentUrl\":\"https:\/\/sadenir.com.uy\/equilibrio\/wp-content\/uploads\/sites\/2\/2024\/04\/LOGO-EQUILIBRIO.png\",\"width\":1592,\"height\":725,\"caption\":\"Equilibrio\"},\"image\":{\"@id\":\"https:\/\/sadenir.com.uy\/equilibrio\/#\/schema\/logo\/image\/\"},\"sameAs\":[\"https:\/\/www.facebook.com\/equilibriouruguay\",\"https:\/\/www.instagram.com\/equilibrio.uy\/\"]}]}<\/script>\n<!-- \/ Yoast SEO plugin. -->","yoast_head_json":{"title":"Adultos Pollo - Equilibrio","description":"Equilibrio Gatos Adultos con Pollo es un alimento completo que cuida la salud urinaria, digestiva e inmunol\u00f3gica. Con antioxidantes, fibras, prebi\u00f3ticos y probi\u00f3ticos. Presentaciones de 500g, 1.5kg y 7.5kg.","robots":{"index":"index","follow":"follow","max-snippet":"max-snippet:-1","max-image-preview":"max-image-preview:large","max-video-preview":"max-video-preview:-1"},"canonical":"https:\/\/sadenir.com.uy\/equilibrio\/shop\/gatos\/adultos-gatos\/adultos-pollo\/","og_locale":"es_ES","og_type":"article","og_title":"Adultos Pollo - Equilibrio","og_description":"Equilibrio Gatos Adultos con Pollo es un alimento completo que cuida la salud urinaria, digestiva e inmunol\u00f3gica. Con antioxidantes, fibras, prebi\u00f3ticos y probi\u00f3ticos. Presentaciones de 500g, 1.5kg y 7.5kg.","og_url":"https:\/\/sadenir.com.uy\/equilibrio\/shop\/gatos\/adultos-gatos\/adultos-pollo\/","og_site_name":"Equilibrio","article_publisher":"https:\/\/www.facebook.com\/equilibriouruguay","article_modified_time":"2025-04-30T14:41:41+00:00","og_image":[{"width":1100,"height":1250,"url":"https:\/\/sadenir.com.uy\/equilibrio\/wp-content\/uploads\/sites\/2\/2025\/03\/EQUILIBRIO-GATOS-ADULTOS-FRANGO-8050-ESQUERDA.png","type":"image\/png"}],"twitter_card":"summary_large_image","twitter_misc":{"Tiempo de lectura":"2 minutos"},"schema":{"@context":"https:\/\/schema.org","@graph":[{"@type":"WebPage","@id":"https:\/\/sadenir.com.uy\/equilibrio\/shop\/gatos\/adultos-gatos\/adultos-pollo\/","url":"https:\/\/sadenir.com.uy\/equilibrio\/shop\/gatos\/adultos-gatos\/adultos-pollo\/","name":"Adultos Pollo - Equilibrio","isPartOf":{"@id":"https:\/\/sadenir.com.uy\/equilibrio\/#website"},"primaryImageOfPage":{"@id":"https:\/\/sadenir.com.uy\/equilibrio\/shop\/gatos\/adultos-gatos\/adultos-pollo\/#primaryimage"},"image":{"@id":"https:\/\/sadenir.com.uy\/equilibrio\/shop\/gatos\/adultos-gatos\/adultos-pollo\/#primaryimage"},"thumbnailUrl":"https:\/\/sadenir.com.uy\/equilibrio\/wp-content\/uploads\/sites\/2\/2025\/03\/EQUILIBRIO-GATOS-ADULTOS-FRANGO-8050-ESQUERDA.png","datePublished":"2025-04-27T21:53:26+00:00","dateModified":"2025-04-30T14:41:41+00:00","description":"Equilibrio Gatos Adultos con Pollo es un alimento completo que cuida la salud urinaria, digestiva e inmunol\u00f3gica. Con antioxidantes, fibras, prebi\u00f3ticos y probi\u00f3ticos. Presentaciones de 500g, 1.5kg y 7.5kg.","breadcrumb":{"@id":"https:\/\/sadenir.com.uy\/equilibrio\/shop\/gatos\/adultos-gatos\/adultos-pollo\/#breadcrumb"},"inLanguage":"es-AR","potentialAction":[{"@type":"ReadAction","target":["https:\/\/sadenir.com.uy\/equilibrio\/shop\/gatos\/adultos-gatos\/adultos-pollo\/"]}]},{"@type":"ImageObject","inLanguage":"es-AR","@id":"https:\/\/sadenir.com.uy\/equilibrio\/shop\/gatos\/adultos-gatos\/adultos-pollo\/#primaryimage","url":"https:\/\/sadenir.com.uy\/equilibrio\/wp-content\/uploads\/sites\/2\/2025\/03\/EQUILIBRIO-GATOS-ADULTOS-FRANGO-8050-ESQUERDA.png","contentUrl":"https:\/\/sadenir.com.uy\/equilibrio\/wp-content\/uploads\/sites\/2\/2025\/03\/EQUILIBRIO-GATOS-ADULTOS-FRANGO-8050-ESQUERDA.png","width":1100,"height":1250},{"@type":"BreadcrumbList","@id":"https:\/\/sadenir.com.uy\/equilibrio\/shop\/gatos\/adultos-gatos\/adultos-pollo\/#breadcrumb","itemListElement":[{"@type":"ListItem","position":1,"name":"Inicio","item":"https:\/\/sadenir.com.uy\/equilibrio\/"},{"@type":"ListItem","position":2,"name":"Productos","item":"https:\/\/sadenir.com.uy\/equilibrio\/productos\/"},{"@type":"ListItem","position":3,"name":"Adultos Pollo"}]},{"@type":"WebSite","@id":"https:\/\/sadenir.com.uy\/equilibrio\/#website","url":"https:\/\/sadenir.com.uy\/equilibrio\/","name":"Equilibrio","description":"Excelencia en nutrici\u00f3n","publisher":{"@id":"https:\/\/sadenir.com.uy\/equilibrio\/#organization"},"potentialAction":[{"@type":"SearchAction","target":{"@type":"EntryPoint","urlTemplate":"https:\/\/sadenir.com.uy\/equilibrio\/?s={search_term_string}"},"query-input":{"@type":"PropertyValueSpecification","valueRequired":true,"valueName":"search_term_string"}}],"inLanguage":"es-AR"},{"@type":"Organization","@id":"https:\/\/sadenir.com.uy\/equilibrio\/#organization","name":"Equilibrio","url":"https:\/\/sadenir.com.uy\/equilibrio\/","logo":{"@type":"ImageObject","inLanguage":"es-AR","@id":"https:\/\/sadenir.com.uy\/equilibrio\/#\/schema\/logo\/image\/","url":"https:\/\/sadenir.com.uy\/equilibrio\/wp-content\/uploads\/sites\/2\/2024\/04\/LOGO-EQUILIBRIO.png","contentUrl":"https:\/\/sadenir.com.uy\/equilibrio\/wp-content\/uploads\/sites\/2\/2024\/04\/LOGO-EQUILIBRIO.png","width":1592,"height":725,"caption":"Equilibrio"},"image":{"@id":"https:\/\/sadenir.com.uy\/equilibrio\/#\/schema\/logo\/image\/"},"sameAs":["https:\/\/www.facebook.com\/equilibriouruguay","https:\/\/www.instagram.com\/equilibrio.uy\/"]}]}},"_links":{"self":[{"href":"https:\/\/sadenir.com.uy\/equilibrio\/wp-json\/wp\/v2\/product\/8104","targetHints":{"allow":["GET"]}}],"collection":[{"href":"https:\/\/sadenir.com.uy\/equilibrio\/wp-json\/wp\/v2\/product"}],"about":[{"href":"https:\/\/sadenir.com.uy\/equilibrio\/wp-json\/wp\/v2\/types\/product"}],"wp:featuredmedia":[{"embeddable":true,"href":"https:\/\/sadenir.com.uy\/equilibrio\/wp-json\/wp\/v2\/media\/8156"}],"wp:attachment":[{"href":"https:\/\/sadenir.com.uy\/equilibrio\/wp-json\/wp\/v2\/media?parent=8104"}],"wp:term":[{"taxonomy":"product_brand","embeddable":true,"href":"https:\/\/sadenir.com.uy\/equilibrio\/wp-json\/wp\/v2\/product_brand?post=8104"},{"taxonomy":"product_cat","embeddable":true,"href":"https:\/\/sadenir.com.uy\/equilibrio\/wp-json\/wp\/v2\/product_cat?post=8104"},{"taxonomy":"product_tag","embeddable":true,"href":"https:\/\/sadenir.com.uy\/equilibrio\/wp-json\/wp\/v2\/product_tag?post=8104"}],"curies":[{"name":"wp","href":"https:\/\/api.w.org\/{rel}","templated":true}]}}