{"id":8163,"date":"2025-04-27T21:53:26","date_gmt":"2025-04-27T21:53:26","guid":{"rendered":"https:\/\/sadenir.com.uy\/equilibrio\/?post_type=product&#038;p=8163"},"modified":"2025-04-30T15:01:21","modified_gmt":"2025-04-30T15:01:21","slug":"gatos-senior-pollo","status":"publish","type":"product","link":"https:\/\/sadenir.com.uy\/equilibrio\/shop\/gatos\/adultos-gatos\/gatos-senior-pollo\/","title":{"rendered":"Gatos Senior Pollo"},"content":{"rendered":"<h4 class=\"\" data-start=\"156\" data-end=\"185\"><strong data-start=\"161\" data-end=\"183\">Composici\u00f3n B\u00e1sica<\/strong><\/h4>\n<p class=\"\" data-start=\"186\" data-end=\"966\">Carne mec\u00e1nicamente separada de aves, harina de v\u00edsceras de aves, harina de peces, aceite de aves, aceite de pescado refinado blanqueado y desodorizado, grano de ma\u00edz, salvado de gluten de ma\u00edz 60, grano de linaza, pulpa de remolacha, salvado de soja, grano de sorgo, fibra de ca\u00f1a de az\u00facar, levadura de cerveza inactivada deshidratada, ar\u00e1ndano (cranberry), cloruro de sodio, hexametafosfato de sodio, carbonato de calcio, cloruro de potasio, bisulfato de sodio, extracto de yuca, L-lisina HCl, DL-metionina, taurina, L-carnitina, aditivo prebi\u00f3tico (pared celular de levadura &#8211; fuente de manano-oligosac\u00e1ridos), aditivo probi\u00f3tico, hidrolizado de h\u00edgado de aves, extracto de romero, concentrado de tocoferoles, \u00e1cido propi\u00f3nico, cloruro de colina, premezcla vitam\u00ednica mineral.<\/p>\n<h4 class=\"\" data-start=\"968\" data-end=\"999\"><strong data-start=\"973\" data-end=\"997\">An\u00e1lisis Nutricional<a href=\"https:\/\/sadenir.com.uy\/equilibrio\/wp-content\/uploads\/sites\/2\/2025\/03\/Screenshot-2025-03-31-142723.png\"><img fetchpriority=\"high\" decoding=\"async\" class=\"alignright wp-image-8164 size-full\" src=\"https:\/\/sadenir.com.uy\/equilibrio\/wp-content\/uploads\/sites\/2\/2025\/03\/Screenshot-2025-03-31-142723.png\" alt=\"\" width=\"612\" height=\"379\" srcset=\"https:\/\/sadenir.com.uy\/equilibrio\/wp-content\/uploads\/sites\/2\/2025\/03\/Screenshot-2025-03-31-142723.png 612w, https:\/\/sadenir.com.uy\/equilibrio\/wp-content\/uploads\/sites\/2\/2025\/03\/Screenshot-2025-03-31-142723-300x186.png 300w\" sizes=\"(max-width: 612px) 100vw, 612px\" \/><\/a><\/strong><\/h4>\n<p class=\"\" data-start=\"1000\" data-end=\"1189\">Humedad (m\u00e1x) 10 %, prote\u00edna cruda (m\u00edn) 35 %, grasa cruda (m\u00edn) 18 %, fibra cruda (m\u00e1x) 4 %, cenizas (m\u00e1x) 8 %, calcio (m\u00e1x) 1,3 %, f\u00f3sforo (m\u00edn) 0,5 %, energ\u00eda metabolizable 4005 kcal\/kg.<\/p>\n<h4 class=\"\" data-start=\"1191\" data-end=\"1231\"><strong data-start=\"1196\" data-end=\"1229\">Enriquecimiento por Kilogramo<\/strong><\/h4>\n<p class=\"\" data-start=\"1232\" data-end=\"1816\">Vitamina A 25000 U.I., vitamina D3 2500 U.I., vitamina E 675 U.I., vitamina K3 1,7 mg, vitamina B1 35 mg, vitamina B2 35 mg, vitamina B3 110 mg, vitamina B5 43 mg, vitamina B6 22 mg, vitamina B9 10 mg, vitamina B7 0,8 mg, vitamina B12 300 mcg, vitamina C 250 mg, colina 2400 mg, hierro 100 mg, cobre 35 mg, manganeso 50 mg, zinc 210 mg, yodo 4 mg, selenio 0,45 mg, sodio 2,5 g, potasio 8 g, manano-oligosac\u00e1ridos 240 mg, \u00e1cido linol\u00e9nico 3500 mg, \u00e1cido linoleico 30 g, lisina 13 g, metionina 7000 mg, taurina 1500 mg, carnitina 150 mg, fibra diet\u00e9tica total 135 g, probi\u00f3tico 1000 mg.<\/p>\n<h4 class=\"\" data-start=\"1818\" data-end=\"1848\"><strong data-start=\"1823\" data-end=\"1846\">Posibles Sustitutos<\/strong><\/h4>\n<p class=\"\" data-start=\"1849\" data-end=\"2033\">Carne de aves, carne deshidratada de aves, aceite de pescados, \u00e1cido c\u00edtrico, cloruro de amonio, sulfato de amonio, propionato de calcio, propionato de amonio, hidrolizado de pescados.<\/p>\n<p class=\"\" data-start=\"2625\" data-end=\"3419\">\n","protected":false},"excerpt":{"rendered":"<p class=\"\" data-start=\"749\" data-end=\"1398\"><strong data-start=\"749\" data-end=\"794\">Equilibrio Gatos Adultos Senior con Pollo<\/strong> es un alimento completo desarrollado especialmente para gatos mayores de 7 a\u00f1os. Su f\u00f3rmula est\u00e1 pensada para promover un <strong data-start=\"917\" data-end=\"945\">envejecimiento saludable<\/strong>, gracias a un complejo de antioxidantes y nutrientes que ayudan a mantener el buen funcionamiento renal y card\u00edaco. Tambi\u00e9n favorece un <strong data-start=\"1082\" data-end=\"1110\">trato urinario saludable<\/strong>, ayudando a prevenir c\u00e1lculos, y mejora la salud digestiva con una combinaci\u00f3n \u00fanica de <strong data-start=\"1199\" data-end=\"1243\">fibra natural, prebi\u00f3ticos y probi\u00f3ticos<\/strong>. Su croqueta tiene un <strong data-start=\"1266\" data-end=\"1292\">tama\u00f1o real de 10,5 mm<\/strong>, adecuado para la etapa senior, ayudando a mantener la vitalidad y calidad de vida del gato adulto mayor.<\/p>\n<p class=\"\" data-start=\"1400\" data-end=\"1518\"><strong data-start=\"1403\" data-end=\"1421\">Presentaciones<\/strong>: 500 g y 1,5 kg<br data-start=\"1437\" data-end=\"1440\" \/><strong data-start=\"1443\" data-end=\"1457\">Indicaci\u00f3n<\/strong>: Alimento completo para gatos adultos a partir de los 7 a\u00f1os<\/p>\n","protected":false},"featured_media":8153,"template":"","meta":{"pgc_sgb_lightbox_settings":""},"product_brand":[],"product_cat":[66,67,44],"product_tag":[],"class_list":{"0":"post-8163","1":"product","2":"type-product","3":"status-publish","4":"has-post-thumbnail","6":"product_cat-adultos-gatos","7":"product_cat-edades-avanzadas-gatos","8":"product_cat-gatos","10":"first","11":"instock","12":"shipping-taxable","13":"product-type-simple"},"yoast_head":"<!-- This site is optimized with the Yoast SEO plugin v26.1.1 - https:\/\/yoast.com\/wordpress\/plugins\/seo\/ -->\n<title>Gatos Senior Pollo - Equilibrio<\/title>\n<meta name=\"description\" content=\"Equilibrio Gatos Senior con Pollo ofrece nutrici\u00f3n completa para gatos mayores. Con antioxidantes, prebi\u00f3ticos, L-carnitina y soporte renal y card\u00edaco. Presentaciones de 500g y 1,5kg.\" \/>\n<meta name=\"robots\" content=\"index, follow, max-snippet:-1, max-image-preview:large, max-video-preview:-1\" \/>\n<link rel=\"canonical\" href=\"https:\/\/sadenir.com.uy\/equilibrio\/shop\/gatos\/adultos-gatos\/gatos-senior-pollo\/\" \/>\n<meta property=\"og:locale\" content=\"es_ES\" \/>\n<meta property=\"og:type\" content=\"article\" \/>\n<meta property=\"og:title\" content=\"Gatos Senior Pollo - Equilibrio\" \/>\n<meta property=\"og:description\" content=\"Equilibrio Gatos Senior con Pollo ofrece nutrici\u00f3n completa para gatos mayores. Con antioxidantes, prebi\u00f3ticos, L-carnitina y soporte renal y card\u00edaco. Presentaciones de 500g y 1,5kg.\" \/>\n<meta property=\"og:url\" content=\"https:\/\/sadenir.com.uy\/equilibrio\/shop\/gatos\/adultos-gatos\/gatos-senior-pollo\/\" \/>\n<meta property=\"og:site_name\" content=\"Equilibrio\" \/>\n<meta property=\"article:publisher\" content=\"https:\/\/www.facebook.com\/equilibriouruguay\" \/>\n<meta property=\"article:modified_time\" content=\"2025-04-30T15:01:21+00:00\" \/>\n<meta property=\"og:image\" content=\"https:\/\/sadenir.com.uy\/equilibrio\/wp-content\/uploads\/sites\/2\/2025\/03\/EQUILIBRIO-GATOS-AD-SENIOR-FRANGO-8024-ESQUERDA.png\" \/>\n\t<meta property=\"og:image:width\" content=\"1100\" \/>\n\t<meta property=\"og:image:height\" content=\"1250\" \/>\n\t<meta property=\"og:image:type\" content=\"image\/png\" \/>\n<meta name=\"twitter:card\" content=\"summary_large_image\" \/>\n<meta name=\"twitter:label1\" content=\"Tiempo de lectura\" \/>\n\t<meta name=\"twitter:data1\" content=\"2 minutos\" \/>\n<script type=\"application\/ld+json\" class=\"yoast-schema-graph\">{\"@context\":\"https:\/\/schema.org\",\"@graph\":[{\"@type\":\"WebPage\",\"@id\":\"https:\/\/sadenir.com.uy\/equilibrio\/shop\/gatos\/adultos-gatos\/gatos-senior-pollo\/\",\"url\":\"https:\/\/sadenir.com.uy\/equilibrio\/shop\/gatos\/adultos-gatos\/gatos-senior-pollo\/\",\"name\":\"Gatos Senior Pollo - Equilibrio\",\"isPartOf\":{\"@id\":\"https:\/\/sadenir.com.uy\/equilibrio\/#website\"},\"primaryImageOfPage\":{\"@id\":\"https:\/\/sadenir.com.uy\/equilibrio\/shop\/gatos\/adultos-gatos\/gatos-senior-pollo\/#primaryimage\"},\"image\":{\"@id\":\"https:\/\/sadenir.com.uy\/equilibrio\/shop\/gatos\/adultos-gatos\/gatos-senior-pollo\/#primaryimage\"},\"thumbnailUrl\":\"https:\/\/sadenir.com.uy\/equilibrio\/wp-content\/uploads\/sites\/2\/2025\/03\/EQUILIBRIO-GATOS-AD-SENIOR-FRANGO-8024-ESQUERDA.png\",\"datePublished\":\"2025-04-27T21:53:26+00:00\",\"dateModified\":\"2025-04-30T15:01:21+00:00\",\"description\":\"Equilibrio Gatos Senior con Pollo ofrece nutrici\u00f3n completa para gatos mayores. Con antioxidantes, prebi\u00f3ticos, L-carnitina y soporte renal y card\u00edaco. Presentaciones de 500g y 1,5kg.\",\"breadcrumb\":{\"@id\":\"https:\/\/sadenir.com.uy\/equilibrio\/shop\/gatos\/adultos-gatos\/gatos-senior-pollo\/#breadcrumb\"},\"inLanguage\":\"es-AR\",\"potentialAction\":[{\"@type\":\"ReadAction\",\"target\":[\"https:\/\/sadenir.com.uy\/equilibrio\/shop\/gatos\/adultos-gatos\/gatos-senior-pollo\/\"]}]},{\"@type\":\"ImageObject\",\"inLanguage\":\"es-AR\",\"@id\":\"https:\/\/sadenir.com.uy\/equilibrio\/shop\/gatos\/adultos-gatos\/gatos-senior-pollo\/#primaryimage\",\"url\":\"https:\/\/sadenir.com.uy\/equilibrio\/wp-content\/uploads\/sites\/2\/2025\/03\/EQUILIBRIO-GATOS-AD-SENIOR-FRANGO-8024-ESQUERDA.png\",\"contentUrl\":\"https:\/\/sadenir.com.uy\/equilibrio\/wp-content\/uploads\/sites\/2\/2025\/03\/EQUILIBRIO-GATOS-AD-SENIOR-FRANGO-8024-ESQUERDA.png\",\"width\":1100,\"height\":1250},{\"@type\":\"BreadcrumbList\",\"@id\":\"https:\/\/sadenir.com.uy\/equilibrio\/shop\/gatos\/adultos-gatos\/gatos-senior-pollo\/#breadcrumb\",\"itemListElement\":[{\"@type\":\"ListItem\",\"position\":1,\"name\":\"Inicio\",\"item\":\"https:\/\/sadenir.com.uy\/equilibrio\/\"},{\"@type\":\"ListItem\",\"position\":2,\"name\":\"Productos\",\"item\":\"https:\/\/sadenir.com.uy\/equilibrio\/productos\/\"},{\"@type\":\"ListItem\",\"position\":3,\"name\":\"Gatos Senior Pollo\"}]},{\"@type\":\"WebSite\",\"@id\":\"https:\/\/sadenir.com.uy\/equilibrio\/#website\",\"url\":\"https:\/\/sadenir.com.uy\/equilibrio\/\",\"name\":\"Equilibrio\",\"description\":\"Excelencia en nutrici\u00f3n\",\"publisher\":{\"@id\":\"https:\/\/sadenir.com.uy\/equilibrio\/#organization\"},\"potentialAction\":[{\"@type\":\"SearchAction\",\"target\":{\"@type\":\"EntryPoint\",\"urlTemplate\":\"https:\/\/sadenir.com.uy\/equilibrio\/?s={search_term_string}\"},\"query-input\":{\"@type\":\"PropertyValueSpecification\",\"valueRequired\":true,\"valueName\":\"search_term_string\"}}],\"inLanguage\":\"es-AR\"},{\"@type\":\"Organization\",\"@id\":\"https:\/\/sadenir.com.uy\/equilibrio\/#organization\",\"name\":\"Equilibrio\",\"url\":\"https:\/\/sadenir.com.uy\/equilibrio\/\",\"logo\":{\"@type\":\"ImageObject\",\"inLanguage\":\"es-AR\",\"@id\":\"https:\/\/sadenir.com.uy\/equilibrio\/#\/schema\/logo\/image\/\",\"url\":\"https:\/\/sadenir.com.uy\/equilibrio\/wp-content\/uploads\/sites\/2\/2024\/04\/LOGO-EQUILIBRIO.png\",\"contentUrl\":\"https:\/\/sadenir.com.uy\/equilibrio\/wp-content\/uploads\/sites\/2\/2024\/04\/LOGO-EQUILIBRIO.png\",\"width\":1592,\"height\":725,\"caption\":\"Equilibrio\"},\"image\":{\"@id\":\"https:\/\/sadenir.com.uy\/equilibrio\/#\/schema\/logo\/image\/\"},\"sameAs\":[\"https:\/\/www.facebook.com\/equilibriouruguay\",\"https:\/\/www.instagram.com\/equilibrio.uy\/\"]}]}<\/script>\n<!-- \/ Yoast SEO plugin. -->","yoast_head_json":{"title":"Gatos Senior Pollo - Equilibrio","description":"Equilibrio Gatos Senior con Pollo ofrece nutrici\u00f3n completa para gatos mayores. Con antioxidantes, prebi\u00f3ticos, L-carnitina y soporte renal y card\u00edaco. Presentaciones de 500g y 1,5kg.","robots":{"index":"index","follow":"follow","max-snippet":"max-snippet:-1","max-image-preview":"max-image-preview:large","max-video-preview":"max-video-preview:-1"},"canonical":"https:\/\/sadenir.com.uy\/equilibrio\/shop\/gatos\/adultos-gatos\/gatos-senior-pollo\/","og_locale":"es_ES","og_type":"article","og_title":"Gatos Senior Pollo - Equilibrio","og_description":"Equilibrio Gatos Senior con Pollo ofrece nutrici\u00f3n completa para gatos mayores. Con antioxidantes, prebi\u00f3ticos, L-carnitina y soporte renal y card\u00edaco. Presentaciones de 500g y 1,5kg.","og_url":"https:\/\/sadenir.com.uy\/equilibrio\/shop\/gatos\/adultos-gatos\/gatos-senior-pollo\/","og_site_name":"Equilibrio","article_publisher":"https:\/\/www.facebook.com\/equilibriouruguay","article_modified_time":"2025-04-30T15:01:21+00:00","og_image":[{"width":1100,"height":1250,"url":"https:\/\/sadenir.com.uy\/equilibrio\/wp-content\/uploads\/sites\/2\/2025\/03\/EQUILIBRIO-GATOS-AD-SENIOR-FRANGO-8024-ESQUERDA.png","type":"image\/png"}],"twitter_card":"summary_large_image","twitter_misc":{"Tiempo de lectura":"2 minutos"},"schema":{"@context":"https:\/\/schema.org","@graph":[{"@type":"WebPage","@id":"https:\/\/sadenir.com.uy\/equilibrio\/shop\/gatos\/adultos-gatos\/gatos-senior-pollo\/","url":"https:\/\/sadenir.com.uy\/equilibrio\/shop\/gatos\/adultos-gatos\/gatos-senior-pollo\/","name":"Gatos Senior Pollo - Equilibrio","isPartOf":{"@id":"https:\/\/sadenir.com.uy\/equilibrio\/#website"},"primaryImageOfPage":{"@id":"https:\/\/sadenir.com.uy\/equilibrio\/shop\/gatos\/adultos-gatos\/gatos-senior-pollo\/#primaryimage"},"image":{"@id":"https:\/\/sadenir.com.uy\/equilibrio\/shop\/gatos\/adultos-gatos\/gatos-senior-pollo\/#primaryimage"},"thumbnailUrl":"https:\/\/sadenir.com.uy\/equilibrio\/wp-content\/uploads\/sites\/2\/2025\/03\/EQUILIBRIO-GATOS-AD-SENIOR-FRANGO-8024-ESQUERDA.png","datePublished":"2025-04-27T21:53:26+00:00","dateModified":"2025-04-30T15:01:21+00:00","description":"Equilibrio Gatos Senior con Pollo ofrece nutrici\u00f3n completa para gatos mayores. Con antioxidantes, prebi\u00f3ticos, L-carnitina y soporte renal y card\u00edaco. Presentaciones de 500g y 1,5kg.","breadcrumb":{"@id":"https:\/\/sadenir.com.uy\/equilibrio\/shop\/gatos\/adultos-gatos\/gatos-senior-pollo\/#breadcrumb"},"inLanguage":"es-AR","potentialAction":[{"@type":"ReadAction","target":["https:\/\/sadenir.com.uy\/equilibrio\/shop\/gatos\/adultos-gatos\/gatos-senior-pollo\/"]}]},{"@type":"ImageObject","inLanguage":"es-AR","@id":"https:\/\/sadenir.com.uy\/equilibrio\/shop\/gatos\/adultos-gatos\/gatos-senior-pollo\/#primaryimage","url":"https:\/\/sadenir.com.uy\/equilibrio\/wp-content\/uploads\/sites\/2\/2025\/03\/EQUILIBRIO-GATOS-AD-SENIOR-FRANGO-8024-ESQUERDA.png","contentUrl":"https:\/\/sadenir.com.uy\/equilibrio\/wp-content\/uploads\/sites\/2\/2025\/03\/EQUILIBRIO-GATOS-AD-SENIOR-FRANGO-8024-ESQUERDA.png","width":1100,"height":1250},{"@type":"BreadcrumbList","@id":"https:\/\/sadenir.com.uy\/equilibrio\/shop\/gatos\/adultos-gatos\/gatos-senior-pollo\/#breadcrumb","itemListElement":[{"@type":"ListItem","position":1,"name":"Inicio","item":"https:\/\/sadenir.com.uy\/equilibrio\/"},{"@type":"ListItem","position":2,"name":"Productos","item":"https:\/\/sadenir.com.uy\/equilibrio\/productos\/"},{"@type":"ListItem","position":3,"name":"Gatos Senior Pollo"}]},{"@type":"WebSite","@id":"https:\/\/sadenir.com.uy\/equilibrio\/#website","url":"https:\/\/sadenir.com.uy\/equilibrio\/","name":"Equilibrio","description":"Excelencia en nutrici\u00f3n","publisher":{"@id":"https:\/\/sadenir.com.uy\/equilibrio\/#organization"},"potentialAction":[{"@type":"SearchAction","target":{"@type":"EntryPoint","urlTemplate":"https:\/\/sadenir.com.uy\/equilibrio\/?s={search_term_string}"},"query-input":{"@type":"PropertyValueSpecification","valueRequired":true,"valueName":"search_term_string"}}],"inLanguage":"es-AR"},{"@type":"Organization","@id":"https:\/\/sadenir.com.uy\/equilibrio\/#organization","name":"Equilibrio","url":"https:\/\/sadenir.com.uy\/equilibrio\/","logo":{"@type":"ImageObject","inLanguage":"es-AR","@id":"https:\/\/sadenir.com.uy\/equilibrio\/#\/schema\/logo\/image\/","url":"https:\/\/sadenir.com.uy\/equilibrio\/wp-content\/uploads\/sites\/2\/2024\/04\/LOGO-EQUILIBRIO.png","contentUrl":"https:\/\/sadenir.com.uy\/equilibrio\/wp-content\/uploads\/sites\/2\/2024\/04\/LOGO-EQUILIBRIO.png","width":1592,"height":725,"caption":"Equilibrio"},"image":{"@id":"https:\/\/sadenir.com.uy\/equilibrio\/#\/schema\/logo\/image\/"},"sameAs":["https:\/\/www.facebook.com\/equilibriouruguay","https:\/\/www.instagram.com\/equilibrio.uy\/"]}]}},"_links":{"self":[{"href":"https:\/\/sadenir.com.uy\/equilibrio\/wp-json\/wp\/v2\/product\/8163","targetHints":{"allow":["GET"]}}],"collection":[{"href":"https:\/\/sadenir.com.uy\/equilibrio\/wp-json\/wp\/v2\/product"}],"about":[{"href":"https:\/\/sadenir.com.uy\/equilibrio\/wp-json\/wp\/v2\/types\/product"}],"wp:featuredmedia":[{"embeddable":true,"href":"https:\/\/sadenir.com.uy\/equilibrio\/wp-json\/wp\/v2\/media\/8153"}],"wp:attachment":[{"href":"https:\/\/sadenir.com.uy\/equilibrio\/wp-json\/wp\/v2\/media?parent=8163"}],"wp:term":[{"taxonomy":"product_brand","embeddable":true,"href":"https:\/\/sadenir.com.uy\/equilibrio\/wp-json\/wp\/v2\/product_brand?post=8163"},{"taxonomy":"product_cat","embeddable":true,"href":"https:\/\/sadenir.com.uy\/equilibrio\/wp-json\/wp\/v2\/product_cat?post=8163"},{"taxonomy":"product_tag","embeddable":true,"href":"https:\/\/sadenir.com.uy\/equilibrio\/wp-json\/wp\/v2\/product_tag?post=8163"}],"curies":[{"name":"wp","href":"https:\/\/api.w.org\/{rel}","templated":true}]}}