{"id":8197,"date":"2025-04-27T21:52:45","date_gmt":"2025-04-27T21:52:45","guid":{"rendered":"https:\/\/sadenir.com.uy\/equilibrio\/shop\/sin%20categor\u00eda\/cachorros-pollo-2\/"},"modified":"2025-04-30T14:39:19","modified_gmt":"2025-04-30T14:39:19","slug":"cachorros-pequenos-pollo","status":"publish","type":"product","link":"https:\/\/sadenir.com.uy\/equilibrio\/shop\/perros\/adultos\/cachorros-pequenos-pollo\/","title":{"rendered":"Cachorros Pollo Razas Peque\u00f1as"},"content":{"rendered":"<h4 class=\"\" data-start=\"466\" data-end=\"495\"><strong data-start=\"471\" data-end=\"493\">Composici\u00f3n B\u00e1sica<\/strong><\/h4>\n<p class=\"\" data-start=\"496\" data-end=\"1242\">Carne mec\u00e1nicamente separada de aves, harina de v\u00edsceras de aves, harina de peces, aceite de aves, aceite de pescado refinado blanqueado y desodorizado, grano de ma\u00edz, salvado de gluten de ma\u00edz 60, DDGS &#8211; residuo seco de destiler\u00eda con solubles (ma\u00edz), grano de linaza, pulpa de remolacha, salvado de soja, arroz quebrado, grano de sorgo, biomasa de microalgas (Schizochytrium sp.), cloruro de sodio, hexametafosfato de sodio, cloruro de potasio, fosfato bic\u00e1lcico, extracto de yuca, aditivo prebi\u00f3tico (pared celular de levadura &#8211; fuente de manano-oligosac\u00e1ridos y betaglucanos), aditivo probi\u00f3tico, hidrolizado de h\u00edgado de aves, extracto de romero, concentrado de tocoferoles, \u00e1cido propi\u00f3nico, cloruro de colina, premezcla vitam\u00ednica mineral.<\/p>\n<h4 class=\"\" data-start=\"1244\" data-end=\"1275\"><strong data-start=\"1249\" data-end=\"1273\">An\u00e1lisis Nutricional<a href=\"https:\/\/sadenir.com.uy\/equilibrio\/wp-content\/uploads\/sites\/2\/2025\/04\/Screenshot-2025-04-07-181340.png\"><img fetchpriority=\"high\" decoding=\"async\" class=\"alignright wp-image-8228 size-full\" src=\"https:\/\/sadenir.com.uy\/equilibrio\/wp-content\/uploads\/sites\/2\/2025\/04\/Screenshot-2025-04-07-181340.png\" alt=\"\" width=\"491\" height=\"325\" srcset=\"https:\/\/sadenir.com.uy\/equilibrio\/wp-content\/uploads\/sites\/2\/2025\/04\/Screenshot-2025-04-07-181340.png 491w, https:\/\/sadenir.com.uy\/equilibrio\/wp-content\/uploads\/sites\/2\/2025\/04\/Screenshot-2025-04-07-181340-300x199.png 300w\" sizes=\"(max-width: 491px) 100vw, 491px\" \/><\/a><\/strong><\/h4>\n<p class=\"\" data-start=\"1276\" data-end=\"1465\">Humedad (m\u00e1x) 11 %, prote\u00edna cruda (m\u00edn) 28 %, grasa cruda (m\u00edn) 19 %, fibra cruda (m\u00e1x) 3 %, cenizas (m\u00e1x) 7 %, calcio (m\u00e1x) 1,5 %, f\u00f3sforo (m\u00edn) 0,8 %, energ\u00eda metabolizable 4077 kcal\/kg.<\/p>\n<h4 class=\"\" data-start=\"1467\" data-end=\"1507\"><strong data-start=\"1472\" data-end=\"1505\">Enriquecimiento por Kilogramo<\/strong><\/h4>\n<p class=\"\" data-start=\"1508\" data-end=\"2028\">Vitamina A 21600 U.I., vitamina D3 2500 U.I., vitamina E 720 U.I., vitamina K3 2 mg, vitamina B1 24 mg, vitamina B2 24 mg, vitamina B3 84 mg, vitamina B5 27,5 mg, vitamina B6 18 mg, vitamina B9 2 mg, vitamina B7 1,8 mg, vitamina B12 275 mcg, vitamina C 200 mg, colina 1360 mg, hierro 220 mg, cobre 19 mg, manganeso 90 mg, zinc 227 mg, yodo 3,3 mg, selenio 0,43 mg, sodio 2 g, potasio 6 g, manano-oligosac\u00e1ridos 240 mg, betaglucanos 800 mg, \u00e1cido linol\u00e9nico 4000 mg, \u00e1cido linoleico 40 g, DHA 1900 mg, probi\u00f3tico 1000 mg.<\/p>\n<h4 class=\"\" data-start=\"2030\" data-end=\"2060\"><strong data-start=\"2035\" data-end=\"2058\">Posibles Sustitutos<\/strong><\/h4>\n<p class=\"\" data-start=\"2061\" data-end=\"2214\">Carne de aves, carne deshidratada de aves, aceite de pescados, propionato de calcio, propionato de amonio, hidrolizado de carne de aves e h\u00edgado de aves.<\/p>\n<p>&nbsp;<\/p>\n","protected":false},"excerpt":{"rendered":"<p>Equilibrio Cachorros con Pollo para razas peque\u00f1as es un alimento completo y balanceado para perros en crecimiento de hasta 10 kg. Su f\u00f3rmula exclusiva apoya el desarrollo y el aprendizaje, refuerza el sistema inmunol\u00f3gico, y mejora la salud digestiva con una combinaci\u00f3n \u00fanica de fibra natural, prebi\u00f3ticos y probi\u00f3ticos.<\/p>\n<p>Ideal desde el destete hasta los 12 meses de edad.<\/p>\n<p>Presentaciones disponibles: 1 kg, 2,5 kg y 7,5 kg<br \/>\nIndicaci\u00f3n: Alimento completo para perros en crecimiento<\/p>\n","protected":false},"featured_media":8144,"template":"","meta":{"pgc_sgb_lightbox_settings":""},"product_brand":[],"product_cat":[60,64,43],"product_tag":[121],"class_list":{"0":"post-8197","1":"product","2":"type-product","3":"status-publish","4":"has-post-thumbnail","6":"product_cat-adultos","7":"product_cat-pequenos","8":"product_cat-perros","9":"product_tag-cachorros","11":"first","12":"instock","13":"shipping-taxable","14":"product-type-simple"},"yoast_head":"<!-- This site is optimized with the Yoast SEO plugin v26.1.1 - https:\/\/yoast.com\/wordpress\/plugins\/seo\/ -->\n<title>Cachorros Pollo Razas Peque\u00f1as - Equilibrio<\/title>\n<meta name=\"description\" content=\"Alimento ideal para cachorros de hasta 10kg. Ayuda al desarrollo y defensas. Con prebi\u00f3ticos y probi\u00f3ticos. En 1kg, 2,5kg y 7,5kg.\" \/>\n<meta name=\"robots\" content=\"index, follow, max-snippet:-1, max-image-preview:large, max-video-preview:-1\" \/>\n<link rel=\"canonical\" href=\"https:\/\/sadenir.com.uy\/equilibrio\/shop\/perros\/adultos\/cachorros-pequenos-pollo\/\" \/>\n<meta property=\"og:locale\" content=\"es_ES\" \/>\n<meta property=\"og:type\" content=\"article\" \/>\n<meta property=\"og:title\" content=\"Cachorros Pollo Razas Peque\u00f1as - Equilibrio\" \/>\n<meta property=\"og:description\" content=\"Alimento ideal para cachorros de hasta 10kg. Ayuda al desarrollo y defensas. Con prebi\u00f3ticos y probi\u00f3ticos. En 1kg, 2,5kg y 7,5kg.\" \/>\n<meta property=\"og:url\" content=\"https:\/\/sadenir.com.uy\/equilibrio\/shop\/perros\/adultos\/cachorros-pequenos-pollo\/\" \/>\n<meta property=\"og:site_name\" content=\"Equilibrio\" \/>\n<meta property=\"article:publisher\" content=\"https:\/\/www.facebook.com\/equilibriouruguay\" \/>\n<meta property=\"article:modified_time\" content=\"2025-04-30T14:39:19+00:00\" \/>\n<meta property=\"og:image\" content=\"https:\/\/sadenir.com.uy\/equilibrio\/wp-content\/uploads\/sites\/2\/2025\/03\/EQUILIBRIO-CAES-RP-FHT-FRANGO-8420-ESQUERDA.png\" \/>\n\t<meta property=\"og:image:width\" content=\"1100\" \/>\n\t<meta property=\"og:image:height\" content=\"1250\" \/>\n\t<meta property=\"og:image:type\" content=\"image\/png\" \/>\n<meta name=\"twitter:card\" content=\"summary_large_image\" \/>\n<meta name=\"twitter:label1\" content=\"Tiempo de lectura\" \/>\n\t<meta name=\"twitter:data1\" content=\"2 minutos\" \/>\n<script type=\"application\/ld+json\" class=\"yoast-schema-graph\">{\"@context\":\"https:\/\/schema.org\",\"@graph\":[{\"@type\":\"WebPage\",\"@id\":\"https:\/\/sadenir.com.uy\/equilibrio\/shop\/perros\/adultos\/cachorros-pequenos-pollo\/\",\"url\":\"https:\/\/sadenir.com.uy\/equilibrio\/shop\/perros\/adultos\/cachorros-pequenos-pollo\/\",\"name\":\"Cachorros Pollo Razas Peque\u00f1as - Equilibrio\",\"isPartOf\":{\"@id\":\"https:\/\/sadenir.com.uy\/equilibrio\/#website\"},\"primaryImageOfPage\":{\"@id\":\"https:\/\/sadenir.com.uy\/equilibrio\/shop\/perros\/adultos\/cachorros-pequenos-pollo\/#primaryimage\"},\"image\":{\"@id\":\"https:\/\/sadenir.com.uy\/equilibrio\/shop\/perros\/adultos\/cachorros-pequenos-pollo\/#primaryimage\"},\"thumbnailUrl\":\"https:\/\/sadenir.com.uy\/equilibrio\/wp-content\/uploads\/sites\/2\/2025\/03\/EQUILIBRIO-CAES-RP-FHT-FRANGO-8420-ESQUERDA.png\",\"datePublished\":\"2025-04-27T21:52:45+00:00\",\"dateModified\":\"2025-04-30T14:39:19+00:00\",\"description\":\"Alimento ideal para cachorros de hasta 10kg. Ayuda al desarrollo y defensas. Con prebi\u00f3ticos y probi\u00f3ticos. En 1kg, 2,5kg y 7,5kg.\",\"breadcrumb\":{\"@id\":\"https:\/\/sadenir.com.uy\/equilibrio\/shop\/perros\/adultos\/cachorros-pequenos-pollo\/#breadcrumb\"},\"inLanguage\":\"es-AR\",\"potentialAction\":[{\"@type\":\"ReadAction\",\"target\":[\"https:\/\/sadenir.com.uy\/equilibrio\/shop\/perros\/adultos\/cachorros-pequenos-pollo\/\"]}]},{\"@type\":\"ImageObject\",\"inLanguage\":\"es-AR\",\"@id\":\"https:\/\/sadenir.com.uy\/equilibrio\/shop\/perros\/adultos\/cachorros-pequenos-pollo\/#primaryimage\",\"url\":\"https:\/\/sadenir.com.uy\/equilibrio\/wp-content\/uploads\/sites\/2\/2025\/03\/EQUILIBRIO-CAES-RP-FHT-FRANGO-8420-ESQUERDA.png\",\"contentUrl\":\"https:\/\/sadenir.com.uy\/equilibrio\/wp-content\/uploads\/sites\/2\/2025\/03\/EQUILIBRIO-CAES-RP-FHT-FRANGO-8420-ESQUERDA.png\",\"width\":1100,\"height\":1250},{\"@type\":\"BreadcrumbList\",\"@id\":\"https:\/\/sadenir.com.uy\/equilibrio\/shop\/perros\/adultos\/cachorros-pequenos-pollo\/#breadcrumb\",\"itemListElement\":[{\"@type\":\"ListItem\",\"position\":1,\"name\":\"Inicio\",\"item\":\"https:\/\/sadenir.com.uy\/equilibrio\/\"},{\"@type\":\"ListItem\",\"position\":2,\"name\":\"Productos\",\"item\":\"https:\/\/sadenir.com.uy\/equilibrio\/productos\/\"},{\"@type\":\"ListItem\",\"position\":3,\"name\":\"Cachorros Pollo Razas Peque\u00f1as\"}]},{\"@type\":\"WebSite\",\"@id\":\"https:\/\/sadenir.com.uy\/equilibrio\/#website\",\"url\":\"https:\/\/sadenir.com.uy\/equilibrio\/\",\"name\":\"Equilibrio\",\"description\":\"Excelencia en nutrici\u00f3n\",\"publisher\":{\"@id\":\"https:\/\/sadenir.com.uy\/equilibrio\/#organization\"},\"potentialAction\":[{\"@type\":\"SearchAction\",\"target\":{\"@type\":\"EntryPoint\",\"urlTemplate\":\"https:\/\/sadenir.com.uy\/equilibrio\/?s={search_term_string}\"},\"query-input\":{\"@type\":\"PropertyValueSpecification\",\"valueRequired\":true,\"valueName\":\"search_term_string\"}}],\"inLanguage\":\"es-AR\"},{\"@type\":\"Organization\",\"@id\":\"https:\/\/sadenir.com.uy\/equilibrio\/#organization\",\"name\":\"Equilibrio\",\"url\":\"https:\/\/sadenir.com.uy\/equilibrio\/\",\"logo\":{\"@type\":\"ImageObject\",\"inLanguage\":\"es-AR\",\"@id\":\"https:\/\/sadenir.com.uy\/equilibrio\/#\/schema\/logo\/image\/\",\"url\":\"https:\/\/sadenir.com.uy\/equilibrio\/wp-content\/uploads\/sites\/2\/2024\/04\/LOGO-EQUILIBRIO.png\",\"contentUrl\":\"https:\/\/sadenir.com.uy\/equilibrio\/wp-content\/uploads\/sites\/2\/2024\/04\/LOGO-EQUILIBRIO.png\",\"width\":1592,\"height\":725,\"caption\":\"Equilibrio\"},\"image\":{\"@id\":\"https:\/\/sadenir.com.uy\/equilibrio\/#\/schema\/logo\/image\/\"},\"sameAs\":[\"https:\/\/www.facebook.com\/equilibriouruguay\",\"https:\/\/www.instagram.com\/equilibrio.uy\/\"]}]}<\/script>\n<!-- \/ Yoast SEO plugin. -->","yoast_head_json":{"title":"Cachorros Pollo Razas Peque\u00f1as - Equilibrio","description":"Alimento ideal para cachorros de hasta 10kg. Ayuda al desarrollo y defensas. Con prebi\u00f3ticos y probi\u00f3ticos. En 1kg, 2,5kg y 7,5kg.","robots":{"index":"index","follow":"follow","max-snippet":"max-snippet:-1","max-image-preview":"max-image-preview:large","max-video-preview":"max-video-preview:-1"},"canonical":"https:\/\/sadenir.com.uy\/equilibrio\/shop\/perros\/adultos\/cachorros-pequenos-pollo\/","og_locale":"es_ES","og_type":"article","og_title":"Cachorros Pollo Razas Peque\u00f1as - Equilibrio","og_description":"Alimento ideal para cachorros de hasta 10kg. Ayuda al desarrollo y defensas. Con prebi\u00f3ticos y probi\u00f3ticos. En 1kg, 2,5kg y 7,5kg.","og_url":"https:\/\/sadenir.com.uy\/equilibrio\/shop\/perros\/adultos\/cachorros-pequenos-pollo\/","og_site_name":"Equilibrio","article_publisher":"https:\/\/www.facebook.com\/equilibriouruguay","article_modified_time":"2025-04-30T14:39:19+00:00","og_image":[{"width":1100,"height":1250,"url":"https:\/\/sadenir.com.uy\/equilibrio\/wp-content\/uploads\/sites\/2\/2025\/03\/EQUILIBRIO-CAES-RP-FHT-FRANGO-8420-ESQUERDA.png","type":"image\/png"}],"twitter_card":"summary_large_image","twitter_misc":{"Tiempo de lectura":"2 minutos"},"schema":{"@context":"https:\/\/schema.org","@graph":[{"@type":"WebPage","@id":"https:\/\/sadenir.com.uy\/equilibrio\/shop\/perros\/adultos\/cachorros-pequenos-pollo\/","url":"https:\/\/sadenir.com.uy\/equilibrio\/shop\/perros\/adultos\/cachorros-pequenos-pollo\/","name":"Cachorros Pollo Razas Peque\u00f1as - Equilibrio","isPartOf":{"@id":"https:\/\/sadenir.com.uy\/equilibrio\/#website"},"primaryImageOfPage":{"@id":"https:\/\/sadenir.com.uy\/equilibrio\/shop\/perros\/adultos\/cachorros-pequenos-pollo\/#primaryimage"},"image":{"@id":"https:\/\/sadenir.com.uy\/equilibrio\/shop\/perros\/adultos\/cachorros-pequenos-pollo\/#primaryimage"},"thumbnailUrl":"https:\/\/sadenir.com.uy\/equilibrio\/wp-content\/uploads\/sites\/2\/2025\/03\/EQUILIBRIO-CAES-RP-FHT-FRANGO-8420-ESQUERDA.png","datePublished":"2025-04-27T21:52:45+00:00","dateModified":"2025-04-30T14:39:19+00:00","description":"Alimento ideal para cachorros de hasta 10kg. Ayuda al desarrollo y defensas. Con prebi\u00f3ticos y probi\u00f3ticos. En 1kg, 2,5kg y 7,5kg.","breadcrumb":{"@id":"https:\/\/sadenir.com.uy\/equilibrio\/shop\/perros\/adultos\/cachorros-pequenos-pollo\/#breadcrumb"},"inLanguage":"es-AR","potentialAction":[{"@type":"ReadAction","target":["https:\/\/sadenir.com.uy\/equilibrio\/shop\/perros\/adultos\/cachorros-pequenos-pollo\/"]}]},{"@type":"ImageObject","inLanguage":"es-AR","@id":"https:\/\/sadenir.com.uy\/equilibrio\/shop\/perros\/adultos\/cachorros-pequenos-pollo\/#primaryimage","url":"https:\/\/sadenir.com.uy\/equilibrio\/wp-content\/uploads\/sites\/2\/2025\/03\/EQUILIBRIO-CAES-RP-FHT-FRANGO-8420-ESQUERDA.png","contentUrl":"https:\/\/sadenir.com.uy\/equilibrio\/wp-content\/uploads\/sites\/2\/2025\/03\/EQUILIBRIO-CAES-RP-FHT-FRANGO-8420-ESQUERDA.png","width":1100,"height":1250},{"@type":"BreadcrumbList","@id":"https:\/\/sadenir.com.uy\/equilibrio\/shop\/perros\/adultos\/cachorros-pequenos-pollo\/#breadcrumb","itemListElement":[{"@type":"ListItem","position":1,"name":"Inicio","item":"https:\/\/sadenir.com.uy\/equilibrio\/"},{"@type":"ListItem","position":2,"name":"Productos","item":"https:\/\/sadenir.com.uy\/equilibrio\/productos\/"},{"@type":"ListItem","position":3,"name":"Cachorros Pollo Razas Peque\u00f1as"}]},{"@type":"WebSite","@id":"https:\/\/sadenir.com.uy\/equilibrio\/#website","url":"https:\/\/sadenir.com.uy\/equilibrio\/","name":"Equilibrio","description":"Excelencia en nutrici\u00f3n","publisher":{"@id":"https:\/\/sadenir.com.uy\/equilibrio\/#organization"},"potentialAction":[{"@type":"SearchAction","target":{"@type":"EntryPoint","urlTemplate":"https:\/\/sadenir.com.uy\/equilibrio\/?s={search_term_string}"},"query-input":{"@type":"PropertyValueSpecification","valueRequired":true,"valueName":"search_term_string"}}],"inLanguage":"es-AR"},{"@type":"Organization","@id":"https:\/\/sadenir.com.uy\/equilibrio\/#organization","name":"Equilibrio","url":"https:\/\/sadenir.com.uy\/equilibrio\/","logo":{"@type":"ImageObject","inLanguage":"es-AR","@id":"https:\/\/sadenir.com.uy\/equilibrio\/#\/schema\/logo\/image\/","url":"https:\/\/sadenir.com.uy\/equilibrio\/wp-content\/uploads\/sites\/2\/2024\/04\/LOGO-EQUILIBRIO.png","contentUrl":"https:\/\/sadenir.com.uy\/equilibrio\/wp-content\/uploads\/sites\/2\/2024\/04\/LOGO-EQUILIBRIO.png","width":1592,"height":725,"caption":"Equilibrio"},"image":{"@id":"https:\/\/sadenir.com.uy\/equilibrio\/#\/schema\/logo\/image\/"},"sameAs":["https:\/\/www.facebook.com\/equilibriouruguay","https:\/\/www.instagram.com\/equilibrio.uy\/"]}]}},"_links":{"self":[{"href":"https:\/\/sadenir.com.uy\/equilibrio\/wp-json\/wp\/v2\/product\/8197","targetHints":{"allow":["GET"]}}],"collection":[{"href":"https:\/\/sadenir.com.uy\/equilibrio\/wp-json\/wp\/v2\/product"}],"about":[{"href":"https:\/\/sadenir.com.uy\/equilibrio\/wp-json\/wp\/v2\/types\/product"}],"wp:featuredmedia":[{"embeddable":true,"href":"https:\/\/sadenir.com.uy\/equilibrio\/wp-json\/wp\/v2\/media\/8144"}],"wp:attachment":[{"href":"https:\/\/sadenir.com.uy\/equilibrio\/wp-json\/wp\/v2\/media?parent=8197"}],"wp:term":[{"taxonomy":"product_brand","embeddable":true,"href":"https:\/\/sadenir.com.uy\/equilibrio\/wp-json\/wp\/v2\/product_brand?post=8197"},{"taxonomy":"product_cat","embeddable":true,"href":"https:\/\/sadenir.com.uy\/equilibrio\/wp-json\/wp\/v2\/product_cat?post=8197"},{"taxonomy":"product_tag","embeddable":true,"href":"https:\/\/sadenir.com.uy\/equilibrio\/wp-json\/wp\/v2\/product_tag?post=8197"}],"curies":[{"name":"wp","href":"https:\/\/api.w.org\/{rel}","templated":true}]}}