{"id":8199,"date":"2025-04-27T21:52:45","date_gmt":"2025-04-27T21:52:45","guid":{"rendered":"https:\/\/sadenir.com.uy\/equilibrio\/shop\/sin%20categor\u00eda\/light-pollo\/"},"modified":"2025-04-30T14:37:20","modified_gmt":"2025-04-30T14:37:20","slug":"adultos-light-pequenos-pollo","status":"publish","type":"product","link":"https:\/\/sadenir.com.uy\/equilibrio\/shop\/perros\/adultos\/adultos-light-pequenos-pollo\/","title":{"rendered":"Adultos Peque\u00f1os Light Pollo"},"content":{"rendered":"<h4 class=\"\" data-start=\"240\" data-end=\"269\"><strong data-start=\"245\" data-end=\"267\">Composici\u00f3n B\u00e1sica<\/strong><\/h4>\n<p class=\"\" data-start=\"270\" data-end=\"1044\">Carne mec\u00e1nicamente separada de aves, harina de v\u00edsceras de aves, harina de peces, aceite de aves, aceite de pescado refinado blanqueado y desodorizado, sulfato de condroitina, sulfato de glucosamina, grano de ma\u00edz, salvado de gluten de ma\u00edz 60, DDGS &#8211; residuo seco de destiler\u00eda con solubles (ma\u00edz), grano de linaza, pulpa de remolacha, salvado de soja, grano de sorgo, fibra de ca\u00f1a de az\u00facar, cloruro de sodio, hexametafosfato de sodio, carbonato de calcio, cloruro de potasio, extracto de yuca, L-carnitina, aditivo prebi\u00f3tico (pared celular de levadura &#8211; fuente de manano-oligosac\u00e1ridos y betaglucanos), aditivo probi\u00f3tico, hidrolizado de h\u00edgado de aves, extracto de romero, concentrado de tocoferoles, \u00e1cido propi\u00f3nico, cloruro de colina, premezcla vitam\u00ednica mineral.<\/p>\n<h4 class=\"\" data-start=\"1046\" data-end=\"1077\"><strong data-start=\"1051\" data-end=\"1075\">An\u00e1lisis Nutricional<a href=\"https:\/\/sadenir.com.uy\/equilibrio\/wp-content\/uploads\/sites\/2\/2025\/04\/Screenshot-2025-04-07-172458.png\"><img fetchpriority=\"high\" decoding=\"async\" class=\"alignright wp-image-8223 size-full\" src=\"https:\/\/sadenir.com.uy\/equilibrio\/wp-content\/uploads\/sites\/2\/2025\/04\/Screenshot-2025-04-07-172458.png\" alt=\"\" width=\"503\" height=\"329\" srcset=\"https:\/\/sadenir.com.uy\/equilibrio\/wp-content\/uploads\/sites\/2\/2025\/04\/Screenshot-2025-04-07-172458.png 503w, https:\/\/sadenir.com.uy\/equilibrio\/wp-content\/uploads\/sites\/2\/2025\/04\/Screenshot-2025-04-07-172458-300x196.png 300w\" sizes=\"(max-width: 503px) 100vw, 503px\" \/><\/a><\/strong><\/h4>\n<p class=\"\" data-start=\"1078\" data-end=\"1266\">Humedad (m\u00e1x) 11 %, prote\u00edna cruda (m\u00edn) 28 %, grasa cruda (m\u00edn) 8 %, fibra cruda (m\u00e1x) 6 %, cenizas (m\u00e1x) 7 %, calcio (m\u00e1x) 1,4 %, f\u00f3sforo (m\u00edn) 0,6 %, energ\u00eda metabolizable 3477 kcal\/kg.<\/p>\n<h4 class=\"\" data-start=\"1268\" data-end=\"1308\"><strong data-start=\"1273\" data-end=\"1306\">Enriquecimiento por Kilogramo<\/strong><\/h4>\n<p class=\"\" data-start=\"1309\" data-end=\"1837\">Vitamina A 18000 U.I., vitamina D3 2100 U.I., vitamina E 600 U.I., vitamina K3 1,7 mg, vitamina B1 20 mg, vitamina B2 20 mg, vitamina B3 70 mg, vitamina B5 23 mg, vitamina B6 15 mg, vitamina B9 1,7 mg, vitamina B7 1,5 mg, vitamina B12 230 mcg, vitamina C 200 mg, colina 1360 mg, hierro 200 mg, cobre 17,25 mg, manganeso 80 mg, zinc 230 mg, yodo 3 mg, selenio 0,43 mg, sodio 2 g, potasio 5 g, manano-oligosac\u00e1ridos 120 mg, betaglucanos 800 mg, \u00e1cido linol\u00e9nico 2500 mg, \u00e1cido linoleico 12 g, carnitina 250 mg, probi\u00f3tico 1000 mg.<\/p>\n<h4 class=\"\" data-start=\"1839\" data-end=\"1869\"><strong data-start=\"1844\" data-end=\"1867\">Posibles Sustitutos<\/strong><\/h4>\n<p class=\"\" data-start=\"1870\" data-end=\"2023\">Carne de aves, carne deshidratada de aves, aceite de pescados, propionato de calcio, propionato de amonio, hidrolizado de carne de aves e h\u00edgado de aves.<\/p>\n<p>&nbsp;<\/p>\n","protected":false},"excerpt":{"rendered":"<p>Equilibrio Adultos Light con Pollo para razas peque\u00f1as es un alimento completo y balanceado para perros adultos de hasta 10 kg, ideal para el control de peso. Su f\u00f3rmula es reducida en calor\u00edas, contiene fibras y L-carnitina para favorecer la quema de grasa, y refuerza las articulaciones que pueden verse sobrecargadas por el sobrepeso. Adem\u00e1s, mejora la digesti\u00f3n con una combinaci\u00f3n exclusiva de fibra natural, prebi\u00f3ticos y probi\u00f3ticos.<\/p>\n<p>Perfecto para mantener el peso saludable sin perder vitalidad.<\/p>\n<p>Presentaciones disponibles: 1 kg y 7,5 kg<br \/>\nIndicaci\u00f3n: Alimento completo para perros adultos<\/p>\n","protected":false},"featured_media":8138,"template":"","meta":{"pgc_sgb_lightbox_settings":""},"product_brand":[],"product_cat":[60,64,43],"product_tag":[122],"class_list":{"0":"post-8199","1":"product","2":"type-product","3":"status-publish","4":"has-post-thumbnail","6":"product_cat-adultos","7":"product_cat-pequenos","8":"product_cat-perros","9":"product_tag-adultos","11":"first","12":"instock","13":"shipping-taxable","14":"product-type-simple"},"yoast_head":"<!-- This site is optimized with the Yoast SEO plugin v26.1.1 - https:\/\/yoast.com\/wordpress\/plugins\/seo\/ -->\n<title>Adultos Peque\u00f1os Light Pollo - Equilibrio<\/title>\n<meta name=\"description\" content=\"Alimento light pollo para perros peque\u00f1os. Bajo en calor\u00edas, con L-carnitina y fibras. Ideal para control de peso. Presentaciones 1kg y 7,5kg.\" \/>\n<meta name=\"robots\" content=\"index, follow, max-snippet:-1, max-image-preview:large, max-video-preview:-1\" \/>\n<link rel=\"canonical\" href=\"https:\/\/sadenir.com.uy\/equilibrio\/shop\/perros\/adultos\/adultos-light-pequenos-pollo\/\" \/>\n<meta property=\"og:locale\" content=\"es_ES\" \/>\n<meta property=\"og:type\" content=\"article\" \/>\n<meta property=\"og:title\" content=\"Adultos Peque\u00f1os Light Pollo - Equilibrio\" \/>\n<meta property=\"og:description\" content=\"Alimento light pollo para perros peque\u00f1os. Bajo en calor\u00edas, con L-carnitina y fibras. Ideal para control de peso. Presentaciones 1kg y 7,5kg.\" \/>\n<meta property=\"og:url\" content=\"https:\/\/sadenir.com.uy\/equilibrio\/shop\/perros\/adultos\/adultos-light-pequenos-pollo\/\" \/>\n<meta property=\"og:site_name\" content=\"Equilibrio\" \/>\n<meta property=\"article:publisher\" content=\"https:\/\/www.facebook.com\/equilibriouruguay\" \/>\n<meta property=\"article:modified_time\" content=\"2025-04-30T14:37:20+00:00\" \/>\n<meta property=\"og:image\" content=\"https:\/\/sadenir.com.uy\/equilibrio\/wp-content\/uploads\/sites\/2\/2025\/03\/EQUILIBRIO-CAES-RP-AD-LIGHT-FRANGO-8423-ESQUERDA.png\" \/>\n\t<meta property=\"og:image:width\" content=\"1100\" \/>\n\t<meta property=\"og:image:height\" content=\"1250\" \/>\n\t<meta property=\"og:image:type\" content=\"image\/png\" \/>\n<meta name=\"twitter:card\" content=\"summary_large_image\" \/>\n<meta name=\"twitter:label1\" content=\"Tiempo de lectura\" \/>\n\t<meta name=\"twitter:data1\" content=\"2 minutos\" \/>\n<script type=\"application\/ld+json\" class=\"yoast-schema-graph\">{\"@context\":\"https:\/\/schema.org\",\"@graph\":[{\"@type\":\"WebPage\",\"@id\":\"https:\/\/sadenir.com.uy\/equilibrio\/shop\/perros\/adultos\/adultos-light-pequenos-pollo\/\",\"url\":\"https:\/\/sadenir.com.uy\/equilibrio\/shop\/perros\/adultos\/adultos-light-pequenos-pollo\/\",\"name\":\"Adultos Peque\u00f1os Light Pollo - Equilibrio\",\"isPartOf\":{\"@id\":\"https:\/\/sadenir.com.uy\/equilibrio\/#website\"},\"primaryImageOfPage\":{\"@id\":\"https:\/\/sadenir.com.uy\/equilibrio\/shop\/perros\/adultos\/adultos-light-pequenos-pollo\/#primaryimage\"},\"image\":{\"@id\":\"https:\/\/sadenir.com.uy\/equilibrio\/shop\/perros\/adultos\/adultos-light-pequenos-pollo\/#primaryimage\"},\"thumbnailUrl\":\"https:\/\/sadenir.com.uy\/equilibrio\/wp-content\/uploads\/sites\/2\/2025\/03\/EQUILIBRIO-CAES-RP-AD-LIGHT-FRANGO-8423-ESQUERDA.png\",\"datePublished\":\"2025-04-27T21:52:45+00:00\",\"dateModified\":\"2025-04-30T14:37:20+00:00\",\"description\":\"Alimento light pollo para perros peque\u00f1os. Bajo en calor\u00edas, con L-carnitina y fibras. Ideal para control de peso. Presentaciones 1kg y 7,5kg.\",\"breadcrumb\":{\"@id\":\"https:\/\/sadenir.com.uy\/equilibrio\/shop\/perros\/adultos\/adultos-light-pequenos-pollo\/#breadcrumb\"},\"inLanguage\":\"es-AR\",\"potentialAction\":[{\"@type\":\"ReadAction\",\"target\":[\"https:\/\/sadenir.com.uy\/equilibrio\/shop\/perros\/adultos\/adultos-light-pequenos-pollo\/\"]}]},{\"@type\":\"ImageObject\",\"inLanguage\":\"es-AR\",\"@id\":\"https:\/\/sadenir.com.uy\/equilibrio\/shop\/perros\/adultos\/adultos-light-pequenos-pollo\/#primaryimage\",\"url\":\"https:\/\/sadenir.com.uy\/equilibrio\/wp-content\/uploads\/sites\/2\/2025\/03\/EQUILIBRIO-CAES-RP-AD-LIGHT-FRANGO-8423-ESQUERDA.png\",\"contentUrl\":\"https:\/\/sadenir.com.uy\/equilibrio\/wp-content\/uploads\/sites\/2\/2025\/03\/EQUILIBRIO-CAES-RP-AD-LIGHT-FRANGO-8423-ESQUERDA.png\",\"width\":1100,\"height\":1250},{\"@type\":\"BreadcrumbList\",\"@id\":\"https:\/\/sadenir.com.uy\/equilibrio\/shop\/perros\/adultos\/adultos-light-pequenos-pollo\/#breadcrumb\",\"itemListElement\":[{\"@type\":\"ListItem\",\"position\":1,\"name\":\"Inicio\",\"item\":\"https:\/\/sadenir.com.uy\/equilibrio\/\"},{\"@type\":\"ListItem\",\"position\":2,\"name\":\"Productos\",\"item\":\"https:\/\/sadenir.com.uy\/equilibrio\/productos\/\"},{\"@type\":\"ListItem\",\"position\":3,\"name\":\"Adultos Peque\u00f1os Light Pollo\"}]},{\"@type\":\"WebSite\",\"@id\":\"https:\/\/sadenir.com.uy\/equilibrio\/#website\",\"url\":\"https:\/\/sadenir.com.uy\/equilibrio\/\",\"name\":\"Equilibrio\",\"description\":\"Excelencia en nutrici\u00f3n\",\"publisher\":{\"@id\":\"https:\/\/sadenir.com.uy\/equilibrio\/#organization\"},\"potentialAction\":[{\"@type\":\"SearchAction\",\"target\":{\"@type\":\"EntryPoint\",\"urlTemplate\":\"https:\/\/sadenir.com.uy\/equilibrio\/?s={search_term_string}\"},\"query-input\":{\"@type\":\"PropertyValueSpecification\",\"valueRequired\":true,\"valueName\":\"search_term_string\"}}],\"inLanguage\":\"es-AR\"},{\"@type\":\"Organization\",\"@id\":\"https:\/\/sadenir.com.uy\/equilibrio\/#organization\",\"name\":\"Equilibrio\",\"url\":\"https:\/\/sadenir.com.uy\/equilibrio\/\",\"logo\":{\"@type\":\"ImageObject\",\"inLanguage\":\"es-AR\",\"@id\":\"https:\/\/sadenir.com.uy\/equilibrio\/#\/schema\/logo\/image\/\",\"url\":\"https:\/\/sadenir.com.uy\/equilibrio\/wp-content\/uploads\/sites\/2\/2024\/04\/LOGO-EQUILIBRIO.png\",\"contentUrl\":\"https:\/\/sadenir.com.uy\/equilibrio\/wp-content\/uploads\/sites\/2\/2024\/04\/LOGO-EQUILIBRIO.png\",\"width\":1592,\"height\":725,\"caption\":\"Equilibrio\"},\"image\":{\"@id\":\"https:\/\/sadenir.com.uy\/equilibrio\/#\/schema\/logo\/image\/\"},\"sameAs\":[\"https:\/\/www.facebook.com\/equilibriouruguay\",\"https:\/\/www.instagram.com\/equilibrio.uy\/\"]}]}<\/script>\n<!-- \/ Yoast SEO plugin. -->","yoast_head_json":{"title":"Adultos Peque\u00f1os Light Pollo - Equilibrio","description":"Alimento light pollo para perros peque\u00f1os. Bajo en calor\u00edas, con L-carnitina y fibras. Ideal para control de peso. Presentaciones 1kg y 7,5kg.","robots":{"index":"index","follow":"follow","max-snippet":"max-snippet:-1","max-image-preview":"max-image-preview:large","max-video-preview":"max-video-preview:-1"},"canonical":"https:\/\/sadenir.com.uy\/equilibrio\/shop\/perros\/adultos\/adultos-light-pequenos-pollo\/","og_locale":"es_ES","og_type":"article","og_title":"Adultos Peque\u00f1os Light Pollo - Equilibrio","og_description":"Alimento light pollo para perros peque\u00f1os. Bajo en calor\u00edas, con L-carnitina y fibras. Ideal para control de peso. Presentaciones 1kg y 7,5kg.","og_url":"https:\/\/sadenir.com.uy\/equilibrio\/shop\/perros\/adultos\/adultos-light-pequenos-pollo\/","og_site_name":"Equilibrio","article_publisher":"https:\/\/www.facebook.com\/equilibriouruguay","article_modified_time":"2025-04-30T14:37:20+00:00","og_image":[{"width":1100,"height":1250,"url":"https:\/\/sadenir.com.uy\/equilibrio\/wp-content\/uploads\/sites\/2\/2025\/03\/EQUILIBRIO-CAES-RP-AD-LIGHT-FRANGO-8423-ESQUERDA.png","type":"image\/png"}],"twitter_card":"summary_large_image","twitter_misc":{"Tiempo de lectura":"2 minutos"},"schema":{"@context":"https:\/\/schema.org","@graph":[{"@type":"WebPage","@id":"https:\/\/sadenir.com.uy\/equilibrio\/shop\/perros\/adultos\/adultos-light-pequenos-pollo\/","url":"https:\/\/sadenir.com.uy\/equilibrio\/shop\/perros\/adultos\/adultos-light-pequenos-pollo\/","name":"Adultos Peque\u00f1os Light Pollo - Equilibrio","isPartOf":{"@id":"https:\/\/sadenir.com.uy\/equilibrio\/#website"},"primaryImageOfPage":{"@id":"https:\/\/sadenir.com.uy\/equilibrio\/shop\/perros\/adultos\/adultos-light-pequenos-pollo\/#primaryimage"},"image":{"@id":"https:\/\/sadenir.com.uy\/equilibrio\/shop\/perros\/adultos\/adultos-light-pequenos-pollo\/#primaryimage"},"thumbnailUrl":"https:\/\/sadenir.com.uy\/equilibrio\/wp-content\/uploads\/sites\/2\/2025\/03\/EQUILIBRIO-CAES-RP-AD-LIGHT-FRANGO-8423-ESQUERDA.png","datePublished":"2025-04-27T21:52:45+00:00","dateModified":"2025-04-30T14:37:20+00:00","description":"Alimento light pollo para perros peque\u00f1os. Bajo en calor\u00edas, con L-carnitina y fibras. Ideal para control de peso. Presentaciones 1kg y 7,5kg.","breadcrumb":{"@id":"https:\/\/sadenir.com.uy\/equilibrio\/shop\/perros\/adultos\/adultos-light-pequenos-pollo\/#breadcrumb"},"inLanguage":"es-AR","potentialAction":[{"@type":"ReadAction","target":["https:\/\/sadenir.com.uy\/equilibrio\/shop\/perros\/adultos\/adultos-light-pequenos-pollo\/"]}]},{"@type":"ImageObject","inLanguage":"es-AR","@id":"https:\/\/sadenir.com.uy\/equilibrio\/shop\/perros\/adultos\/adultos-light-pequenos-pollo\/#primaryimage","url":"https:\/\/sadenir.com.uy\/equilibrio\/wp-content\/uploads\/sites\/2\/2025\/03\/EQUILIBRIO-CAES-RP-AD-LIGHT-FRANGO-8423-ESQUERDA.png","contentUrl":"https:\/\/sadenir.com.uy\/equilibrio\/wp-content\/uploads\/sites\/2\/2025\/03\/EQUILIBRIO-CAES-RP-AD-LIGHT-FRANGO-8423-ESQUERDA.png","width":1100,"height":1250},{"@type":"BreadcrumbList","@id":"https:\/\/sadenir.com.uy\/equilibrio\/shop\/perros\/adultos\/adultos-light-pequenos-pollo\/#breadcrumb","itemListElement":[{"@type":"ListItem","position":1,"name":"Inicio","item":"https:\/\/sadenir.com.uy\/equilibrio\/"},{"@type":"ListItem","position":2,"name":"Productos","item":"https:\/\/sadenir.com.uy\/equilibrio\/productos\/"},{"@type":"ListItem","position":3,"name":"Adultos Peque\u00f1os Light Pollo"}]},{"@type":"WebSite","@id":"https:\/\/sadenir.com.uy\/equilibrio\/#website","url":"https:\/\/sadenir.com.uy\/equilibrio\/","name":"Equilibrio","description":"Excelencia en nutrici\u00f3n","publisher":{"@id":"https:\/\/sadenir.com.uy\/equilibrio\/#organization"},"potentialAction":[{"@type":"SearchAction","target":{"@type":"EntryPoint","urlTemplate":"https:\/\/sadenir.com.uy\/equilibrio\/?s={search_term_string}"},"query-input":{"@type":"PropertyValueSpecification","valueRequired":true,"valueName":"search_term_string"}}],"inLanguage":"es-AR"},{"@type":"Organization","@id":"https:\/\/sadenir.com.uy\/equilibrio\/#organization","name":"Equilibrio","url":"https:\/\/sadenir.com.uy\/equilibrio\/","logo":{"@type":"ImageObject","inLanguage":"es-AR","@id":"https:\/\/sadenir.com.uy\/equilibrio\/#\/schema\/logo\/image\/","url":"https:\/\/sadenir.com.uy\/equilibrio\/wp-content\/uploads\/sites\/2\/2024\/04\/LOGO-EQUILIBRIO.png","contentUrl":"https:\/\/sadenir.com.uy\/equilibrio\/wp-content\/uploads\/sites\/2\/2024\/04\/LOGO-EQUILIBRIO.png","width":1592,"height":725,"caption":"Equilibrio"},"image":{"@id":"https:\/\/sadenir.com.uy\/equilibrio\/#\/schema\/logo\/image\/"},"sameAs":["https:\/\/www.facebook.com\/equilibriouruguay","https:\/\/www.instagram.com\/equilibrio.uy\/"]}]}},"_links":{"self":[{"href":"https:\/\/sadenir.com.uy\/equilibrio\/wp-json\/wp\/v2\/product\/8199","targetHints":{"allow":["GET"]}}],"collection":[{"href":"https:\/\/sadenir.com.uy\/equilibrio\/wp-json\/wp\/v2\/product"}],"about":[{"href":"https:\/\/sadenir.com.uy\/equilibrio\/wp-json\/wp\/v2\/types\/product"}],"wp:featuredmedia":[{"embeddable":true,"href":"https:\/\/sadenir.com.uy\/equilibrio\/wp-json\/wp\/v2\/media\/8138"}],"wp:attachment":[{"href":"https:\/\/sadenir.com.uy\/equilibrio\/wp-json\/wp\/v2\/media?parent=8199"}],"wp:term":[{"taxonomy":"product_brand","embeddable":true,"href":"https:\/\/sadenir.com.uy\/equilibrio\/wp-json\/wp\/v2\/product_brand?post=8199"},{"taxonomy":"product_cat","embeddable":true,"href":"https:\/\/sadenir.com.uy\/equilibrio\/wp-json\/wp\/v2\/product_cat?post=8199"},{"taxonomy":"product_tag","embeddable":true,"href":"https:\/\/sadenir.com.uy\/equilibrio\/wp-json\/wp\/v2\/product_tag?post=8199"}],"curies":[{"name":"wp","href":"https:\/\/api.w.org\/{rel}","templated":true}]}}