{"id":8201,"date":"2025-04-27T21:52:45","date_gmt":"2025-04-27T21:52:45","guid":{"rendered":"https:\/\/sadenir.com.uy\/equilibrio\/shop\/sin%20categor\u00eda\/senior-pollo\/"},"modified":"2025-04-30T14:32:23","modified_gmt":"2025-04-30T14:32:23","slug":"senior-pequenos-pollo","status":"publish","type":"product","link":"https:\/\/sadenir.com.uy\/equilibrio\/shop\/perros\/edades-avanzadas\/senior-pequenos-pollo\/","title":{"rendered":"Senior Pollo Razas Peque\u00f1as"},"content":{"rendered":"<h4 class=\"\" data-start=\"68\" data-end=\"97\"><strong data-start=\"73\" data-end=\"95\">Composici\u00f3n B\u00e1sica<\/strong><\/h4>\n<p class=\"\" data-start=\"98\" data-end=\"838\">Carne mec\u00e1nicamente separada de aves, harina de v\u00edsceras de aves, harina de peces, aceite de aves, aceite de pescado refinado blanqueado y desodorizado, sulfato de condroitina, sulfato de glucosamina, grano de ma\u00edz, salvado de gluten de ma\u00edz 60, grano de linaza, pulpa de remolacha, salvado de soja, grano de sorgo, biomasa de microalgas (Schizochytrium sp.), cloruro de sodio, hexametafosfato de sodio, cloruro de potasio, extracto de yuca, DL-metionina, taurina, L-carnitina, aditivo prebi\u00f3tico (pared celular de levadura &#8211; fuente de manano-oligosac\u00e1ridos y betaglucanos), aditivo probi\u00f3tico, hidrolizado de h\u00edgado de aves, extracto de romero, concentrado de tocoferoles, \u00e1cido propi\u00f3nico, cloruro de colina, premezcla vitam\u00ednica mineral.<\/p>\n<h4 class=\"\" data-start=\"840\" data-end=\"871\"><strong data-start=\"845\" data-end=\"869\">An\u00e1lisis Nutricional<a href=\"https:\/\/sadenir.com.uy\/equilibrio\/wp-content\/uploads\/sites\/2\/2025\/04\/Screenshot-2025-04-07-173344.png\"><img fetchpriority=\"high\" decoding=\"async\" class=\"alignright wp-image-8225 size-full\" src=\"https:\/\/sadenir.com.uy\/equilibrio\/wp-content\/uploads\/sites\/2\/2025\/04\/Screenshot-2025-04-07-173344.png\" alt=\"\" width=\"503\" height=\"323\" srcset=\"https:\/\/sadenir.com.uy\/equilibrio\/wp-content\/uploads\/sites\/2\/2025\/04\/Screenshot-2025-04-07-173344.png 503w, https:\/\/sadenir.com.uy\/equilibrio\/wp-content\/uploads\/sites\/2\/2025\/04\/Screenshot-2025-04-07-173344-300x193.png 300w\" sizes=\"(max-width: 503px) 100vw, 503px\" \/><\/a><\/strong><\/h4>\n<p class=\"\" data-start=\"872\" data-end=\"1064\">Humedad (m\u00e1x) 11 %, prote\u00edna cruda (m\u00edn) 26 %, grasa cruda (m\u00edn) 12 %, fibra cruda (m\u00e1x) 3,5 %, cenizas (m\u00e1x) 6 %, calcio (m\u00e1x) 1,3 %, f\u00f3sforo (m\u00edn) 0,45 %, energ\u00eda metabolizable 3765 kcal\/kg.<\/p>\n<h4 class=\"\" data-start=\"1066\" data-end=\"1106\"><strong data-start=\"1071\" data-end=\"1104\">Enriquecimiento por Kilogramo<\/strong><\/h4>\n<p class=\"\" data-start=\"1107\" data-end=\"1688\">Vitamina A 18000 U.I., vitamina D3 2100 U.I., vitamina E 600 U.I., vitamina K3 1,2 mg, vitamina B1 20 mg, vitamina B2 20 mg, vitamina B3 70 mg, vitamina B5 23 mg, vitamina B6 15 mg, vitamina B9 1,7 mg, vitamina B7 1,5 mg, vitamina B12 230 mcg, vitamina C 200 mg, colina 1360 mg, hierro 200 mg, cobre 17,25 mg, manganeso 80 mg, zinc 230 mg, yodo 3 mg, selenio 0,43 mg, sodio 1,8 g, potasio 5,5 g, manano-oligosac\u00e1ridos 240 mg, betaglucanos 800 mg, \u00e1cido linol\u00e9nico 3500 mg, \u00e1cido linoleico 20 g, metionina 7200 mg, taurina 1800 mg, carnitina 300 mg, DHA 1900 mg, probi\u00f3tico 1000 mg.<\/p>\n<h4 class=\"\" data-start=\"1690\" data-end=\"1720\"><strong data-start=\"1695\" data-end=\"1718\">Posibles Sustitutos<\/strong><\/h4>\n<p class=\"\" data-start=\"1721\" data-end=\"1874\">Carne de aves, carne deshidratada de aves, aceite de pescados, propionato de calcio, propionato de amonio, hidrolizado de carne de aves e h\u00edgado de aves.<\/p>\n<h4 class=\"\" data-start=\"2443\" data-end=\"2474\"><\/h4>\n","protected":false},"excerpt":{"rendered":"<p>Equilibrio S\u00e9nior con Pollo para razas peque\u00f1as es un alimento completo y balanceado, desarrollado para perros adultos mayores de hasta 10 kg. Su f\u00f3rmula est\u00e1 dise\u00f1ada para un envejecimiento saludable, fortaleciendo articulaciones debilitadas y apoyando la funci\u00f3n renal y card\u00edaca. Tambi\u00e9n contiene antioxidantes para reforzar las defensas naturales y una mezcla de fibra, prebi\u00f3ticos y probi\u00f3ticos para una buena digesti\u00f3n.<\/p>\n<p>Perfecto para acompa\u00f1ar a tu perro en su etapa m\u00e1s madura con calidad de vida.<\/p>\n<p>Presentaciones disponibles: 1 kg y 7,5 kg<br \/>\nIndicaci\u00f3n: Alimento completo para perros adultos mayores<\/p>\n","protected":false},"featured_media":8141,"template":"","meta":{"pgc_sgb_lightbox_settings":""},"product_brand":[],"product_cat":[61,64,43],"product_tag":[122],"class_list":{"0":"post-8201","1":"product","2":"type-product","3":"status-publish","4":"has-post-thumbnail","6":"product_cat-edades-avanzadas","7":"product_cat-pequenos","8":"product_cat-perros","9":"product_tag-adultos","11":"first","12":"instock","13":"shipping-taxable","14":"product-type-simple"},"yoast_head":"<!-- This site is optimized with the Yoast SEO plugin v26.1.1 - https:\/\/yoast.com\/wordpress\/plugins\/seo\/ -->\n<title>Senior Pollo Razas Peque\u00f1as - Equilibrio<\/title>\n<meta name=\"description\" content=\"Alimento para perros mayores de razas peque\u00f1as. Refuerza defensas, articulaciones y funciones vitales. Disponible en 1kg y 7,5kg.\" \/>\n<meta name=\"robots\" content=\"index, follow, max-snippet:-1, max-image-preview:large, max-video-preview:-1\" \/>\n<link rel=\"canonical\" href=\"https:\/\/sadenir.com.uy\/equilibrio\/shop\/perros\/edades-avanzadas\/senior-pequenos-pollo\/\" \/>\n<meta property=\"og:locale\" content=\"es_ES\" \/>\n<meta property=\"og:type\" content=\"article\" \/>\n<meta property=\"og:title\" content=\"Senior Pollo Razas Peque\u00f1as - Equilibrio\" \/>\n<meta property=\"og:description\" content=\"Alimento para perros mayores de razas peque\u00f1as. Refuerza defensas, articulaciones y funciones vitales. Disponible en 1kg y 7,5kg.\" \/>\n<meta property=\"og:url\" content=\"https:\/\/sadenir.com.uy\/equilibrio\/shop\/perros\/edades-avanzadas\/senior-pequenos-pollo\/\" \/>\n<meta property=\"og:site_name\" content=\"Equilibrio\" \/>\n<meta property=\"article:publisher\" content=\"https:\/\/www.facebook.com\/equilibriouruguay\" \/>\n<meta property=\"article:modified_time\" content=\"2025-04-30T14:32:23+00:00\" \/>\n<meta property=\"og:image\" content=\"https:\/\/sadenir.com.uy\/equilibrio\/wp-content\/uploads\/sites\/2\/2025\/03\/EQUILIBRIO-CAES-RP-AD-SENIOR-FRANGO-8422-ESQUERDA.png\" \/>\n\t<meta property=\"og:image:width\" content=\"1100\" \/>\n\t<meta property=\"og:image:height\" content=\"1250\" \/>\n\t<meta property=\"og:image:type\" content=\"image\/png\" \/>\n<meta name=\"twitter:card\" content=\"summary_large_image\" \/>\n<meta name=\"twitter:label1\" content=\"Tiempo de lectura\" \/>\n\t<meta name=\"twitter:data1\" content=\"2 minutos\" \/>\n<script type=\"application\/ld+json\" class=\"yoast-schema-graph\">{\"@context\":\"https:\/\/schema.org\",\"@graph\":[{\"@type\":\"WebPage\",\"@id\":\"https:\/\/sadenir.com.uy\/equilibrio\/shop\/perros\/edades-avanzadas\/senior-pequenos-pollo\/\",\"url\":\"https:\/\/sadenir.com.uy\/equilibrio\/shop\/perros\/edades-avanzadas\/senior-pequenos-pollo\/\",\"name\":\"Senior Pollo Razas Peque\u00f1as - Equilibrio\",\"isPartOf\":{\"@id\":\"https:\/\/sadenir.com.uy\/equilibrio\/#website\"},\"primaryImageOfPage\":{\"@id\":\"https:\/\/sadenir.com.uy\/equilibrio\/shop\/perros\/edades-avanzadas\/senior-pequenos-pollo\/#primaryimage\"},\"image\":{\"@id\":\"https:\/\/sadenir.com.uy\/equilibrio\/shop\/perros\/edades-avanzadas\/senior-pequenos-pollo\/#primaryimage\"},\"thumbnailUrl\":\"https:\/\/sadenir.com.uy\/equilibrio\/wp-content\/uploads\/sites\/2\/2025\/03\/EQUILIBRIO-CAES-RP-AD-SENIOR-FRANGO-8422-ESQUERDA.png\",\"datePublished\":\"2025-04-27T21:52:45+00:00\",\"dateModified\":\"2025-04-30T14:32:23+00:00\",\"description\":\"Alimento para perros mayores de razas peque\u00f1as. Refuerza defensas, articulaciones y funciones vitales. Disponible en 1kg y 7,5kg.\",\"breadcrumb\":{\"@id\":\"https:\/\/sadenir.com.uy\/equilibrio\/shop\/perros\/edades-avanzadas\/senior-pequenos-pollo\/#breadcrumb\"},\"inLanguage\":\"es-AR\",\"potentialAction\":[{\"@type\":\"ReadAction\",\"target\":[\"https:\/\/sadenir.com.uy\/equilibrio\/shop\/perros\/edades-avanzadas\/senior-pequenos-pollo\/\"]}]},{\"@type\":\"ImageObject\",\"inLanguage\":\"es-AR\",\"@id\":\"https:\/\/sadenir.com.uy\/equilibrio\/shop\/perros\/edades-avanzadas\/senior-pequenos-pollo\/#primaryimage\",\"url\":\"https:\/\/sadenir.com.uy\/equilibrio\/wp-content\/uploads\/sites\/2\/2025\/03\/EQUILIBRIO-CAES-RP-AD-SENIOR-FRANGO-8422-ESQUERDA.png\",\"contentUrl\":\"https:\/\/sadenir.com.uy\/equilibrio\/wp-content\/uploads\/sites\/2\/2025\/03\/EQUILIBRIO-CAES-RP-AD-SENIOR-FRANGO-8422-ESQUERDA.png\",\"width\":1100,\"height\":1250},{\"@type\":\"BreadcrumbList\",\"@id\":\"https:\/\/sadenir.com.uy\/equilibrio\/shop\/perros\/edades-avanzadas\/senior-pequenos-pollo\/#breadcrumb\",\"itemListElement\":[{\"@type\":\"ListItem\",\"position\":1,\"name\":\"Inicio\",\"item\":\"https:\/\/sadenir.com.uy\/equilibrio\/\"},{\"@type\":\"ListItem\",\"position\":2,\"name\":\"Productos\",\"item\":\"https:\/\/sadenir.com.uy\/equilibrio\/productos\/\"},{\"@type\":\"ListItem\",\"position\":3,\"name\":\"Senior Pollo Razas Peque\u00f1as\"}]},{\"@type\":\"WebSite\",\"@id\":\"https:\/\/sadenir.com.uy\/equilibrio\/#website\",\"url\":\"https:\/\/sadenir.com.uy\/equilibrio\/\",\"name\":\"Equilibrio\",\"description\":\"Excelencia en nutrici\u00f3n\",\"publisher\":{\"@id\":\"https:\/\/sadenir.com.uy\/equilibrio\/#organization\"},\"potentialAction\":[{\"@type\":\"SearchAction\",\"target\":{\"@type\":\"EntryPoint\",\"urlTemplate\":\"https:\/\/sadenir.com.uy\/equilibrio\/?s={search_term_string}\"},\"query-input\":{\"@type\":\"PropertyValueSpecification\",\"valueRequired\":true,\"valueName\":\"search_term_string\"}}],\"inLanguage\":\"es-AR\"},{\"@type\":\"Organization\",\"@id\":\"https:\/\/sadenir.com.uy\/equilibrio\/#organization\",\"name\":\"Equilibrio\",\"url\":\"https:\/\/sadenir.com.uy\/equilibrio\/\",\"logo\":{\"@type\":\"ImageObject\",\"inLanguage\":\"es-AR\",\"@id\":\"https:\/\/sadenir.com.uy\/equilibrio\/#\/schema\/logo\/image\/\",\"url\":\"https:\/\/sadenir.com.uy\/equilibrio\/wp-content\/uploads\/sites\/2\/2024\/04\/LOGO-EQUILIBRIO.png\",\"contentUrl\":\"https:\/\/sadenir.com.uy\/equilibrio\/wp-content\/uploads\/sites\/2\/2024\/04\/LOGO-EQUILIBRIO.png\",\"width\":1592,\"height\":725,\"caption\":\"Equilibrio\"},\"image\":{\"@id\":\"https:\/\/sadenir.com.uy\/equilibrio\/#\/schema\/logo\/image\/\"},\"sameAs\":[\"https:\/\/www.facebook.com\/equilibriouruguay\",\"https:\/\/www.instagram.com\/equilibrio.uy\/\"]}]}<\/script>\n<!-- \/ Yoast SEO plugin. -->","yoast_head_json":{"title":"Senior Pollo Razas Peque\u00f1as - Equilibrio","description":"Alimento para perros mayores de razas peque\u00f1as. Refuerza defensas, articulaciones y funciones vitales. Disponible en 1kg y 7,5kg.","robots":{"index":"index","follow":"follow","max-snippet":"max-snippet:-1","max-image-preview":"max-image-preview:large","max-video-preview":"max-video-preview:-1"},"canonical":"https:\/\/sadenir.com.uy\/equilibrio\/shop\/perros\/edades-avanzadas\/senior-pequenos-pollo\/","og_locale":"es_ES","og_type":"article","og_title":"Senior Pollo Razas Peque\u00f1as - Equilibrio","og_description":"Alimento para perros mayores de razas peque\u00f1as. Refuerza defensas, articulaciones y funciones vitales. Disponible en 1kg y 7,5kg.","og_url":"https:\/\/sadenir.com.uy\/equilibrio\/shop\/perros\/edades-avanzadas\/senior-pequenos-pollo\/","og_site_name":"Equilibrio","article_publisher":"https:\/\/www.facebook.com\/equilibriouruguay","article_modified_time":"2025-04-30T14:32:23+00:00","og_image":[{"width":1100,"height":1250,"url":"https:\/\/sadenir.com.uy\/equilibrio\/wp-content\/uploads\/sites\/2\/2025\/03\/EQUILIBRIO-CAES-RP-AD-SENIOR-FRANGO-8422-ESQUERDA.png","type":"image\/png"}],"twitter_card":"summary_large_image","twitter_misc":{"Tiempo de lectura":"2 minutos"},"schema":{"@context":"https:\/\/schema.org","@graph":[{"@type":"WebPage","@id":"https:\/\/sadenir.com.uy\/equilibrio\/shop\/perros\/edades-avanzadas\/senior-pequenos-pollo\/","url":"https:\/\/sadenir.com.uy\/equilibrio\/shop\/perros\/edades-avanzadas\/senior-pequenos-pollo\/","name":"Senior Pollo Razas Peque\u00f1as - Equilibrio","isPartOf":{"@id":"https:\/\/sadenir.com.uy\/equilibrio\/#website"},"primaryImageOfPage":{"@id":"https:\/\/sadenir.com.uy\/equilibrio\/shop\/perros\/edades-avanzadas\/senior-pequenos-pollo\/#primaryimage"},"image":{"@id":"https:\/\/sadenir.com.uy\/equilibrio\/shop\/perros\/edades-avanzadas\/senior-pequenos-pollo\/#primaryimage"},"thumbnailUrl":"https:\/\/sadenir.com.uy\/equilibrio\/wp-content\/uploads\/sites\/2\/2025\/03\/EQUILIBRIO-CAES-RP-AD-SENIOR-FRANGO-8422-ESQUERDA.png","datePublished":"2025-04-27T21:52:45+00:00","dateModified":"2025-04-30T14:32:23+00:00","description":"Alimento para perros mayores de razas peque\u00f1as. Refuerza defensas, articulaciones y funciones vitales. Disponible en 1kg y 7,5kg.","breadcrumb":{"@id":"https:\/\/sadenir.com.uy\/equilibrio\/shop\/perros\/edades-avanzadas\/senior-pequenos-pollo\/#breadcrumb"},"inLanguage":"es-AR","potentialAction":[{"@type":"ReadAction","target":["https:\/\/sadenir.com.uy\/equilibrio\/shop\/perros\/edades-avanzadas\/senior-pequenos-pollo\/"]}]},{"@type":"ImageObject","inLanguage":"es-AR","@id":"https:\/\/sadenir.com.uy\/equilibrio\/shop\/perros\/edades-avanzadas\/senior-pequenos-pollo\/#primaryimage","url":"https:\/\/sadenir.com.uy\/equilibrio\/wp-content\/uploads\/sites\/2\/2025\/03\/EQUILIBRIO-CAES-RP-AD-SENIOR-FRANGO-8422-ESQUERDA.png","contentUrl":"https:\/\/sadenir.com.uy\/equilibrio\/wp-content\/uploads\/sites\/2\/2025\/03\/EQUILIBRIO-CAES-RP-AD-SENIOR-FRANGO-8422-ESQUERDA.png","width":1100,"height":1250},{"@type":"BreadcrumbList","@id":"https:\/\/sadenir.com.uy\/equilibrio\/shop\/perros\/edades-avanzadas\/senior-pequenos-pollo\/#breadcrumb","itemListElement":[{"@type":"ListItem","position":1,"name":"Inicio","item":"https:\/\/sadenir.com.uy\/equilibrio\/"},{"@type":"ListItem","position":2,"name":"Productos","item":"https:\/\/sadenir.com.uy\/equilibrio\/productos\/"},{"@type":"ListItem","position":3,"name":"Senior Pollo Razas Peque\u00f1as"}]},{"@type":"WebSite","@id":"https:\/\/sadenir.com.uy\/equilibrio\/#website","url":"https:\/\/sadenir.com.uy\/equilibrio\/","name":"Equilibrio","description":"Excelencia en nutrici\u00f3n","publisher":{"@id":"https:\/\/sadenir.com.uy\/equilibrio\/#organization"},"potentialAction":[{"@type":"SearchAction","target":{"@type":"EntryPoint","urlTemplate":"https:\/\/sadenir.com.uy\/equilibrio\/?s={search_term_string}"},"query-input":{"@type":"PropertyValueSpecification","valueRequired":true,"valueName":"search_term_string"}}],"inLanguage":"es-AR"},{"@type":"Organization","@id":"https:\/\/sadenir.com.uy\/equilibrio\/#organization","name":"Equilibrio","url":"https:\/\/sadenir.com.uy\/equilibrio\/","logo":{"@type":"ImageObject","inLanguage":"es-AR","@id":"https:\/\/sadenir.com.uy\/equilibrio\/#\/schema\/logo\/image\/","url":"https:\/\/sadenir.com.uy\/equilibrio\/wp-content\/uploads\/sites\/2\/2024\/04\/LOGO-EQUILIBRIO.png","contentUrl":"https:\/\/sadenir.com.uy\/equilibrio\/wp-content\/uploads\/sites\/2\/2024\/04\/LOGO-EQUILIBRIO.png","width":1592,"height":725,"caption":"Equilibrio"},"image":{"@id":"https:\/\/sadenir.com.uy\/equilibrio\/#\/schema\/logo\/image\/"},"sameAs":["https:\/\/www.facebook.com\/equilibriouruguay","https:\/\/www.instagram.com\/equilibrio.uy\/"]}]}},"_links":{"self":[{"href":"https:\/\/sadenir.com.uy\/equilibrio\/wp-json\/wp\/v2\/product\/8201","targetHints":{"allow":["GET"]}}],"collection":[{"href":"https:\/\/sadenir.com.uy\/equilibrio\/wp-json\/wp\/v2\/product"}],"about":[{"href":"https:\/\/sadenir.com.uy\/equilibrio\/wp-json\/wp\/v2\/types\/product"}],"wp:featuredmedia":[{"embeddable":true,"href":"https:\/\/sadenir.com.uy\/equilibrio\/wp-json\/wp\/v2\/media\/8141"}],"wp:attachment":[{"href":"https:\/\/sadenir.com.uy\/equilibrio\/wp-json\/wp\/v2\/media?parent=8201"}],"wp:term":[{"taxonomy":"product_brand","embeddable":true,"href":"https:\/\/sadenir.com.uy\/equilibrio\/wp-json\/wp\/v2\/product_brand?post=8201"},{"taxonomy":"product_cat","embeddable":true,"href":"https:\/\/sadenir.com.uy\/equilibrio\/wp-json\/wp\/v2\/product_cat?post=8201"},{"taxonomy":"product_tag","embeddable":true,"href":"https:\/\/sadenir.com.uy\/equilibrio\/wp-json\/wp\/v2\/product_tag?post=8201"}],"curies":[{"name":"wp","href":"https:\/\/api.w.org\/{rel}","templated":true}]}}