{"id":8206,"date":"2025-04-27T21:52:45","date_gmt":"2025-04-27T21:52:45","guid":{"rendered":"https:\/\/sadenir.com.uy\/equilibrio\/shop\/sin%20categor\u00eda\/light-pollo-2\/"},"modified":"2025-04-30T14:09:37","modified_gmt":"2025-04-30T14:09:37","slug":"light-pollo-2","status":"publish","type":"product","link":"https:\/\/sadenir.com.uy\/equilibrio\/shop\/perros\/adultos\/light-pollo-2\/","title":{"rendered":"Adultos Medianos Light Pollo"},"content":{"rendered":"<h4 class=\"\" data-start=\"2443\" data-end=\"2474\"><strong data-start=\"2451\" data-end=\"2474\">Composici\u00f3n B\u00e1sica:<\/strong><\/h4>\n<p>Carne mec\u00e1nicamente separada de aves, Harina de v\u00edsceras de aves, Harina de peces, Aceite de<br \/>\naves, Aceite de pescado refinado blanqueado y desodorizado, Sulfato de condroitina, Sulfato de glucosamina, Grano dema\u00edz, Salvado de gluten de ma\u00edz 60, DDGS &#8211; residuo seco de destiler\u00eda con solubles (ma\u00edz), Grano de linaza, Pulpa de remolacha, Salvado de soja, Grano de sorgo, Fibra de ca\u00f1a de az\u00facar, Cloruro de sodio, Hexametafosfato de sodio, Carbonato de calcio, Cloruro de potasio, Extracto de yuca, L-Carnitina, Aditivo prebi\u00f3tico (Pared celular de levadura &#8211; Fuente de Manano-oligosac\u00e1ridos y Betaglucanos), Aditivo probi\u00f3tico, Hidrolizado de h\u00edgado de aves, Extracto de romero, Concentrado de tocoferoles, \u00c1cido propi\u00f3nico, Cloruro de colina, Premezcla vitam\u00ednica mineral.<strong data-start=\"1422\" data-end=\"1446\"><a href=\"https:\/\/sadenir.com.uy\/equilibrio\/wp-content\/uploads\/sites\/2\/2025\/04\/Screenshot-2025-04-07-134348.png\"><img fetchpriority=\"high\" decoding=\"async\" class=\"alignright wp-image-8217 size-full\" src=\"https:\/\/sadenir.com.uy\/equilibrio\/wp-content\/uploads\/sites\/2\/2025\/04\/Screenshot-2025-04-07-134348.png\" alt=\"\" width=\"718\" height=\"469\" srcset=\"https:\/\/sadenir.com.uy\/equilibrio\/wp-content\/uploads\/sites\/2\/2025\/04\/Screenshot-2025-04-07-134348.png 718w, https:\/\/sadenir.com.uy\/equilibrio\/wp-content\/uploads\/sites\/2\/2025\/04\/Screenshot-2025-04-07-134348-300x196.png 300w\" sizes=\"(max-width: 718px) 100vw, 718px\" \/><\/a><\/strong><\/p>\n<p><strong> An\u00e1lisis Nutricional<\/strong>: Humedad (m\u00e1x) 11 %, Prote\u00edna Cruda (m\u00edn) 28 %, Grasa Cruda (m\u00edn) 8 %, Fibra Cruda (m\u00e1x) 6 %,<br \/>\nCenizas (m\u00e1x) 7 %, Calcio (m\u00e1x) 1,4 %, F\u00f3sforo (m\u00edn) 0,6 %, Energ\u00eda metabolizable 3477 kcal\/kg.<\/p>\n<p><strong> Posibles Sustitutos<\/strong>: Carne de aves, Carne deshidratada de aves, Aceite de pescados, Propionato de calcio, Propionato de amonio, Hidrolizado de carne de aves e h\u00edgado de aves.<\/p>\n<p><strong>Enriquecimiento por Kilogramo del Producto<\/strong>: Vitamina A (18000 U.I.), Vitamina D3 (2100 U.I.), Vitamina E (600 U.I.), Vitamina K3 (1,7 mg), Vitamina B1 (20 mg), Vitamina B2 (20 mg), Vitamina B3 (70 mg), Vitamina B5 (23 mg), Vitamina B6 (15 mg), Vitamina B9 (1,7 mg), Vitamina B7 (1,5 mg), Vitamina B12 (230 mcg), Vitamina C (200 mg), Colina (1360 mg), Hierro (200 mg), Cobre (17,25 mg), Manganeso (80 mg), Zinc (230 mg), Yodo (3 mg), Selenio (0,43 mg), Sodio (2 g), Potasio (5 g), Manano-oligosac\u00e1ridos (120 mg), Betaglucanos (800 mg), \u00c1cido linol\u00e9nico (2500 mg), \u00c1cido linoleico (12 g), Carnitina (250 mg), Probi\u00f3tico (1000 mg).<\/p>\n","protected":false},"excerpt":{"rendered":"<p>Equilibrio Adultos Light con Pollo para razas medianas es un alimento completo y balanceado para perros adultos de 10 a 25 kg. Su f\u00f3rmula ayuda al control del peso gracias a su bajo contenido cal\u00f3rico, fibras y L-carnitina. Refuerza las articulaciones sobrecargadas por el exceso de peso y mejora la salud digestiva con una exclusiva combinaci\u00f3n de fibra natural, prebi\u00f3ticos y probi\u00f3ticos.<\/p>\n<p>Ideal para perros medianos que necesitan mantener un peso saludable.<\/p>\n<p>Presentaciones disponibles: 2,5 kg y 12 kg<br \/>\nIndicaci\u00f3n: Alimento completo para perros adultos<\/p>\n","protected":false},"featured_media":8129,"template":"","meta":{"pgc_sgb_lightbox_settings":""},"product_brand":[],"product_cat":[60,63,43],"product_tag":[122],"class_list":{"0":"post-8206","1":"product","2":"type-product","3":"status-publish","4":"has-post-thumbnail","6":"product_cat-adultos","7":"product_cat-medianos","8":"product_cat-perros","9":"product_tag-adultos","11":"first","12":"instock","13":"shipping-taxable","14":"product-type-simple"},"yoast_head":"<!-- This site is optimized with the Yoast SEO plugin v26.1.1 - https:\/\/yoast.com\/wordpress\/plugins\/seo\/ -->\n<title>Adultos Medianos Light Pollo - Equilibrio<\/title>\n<meta name=\"description\" content=\"Alimento light con pollo para perros medianos equilibrio. Con L-carnitina, fibras y soporte articular. En 2,5kg y 12kg.\" \/>\n<meta name=\"robots\" content=\"index, follow, max-snippet:-1, max-image-preview:large, max-video-preview:-1\" \/>\n<link rel=\"canonical\" href=\"https:\/\/sadenir.com.uy\/equilibrio\/shop\/perros\/adultos\/light-pollo-2\/\" \/>\n<meta property=\"og:locale\" content=\"es_ES\" \/>\n<meta property=\"og:type\" content=\"article\" \/>\n<meta property=\"og:title\" content=\"Adultos Medianos Light Pollo - Equilibrio\" \/>\n<meta property=\"og:description\" content=\"Alimento light con pollo para perros medianos equilibrio. Con L-carnitina, fibras y soporte articular. En 2,5kg y 12kg.\" \/>\n<meta property=\"og:url\" content=\"https:\/\/sadenir.com.uy\/equilibrio\/shop\/perros\/adultos\/light-pollo-2\/\" \/>\n<meta property=\"og:site_name\" content=\"Equilibrio\" \/>\n<meta property=\"article:publisher\" content=\"https:\/\/www.facebook.com\/equilibriouruguay\" \/>\n<meta property=\"article:modified_time\" content=\"2025-04-30T14:09:37+00:00\" \/>\n<meta property=\"og:image\" content=\"https:\/\/sadenir.com.uy\/equilibrio\/wp-content\/uploads\/sites\/2\/2025\/03\/EQUILIBRIO-CAES-RM-LIGHT-FRANGO-8031-ESQUERDA.png\" \/>\n\t<meta property=\"og:image:width\" content=\"1100\" \/>\n\t<meta property=\"og:image:height\" content=\"1250\" \/>\n\t<meta property=\"og:image:type\" content=\"image\/png\" \/>\n<meta name=\"twitter:card\" content=\"summary_large_image\" \/>\n<meta name=\"twitter:label1\" content=\"Tiempo de lectura\" \/>\n\t<meta name=\"twitter:data1\" content=\"2 minutos\" \/>\n<script type=\"application\/ld+json\" class=\"yoast-schema-graph\">{\"@context\":\"https:\/\/schema.org\",\"@graph\":[{\"@type\":\"WebPage\",\"@id\":\"https:\/\/sadenir.com.uy\/equilibrio\/shop\/perros\/adultos\/light-pollo-2\/\",\"url\":\"https:\/\/sadenir.com.uy\/equilibrio\/shop\/perros\/adultos\/light-pollo-2\/\",\"name\":\"Adultos Medianos Light Pollo - Equilibrio\",\"isPartOf\":{\"@id\":\"https:\/\/sadenir.com.uy\/equilibrio\/#website\"},\"primaryImageOfPage\":{\"@id\":\"https:\/\/sadenir.com.uy\/equilibrio\/shop\/perros\/adultos\/light-pollo-2\/#primaryimage\"},\"image\":{\"@id\":\"https:\/\/sadenir.com.uy\/equilibrio\/shop\/perros\/adultos\/light-pollo-2\/#primaryimage\"},\"thumbnailUrl\":\"https:\/\/sadenir.com.uy\/equilibrio\/wp-content\/uploads\/sites\/2\/2025\/03\/EQUILIBRIO-CAES-RM-LIGHT-FRANGO-8031-ESQUERDA.png\",\"datePublished\":\"2025-04-27T21:52:45+00:00\",\"dateModified\":\"2025-04-30T14:09:37+00:00\",\"description\":\"Alimento light con pollo para perros medianos equilibrio. Con L-carnitina, fibras y soporte articular. En 2,5kg y 12kg.\",\"breadcrumb\":{\"@id\":\"https:\/\/sadenir.com.uy\/equilibrio\/shop\/perros\/adultos\/light-pollo-2\/#breadcrumb\"},\"inLanguage\":\"es-AR\",\"potentialAction\":[{\"@type\":\"ReadAction\",\"target\":[\"https:\/\/sadenir.com.uy\/equilibrio\/shop\/perros\/adultos\/light-pollo-2\/\"]}]},{\"@type\":\"ImageObject\",\"inLanguage\":\"es-AR\",\"@id\":\"https:\/\/sadenir.com.uy\/equilibrio\/shop\/perros\/adultos\/light-pollo-2\/#primaryimage\",\"url\":\"https:\/\/sadenir.com.uy\/equilibrio\/wp-content\/uploads\/sites\/2\/2025\/03\/EQUILIBRIO-CAES-RM-LIGHT-FRANGO-8031-ESQUERDA.png\",\"contentUrl\":\"https:\/\/sadenir.com.uy\/equilibrio\/wp-content\/uploads\/sites\/2\/2025\/03\/EQUILIBRIO-CAES-RM-LIGHT-FRANGO-8031-ESQUERDA.png\",\"width\":1100,\"height\":1250},{\"@type\":\"BreadcrumbList\",\"@id\":\"https:\/\/sadenir.com.uy\/equilibrio\/shop\/perros\/adultos\/light-pollo-2\/#breadcrumb\",\"itemListElement\":[{\"@type\":\"ListItem\",\"position\":1,\"name\":\"Inicio\",\"item\":\"https:\/\/sadenir.com.uy\/equilibrio\/\"},{\"@type\":\"ListItem\",\"position\":2,\"name\":\"Productos\",\"item\":\"https:\/\/sadenir.com.uy\/equilibrio\/productos\/\"},{\"@type\":\"ListItem\",\"position\":3,\"name\":\"Adultos Medianos Light Pollo\"}]},{\"@type\":\"WebSite\",\"@id\":\"https:\/\/sadenir.com.uy\/equilibrio\/#website\",\"url\":\"https:\/\/sadenir.com.uy\/equilibrio\/\",\"name\":\"Equilibrio\",\"description\":\"Excelencia en nutrici\u00f3n\",\"publisher\":{\"@id\":\"https:\/\/sadenir.com.uy\/equilibrio\/#organization\"},\"potentialAction\":[{\"@type\":\"SearchAction\",\"target\":{\"@type\":\"EntryPoint\",\"urlTemplate\":\"https:\/\/sadenir.com.uy\/equilibrio\/?s={search_term_string}\"},\"query-input\":{\"@type\":\"PropertyValueSpecification\",\"valueRequired\":true,\"valueName\":\"search_term_string\"}}],\"inLanguage\":\"es-AR\"},{\"@type\":\"Organization\",\"@id\":\"https:\/\/sadenir.com.uy\/equilibrio\/#organization\",\"name\":\"Equilibrio\",\"url\":\"https:\/\/sadenir.com.uy\/equilibrio\/\",\"logo\":{\"@type\":\"ImageObject\",\"inLanguage\":\"es-AR\",\"@id\":\"https:\/\/sadenir.com.uy\/equilibrio\/#\/schema\/logo\/image\/\",\"url\":\"https:\/\/sadenir.com.uy\/equilibrio\/wp-content\/uploads\/sites\/2\/2024\/04\/LOGO-EQUILIBRIO.png\",\"contentUrl\":\"https:\/\/sadenir.com.uy\/equilibrio\/wp-content\/uploads\/sites\/2\/2024\/04\/LOGO-EQUILIBRIO.png\",\"width\":1592,\"height\":725,\"caption\":\"Equilibrio\"},\"image\":{\"@id\":\"https:\/\/sadenir.com.uy\/equilibrio\/#\/schema\/logo\/image\/\"},\"sameAs\":[\"https:\/\/www.facebook.com\/equilibriouruguay\",\"https:\/\/www.instagram.com\/equilibrio.uy\/\"]}]}<\/script>\n<!-- \/ Yoast SEO plugin. -->","yoast_head_json":{"title":"Adultos Medianos Light Pollo - Equilibrio","description":"Alimento light con pollo para perros medianos equilibrio. Con L-carnitina, fibras y soporte articular. En 2,5kg y 12kg.","robots":{"index":"index","follow":"follow","max-snippet":"max-snippet:-1","max-image-preview":"max-image-preview:large","max-video-preview":"max-video-preview:-1"},"canonical":"https:\/\/sadenir.com.uy\/equilibrio\/shop\/perros\/adultos\/light-pollo-2\/","og_locale":"es_ES","og_type":"article","og_title":"Adultos Medianos Light Pollo - Equilibrio","og_description":"Alimento light con pollo para perros medianos equilibrio. Con L-carnitina, fibras y soporte articular. En 2,5kg y 12kg.","og_url":"https:\/\/sadenir.com.uy\/equilibrio\/shop\/perros\/adultos\/light-pollo-2\/","og_site_name":"Equilibrio","article_publisher":"https:\/\/www.facebook.com\/equilibriouruguay","article_modified_time":"2025-04-30T14:09:37+00:00","og_image":[{"width":1100,"height":1250,"url":"https:\/\/sadenir.com.uy\/equilibrio\/wp-content\/uploads\/sites\/2\/2025\/03\/EQUILIBRIO-CAES-RM-LIGHT-FRANGO-8031-ESQUERDA.png","type":"image\/png"}],"twitter_card":"summary_large_image","twitter_misc":{"Tiempo de lectura":"2 minutos"},"schema":{"@context":"https:\/\/schema.org","@graph":[{"@type":"WebPage","@id":"https:\/\/sadenir.com.uy\/equilibrio\/shop\/perros\/adultos\/light-pollo-2\/","url":"https:\/\/sadenir.com.uy\/equilibrio\/shop\/perros\/adultos\/light-pollo-2\/","name":"Adultos Medianos Light Pollo - Equilibrio","isPartOf":{"@id":"https:\/\/sadenir.com.uy\/equilibrio\/#website"},"primaryImageOfPage":{"@id":"https:\/\/sadenir.com.uy\/equilibrio\/shop\/perros\/adultos\/light-pollo-2\/#primaryimage"},"image":{"@id":"https:\/\/sadenir.com.uy\/equilibrio\/shop\/perros\/adultos\/light-pollo-2\/#primaryimage"},"thumbnailUrl":"https:\/\/sadenir.com.uy\/equilibrio\/wp-content\/uploads\/sites\/2\/2025\/03\/EQUILIBRIO-CAES-RM-LIGHT-FRANGO-8031-ESQUERDA.png","datePublished":"2025-04-27T21:52:45+00:00","dateModified":"2025-04-30T14:09:37+00:00","description":"Alimento light con pollo para perros medianos equilibrio. Con L-carnitina, fibras y soporte articular. En 2,5kg y 12kg.","breadcrumb":{"@id":"https:\/\/sadenir.com.uy\/equilibrio\/shop\/perros\/adultos\/light-pollo-2\/#breadcrumb"},"inLanguage":"es-AR","potentialAction":[{"@type":"ReadAction","target":["https:\/\/sadenir.com.uy\/equilibrio\/shop\/perros\/adultos\/light-pollo-2\/"]}]},{"@type":"ImageObject","inLanguage":"es-AR","@id":"https:\/\/sadenir.com.uy\/equilibrio\/shop\/perros\/adultos\/light-pollo-2\/#primaryimage","url":"https:\/\/sadenir.com.uy\/equilibrio\/wp-content\/uploads\/sites\/2\/2025\/03\/EQUILIBRIO-CAES-RM-LIGHT-FRANGO-8031-ESQUERDA.png","contentUrl":"https:\/\/sadenir.com.uy\/equilibrio\/wp-content\/uploads\/sites\/2\/2025\/03\/EQUILIBRIO-CAES-RM-LIGHT-FRANGO-8031-ESQUERDA.png","width":1100,"height":1250},{"@type":"BreadcrumbList","@id":"https:\/\/sadenir.com.uy\/equilibrio\/shop\/perros\/adultos\/light-pollo-2\/#breadcrumb","itemListElement":[{"@type":"ListItem","position":1,"name":"Inicio","item":"https:\/\/sadenir.com.uy\/equilibrio\/"},{"@type":"ListItem","position":2,"name":"Productos","item":"https:\/\/sadenir.com.uy\/equilibrio\/productos\/"},{"@type":"ListItem","position":3,"name":"Adultos Medianos Light Pollo"}]},{"@type":"WebSite","@id":"https:\/\/sadenir.com.uy\/equilibrio\/#website","url":"https:\/\/sadenir.com.uy\/equilibrio\/","name":"Equilibrio","description":"Excelencia en nutrici\u00f3n","publisher":{"@id":"https:\/\/sadenir.com.uy\/equilibrio\/#organization"},"potentialAction":[{"@type":"SearchAction","target":{"@type":"EntryPoint","urlTemplate":"https:\/\/sadenir.com.uy\/equilibrio\/?s={search_term_string}"},"query-input":{"@type":"PropertyValueSpecification","valueRequired":true,"valueName":"search_term_string"}}],"inLanguage":"es-AR"},{"@type":"Organization","@id":"https:\/\/sadenir.com.uy\/equilibrio\/#organization","name":"Equilibrio","url":"https:\/\/sadenir.com.uy\/equilibrio\/","logo":{"@type":"ImageObject","inLanguage":"es-AR","@id":"https:\/\/sadenir.com.uy\/equilibrio\/#\/schema\/logo\/image\/","url":"https:\/\/sadenir.com.uy\/equilibrio\/wp-content\/uploads\/sites\/2\/2024\/04\/LOGO-EQUILIBRIO.png","contentUrl":"https:\/\/sadenir.com.uy\/equilibrio\/wp-content\/uploads\/sites\/2\/2024\/04\/LOGO-EQUILIBRIO.png","width":1592,"height":725,"caption":"Equilibrio"},"image":{"@id":"https:\/\/sadenir.com.uy\/equilibrio\/#\/schema\/logo\/image\/"},"sameAs":["https:\/\/www.facebook.com\/equilibriouruguay","https:\/\/www.instagram.com\/equilibrio.uy\/"]}]}},"_links":{"self":[{"href":"https:\/\/sadenir.com.uy\/equilibrio\/wp-json\/wp\/v2\/product\/8206","targetHints":{"allow":["GET"]}}],"collection":[{"href":"https:\/\/sadenir.com.uy\/equilibrio\/wp-json\/wp\/v2\/product"}],"about":[{"href":"https:\/\/sadenir.com.uy\/equilibrio\/wp-json\/wp\/v2\/types\/product"}],"wp:featuredmedia":[{"embeddable":true,"href":"https:\/\/sadenir.com.uy\/equilibrio\/wp-json\/wp\/v2\/media\/8129"}],"wp:attachment":[{"href":"https:\/\/sadenir.com.uy\/equilibrio\/wp-json\/wp\/v2\/media?parent=8206"}],"wp:term":[{"taxonomy":"product_brand","embeddable":true,"href":"https:\/\/sadenir.com.uy\/equilibrio\/wp-json\/wp\/v2\/product_brand?post=8206"},{"taxonomy":"product_cat","embeddable":true,"href":"https:\/\/sadenir.com.uy\/equilibrio\/wp-json\/wp\/v2\/product_cat?post=8206"},{"taxonomy":"product_tag","embeddable":true,"href":"https:\/\/sadenir.com.uy\/equilibrio\/wp-json\/wp\/v2\/product_tag?post=8206"}],"curies":[{"name":"wp","href":"https:\/\/api.w.org\/{rel}","templated":true}]}}