{"id":8208,"date":"2025-04-27T21:52:45","date_gmt":"2025-04-27T21:52:45","guid":{"rendered":"https:\/\/sadenir.com.uy\/equilibrio\/shop\/sin%20categor\u00eda\/senior-pollo-2\/"},"modified":"2025-04-30T14:17:40","modified_gmt":"2025-04-30T14:17:40","slug":"senior-medianos-pollo","status":"publish","type":"product","link":"https:\/\/sadenir.com.uy\/equilibrio\/shop\/perros\/adultos\/senior-medianos-pollo\/","title":{"rendered":"Adultos Senior Pollo"},"content":{"rendered":"<p>&nbsp;<\/p>\n<h4 class=\"\" data-start=\"185\" data-end=\"214\"><strong data-start=\"190\" data-end=\"212\">Composici\u00f3n B\u00e1sica<\/strong><\/h4>\n<p class=\"\" data-start=\"215\" data-end=\"955\">Carne mec\u00e1nicamente separada de aves, harina de v\u00edsceras de aves, harina de peces, aceite de aves, aceite de pescado refinado blanqueado y desodorizado, sulfato de condroitina, sulfato de glucosamina, grano de ma\u00edz, salvado de gluten de ma\u00edz 60, grano de linaza, pulpa de remolacha, salvado de soja, grano de sorgo, biomasa de microalgas (Schizochytrium sp.), cloruro de sodio, hexametafosfato de sodio, cloruro de potasio, extracto de yuca, DL-metionina, taurina, L-carnitina, aditivo prebi\u00f3tico (pared celular de levadura &#8211; fuente de manano-oligosac\u00e1ridos y betaglucanos), aditivo probi\u00f3tico, hidrolizado de h\u00edgado de aves, extracto de romero, concentrado de tocoferoles, \u00e1cido propi\u00f3nico, cloruro de colina, premezcla vitam\u00ednica mineral.<\/p>\n<h4 class=\"\" data-start=\"957\" data-end=\"988\"><strong data-start=\"962\" data-end=\"986\">An\u00e1lisis Nutricional<a href=\"https:\/\/sadenir.com.uy\/equilibrio\/wp-content\/uploads\/sites\/2\/2025\/04\/Screenshot-2025-04-07-171911.png\"><img fetchpriority=\"high\" decoding=\"async\" class=\"alignright wp-image-8222 size-full\" src=\"https:\/\/sadenir.com.uy\/equilibrio\/wp-content\/uploads\/sites\/2\/2025\/04\/Screenshot-2025-04-07-171911.png\" alt=\"\" width=\"494\" height=\"320\" srcset=\"https:\/\/sadenir.com.uy\/equilibrio\/wp-content\/uploads\/sites\/2\/2025\/04\/Screenshot-2025-04-07-171911.png 494w, https:\/\/sadenir.com.uy\/equilibrio\/wp-content\/uploads\/sites\/2\/2025\/04\/Screenshot-2025-04-07-171911-300x194.png 300w\" sizes=\"(max-width: 494px) 100vw, 494px\" \/><\/a><\/strong><\/h4>\n<p class=\"\" data-start=\"989\" data-end=\"1181\">Humedad (m\u00e1x) 11 %, prote\u00edna cruda (m\u00edn) 26 %, grasa cruda (m\u00edn) 12 %, fibra cruda (m\u00e1x) 3,5 %, cenizas (m\u00e1x) 6 %, calcio (m\u00e1x) 1,3 %, f\u00f3sforo (m\u00edn) 0,45 %, energ\u00eda metabolizable 3765 kcal\/kg.<\/p>\n<h4 class=\"\" data-start=\"1183\" data-end=\"1223\"><strong data-start=\"1188\" data-end=\"1221\">Enriquecimiento por Kilogramo<\/strong><\/h4>\n<p class=\"\" data-start=\"1224\" data-end=\"1807\">Vitamina A 18.000 U.I., vitamina D3 2.100 U.I., vitamina E 600 U.I., vitamina K3 1,2 mg, vitamina B1 20 mg, vitamina B2 20 mg, vitamina B3 70 mg, vitamina B5 23 mg, vitamina B6 15 mg, vitamina B9 1,7 mg, vitamina B7 1,5 mg, vitamina B12 230 mcg, vitamina C 200 mg, colina 1360 mg, hierro 200 mg, cobre 17,25 mg, manganeso 80 mg, zinc 230 mg, yodo 3 mg, selenio 0,43 mg, sodio 1,8 g, potasio 5,5 g, manano-oligosac\u00e1ridos 240 mg, betaglucanos 800 mg, \u00e1cido linol\u00e9nico 3500 mg, \u00e1cido linoleico 20 g, metionina 7200 mg, taurina 1800 mg, carnitina 300 mg, DHA 1900 mg, probi\u00f3tico 1000 mg.<\/p>\n<h4 class=\"\" data-start=\"1809\" data-end=\"1839\"><strong data-start=\"1814\" data-end=\"1837\">Posibles Sustitutos<\/strong><\/h4>\n<p class=\"\" data-start=\"1840\" data-end=\"1993\">Carne de aves, carne deshidratada de aves, aceite de pescados, propionato de calcio, propionato de amonio, hidrolizado de carne de aves e h\u00edgado de aves.<\/p>\n<p>&nbsp;<\/p>\n","protected":false},"excerpt":{"rendered":"<p>Equilibrio Senior Pollo para razas medianas es un alimento completo y balanceado, especialmente dise\u00f1ado para perros mayores de 10 a 25 kg. Refuerza articulaciones debilitadas y ayuda a mantener la funci\u00f3n renal y card\u00edaca. Adem\u00e1s, contiene antioxidantes para fortalecer las defensas y una combinaci\u00f3n de fibra, prebi\u00f3ticos y probi\u00f3ticos para una digesti\u00f3n \u00f3ptima.<\/p>\n<p>Ideal para acompa\u00f1ar el envejecimiento saludable de tu compa\u00f1ero.<\/p>\n<p>Presentaciones disponibles: 2,5 kg y 12 kg<br \/>\nIndicaci\u00f3n: Alimento completo para perros adultos mayores<\/p>\n","protected":false},"featured_media":8132,"template":"","meta":{"pgc_sgb_lightbox_settings":""},"product_brand":[],"product_cat":[60,61,63,43],"product_tag":[122],"class_list":{"0":"post-8208","1":"product","2":"type-product","3":"status-publish","4":"has-post-thumbnail","6":"product_cat-adultos","7":"product_cat-edades-avanzadas","8":"product_cat-medianos","9":"product_cat-perros","10":"product_tag-adultos","12":"first","13":"instock","14":"shipping-taxable","15":"product-type-simple"},"yoast_head":"<!-- This site is optimized with the Yoast SEO plugin v26.1.1 - https:\/\/yoast.com\/wordpress\/plugins\/seo\/ -->\n<title>Adultos Senior Pollo - Equilibrio<\/title>\n<meta name=\"description\" content=\"Especial para perros senior medianos. Cuida articulaciones, defensas y salud renal. Disponible en 2,5kg y 12kg.\" \/>\n<meta name=\"robots\" content=\"index, follow, max-snippet:-1, max-image-preview:large, max-video-preview:-1\" \/>\n<link rel=\"canonical\" href=\"https:\/\/sadenir.com.uy\/equilibrio\/shop\/perros\/adultos\/senior-medianos-pollo\/\" \/>\n<meta property=\"og:locale\" content=\"es_ES\" \/>\n<meta property=\"og:type\" content=\"article\" \/>\n<meta property=\"og:title\" content=\"Adultos Senior Pollo - Equilibrio\" \/>\n<meta property=\"og:description\" content=\"Especial para perros senior medianos. Cuida articulaciones, defensas y salud renal. Disponible en 2,5kg y 12kg.\" \/>\n<meta property=\"og:url\" content=\"https:\/\/sadenir.com.uy\/equilibrio\/shop\/perros\/adultos\/senior-medianos-pollo\/\" \/>\n<meta property=\"og:site_name\" content=\"Equilibrio\" \/>\n<meta property=\"article:publisher\" content=\"https:\/\/www.facebook.com\/equilibriouruguay\" \/>\n<meta property=\"article:modified_time\" content=\"2025-04-30T14:17:40+00:00\" \/>\n<meta property=\"og:image\" content=\"https:\/\/sadenir.com.uy\/equilibrio\/wp-content\/uploads\/sites\/2\/2025\/03\/EQUILIBRIO-CAES-RM-SENIOR-FRANGO-8028-ESQUERDA.png\" \/>\n\t<meta property=\"og:image:width\" content=\"1100\" \/>\n\t<meta property=\"og:image:height\" content=\"1250\" \/>\n\t<meta property=\"og:image:type\" content=\"image\/png\" \/>\n<meta name=\"twitter:card\" content=\"summary_large_image\" \/>\n<meta name=\"twitter:label1\" content=\"Tiempo de lectura\" \/>\n\t<meta name=\"twitter:data1\" content=\"2 minutos\" \/>\n<script type=\"application\/ld+json\" class=\"yoast-schema-graph\">{\"@context\":\"https:\/\/schema.org\",\"@graph\":[{\"@type\":\"WebPage\",\"@id\":\"https:\/\/sadenir.com.uy\/equilibrio\/shop\/perros\/adultos\/senior-medianos-pollo\/\",\"url\":\"https:\/\/sadenir.com.uy\/equilibrio\/shop\/perros\/adultos\/senior-medianos-pollo\/\",\"name\":\"Adultos Senior Pollo - Equilibrio\",\"isPartOf\":{\"@id\":\"https:\/\/sadenir.com.uy\/equilibrio\/#website\"},\"primaryImageOfPage\":{\"@id\":\"https:\/\/sadenir.com.uy\/equilibrio\/shop\/perros\/adultos\/senior-medianos-pollo\/#primaryimage\"},\"image\":{\"@id\":\"https:\/\/sadenir.com.uy\/equilibrio\/shop\/perros\/adultos\/senior-medianos-pollo\/#primaryimage\"},\"thumbnailUrl\":\"https:\/\/sadenir.com.uy\/equilibrio\/wp-content\/uploads\/sites\/2\/2025\/03\/EQUILIBRIO-CAES-RM-SENIOR-FRANGO-8028-ESQUERDA.png\",\"datePublished\":\"2025-04-27T21:52:45+00:00\",\"dateModified\":\"2025-04-30T14:17:40+00:00\",\"description\":\"Especial para perros senior medianos. Cuida articulaciones, defensas y salud renal. Disponible en 2,5kg y 12kg.\",\"breadcrumb\":{\"@id\":\"https:\/\/sadenir.com.uy\/equilibrio\/shop\/perros\/adultos\/senior-medianos-pollo\/#breadcrumb\"},\"inLanguage\":\"es-AR\",\"potentialAction\":[{\"@type\":\"ReadAction\",\"target\":[\"https:\/\/sadenir.com.uy\/equilibrio\/shop\/perros\/adultos\/senior-medianos-pollo\/\"]}]},{\"@type\":\"ImageObject\",\"inLanguage\":\"es-AR\",\"@id\":\"https:\/\/sadenir.com.uy\/equilibrio\/shop\/perros\/adultos\/senior-medianos-pollo\/#primaryimage\",\"url\":\"https:\/\/sadenir.com.uy\/equilibrio\/wp-content\/uploads\/sites\/2\/2025\/03\/EQUILIBRIO-CAES-RM-SENIOR-FRANGO-8028-ESQUERDA.png\",\"contentUrl\":\"https:\/\/sadenir.com.uy\/equilibrio\/wp-content\/uploads\/sites\/2\/2025\/03\/EQUILIBRIO-CAES-RM-SENIOR-FRANGO-8028-ESQUERDA.png\",\"width\":1100,\"height\":1250},{\"@type\":\"BreadcrumbList\",\"@id\":\"https:\/\/sadenir.com.uy\/equilibrio\/shop\/perros\/adultos\/senior-medianos-pollo\/#breadcrumb\",\"itemListElement\":[{\"@type\":\"ListItem\",\"position\":1,\"name\":\"Inicio\",\"item\":\"https:\/\/sadenir.com.uy\/equilibrio\/\"},{\"@type\":\"ListItem\",\"position\":2,\"name\":\"Productos\",\"item\":\"https:\/\/sadenir.com.uy\/equilibrio\/productos\/\"},{\"@type\":\"ListItem\",\"position\":3,\"name\":\"Adultos Senior Pollo\"}]},{\"@type\":\"WebSite\",\"@id\":\"https:\/\/sadenir.com.uy\/equilibrio\/#website\",\"url\":\"https:\/\/sadenir.com.uy\/equilibrio\/\",\"name\":\"Equilibrio\",\"description\":\"Excelencia en nutrici\u00f3n\",\"publisher\":{\"@id\":\"https:\/\/sadenir.com.uy\/equilibrio\/#organization\"},\"potentialAction\":[{\"@type\":\"SearchAction\",\"target\":{\"@type\":\"EntryPoint\",\"urlTemplate\":\"https:\/\/sadenir.com.uy\/equilibrio\/?s={search_term_string}\"},\"query-input\":{\"@type\":\"PropertyValueSpecification\",\"valueRequired\":true,\"valueName\":\"search_term_string\"}}],\"inLanguage\":\"es-AR\"},{\"@type\":\"Organization\",\"@id\":\"https:\/\/sadenir.com.uy\/equilibrio\/#organization\",\"name\":\"Equilibrio\",\"url\":\"https:\/\/sadenir.com.uy\/equilibrio\/\",\"logo\":{\"@type\":\"ImageObject\",\"inLanguage\":\"es-AR\",\"@id\":\"https:\/\/sadenir.com.uy\/equilibrio\/#\/schema\/logo\/image\/\",\"url\":\"https:\/\/sadenir.com.uy\/equilibrio\/wp-content\/uploads\/sites\/2\/2024\/04\/LOGO-EQUILIBRIO.png\",\"contentUrl\":\"https:\/\/sadenir.com.uy\/equilibrio\/wp-content\/uploads\/sites\/2\/2024\/04\/LOGO-EQUILIBRIO.png\",\"width\":1592,\"height\":725,\"caption\":\"Equilibrio\"},\"image\":{\"@id\":\"https:\/\/sadenir.com.uy\/equilibrio\/#\/schema\/logo\/image\/\"},\"sameAs\":[\"https:\/\/www.facebook.com\/equilibriouruguay\",\"https:\/\/www.instagram.com\/equilibrio.uy\/\"]}]}<\/script>\n<!-- \/ Yoast SEO plugin. -->","yoast_head_json":{"title":"Adultos Senior Pollo - Equilibrio","description":"Especial para perros senior medianos. Cuida articulaciones, defensas y salud renal. Disponible en 2,5kg y 12kg.","robots":{"index":"index","follow":"follow","max-snippet":"max-snippet:-1","max-image-preview":"max-image-preview:large","max-video-preview":"max-video-preview:-1"},"canonical":"https:\/\/sadenir.com.uy\/equilibrio\/shop\/perros\/adultos\/senior-medianos-pollo\/","og_locale":"es_ES","og_type":"article","og_title":"Adultos Senior Pollo - Equilibrio","og_description":"Especial para perros senior medianos. Cuida articulaciones, defensas y salud renal. Disponible en 2,5kg y 12kg.","og_url":"https:\/\/sadenir.com.uy\/equilibrio\/shop\/perros\/adultos\/senior-medianos-pollo\/","og_site_name":"Equilibrio","article_publisher":"https:\/\/www.facebook.com\/equilibriouruguay","article_modified_time":"2025-04-30T14:17:40+00:00","og_image":[{"width":1100,"height":1250,"url":"https:\/\/sadenir.com.uy\/equilibrio\/wp-content\/uploads\/sites\/2\/2025\/03\/EQUILIBRIO-CAES-RM-SENIOR-FRANGO-8028-ESQUERDA.png","type":"image\/png"}],"twitter_card":"summary_large_image","twitter_misc":{"Tiempo de lectura":"2 minutos"},"schema":{"@context":"https:\/\/schema.org","@graph":[{"@type":"WebPage","@id":"https:\/\/sadenir.com.uy\/equilibrio\/shop\/perros\/adultos\/senior-medianos-pollo\/","url":"https:\/\/sadenir.com.uy\/equilibrio\/shop\/perros\/adultos\/senior-medianos-pollo\/","name":"Adultos Senior Pollo - Equilibrio","isPartOf":{"@id":"https:\/\/sadenir.com.uy\/equilibrio\/#website"},"primaryImageOfPage":{"@id":"https:\/\/sadenir.com.uy\/equilibrio\/shop\/perros\/adultos\/senior-medianos-pollo\/#primaryimage"},"image":{"@id":"https:\/\/sadenir.com.uy\/equilibrio\/shop\/perros\/adultos\/senior-medianos-pollo\/#primaryimage"},"thumbnailUrl":"https:\/\/sadenir.com.uy\/equilibrio\/wp-content\/uploads\/sites\/2\/2025\/03\/EQUILIBRIO-CAES-RM-SENIOR-FRANGO-8028-ESQUERDA.png","datePublished":"2025-04-27T21:52:45+00:00","dateModified":"2025-04-30T14:17:40+00:00","description":"Especial para perros senior medianos. Cuida articulaciones, defensas y salud renal. Disponible en 2,5kg y 12kg.","breadcrumb":{"@id":"https:\/\/sadenir.com.uy\/equilibrio\/shop\/perros\/adultos\/senior-medianos-pollo\/#breadcrumb"},"inLanguage":"es-AR","potentialAction":[{"@type":"ReadAction","target":["https:\/\/sadenir.com.uy\/equilibrio\/shop\/perros\/adultos\/senior-medianos-pollo\/"]}]},{"@type":"ImageObject","inLanguage":"es-AR","@id":"https:\/\/sadenir.com.uy\/equilibrio\/shop\/perros\/adultos\/senior-medianos-pollo\/#primaryimage","url":"https:\/\/sadenir.com.uy\/equilibrio\/wp-content\/uploads\/sites\/2\/2025\/03\/EQUILIBRIO-CAES-RM-SENIOR-FRANGO-8028-ESQUERDA.png","contentUrl":"https:\/\/sadenir.com.uy\/equilibrio\/wp-content\/uploads\/sites\/2\/2025\/03\/EQUILIBRIO-CAES-RM-SENIOR-FRANGO-8028-ESQUERDA.png","width":1100,"height":1250},{"@type":"BreadcrumbList","@id":"https:\/\/sadenir.com.uy\/equilibrio\/shop\/perros\/adultos\/senior-medianos-pollo\/#breadcrumb","itemListElement":[{"@type":"ListItem","position":1,"name":"Inicio","item":"https:\/\/sadenir.com.uy\/equilibrio\/"},{"@type":"ListItem","position":2,"name":"Productos","item":"https:\/\/sadenir.com.uy\/equilibrio\/productos\/"},{"@type":"ListItem","position":3,"name":"Adultos Senior Pollo"}]},{"@type":"WebSite","@id":"https:\/\/sadenir.com.uy\/equilibrio\/#website","url":"https:\/\/sadenir.com.uy\/equilibrio\/","name":"Equilibrio","description":"Excelencia en nutrici\u00f3n","publisher":{"@id":"https:\/\/sadenir.com.uy\/equilibrio\/#organization"},"potentialAction":[{"@type":"SearchAction","target":{"@type":"EntryPoint","urlTemplate":"https:\/\/sadenir.com.uy\/equilibrio\/?s={search_term_string}"},"query-input":{"@type":"PropertyValueSpecification","valueRequired":true,"valueName":"search_term_string"}}],"inLanguage":"es-AR"},{"@type":"Organization","@id":"https:\/\/sadenir.com.uy\/equilibrio\/#organization","name":"Equilibrio","url":"https:\/\/sadenir.com.uy\/equilibrio\/","logo":{"@type":"ImageObject","inLanguage":"es-AR","@id":"https:\/\/sadenir.com.uy\/equilibrio\/#\/schema\/logo\/image\/","url":"https:\/\/sadenir.com.uy\/equilibrio\/wp-content\/uploads\/sites\/2\/2024\/04\/LOGO-EQUILIBRIO.png","contentUrl":"https:\/\/sadenir.com.uy\/equilibrio\/wp-content\/uploads\/sites\/2\/2024\/04\/LOGO-EQUILIBRIO.png","width":1592,"height":725,"caption":"Equilibrio"},"image":{"@id":"https:\/\/sadenir.com.uy\/equilibrio\/#\/schema\/logo\/image\/"},"sameAs":["https:\/\/www.facebook.com\/equilibriouruguay","https:\/\/www.instagram.com\/equilibrio.uy\/"]}]}},"_links":{"self":[{"href":"https:\/\/sadenir.com.uy\/equilibrio\/wp-json\/wp\/v2\/product\/8208","targetHints":{"allow":["GET"]}}],"collection":[{"href":"https:\/\/sadenir.com.uy\/equilibrio\/wp-json\/wp\/v2\/product"}],"about":[{"href":"https:\/\/sadenir.com.uy\/equilibrio\/wp-json\/wp\/v2\/types\/product"}],"wp:featuredmedia":[{"embeddable":true,"href":"https:\/\/sadenir.com.uy\/equilibrio\/wp-json\/wp\/v2\/media\/8132"}],"wp:attachment":[{"href":"https:\/\/sadenir.com.uy\/equilibrio\/wp-json\/wp\/v2\/media?parent=8208"}],"wp:term":[{"taxonomy":"product_brand","embeddable":true,"href":"https:\/\/sadenir.com.uy\/equilibrio\/wp-json\/wp\/v2\/product_brand?post=8208"},{"taxonomy":"product_cat","embeddable":true,"href":"https:\/\/sadenir.com.uy\/equilibrio\/wp-json\/wp\/v2\/product_cat?post=8208"},{"taxonomy":"product_tag","embeddable":true,"href":"https:\/\/sadenir.com.uy\/equilibrio\/wp-json\/wp\/v2\/product_tag?post=8208"}],"curies":[{"name":"wp","href":"https:\/\/api.w.org\/{rel}","templated":true}]}}