{"id":8210,"date":"2025-04-27T21:52:45","date_gmt":"2025-04-27T21:52:45","guid":{"rendered":"https:\/\/sadenir.com.uy\/equilibrio\/shop\/sin%20categor\u00eda\/adultos-pollo-5\/"},"modified":"2025-04-30T14:03:47","modified_gmt":"2025-04-30T14:03:47","slug":"adultos-grandes-pollo","status":"publish","type":"product","link":"https:\/\/sadenir.com.uy\/equilibrio\/shop\/perros\/grandes-perros\/adultos-grandes-pollo\/","title":{"rendered":"Adultos Pollo Razas Grandes"},"content":{"rendered":"<h4 class=\"\" data-start=\"2443\" data-end=\"2474\"><strong data-start=\"2451\" data-end=\"2474\">Composici\u00f3n B\u00e1sica:<\/strong><\/h4>\n<p>Carne mec\u00e1nicamente separada de aves, Harina de v\u00edsceras de aves, Aceite de aves, Aceite de pescado refinado blanqueado y desodorizado, Sulfato de condroitina, Sulfato de glucosamina, Grano de ma\u00edz, Salvado de gluten de ma\u00edz 60, DDGS &#8211; residuo seco de destiler\u00eda con solubles (ma\u00edz), Grano de linaza, Pulpa de remolacha, Salvado de soja, Grano de sorgo, Fibra de ca\u00f1a de az\u00facar, Biomasa de microalgas (Schizochytrium sp.), Cloruro de sodio, Hexametafosfato de sodio, Carbonato de calcio, Cloruro de potasio, Extracto de yuca, DL-Metionina, Taurina,<br \/>\nL-Carnitina, Aditivo prebi\u00f3tico (Pared celular de levadura &#8211; Fuente de Manano-oligosac\u00e1ridos y Betaglucanos), Aditivo probi\u00f3tico, Hidrolizado de h\u00edgado de aves, Extracto de romero, Concentrado de tocoferoles, \u00c1cido propi\u00f3nico, Cloruro de colina, Premezcla vitam\u00ednica mineral.<\/p>\n<h4 class=\"\" data-start=\"1414\" data-end=\"1446\"><strong data-start=\"1422\" data-end=\"1446\">An\u00e1lisis Nutricional:<\/strong><a href=\"https:\/\/sadenir.com.uy\/equilibrio\/wp-content\/uploads\/sites\/2\/2025\/04\/Screenshot-2025-04-07-182446.png\"><img fetchpriority=\"high\" decoding=\"async\" class=\"alignright wp-image-8231 size-full\" src=\"https:\/\/sadenir.com.uy\/equilibrio\/wp-content\/uploads\/sites\/2\/2025\/04\/Screenshot-2025-04-07-182446.png\" alt=\"\" width=\"602\" height=\"395\" srcset=\"https:\/\/sadenir.com.uy\/equilibrio\/wp-content\/uploads\/sites\/2\/2025\/04\/Screenshot-2025-04-07-182446.png 602w, https:\/\/sadenir.com.uy\/equilibrio\/wp-content\/uploads\/sites\/2\/2025\/04\/Screenshot-2025-04-07-182446-300x197.png 300w, https:\/\/sadenir.com.uy\/equilibrio\/wp-content\/uploads\/sites\/2\/2025\/04\/Screenshot-2025-04-07-182446-600x395.png 600w\" sizes=\"(max-width: 602px) 100vw, 602px\" \/><\/a><\/h4>\n<p>Humedad (m\u00e1x) 11 %, Prote\u00edna Cruda (m\u00edn) 25 %, Grasa Cruda (m\u00edn) 12%, Fibra Cruda (m\u00e1x) 4,5 %, Cenizas (m\u00e1x) 6,5 %, Calcio (m\u00e1x) 1,6 %, F\u00f3sforo (m\u00edn) 0,6 %, Energ\u00eda metabolizable 3688 kcal\/kg.<\/p>\n<h4><strong>Posibles Sustitutos:<\/strong><\/h4>\n<p>Carne de aves, Carne deshidratada de aves, Aceite de pescados, Propionato de calcio, Propionato de amonio, Hidrolizado de carne de aves e h\u00edgado de aves.<\/p>\n<h4><strong>Enriquecimiento por Kilogramo del Producto:<\/strong><\/h4>\n<p>Vitamina A (18000 U.I.), Vitamina D3 (2100 U.I.), Vitamina E (600 U.I.), Vitamina K3 (1,7 mg), Vitamina B1 (20 mg), Vitamina B2 (20 mg), Vitamina B3 (70 mg), Vitamina B5 (23 mg), Vitamina B6 (15 mg), Vitamina B9 (1,7 mg), Vitamina B7 (1,5 mg), Vitamina B12 (230 mcg), Vitamina C (200 mg), Colina (1360 mg), Hierro (200 mg), Cobre (17,25 mg), Manganeso (80 mg), Zinc (230 mg), Yodo (3 mg), Selenio (0,43 mg), Sodio (2 g), Potasio (5 g),<br \/>\nManano-oligosac\u00e1ridos (120 mg), Betaglucanos (800 mg), \u00c1cido linol\u00e9nico (5000 mg), \u00c1cido linoleico (25 g), Metionina (5600 mg), Taurina (2000 mg), Carnitina (400 mg), Probi\u00f3tico (1000 mg).<\/p>\n","protected":false},"excerpt":{"rendered":"<p>Equilibrio Adultos con Pollo para razas grandes es un alimento completo y balanceado, ideal para perros adultos de 25 a 50 kg. Contiene antioxidantes que fortalecen las defensas, nutrientes que cuidan las articulaciones y una mezcla funcional de fibras, prebi\u00f3ticos y probi\u00f3ticos para una digesti\u00f3n saludable.<\/p>\n<p>Perfecto para una vida activa y con movilidad plena.<\/p>\n<p>Presentaci\u00f3n disponible: 15 kg<br \/>\nIndicaci\u00f3n: Alimento completo para perros adultos<\/p>\n","protected":false},"featured_media":8107,"template":"","meta":{"pgc_sgb_lightbox_settings":""},"product_brand":[],"product_cat":[60,58,43],"product_tag":[122],"class_list":{"0":"post-8210","1":"product","2":"type-product","3":"status-publish","4":"has-post-thumbnail","6":"product_cat-adultos","7":"product_cat-grandes-perros","8":"product_cat-perros","9":"product_tag-adultos","11":"first","12":"instock","13":"shipping-taxable","14":"product-type-simple"},"yoast_head":"<!-- This site is optimized with the Yoast SEO plugin v26.1.1 - https:\/\/yoast.com\/wordpress\/plugins\/seo\/ -->\n<title>Adultos Pollo Razas Grandes - Equilibrio<\/title>\n<meta name=\"description\" content=\"Alimento para perros grandes adultos. Fortalece defensas, articula bien y mejora digesti\u00f3n. Disponible en 15kg.\" \/>\n<meta name=\"robots\" content=\"index, follow, max-snippet:-1, max-image-preview:large, max-video-preview:-1\" \/>\n<link rel=\"canonical\" href=\"https:\/\/sadenir.com.uy\/equilibrio\/shop\/perros\/grandes-perros\/adultos-grandes-pollo\/\" \/>\n<meta property=\"og:locale\" content=\"es_ES\" \/>\n<meta property=\"og:type\" content=\"article\" \/>\n<meta property=\"og:title\" content=\"Adultos Pollo Razas Grandes - Equilibrio\" \/>\n<meta property=\"og:description\" content=\"Alimento para perros grandes adultos. Fortalece defensas, articula bien y mejora digesti\u00f3n. Disponible en 15kg.\" \/>\n<meta property=\"og:url\" content=\"https:\/\/sadenir.com.uy\/equilibrio\/shop\/perros\/grandes-perros\/adultos-grandes-pollo\/\" \/>\n<meta property=\"og:site_name\" content=\"Equilibrio\" \/>\n<meta property=\"article:publisher\" content=\"https:\/\/www.facebook.com\/equilibriouruguay\" \/>\n<meta property=\"article:modified_time\" content=\"2025-04-30T14:03:47+00:00\" \/>\n<meta property=\"og:image\" content=\"https:\/\/sadenir.com.uy\/equilibrio\/wp-content\/uploads\/sites\/2\/2025\/03\/EQUILIBRIO-CAES-RG-AD-FRANGO-8064-ESQUERDA.png\" \/>\n\t<meta property=\"og:image:width\" content=\"1100\" \/>\n\t<meta property=\"og:image:height\" content=\"1250\" \/>\n\t<meta property=\"og:image:type\" content=\"image\/png\" \/>\n<meta name=\"twitter:card\" content=\"summary_large_image\" \/>\n<meta name=\"twitter:label1\" content=\"Tiempo de lectura\" \/>\n\t<meta name=\"twitter:data1\" content=\"2 minutos\" \/>\n<script type=\"application\/ld+json\" class=\"yoast-schema-graph\">{\"@context\":\"https:\/\/schema.org\",\"@graph\":[{\"@type\":\"WebPage\",\"@id\":\"https:\/\/sadenir.com.uy\/equilibrio\/shop\/perros\/grandes-perros\/adultos-grandes-pollo\/\",\"url\":\"https:\/\/sadenir.com.uy\/equilibrio\/shop\/perros\/grandes-perros\/adultos-grandes-pollo\/\",\"name\":\"Adultos Pollo Razas Grandes - Equilibrio\",\"isPartOf\":{\"@id\":\"https:\/\/sadenir.com.uy\/equilibrio\/#website\"},\"primaryImageOfPage\":{\"@id\":\"https:\/\/sadenir.com.uy\/equilibrio\/shop\/perros\/grandes-perros\/adultos-grandes-pollo\/#primaryimage\"},\"image\":{\"@id\":\"https:\/\/sadenir.com.uy\/equilibrio\/shop\/perros\/grandes-perros\/adultos-grandes-pollo\/#primaryimage\"},\"thumbnailUrl\":\"https:\/\/sadenir.com.uy\/equilibrio\/wp-content\/uploads\/sites\/2\/2025\/03\/EQUILIBRIO-CAES-RG-AD-FRANGO-8064-ESQUERDA.png\",\"datePublished\":\"2025-04-27T21:52:45+00:00\",\"dateModified\":\"2025-04-30T14:03:47+00:00\",\"description\":\"Alimento para perros grandes adultos. Fortalece defensas, articula bien y mejora digesti\u00f3n. Disponible en 15kg.\",\"breadcrumb\":{\"@id\":\"https:\/\/sadenir.com.uy\/equilibrio\/shop\/perros\/grandes-perros\/adultos-grandes-pollo\/#breadcrumb\"},\"inLanguage\":\"es-AR\",\"potentialAction\":[{\"@type\":\"ReadAction\",\"target\":[\"https:\/\/sadenir.com.uy\/equilibrio\/shop\/perros\/grandes-perros\/adultos-grandes-pollo\/\"]}]},{\"@type\":\"ImageObject\",\"inLanguage\":\"es-AR\",\"@id\":\"https:\/\/sadenir.com.uy\/equilibrio\/shop\/perros\/grandes-perros\/adultos-grandes-pollo\/#primaryimage\",\"url\":\"https:\/\/sadenir.com.uy\/equilibrio\/wp-content\/uploads\/sites\/2\/2025\/03\/EQUILIBRIO-CAES-RG-AD-FRANGO-8064-ESQUERDA.png\",\"contentUrl\":\"https:\/\/sadenir.com.uy\/equilibrio\/wp-content\/uploads\/sites\/2\/2025\/03\/EQUILIBRIO-CAES-RG-AD-FRANGO-8064-ESQUERDA.png\",\"width\":1100,\"height\":1250},{\"@type\":\"BreadcrumbList\",\"@id\":\"https:\/\/sadenir.com.uy\/equilibrio\/shop\/perros\/grandes-perros\/adultos-grandes-pollo\/#breadcrumb\",\"itemListElement\":[{\"@type\":\"ListItem\",\"position\":1,\"name\":\"Inicio\",\"item\":\"https:\/\/sadenir.com.uy\/equilibrio\/\"},{\"@type\":\"ListItem\",\"position\":2,\"name\":\"Productos\",\"item\":\"https:\/\/sadenir.com.uy\/equilibrio\/productos\/\"},{\"@type\":\"ListItem\",\"position\":3,\"name\":\"Adultos Pollo Razas Grandes\"}]},{\"@type\":\"WebSite\",\"@id\":\"https:\/\/sadenir.com.uy\/equilibrio\/#website\",\"url\":\"https:\/\/sadenir.com.uy\/equilibrio\/\",\"name\":\"Equilibrio\",\"description\":\"Excelencia en nutrici\u00f3n\",\"publisher\":{\"@id\":\"https:\/\/sadenir.com.uy\/equilibrio\/#organization\"},\"potentialAction\":[{\"@type\":\"SearchAction\",\"target\":{\"@type\":\"EntryPoint\",\"urlTemplate\":\"https:\/\/sadenir.com.uy\/equilibrio\/?s={search_term_string}\"},\"query-input\":{\"@type\":\"PropertyValueSpecification\",\"valueRequired\":true,\"valueName\":\"search_term_string\"}}],\"inLanguage\":\"es-AR\"},{\"@type\":\"Organization\",\"@id\":\"https:\/\/sadenir.com.uy\/equilibrio\/#organization\",\"name\":\"Equilibrio\",\"url\":\"https:\/\/sadenir.com.uy\/equilibrio\/\",\"logo\":{\"@type\":\"ImageObject\",\"inLanguage\":\"es-AR\",\"@id\":\"https:\/\/sadenir.com.uy\/equilibrio\/#\/schema\/logo\/image\/\",\"url\":\"https:\/\/sadenir.com.uy\/equilibrio\/wp-content\/uploads\/sites\/2\/2024\/04\/LOGO-EQUILIBRIO.png\",\"contentUrl\":\"https:\/\/sadenir.com.uy\/equilibrio\/wp-content\/uploads\/sites\/2\/2024\/04\/LOGO-EQUILIBRIO.png\",\"width\":1592,\"height\":725,\"caption\":\"Equilibrio\"},\"image\":{\"@id\":\"https:\/\/sadenir.com.uy\/equilibrio\/#\/schema\/logo\/image\/\"},\"sameAs\":[\"https:\/\/www.facebook.com\/equilibriouruguay\",\"https:\/\/www.instagram.com\/equilibrio.uy\/\"]}]}<\/script>\n<!-- \/ Yoast SEO plugin. -->","yoast_head_json":{"title":"Adultos Pollo Razas Grandes - Equilibrio","description":"Alimento para perros grandes adultos. Fortalece defensas, articula bien y mejora digesti\u00f3n. Disponible en 15kg.","robots":{"index":"index","follow":"follow","max-snippet":"max-snippet:-1","max-image-preview":"max-image-preview:large","max-video-preview":"max-video-preview:-1"},"canonical":"https:\/\/sadenir.com.uy\/equilibrio\/shop\/perros\/grandes-perros\/adultos-grandes-pollo\/","og_locale":"es_ES","og_type":"article","og_title":"Adultos Pollo Razas Grandes - Equilibrio","og_description":"Alimento para perros grandes adultos. Fortalece defensas, articula bien y mejora digesti\u00f3n. Disponible en 15kg.","og_url":"https:\/\/sadenir.com.uy\/equilibrio\/shop\/perros\/grandes-perros\/adultos-grandes-pollo\/","og_site_name":"Equilibrio","article_publisher":"https:\/\/www.facebook.com\/equilibriouruguay","article_modified_time":"2025-04-30T14:03:47+00:00","og_image":[{"width":1100,"height":1250,"url":"https:\/\/sadenir.com.uy\/equilibrio\/wp-content\/uploads\/sites\/2\/2025\/03\/EQUILIBRIO-CAES-RG-AD-FRANGO-8064-ESQUERDA.png","type":"image\/png"}],"twitter_card":"summary_large_image","twitter_misc":{"Tiempo de lectura":"2 minutos"},"schema":{"@context":"https:\/\/schema.org","@graph":[{"@type":"WebPage","@id":"https:\/\/sadenir.com.uy\/equilibrio\/shop\/perros\/grandes-perros\/adultos-grandes-pollo\/","url":"https:\/\/sadenir.com.uy\/equilibrio\/shop\/perros\/grandes-perros\/adultos-grandes-pollo\/","name":"Adultos Pollo Razas Grandes - Equilibrio","isPartOf":{"@id":"https:\/\/sadenir.com.uy\/equilibrio\/#website"},"primaryImageOfPage":{"@id":"https:\/\/sadenir.com.uy\/equilibrio\/shop\/perros\/grandes-perros\/adultos-grandes-pollo\/#primaryimage"},"image":{"@id":"https:\/\/sadenir.com.uy\/equilibrio\/shop\/perros\/grandes-perros\/adultos-grandes-pollo\/#primaryimage"},"thumbnailUrl":"https:\/\/sadenir.com.uy\/equilibrio\/wp-content\/uploads\/sites\/2\/2025\/03\/EQUILIBRIO-CAES-RG-AD-FRANGO-8064-ESQUERDA.png","datePublished":"2025-04-27T21:52:45+00:00","dateModified":"2025-04-30T14:03:47+00:00","description":"Alimento para perros grandes adultos. Fortalece defensas, articula bien y mejora digesti\u00f3n. Disponible en 15kg.","breadcrumb":{"@id":"https:\/\/sadenir.com.uy\/equilibrio\/shop\/perros\/grandes-perros\/adultos-grandes-pollo\/#breadcrumb"},"inLanguage":"es-AR","potentialAction":[{"@type":"ReadAction","target":["https:\/\/sadenir.com.uy\/equilibrio\/shop\/perros\/grandes-perros\/adultos-grandes-pollo\/"]}]},{"@type":"ImageObject","inLanguage":"es-AR","@id":"https:\/\/sadenir.com.uy\/equilibrio\/shop\/perros\/grandes-perros\/adultos-grandes-pollo\/#primaryimage","url":"https:\/\/sadenir.com.uy\/equilibrio\/wp-content\/uploads\/sites\/2\/2025\/03\/EQUILIBRIO-CAES-RG-AD-FRANGO-8064-ESQUERDA.png","contentUrl":"https:\/\/sadenir.com.uy\/equilibrio\/wp-content\/uploads\/sites\/2\/2025\/03\/EQUILIBRIO-CAES-RG-AD-FRANGO-8064-ESQUERDA.png","width":1100,"height":1250},{"@type":"BreadcrumbList","@id":"https:\/\/sadenir.com.uy\/equilibrio\/shop\/perros\/grandes-perros\/adultos-grandes-pollo\/#breadcrumb","itemListElement":[{"@type":"ListItem","position":1,"name":"Inicio","item":"https:\/\/sadenir.com.uy\/equilibrio\/"},{"@type":"ListItem","position":2,"name":"Productos","item":"https:\/\/sadenir.com.uy\/equilibrio\/productos\/"},{"@type":"ListItem","position":3,"name":"Adultos Pollo Razas Grandes"}]},{"@type":"WebSite","@id":"https:\/\/sadenir.com.uy\/equilibrio\/#website","url":"https:\/\/sadenir.com.uy\/equilibrio\/","name":"Equilibrio","description":"Excelencia en nutrici\u00f3n","publisher":{"@id":"https:\/\/sadenir.com.uy\/equilibrio\/#organization"},"potentialAction":[{"@type":"SearchAction","target":{"@type":"EntryPoint","urlTemplate":"https:\/\/sadenir.com.uy\/equilibrio\/?s={search_term_string}"},"query-input":{"@type":"PropertyValueSpecification","valueRequired":true,"valueName":"search_term_string"}}],"inLanguage":"es-AR"},{"@type":"Organization","@id":"https:\/\/sadenir.com.uy\/equilibrio\/#organization","name":"Equilibrio","url":"https:\/\/sadenir.com.uy\/equilibrio\/","logo":{"@type":"ImageObject","inLanguage":"es-AR","@id":"https:\/\/sadenir.com.uy\/equilibrio\/#\/schema\/logo\/image\/","url":"https:\/\/sadenir.com.uy\/equilibrio\/wp-content\/uploads\/sites\/2\/2024\/04\/LOGO-EQUILIBRIO.png","contentUrl":"https:\/\/sadenir.com.uy\/equilibrio\/wp-content\/uploads\/sites\/2\/2024\/04\/LOGO-EQUILIBRIO.png","width":1592,"height":725,"caption":"Equilibrio"},"image":{"@id":"https:\/\/sadenir.com.uy\/equilibrio\/#\/schema\/logo\/image\/"},"sameAs":["https:\/\/www.facebook.com\/equilibriouruguay","https:\/\/www.instagram.com\/equilibrio.uy\/"]}]}},"_links":{"self":[{"href":"https:\/\/sadenir.com.uy\/equilibrio\/wp-json\/wp\/v2\/product\/8210","targetHints":{"allow":["GET"]}}],"collection":[{"href":"https:\/\/sadenir.com.uy\/equilibrio\/wp-json\/wp\/v2\/product"}],"about":[{"href":"https:\/\/sadenir.com.uy\/equilibrio\/wp-json\/wp\/v2\/types\/product"}],"wp:featuredmedia":[{"embeddable":true,"href":"https:\/\/sadenir.com.uy\/equilibrio\/wp-json\/wp\/v2\/media\/8107"}],"wp:attachment":[{"href":"https:\/\/sadenir.com.uy\/equilibrio\/wp-json\/wp\/v2\/media?parent=8210"}],"wp:term":[{"taxonomy":"product_brand","embeddable":true,"href":"https:\/\/sadenir.com.uy\/equilibrio\/wp-json\/wp\/v2\/product_brand?post=8210"},{"taxonomy":"product_cat","embeddable":true,"href":"https:\/\/sadenir.com.uy\/equilibrio\/wp-json\/wp\/v2\/product_cat?post=8210"},{"taxonomy":"product_tag","embeddable":true,"href":"https:\/\/sadenir.com.uy\/equilibrio\/wp-json\/wp\/v2\/product_tag?post=8210"}],"curies":[{"name":"wp","href":"https:\/\/api.w.org\/{rel}","templated":true}]}}