{"id":8035,"date":"2025-02-13T16:12:12","date_gmt":"2025-02-13T19:12:12","guid":{"rendered":"https:\/\/sadenir.com.uy\/karino\/?post_type=product&#038;p=8035"},"modified":"2026-03-20T13:09:19","modified_gmt":"2026-03-20T16:09:19","slug":"karino-tradicao-sabor-carne-asada","status":"publish","type":"product","link":"https:\/\/sadenir.com.uy\/karino\/producto\/karino-tradicao-sabor-carne-asada\/","title":{"rendered":"Karino Tradi\u00e7\u00e3o Sabor Carne Asada"},"content":{"rendered":"<p>La l\u00ednea Karino Tradi\u00e7\u00e3o Sabor Carne Asada proporciona una alimentaci\u00f3n balanceada y nutritiva para perros adultos. Con prote\u00ednas de alta calidad, alta digestibilidad y una f\u00f3rmula completa, ayuda a mantener la energ\u00eda y bienestar diario de tu mascota.<\/p>\n","protected":false},"excerpt":{"rendered":"<p><span>La l\u00ednea Karino Tradi\u00e7\u00e3o cuenta con una deliciosa f\u00f3rmula que aporta todos los nutrientes que los perros necesitan para su d\u00eda a d\u00eda, dej\u00e1ndolos fuertes y saludables.<\/span><br \/>\n<span>El nuevo Karino Tradi\u00e7\u00e3o sabor carne asada cuenta con una f\u00f3rmula 100% completa y balanceada, adem\u00e1s de prote\u00ednas de alta calidad y de f\u00e1cil digesti\u00f3n.<\/span><br \/>\n<span>Con fuentes proteicas de alta calidad que proporcionan mayor digestibilidad y mejor absorci\u00f3n por el organismo de tu perro.<\/span><\/p>\n","protected":false},"featured_media":8036,"comment_status":"open","ping_status":"closed","template":"","meta":{"pgc_sgb_lightbox_settings":""},"product_brand":[],"product_cat":[59],"product_tag":[],"class_list":{"0":"post-8035","1":"product","2":"type-product","3":"status-publish","4":"has-post-thumbnail","6":"product_cat-perros","8":"first","9":"instock","10":"shipping-taxable","11":"product-type-simple"},"yoast_head":"<!-- This site is optimized with the Yoast SEO plugin v26.1.1 - https:\/\/yoast.com\/wordpress\/plugins\/seo\/ -->\n<title>Karino Tradi\u00e7\u00e3o Carne Asada: Nutrici\u00f3n Completa para Perros<\/title>\n<meta name=\"description\" content=\"Karino Tradi\u00e7\u00e3o Carne Asada ofrece una f\u00f3rmula 100% completa y balanceada para perros adultos. Con prote\u00ednas de alta calidad, digesti\u00f3n \u00f3ptima y nutrientes esenciales para mantener a tu perro fuerte y saludable cada d\u00eda.\" \/>\n<meta name=\"robots\" content=\"index, follow, max-snippet:-1, max-image-preview:large, max-video-preview:-1\" \/>\n<link rel=\"canonical\" href=\"https:\/\/sadenir.com.uy\/karino\/producto\/karino-tradicao-sabor-carne-asada\/\" \/>\n<meta property=\"og:locale\" content=\"es_ES\" \/>\n<meta property=\"og:type\" content=\"article\" \/>\n<meta property=\"og:title\" content=\"Karino Tradi\u00e7\u00e3o Carne Asada: Nutrici\u00f3n Completa para Perros\" \/>\n<meta property=\"og:description\" content=\"Karino Tradi\u00e7\u00e3o Carne Asada ofrece una f\u00f3rmula 100% completa y balanceada para perros adultos. Con prote\u00ednas de alta calidad, digesti\u00f3n \u00f3ptima y nutrientes esenciales para mantener a tu perro fuerte y saludable cada d\u00eda.\" \/>\n<meta property=\"og:url\" content=\"https:\/\/sadenir.com.uy\/karino\/producto\/karino-tradicao-sabor-carne-asada\/\" \/>\n<meta property=\"og:site_name\" content=\"Karino\" \/>\n<meta property=\"article:modified_time\" content=\"2026-03-20T16:09:19+00:00\" \/>\n<meta property=\"og:image\" content=\"https:\/\/sadenir.com.uy\/karino\/wp-content\/uploads\/sites\/12\/2025\/02\/NOVA-KARINO-Adulto-Carne-Assabda_mockup-15-kg.jpg\" \/>\n\t<meta property=\"og:image:width\" content=\"1181\" \/>\n\t<meta property=\"og:image:height\" content=\"1772\" \/>\n\t<meta property=\"og:image:type\" content=\"image\/jpeg\" \/>\n<meta name=\"twitter:card\" content=\"summary_large_image\" \/>\n<meta name=\"twitter:label1\" content=\"Tiempo de lectura\" \/>\n\t<meta name=\"twitter:data1\" content=\"1 minuto\" \/>\n<script type=\"application\/ld+json\" class=\"yoast-schema-graph\">{\"@context\":\"https:\/\/schema.org\",\"@graph\":[{\"@type\":\"WebPage\",\"@id\":\"https:\/\/sadenir.com.uy\/karino\/producto\/karino-tradicao-sabor-carne-asada\/\",\"url\":\"https:\/\/sadenir.com.uy\/karino\/producto\/karino-tradicao-sabor-carne-asada\/\",\"name\":\"Karino Tradi\u00e7\u00e3o Carne Asada: Nutrici\u00f3n Completa para Perros\",\"isPartOf\":{\"@id\":\"https:\/\/sadenir.com.uy\/karino\/#website\"},\"primaryImageOfPage\":{\"@id\":\"https:\/\/sadenir.com.uy\/karino\/producto\/karino-tradicao-sabor-carne-asada\/#primaryimage\"},\"image\":{\"@id\":\"https:\/\/sadenir.com.uy\/karino\/producto\/karino-tradicao-sabor-carne-asada\/#primaryimage\"},\"thumbnailUrl\":\"https:\/\/sadenir.com.uy\/karino\/wp-content\/uploads\/sites\/12\/2025\/02\/NOVA-KARINO-Adulto-Carne-Assabda_mockup-15-kg.jpg\",\"datePublished\":\"2025-02-13T19:12:12+00:00\",\"dateModified\":\"2026-03-20T16:09:19+00:00\",\"description\":\"Karino Tradi\u00e7\u00e3o Carne Asada ofrece una f\u00f3rmula 100% completa y balanceada para perros adultos. Con prote\u00ednas de alta calidad, digesti\u00f3n \u00f3ptima y nutrientes esenciales para mantener a tu perro fuerte y saludable cada d\u00eda.\",\"breadcrumb\":{\"@id\":\"https:\/\/sadenir.com.uy\/karino\/producto\/karino-tradicao-sabor-carne-asada\/#breadcrumb\"},\"inLanguage\":\"es-AR\",\"potentialAction\":[{\"@type\":\"ReadAction\",\"target\":[\"https:\/\/sadenir.com.uy\/karino\/producto\/karino-tradicao-sabor-carne-asada\/\"]}]},{\"@type\":\"ImageObject\",\"inLanguage\":\"es-AR\",\"@id\":\"https:\/\/sadenir.com.uy\/karino\/producto\/karino-tradicao-sabor-carne-asada\/#primaryimage\",\"url\":\"https:\/\/sadenir.com.uy\/karino\/wp-content\/uploads\/sites\/12\/2025\/02\/NOVA-KARINO-Adulto-Carne-Assabda_mockup-15-kg.jpg\",\"contentUrl\":\"https:\/\/sadenir.com.uy\/karino\/wp-content\/uploads\/sites\/12\/2025\/02\/NOVA-KARINO-Adulto-Carne-Assabda_mockup-15-kg.jpg\",\"width\":1181,\"height\":1772},{\"@type\":\"BreadcrumbList\",\"@id\":\"https:\/\/sadenir.com.uy\/karino\/producto\/karino-tradicao-sabor-carne-asada\/#breadcrumb\",\"itemListElement\":[{\"@type\":\"ListItem\",\"position\":1,\"name\":\"Inicio\",\"item\":\"https:\/\/sadenir.com.uy\/karino\/\"},{\"@type\":\"ListItem\",\"position\":2,\"name\":\"Productos\",\"item\":\"https:\/\/sadenir.com.uy\/karino\/tienda\/\"},{\"@type\":\"ListItem\",\"position\":3,\"name\":\"Karino Tradi\u00e7\u00e3o Sabor Carne Asada\"}]},{\"@type\":\"WebSite\",\"@id\":\"https:\/\/sadenir.com.uy\/karino\/#website\",\"url\":\"https:\/\/sadenir.com.uy\/karino\/\",\"name\":\"Karino\",\"description\":\"\",\"potentialAction\":[{\"@type\":\"SearchAction\",\"target\":{\"@type\":\"EntryPoint\",\"urlTemplate\":\"https:\/\/sadenir.com.uy\/karino\/?s={search_term_string}\"},\"query-input\":{\"@type\":\"PropertyValueSpecification\",\"valueRequired\":true,\"valueName\":\"search_term_string\"}}],\"inLanguage\":\"es-AR\"}]}<\/script>\n<!-- \/ Yoast SEO plugin. -->","yoast_head_json":{"title":"Karino Tradi\u00e7\u00e3o Carne Asada: Nutrici\u00f3n Completa para Perros","description":"Karino Tradi\u00e7\u00e3o Carne Asada ofrece una f\u00f3rmula 100% completa y balanceada para perros adultos. Con prote\u00ednas de alta calidad, digesti\u00f3n \u00f3ptima y nutrientes esenciales para mantener a tu perro fuerte y saludable cada d\u00eda.","robots":{"index":"index","follow":"follow","max-snippet":"max-snippet:-1","max-image-preview":"max-image-preview:large","max-video-preview":"max-video-preview:-1"},"canonical":"https:\/\/sadenir.com.uy\/karino\/producto\/karino-tradicao-sabor-carne-asada\/","og_locale":"es_ES","og_type":"article","og_title":"Karino Tradi\u00e7\u00e3o Carne Asada: Nutrici\u00f3n Completa para Perros","og_description":"Karino Tradi\u00e7\u00e3o Carne Asada ofrece una f\u00f3rmula 100% completa y balanceada para perros adultos. Con prote\u00ednas de alta calidad, digesti\u00f3n \u00f3ptima y nutrientes esenciales para mantener a tu perro fuerte y saludable cada d\u00eda.","og_url":"https:\/\/sadenir.com.uy\/karino\/producto\/karino-tradicao-sabor-carne-asada\/","og_site_name":"Karino","article_modified_time":"2026-03-20T16:09:19+00:00","og_image":[{"width":1181,"height":1772,"url":"https:\/\/sadenir.com.uy\/karino\/wp-content\/uploads\/sites\/12\/2025\/02\/NOVA-KARINO-Adulto-Carne-Assabda_mockup-15-kg.jpg","type":"image\/jpeg"}],"twitter_card":"summary_large_image","twitter_misc":{"Tiempo de lectura":"1 minuto"},"schema":{"@context":"https:\/\/schema.org","@graph":[{"@type":"WebPage","@id":"https:\/\/sadenir.com.uy\/karino\/producto\/karino-tradicao-sabor-carne-asada\/","url":"https:\/\/sadenir.com.uy\/karino\/producto\/karino-tradicao-sabor-carne-asada\/","name":"Karino Tradi\u00e7\u00e3o Carne Asada: Nutrici\u00f3n Completa para Perros","isPartOf":{"@id":"https:\/\/sadenir.com.uy\/karino\/#website"},"primaryImageOfPage":{"@id":"https:\/\/sadenir.com.uy\/karino\/producto\/karino-tradicao-sabor-carne-asada\/#primaryimage"},"image":{"@id":"https:\/\/sadenir.com.uy\/karino\/producto\/karino-tradicao-sabor-carne-asada\/#primaryimage"},"thumbnailUrl":"https:\/\/sadenir.com.uy\/karino\/wp-content\/uploads\/sites\/12\/2025\/02\/NOVA-KARINO-Adulto-Carne-Assabda_mockup-15-kg.jpg","datePublished":"2025-02-13T19:12:12+00:00","dateModified":"2026-03-20T16:09:19+00:00","description":"Karino Tradi\u00e7\u00e3o Carne Asada ofrece una f\u00f3rmula 100% completa y balanceada para perros adultos. Con prote\u00ednas de alta calidad, digesti\u00f3n \u00f3ptima y nutrientes esenciales para mantener a tu perro fuerte y saludable cada d\u00eda.","breadcrumb":{"@id":"https:\/\/sadenir.com.uy\/karino\/producto\/karino-tradicao-sabor-carne-asada\/#breadcrumb"},"inLanguage":"es-AR","potentialAction":[{"@type":"ReadAction","target":["https:\/\/sadenir.com.uy\/karino\/producto\/karino-tradicao-sabor-carne-asada\/"]}]},{"@type":"ImageObject","inLanguage":"es-AR","@id":"https:\/\/sadenir.com.uy\/karino\/producto\/karino-tradicao-sabor-carne-asada\/#primaryimage","url":"https:\/\/sadenir.com.uy\/karino\/wp-content\/uploads\/sites\/12\/2025\/02\/NOVA-KARINO-Adulto-Carne-Assabda_mockup-15-kg.jpg","contentUrl":"https:\/\/sadenir.com.uy\/karino\/wp-content\/uploads\/sites\/12\/2025\/02\/NOVA-KARINO-Adulto-Carne-Assabda_mockup-15-kg.jpg","width":1181,"height":1772},{"@type":"BreadcrumbList","@id":"https:\/\/sadenir.com.uy\/karino\/producto\/karino-tradicao-sabor-carne-asada\/#breadcrumb","itemListElement":[{"@type":"ListItem","position":1,"name":"Inicio","item":"https:\/\/sadenir.com.uy\/karino\/"},{"@type":"ListItem","position":2,"name":"Productos","item":"https:\/\/sadenir.com.uy\/karino\/tienda\/"},{"@type":"ListItem","position":3,"name":"Karino Tradi\u00e7\u00e3o Sabor Carne Asada"}]},{"@type":"WebSite","@id":"https:\/\/sadenir.com.uy\/karino\/#website","url":"https:\/\/sadenir.com.uy\/karino\/","name":"Karino","description":"","potentialAction":[{"@type":"SearchAction","target":{"@type":"EntryPoint","urlTemplate":"https:\/\/sadenir.com.uy\/karino\/?s={search_term_string}"},"query-input":{"@type":"PropertyValueSpecification","valueRequired":true,"valueName":"search_term_string"}}],"inLanguage":"es-AR"}]}},"_links":{"self":[{"href":"https:\/\/sadenir.com.uy\/karino\/wp-json\/wp\/v2\/product\/8035","targetHints":{"allow":["GET"]}}],"collection":[{"href":"https:\/\/sadenir.com.uy\/karino\/wp-json\/wp\/v2\/product"}],"about":[{"href":"https:\/\/sadenir.com.uy\/karino\/wp-json\/wp\/v2\/types\/product"}],"replies":[{"embeddable":true,"href":"https:\/\/sadenir.com.uy\/karino\/wp-json\/wp\/v2\/comments?post=8035"}],"wp:featuredmedia":[{"embeddable":true,"href":"https:\/\/sadenir.com.uy\/karino\/wp-json\/wp\/v2\/media\/8036"}],"wp:attachment":[{"href":"https:\/\/sadenir.com.uy\/karino\/wp-json\/wp\/v2\/media?parent=8035"}],"wp:term":[{"taxonomy":"product_brand","embeddable":true,"href":"https:\/\/sadenir.com.uy\/karino\/wp-json\/wp\/v2\/product_brand?post=8035"},{"taxonomy":"product_cat","embeddable":true,"href":"https:\/\/sadenir.com.uy\/karino\/wp-json\/wp\/v2\/product_cat?post=8035"},{"taxonomy":"product_tag","embeddable":true,"href":"https:\/\/sadenir.com.uy\/karino\/wp-json\/wp\/v2\/product_tag?post=8035"}],"curies":[{"name":"wp","href":"https:\/\/api.w.org\/{rel}","templated":true}]}}