{"id":5869,"date":"2020-09-01T20:34:44","date_gmt":"2020-09-01T20:34:44","guid":{"rendered":"https:\/\/www.andresdicamillo.com\/sadenir\/max\/?post_type=product&#038;p=5869"},"modified":"2020-09-23T23:43:58","modified_gmt":"2020-09-23T23:43:58","slug":"gatos-cachorros","status":"publish","type":"product","link":"https:\/\/sadenir.com.uy\/max\/product\/gatos-cachorros\/","title":{"rendered":"Cat Sabores del Mar"},"content":{"rendered":"<p><strong>INGREDIENTES<\/strong><\/p>\n<p>Arroz quebrado, harina de v\u00edsceras de pollo, salvado de gluten de ma\u00edz-60**, ma\u00edz integral molido**, salvado de soja*, carne mec\u00e1nicamente separada de pollo, harina de pescado (salm\u00f3n) (1%), grasa de pollo, hidrolizado de pollo y\/o subproductos, semilla de linaza (1,3%), harina de c\u00e1scara de camar\u00f3n (1%), levadura seca de cerveza, celulosa en polvo, fosfato bic\u00e1lcico, DL-metionina, cloruro de sodio (sal com\u00fan), cloruro de potasio, cloruro de colina, aceite de girasol, aceite de oliva, \u00e1cido fosf\u00f3rico (0,2%), extracto de yucca schidigera (0,1%), aroma artificial de at\u00fan (0,1%), aroma artificial de camar\u00f3n (0,1%), colorante artificial rojo 40, colorante natural caramelo, antioxidantes (BHA, BHT), vitamina A, vitamina B12, vitamina D, vitamina E, selenito de sodio, \u00e1cido f\u00f3lico, \u00e1cido pantot\u00e9nico, sulfato de cobre, cloruro de colina, sulfato ferroso, yodato de calcio, \u00f3xido de manganeso, vitamina B1, vitamina B2, vitamina B6, vitamina H, vitamina K, vitamina PP, \u00f3xido de zinc. *Agrobacterium tumefasciens, Arabidopis thaliana, Bacillus thuriginensis, Streptomyces viridochromogenes, **Bacillus thuriginensis, Bacillus thuriginensis var. aizawai, Zea mays, Bacillus tumefaciens.<\/p>\n<p><strong>NIVELES DE GARANTIA<\/strong><\/p>\n<p><img decoding=\"async\" src=\"http:\/\/sadenir.com.uy\/wp-content\/uploads\/2017\/12\/NG-SABORES-DEL-MAR.jpg\" \/><\/p>\n<p><strong>CANTIDAD DIARIA<\/strong><\/p>\n<p><img decoding=\"async\" src=\"http:\/\/sadenir.com.uy\/wp-content\/uploads\/2017\/12\/CD-SABORES-DEL-AMR.jpg\" \/><\/p>\n<p>1. Estas son cantidades sugeridas. Las porciones pueden variar de acuerdo con la edad, actividad y temperamento de su gato.<br \/>\n2. Mantenga agua fresca y limpia disponible todo el tiempo.<br \/>\n3. Lleve su gato peri\u00f3dicamente al veterinario.<br \/>\n4. En caso de que su gato no est\u00e9 siendo alimentado con este producto, recomendamos que la substituci\u00f3n sea hecha gradualmente a lo largo de 05 d\u00edas.<\/p>\n<p><strong>ENRIQUECIMIENTO<\/strong><\/p>\n<p>Enriquecimiento por quilogramo de producto (m\u00edn): Vitamina A (14.000 U.I.), Vitamina B12 (200 mcg), Vitamina C (22 mg), Vitamina D (2.000 U.I.), Vitamina E (450 U.I.), Selenio (0,2 mg), \u00c1cido F\u00f3lico (1 mg), \u00c1cido Pantot\u00e9nico (20 mg), Cobre (15 mg), Colina (1.200 mg), Ferro (170 mg), Iodo (3 mg), Manganeso (80 mg), Vitamina B1 (8 mg), Vitamina B2 (8 mg), Vitamina B6 (8 mg), Vitamina H (1,5 mg), Vitamina K (1,5 mg), Vitamina PP (80 mg), Zinc (120 mg).<\/p>\n","protected":false},"excerpt":{"rendered":"<div class=\"titulo-produto\">Alimento completo indicado para gatos adultos.<br \/>\nTodos saben que los gatos adoran el pescado, pero lo que muchos no saben es que Max tiene una deliciosa variedad, con deliciosos sabores del mar para su fato: sal\u00f3n, at\u00fan y camar\u00f3n. \u00a1Una delicia!<\/div>\n","protected":false},"featured_media":6094,"template":"","meta":{"pgc_sgb_lightbox_settings":""},"product_brand":[],"product_cat":[44,66],"product_tag":[],"class_list":{"0":"post-5869","1":"product","2":"type-product","3":"status-publish","4":"has-post-thumbnail","6":"product_cat-gatos","7":"product_cat-adultos-gatos","9":"first","10":"instock","11":"shipping-taxable","12":"product-type-simple"},"yoast_head":"<!-- This site is optimized with the Yoast SEO plugin v26.1.1 - https:\/\/yoast.com\/wordpress\/plugins\/seo\/ -->\n<title>Cat Sabores del Mar - Max<\/title>\n<meta name=\"robots\" content=\"index, follow, max-snippet:-1, max-image-preview:large, max-video-preview:-1\" \/>\n<link rel=\"canonical\" href=\"https:\/\/sadenir.com.uy\/max\/product\/gatos-cachorros\/\" \/>\n<meta property=\"og:locale\" content=\"es_ES\" \/>\n<meta property=\"og:type\" content=\"article\" \/>\n<meta property=\"og:title\" content=\"Cat Sabores del Mar - Max\" \/>\n<meta property=\"og:description\" content=\"Alimento completo indicado para gatos adultos. Todos saben que los gatos adoran el pescado, pero lo que muchos no saben es que Max tiene una deliciosa variedad, con deliciosos sabores del mar para su fato: sal\u00f3n, at\u00fan y camar\u00f3n. \u00a1Una delicia!\" \/>\n<meta property=\"og:url\" content=\"https:\/\/sadenir.com.uy\/max\/product\/gatos-cachorros\/\" \/>\n<meta property=\"og:site_name\" content=\"Max\" \/>\n<meta property=\"article:modified_time\" content=\"2020-09-23T23:43:58+00:00\" \/>\n<meta property=\"og:image\" content=\"https:\/\/sadenir.com.uy\/max\/wp-content\/uploads\/sites\/4\/2020\/09\/cat_mar.jpg\" \/>\n\t<meta property=\"og:image:width\" content=\"801\" \/>\n\t<meta property=\"og:image:height\" content=\"800\" \/>\n\t<meta property=\"og:image:type\" content=\"image\/jpeg\" \/>\n<meta name=\"twitter:card\" content=\"summary_large_image\" \/>\n<meta name=\"twitter:label1\" content=\"Tiempo de lectura\" \/>\n\t<meta name=\"twitter:data1\" content=\"2 minutos\" \/>\n<script type=\"application\/ld+json\" class=\"yoast-schema-graph\">{\"@context\":\"https:\/\/schema.org\",\"@graph\":[{\"@type\":\"WebPage\",\"@id\":\"https:\/\/sadenir.com.uy\/max\/product\/gatos-cachorros\/\",\"url\":\"https:\/\/sadenir.com.uy\/max\/product\/gatos-cachorros\/\",\"name\":\"Cat Sabores del Mar - Max\",\"isPartOf\":{\"@id\":\"https:\/\/sadenir.com.uy\/max\/#website\"},\"primaryImageOfPage\":{\"@id\":\"https:\/\/sadenir.com.uy\/max\/product\/gatos-cachorros\/#primaryimage\"},\"image\":{\"@id\":\"https:\/\/sadenir.com.uy\/max\/product\/gatos-cachorros\/#primaryimage\"},\"thumbnailUrl\":\"https:\/\/sadenir.com.uy\/max\/wp-content\/uploads\/sites\/4\/2020\/09\/cat_mar.jpg\",\"datePublished\":\"2020-09-01T20:34:44+00:00\",\"dateModified\":\"2020-09-23T23:43:58+00:00\",\"breadcrumb\":{\"@id\":\"https:\/\/sadenir.com.uy\/max\/product\/gatos-cachorros\/#breadcrumb\"},\"inLanguage\":\"es-AR\",\"potentialAction\":[{\"@type\":\"ReadAction\",\"target\":[\"https:\/\/sadenir.com.uy\/max\/product\/gatos-cachorros\/\"]}]},{\"@type\":\"ImageObject\",\"inLanguage\":\"es-AR\",\"@id\":\"https:\/\/sadenir.com.uy\/max\/product\/gatos-cachorros\/#primaryimage\",\"url\":\"https:\/\/sadenir.com.uy\/max\/wp-content\/uploads\/sites\/4\/2020\/09\/cat_mar.jpg\",\"contentUrl\":\"https:\/\/sadenir.com.uy\/max\/wp-content\/uploads\/sites\/4\/2020\/09\/cat_mar.jpg\",\"width\":801,\"height\":800},{\"@type\":\"BreadcrumbList\",\"@id\":\"https:\/\/sadenir.com.uy\/max\/product\/gatos-cachorros\/#breadcrumb\",\"itemListElement\":[{\"@type\":\"ListItem\",\"position\":1,\"name\":\"Inicio\",\"item\":\"https:\/\/sadenir.com.uy\/max\/\"},{\"@type\":\"ListItem\",\"position\":2,\"name\":\"Shop\",\"item\":\"https:\/\/sadenir.com.uy\/max\/shop\/\"},{\"@type\":\"ListItem\",\"position\":3,\"name\":\"Cat Sabores del Mar\"}]},{\"@type\":\"WebSite\",\"@id\":\"https:\/\/sadenir.com.uy\/max\/#website\",\"url\":\"https:\/\/sadenir.com.uy\/max\/\",\"name\":\"Max\",\"description\":\"Excelencia en nutrici\u00f3n\",\"potentialAction\":[{\"@type\":\"SearchAction\",\"target\":{\"@type\":\"EntryPoint\",\"urlTemplate\":\"https:\/\/sadenir.com.uy\/max\/?s={search_term_string}\"},\"query-input\":{\"@type\":\"PropertyValueSpecification\",\"valueRequired\":true,\"valueName\":\"search_term_string\"}}],\"inLanguage\":\"es-AR\"}]}<\/script>\n<!-- \/ Yoast SEO plugin. -->","yoast_head_json":{"title":"Cat Sabores del Mar - Max","robots":{"index":"index","follow":"follow","max-snippet":"max-snippet:-1","max-image-preview":"max-image-preview:large","max-video-preview":"max-video-preview:-1"},"canonical":"https:\/\/sadenir.com.uy\/max\/product\/gatos-cachorros\/","og_locale":"es_ES","og_type":"article","og_title":"Cat Sabores del Mar - Max","og_description":"Alimento completo indicado para gatos adultos. Todos saben que los gatos adoran el pescado, pero lo que muchos no saben es que Max tiene una deliciosa variedad, con deliciosos sabores del mar para su fato: sal\u00f3n, at\u00fan y camar\u00f3n. \u00a1Una delicia!","og_url":"https:\/\/sadenir.com.uy\/max\/product\/gatos-cachorros\/","og_site_name":"Max","article_modified_time":"2020-09-23T23:43:58+00:00","og_image":[{"width":801,"height":800,"url":"https:\/\/sadenir.com.uy\/max\/wp-content\/uploads\/sites\/4\/2020\/09\/cat_mar.jpg","type":"image\/jpeg"}],"twitter_card":"summary_large_image","twitter_misc":{"Tiempo de lectura":"2 minutos"},"schema":{"@context":"https:\/\/schema.org","@graph":[{"@type":"WebPage","@id":"https:\/\/sadenir.com.uy\/max\/product\/gatos-cachorros\/","url":"https:\/\/sadenir.com.uy\/max\/product\/gatos-cachorros\/","name":"Cat Sabores del Mar - Max","isPartOf":{"@id":"https:\/\/sadenir.com.uy\/max\/#website"},"primaryImageOfPage":{"@id":"https:\/\/sadenir.com.uy\/max\/product\/gatos-cachorros\/#primaryimage"},"image":{"@id":"https:\/\/sadenir.com.uy\/max\/product\/gatos-cachorros\/#primaryimage"},"thumbnailUrl":"https:\/\/sadenir.com.uy\/max\/wp-content\/uploads\/sites\/4\/2020\/09\/cat_mar.jpg","datePublished":"2020-09-01T20:34:44+00:00","dateModified":"2020-09-23T23:43:58+00:00","breadcrumb":{"@id":"https:\/\/sadenir.com.uy\/max\/product\/gatos-cachorros\/#breadcrumb"},"inLanguage":"es-AR","potentialAction":[{"@type":"ReadAction","target":["https:\/\/sadenir.com.uy\/max\/product\/gatos-cachorros\/"]}]},{"@type":"ImageObject","inLanguage":"es-AR","@id":"https:\/\/sadenir.com.uy\/max\/product\/gatos-cachorros\/#primaryimage","url":"https:\/\/sadenir.com.uy\/max\/wp-content\/uploads\/sites\/4\/2020\/09\/cat_mar.jpg","contentUrl":"https:\/\/sadenir.com.uy\/max\/wp-content\/uploads\/sites\/4\/2020\/09\/cat_mar.jpg","width":801,"height":800},{"@type":"BreadcrumbList","@id":"https:\/\/sadenir.com.uy\/max\/product\/gatos-cachorros\/#breadcrumb","itemListElement":[{"@type":"ListItem","position":1,"name":"Inicio","item":"https:\/\/sadenir.com.uy\/max\/"},{"@type":"ListItem","position":2,"name":"Shop","item":"https:\/\/sadenir.com.uy\/max\/shop\/"},{"@type":"ListItem","position":3,"name":"Cat Sabores del Mar"}]},{"@type":"WebSite","@id":"https:\/\/sadenir.com.uy\/max\/#website","url":"https:\/\/sadenir.com.uy\/max\/","name":"Max","description":"Excelencia en nutrici\u00f3n","potentialAction":[{"@type":"SearchAction","target":{"@type":"EntryPoint","urlTemplate":"https:\/\/sadenir.com.uy\/max\/?s={search_term_string}"},"query-input":{"@type":"PropertyValueSpecification","valueRequired":true,"valueName":"search_term_string"}}],"inLanguage":"es-AR"}]}},"_links":{"self":[{"href":"https:\/\/sadenir.com.uy\/max\/wp-json\/wp\/v2\/product\/5869","targetHints":{"allow":["GET"]}}],"collection":[{"href":"https:\/\/sadenir.com.uy\/max\/wp-json\/wp\/v2\/product"}],"about":[{"href":"https:\/\/sadenir.com.uy\/max\/wp-json\/wp\/v2\/types\/product"}],"wp:featuredmedia":[{"embeddable":true,"href":"https:\/\/sadenir.com.uy\/max\/wp-json\/wp\/v2\/media\/6094"}],"wp:attachment":[{"href":"https:\/\/sadenir.com.uy\/max\/wp-json\/wp\/v2\/media?parent=5869"}],"wp:term":[{"taxonomy":"product_brand","embeddable":true,"href":"https:\/\/sadenir.com.uy\/max\/wp-json\/wp\/v2\/product_brand?post=5869"},{"taxonomy":"product_cat","embeddable":true,"href":"https:\/\/sadenir.com.uy\/max\/wp-json\/wp\/v2\/product_cat?post=5869"},{"taxonomy":"product_tag","embeddable":true,"href":"https:\/\/sadenir.com.uy\/max\/wp-json\/wp\/v2\/product_tag?post=5869"}],"curies":[{"name":"wp","href":"https:\/\/api.w.org\/{rel}","templated":true}]}}