{"id":6000,"date":"2020-08-28T18:52:26","date_gmt":"2020-08-28T18:52:26","guid":{"rendered":"https:\/\/www.andresdicamillo.com\/sadenir\/max\/?post_type=product&#038;p=6000"},"modified":"2020-09-24T02:30:49","modified_gmt":"2020-09-24T02:30:49","slug":"adultos-grain-free-razas-miniaturas","status":"publish","type":"product","link":"https:\/\/sadenir.com.uy\/max\/product\/adultos-grain-free-razas-miniaturas\/","title":{"rendered":"Soft Cachorros"},"content":{"rendered":"<h3>Composici\u00f3n B\u00e1sica\u00a0<i class=\"fa fa-caret-down\"><\/i><\/h3>\n<p>Ma\u00edz integral molido<br \/>\nCarne mec\u00e1nicamente separada de pollo<br \/>\nArroz medio grano<br \/>\nAfrecho de soja<br \/>\nHarina de menudos de pollo<br \/>\nHuevo en polvo<br \/>\nGrasa de Pollo<br \/>\nLevadura seca de ca\u00f1a de az\u00facar<br \/>\nAfrecho de gluten de ma\u00edz 60<br \/>\nGlicerina<br \/>\nLeche integral en polvo<br \/>\nProbi\u00f3tico<br \/>\nSemilla de linaza<br \/>\nCloruro de Sodio (sal com\u00fan)<br \/>\nCloruro de potasio<br \/>\nFosfato dic\u00e1lcico<br \/>\nColorante artificial rojo 40<br \/>\nColorante artificial amarillo ocaso<br \/>\nColorante rojo bordeaux<br \/>\nColorante artificial amarillo tartrazina<br \/>\nColorante natural caramelo<br \/>\nDi\u00f3xido de titanio<br \/>\nExtracto de Yucca schidigera<br \/>\nPropilenoglicol<br \/>\nCloruro de colina<br \/>\n\u00c1cido fosf\u00f3rico<br \/>\nPropionato de calcio<br \/>\nSorbato de potasio<br \/>\nHidrolizado de pollo e h\u00edgado de cerdo<br \/>\nAditivo antioxidante (BHA, BHT)<br \/>\nSuplemento mineral vitam\u00ednico<\/p>\n<p>&nbsp;<\/p>\n<p><strong>An\u00e1lisis Nutricional\u00a0<\/strong><i class=\"fa fa-caret-down\"><\/i><\/p>\n<p>Humedad (m\u00e1x.) 130 g\/kg<br \/>\nProte\u00edna Bruta (m\u00edn.) 280 g\/kg<br \/>\nGrasas (m\u00edn.) 110 g\/kg<br \/>\nFibras (m\u00e1x.) 30 g\/kg<br \/>\nMateria Mineral (m\u00e1x.) 110 g\/kg<br \/>\nCalcio (m\u00e1x.) 20 g\/kg<br \/>\nF\u00f3sforo (m\u00edn.) 7000 mg\/kg<br \/>\nProbi\u00f3tico (m\u00edn.) 10 g\/kg<\/p>\n<h3><strong>Enriquecimiento<\/strong>\u00a0<i class=\"fa fa-caret-down\"><\/i><\/h3>\n<p>Vitamina A\u00a0 \u00a0 \u00a0 \u00a0 \u00a015000U.I.<\/p>\n<p>Vitamina B\u00a0 \u00a0 \u00a0 \u00a0 \u00a012150mcg<\/p>\n<p>Vitamina D\u00a0 \u00a0 \u00a0 \u00a0 \u00a01125U.I.<\/p>\n<p>Vitamina E\u00a0 \u00a0 \u00a0 \u00a0 562,5U.I.<\/p>\n<p>Selenio\u00a0 \u00a0 \u00a0 \u00a0 \u00a0 \u00a0 \u00a0 \u00a0 \u00a0 0,2mg<\/p>\n<p>\u00c1cido F\u00f3lico\u00a0 \u00a0 \u00a0 \u00a0 \u00a0 \u00a0 \u00a01,25mg<\/p>\n<p>\u00c1cido Pantot\u00e9nico\u00a0 \u00a0 25mg<\/p>\n<p>Cobre\u00a0 \u00a0 \u00a0 \u00a0 \u00a0 \u00a0 \u00a0 \u00a0 \u00a0 15mg<\/p>\n<p>Hierro\u00a0 \u00a0 \u00a0 \u00a0 \u00a0 \u00a0 \u00a0 \u00a0 \u00a080mg<\/p>\n<p>Yodo\u00a0 \u00a0 \u00a0 \u00a0 \u00a0 \u00a0 \u00a0 \u00a0 \u00a0 \u00a0 \u00a01,5mg<\/p>\n<p>Sodio\u00a0 \u00a0 \u00a0 \u00a0 \u00a0 \u00a0 \u00a0 \u00a0 \u00a0 \u00a0 5g<\/p>\n<p>Potasio\u00a0 \u00a0 \u00a0 \u00a0 \u00a0 \u00a0 \u00a0 \u00a0 \u00a06,5g<\/p>\n<p>Manganeso\u00a0 \u00a0 \u00a0 \u00a0 \u00a060mg<\/p>\n<p>Vitamina B\u00a0 \u00a0 \u00a0 \u00a0 \u00a0110mg<\/p>\n<p>Vitamina B\u00a0 \u00a0 \u00a0 \u00a0 \u00a0210mg<\/p>\n<p>Vitamina B\u00a0 \u00a0 \u00a0 \u00a0 \u00a0610mg<\/p>\n<p>Vitamina H0,\u00a0 \u00a0 625mg<\/p>\n<p>Vitamina K1,\u00a0 \u00a0 \u00a0875mg<\/p>\n<p>Vitamina PP6\u00a0 \u00a0 2,5mg<\/p>\n<p>Zinc\u00a0 \u00a0 \u00a0 \u00a0 \u00a0 \u00a0 \u00a0 \u00a0 \u00a0 \u00a0 \u00a0120mg<\/p>\n<h3><\/h3>\n<h3>Modo de Empleo\u00a0<i class=\"fa fa-caret-down\"><\/i><\/h3>\n<p>&nbsp;<\/p>\n<p>Peso del Perro (kg)\u00a0 \u00a0\u00a0<strong>Hasta 80 d\u00edas\u00a0 \u00a0<\/strong><strong>De 80 hasta 180 d\u00edas\u00a0 \u00a0<\/strong><strong>De 180 d\u00edas hasta 1 a\u00f1o<\/strong><\/p>\n<p>2,2 \u2013 4,3\u00a0 \u00a0 \u00a0 \u00a0 \u00a0 \u00a0 \u00a0 \u00a0 \u00a0 \u00a0 \u00a0 \u00a0 \u00a0 \u00a0 \u00a0 84\u00a0 \u2013 138 g\u00a0 \u00a0 \u00a0 \u00a0 \u00a0 \u00a0 \u00a0 \u00a0 \u00a0 \u00a0 \u00a0 \u00a0 \u00a0 \u00a0 \u00a0 73 \u2013 121 g\u00a0 \u00a0 \u00a0 \u00a0 \u00a0 \u00a0 \u00a0 \u00a0 \u00a0 \u00a0 \u00a0 \u00a0 \u00a0 63 \u2013 104 g<\/p>\n<p>4,3 \u2013 6,7\u00a0 \u00a0 \u00a0 \u00a0 \u00a0 \u00a0 \u00a0 \u00a0 \u00a0 \u00a0 \u00a0 \u00a0 \u00a0 \u00a0 \u00a0138 \u2013 193 g\u00a0 \u00a0 \u00a0 \u00a0 \u00a0 \u00a0 \u00a0 \u00a0 \u00a0 \u00a0 \u00a0 \u00a0 \u00a0 \u00a0 \u00a0 121 \u2013 169 g\u00a0 \u00a0 \u00a0 \u00a0 \u00a0 \u00a0 \u00a0 \u00a0 \u00a0 \u00a0 \u00a0 \u00a0 \u00a0104 \u2013 144 g<\/p>\n<p>6,7 \u2013 12,5\u00a0 \u00a0 \u00a0 \u00a0 \u00a0 \u00a0 \u00a0 \u00a0 \u00a0 \u00a0 \u00a0 \u00a0 \u00a0 193 \u2013 307 g\u00a0 \u00a0 \u00a0 \u00a0 \u00a0 \u00a0 \u00a0 \u00a0 \u00a0 \u00a0 \u00a0 \u00a0 \u00a0 \u00a0 \u00a0 \u00a0169 \u2013 269 g\u00a0 \u00a0 \u00a0 \u00a0 \u00a0 \u00a0 \u00a0 \u00a0 \u00a0 \u00a0 \u00a0 \u00a0144 \u2013 231 g<\/p>\n<p>12,5 \u2013 23\u00a0 \u00a0 \u00a0 \u00a0 \u00a0 \u00a0 \u00a0 \u00a0 \u00a0 \u00a0 \u00a0 \u00a0 \u00a0 \u00a0 307 \u2013 486 g\u00a0 \u00a0 \u00a0 \u00a0 \u00a0 \u00a0 \u00a0 \u00a0 \u00a0 \u00a0 \u00a0 \u00a0 \u00a0 \u00a0 \u00a0 269 \u2013 425 g\u00a0 \u00a0 \u00a0 \u00a0 \u00a0 \u00a0 \u00a0 \u00a0 \u00a0 \u00a0 \u00a0231 \u2013 364 g<\/p>\n<p>23 \u2013 29,34\u00a0 \u00a0 \u00a0 \u00a0 \u00a0 \u00a0 \u00a0 \u00a0 \u00a0 \u00a0 \u00a0 \u00a0 \u00a0 \u00a086 \u2013 582 g\u00a0 \u00a0 \u00a0 \u00a0 \u00a0 \u00a0 \u00a0 \u00a0 \u00a0 \u00a0 \u00a0 \u00a0 \u00a0 \u00a0 \u00a0 \u00a0425 \u2013 510 g\u00a0 \u00a0 \u00a0 \u00a0 \u00a0 \u00a0 \u00a0 \u00a0 \u00a0 \u00a0 \u00a0 \u00a0364 \u2013 437 g<\/p>\n<p>&nbsp;<\/p>\n<p>En una taza de t\u00e9 caben aproximadamente 85g.<\/p>\n<p>1. Estas son las cantidades sugeridas. Las porciones pueden variar de acuerdo con la edad, actividad y temperamento de su perro.<\/p>\n<p>2. Mantenga agua fresca y limpia disponible todo el d\u00eda.<\/p>\n<p>3. Lleve a su perro peri\u00f3dicamente al veterinario.<\/p>\n<p>4. En caso de que su perro no se est\u00e9 alimentando con esta comida, recomendamos que la sustituci\u00f3n del producto se realice gradualmente a lo largo de 5 d\u00edas.<\/p>\n","protected":false},"excerpt":{"rendered":"<p>Max Soft Croc Cachorros Pedazos Blandos con Leche es un alimento Premium Especial \u00fanico, que posee una deliciosa combinaci\u00f3n de part\u00edculas blandas y crocantes. Proporciona la mejor nutrici\u00f3n para los cachorros con leche en polvo sin lactosa, huevos deshidratados, linaza y probi\u00f3ticos. Esta combinaci\u00f3n de ingredientes proporciona mayor digestibilidad y mejor absorci\u00f3n por el organismo de tu perro. Adem\u00e1s, cuenta con Extracto de\u00a0<em>Yucca\u00a0<\/em>para la reducci\u00f3n del olor de las heces y con prote\u00ednas de alta calidad y calcio para un \u00f3ptimo desarrollo de los huesos y m\u00fasculos. La misma formulaci\u00f3n y calidad de la antigua K&amp;S ahora pertenecen a la familia Max.<\/p>\n","protected":false},"featured_media":6106,"template":"","meta":{"pgc_sgb_lightbox_settings":""},"product_brand":[],"product_cat":[43,59],"product_tag":[],"class_list":{"0":"post-6000","1":"product","2":"type-product","3":"status-publish","4":"has-post-thumbnail","6":"product_cat-perros","7":"product_cat-cachorros","9":"first","10":"instock","11":"shipping-taxable","12":"product-type-simple"},"yoast_head":"<!-- This site is optimized with the Yoast SEO plugin v26.1.1 - https:\/\/yoast.com\/wordpress\/plugins\/seo\/ -->\n<title>Soft Cachorros - Max<\/title>\n<meta name=\"robots\" content=\"index, follow, max-snippet:-1, max-image-preview:large, max-video-preview:-1\" \/>\n<link rel=\"canonical\" href=\"https:\/\/sadenir.com.uy\/max\/product\/adultos-grain-free-razas-miniaturas\/\" \/>\n<meta property=\"og:locale\" content=\"es_ES\" \/>\n<meta property=\"og:type\" content=\"article\" \/>\n<meta property=\"og:title\" content=\"Soft Cachorros - Max\" \/>\n<meta property=\"og:description\" content=\"Max Soft Croc Cachorros Pedazos Blandos con Leche es un alimento Premium Especial \u00fanico, que posee una deliciosa combinaci\u00f3n de part\u00edculas blandas y crocantes. Proporciona la mejor nutrici\u00f3n para los cachorros con leche en polvo sin lactosa, huevos deshidratados, linaza y probi\u00f3ticos. Esta combinaci\u00f3n de ingredientes proporciona mayor digestibilidad y mejor absorci\u00f3n por el organismo de tu perro. Adem\u00e1s, cuenta con Extracto de\u00a0Yucca\u00a0para la reducci\u00f3n del olor de las heces y con prote\u00ednas de alta calidad y calcio para un \u00f3ptimo desarrollo de los huesos y m\u00fasculos. La misma formulaci\u00f3n y calidad de la antigua K&amp;S ahora pertenecen a la familia Max.\" \/>\n<meta property=\"og:url\" content=\"https:\/\/sadenir.com.uy\/max\/product\/adultos-grain-free-razas-miniaturas\/\" \/>\n<meta property=\"og:site_name\" content=\"Max\" \/>\n<meta property=\"article:modified_time\" content=\"2020-09-24T02:30:49+00:00\" \/>\n<meta property=\"og:image\" content=\"https:\/\/sadenir.com.uy\/max\/wp-content\/uploads\/sites\/4\/2020\/09\/sofi_croc.jpg\" \/>\n\t<meta property=\"og:image:width\" content=\"801\" \/>\n\t<meta property=\"og:image:height\" content=\"800\" \/>\n\t<meta property=\"og:image:type\" content=\"image\/jpeg\" \/>\n<meta name=\"twitter:card\" content=\"summary_large_image\" \/>\n<meta name=\"twitter:label1\" content=\"Tiempo de lectura\" \/>\n\t<meta name=\"twitter:data1\" content=\"2 minutos\" \/>\n<script type=\"application\/ld+json\" class=\"yoast-schema-graph\">{\"@context\":\"https:\/\/schema.org\",\"@graph\":[{\"@type\":\"WebPage\",\"@id\":\"https:\/\/sadenir.com.uy\/max\/product\/adultos-grain-free-razas-miniaturas\/\",\"url\":\"https:\/\/sadenir.com.uy\/max\/product\/adultos-grain-free-razas-miniaturas\/\",\"name\":\"Soft Cachorros - Max\",\"isPartOf\":{\"@id\":\"https:\/\/sadenir.com.uy\/max\/#website\"},\"primaryImageOfPage\":{\"@id\":\"https:\/\/sadenir.com.uy\/max\/product\/adultos-grain-free-razas-miniaturas\/#primaryimage\"},\"image\":{\"@id\":\"https:\/\/sadenir.com.uy\/max\/product\/adultos-grain-free-razas-miniaturas\/#primaryimage\"},\"thumbnailUrl\":\"https:\/\/sadenir.com.uy\/max\/wp-content\/uploads\/sites\/4\/2020\/09\/sofi_croc.jpg\",\"datePublished\":\"2020-08-28T18:52:26+00:00\",\"dateModified\":\"2020-09-24T02:30:49+00:00\",\"breadcrumb\":{\"@id\":\"https:\/\/sadenir.com.uy\/max\/product\/adultos-grain-free-razas-miniaturas\/#breadcrumb\"},\"inLanguage\":\"es-AR\",\"potentialAction\":[{\"@type\":\"ReadAction\",\"target\":[\"https:\/\/sadenir.com.uy\/max\/product\/adultos-grain-free-razas-miniaturas\/\"]}]},{\"@type\":\"ImageObject\",\"inLanguage\":\"es-AR\",\"@id\":\"https:\/\/sadenir.com.uy\/max\/product\/adultos-grain-free-razas-miniaturas\/#primaryimage\",\"url\":\"https:\/\/sadenir.com.uy\/max\/wp-content\/uploads\/sites\/4\/2020\/09\/sofi_croc.jpg\",\"contentUrl\":\"https:\/\/sadenir.com.uy\/max\/wp-content\/uploads\/sites\/4\/2020\/09\/sofi_croc.jpg\",\"width\":801,\"height\":800},{\"@type\":\"BreadcrumbList\",\"@id\":\"https:\/\/sadenir.com.uy\/max\/product\/adultos-grain-free-razas-miniaturas\/#breadcrumb\",\"itemListElement\":[{\"@type\":\"ListItem\",\"position\":1,\"name\":\"Inicio\",\"item\":\"https:\/\/sadenir.com.uy\/max\/\"},{\"@type\":\"ListItem\",\"position\":2,\"name\":\"Shop\",\"item\":\"https:\/\/sadenir.com.uy\/max\/shop\/\"},{\"@type\":\"ListItem\",\"position\":3,\"name\":\"Soft Cachorros\"}]},{\"@type\":\"WebSite\",\"@id\":\"https:\/\/sadenir.com.uy\/max\/#website\",\"url\":\"https:\/\/sadenir.com.uy\/max\/\",\"name\":\"Max\",\"description\":\"Excelencia en nutrici\u00f3n\",\"potentialAction\":[{\"@type\":\"SearchAction\",\"target\":{\"@type\":\"EntryPoint\",\"urlTemplate\":\"https:\/\/sadenir.com.uy\/max\/?s={search_term_string}\"},\"query-input\":{\"@type\":\"PropertyValueSpecification\",\"valueRequired\":true,\"valueName\":\"search_term_string\"}}],\"inLanguage\":\"es-AR\"}]}<\/script>\n<!-- \/ Yoast SEO plugin. -->","yoast_head_json":{"title":"Soft Cachorros - Max","robots":{"index":"index","follow":"follow","max-snippet":"max-snippet:-1","max-image-preview":"max-image-preview:large","max-video-preview":"max-video-preview:-1"},"canonical":"https:\/\/sadenir.com.uy\/max\/product\/adultos-grain-free-razas-miniaturas\/","og_locale":"es_ES","og_type":"article","og_title":"Soft Cachorros - Max","og_description":"Max Soft Croc Cachorros Pedazos Blandos con Leche es un alimento Premium Especial \u00fanico, que posee una deliciosa combinaci\u00f3n de part\u00edculas blandas y crocantes. Proporciona la mejor nutrici\u00f3n para los cachorros con leche en polvo sin lactosa, huevos deshidratados, linaza y probi\u00f3ticos. Esta combinaci\u00f3n de ingredientes proporciona mayor digestibilidad y mejor absorci\u00f3n por el organismo de tu perro. Adem\u00e1s, cuenta con Extracto de\u00a0Yucca\u00a0para la reducci\u00f3n del olor de las heces y con prote\u00ednas de alta calidad y calcio para un \u00f3ptimo desarrollo de los huesos y m\u00fasculos. La misma formulaci\u00f3n y calidad de la antigua K&amp;S ahora pertenecen a la familia Max.","og_url":"https:\/\/sadenir.com.uy\/max\/product\/adultos-grain-free-razas-miniaturas\/","og_site_name":"Max","article_modified_time":"2020-09-24T02:30:49+00:00","og_image":[{"width":801,"height":800,"url":"https:\/\/sadenir.com.uy\/max\/wp-content\/uploads\/sites\/4\/2020\/09\/sofi_croc.jpg","type":"image\/jpeg"}],"twitter_card":"summary_large_image","twitter_misc":{"Tiempo de lectura":"2 minutos"},"schema":{"@context":"https:\/\/schema.org","@graph":[{"@type":"WebPage","@id":"https:\/\/sadenir.com.uy\/max\/product\/adultos-grain-free-razas-miniaturas\/","url":"https:\/\/sadenir.com.uy\/max\/product\/adultos-grain-free-razas-miniaturas\/","name":"Soft Cachorros - Max","isPartOf":{"@id":"https:\/\/sadenir.com.uy\/max\/#website"},"primaryImageOfPage":{"@id":"https:\/\/sadenir.com.uy\/max\/product\/adultos-grain-free-razas-miniaturas\/#primaryimage"},"image":{"@id":"https:\/\/sadenir.com.uy\/max\/product\/adultos-grain-free-razas-miniaturas\/#primaryimage"},"thumbnailUrl":"https:\/\/sadenir.com.uy\/max\/wp-content\/uploads\/sites\/4\/2020\/09\/sofi_croc.jpg","datePublished":"2020-08-28T18:52:26+00:00","dateModified":"2020-09-24T02:30:49+00:00","breadcrumb":{"@id":"https:\/\/sadenir.com.uy\/max\/product\/adultos-grain-free-razas-miniaturas\/#breadcrumb"},"inLanguage":"es-AR","potentialAction":[{"@type":"ReadAction","target":["https:\/\/sadenir.com.uy\/max\/product\/adultos-grain-free-razas-miniaturas\/"]}]},{"@type":"ImageObject","inLanguage":"es-AR","@id":"https:\/\/sadenir.com.uy\/max\/product\/adultos-grain-free-razas-miniaturas\/#primaryimage","url":"https:\/\/sadenir.com.uy\/max\/wp-content\/uploads\/sites\/4\/2020\/09\/sofi_croc.jpg","contentUrl":"https:\/\/sadenir.com.uy\/max\/wp-content\/uploads\/sites\/4\/2020\/09\/sofi_croc.jpg","width":801,"height":800},{"@type":"BreadcrumbList","@id":"https:\/\/sadenir.com.uy\/max\/product\/adultos-grain-free-razas-miniaturas\/#breadcrumb","itemListElement":[{"@type":"ListItem","position":1,"name":"Inicio","item":"https:\/\/sadenir.com.uy\/max\/"},{"@type":"ListItem","position":2,"name":"Shop","item":"https:\/\/sadenir.com.uy\/max\/shop\/"},{"@type":"ListItem","position":3,"name":"Soft Cachorros"}]},{"@type":"WebSite","@id":"https:\/\/sadenir.com.uy\/max\/#website","url":"https:\/\/sadenir.com.uy\/max\/","name":"Max","description":"Excelencia en nutrici\u00f3n","potentialAction":[{"@type":"SearchAction","target":{"@type":"EntryPoint","urlTemplate":"https:\/\/sadenir.com.uy\/max\/?s={search_term_string}"},"query-input":{"@type":"PropertyValueSpecification","valueRequired":true,"valueName":"search_term_string"}}],"inLanguage":"es-AR"}]}},"_links":{"self":[{"href":"https:\/\/sadenir.com.uy\/max\/wp-json\/wp\/v2\/product\/6000","targetHints":{"allow":["GET"]}}],"collection":[{"href":"https:\/\/sadenir.com.uy\/max\/wp-json\/wp\/v2\/product"}],"about":[{"href":"https:\/\/sadenir.com.uy\/max\/wp-json\/wp\/v2\/types\/product"}],"wp:featuredmedia":[{"embeddable":true,"href":"https:\/\/sadenir.com.uy\/max\/wp-json\/wp\/v2\/media\/6106"}],"wp:attachment":[{"href":"https:\/\/sadenir.com.uy\/max\/wp-json\/wp\/v2\/media?parent=6000"}],"wp:term":[{"taxonomy":"product_brand","embeddable":true,"href":"https:\/\/sadenir.com.uy\/max\/wp-json\/wp\/v2\/product_brand?post=6000"},{"taxonomy":"product_cat","embeddable":true,"href":"https:\/\/sadenir.com.uy\/max\/wp-json\/wp\/v2\/product_cat?post=6000"},{"taxonomy":"product_tag","embeddable":true,"href":"https:\/\/sadenir.com.uy\/max\/wp-json\/wp\/v2\/product_tag?post=6000"}],"curies":[{"name":"wp","href":"https:\/\/api.w.org\/{rel}","templated":true}]}}