{"id":6002,"date":"2020-08-28T18:57:35","date_gmt":"2020-08-28T18:57:35","guid":{"rendered":"https:\/\/www.andresdicamillo.com\/sadenir\/max\/?post_type=product&#038;p=6002"},"modified":"2025-07-21T17:01:08","modified_gmt":"2025-07-21T17:01:08","slug":"max-professional-line-performance-adultos","status":"publish","type":"product","link":"https:\/\/sadenir.com.uy\/max\/product\/max-professional-line-performance-adultos\/","title":{"rendered":"Max Professional Line Performance Adultos Pollo &#038; Arroz"},"content":{"rendered":"<div class=\"descricao\">\n<h3><strong>Composici\u00f3n B\u00e1sica<\/strong><\/h3>\n<p>Harina de menudos de pollo,\u00a0Ma\u00edz integral molido,\u00a0Germen de ma\u00edz desgrasado,\u00a0Arroz medio grano,\u00a0Sorgo integral,\u00a0Afrecho de soja,\u00a0Afrecho de gluten de ma\u00edz 60,\u00a0Grasa de Pollo,\u00a0Carne mec\u00e1nicamente separada de pollo,\u00a0Levadura seca de cerveza,\u00a0Fosfato dic\u00e1lcico,\u00a0Semilla de linaza,\u00a0Cloruro de Sodio (sal com\u00fan),\u00a0Cloruro de potasio,\u00a0Manano-oligosac\u00e1ridos,\u00a0Propionato de calcio,\u00a0Extracto de\u00a0<em>Yucca schidigera,\u00a0<\/em>Hidrolizado de pollo e h\u00edgado de cerdo,\u00a0Aditivo Antioxidante (BHA, BHT),\u00a0Suplemento vitam\u00ednico mineral.<\/p>\n<h3><strong>An\u00e1lisis Nutricional<\/strong><i class=\"fa fa-caret-down\"><\/i><\/h3>\n<p>Prote\u00edna Bruta (m\u00edn.) (23%), Grasas (m\u00edn.) (12%), Fibras (m\u00e1x.) (4%), Materia Mineral (m\u00e1x.) (11%), Humedad (m\u00e1x.) (12%), Calcio (m\u00e1x.) (2,4%), F\u00f3sforo (m\u00edn.) (0,8%), Manano-oligosac\u00e1ridos (min.) (0,1%).<\/p>\n<\/div>\n<h3><strong>Enriquecimiento<\/strong><i class=\"fa fa-caret-down\"><\/i><\/h3>\n<p>Vitamina A (12000 U.I.), Vitamina B1 (8 mg), Vitamina B12 (120 mcg), Vitamina B2 (8 mg), Vitamina B6 (8 mg), \u00c1cido F\u00f3lico (1 mg), \u00c1cido Pantot\u00e9nico (20 mg), Vitamina D3 (900 U.I.), Vitamina H (0,5 mg), Vitamina K3 (1,5 mg), Vitamina B3 (50 mg), Vitamina E (450 U.I.), Sodio (3 g), Potasio (5 g), Cobre (15 mg), Hierro (80 mg), Selenio (0,2 mg), Manganeso (60 mg), Zinc (120 mg), Yodo (1,5 mg).<\/p>\n","protected":false},"excerpt":{"rendered":"<p>Con el alimento Premium Especial Max Performance Adultos Pollo &amp; Arroz, tu perro se alimentar\u00e1 con un producto libre de colorantes y aromatizantes artificiales. Desarrollado con fuentes de prote\u00ednas de alta calidad y antioxidantes naturales, que ayudan a mantener saludables las defensas del organismo y refuerzan la vitalidad del perro adulto. Max Professional Line es producido con ingredientes seleccionados, como linaza \u2013 fuente de omega 3 \u2013 y arroz \u2013 excelente fuente de carbohidratos. Tambi\u00e9n cuenta con Extracto de\u00a0<em>Yucca<\/em>, que proporciona menor volumen y olor de las heces, y prebi\u00f3ticos, para mejorar la absorci\u00f3n de los nutrientes.<\/p>\n","protected":false},"featured_media":7604,"template":"","meta":{"pgc_sgb_lightbox_settings":""},"product_brand":[],"product_cat":[74,43,60],"product_tag":[],"class_list":{"0":"post-6002","1":"product","2":"type-product","3":"status-publish","4":"has-post-thumbnail","6":"product_cat-max-professional","7":"product_cat-perros","8":"product_cat-adultos","10":"first","11":"instock","12":"shipping-taxable","13":"product-type-simple"},"yoast_head":"<!-- This site is optimized with the Yoast SEO plugin v26.1.1 - https:\/\/yoast.com\/wordpress\/plugins\/seo\/ -->\n<title>Max Professional Line Performance Adultos - Alimentos para perros Max<\/title>\n<meta name=\"description\" content=\"Con el alimento Premium Especial Max Professioanl Line Performance Adultos, tu perro se alimentar\u00e1 con un producto libre de colorantes.\" \/>\n<meta name=\"robots\" content=\"index, follow, max-snippet:-1, max-image-preview:large, max-video-preview:-1\" \/>\n<link rel=\"canonical\" href=\"https:\/\/sadenir.com.uy\/max\/product\/max-professional-line-performance-adultos\/\" \/>\n<meta property=\"og:locale\" content=\"es_ES\" \/>\n<meta property=\"og:type\" content=\"article\" \/>\n<meta property=\"og:title\" content=\"Max Professional Line Performance Adultos - Alimentos para perros Max\" \/>\n<meta property=\"og:description\" content=\"Con el alimento Premium Especial Max Professioanl Line Performance Adultos, tu perro se alimentar\u00e1 con un producto libre de colorantes.\" \/>\n<meta property=\"og:url\" content=\"https:\/\/sadenir.com.uy\/max\/product\/max-professional-line-performance-adultos\/\" \/>\n<meta property=\"og:site_name\" content=\"Max\" \/>\n<meta property=\"article:modified_time\" content=\"2025-07-21T17:01:08+00:00\" \/>\n<meta property=\"og:image\" content=\"https:\/\/sadenir.com.uy\/max\/wp-content\/uploads\/sites\/4\/2020\/08\/MOCKUP-DOG-PL-AD-FRANGO-E-ARROZ-8397-ESQUERDA.png\" \/>\n\t<meta property=\"og:image:width\" content=\"2200\" \/>\n\t<meta property=\"og:image:height\" content=\"2500\" \/>\n\t<meta property=\"og:image:type\" content=\"image\/png\" \/>\n<meta name=\"twitter:card\" content=\"summary_large_image\" \/>\n<meta name=\"twitter:label1\" content=\"Tiempo de lectura\" \/>\n\t<meta name=\"twitter:data1\" content=\"2 minutos\" \/>\n<script type=\"application\/ld+json\" class=\"yoast-schema-graph\">{\"@context\":\"https:\/\/schema.org\",\"@graph\":[{\"@type\":\"WebPage\",\"@id\":\"https:\/\/sadenir.com.uy\/max\/product\/max-professional-line-performance-adultos\/\",\"url\":\"https:\/\/sadenir.com.uy\/max\/product\/max-professional-line-performance-adultos\/\",\"name\":\"Max Professional Line Performance Adultos - Alimentos para perros Max\",\"isPartOf\":{\"@id\":\"https:\/\/sadenir.com.uy\/max\/#website\"},\"primaryImageOfPage\":{\"@id\":\"https:\/\/sadenir.com.uy\/max\/product\/max-professional-line-performance-adultos\/#primaryimage\"},\"image\":{\"@id\":\"https:\/\/sadenir.com.uy\/max\/product\/max-professional-line-performance-adultos\/#primaryimage\"},\"thumbnailUrl\":\"https:\/\/sadenir.com.uy\/max\/wp-content\/uploads\/sites\/4\/2020\/08\/MOCKUP-DOG-PL-AD-FRANGO-E-ARROZ-8397-ESQUERDA.png\",\"datePublished\":\"2020-08-28T18:57:35+00:00\",\"dateModified\":\"2025-07-21T17:01:08+00:00\",\"description\":\"Con el alimento Premium Especial Max Professioanl Line Performance Adultos, tu perro se alimentar\u00e1 con un producto libre de colorantes.\",\"breadcrumb\":{\"@id\":\"https:\/\/sadenir.com.uy\/max\/product\/max-professional-line-performance-adultos\/#breadcrumb\"},\"inLanguage\":\"es-AR\",\"potentialAction\":[{\"@type\":\"ReadAction\",\"target\":[\"https:\/\/sadenir.com.uy\/max\/product\/max-professional-line-performance-adultos\/\"]}]},{\"@type\":\"ImageObject\",\"inLanguage\":\"es-AR\",\"@id\":\"https:\/\/sadenir.com.uy\/max\/product\/max-professional-line-performance-adultos\/#primaryimage\",\"url\":\"https:\/\/sadenir.com.uy\/max\/wp-content\/uploads\/sites\/4\/2020\/08\/MOCKUP-DOG-PL-AD-FRANGO-E-ARROZ-8397-ESQUERDA.png\",\"contentUrl\":\"https:\/\/sadenir.com.uy\/max\/wp-content\/uploads\/sites\/4\/2020\/08\/MOCKUP-DOG-PL-AD-FRANGO-E-ARROZ-8397-ESQUERDA.png\",\"width\":2200,\"height\":2500},{\"@type\":\"BreadcrumbList\",\"@id\":\"https:\/\/sadenir.com.uy\/max\/product\/max-professional-line-performance-adultos\/#breadcrumb\",\"itemListElement\":[{\"@type\":\"ListItem\",\"position\":1,\"name\":\"Inicio\",\"item\":\"https:\/\/sadenir.com.uy\/max\/\"},{\"@type\":\"ListItem\",\"position\":2,\"name\":\"Shop\",\"item\":\"https:\/\/sadenir.com.uy\/max\/shop\/\"},{\"@type\":\"ListItem\",\"position\":3,\"name\":\"Max Professional Line Performance Adultos Pollo &#038; Arroz\"}]},{\"@type\":\"WebSite\",\"@id\":\"https:\/\/sadenir.com.uy\/max\/#website\",\"url\":\"https:\/\/sadenir.com.uy\/max\/\",\"name\":\"Max\",\"description\":\"Excelencia en nutrici\u00f3n\",\"potentialAction\":[{\"@type\":\"SearchAction\",\"target\":{\"@type\":\"EntryPoint\",\"urlTemplate\":\"https:\/\/sadenir.com.uy\/max\/?s={search_term_string}\"},\"query-input\":{\"@type\":\"PropertyValueSpecification\",\"valueRequired\":true,\"valueName\":\"search_term_string\"}}],\"inLanguage\":\"es-AR\"}]}<\/script>\n<!-- \/ Yoast SEO plugin. -->","yoast_head_json":{"title":"Max Professional Line Performance Adultos - Alimentos para perros Max","description":"Con el alimento Premium Especial Max Professioanl Line Performance Adultos, tu perro se alimentar\u00e1 con un producto libre de colorantes.","robots":{"index":"index","follow":"follow","max-snippet":"max-snippet:-1","max-image-preview":"max-image-preview:large","max-video-preview":"max-video-preview:-1"},"canonical":"https:\/\/sadenir.com.uy\/max\/product\/max-professional-line-performance-adultos\/","og_locale":"es_ES","og_type":"article","og_title":"Max Professional Line Performance Adultos - Alimentos para perros Max","og_description":"Con el alimento Premium Especial Max Professioanl Line Performance Adultos, tu perro se alimentar\u00e1 con un producto libre de colorantes.","og_url":"https:\/\/sadenir.com.uy\/max\/product\/max-professional-line-performance-adultos\/","og_site_name":"Max","article_modified_time":"2025-07-21T17:01:08+00:00","og_image":[{"width":2200,"height":2500,"url":"https:\/\/sadenir.com.uy\/max\/wp-content\/uploads\/sites\/4\/2020\/08\/MOCKUP-DOG-PL-AD-FRANGO-E-ARROZ-8397-ESQUERDA.png","type":"image\/png"}],"twitter_card":"summary_large_image","twitter_misc":{"Tiempo de lectura":"2 minutos"},"schema":{"@context":"https:\/\/schema.org","@graph":[{"@type":"WebPage","@id":"https:\/\/sadenir.com.uy\/max\/product\/max-professional-line-performance-adultos\/","url":"https:\/\/sadenir.com.uy\/max\/product\/max-professional-line-performance-adultos\/","name":"Max Professional Line Performance Adultos - Alimentos para perros Max","isPartOf":{"@id":"https:\/\/sadenir.com.uy\/max\/#website"},"primaryImageOfPage":{"@id":"https:\/\/sadenir.com.uy\/max\/product\/max-professional-line-performance-adultos\/#primaryimage"},"image":{"@id":"https:\/\/sadenir.com.uy\/max\/product\/max-professional-line-performance-adultos\/#primaryimage"},"thumbnailUrl":"https:\/\/sadenir.com.uy\/max\/wp-content\/uploads\/sites\/4\/2020\/08\/MOCKUP-DOG-PL-AD-FRANGO-E-ARROZ-8397-ESQUERDA.png","datePublished":"2020-08-28T18:57:35+00:00","dateModified":"2025-07-21T17:01:08+00:00","description":"Con el alimento Premium Especial Max Professioanl Line Performance Adultos, tu perro se alimentar\u00e1 con un producto libre de colorantes.","breadcrumb":{"@id":"https:\/\/sadenir.com.uy\/max\/product\/max-professional-line-performance-adultos\/#breadcrumb"},"inLanguage":"es-AR","potentialAction":[{"@type":"ReadAction","target":["https:\/\/sadenir.com.uy\/max\/product\/max-professional-line-performance-adultos\/"]}]},{"@type":"ImageObject","inLanguage":"es-AR","@id":"https:\/\/sadenir.com.uy\/max\/product\/max-professional-line-performance-adultos\/#primaryimage","url":"https:\/\/sadenir.com.uy\/max\/wp-content\/uploads\/sites\/4\/2020\/08\/MOCKUP-DOG-PL-AD-FRANGO-E-ARROZ-8397-ESQUERDA.png","contentUrl":"https:\/\/sadenir.com.uy\/max\/wp-content\/uploads\/sites\/4\/2020\/08\/MOCKUP-DOG-PL-AD-FRANGO-E-ARROZ-8397-ESQUERDA.png","width":2200,"height":2500},{"@type":"BreadcrumbList","@id":"https:\/\/sadenir.com.uy\/max\/product\/max-professional-line-performance-adultos\/#breadcrumb","itemListElement":[{"@type":"ListItem","position":1,"name":"Inicio","item":"https:\/\/sadenir.com.uy\/max\/"},{"@type":"ListItem","position":2,"name":"Shop","item":"https:\/\/sadenir.com.uy\/max\/shop\/"},{"@type":"ListItem","position":3,"name":"Max Professional Line Performance Adultos Pollo &#038; Arroz"}]},{"@type":"WebSite","@id":"https:\/\/sadenir.com.uy\/max\/#website","url":"https:\/\/sadenir.com.uy\/max\/","name":"Max","description":"Excelencia en nutrici\u00f3n","potentialAction":[{"@type":"SearchAction","target":{"@type":"EntryPoint","urlTemplate":"https:\/\/sadenir.com.uy\/max\/?s={search_term_string}"},"query-input":{"@type":"PropertyValueSpecification","valueRequired":true,"valueName":"search_term_string"}}],"inLanguage":"es-AR"}]}},"_links":{"self":[{"href":"https:\/\/sadenir.com.uy\/max\/wp-json\/wp\/v2\/product\/6002","targetHints":{"allow":["GET"]}}],"collection":[{"href":"https:\/\/sadenir.com.uy\/max\/wp-json\/wp\/v2\/product"}],"about":[{"href":"https:\/\/sadenir.com.uy\/max\/wp-json\/wp\/v2\/types\/product"}],"wp:featuredmedia":[{"embeddable":true,"href":"https:\/\/sadenir.com.uy\/max\/wp-json\/wp\/v2\/media\/7604"}],"wp:attachment":[{"href":"https:\/\/sadenir.com.uy\/max\/wp-json\/wp\/v2\/media?parent=6002"}],"wp:term":[{"taxonomy":"product_brand","embeddable":true,"href":"https:\/\/sadenir.com.uy\/max\/wp-json\/wp\/v2\/product_brand?post=6002"},{"taxonomy":"product_cat","embeddable":true,"href":"https:\/\/sadenir.com.uy\/max\/wp-json\/wp\/v2\/product_cat?post=6002"},{"taxonomy":"product_tag","embeddable":true,"href":"https:\/\/sadenir.com.uy\/max\/wp-json\/wp\/v2\/product_tag?post=6002"}],"curies":[{"name":"wp","href":"https:\/\/api.w.org\/{rel}","templated":true}]}}