{"id":6003,"date":"2020-08-28T19:05:23","date_gmt":"2020-08-28T19:05:23","guid":{"rendered":"https:\/\/www.andresdicamillo.com\/sadenir\/max\/?post_type=product&#038;p=6003"},"modified":"2025-07-21T17:35:26","modified_gmt":"2025-07-21T17:35:26","slug":"max-mature","status":"publish","type":"product","link":"https:\/\/sadenir.com.uy\/max\/product\/max-mature\/","title":{"rendered":"Max Professional Line Adultos Mature +7 Pollo &#038; Arroz"},"content":{"rendered":"<h3>Composici\u00f3n B\u00e1sica\u00a0<i class=\"fa fa-caret-down\"><\/i><\/h3>\n<p>Carne mec\u00e1nicamente separada de pollo, sulfato de condroitina, sulfato de glucosamina, harina de menudos de pollo, grasa de Pollo, ma\u00edz integral molido, germen de ma\u00edz desgrasado, sorgo integral, arroz medio grano, afrecho de trigo, semilla de linaza, afrecho de soja, levadura seca de cervecer\u00eda, cloruro de Sodio (sal com\u00fan), fosfato dic\u00e1lcico, cloruro de potasio, L-carnitina, propionato de calcio y\/o \u00e1cido propi\u00f3nico, propionato de amonio y \u00e1cido ac\u00e9tico, manano-oligosac\u00e1ridos, aditivo antioxidante\u00a0 (BHA, BHT), hidrolizado de pollo y h\u00edgado de cerdo y\/o hidrolizado de h\u00edgado de aves y\/o hidrolizado de menudos de pollo, suplemento vitam\u00ednico mineral.<\/p>\n<h3><strong>An\u00e1lisis Nutricional <\/strong><\/h3>\n<p>Prote\u00edna Bruta (m\u00edn.) (24%), Grasas (m\u00edn.) (6%), Fibras (m\u00e1x.) (6%), Materia Mineral (m\u00e1x.) (11%), Humedad (m\u00e1x.) (12%), Calcio (m\u00e1x.) (2,2%), F\u00f3sforo (m\u00edn.) (1%), L-Carnitina\u00a0 (m\u00edn.) (0,02%), Manano-oligosac\u00e1ridos (m\u00edn.) (0,1%).<\/p>\n<h3><strong style=\"font-size: 16px;\">Enriquecimiento\u00a0<\/strong><\/h3>\n<p>Vitamina A (12000 U.I.),\u00a0 Vitamina B1 (8 mg),\u00a0 Vitamina B12 (120 mcg),\u00a0 Vitamina B2 (8 mg),\u00a0 Vitamina B6 (8 mg),\u00a0 \u00c1cido F\u00f3lico (1 mg),\u00a0 \u00c1cido Pantot\u00e9nico (20 mg),\u00a0 Vitamina D (900 U.I.),\u00a0 Vitamina H (0,5 mg),\u00a0 Vitamina K (1,5 mg),\u00a0 Vitamina PP (50 mg),\u00a0 Vitamina E (450 U.I.),\u00a0 Sodio (2 g),\u00a0 Potasio (4,5 g),\u00a0 Cobre (15 mg),\u00a0 Hierro (80 mg),\u00a0 Selenio (0,2 mg),\u00a0 Manganeso (60 mg),\u00a0 Zinc (120 mg),\u00a0 Yodo (1,5 mg).<\/p>\n","protected":false},"excerpt":{"rendered":"<p>Max Mature +7 Pollo &amp; Arroz, es un alimento Premium Especial nutricionalmente balanceado, desarrollado para perros mayores con m\u00e1s de 7 a\u00f1os de edad. Con mayor aporte de prote\u00ednas y equilibrio de las fibras, el producto lleva, adem\u00e1s, en su composici\u00f3n, prebi\u00f3ticos, para heces m\u00e1s firmes. Otro diferencial importante para el bienestar de los perros en esta fase de vida es la presencia de condroitina y glucosamina, que contribuyen a las articulaciones m\u00e1s saludables.<\/p>\n","protected":false},"featured_media":7619,"template":"","meta":{"pgc_sgb_lightbox_settings":""},"product_brand":[],"product_cat":[74,43,61],"product_tag":[],"class_list":{"0":"post-6003","1":"product","2":"type-product","3":"status-publish","4":"has-post-thumbnail","6":"product_cat-max-professional","7":"product_cat-perros","8":"product_cat-edades-avanzadas","10":"first","11":"instock","12":"shipping-taxable","13":"product-type-simple"},"yoast_head":"<!-- This site is optimized with the Yoast SEO plugin v26.1.1 - https:\/\/yoast.com\/wordpress\/plugins\/seo\/ -->\n<title>Max Mature +7 - Alimentos para perros Max Professional Line<\/title>\n<meta name=\"description\" content=\"Max Mature +7 Pollo &amp; Arroz es un alimento para perros Premium Especial, formulado especialmente para perros mayores de 7 a\u00f1os de edad.\" \/>\n<meta name=\"robots\" content=\"index, follow, max-snippet:-1, max-image-preview:large, max-video-preview:-1\" \/>\n<link rel=\"canonical\" href=\"https:\/\/sadenir.com.uy\/max\/product\/max-mature\/\" \/>\n<meta property=\"og:locale\" content=\"es_ES\" \/>\n<meta property=\"og:type\" content=\"article\" \/>\n<meta property=\"og:title\" content=\"Max Mature +7 - Alimentos para perros Max Professional Line\" \/>\n<meta property=\"og:description\" content=\"Max Mature +7 Pollo &amp; Arroz es un alimento para perros Premium Especial, formulado especialmente para perros mayores de 7 a\u00f1os de edad.\" \/>\n<meta property=\"og:url\" content=\"https:\/\/sadenir.com.uy\/max\/product\/max-mature\/\" \/>\n<meta property=\"og:site_name\" content=\"Max\" \/>\n<meta property=\"article:modified_time\" content=\"2025-07-21T17:35:26+00:00\" \/>\n<meta property=\"og:image\" content=\"https:\/\/sadenir.com.uy\/max\/wp-content\/uploads\/sites\/4\/2020\/08\/MOCKUP-DOG-PL-AD-MAT7-FRANGO-E-ARROZ-8409-ESQUERDA.png\" \/>\n\t<meta property=\"og:image:width\" content=\"2200\" \/>\n\t<meta property=\"og:image:height\" content=\"2500\" \/>\n\t<meta property=\"og:image:type\" content=\"image\/png\" \/>\n<meta name=\"twitter:card\" content=\"summary_large_image\" \/>\n<meta name=\"twitter:label1\" content=\"Tiempo de lectura\" \/>\n\t<meta name=\"twitter:data1\" content=\"2 minutos\" \/>\n<script type=\"application\/ld+json\" class=\"yoast-schema-graph\">{\"@context\":\"https:\/\/schema.org\",\"@graph\":[{\"@type\":\"WebPage\",\"@id\":\"https:\/\/sadenir.com.uy\/max\/product\/max-mature\/\",\"url\":\"https:\/\/sadenir.com.uy\/max\/product\/max-mature\/\",\"name\":\"Max Mature +7 - Alimentos para perros Max Professional Line\",\"isPartOf\":{\"@id\":\"https:\/\/sadenir.com.uy\/max\/#website\"},\"primaryImageOfPage\":{\"@id\":\"https:\/\/sadenir.com.uy\/max\/product\/max-mature\/#primaryimage\"},\"image\":{\"@id\":\"https:\/\/sadenir.com.uy\/max\/product\/max-mature\/#primaryimage\"},\"thumbnailUrl\":\"https:\/\/sadenir.com.uy\/max\/wp-content\/uploads\/sites\/4\/2020\/08\/MOCKUP-DOG-PL-AD-MAT7-FRANGO-E-ARROZ-8409-ESQUERDA.png\",\"datePublished\":\"2020-08-28T19:05:23+00:00\",\"dateModified\":\"2025-07-21T17:35:26+00:00\",\"description\":\"Max Mature +7 Pollo & Arroz es un alimento para perros Premium Especial, formulado especialmente para perros mayores de 7 a\u00f1os de edad.\",\"breadcrumb\":{\"@id\":\"https:\/\/sadenir.com.uy\/max\/product\/max-mature\/#breadcrumb\"},\"inLanguage\":\"es-AR\",\"potentialAction\":[{\"@type\":\"ReadAction\",\"target\":[\"https:\/\/sadenir.com.uy\/max\/product\/max-mature\/\"]}]},{\"@type\":\"ImageObject\",\"inLanguage\":\"es-AR\",\"@id\":\"https:\/\/sadenir.com.uy\/max\/product\/max-mature\/#primaryimage\",\"url\":\"https:\/\/sadenir.com.uy\/max\/wp-content\/uploads\/sites\/4\/2020\/08\/MOCKUP-DOG-PL-AD-MAT7-FRANGO-E-ARROZ-8409-ESQUERDA.png\",\"contentUrl\":\"https:\/\/sadenir.com.uy\/max\/wp-content\/uploads\/sites\/4\/2020\/08\/MOCKUP-DOG-PL-AD-MAT7-FRANGO-E-ARROZ-8409-ESQUERDA.png\",\"width\":2200,\"height\":2500},{\"@type\":\"BreadcrumbList\",\"@id\":\"https:\/\/sadenir.com.uy\/max\/product\/max-mature\/#breadcrumb\",\"itemListElement\":[{\"@type\":\"ListItem\",\"position\":1,\"name\":\"Inicio\",\"item\":\"https:\/\/sadenir.com.uy\/max\/\"},{\"@type\":\"ListItem\",\"position\":2,\"name\":\"Shop\",\"item\":\"https:\/\/sadenir.com.uy\/max\/shop\/\"},{\"@type\":\"ListItem\",\"position\":3,\"name\":\"Max Professional Line Adultos Mature +7 Pollo &#038; Arroz\"}]},{\"@type\":\"WebSite\",\"@id\":\"https:\/\/sadenir.com.uy\/max\/#website\",\"url\":\"https:\/\/sadenir.com.uy\/max\/\",\"name\":\"Max\",\"description\":\"Excelencia en nutrici\u00f3n\",\"potentialAction\":[{\"@type\":\"SearchAction\",\"target\":{\"@type\":\"EntryPoint\",\"urlTemplate\":\"https:\/\/sadenir.com.uy\/max\/?s={search_term_string}\"},\"query-input\":{\"@type\":\"PropertyValueSpecification\",\"valueRequired\":true,\"valueName\":\"search_term_string\"}}],\"inLanguage\":\"es-AR\"}]}<\/script>\n<!-- \/ Yoast SEO plugin. -->","yoast_head_json":{"title":"Max Mature +7 - Alimentos para perros Max Professional Line","description":"Max Mature +7 Pollo & Arroz es un alimento para perros Premium Especial, formulado especialmente para perros mayores de 7 a\u00f1os de edad.","robots":{"index":"index","follow":"follow","max-snippet":"max-snippet:-1","max-image-preview":"max-image-preview:large","max-video-preview":"max-video-preview:-1"},"canonical":"https:\/\/sadenir.com.uy\/max\/product\/max-mature\/","og_locale":"es_ES","og_type":"article","og_title":"Max Mature +7 - Alimentos para perros Max Professional Line","og_description":"Max Mature +7 Pollo & Arroz es un alimento para perros Premium Especial, formulado especialmente para perros mayores de 7 a\u00f1os de edad.","og_url":"https:\/\/sadenir.com.uy\/max\/product\/max-mature\/","og_site_name":"Max","article_modified_time":"2025-07-21T17:35:26+00:00","og_image":[{"width":2200,"height":2500,"url":"https:\/\/sadenir.com.uy\/max\/wp-content\/uploads\/sites\/4\/2020\/08\/MOCKUP-DOG-PL-AD-MAT7-FRANGO-E-ARROZ-8409-ESQUERDA.png","type":"image\/png"}],"twitter_card":"summary_large_image","twitter_misc":{"Tiempo de lectura":"2 minutos"},"schema":{"@context":"https:\/\/schema.org","@graph":[{"@type":"WebPage","@id":"https:\/\/sadenir.com.uy\/max\/product\/max-mature\/","url":"https:\/\/sadenir.com.uy\/max\/product\/max-mature\/","name":"Max Mature +7 - Alimentos para perros Max Professional Line","isPartOf":{"@id":"https:\/\/sadenir.com.uy\/max\/#website"},"primaryImageOfPage":{"@id":"https:\/\/sadenir.com.uy\/max\/product\/max-mature\/#primaryimage"},"image":{"@id":"https:\/\/sadenir.com.uy\/max\/product\/max-mature\/#primaryimage"},"thumbnailUrl":"https:\/\/sadenir.com.uy\/max\/wp-content\/uploads\/sites\/4\/2020\/08\/MOCKUP-DOG-PL-AD-MAT7-FRANGO-E-ARROZ-8409-ESQUERDA.png","datePublished":"2020-08-28T19:05:23+00:00","dateModified":"2025-07-21T17:35:26+00:00","description":"Max Mature +7 Pollo & Arroz es un alimento para perros Premium Especial, formulado especialmente para perros mayores de 7 a\u00f1os de edad.","breadcrumb":{"@id":"https:\/\/sadenir.com.uy\/max\/product\/max-mature\/#breadcrumb"},"inLanguage":"es-AR","potentialAction":[{"@type":"ReadAction","target":["https:\/\/sadenir.com.uy\/max\/product\/max-mature\/"]}]},{"@type":"ImageObject","inLanguage":"es-AR","@id":"https:\/\/sadenir.com.uy\/max\/product\/max-mature\/#primaryimage","url":"https:\/\/sadenir.com.uy\/max\/wp-content\/uploads\/sites\/4\/2020\/08\/MOCKUP-DOG-PL-AD-MAT7-FRANGO-E-ARROZ-8409-ESQUERDA.png","contentUrl":"https:\/\/sadenir.com.uy\/max\/wp-content\/uploads\/sites\/4\/2020\/08\/MOCKUP-DOG-PL-AD-MAT7-FRANGO-E-ARROZ-8409-ESQUERDA.png","width":2200,"height":2500},{"@type":"BreadcrumbList","@id":"https:\/\/sadenir.com.uy\/max\/product\/max-mature\/#breadcrumb","itemListElement":[{"@type":"ListItem","position":1,"name":"Inicio","item":"https:\/\/sadenir.com.uy\/max\/"},{"@type":"ListItem","position":2,"name":"Shop","item":"https:\/\/sadenir.com.uy\/max\/shop\/"},{"@type":"ListItem","position":3,"name":"Max Professional Line Adultos Mature +7 Pollo &#038; Arroz"}]},{"@type":"WebSite","@id":"https:\/\/sadenir.com.uy\/max\/#website","url":"https:\/\/sadenir.com.uy\/max\/","name":"Max","description":"Excelencia en nutrici\u00f3n","potentialAction":[{"@type":"SearchAction","target":{"@type":"EntryPoint","urlTemplate":"https:\/\/sadenir.com.uy\/max\/?s={search_term_string}"},"query-input":{"@type":"PropertyValueSpecification","valueRequired":true,"valueName":"search_term_string"}}],"inLanguage":"es-AR"}]}},"_links":{"self":[{"href":"https:\/\/sadenir.com.uy\/max\/wp-json\/wp\/v2\/product\/6003","targetHints":{"allow":["GET"]}}],"collection":[{"href":"https:\/\/sadenir.com.uy\/max\/wp-json\/wp\/v2\/product"}],"about":[{"href":"https:\/\/sadenir.com.uy\/max\/wp-json\/wp\/v2\/types\/product"}],"wp:featuredmedia":[{"embeddable":true,"href":"https:\/\/sadenir.com.uy\/max\/wp-json\/wp\/v2\/media\/7619"}],"wp:attachment":[{"href":"https:\/\/sadenir.com.uy\/max\/wp-json\/wp\/v2\/media?parent=6003"}],"wp:term":[{"taxonomy":"product_brand","embeddable":true,"href":"https:\/\/sadenir.com.uy\/max\/wp-json\/wp\/v2\/product_brand?post=6003"},{"taxonomy":"product_cat","embeddable":true,"href":"https:\/\/sadenir.com.uy\/max\/wp-json\/wp\/v2\/product_cat?post=6003"},{"taxonomy":"product_tag","embeddable":true,"href":"https:\/\/sadenir.com.uy\/max\/wp-json\/wp\/v2\/product_tag?post=6003"}],"curies":[{"name":"wp","href":"https:\/\/api.w.org\/{rel}","templated":true}]}}