{"id":6004,"date":"2020-08-28T19:07:24","date_gmt":"2020-08-28T19:07:24","guid":{"rendered":"https:\/\/www.andresdicamillo.com\/sadenir\/max\/?post_type=product&#038;p=6004"},"modified":"2025-07-21T17:02:14","modified_gmt":"2025-07-21T17:02:14","slug":"max-professional-line-cachorros","status":"publish","type":"product","link":"https:\/\/sadenir.com.uy\/max\/product\/max-professional-line-cachorros\/","title":{"rendered":"Max Professional Line Performance Cachorros Pollo &#038; Arroz"},"content":{"rendered":"<div class=\"clearfix clearfixtotal\">\n<h3><strong>Composici\u00f3n B\u00e1sica<\/strong><i class=\"fa fa-caret-down\"><\/i><\/h3>\n<p>Carne mec\u00e1nicamente separada de pollo, harina de menudos de pollo, grasa de pollo, ma\u00edz integral molido, afrecho de gluten de ma\u00edz 60, sorgo integral, arroz medio grano, semilla de linaza, afrecho de soja, levadura seca de cervecer\u00eda, cloruro de sodio (sal com\u00fan), fosfato dic\u00e1lcico, cloruro de potasio, propionato de calcio y\/o \u00e1cido propi\u00f3nico, propionato de amonio y \u00e1cido ac\u00e9tico, manano-oligosac\u00e1ridos, aditivo antioxidante\u00a0 (BHA, BHT), hidrolizado de pollo y h\u00edgado de cerdo y\/o hidrolizado de h\u00edgado de aves y\/o hidrolizado de menudos de pollo, suplemento vitam\u00ednico mineral.<\/p>\n<\/div>\n<div class=\"clearfix clearfixtotal\">\n<h3><strong>An\u00e1lisis Nutricional<\/strong><i class=\"fa fa-caret-down\"><\/i><\/h3>\n<p>Prote\u00edna Bruta (m\u00edn.) (28%), Grasas (m\u00edn.) (12%), Fibras (m\u00e1x.) (4%), Materia Mineral (m\u00e1x.) (11%), Humedad (m\u00e1x) (12%), Calcio (m\u00e1x.) (2,4%), F\u00f3sforo (m\u00edn.) (1%), Manano-oligosac\u00e1ridos (min.) (0,1%).<\/p>\n<p><strong>Enriquecimiento<\/strong><\/p>\n<\/div>\n<p>Vitamina A (15000 U.I.), Vitamina B1 (10 mg), Vitamina B12 (150 mcg), Vitamina B2 (10 mg), Vitamina B6 (10 mg), \u00c1cido F\u00f3lico (1,25 mg), \u00c1cido Pantot\u00e9nico (25 mg), Vitamina D (1125 U.I.), Vitamina H (0,625 mg), Vitamina K (1,875 mg), Vitamina PP (62,5 mg), Vitamina E (562,5 U.I.), Sodio (3 g), Potasio (6,5 g), Cobre (15 mg), Hierro (80 mg), Selenio (0,2 mg), Manganeso (60 mg), Zinc (120 mg), Yodo (1,5 mg).<\/p>\n","protected":false},"excerpt":{"rendered":"<p>Acaba de llegar a tu casa un nuevo miembro de la familia. Con Max Performance Cachorros Pollo &amp; Arroz, le ofreces un alimento libre de colorantes y aromatizantes artificiales. Producido con prote\u00ednas de alta calidad e ingredientes seleccionados, como linaza \u2013 fuente de omega 3 \u2013 y arroz \u2013 excelente fuente de carbohidratos. Tambi\u00e9n cuenta con prebi\u00f3ticos, para heces m\u00e1s firmes, y calcio, para huesos y dientes m\u00e1s fuertes y saludables. Aprovecha ese momento especial ofreciendo un alimento Premium Especial.<\/p>\n","protected":false},"featured_media":7607,"template":"","meta":{"pgc_sgb_lightbox_settings":""},"product_brand":[],"product_cat":[74,43,59],"product_tag":[],"class_list":{"0":"post-6004","1":"product","2":"type-product","3":"status-publish","4":"has-post-thumbnail","6":"product_cat-max-professional","7":"product_cat-perros","8":"product_cat-cachorros","10":"first","11":"instock","12":"shipping-taxable","13":"product-type-simple"},"yoast_head":"<!-- This site is optimized with the Yoast SEO plugin v26.1.1 - https:\/\/yoast.com\/wordpress\/plugins\/seo\/ -->\n<title>Max Professional Line Cachorros - Alimentos para cachorros Max<\/title>\n<meta name=\"description\" content=\"El alimento para cachorros Max Performance Cachorros Pollo &amp; Arroz es una opci\u00f3n libre de colorantes para asegurar un crecimiento saludable.\" \/>\n<meta name=\"robots\" content=\"index, follow, max-snippet:-1, max-image-preview:large, max-video-preview:-1\" \/>\n<link rel=\"canonical\" href=\"https:\/\/sadenir.com.uy\/max\/product\/max-professional-line-cachorros\/\" \/>\n<meta property=\"og:locale\" content=\"es_ES\" \/>\n<meta property=\"og:type\" content=\"article\" \/>\n<meta property=\"og:title\" content=\"Max Professional Line Cachorros - Alimentos para cachorros Max\" \/>\n<meta property=\"og:description\" content=\"El alimento para cachorros Max Performance Cachorros Pollo &amp; Arroz es una opci\u00f3n libre de colorantes para asegurar un crecimiento saludable.\" \/>\n<meta property=\"og:url\" content=\"https:\/\/sadenir.com.uy\/max\/product\/max-professional-line-cachorros\/\" \/>\n<meta property=\"og:site_name\" content=\"Max\" \/>\n<meta property=\"article:modified_time\" content=\"2025-07-21T17:02:14+00:00\" \/>\n<meta property=\"og:image\" content=\"https:\/\/sadenir.com.uy\/max\/wp-content\/uploads\/sites\/4\/2020\/08\/MOCKUP-DOG-PL-FHT-FRANGO-E-ARROZ-8402-ESQUERDA.png\" \/>\n\t<meta property=\"og:image:width\" content=\"2200\" \/>\n\t<meta property=\"og:image:height\" content=\"2500\" \/>\n\t<meta property=\"og:image:type\" content=\"image\/png\" \/>\n<meta name=\"twitter:card\" content=\"summary_large_image\" \/>\n<meta name=\"twitter:label1\" content=\"Tiempo de lectura\" \/>\n\t<meta name=\"twitter:data1\" content=\"2 minutos\" \/>\n<script type=\"application\/ld+json\" class=\"yoast-schema-graph\">{\"@context\":\"https:\/\/schema.org\",\"@graph\":[{\"@type\":\"WebPage\",\"@id\":\"https:\/\/sadenir.com.uy\/max\/product\/max-professional-line-cachorros\/\",\"url\":\"https:\/\/sadenir.com.uy\/max\/product\/max-professional-line-cachorros\/\",\"name\":\"Max Professional Line Cachorros - Alimentos para cachorros Max\",\"isPartOf\":{\"@id\":\"https:\/\/sadenir.com.uy\/max\/#website\"},\"primaryImageOfPage\":{\"@id\":\"https:\/\/sadenir.com.uy\/max\/product\/max-professional-line-cachorros\/#primaryimage\"},\"image\":{\"@id\":\"https:\/\/sadenir.com.uy\/max\/product\/max-professional-line-cachorros\/#primaryimage\"},\"thumbnailUrl\":\"https:\/\/sadenir.com.uy\/max\/wp-content\/uploads\/sites\/4\/2020\/08\/MOCKUP-DOG-PL-FHT-FRANGO-E-ARROZ-8402-ESQUERDA.png\",\"datePublished\":\"2020-08-28T19:07:24+00:00\",\"dateModified\":\"2025-07-21T17:02:14+00:00\",\"description\":\"El alimento para cachorros Max Performance Cachorros Pollo & Arroz es una opci\u00f3n libre de colorantes para asegurar un crecimiento saludable.\",\"breadcrumb\":{\"@id\":\"https:\/\/sadenir.com.uy\/max\/product\/max-professional-line-cachorros\/#breadcrumb\"},\"inLanguage\":\"es-AR\",\"potentialAction\":[{\"@type\":\"ReadAction\",\"target\":[\"https:\/\/sadenir.com.uy\/max\/product\/max-professional-line-cachorros\/\"]}]},{\"@type\":\"ImageObject\",\"inLanguage\":\"es-AR\",\"@id\":\"https:\/\/sadenir.com.uy\/max\/product\/max-professional-line-cachorros\/#primaryimage\",\"url\":\"https:\/\/sadenir.com.uy\/max\/wp-content\/uploads\/sites\/4\/2020\/08\/MOCKUP-DOG-PL-FHT-FRANGO-E-ARROZ-8402-ESQUERDA.png\",\"contentUrl\":\"https:\/\/sadenir.com.uy\/max\/wp-content\/uploads\/sites\/4\/2020\/08\/MOCKUP-DOG-PL-FHT-FRANGO-E-ARROZ-8402-ESQUERDA.png\",\"width\":2200,\"height\":2500},{\"@type\":\"BreadcrumbList\",\"@id\":\"https:\/\/sadenir.com.uy\/max\/product\/max-professional-line-cachorros\/#breadcrumb\",\"itemListElement\":[{\"@type\":\"ListItem\",\"position\":1,\"name\":\"Inicio\",\"item\":\"https:\/\/sadenir.com.uy\/max\/\"},{\"@type\":\"ListItem\",\"position\":2,\"name\":\"Shop\",\"item\":\"https:\/\/sadenir.com.uy\/max\/shop\/\"},{\"@type\":\"ListItem\",\"position\":3,\"name\":\"Max Professional Line Performance Cachorros Pollo &#038; Arroz\"}]},{\"@type\":\"WebSite\",\"@id\":\"https:\/\/sadenir.com.uy\/max\/#website\",\"url\":\"https:\/\/sadenir.com.uy\/max\/\",\"name\":\"Max\",\"description\":\"Excelencia en nutrici\u00f3n\",\"potentialAction\":[{\"@type\":\"SearchAction\",\"target\":{\"@type\":\"EntryPoint\",\"urlTemplate\":\"https:\/\/sadenir.com.uy\/max\/?s={search_term_string}\"},\"query-input\":{\"@type\":\"PropertyValueSpecification\",\"valueRequired\":true,\"valueName\":\"search_term_string\"}}],\"inLanguage\":\"es-AR\"}]}<\/script>\n<!-- \/ Yoast SEO plugin. -->","yoast_head_json":{"title":"Max Professional Line Cachorros - Alimentos para cachorros Max","description":"El alimento para cachorros Max Performance Cachorros Pollo & Arroz es una opci\u00f3n libre de colorantes para asegurar un crecimiento saludable.","robots":{"index":"index","follow":"follow","max-snippet":"max-snippet:-1","max-image-preview":"max-image-preview:large","max-video-preview":"max-video-preview:-1"},"canonical":"https:\/\/sadenir.com.uy\/max\/product\/max-professional-line-cachorros\/","og_locale":"es_ES","og_type":"article","og_title":"Max Professional Line Cachorros - Alimentos para cachorros Max","og_description":"El alimento para cachorros Max Performance Cachorros Pollo & Arroz es una opci\u00f3n libre de colorantes para asegurar un crecimiento saludable.","og_url":"https:\/\/sadenir.com.uy\/max\/product\/max-professional-line-cachorros\/","og_site_name":"Max","article_modified_time":"2025-07-21T17:02:14+00:00","og_image":[{"width":2200,"height":2500,"url":"https:\/\/sadenir.com.uy\/max\/wp-content\/uploads\/sites\/4\/2020\/08\/MOCKUP-DOG-PL-FHT-FRANGO-E-ARROZ-8402-ESQUERDA.png","type":"image\/png"}],"twitter_card":"summary_large_image","twitter_misc":{"Tiempo de lectura":"2 minutos"},"schema":{"@context":"https:\/\/schema.org","@graph":[{"@type":"WebPage","@id":"https:\/\/sadenir.com.uy\/max\/product\/max-professional-line-cachorros\/","url":"https:\/\/sadenir.com.uy\/max\/product\/max-professional-line-cachorros\/","name":"Max Professional Line Cachorros - Alimentos para cachorros Max","isPartOf":{"@id":"https:\/\/sadenir.com.uy\/max\/#website"},"primaryImageOfPage":{"@id":"https:\/\/sadenir.com.uy\/max\/product\/max-professional-line-cachorros\/#primaryimage"},"image":{"@id":"https:\/\/sadenir.com.uy\/max\/product\/max-professional-line-cachorros\/#primaryimage"},"thumbnailUrl":"https:\/\/sadenir.com.uy\/max\/wp-content\/uploads\/sites\/4\/2020\/08\/MOCKUP-DOG-PL-FHT-FRANGO-E-ARROZ-8402-ESQUERDA.png","datePublished":"2020-08-28T19:07:24+00:00","dateModified":"2025-07-21T17:02:14+00:00","description":"El alimento para cachorros Max Performance Cachorros Pollo & Arroz es una opci\u00f3n libre de colorantes para asegurar un crecimiento saludable.","breadcrumb":{"@id":"https:\/\/sadenir.com.uy\/max\/product\/max-professional-line-cachorros\/#breadcrumb"},"inLanguage":"es-AR","potentialAction":[{"@type":"ReadAction","target":["https:\/\/sadenir.com.uy\/max\/product\/max-professional-line-cachorros\/"]}]},{"@type":"ImageObject","inLanguage":"es-AR","@id":"https:\/\/sadenir.com.uy\/max\/product\/max-professional-line-cachorros\/#primaryimage","url":"https:\/\/sadenir.com.uy\/max\/wp-content\/uploads\/sites\/4\/2020\/08\/MOCKUP-DOG-PL-FHT-FRANGO-E-ARROZ-8402-ESQUERDA.png","contentUrl":"https:\/\/sadenir.com.uy\/max\/wp-content\/uploads\/sites\/4\/2020\/08\/MOCKUP-DOG-PL-FHT-FRANGO-E-ARROZ-8402-ESQUERDA.png","width":2200,"height":2500},{"@type":"BreadcrumbList","@id":"https:\/\/sadenir.com.uy\/max\/product\/max-professional-line-cachorros\/#breadcrumb","itemListElement":[{"@type":"ListItem","position":1,"name":"Inicio","item":"https:\/\/sadenir.com.uy\/max\/"},{"@type":"ListItem","position":2,"name":"Shop","item":"https:\/\/sadenir.com.uy\/max\/shop\/"},{"@type":"ListItem","position":3,"name":"Max Professional Line Performance Cachorros Pollo &#038; Arroz"}]},{"@type":"WebSite","@id":"https:\/\/sadenir.com.uy\/max\/#website","url":"https:\/\/sadenir.com.uy\/max\/","name":"Max","description":"Excelencia en nutrici\u00f3n","potentialAction":[{"@type":"SearchAction","target":{"@type":"EntryPoint","urlTemplate":"https:\/\/sadenir.com.uy\/max\/?s={search_term_string}"},"query-input":{"@type":"PropertyValueSpecification","valueRequired":true,"valueName":"search_term_string"}}],"inLanguage":"es-AR"}]}},"_links":{"self":[{"href":"https:\/\/sadenir.com.uy\/max\/wp-json\/wp\/v2\/product\/6004","targetHints":{"allow":["GET"]}}],"collection":[{"href":"https:\/\/sadenir.com.uy\/max\/wp-json\/wp\/v2\/product"}],"about":[{"href":"https:\/\/sadenir.com.uy\/max\/wp-json\/wp\/v2\/types\/product"}],"wp:featuredmedia":[{"embeddable":true,"href":"https:\/\/sadenir.com.uy\/max\/wp-json\/wp\/v2\/media\/7607"}],"wp:attachment":[{"href":"https:\/\/sadenir.com.uy\/max\/wp-json\/wp\/v2\/media?parent=6004"}],"wp:term":[{"taxonomy":"product_brand","embeddable":true,"href":"https:\/\/sadenir.com.uy\/max\/wp-json\/wp\/v2\/product_brand?post=6004"},{"taxonomy":"product_cat","embeddable":true,"href":"https:\/\/sadenir.com.uy\/max\/wp-json\/wp\/v2\/product_cat?post=6004"},{"taxonomy":"product_tag","embeddable":true,"href":"https:\/\/sadenir.com.uy\/max\/wp-json\/wp\/v2\/product_tag?post=6004"}],"curies":[{"name":"wp","href":"https:\/\/api.w.org\/{rel}","templated":true}]}}