{"id":6015,"date":"2020-09-01T21:41:15","date_gmt":"2020-09-01T21:41:15","guid":{"rendered":"https:\/\/www.andresdicamillo.com\/sadenir\/max\/?post_type=product&#038;p=6015"},"modified":"2025-07-21T17:51:45","modified_gmt":"2025-07-21T17:51:45","slug":"max-gatos-castrados","status":"publish","type":"product","link":"https:\/\/sadenir.com.uy\/max\/product\/max-gatos-castrados\/","title":{"rendered":"Max Cat Professional Line Gatos Castrados Pollo"},"content":{"rendered":"<h3><strong>Composici\u00f3n b\u00e1sica<\/strong><\/h3>\n<p>Carne mec\u00e1nicamente separada de pollo, Harina de menudos de pollo, Grasa de Pollo , Ma\u00edz integral molido, Afrecho de gluten de ma\u00edz 60, Arroz medio grano, Semilla de linaza, Afrecho de soja, Aceite mineral, Celulose en polvo, Levadura seca de cervecer\u00eda, Fosfato dic\u00e1lcico, Cloruro de Sodio (sal com\u00fan), Cloruro de potasio, DL-metionina y\/o metionina, L-carnitina, Taurina, Cloruro de colina, Extracto de Yucca Schidigera, Aditivo antioxidante (BHA, BHT), propionato de calcio y\/o \u00e1cido propi\u00f3nico, propionato de amonio y \u00e1cido ac\u00e9tico, , \u00e1cido fosf\u00f3rico y\/o \u00e1cido c\u00edtrico, cloruro de amonio, sulfato de amonio, hidrolizado de pollo y pescado y\/o hidrolizado de h\u00edgado de aves y\/o hidrolizado de h\u00edgado de cerdo, suplemento vitam\u00ednico mineral.<\/p>\n<h3><strong>An\u00e1lisis nutricional<\/strong><\/h3>\n<p>Prote\u00edna Bruta (m\u00edn.) (34%), Grasas (m\u00edn.) (9%), Fibras (m\u00e1x.) (5,5%), Materia Mineral (m\u00e1x.) (10%), Humedad (m\u00e1x) (12%), Calcio (m\u00e1x.) (1,5%), F\u00f3sforo (m\u00edn.) (0,7%), DL-metionina (m\u00edn.) (0,57%), L-carnitina (m\u00edn.) (0,02%).<\/p>\n<h3><span style=\"font-size: 16px;\">Enriquecimiento<\/span><\/h3>\n<p>Vitamina A (10000 U.I.), Vitamina B1 (6,5 mg), Vitamina B12 (20 mcg), Vitamina B2 (6,5 mg), Vitamina B6 (8 mg), \u00c1cido F\u00f3lico (1 mg), \u00c1cido Pantot\u00e9nico (10 mg), Vitamina D (700 U.I.), Vitamina H (0,1 mg), Vitamina K (1 mg), Vitamina PP (70 mg), Vitamina E (450 U.I.), vitamina C (20 mg), Colina (2200 mg), Sodio (3 g), Potasio (6 g), Cobre (15 mg), Hierro (100 mg), Selenio (0,3 mg), Manganeso (20 mg), Zinc (120 mg), Yodo (2 mg), Taurina (1000 mg).<\/p>\n","protected":false},"excerpt":{"rendered":"<div class=\"descricao\">\n<p>Max Cat Gatos Castrados es un alimento para gatos completamente suculento e ideal en el combate contra la ganancia de peso de tu amigo despu\u00e9s de la castraci\u00f3n. Elaboramos un alimento producido sin colorantes con ingredientes seleccionados, con L-carnitina que libera mucha energ\u00eda metab\u00f3lica para tu gato. El alimento es producido por especialistas para tener nutrientes espec\u00edficos para una recuperaci\u00f3n y vida sana, manteniendo a tu gato siempre satisfecho y feliz, ayudando directamente en la salud del tracto urinario y tambi\u00e9n en el coraz\u00f3n de tu mascota. Dale lo mejor a tu amigo y aprovechen los mejores momentos juntos.<\/p>\n<\/div>\n","protected":false},"featured_media":7631,"template":"","meta":{"pgc_sgb_lightbox_settings":""},"product_brand":[],"product_cat":[74,44,66],"product_tag":[],"class_list":{"0":"post-6015","1":"product","2":"type-product","3":"status-publish","4":"has-post-thumbnail","6":"product_cat-max-professional","7":"product_cat-gatos","8":"product_cat-adultos-gatos","10":"first","11":"instock","12":"shipping-taxable","13":"product-type-simple"},"yoast_head":"<!-- This site is optimized with the Yoast SEO plugin v26.1.1 - https:\/\/yoast.com\/wordpress\/plugins\/seo\/ -->\n<title>Max Gatos Castrados - Alimentos para gatos Max Cat Professional Line<\/title>\n<meta name=\"description\" content=\"Max Gatos Castrados es un alimento para gatos ideal para el combate contra la ganancia de peso de tu gato despu\u00e9s de la castraci\u00f3n.\" \/>\n<meta name=\"robots\" content=\"index, follow, max-snippet:-1, max-image-preview:large, max-video-preview:-1\" \/>\n<link rel=\"canonical\" href=\"https:\/\/sadenir.com.uy\/max\/product\/max-gatos-castrados\/\" \/>\n<meta property=\"og:locale\" content=\"es_ES\" \/>\n<meta property=\"og:type\" content=\"article\" \/>\n<meta property=\"og:title\" content=\"Max Gatos Castrados - Alimentos para gatos Max Cat Professional Line\" \/>\n<meta property=\"og:description\" content=\"Max Gatos Castrados es un alimento para gatos ideal para el combate contra la ganancia de peso de tu gato despu\u00e9s de la castraci\u00f3n.\" \/>\n<meta property=\"og:url\" content=\"https:\/\/sadenir.com.uy\/max\/product\/max-gatos-castrados\/\" \/>\n<meta property=\"og:site_name\" content=\"Max\" \/>\n<meta property=\"article:modified_time\" content=\"2025-07-21T17:51:45+00:00\" \/>\n<meta property=\"og:image\" content=\"https:\/\/sadenir.com.uy\/max\/wp-content\/uploads\/sites\/4\/2020\/09\/MAX-PL-CAT-NEUTRED-CHICKEN-20KG-8412-ESQUERDA.png\" \/>\n\t<meta property=\"og:image:width\" content=\"1650\" \/>\n\t<meta property=\"og:image:height\" content=\"1875\" \/>\n\t<meta property=\"og:image:type\" content=\"image\/png\" \/>\n<meta name=\"twitter:card\" content=\"summary_large_image\" \/>\n<meta name=\"twitter:label1\" content=\"Tiempo de lectura\" \/>\n\t<meta name=\"twitter:data1\" content=\"2 minutos\" \/>\n<script type=\"application\/ld+json\" class=\"yoast-schema-graph\">{\"@context\":\"https:\/\/schema.org\",\"@graph\":[{\"@type\":\"WebPage\",\"@id\":\"https:\/\/sadenir.com.uy\/max\/product\/max-gatos-castrados\/\",\"url\":\"https:\/\/sadenir.com.uy\/max\/product\/max-gatos-castrados\/\",\"name\":\"Max Gatos Castrados - Alimentos para gatos Max Cat Professional Line\",\"isPartOf\":{\"@id\":\"https:\/\/sadenir.com.uy\/max\/#website\"},\"primaryImageOfPage\":{\"@id\":\"https:\/\/sadenir.com.uy\/max\/product\/max-gatos-castrados\/#primaryimage\"},\"image\":{\"@id\":\"https:\/\/sadenir.com.uy\/max\/product\/max-gatos-castrados\/#primaryimage\"},\"thumbnailUrl\":\"https:\/\/sadenir.com.uy\/max\/wp-content\/uploads\/sites\/4\/2020\/09\/MAX-PL-CAT-NEUTRED-CHICKEN-20KG-8412-ESQUERDA.png\",\"datePublished\":\"2020-09-01T21:41:15+00:00\",\"dateModified\":\"2025-07-21T17:51:45+00:00\",\"description\":\"Max Gatos Castrados es un alimento para gatos ideal para el combate contra la ganancia de peso de tu gato despu\u00e9s de la castraci\u00f3n.\",\"breadcrumb\":{\"@id\":\"https:\/\/sadenir.com.uy\/max\/product\/max-gatos-castrados\/#breadcrumb\"},\"inLanguage\":\"es-AR\",\"potentialAction\":[{\"@type\":\"ReadAction\",\"target\":[\"https:\/\/sadenir.com.uy\/max\/product\/max-gatos-castrados\/\"]}]},{\"@type\":\"ImageObject\",\"inLanguage\":\"es-AR\",\"@id\":\"https:\/\/sadenir.com.uy\/max\/product\/max-gatos-castrados\/#primaryimage\",\"url\":\"https:\/\/sadenir.com.uy\/max\/wp-content\/uploads\/sites\/4\/2020\/09\/MAX-PL-CAT-NEUTRED-CHICKEN-20KG-8412-ESQUERDA.png\",\"contentUrl\":\"https:\/\/sadenir.com.uy\/max\/wp-content\/uploads\/sites\/4\/2020\/09\/MAX-PL-CAT-NEUTRED-CHICKEN-20KG-8412-ESQUERDA.png\",\"width\":1650,\"height\":1875},{\"@type\":\"BreadcrumbList\",\"@id\":\"https:\/\/sadenir.com.uy\/max\/product\/max-gatos-castrados\/#breadcrumb\",\"itemListElement\":[{\"@type\":\"ListItem\",\"position\":1,\"name\":\"Inicio\",\"item\":\"https:\/\/sadenir.com.uy\/max\/\"},{\"@type\":\"ListItem\",\"position\":2,\"name\":\"Shop\",\"item\":\"https:\/\/sadenir.com.uy\/max\/shop\/\"},{\"@type\":\"ListItem\",\"position\":3,\"name\":\"Max Cat Professional Line Gatos Castrados Pollo\"}]},{\"@type\":\"WebSite\",\"@id\":\"https:\/\/sadenir.com.uy\/max\/#website\",\"url\":\"https:\/\/sadenir.com.uy\/max\/\",\"name\":\"Max\",\"description\":\"Excelencia en nutrici\u00f3n\",\"potentialAction\":[{\"@type\":\"SearchAction\",\"target\":{\"@type\":\"EntryPoint\",\"urlTemplate\":\"https:\/\/sadenir.com.uy\/max\/?s={search_term_string}\"},\"query-input\":{\"@type\":\"PropertyValueSpecification\",\"valueRequired\":true,\"valueName\":\"search_term_string\"}}],\"inLanguage\":\"es-AR\"}]}<\/script>\n<!-- \/ Yoast SEO plugin. -->","yoast_head_json":{"title":"Max Gatos Castrados - Alimentos para gatos Max Cat Professional Line","description":"Max Gatos Castrados es un alimento para gatos ideal para el combate contra la ganancia de peso de tu gato despu\u00e9s de la castraci\u00f3n.","robots":{"index":"index","follow":"follow","max-snippet":"max-snippet:-1","max-image-preview":"max-image-preview:large","max-video-preview":"max-video-preview:-1"},"canonical":"https:\/\/sadenir.com.uy\/max\/product\/max-gatos-castrados\/","og_locale":"es_ES","og_type":"article","og_title":"Max Gatos Castrados - Alimentos para gatos Max Cat Professional Line","og_description":"Max Gatos Castrados es un alimento para gatos ideal para el combate contra la ganancia de peso de tu gato despu\u00e9s de la castraci\u00f3n.","og_url":"https:\/\/sadenir.com.uy\/max\/product\/max-gatos-castrados\/","og_site_name":"Max","article_modified_time":"2025-07-21T17:51:45+00:00","og_image":[{"width":1650,"height":1875,"url":"https:\/\/sadenir.com.uy\/max\/wp-content\/uploads\/sites\/4\/2020\/09\/MAX-PL-CAT-NEUTRED-CHICKEN-20KG-8412-ESQUERDA.png","type":"image\/png"}],"twitter_card":"summary_large_image","twitter_misc":{"Tiempo de lectura":"2 minutos"},"schema":{"@context":"https:\/\/schema.org","@graph":[{"@type":"WebPage","@id":"https:\/\/sadenir.com.uy\/max\/product\/max-gatos-castrados\/","url":"https:\/\/sadenir.com.uy\/max\/product\/max-gatos-castrados\/","name":"Max Gatos Castrados - Alimentos para gatos Max Cat Professional Line","isPartOf":{"@id":"https:\/\/sadenir.com.uy\/max\/#website"},"primaryImageOfPage":{"@id":"https:\/\/sadenir.com.uy\/max\/product\/max-gatos-castrados\/#primaryimage"},"image":{"@id":"https:\/\/sadenir.com.uy\/max\/product\/max-gatos-castrados\/#primaryimage"},"thumbnailUrl":"https:\/\/sadenir.com.uy\/max\/wp-content\/uploads\/sites\/4\/2020\/09\/MAX-PL-CAT-NEUTRED-CHICKEN-20KG-8412-ESQUERDA.png","datePublished":"2020-09-01T21:41:15+00:00","dateModified":"2025-07-21T17:51:45+00:00","description":"Max Gatos Castrados es un alimento para gatos ideal para el combate contra la ganancia de peso de tu gato despu\u00e9s de la castraci\u00f3n.","breadcrumb":{"@id":"https:\/\/sadenir.com.uy\/max\/product\/max-gatos-castrados\/#breadcrumb"},"inLanguage":"es-AR","potentialAction":[{"@type":"ReadAction","target":["https:\/\/sadenir.com.uy\/max\/product\/max-gatos-castrados\/"]}]},{"@type":"ImageObject","inLanguage":"es-AR","@id":"https:\/\/sadenir.com.uy\/max\/product\/max-gatos-castrados\/#primaryimage","url":"https:\/\/sadenir.com.uy\/max\/wp-content\/uploads\/sites\/4\/2020\/09\/MAX-PL-CAT-NEUTRED-CHICKEN-20KG-8412-ESQUERDA.png","contentUrl":"https:\/\/sadenir.com.uy\/max\/wp-content\/uploads\/sites\/4\/2020\/09\/MAX-PL-CAT-NEUTRED-CHICKEN-20KG-8412-ESQUERDA.png","width":1650,"height":1875},{"@type":"BreadcrumbList","@id":"https:\/\/sadenir.com.uy\/max\/product\/max-gatos-castrados\/#breadcrumb","itemListElement":[{"@type":"ListItem","position":1,"name":"Inicio","item":"https:\/\/sadenir.com.uy\/max\/"},{"@type":"ListItem","position":2,"name":"Shop","item":"https:\/\/sadenir.com.uy\/max\/shop\/"},{"@type":"ListItem","position":3,"name":"Max Cat Professional Line Gatos Castrados Pollo"}]},{"@type":"WebSite","@id":"https:\/\/sadenir.com.uy\/max\/#website","url":"https:\/\/sadenir.com.uy\/max\/","name":"Max","description":"Excelencia en nutrici\u00f3n","potentialAction":[{"@type":"SearchAction","target":{"@type":"EntryPoint","urlTemplate":"https:\/\/sadenir.com.uy\/max\/?s={search_term_string}"},"query-input":{"@type":"PropertyValueSpecification","valueRequired":true,"valueName":"search_term_string"}}],"inLanguage":"es-AR"}]}},"_links":{"self":[{"href":"https:\/\/sadenir.com.uy\/max\/wp-json\/wp\/v2\/product\/6015","targetHints":{"allow":["GET"]}}],"collection":[{"href":"https:\/\/sadenir.com.uy\/max\/wp-json\/wp\/v2\/product"}],"about":[{"href":"https:\/\/sadenir.com.uy\/max\/wp-json\/wp\/v2\/types\/product"}],"wp:featuredmedia":[{"embeddable":true,"href":"https:\/\/sadenir.com.uy\/max\/wp-json\/wp\/v2\/media\/7631"}],"wp:attachment":[{"href":"https:\/\/sadenir.com.uy\/max\/wp-json\/wp\/v2\/media?parent=6015"}],"wp:term":[{"taxonomy":"product_brand","embeddable":true,"href":"https:\/\/sadenir.com.uy\/max\/wp-json\/wp\/v2\/product_brand?post=6015"},{"taxonomy":"product_cat","embeddable":true,"href":"https:\/\/sadenir.com.uy\/max\/wp-json\/wp\/v2\/product_cat?post=6015"},{"taxonomy":"product_tag","embeddable":true,"href":"https:\/\/sadenir.com.uy\/max\/wp-json\/wp\/v2\/product_tag?post=6015"}],"curies":[{"name":"wp","href":"https:\/\/api.w.org\/{rel}","templated":true}]}}