{"id":6016,"date":"2020-09-01T21:47:33","date_gmt":"2020-09-01T21:47:33","guid":{"rendered":"https:\/\/www.andresdicamillo.com\/sadenir\/max\/?post_type=product&#038;p=6016"},"modified":"2020-09-23T23:35:04","modified_gmt":"2020-09-23T23:35:04","slug":"gatos-adultos-preference","status":"publish","type":"product","link":"https:\/\/sadenir.com.uy\/max\/product\/gatos-adultos-preference\/","title":{"rendered":"Cat Nuggets"},"content":{"rendered":"<p><strong>INGREDIENTES<\/strong><\/p>\n<p>Arroz quebrado, ma\u00edz integral molido**, salvado de gluten de ma\u00edz-60**, harina de v\u00edsceras de pollo, salvado de soja*, harina de pescado (6%), grasa de pollo, hidrolizado de pollo y\/o subproductos, carne mec\u00e1nicamente separada de pollo (3%), zanahoria deshidratada, espinaca deshidratada, h\u00edgado de pollo, almid\u00f3n de ma\u00edz, semilla de linaza (1,2%), fosfato bic\u00e1lcico, levadura seca de ca\u00f1a-de-az\u00facar, cloruro de sodio (sal com\u00fan), cloruro de potasio, aditivo probi\u00f3tico, extracto de yucca schidigera (0,1%), taurina, DL-metionina, \u00e1cido fosf\u00f3rico (0,2%), colorante artificial verde 3, colorante artificial amarillo crep\u00fasculo, colorante artificial rojo 40, colorante natural caramelo, aroma artificial amerlo (0,1%), di\u00f3xido de titanio, aceite mineral (2%), aditivo antioxidante (BHA, BHT), vitamina A, vitamina B12, vitamina D, vitamina E, selenito de sodio, \u00e1cido f\u00f3lico, \u00e1cido pantot\u00e9nico, sulfato de cobre, cloruro de colina, sulfato ferroso, yodato de calcio, sulfato de manganeso, vitamina B1, vitamina B2, vitamina B6, vitamina H, vitamina K, vitamina PP, sulfato de zinc. *Agrobacterium tumefaciens, Arabidopsis thaliana, Bacillus thuringiensis, Streptomyces viridochromogenes. ** Abrobacterium tumefaciens, Bacillus thuringiensis, Streptomyces viridochromogenes, Zea mays.<\/p>\n<p><strong>NIVELES DE GARANTIA<\/strong><\/p>\n<p><img fetchpriority=\"high\" decoding=\"async\" class=\"alignnone wp-image-3434 size-full\" src=\"http:\/\/sadenir.com.uy\/wp-content\/uploads\/2017\/12\/NG-NUGGETS.jpg\" sizes=\"(max-width: 760px) 100vw, 760px\" srcset=\"http:\/\/sadenir.com.uy\/wp-content\/uploads\/2017\/12\/NG-NUGGETS.jpg 760w, http:\/\/sadenir.com.uy\/wp-content\/uploads\/2017\/12\/NG-NUGGETS-300x104.jpg 300w, http:\/\/sadenir.com.uy\/wp-content\/uploads\/2017\/12\/NG-NUGGETS-750x261.jpg 750w, http:\/\/sadenir.com.uy\/wp-content\/uploads\/2017\/12\/NG-NUGGETS-400x139.jpg 400w, http:\/\/sadenir.com.uy\/wp-content\/uploads\/2017\/12\/NG-NUGGETS-270x94.jpg 270w\" alt=\"\" width=\"760\" height=\"264\" \/><\/p>\n<p><strong>CANTIDAD DIARIA<\/strong><\/p>\n<p><img decoding=\"async\" src=\"http:\/\/sadenir.com.uy\/wp-content\/uploads\/2017\/12\/CD-NUGGETS.jpg\" \/><\/p>\n<p>Una taza de T\u00e9 contiene aproximadamente 85g.<br \/>\n1. Estas son cantidades sugeridas. Las porciones pueden variar de acuerdo con la edad, actividad y temperamento de su gato.<br \/>\n2. Mantenga agua fresca y limpia disponible todo el tiempo.<br \/>\n3. Lleve su gato peri\u00f3dicamente al veterinario.<br \/>\n4. En caso de que su gato no est\u00e9 siendo alimentado con este producto, recomendamos que la substituci\u00f3n sea hecha gradualmente a lo largo de 05 d\u00edas.<\/p>\n<p><strong>ENRIQUECIMIENTO<\/strong><\/p>\n<p>Vitamina A (15.000 U.I.), Vitamina B12 (200 mcg), Vitamina C (22 mg), Vitamina D (2.500 U.I.), Vitamina E (450 U.I.), Selenio (0,3 mg), \u00c1cido F\u00f3lico (2 mg), \u00c1cido Pantot\u00e9nico (20 mg), Cobre (20 mg), Colina (2.500 mg), Ferro (150 mg), Iodo (1,5 mg), Manganeso (20 mg), Vitamina B1 (15 mg), Vitamina B2 (15 mg), Vitamina B6 (10 mg), Vitamina H (0,1 mg), Vitamina K (0,8 mg), Vitamina PP (80 mg), Zinc (200 mg).<\/p>\n<p align=\"justify\">\n","protected":false},"excerpt":{"rendered":"<p>Alimento completo Indicado para gatos adultos.<br \/>\n\u00a1Todo lo que tu gato siempre quiso en una raci\u00f3n, con toda la nutrici\u00f3n que \u00e9l precisa! Max Cat Nuggets es una deliciosa nutrici\u00f3n diaria con relleno blando y mucho sabor. Adem\u00e1s, este alimento reduce el olor de las heces y ayuda en la eliminaci\u00f3n de los pelos ingeridos. \u00a1Si tu gato hablar\u00eda, te pedir\u00eda Max Cat Nuggets!<\/p>\n","protected":false},"featured_media":6095,"template":"","meta":{"pgc_sgb_lightbox_settings":""},"product_brand":[],"product_cat":[44,66],"product_tag":[],"class_list":{"0":"post-6016","1":"product","2":"type-product","3":"status-publish","4":"has-post-thumbnail","6":"product_cat-gatos","7":"product_cat-adultos-gatos","9":"first","10":"instock","11":"shipping-taxable","12":"product-type-simple"},"yoast_head":"<!-- This site is optimized with the Yoast SEO plugin v26.1.1 - https:\/\/yoast.com\/wordpress\/plugins\/seo\/ -->\n<title>Cat Nuggets - Max<\/title>\n<meta name=\"robots\" content=\"index, follow, max-snippet:-1, max-image-preview:large, max-video-preview:-1\" \/>\n<link rel=\"canonical\" href=\"https:\/\/sadenir.com.uy\/max\/product\/gatos-adultos-preference\/\" \/>\n<meta property=\"og:locale\" content=\"es_ES\" \/>\n<meta property=\"og:type\" content=\"article\" \/>\n<meta property=\"og:title\" content=\"Cat Nuggets - Max\" \/>\n<meta property=\"og:description\" content=\"Alimento completo Indicado para gatos adultos. \u00a1Todo lo que tu gato siempre quiso en una raci\u00f3n, con toda la nutrici\u00f3n que \u00e9l precisa! Max Cat Nuggets es una deliciosa nutrici\u00f3n diaria con relleno blando y mucho sabor. Adem\u00e1s, este alimento reduce el olor de las heces y ayuda en la eliminaci\u00f3n de los pelos ingeridos. \u00a1Si tu gato hablar\u00eda, te pedir\u00eda Max Cat Nuggets!\" \/>\n<meta property=\"og:url\" content=\"https:\/\/sadenir.com.uy\/max\/product\/gatos-adultos-preference\/\" \/>\n<meta property=\"og:site_name\" content=\"Max\" \/>\n<meta property=\"article:modified_time\" content=\"2020-09-23T23:35:04+00:00\" \/>\n<meta property=\"og:image\" content=\"https:\/\/sadenir.com.uy\/max\/wp-content\/uploads\/sites\/4\/2020\/09\/cat_nuggets.jpg\" \/>\n\t<meta property=\"og:image:width\" content=\"801\" \/>\n\t<meta property=\"og:image:height\" content=\"800\" \/>\n\t<meta property=\"og:image:type\" content=\"image\/jpeg\" \/>\n<meta name=\"twitter:card\" content=\"summary_large_image\" \/>\n<meta name=\"twitter:label1\" content=\"Tiempo de lectura\" \/>\n\t<meta name=\"twitter:data1\" content=\"2 minutos\" \/>\n<script type=\"application\/ld+json\" class=\"yoast-schema-graph\">{\"@context\":\"https:\/\/schema.org\",\"@graph\":[{\"@type\":\"WebPage\",\"@id\":\"https:\/\/sadenir.com.uy\/max\/product\/gatos-adultos-preference\/\",\"url\":\"https:\/\/sadenir.com.uy\/max\/product\/gatos-adultos-preference\/\",\"name\":\"Cat Nuggets - Max\",\"isPartOf\":{\"@id\":\"https:\/\/sadenir.com.uy\/max\/#website\"},\"primaryImageOfPage\":{\"@id\":\"https:\/\/sadenir.com.uy\/max\/product\/gatos-adultos-preference\/#primaryimage\"},\"image\":{\"@id\":\"https:\/\/sadenir.com.uy\/max\/product\/gatos-adultos-preference\/#primaryimage\"},\"thumbnailUrl\":\"https:\/\/sadenir.com.uy\/max\/wp-content\/uploads\/sites\/4\/2020\/09\/cat_nuggets.jpg\",\"datePublished\":\"2020-09-01T21:47:33+00:00\",\"dateModified\":\"2020-09-23T23:35:04+00:00\",\"breadcrumb\":{\"@id\":\"https:\/\/sadenir.com.uy\/max\/product\/gatos-adultos-preference\/#breadcrumb\"},\"inLanguage\":\"es-AR\",\"potentialAction\":[{\"@type\":\"ReadAction\",\"target\":[\"https:\/\/sadenir.com.uy\/max\/product\/gatos-adultos-preference\/\"]}]},{\"@type\":\"ImageObject\",\"inLanguage\":\"es-AR\",\"@id\":\"https:\/\/sadenir.com.uy\/max\/product\/gatos-adultos-preference\/#primaryimage\",\"url\":\"https:\/\/sadenir.com.uy\/max\/wp-content\/uploads\/sites\/4\/2020\/09\/cat_nuggets.jpg\",\"contentUrl\":\"https:\/\/sadenir.com.uy\/max\/wp-content\/uploads\/sites\/4\/2020\/09\/cat_nuggets.jpg\",\"width\":801,\"height\":800},{\"@type\":\"BreadcrumbList\",\"@id\":\"https:\/\/sadenir.com.uy\/max\/product\/gatos-adultos-preference\/#breadcrumb\",\"itemListElement\":[{\"@type\":\"ListItem\",\"position\":1,\"name\":\"Inicio\",\"item\":\"https:\/\/sadenir.com.uy\/max\/\"},{\"@type\":\"ListItem\",\"position\":2,\"name\":\"Shop\",\"item\":\"https:\/\/sadenir.com.uy\/max\/shop\/\"},{\"@type\":\"ListItem\",\"position\":3,\"name\":\"Cat Nuggets\"}]},{\"@type\":\"WebSite\",\"@id\":\"https:\/\/sadenir.com.uy\/max\/#website\",\"url\":\"https:\/\/sadenir.com.uy\/max\/\",\"name\":\"Max\",\"description\":\"Excelencia en nutrici\u00f3n\",\"potentialAction\":[{\"@type\":\"SearchAction\",\"target\":{\"@type\":\"EntryPoint\",\"urlTemplate\":\"https:\/\/sadenir.com.uy\/max\/?s={search_term_string}\"},\"query-input\":{\"@type\":\"PropertyValueSpecification\",\"valueRequired\":true,\"valueName\":\"search_term_string\"}}],\"inLanguage\":\"es-AR\"}]}<\/script>\n<!-- \/ Yoast SEO plugin. -->","yoast_head_json":{"title":"Cat Nuggets - Max","robots":{"index":"index","follow":"follow","max-snippet":"max-snippet:-1","max-image-preview":"max-image-preview:large","max-video-preview":"max-video-preview:-1"},"canonical":"https:\/\/sadenir.com.uy\/max\/product\/gatos-adultos-preference\/","og_locale":"es_ES","og_type":"article","og_title":"Cat Nuggets - Max","og_description":"Alimento completo Indicado para gatos adultos. \u00a1Todo lo que tu gato siempre quiso en una raci\u00f3n, con toda la nutrici\u00f3n que \u00e9l precisa! Max Cat Nuggets es una deliciosa nutrici\u00f3n diaria con relleno blando y mucho sabor. Adem\u00e1s, este alimento reduce el olor de las heces y ayuda en la eliminaci\u00f3n de los pelos ingeridos. \u00a1Si tu gato hablar\u00eda, te pedir\u00eda Max Cat Nuggets!","og_url":"https:\/\/sadenir.com.uy\/max\/product\/gatos-adultos-preference\/","og_site_name":"Max","article_modified_time":"2020-09-23T23:35:04+00:00","og_image":[{"width":801,"height":800,"url":"https:\/\/sadenir.com.uy\/max\/wp-content\/uploads\/sites\/4\/2020\/09\/cat_nuggets.jpg","type":"image\/jpeg"}],"twitter_card":"summary_large_image","twitter_misc":{"Tiempo de lectura":"2 minutos"},"schema":{"@context":"https:\/\/schema.org","@graph":[{"@type":"WebPage","@id":"https:\/\/sadenir.com.uy\/max\/product\/gatos-adultos-preference\/","url":"https:\/\/sadenir.com.uy\/max\/product\/gatos-adultos-preference\/","name":"Cat Nuggets - Max","isPartOf":{"@id":"https:\/\/sadenir.com.uy\/max\/#website"},"primaryImageOfPage":{"@id":"https:\/\/sadenir.com.uy\/max\/product\/gatos-adultos-preference\/#primaryimage"},"image":{"@id":"https:\/\/sadenir.com.uy\/max\/product\/gatos-adultos-preference\/#primaryimage"},"thumbnailUrl":"https:\/\/sadenir.com.uy\/max\/wp-content\/uploads\/sites\/4\/2020\/09\/cat_nuggets.jpg","datePublished":"2020-09-01T21:47:33+00:00","dateModified":"2020-09-23T23:35:04+00:00","breadcrumb":{"@id":"https:\/\/sadenir.com.uy\/max\/product\/gatos-adultos-preference\/#breadcrumb"},"inLanguage":"es-AR","potentialAction":[{"@type":"ReadAction","target":["https:\/\/sadenir.com.uy\/max\/product\/gatos-adultos-preference\/"]}]},{"@type":"ImageObject","inLanguage":"es-AR","@id":"https:\/\/sadenir.com.uy\/max\/product\/gatos-adultos-preference\/#primaryimage","url":"https:\/\/sadenir.com.uy\/max\/wp-content\/uploads\/sites\/4\/2020\/09\/cat_nuggets.jpg","contentUrl":"https:\/\/sadenir.com.uy\/max\/wp-content\/uploads\/sites\/4\/2020\/09\/cat_nuggets.jpg","width":801,"height":800},{"@type":"BreadcrumbList","@id":"https:\/\/sadenir.com.uy\/max\/product\/gatos-adultos-preference\/#breadcrumb","itemListElement":[{"@type":"ListItem","position":1,"name":"Inicio","item":"https:\/\/sadenir.com.uy\/max\/"},{"@type":"ListItem","position":2,"name":"Shop","item":"https:\/\/sadenir.com.uy\/max\/shop\/"},{"@type":"ListItem","position":3,"name":"Cat Nuggets"}]},{"@type":"WebSite","@id":"https:\/\/sadenir.com.uy\/max\/#website","url":"https:\/\/sadenir.com.uy\/max\/","name":"Max","description":"Excelencia en nutrici\u00f3n","potentialAction":[{"@type":"SearchAction","target":{"@type":"EntryPoint","urlTemplate":"https:\/\/sadenir.com.uy\/max\/?s={search_term_string}"},"query-input":{"@type":"PropertyValueSpecification","valueRequired":true,"valueName":"search_term_string"}}],"inLanguage":"es-AR"}]}},"_links":{"self":[{"href":"https:\/\/sadenir.com.uy\/max\/wp-json\/wp\/v2\/product\/6016","targetHints":{"allow":["GET"]}}],"collection":[{"href":"https:\/\/sadenir.com.uy\/max\/wp-json\/wp\/v2\/product"}],"about":[{"href":"https:\/\/sadenir.com.uy\/max\/wp-json\/wp\/v2\/types\/product"}],"wp:featuredmedia":[{"embeddable":true,"href":"https:\/\/sadenir.com.uy\/max\/wp-json\/wp\/v2\/media\/6095"}],"wp:attachment":[{"href":"https:\/\/sadenir.com.uy\/max\/wp-json\/wp\/v2\/media?parent=6016"}],"wp:term":[{"taxonomy":"product_brand","embeddable":true,"href":"https:\/\/sadenir.com.uy\/max\/wp-json\/wp\/v2\/product_brand?post=6016"},{"taxonomy":"product_cat","embeddable":true,"href":"https:\/\/sadenir.com.uy\/max\/wp-json\/wp\/v2\/product_cat?post=6016"},{"taxonomy":"product_tag","embeddable":true,"href":"https:\/\/sadenir.com.uy\/max\/wp-json\/wp\/v2\/product_tag?post=6016"}],"curies":[{"name":"wp","href":"https:\/\/api.w.org\/{rel}","templated":true}]}}