{"id":6018,"date":"2020-09-01T21:52:13","date_gmt":"2020-09-01T21:52:13","guid":{"rendered":"https:\/\/www.andresdicamillo.com\/sadenir\/max\/?post_type=product&#038;p=6018"},"modified":"2020-09-23T23:31:53","modified_gmt":"2020-09-23T23:31:53","slug":"gatos-cachorros-2","status":"publish","type":"product","link":"https:\/\/sadenir.com.uy\/max\/product\/gatos-cachorros-2\/","title":{"rendered":"Cat Gatitos"},"content":{"rendered":"<p><strong>INGREDIENTES<\/strong><\/p>\n<p>Arroz quebrado, ma\u00edz integral molido**, salvado de gluten de ma\u00edz-60**, salvado de soja*, harina de pescado, harina de v\u00edsceras de pollo, grasa de pollo, carne mec\u00e1nicamente separada de pollo (2%), leche integral en polvo (2%), zanahoria deshidratada, hidrolizado de pollo y\/o subproductos, levadura seca de cerveza, semilla de linaza (1,3%), fosfato bic\u00e1lcico, DL-metionina, cloruro de sodio (sal com\u00fan), cloruro de potasio, cloruro de colina, aceite de girasol, aceite de oliva, \u00e1cido fosf\u00f3rico, extracto de yucca schidigera (0,1%), extracto de ajo, colorante artificial amarillo crep\u00fasculo, aditivo antioxidante (BHA, BHT), vitamina A, vitamina B12, vitamina D, vitamina E, selenito de sodio, \u00e1cido f\u00f3lico, \u00e1cido pantot\u00e9nico, sulfato de cobre, cloruro de colina, sulfato ferroso, yodato de calcio, \u00f3xido de manganeso, vitamina B1, vitamina B2, vitamina B6, vitamina H, vitamina K, vitamina PP, \u00f3xido de zinc. *Agrobacterium tumefasciens, Arabidopis thaliana, Bacillus thuriginensis, Streptomyces viridochromogenes, **Bacillus thuriginensis, Bacillus thuriginensis var. aizawai, Zea mays, Bacillus tumefaciens.<\/p>\n<p><strong>NIVELES DE GARANTIA<\/strong><\/p>\n<p><img decoding=\"async\" src=\"http:\/\/sadenir.com.uy\/wp-content\/uploads\/2017\/12\/NG-GATITOS.jpg\" \/><\/p>\n<p><strong>CANTIDA DIARIA<\/strong><\/p>\n<p><img decoding=\"async\" src=\"http:\/\/sadenir.com.uy\/wp-content\/uploads\/2017\/12\/CD-GATITOS.jpg\" \/><\/p>\n<p>Una taza de T\u00e9 contiene aproximadamente 85g.<br \/>\n1. Estas son cantidades sugeridas. Las porciones pueden variar de acuerdo con la edad, actividad y temperamento de su gato.<br \/>\n2. Mantenga agua fresca y limpia disponible todo el tiempo.<br \/>\n3. Lleve su gato peri\u00f3dicamente al veterinario.<br \/>\n4. En caso de que su gato no est\u00e9 siendo alimentado con este producto, recomendamos que la substituci\u00f3n sea hecha gradualmente a lo largo de 05 d\u00edas.<\/p>\n<p><strong>ENRIQUECIMIENTO<\/strong><\/p>\n<p>Enriquecimiento por Kilogramo de Producto (m\u00edn.): Vitamina A (20.000 U.I.), Vitamina B12 (170 mcg), Vitamina C (25 mg), Vitamina D (2.000 U.I.), Vitamina E (450 U.I.), Selenio (0,3 mg), \u00c1cido F\u00f3lico (2,2 mg), \u00c1cido Pantot\u00e9nico (22 mg), Cobre (30 mg), Colina (2.200 mg), Ferro (220 mg), Iodo (2 mg), Manganeso (40 mg), Vitamina B1 (12 mg), Vitamina B2 (20 mg), Vitamina B6 (13 mg), Vitamina H (0,1 mg), Vitamina K (2 mg), Vitamina PP (90 mg), Zinc (240 mg).<\/p>\n","protected":false},"excerpt":{"rendered":"<p>Alimento completo indicado para gatos cachorros a partir del 2\u00ba mes de vida.<br \/>\nAdem\u00e1s de la alegr\u00eda de tu gatito, Max Cat Gatitos garantiza la mejor nutrici\u00f3n en esa etapa tan importante de la vida de tu mascota. Con sabor a Cordero &amp; Pollo y enriquecido con leche, Max Cat Gatitos est\u00e1 indicado para gatos en crecimiento, despu\u00e9s del destete.<\/p>\n<p align=\"justify\">\n","protected":false},"featured_media":6093,"template":"","meta":{"pgc_sgb_lightbox_settings":""},"product_brand":[],"product_cat":[44,65],"product_tag":[],"class_list":{"0":"post-6018","1":"product","2":"type-product","3":"status-publish","4":"has-post-thumbnail","6":"product_cat-gatos","7":"product_cat-gatitos","9":"first","10":"instock","11":"shipping-taxable","12":"product-type-simple"},"yoast_head":"<!-- This site is optimized with the Yoast SEO plugin v26.1.1 - https:\/\/yoast.com\/wordpress\/plugins\/seo\/ -->\n<title>Cat Gatitos - Max<\/title>\n<meta name=\"robots\" content=\"index, follow, max-snippet:-1, max-image-preview:large, max-video-preview:-1\" \/>\n<link rel=\"canonical\" href=\"https:\/\/sadenir.com.uy\/max\/product\/gatos-cachorros-2\/\" \/>\n<meta property=\"og:locale\" content=\"es_ES\" \/>\n<meta property=\"og:type\" content=\"article\" \/>\n<meta property=\"og:title\" content=\"Cat Gatitos - Max\" \/>\n<meta property=\"og:description\" content=\"Alimento completo indicado para gatos cachorros a partir del 2\u00ba mes de vida. Adem\u00e1s de la alegr\u00eda de tu gatito, Max Cat Gatitos garantiza la mejor nutrici\u00f3n en esa etapa tan importante de la vida de tu mascota. Con sabor a Cordero &amp; Pollo y enriquecido con leche, Max Cat Gatitos est\u00e1 indicado para gatos en crecimiento, despu\u00e9s del destete.\" \/>\n<meta property=\"og:url\" content=\"https:\/\/sadenir.com.uy\/max\/product\/gatos-cachorros-2\/\" \/>\n<meta property=\"og:site_name\" content=\"Max\" \/>\n<meta property=\"article:modified_time\" content=\"2020-09-23T23:31:53+00:00\" \/>\n<meta property=\"og:image\" content=\"https:\/\/sadenir.com.uy\/max\/wp-content\/uploads\/sites\/4\/2020\/09\/cat_frango.jpg\" \/>\n\t<meta property=\"og:image:width\" content=\"801\" \/>\n\t<meta property=\"og:image:height\" content=\"800\" \/>\n\t<meta property=\"og:image:type\" content=\"image\/jpeg\" \/>\n<meta name=\"twitter:card\" content=\"summary_large_image\" \/>\n<meta name=\"twitter:label1\" content=\"Tiempo de lectura\" \/>\n\t<meta name=\"twitter:data1\" content=\"1 minuto\" \/>\n<script type=\"application\/ld+json\" class=\"yoast-schema-graph\">{\"@context\":\"https:\/\/schema.org\",\"@graph\":[{\"@type\":\"WebPage\",\"@id\":\"https:\/\/sadenir.com.uy\/max\/product\/gatos-cachorros-2\/\",\"url\":\"https:\/\/sadenir.com.uy\/max\/product\/gatos-cachorros-2\/\",\"name\":\"Cat Gatitos - Max\",\"isPartOf\":{\"@id\":\"https:\/\/sadenir.com.uy\/max\/#website\"},\"primaryImageOfPage\":{\"@id\":\"https:\/\/sadenir.com.uy\/max\/product\/gatos-cachorros-2\/#primaryimage\"},\"image\":{\"@id\":\"https:\/\/sadenir.com.uy\/max\/product\/gatos-cachorros-2\/#primaryimage\"},\"thumbnailUrl\":\"https:\/\/sadenir.com.uy\/max\/wp-content\/uploads\/sites\/4\/2020\/09\/cat_frango.jpg\",\"datePublished\":\"2020-09-01T21:52:13+00:00\",\"dateModified\":\"2020-09-23T23:31:53+00:00\",\"breadcrumb\":{\"@id\":\"https:\/\/sadenir.com.uy\/max\/product\/gatos-cachorros-2\/#breadcrumb\"},\"inLanguage\":\"es-AR\",\"potentialAction\":[{\"@type\":\"ReadAction\",\"target\":[\"https:\/\/sadenir.com.uy\/max\/product\/gatos-cachorros-2\/\"]}]},{\"@type\":\"ImageObject\",\"inLanguage\":\"es-AR\",\"@id\":\"https:\/\/sadenir.com.uy\/max\/product\/gatos-cachorros-2\/#primaryimage\",\"url\":\"https:\/\/sadenir.com.uy\/max\/wp-content\/uploads\/sites\/4\/2020\/09\/cat_frango.jpg\",\"contentUrl\":\"https:\/\/sadenir.com.uy\/max\/wp-content\/uploads\/sites\/4\/2020\/09\/cat_frango.jpg\",\"width\":801,\"height\":800},{\"@type\":\"BreadcrumbList\",\"@id\":\"https:\/\/sadenir.com.uy\/max\/product\/gatos-cachorros-2\/#breadcrumb\",\"itemListElement\":[{\"@type\":\"ListItem\",\"position\":1,\"name\":\"Inicio\",\"item\":\"https:\/\/sadenir.com.uy\/max\/\"},{\"@type\":\"ListItem\",\"position\":2,\"name\":\"Shop\",\"item\":\"https:\/\/sadenir.com.uy\/max\/shop\/\"},{\"@type\":\"ListItem\",\"position\":3,\"name\":\"Cat Gatitos\"}]},{\"@type\":\"WebSite\",\"@id\":\"https:\/\/sadenir.com.uy\/max\/#website\",\"url\":\"https:\/\/sadenir.com.uy\/max\/\",\"name\":\"Max\",\"description\":\"Excelencia en nutrici\u00f3n\",\"potentialAction\":[{\"@type\":\"SearchAction\",\"target\":{\"@type\":\"EntryPoint\",\"urlTemplate\":\"https:\/\/sadenir.com.uy\/max\/?s={search_term_string}\"},\"query-input\":{\"@type\":\"PropertyValueSpecification\",\"valueRequired\":true,\"valueName\":\"search_term_string\"}}],\"inLanguage\":\"es-AR\"}]}<\/script>\n<!-- \/ Yoast SEO plugin. -->","yoast_head_json":{"title":"Cat Gatitos - Max","robots":{"index":"index","follow":"follow","max-snippet":"max-snippet:-1","max-image-preview":"max-image-preview:large","max-video-preview":"max-video-preview:-1"},"canonical":"https:\/\/sadenir.com.uy\/max\/product\/gatos-cachorros-2\/","og_locale":"es_ES","og_type":"article","og_title":"Cat Gatitos - Max","og_description":"Alimento completo indicado para gatos cachorros a partir del 2\u00ba mes de vida. Adem\u00e1s de la alegr\u00eda de tu gatito, Max Cat Gatitos garantiza la mejor nutrici\u00f3n en esa etapa tan importante de la vida de tu mascota. Con sabor a Cordero &amp; Pollo y enriquecido con leche, Max Cat Gatitos est\u00e1 indicado para gatos en crecimiento, despu\u00e9s del destete.","og_url":"https:\/\/sadenir.com.uy\/max\/product\/gatos-cachorros-2\/","og_site_name":"Max","article_modified_time":"2020-09-23T23:31:53+00:00","og_image":[{"width":801,"height":800,"url":"https:\/\/sadenir.com.uy\/max\/wp-content\/uploads\/sites\/4\/2020\/09\/cat_frango.jpg","type":"image\/jpeg"}],"twitter_card":"summary_large_image","twitter_misc":{"Tiempo de lectura":"1 minuto"},"schema":{"@context":"https:\/\/schema.org","@graph":[{"@type":"WebPage","@id":"https:\/\/sadenir.com.uy\/max\/product\/gatos-cachorros-2\/","url":"https:\/\/sadenir.com.uy\/max\/product\/gatos-cachorros-2\/","name":"Cat Gatitos - Max","isPartOf":{"@id":"https:\/\/sadenir.com.uy\/max\/#website"},"primaryImageOfPage":{"@id":"https:\/\/sadenir.com.uy\/max\/product\/gatos-cachorros-2\/#primaryimage"},"image":{"@id":"https:\/\/sadenir.com.uy\/max\/product\/gatos-cachorros-2\/#primaryimage"},"thumbnailUrl":"https:\/\/sadenir.com.uy\/max\/wp-content\/uploads\/sites\/4\/2020\/09\/cat_frango.jpg","datePublished":"2020-09-01T21:52:13+00:00","dateModified":"2020-09-23T23:31:53+00:00","breadcrumb":{"@id":"https:\/\/sadenir.com.uy\/max\/product\/gatos-cachorros-2\/#breadcrumb"},"inLanguage":"es-AR","potentialAction":[{"@type":"ReadAction","target":["https:\/\/sadenir.com.uy\/max\/product\/gatos-cachorros-2\/"]}]},{"@type":"ImageObject","inLanguage":"es-AR","@id":"https:\/\/sadenir.com.uy\/max\/product\/gatos-cachorros-2\/#primaryimage","url":"https:\/\/sadenir.com.uy\/max\/wp-content\/uploads\/sites\/4\/2020\/09\/cat_frango.jpg","contentUrl":"https:\/\/sadenir.com.uy\/max\/wp-content\/uploads\/sites\/4\/2020\/09\/cat_frango.jpg","width":801,"height":800},{"@type":"BreadcrumbList","@id":"https:\/\/sadenir.com.uy\/max\/product\/gatos-cachorros-2\/#breadcrumb","itemListElement":[{"@type":"ListItem","position":1,"name":"Inicio","item":"https:\/\/sadenir.com.uy\/max\/"},{"@type":"ListItem","position":2,"name":"Shop","item":"https:\/\/sadenir.com.uy\/max\/shop\/"},{"@type":"ListItem","position":3,"name":"Cat Gatitos"}]},{"@type":"WebSite","@id":"https:\/\/sadenir.com.uy\/max\/#website","url":"https:\/\/sadenir.com.uy\/max\/","name":"Max","description":"Excelencia en nutrici\u00f3n","potentialAction":[{"@type":"SearchAction","target":{"@type":"EntryPoint","urlTemplate":"https:\/\/sadenir.com.uy\/max\/?s={search_term_string}"},"query-input":{"@type":"PropertyValueSpecification","valueRequired":true,"valueName":"search_term_string"}}],"inLanguage":"es-AR"}]}},"_links":{"self":[{"href":"https:\/\/sadenir.com.uy\/max\/wp-json\/wp\/v2\/product\/6018","targetHints":{"allow":["GET"]}}],"collection":[{"href":"https:\/\/sadenir.com.uy\/max\/wp-json\/wp\/v2\/product"}],"about":[{"href":"https:\/\/sadenir.com.uy\/max\/wp-json\/wp\/v2\/types\/product"}],"wp:featuredmedia":[{"embeddable":true,"href":"https:\/\/sadenir.com.uy\/max\/wp-json\/wp\/v2\/media\/6093"}],"wp:attachment":[{"href":"https:\/\/sadenir.com.uy\/max\/wp-json\/wp\/v2\/media?parent=6018"}],"wp:term":[{"taxonomy":"product_brand","embeddable":true,"href":"https:\/\/sadenir.com.uy\/max\/wp-json\/wp\/v2\/product_brand?post=6018"},{"taxonomy":"product_cat","embeddable":true,"href":"https:\/\/sadenir.com.uy\/max\/wp-json\/wp\/v2\/product_cat?post=6018"},{"taxonomy":"product_tag","embeddable":true,"href":"https:\/\/sadenir.com.uy\/max\/wp-json\/wp\/v2\/product_tag?post=6018"}],"curies":[{"name":"wp","href":"https:\/\/api.w.org\/{rel}","templated":true}]}}