{"id":6020,"date":"2020-09-01T21:56:24","date_gmt":"2020-09-01T21:56:24","guid":{"rendered":"https:\/\/www.andresdicamillo.com\/sadenir\/max\/?post_type=product&#038;p=6020"},"modified":"2020-09-23T23:23:07","modified_gmt":"2020-09-23T23:23:07","slug":"gatos-castrados-mature","status":"publish","type":"product","link":"https:\/\/sadenir.com.uy\/max\/product\/gatos-castrados-mature\/","title":{"rendered":"Cat Buffet"},"content":{"rendered":"<p><strong>INGREDIENTES<\/strong><\/p>\n<p>Arroz quebrado, harina de v\u00edsceras de pollo, salvado de gluten de ma\u00edz-60**, ma\u00edz integral molido**, salvado de soja*, carne mec\u00e1nicamente separada de pollo (2%), harina de pescado, grasa de pollo, hidrolizado de pollo y\/o subproductos, levadura seca de cerveza, semilla de linaza (1,3%), remolacha deshidratada, espinaca deshidratada, zanahoria deshidratada, fosfato bic\u00e1lcico, DL-metionina, \u00e1cido fosf\u00f3rico (0,2%), cloruro de sodio (sal com\u00fan), cloruro de potasio, cloruro de colina, aceite de girasol, aceite de oliva, extracto de yucca schidigera (0,1%), colorante artificial rojo 40, colorante artificial verde 3, aditivo antioxidante (BHA, BHT), vitamina A, vitamina B12, vitamina D, vitamina E, selenito de sodio, \u00e1cido f\u00f3lico, \u00e1cido pantot\u00e9nico, sulfato de cobre, cloruro de colina, sulfato ferroso, yodato de calcio, \u00f3xido de manganeso, vitamina B1, vitamina B2, vitamina B6, vitamina H, vitamina K, vitamina PP, \u00f3xido de zinc. *Agrobacterium tumefasciens, Arabidopis thaliana, Bacillus thuriginensis, Streptomyces viridochromogenes, **Bacillus thuriginensis, Bacillus thuriginensis var. aizawai, Zea mays, Bacillus tumefaciens.<\/p>\n<p><strong>NIVELES DE GARANTIA<\/strong><\/p>\n<p><img fetchpriority=\"high\" decoding=\"async\" class=\"alignnone wp-image-3424 size-full\" src=\"http:\/\/sadenir.com.uy\/wp-content\/uploads\/2017\/12\/NG-BUF-ADULT.jpg\" sizes=\"(max-width: 760px) 100vw, 760px\" srcset=\"http:\/\/sadenir.com.uy\/wp-content\/uploads\/2017\/12\/NG-BUF-ADULT.jpg 760w, http:\/\/sadenir.com.uy\/wp-content\/uploads\/2017\/12\/NG-BUF-ADULT-300x104.jpg 300w, http:\/\/sadenir.com.uy\/wp-content\/uploads\/2017\/12\/NG-BUF-ADULT-750x261.jpg 750w, http:\/\/sadenir.com.uy\/wp-content\/uploads\/2017\/12\/NG-BUF-ADULT-400x139.jpg 400w, http:\/\/sadenir.com.uy\/wp-content\/uploads\/2017\/12\/NG-BUF-ADULT-270x94.jpg 270w\" alt=\"\" width=\"760\" height=\"264\" \/><img decoding=\"async\" src=\"http:\/\/sadenir.com.uy\/wp-content\/uploads\/2017\/12\/NG-BUF-ADULT.jpg\" \/><\/p>\n<p><strong>CANTIDAD DIARIA<\/strong><\/p>\n<p><img decoding=\"async\" class=\"alignnone wp-image-3426 size-full\" src=\"http:\/\/sadenir.com.uy\/wp-content\/uploads\/2017\/12\/CD-BUFF-ADULT.jpg\" sizes=\"(max-width: 380px) 100vw, 380px\" srcset=\"http:\/\/sadenir.com.uy\/wp-content\/uploads\/2017\/12\/CD-BUFF-ADULT.jpg 380w, http:\/\/sadenir.com.uy\/wp-content\/uploads\/2017\/12\/CD-BUFF-ADULT-300x137.jpg 300w, http:\/\/sadenir.com.uy\/wp-content\/uploads\/2017\/12\/CD-BUFF-ADULT-270x123.jpg 270w\" alt=\"\" width=\"380\" height=\"173\" \/><img decoding=\"async\" src=\"http:\/\/sadenir.com.uy\/wp-content\/uploads\/2017\/12\/CD-BUFF-ADULT.jpg\" \/><\/p>\n<p><strong>ENRIQUECIMIENTO<\/strong><\/p>\n<p>La obesidad se define como el ac\u00famulo excesivo de grasa en el cuerpo, suficiente para deteriorar las funciones del mismo y perjudicar la buena salud y el bienestar. Es considerada en felinos uno de los principales factores de riesgo para el desarrollo de Diabetes Mellitus. La incidencia de la obesidad en la especie felina tiene aumentado cada vez m\u00e1s (representa 25 a 35% de la poblaci\u00f3n felina) y consecuentemente los casos de Diabetes Mellitus tambi\u00e9n se han tornado m\u00e1s frecuentes. Factores de riesgos para la obesidad felina incluyen: alimentaci\u00f3n inadecuada y excesiva, castraci\u00f3n, predisposici\u00f3n gen\u00e9tica, sedentarismo. Muchos gatos domiciliados, sin acceso a la calle, presentan intensa reducci\u00f3n de la actividad f\u00edsica, lo que representar\u00eda un gasto energ\u00e9tico de aproximadamente 30% del consumo energ\u00e9tico corporal total. Complicaciones m\u00e9dicas asociadas a la Obesidad felina: Diabetes Mellitus, enfermedades ortop\u00e9dicas, cardiorrespiratorias, dermatol\u00f3gicas, lipidosis hep\u00e1tica felina, mayor riesgo anest\u00e9sico. Equilibrio Veterinary Obesity &amp; Diabetic Gato \u2013 O&amp;D tiene en su composici\u00f3n baja grasa y alto nivel de fibras; ambos promoviendo la reducci\u00f3n de la grasa corporal, mayor sensaci\u00f3n de saciedad por las fibras y reducci\u00f3n de la hiperlipidemia. Bajo contenido energ\u00e9tico, auxilia en el control exceso de grasa corporal. Alto tenor de fibras solubles (pulpa de remolacha e inulina) y fibras insolubles (celulosa en polvo y psyllium) promueve la saciedad del animal, reduciendo as\u00ed el consumo de calor\u00edas y manteniendo la salud gastrointestinal. Las fibras solubles disminuyen la velocidad del vaciamiento g\u00e1strico y controlan la absorci\u00f3n de nutrientes. Las fibras insolubles aumentan el volumen del alimento y aceleran el tr\u00e1nsito gastrointestinal. \u2013 42% de prote\u00edna: alto tenor proteico para la manutenci\u00f3n de la masa magra. \u2013 Alta concentraci\u00f3n de L-Carnitina, que acelera la quema de grasa y tambi\u00e9n mantiene la masa magra. \u2013 Uso de antioxidantes naturales como vitaminas E, C, D y beta caroteno, que combaten los radicales libres, evitando el envejecimiento celular precoz. \u2013 Los \u00e1cidos grasos esenciales (Omega 3) colaboran para la reducci\u00f3n y los niveles s\u00e9ricos de triglic\u00e9ridos y aumentan la sensibilidad a la insulina. El mineral llamado cromo es muy importante para animales diab\u00e9ticos, pues es considerado un facilitador de entrada de glucosa en la c\u00e9lula, regulando as\u00ed los \u00edndices glic\u00e9micos.<\/p>\n","protected":false},"excerpt":{"rendered":"<p>Alimento completo indicado para gatos adultos.<br \/>\nCarne, zanahoria, remolacha, espinaca, arroz y ma\u00edz. \u2013 \u00bfEs como la comida que hacemos en casa, no? Tu gato se va a deleitar con esta alimentaci\u00f3n especial que Total prepar\u00f3 para \u00e9l.<\/p>\n","protected":false},"featured_media":6092,"template":"","meta":{"pgc_sgb_lightbox_settings":""},"product_brand":[],"product_cat":[44,66],"product_tag":[],"class_list":{"0":"post-6020","1":"product","2":"type-product","3":"status-publish","4":"has-post-thumbnail","6":"product_cat-gatos","7":"product_cat-adultos-gatos","9":"first","10":"instock","11":"shipping-taxable","12":"product-type-simple"},"yoast_head":"<!-- This site is optimized with the Yoast SEO plugin v26.1.1 - https:\/\/yoast.com\/wordpress\/plugins\/seo\/ -->\n<title>Cat Buffet - Max<\/title>\n<meta name=\"robots\" content=\"index, follow, max-snippet:-1, max-image-preview:large, max-video-preview:-1\" \/>\n<link rel=\"canonical\" href=\"https:\/\/sadenir.com.uy\/max\/product\/gatos-castrados-mature\/\" \/>\n<meta property=\"og:locale\" content=\"es_ES\" \/>\n<meta property=\"og:type\" content=\"article\" \/>\n<meta property=\"og:title\" content=\"Cat Buffet - Max\" \/>\n<meta property=\"og:description\" content=\"Alimento completo indicado para gatos adultos. Carne, zanahoria, remolacha, espinaca, arroz y ma\u00edz. \u2013 \u00bfEs como la comida que hacemos en casa, no? Tu gato se va a deleitar con esta alimentaci\u00f3n especial que Total prepar\u00f3 para \u00e9l.\" \/>\n<meta property=\"og:url\" content=\"https:\/\/sadenir.com.uy\/max\/product\/gatos-castrados-mature\/\" \/>\n<meta property=\"og:site_name\" content=\"Max\" \/>\n<meta property=\"article:modified_time\" content=\"2020-09-23T23:23:07+00:00\" \/>\n<meta property=\"og:image\" content=\"https:\/\/sadenir.com.uy\/max\/wp-content\/uploads\/sites\/4\/2020\/09\/buffet_ok.jpg\" \/>\n\t<meta property=\"og:image:width\" content=\"801\" \/>\n\t<meta property=\"og:image:height\" content=\"800\" \/>\n\t<meta property=\"og:image:type\" content=\"image\/jpeg\" \/>\n<meta name=\"twitter:card\" content=\"summary_large_image\" \/>\n<meta name=\"twitter:label1\" content=\"Tiempo de lectura\" \/>\n\t<meta name=\"twitter:data1\" content=\"3 minutos\" \/>\n<script type=\"application\/ld+json\" class=\"yoast-schema-graph\">{\"@context\":\"https:\/\/schema.org\",\"@graph\":[{\"@type\":\"WebPage\",\"@id\":\"https:\/\/sadenir.com.uy\/max\/product\/gatos-castrados-mature\/\",\"url\":\"https:\/\/sadenir.com.uy\/max\/product\/gatos-castrados-mature\/\",\"name\":\"Cat Buffet - Max\",\"isPartOf\":{\"@id\":\"https:\/\/sadenir.com.uy\/max\/#website\"},\"primaryImageOfPage\":{\"@id\":\"https:\/\/sadenir.com.uy\/max\/product\/gatos-castrados-mature\/#primaryimage\"},\"image\":{\"@id\":\"https:\/\/sadenir.com.uy\/max\/product\/gatos-castrados-mature\/#primaryimage\"},\"thumbnailUrl\":\"https:\/\/sadenir.com.uy\/max\/wp-content\/uploads\/sites\/4\/2020\/09\/buffet_ok.jpg\",\"datePublished\":\"2020-09-01T21:56:24+00:00\",\"dateModified\":\"2020-09-23T23:23:07+00:00\",\"breadcrumb\":{\"@id\":\"https:\/\/sadenir.com.uy\/max\/product\/gatos-castrados-mature\/#breadcrumb\"},\"inLanguage\":\"es-AR\",\"potentialAction\":[{\"@type\":\"ReadAction\",\"target\":[\"https:\/\/sadenir.com.uy\/max\/product\/gatos-castrados-mature\/\"]}]},{\"@type\":\"ImageObject\",\"inLanguage\":\"es-AR\",\"@id\":\"https:\/\/sadenir.com.uy\/max\/product\/gatos-castrados-mature\/#primaryimage\",\"url\":\"https:\/\/sadenir.com.uy\/max\/wp-content\/uploads\/sites\/4\/2020\/09\/buffet_ok.jpg\",\"contentUrl\":\"https:\/\/sadenir.com.uy\/max\/wp-content\/uploads\/sites\/4\/2020\/09\/buffet_ok.jpg\",\"width\":801,\"height\":800},{\"@type\":\"BreadcrumbList\",\"@id\":\"https:\/\/sadenir.com.uy\/max\/product\/gatos-castrados-mature\/#breadcrumb\",\"itemListElement\":[{\"@type\":\"ListItem\",\"position\":1,\"name\":\"Inicio\",\"item\":\"https:\/\/sadenir.com.uy\/max\/\"},{\"@type\":\"ListItem\",\"position\":2,\"name\":\"Shop\",\"item\":\"https:\/\/sadenir.com.uy\/max\/shop\/\"},{\"@type\":\"ListItem\",\"position\":3,\"name\":\"Cat Buffet\"}]},{\"@type\":\"WebSite\",\"@id\":\"https:\/\/sadenir.com.uy\/max\/#website\",\"url\":\"https:\/\/sadenir.com.uy\/max\/\",\"name\":\"Max\",\"description\":\"Excelencia en nutrici\u00f3n\",\"potentialAction\":[{\"@type\":\"SearchAction\",\"target\":{\"@type\":\"EntryPoint\",\"urlTemplate\":\"https:\/\/sadenir.com.uy\/max\/?s={search_term_string}\"},\"query-input\":{\"@type\":\"PropertyValueSpecification\",\"valueRequired\":true,\"valueName\":\"search_term_string\"}}],\"inLanguage\":\"es-AR\"}]}<\/script>\n<!-- \/ Yoast SEO plugin. -->","yoast_head_json":{"title":"Cat Buffet - Max","robots":{"index":"index","follow":"follow","max-snippet":"max-snippet:-1","max-image-preview":"max-image-preview:large","max-video-preview":"max-video-preview:-1"},"canonical":"https:\/\/sadenir.com.uy\/max\/product\/gatos-castrados-mature\/","og_locale":"es_ES","og_type":"article","og_title":"Cat Buffet - Max","og_description":"Alimento completo indicado para gatos adultos. Carne, zanahoria, remolacha, espinaca, arroz y ma\u00edz. \u2013 \u00bfEs como la comida que hacemos en casa, no? Tu gato se va a deleitar con esta alimentaci\u00f3n especial que Total prepar\u00f3 para \u00e9l.","og_url":"https:\/\/sadenir.com.uy\/max\/product\/gatos-castrados-mature\/","og_site_name":"Max","article_modified_time":"2020-09-23T23:23:07+00:00","og_image":[{"width":801,"height":800,"url":"https:\/\/sadenir.com.uy\/max\/wp-content\/uploads\/sites\/4\/2020\/09\/buffet_ok.jpg","type":"image\/jpeg"}],"twitter_card":"summary_large_image","twitter_misc":{"Tiempo de lectura":"3 minutos"},"schema":{"@context":"https:\/\/schema.org","@graph":[{"@type":"WebPage","@id":"https:\/\/sadenir.com.uy\/max\/product\/gatos-castrados-mature\/","url":"https:\/\/sadenir.com.uy\/max\/product\/gatos-castrados-mature\/","name":"Cat Buffet - Max","isPartOf":{"@id":"https:\/\/sadenir.com.uy\/max\/#website"},"primaryImageOfPage":{"@id":"https:\/\/sadenir.com.uy\/max\/product\/gatos-castrados-mature\/#primaryimage"},"image":{"@id":"https:\/\/sadenir.com.uy\/max\/product\/gatos-castrados-mature\/#primaryimage"},"thumbnailUrl":"https:\/\/sadenir.com.uy\/max\/wp-content\/uploads\/sites\/4\/2020\/09\/buffet_ok.jpg","datePublished":"2020-09-01T21:56:24+00:00","dateModified":"2020-09-23T23:23:07+00:00","breadcrumb":{"@id":"https:\/\/sadenir.com.uy\/max\/product\/gatos-castrados-mature\/#breadcrumb"},"inLanguage":"es-AR","potentialAction":[{"@type":"ReadAction","target":["https:\/\/sadenir.com.uy\/max\/product\/gatos-castrados-mature\/"]}]},{"@type":"ImageObject","inLanguage":"es-AR","@id":"https:\/\/sadenir.com.uy\/max\/product\/gatos-castrados-mature\/#primaryimage","url":"https:\/\/sadenir.com.uy\/max\/wp-content\/uploads\/sites\/4\/2020\/09\/buffet_ok.jpg","contentUrl":"https:\/\/sadenir.com.uy\/max\/wp-content\/uploads\/sites\/4\/2020\/09\/buffet_ok.jpg","width":801,"height":800},{"@type":"BreadcrumbList","@id":"https:\/\/sadenir.com.uy\/max\/product\/gatos-castrados-mature\/#breadcrumb","itemListElement":[{"@type":"ListItem","position":1,"name":"Inicio","item":"https:\/\/sadenir.com.uy\/max\/"},{"@type":"ListItem","position":2,"name":"Shop","item":"https:\/\/sadenir.com.uy\/max\/shop\/"},{"@type":"ListItem","position":3,"name":"Cat Buffet"}]},{"@type":"WebSite","@id":"https:\/\/sadenir.com.uy\/max\/#website","url":"https:\/\/sadenir.com.uy\/max\/","name":"Max","description":"Excelencia en nutrici\u00f3n","potentialAction":[{"@type":"SearchAction","target":{"@type":"EntryPoint","urlTemplate":"https:\/\/sadenir.com.uy\/max\/?s={search_term_string}"},"query-input":{"@type":"PropertyValueSpecification","valueRequired":true,"valueName":"search_term_string"}}],"inLanguage":"es-AR"}]}},"_links":{"self":[{"href":"https:\/\/sadenir.com.uy\/max\/wp-json\/wp\/v2\/product\/6020","targetHints":{"allow":["GET"]}}],"collection":[{"href":"https:\/\/sadenir.com.uy\/max\/wp-json\/wp\/v2\/product"}],"about":[{"href":"https:\/\/sadenir.com.uy\/max\/wp-json\/wp\/v2\/types\/product"}],"wp:featuredmedia":[{"embeddable":true,"href":"https:\/\/sadenir.com.uy\/max\/wp-json\/wp\/v2\/media\/6092"}],"wp:attachment":[{"href":"https:\/\/sadenir.com.uy\/max\/wp-json\/wp\/v2\/media?parent=6020"}],"wp:term":[{"taxonomy":"product_brand","embeddable":true,"href":"https:\/\/sadenir.com.uy\/max\/wp-json\/wp\/v2\/product_brand?post=6020"},{"taxonomy":"product_cat","embeddable":true,"href":"https:\/\/sadenir.com.uy\/max\/wp-json\/wp\/v2\/product_cat?post=6020"},{"taxonomy":"product_tag","embeddable":true,"href":"https:\/\/sadenir.com.uy\/max\/wp-json\/wp\/v2\/product_tag?post=6020"}],"curies":[{"name":"wp","href":"https:\/\/api.w.org\/{rel}","templated":true}]}}