{"id":7522,"date":"2024-05-02T19:03:11","date_gmt":"2024-05-02T19:03:11","guid":{"rendered":"https:\/\/sadenir.com.uy\/max\/?post_type=product&#038;p=7522"},"modified":"2025-07-21T17:44:43","modified_gmt":"2025-07-21T17:44:43","slug":"max-cat-professional-line-gato-adulto","status":"publish","type":"product","link":"https:\/\/sadenir.com.uy\/max\/product\/max-cat-professional-line-gato-adulto\/","title":{"rendered":"Max Cat Professional Line Gato Adulto"},"content":{"rendered":"<p><b>COMPOSICI\u00d3N B\u00c1SICA<\/b><\/p>\n<p>Carne mec\u00e1nicamente separada de pollo, harina de pescados, harina de menudos de pollo, grasa de pollo, grano de ma\u00edz, salvado de germen de ma\u00edz, arroz quebrado, grano de linaza, salvado de soja, aceite de romero,aceite de oliva, levadura seca de cerveza, fosfato bic\u00e1lcico, cloruro de sodio, cloruro de potasio, DL-metionina y\/o metionina,taurina, cloruro de colina, extracto de <i>Yucca<\/i> <i>Schidigera<\/i>, aditivo antioxidante (BHA, BHT), propionato de calcio y\/o \u00e1cido propi\u00f3nico, propionato de amonio y \u00e1cido ac\u00e9tico, \u00e1cido fosf\u00f3rico y\/o \u00e1cido c\u00edtrico, cloruro de amonio, sulfato de amonio,hidrolizado de pollo y pescado y\/o hidrolizado de h\u00edgado de aves y\/o hidrolizado de h\u00edgado de cerdo, suplemento vitam\u00ednico mineral.<\/p>\n<p><b>ANALISIS NUTRICIONAL<\/b><\/p>\n<p>Prote\u00edna Bruta (m\u00edn.) (32%), Grasas (m\u00edn.) (10%), Fibras (m\u00e1x.) (4%), Materia Mineral (m\u00e1x.) (9%), Humedad (m\u00e1x.) (10%), Calcio (m\u00e1x.) (2,2%), F\u00f3sforo (m\u00edn.) (0,8%), DL-metionina (m\u00edn.) (0,57%).<\/p>\n<p><b>ENRIQUECIMIENTO POR KILOGRAMO DEL PRODUCTO<\/b><\/p>\n<p>Vitamina A (21875 U.I.), Vitamina B1 (30,62 mg), Vitamina B12 (260 mcg), Vitamina B2 (30,62 mg), Vitamina B6 (19,25 mg), \u00c1cido F\u00f3lico (8,75 mg), \u00c1cido Pantot\u00e9nico (37,62 mg), Vitamina D3 (2210 U.I.), Vitamina H (0,7 mg), Vitamina K3 (1,48 mg), Vitamina PP (96,25 mg), Vitamina E (525 U.I.), Vitamina C (90 mg), Cloruro de colina (2200 mg), Sodio (3,5 g) Potasio (8 g) Cobre (18 mg), Hierro (120 mg), Selenio (0,36 mg), Manganeso (24 mg), Zinc (144 mg), Yodo (2,4 mg), Taurina (1500 mg).<\/p>\n","protected":false},"excerpt":{"rendered":"<p>Max Cat Adultos Pollo &amp;amp Arroz trae ingredientes seleccionados por especialistas para proporcionarle una alimentaci\u00f3n rica y balanceada a tu gatito.<\/p>\n","protected":false},"featured_media":7623,"template":"","meta":{"pgc_sgb_lightbox_settings":""},"product_brand":[],"product_cat":[74,44,66],"product_tag":[],"class_list":{"0":"post-7522","1":"product","2":"type-product","3":"status-publish","4":"has-post-thumbnail","6":"product_cat-max-professional","7":"product_cat-gatos","8":"product_cat-adultos-gatos","10":"first","11":"instock","12":"shipping-taxable","13":"product-type-simple"},"yoast_head":"<!-- This site is optimized with the Yoast SEO plugin v26.1.1 - https:\/\/yoast.com\/wordpress\/plugins\/seo\/ -->\n<title>Max Cat Professional Line Gato Adulto - Max<\/title>\n<meta name=\"description\" content=\"Max Cat Professional Line Gato Adulto\" \/>\n<meta name=\"robots\" content=\"index, follow, max-snippet:-1, max-image-preview:large, max-video-preview:-1\" \/>\n<link rel=\"canonical\" href=\"https:\/\/sadenir.com.uy\/max\/product\/max-cat-professional-line-gato-adulto\/\" \/>\n<meta property=\"og:locale\" content=\"es_ES\" \/>\n<meta property=\"og:type\" content=\"article\" \/>\n<meta property=\"og:title\" content=\"Max Cat Professional Line Gato Adulto - Max\" \/>\n<meta property=\"og:description\" content=\"Max Cat Professional Line Gato Adulto\" \/>\n<meta property=\"og:url\" content=\"https:\/\/sadenir.com.uy\/max\/product\/max-cat-professional-line-gato-adulto\/\" \/>\n<meta property=\"og:site_name\" content=\"Max\" \/>\n<meta property=\"article:modified_time\" content=\"2025-07-21T17:44:43+00:00\" \/>\n<meta property=\"og:image\" content=\"https:\/\/sadenir.com.uy\/max\/wp-content\/uploads\/sites\/4\/2024\/05\/MAX-CAT-PL-KITTENS-CHICKEN-20KG-8410-ESQUERDA.png\" \/>\n\t<meta property=\"og:image:width\" content=\"1650\" \/>\n\t<meta property=\"og:image:height\" content=\"1875\" \/>\n\t<meta property=\"og:image:type\" content=\"image\/png\" \/>\n<meta name=\"twitter:card\" content=\"summary_large_image\" \/>\n<meta name=\"twitter:label1\" content=\"Tiempo de lectura\" \/>\n\t<meta name=\"twitter:data1\" content=\"2 minutos\" \/>\n<script type=\"application\/ld+json\" class=\"yoast-schema-graph\">{\"@context\":\"https:\/\/schema.org\",\"@graph\":[{\"@type\":\"WebPage\",\"@id\":\"https:\/\/sadenir.com.uy\/max\/product\/max-cat-professional-line-gato-adulto\/\",\"url\":\"https:\/\/sadenir.com.uy\/max\/product\/max-cat-professional-line-gato-adulto\/\",\"name\":\"Max Cat Professional Line Gato Adulto - Max\",\"isPartOf\":{\"@id\":\"https:\/\/sadenir.com.uy\/max\/#website\"},\"primaryImageOfPage\":{\"@id\":\"https:\/\/sadenir.com.uy\/max\/product\/max-cat-professional-line-gato-adulto\/#primaryimage\"},\"image\":{\"@id\":\"https:\/\/sadenir.com.uy\/max\/product\/max-cat-professional-line-gato-adulto\/#primaryimage\"},\"thumbnailUrl\":\"https:\/\/sadenir.com.uy\/max\/wp-content\/uploads\/sites\/4\/2024\/05\/MAX-CAT-PL-KITTENS-CHICKEN-20KG-8410-ESQUERDA.png\",\"datePublished\":\"2024-05-02T19:03:11+00:00\",\"dateModified\":\"2025-07-21T17:44:43+00:00\",\"description\":\"Max Cat Professional Line Gato Adulto\",\"breadcrumb\":{\"@id\":\"https:\/\/sadenir.com.uy\/max\/product\/max-cat-professional-line-gato-adulto\/#breadcrumb\"},\"inLanguage\":\"es-AR\",\"potentialAction\":[{\"@type\":\"ReadAction\",\"target\":[\"https:\/\/sadenir.com.uy\/max\/product\/max-cat-professional-line-gato-adulto\/\"]}]},{\"@type\":\"ImageObject\",\"inLanguage\":\"es-AR\",\"@id\":\"https:\/\/sadenir.com.uy\/max\/product\/max-cat-professional-line-gato-adulto\/#primaryimage\",\"url\":\"https:\/\/sadenir.com.uy\/max\/wp-content\/uploads\/sites\/4\/2024\/05\/MAX-CAT-PL-KITTENS-CHICKEN-20KG-8410-ESQUERDA.png\",\"contentUrl\":\"https:\/\/sadenir.com.uy\/max\/wp-content\/uploads\/sites\/4\/2024\/05\/MAX-CAT-PL-KITTENS-CHICKEN-20KG-8410-ESQUERDA.png\",\"width\":1650,\"height\":1875},{\"@type\":\"BreadcrumbList\",\"@id\":\"https:\/\/sadenir.com.uy\/max\/product\/max-cat-professional-line-gato-adulto\/#breadcrumb\",\"itemListElement\":[{\"@type\":\"ListItem\",\"position\":1,\"name\":\"Inicio\",\"item\":\"https:\/\/sadenir.com.uy\/max\/\"},{\"@type\":\"ListItem\",\"position\":2,\"name\":\"Shop\",\"item\":\"https:\/\/sadenir.com.uy\/max\/shop\/\"},{\"@type\":\"ListItem\",\"position\":3,\"name\":\"Max Cat Professional Line Gato Adulto\"}]},{\"@type\":\"WebSite\",\"@id\":\"https:\/\/sadenir.com.uy\/max\/#website\",\"url\":\"https:\/\/sadenir.com.uy\/max\/\",\"name\":\"Max\",\"description\":\"Excelencia en nutrici\u00f3n\",\"potentialAction\":[{\"@type\":\"SearchAction\",\"target\":{\"@type\":\"EntryPoint\",\"urlTemplate\":\"https:\/\/sadenir.com.uy\/max\/?s={search_term_string}\"},\"query-input\":{\"@type\":\"PropertyValueSpecification\",\"valueRequired\":true,\"valueName\":\"search_term_string\"}}],\"inLanguage\":\"es-AR\"}]}<\/script>\n<!-- \/ Yoast SEO plugin. -->","yoast_head_json":{"title":"Max Cat Professional Line Gato Adulto - Max","description":"Max Cat Professional Line Gato Adulto","robots":{"index":"index","follow":"follow","max-snippet":"max-snippet:-1","max-image-preview":"max-image-preview:large","max-video-preview":"max-video-preview:-1"},"canonical":"https:\/\/sadenir.com.uy\/max\/product\/max-cat-professional-line-gato-adulto\/","og_locale":"es_ES","og_type":"article","og_title":"Max Cat Professional Line Gato Adulto - Max","og_description":"Max Cat Professional Line Gato Adulto","og_url":"https:\/\/sadenir.com.uy\/max\/product\/max-cat-professional-line-gato-adulto\/","og_site_name":"Max","article_modified_time":"2025-07-21T17:44:43+00:00","og_image":[{"width":1650,"height":1875,"url":"https:\/\/sadenir.com.uy\/max\/wp-content\/uploads\/sites\/4\/2024\/05\/MAX-CAT-PL-KITTENS-CHICKEN-20KG-8410-ESQUERDA.png","type":"image\/png"}],"twitter_card":"summary_large_image","twitter_misc":{"Tiempo de lectura":"2 minutos"},"schema":{"@context":"https:\/\/schema.org","@graph":[{"@type":"WebPage","@id":"https:\/\/sadenir.com.uy\/max\/product\/max-cat-professional-line-gato-adulto\/","url":"https:\/\/sadenir.com.uy\/max\/product\/max-cat-professional-line-gato-adulto\/","name":"Max Cat Professional Line Gato Adulto - Max","isPartOf":{"@id":"https:\/\/sadenir.com.uy\/max\/#website"},"primaryImageOfPage":{"@id":"https:\/\/sadenir.com.uy\/max\/product\/max-cat-professional-line-gato-adulto\/#primaryimage"},"image":{"@id":"https:\/\/sadenir.com.uy\/max\/product\/max-cat-professional-line-gato-adulto\/#primaryimage"},"thumbnailUrl":"https:\/\/sadenir.com.uy\/max\/wp-content\/uploads\/sites\/4\/2024\/05\/MAX-CAT-PL-KITTENS-CHICKEN-20KG-8410-ESQUERDA.png","datePublished":"2024-05-02T19:03:11+00:00","dateModified":"2025-07-21T17:44:43+00:00","description":"Max Cat Professional Line Gato Adulto","breadcrumb":{"@id":"https:\/\/sadenir.com.uy\/max\/product\/max-cat-professional-line-gato-adulto\/#breadcrumb"},"inLanguage":"es-AR","potentialAction":[{"@type":"ReadAction","target":["https:\/\/sadenir.com.uy\/max\/product\/max-cat-professional-line-gato-adulto\/"]}]},{"@type":"ImageObject","inLanguage":"es-AR","@id":"https:\/\/sadenir.com.uy\/max\/product\/max-cat-professional-line-gato-adulto\/#primaryimage","url":"https:\/\/sadenir.com.uy\/max\/wp-content\/uploads\/sites\/4\/2024\/05\/MAX-CAT-PL-KITTENS-CHICKEN-20KG-8410-ESQUERDA.png","contentUrl":"https:\/\/sadenir.com.uy\/max\/wp-content\/uploads\/sites\/4\/2024\/05\/MAX-CAT-PL-KITTENS-CHICKEN-20KG-8410-ESQUERDA.png","width":1650,"height":1875},{"@type":"BreadcrumbList","@id":"https:\/\/sadenir.com.uy\/max\/product\/max-cat-professional-line-gato-adulto\/#breadcrumb","itemListElement":[{"@type":"ListItem","position":1,"name":"Inicio","item":"https:\/\/sadenir.com.uy\/max\/"},{"@type":"ListItem","position":2,"name":"Shop","item":"https:\/\/sadenir.com.uy\/max\/shop\/"},{"@type":"ListItem","position":3,"name":"Max Cat Professional Line Gato Adulto"}]},{"@type":"WebSite","@id":"https:\/\/sadenir.com.uy\/max\/#website","url":"https:\/\/sadenir.com.uy\/max\/","name":"Max","description":"Excelencia en nutrici\u00f3n","potentialAction":[{"@type":"SearchAction","target":{"@type":"EntryPoint","urlTemplate":"https:\/\/sadenir.com.uy\/max\/?s={search_term_string}"},"query-input":{"@type":"PropertyValueSpecification","valueRequired":true,"valueName":"search_term_string"}}],"inLanguage":"es-AR"}]}},"_links":{"self":[{"href":"https:\/\/sadenir.com.uy\/max\/wp-json\/wp\/v2\/product\/7522","targetHints":{"allow":["GET"]}}],"collection":[{"href":"https:\/\/sadenir.com.uy\/max\/wp-json\/wp\/v2\/product"}],"about":[{"href":"https:\/\/sadenir.com.uy\/max\/wp-json\/wp\/v2\/types\/product"}],"wp:featuredmedia":[{"embeddable":true,"href":"https:\/\/sadenir.com.uy\/max\/wp-json\/wp\/v2\/media\/7623"}],"wp:attachment":[{"href":"https:\/\/sadenir.com.uy\/max\/wp-json\/wp\/v2\/media?parent=7522"}],"wp:term":[{"taxonomy":"product_brand","embeddable":true,"href":"https:\/\/sadenir.com.uy\/max\/wp-json\/wp\/v2\/product_brand?post=7522"},{"taxonomy":"product_cat","embeddable":true,"href":"https:\/\/sadenir.com.uy\/max\/wp-json\/wp\/v2\/product_cat?post=7522"},{"taxonomy":"product_tag","embeddable":true,"href":"https:\/\/sadenir.com.uy\/max\/wp-json\/wp\/v2\/product_tag?post=7522"}],"curies":[{"name":"wp","href":"https:\/\/api.w.org\/{rel}","templated":true}]}}