{"id":7524,"date":"2024-05-02T19:06:05","date_gmt":"2024-05-02T19:06:05","guid":{"rendered":"https:\/\/sadenir.com.uy\/max\/?post_type=product&#038;p=7524"},"modified":"2025-07-21T17:48:34","modified_gmt":"2025-07-21T17:48:34","slug":"max-cat-professional-line-gato-cachorro","status":"publish","type":"product","link":"https:\/\/sadenir.com.uy\/max\/product\/max-cat-professional-line-gato-cachorro\/","title":{"rendered":"Max Cat Professional Line Gato Cachorro"},"content":{"rendered":"<p><b>COMPOSICI\u00d3N B\u00c1SICA<\/b><\/p>\n<div dir=\"ltr\">\n<div class=\"input-box\" spellcheck=\"false\">\n<p>Carne mec\u00e1nicamente separada de pollo, Harina de menudos de pollo, Grasa de pollo, Ma\u00edz integral molido, Afrecho de gluten de ma\u00edz 60, Arroz medio grano, Semilla de linaza, Afrecho de soja, Aceite de pescado refinado, Levadura seca de cervecer\u00eda, Fosfato dic\u00e1lcico, Cloruro de Sodio (sal com\u00fan), Cloruro de potasio, DL-metionina y\/o metionina, Taurina , Cloruro de colina, Extracto de <i>Yucca<\/i> <i>Schidigera<\/i>, Aditivo antioxidante (BHA, BHT), propionato de calcio y\/o \u00e1cido propi\u00f3nico, propionato de amonio y \u00e1cido ac\u00e9tico, \u00e1cido fosf\u00f3rico y\/o \u00e1cido c\u00edtrico, cloruro de amonio, sulfato de amonio, hidrolizado de pollo y pescado y\/o hidrolizado de h\u00edgado de aves y\/o hidrolizado de h\u00edgado de cerdo, suplemento vitam\u00ednico mineral.<\/p>\n<p><b>ANALISIS NUTRICIONAL<\/b><\/p>\n<\/div>\n<\/div>\n<div>\n<p>Prote\u00edna Bruta (m\u00edn.) (30%), Grasas (m\u00edn.) (10%), Fibras (m\u00e1x.) (4%), Materia Mineral (m\u00e1x.) (10%), Humedad (m\u00e1x) (12%), Calcio (m\u00e1x.) (2,4%), F\u00f3sforo (m\u00edn.) (0,8%), Taurina (m\u00edn.) (0,1%), DL-metionina (m\u00edn.) (0,57%).<\/p>\n<p><b>ENRIQUECIMIENTO POR KILOGRAMO DEL PRODUCTO<\/b><\/p>\n<p>Vitamina A (10000 U.I.), Vitamina B1 (6,5 mg), Vitamina B12 (20 mcg), Vitamina B2 (6,5 mg), Vitamina B6 (8 mg), \u00c1cido F\u00f3lico (1 mg), \u00c1cido Pantot\u00e9nico (10 mg), Vitamina D (700 U.I.), Vitamina H (0,1 mg), Vitamina K (1 mg), Vitamina PP (70 mg), Vitamina E (450 U.I.), vitamina C (20 mg), Colina (2200 mg), Sodio (3 g), Potasio (6 g), Cobre (15 mg), Hierro (100 mg), Selenio (0,3 mg), Manganeso (20 mg), Zinc (120 mg), Yodo (2 mg).<\/p>\n<\/div>\n","protected":false},"excerpt":{"rendered":"<p>Producido especialmente para que tu gatito crezca sano y fuerte.<\/p>\n","protected":false},"featured_media":7626,"template":"","meta":{"pgc_sgb_lightbox_settings":""},"product_brand":[],"product_cat":[74,44,65],"product_tag":[],"class_list":{"0":"post-7524","1":"product","2":"type-product","3":"status-publish","4":"has-post-thumbnail","6":"product_cat-max-professional","7":"product_cat-gatos","8":"product_cat-gatitos","10":"first","11":"instock","12":"shipping-taxable","13":"product-type-simple"},"yoast_head":"<!-- This site is optimized with the Yoast SEO plugin v26.1.1 - https:\/\/yoast.com\/wordpress\/plugins\/seo\/ -->\n<title>Max Cat Professional Line Gato Cachorro - Max<\/title>\n<meta name=\"robots\" content=\"index, follow, max-snippet:-1, max-image-preview:large, max-video-preview:-1\" \/>\n<link rel=\"canonical\" href=\"https:\/\/sadenir.com.uy\/max\/product\/max-cat-professional-line-gato-cachorro\/\" \/>\n<meta property=\"og:locale\" content=\"es_ES\" \/>\n<meta property=\"og:type\" content=\"article\" \/>\n<meta property=\"og:title\" content=\"Max Cat Professional Line Gato Cachorro - Max\" \/>\n<meta property=\"og:description\" content=\"Producido especialmente para que tu gatito crezca sano y fuerte.\" \/>\n<meta property=\"og:url\" content=\"https:\/\/sadenir.com.uy\/max\/product\/max-cat-professional-line-gato-cachorro\/\" \/>\n<meta property=\"og:site_name\" content=\"Max\" \/>\n<meta property=\"article:modified_time\" content=\"2025-07-21T17:48:34+00:00\" \/>\n<meta property=\"og:image\" content=\"https:\/\/sadenir.com.uy\/max\/wp-content\/uploads\/sites\/4\/2024\/05\/MOCKUP-CAT-PL-AD-FRANGO-8411-ESQUERDA.png\" \/>\n\t<meta property=\"og:image:width\" content=\"1650\" \/>\n\t<meta property=\"og:image:height\" content=\"1875\" \/>\n\t<meta property=\"og:image:type\" content=\"image\/png\" \/>\n<meta name=\"twitter:card\" content=\"summary_large_image\" \/>\n<meta name=\"twitter:label1\" content=\"Tiempo de lectura\" \/>\n\t<meta name=\"twitter:data1\" content=\"2 minutos\" \/>\n<script type=\"application\/ld+json\" class=\"yoast-schema-graph\">{\"@context\":\"https:\/\/schema.org\",\"@graph\":[{\"@type\":\"WebPage\",\"@id\":\"https:\/\/sadenir.com.uy\/max\/product\/max-cat-professional-line-gato-cachorro\/\",\"url\":\"https:\/\/sadenir.com.uy\/max\/product\/max-cat-professional-line-gato-cachorro\/\",\"name\":\"Max Cat Professional Line Gato Cachorro - Max\",\"isPartOf\":{\"@id\":\"https:\/\/sadenir.com.uy\/max\/#website\"},\"primaryImageOfPage\":{\"@id\":\"https:\/\/sadenir.com.uy\/max\/product\/max-cat-professional-line-gato-cachorro\/#primaryimage\"},\"image\":{\"@id\":\"https:\/\/sadenir.com.uy\/max\/product\/max-cat-professional-line-gato-cachorro\/#primaryimage\"},\"thumbnailUrl\":\"https:\/\/sadenir.com.uy\/max\/wp-content\/uploads\/sites\/4\/2024\/05\/MOCKUP-CAT-PL-AD-FRANGO-8411-ESQUERDA.png\",\"datePublished\":\"2024-05-02T19:06:05+00:00\",\"dateModified\":\"2025-07-21T17:48:34+00:00\",\"breadcrumb\":{\"@id\":\"https:\/\/sadenir.com.uy\/max\/product\/max-cat-professional-line-gato-cachorro\/#breadcrumb\"},\"inLanguage\":\"es-AR\",\"potentialAction\":[{\"@type\":\"ReadAction\",\"target\":[\"https:\/\/sadenir.com.uy\/max\/product\/max-cat-professional-line-gato-cachorro\/\"]}]},{\"@type\":\"ImageObject\",\"inLanguage\":\"es-AR\",\"@id\":\"https:\/\/sadenir.com.uy\/max\/product\/max-cat-professional-line-gato-cachorro\/#primaryimage\",\"url\":\"https:\/\/sadenir.com.uy\/max\/wp-content\/uploads\/sites\/4\/2024\/05\/MOCKUP-CAT-PL-AD-FRANGO-8411-ESQUERDA.png\",\"contentUrl\":\"https:\/\/sadenir.com.uy\/max\/wp-content\/uploads\/sites\/4\/2024\/05\/MOCKUP-CAT-PL-AD-FRANGO-8411-ESQUERDA.png\",\"width\":1650,\"height\":1875},{\"@type\":\"BreadcrumbList\",\"@id\":\"https:\/\/sadenir.com.uy\/max\/product\/max-cat-professional-line-gato-cachorro\/#breadcrumb\",\"itemListElement\":[{\"@type\":\"ListItem\",\"position\":1,\"name\":\"Inicio\",\"item\":\"https:\/\/sadenir.com.uy\/max\/\"},{\"@type\":\"ListItem\",\"position\":2,\"name\":\"Shop\",\"item\":\"https:\/\/sadenir.com.uy\/max\/shop\/\"},{\"@type\":\"ListItem\",\"position\":3,\"name\":\"Max Cat Professional Line Gato Cachorro\"}]},{\"@type\":\"WebSite\",\"@id\":\"https:\/\/sadenir.com.uy\/max\/#website\",\"url\":\"https:\/\/sadenir.com.uy\/max\/\",\"name\":\"Max\",\"description\":\"Excelencia en nutrici\u00f3n\",\"potentialAction\":[{\"@type\":\"SearchAction\",\"target\":{\"@type\":\"EntryPoint\",\"urlTemplate\":\"https:\/\/sadenir.com.uy\/max\/?s={search_term_string}\"},\"query-input\":{\"@type\":\"PropertyValueSpecification\",\"valueRequired\":true,\"valueName\":\"search_term_string\"}}],\"inLanguage\":\"es-AR\"}]}<\/script>\n<!-- \/ Yoast SEO plugin. -->","yoast_head_json":{"title":"Max Cat Professional Line Gato Cachorro - Max","robots":{"index":"index","follow":"follow","max-snippet":"max-snippet:-1","max-image-preview":"max-image-preview:large","max-video-preview":"max-video-preview:-1"},"canonical":"https:\/\/sadenir.com.uy\/max\/product\/max-cat-professional-line-gato-cachorro\/","og_locale":"es_ES","og_type":"article","og_title":"Max Cat Professional Line Gato Cachorro - Max","og_description":"Producido especialmente para que tu gatito crezca sano y fuerte.","og_url":"https:\/\/sadenir.com.uy\/max\/product\/max-cat-professional-line-gato-cachorro\/","og_site_name":"Max","article_modified_time":"2025-07-21T17:48:34+00:00","og_image":[{"width":1650,"height":1875,"url":"https:\/\/sadenir.com.uy\/max\/wp-content\/uploads\/sites\/4\/2024\/05\/MOCKUP-CAT-PL-AD-FRANGO-8411-ESQUERDA.png","type":"image\/png"}],"twitter_card":"summary_large_image","twitter_misc":{"Tiempo de lectura":"2 minutos"},"schema":{"@context":"https:\/\/schema.org","@graph":[{"@type":"WebPage","@id":"https:\/\/sadenir.com.uy\/max\/product\/max-cat-professional-line-gato-cachorro\/","url":"https:\/\/sadenir.com.uy\/max\/product\/max-cat-professional-line-gato-cachorro\/","name":"Max Cat Professional Line Gato Cachorro - Max","isPartOf":{"@id":"https:\/\/sadenir.com.uy\/max\/#website"},"primaryImageOfPage":{"@id":"https:\/\/sadenir.com.uy\/max\/product\/max-cat-professional-line-gato-cachorro\/#primaryimage"},"image":{"@id":"https:\/\/sadenir.com.uy\/max\/product\/max-cat-professional-line-gato-cachorro\/#primaryimage"},"thumbnailUrl":"https:\/\/sadenir.com.uy\/max\/wp-content\/uploads\/sites\/4\/2024\/05\/MOCKUP-CAT-PL-AD-FRANGO-8411-ESQUERDA.png","datePublished":"2024-05-02T19:06:05+00:00","dateModified":"2025-07-21T17:48:34+00:00","breadcrumb":{"@id":"https:\/\/sadenir.com.uy\/max\/product\/max-cat-professional-line-gato-cachorro\/#breadcrumb"},"inLanguage":"es-AR","potentialAction":[{"@type":"ReadAction","target":["https:\/\/sadenir.com.uy\/max\/product\/max-cat-professional-line-gato-cachorro\/"]}]},{"@type":"ImageObject","inLanguage":"es-AR","@id":"https:\/\/sadenir.com.uy\/max\/product\/max-cat-professional-line-gato-cachorro\/#primaryimage","url":"https:\/\/sadenir.com.uy\/max\/wp-content\/uploads\/sites\/4\/2024\/05\/MOCKUP-CAT-PL-AD-FRANGO-8411-ESQUERDA.png","contentUrl":"https:\/\/sadenir.com.uy\/max\/wp-content\/uploads\/sites\/4\/2024\/05\/MOCKUP-CAT-PL-AD-FRANGO-8411-ESQUERDA.png","width":1650,"height":1875},{"@type":"BreadcrumbList","@id":"https:\/\/sadenir.com.uy\/max\/product\/max-cat-professional-line-gato-cachorro\/#breadcrumb","itemListElement":[{"@type":"ListItem","position":1,"name":"Inicio","item":"https:\/\/sadenir.com.uy\/max\/"},{"@type":"ListItem","position":2,"name":"Shop","item":"https:\/\/sadenir.com.uy\/max\/shop\/"},{"@type":"ListItem","position":3,"name":"Max Cat Professional Line Gato Cachorro"}]},{"@type":"WebSite","@id":"https:\/\/sadenir.com.uy\/max\/#website","url":"https:\/\/sadenir.com.uy\/max\/","name":"Max","description":"Excelencia en nutrici\u00f3n","potentialAction":[{"@type":"SearchAction","target":{"@type":"EntryPoint","urlTemplate":"https:\/\/sadenir.com.uy\/max\/?s={search_term_string}"},"query-input":{"@type":"PropertyValueSpecification","valueRequired":true,"valueName":"search_term_string"}}],"inLanguage":"es-AR"}]}},"_links":{"self":[{"href":"https:\/\/sadenir.com.uy\/max\/wp-json\/wp\/v2\/product\/7524","targetHints":{"allow":["GET"]}}],"collection":[{"href":"https:\/\/sadenir.com.uy\/max\/wp-json\/wp\/v2\/product"}],"about":[{"href":"https:\/\/sadenir.com.uy\/max\/wp-json\/wp\/v2\/types\/product"}],"wp:featuredmedia":[{"embeddable":true,"href":"https:\/\/sadenir.com.uy\/max\/wp-json\/wp\/v2\/media\/7626"}],"wp:attachment":[{"href":"https:\/\/sadenir.com.uy\/max\/wp-json\/wp\/v2\/media?parent=7524"}],"wp:term":[{"taxonomy":"product_brand","embeddable":true,"href":"https:\/\/sadenir.com.uy\/max\/wp-json\/wp\/v2\/product_brand?post=7524"},{"taxonomy":"product_cat","embeddable":true,"href":"https:\/\/sadenir.com.uy\/max\/wp-json\/wp\/v2\/product_cat?post=7524"},{"taxonomy":"product_tag","embeddable":true,"href":"https:\/\/sadenir.com.uy\/max\/wp-json\/wp\/v2\/product_tag?post=7524"}],"curies":[{"name":"wp","href":"https:\/\/api.w.org\/{rel}","templated":true}]}}