{"id":7529,"date":"2024-05-05T23:24:41","date_gmt":"2024-05-05T23:24:41","guid":{"rendered":"https:\/\/sadenir.com.uy\/max\/?post_type=product&#038;p=7529"},"modified":"2024-05-05T23:24:41","modified_gmt":"2024-05-05T23:24:41","slug":"max-vita-adulto-razas-pequenas","status":"publish","type":"product","link":"https:\/\/sadenir.com.uy\/max\/product\/max-vita-adulto-razas-pequenas\/","title":{"rendered":"Max Vita Adulto Razas Peque\u00f1as"},"content":{"rendered":"<div dir=\"ltr\">\n<div class=\"input-box\" spellcheck=\"false\">\n<div id=\"waffle-rich-text-editor\" class=\"cell-input editable disabled-input\" dir=\"ltr\" tabindex=\"0\" role=\"combobox\" contenteditable=\"false\" aria-autocomplete=\"list\" aria-label=\"H45\">21% de prote\u00ednas: \u00f3ptima digesti\u00f3n, heces firmes, dientes saludables, pelos brillantes y ayuda a mantener la salud del tracto urinario<\/div>\n<\/div>\n<\/div>\n<div>\n<div dir=\"ltr\">\n<div class=\"input-box\" spellcheck=\"false\">\n<div id=\"waffle-rich-text-editor\" class=\"cell-input editable disabled-input\" dir=\"ltr\" tabindex=\"0\" role=\"combobox\" contenteditable=\"false\" aria-autocomplete=\"list\" aria-label=\"F45\">1kg \/ 3kg \/ 10,1kg<\/div>\n<\/div>\n<\/div>\n<div><\/div>\n<\/div>\n","protected":false},"excerpt":{"rendered":"<p>La l\u00ednea Max Vita cuenta con el sello VITA COMPLEX que garantiza una alimentaci\u00f3n 100% balanceada y llena de ingredientes que hacen que el d\u00eda a d\u00eda de tu mascota sea completo y feliz: desde el plato, con consumo total de la racion, hasta una excelente digestibilidad que producir\u00e1 heces firmes y sin olor. Con Max Vita tu mejor amigo estar\u00e1 siempre activo para disfrutar con \u00e9l cada momento. MAX, Nutriendo relaciones todos los d\u00edas.<\/p>\n","protected":false},"featured_media":7530,"template":"","meta":{"pgc_sgb_lightbox_settings":""},"product_brand":[],"product_cat":[75,43,60,64],"product_tag":[],"class_list":{"0":"post-7529","1":"product","2":"type-product","3":"status-publish","4":"has-post-thumbnail","6":"product_cat-max-vita","7":"product_cat-perros","8":"product_cat-adultos","9":"product_cat-pequenos","11":"first","12":"instock","13":"shipping-taxable","14":"product-type-simple"},"yoast_head":"<!-- This site is optimized with the Yoast SEO plugin v26.1.1 - https:\/\/yoast.com\/wordpress\/plugins\/seo\/ -->\n<title>Max Vita Adulto Razas Peque\u00f1as - Max<\/title>\n<meta name=\"robots\" content=\"index, follow, max-snippet:-1, max-image-preview:large, max-video-preview:-1\" \/>\n<link rel=\"canonical\" href=\"https:\/\/sadenir.com.uy\/max\/product\/max-vita-adulto-razas-pequenas\/\" \/>\n<meta property=\"og:locale\" content=\"es_ES\" \/>\n<meta property=\"og:type\" content=\"article\" \/>\n<meta property=\"og:title\" content=\"Max Vita Adulto Razas Peque\u00f1as - Max\" \/>\n<meta property=\"og:description\" content=\"La l\u00ednea Max Vita cuenta con el sello VITA COMPLEX que garantiza una alimentaci\u00f3n 100% balanceada y llena de ingredientes que hacen que el d\u00eda a d\u00eda de tu mascota sea completo y feliz: desde el plato, con consumo total de la racion, hasta una excelente digestibilidad que producir\u00e1 heces firmes y sin olor. Con Max Vita tu mejor amigo estar\u00e1 siempre activo para disfrutar con \u00e9l cada momento. MAX, Nutriendo relaciones todos los d\u00edas.\" \/>\n<meta property=\"og:url\" content=\"https:\/\/sadenir.com.uy\/max\/product\/max-vita-adulto-razas-pequenas\/\" \/>\n<meta property=\"og:site_name\" content=\"Max\" \/>\n<meta property=\"og:image\" content=\"https:\/\/sadenir.com.uy\/max\/wp-content\/uploads\/sites\/4\/2024\/05\/DOGS-MAX-VITA-ADT-BUFFET-RP-DIREITA-EXP.png\" \/>\n\t<meta property=\"og:image:width\" content=\"2827\" \/>\n\t<meta property=\"og:image:height\" content=\"3106\" \/>\n\t<meta property=\"og:image:type\" content=\"image\/png\" \/>\n<meta name=\"twitter:card\" content=\"summary_large_image\" \/>\n<script type=\"application\/ld+json\" class=\"yoast-schema-graph\">{\"@context\":\"https:\/\/schema.org\",\"@graph\":[{\"@type\":\"WebPage\",\"@id\":\"https:\/\/sadenir.com.uy\/max\/product\/max-vita-adulto-razas-pequenas\/\",\"url\":\"https:\/\/sadenir.com.uy\/max\/product\/max-vita-adulto-razas-pequenas\/\",\"name\":\"Max Vita Adulto Razas Peque\u00f1as - Max\",\"isPartOf\":{\"@id\":\"https:\/\/sadenir.com.uy\/max\/#website\"},\"primaryImageOfPage\":{\"@id\":\"https:\/\/sadenir.com.uy\/max\/product\/max-vita-adulto-razas-pequenas\/#primaryimage\"},\"image\":{\"@id\":\"https:\/\/sadenir.com.uy\/max\/product\/max-vita-adulto-razas-pequenas\/#primaryimage\"},\"thumbnailUrl\":\"https:\/\/sadenir.com.uy\/max\/wp-content\/uploads\/sites\/4\/2024\/05\/DOGS-MAX-VITA-ADT-BUFFET-RP-DIREITA-EXP.png\",\"datePublished\":\"2024-05-05T23:24:41+00:00\",\"breadcrumb\":{\"@id\":\"https:\/\/sadenir.com.uy\/max\/product\/max-vita-adulto-razas-pequenas\/#breadcrumb\"},\"inLanguage\":\"es-AR\",\"potentialAction\":[{\"@type\":\"ReadAction\",\"target\":[\"https:\/\/sadenir.com.uy\/max\/product\/max-vita-adulto-razas-pequenas\/\"]}]},{\"@type\":\"ImageObject\",\"inLanguage\":\"es-AR\",\"@id\":\"https:\/\/sadenir.com.uy\/max\/product\/max-vita-adulto-razas-pequenas\/#primaryimage\",\"url\":\"https:\/\/sadenir.com.uy\/max\/wp-content\/uploads\/sites\/4\/2024\/05\/DOGS-MAX-VITA-ADT-BUFFET-RP-DIREITA-EXP.png\",\"contentUrl\":\"https:\/\/sadenir.com.uy\/max\/wp-content\/uploads\/sites\/4\/2024\/05\/DOGS-MAX-VITA-ADT-BUFFET-RP-DIREITA-EXP.png\",\"width\":2827,\"height\":3106},{\"@type\":\"BreadcrumbList\",\"@id\":\"https:\/\/sadenir.com.uy\/max\/product\/max-vita-adulto-razas-pequenas\/#breadcrumb\",\"itemListElement\":[{\"@type\":\"ListItem\",\"position\":1,\"name\":\"Inicio\",\"item\":\"https:\/\/sadenir.com.uy\/max\/\"},{\"@type\":\"ListItem\",\"position\":2,\"name\":\"Shop\",\"item\":\"https:\/\/sadenir.com.uy\/max\/shop\/\"},{\"@type\":\"ListItem\",\"position\":3,\"name\":\"Max Vita Adulto Razas Peque\u00f1as\"}]},{\"@type\":\"WebSite\",\"@id\":\"https:\/\/sadenir.com.uy\/max\/#website\",\"url\":\"https:\/\/sadenir.com.uy\/max\/\",\"name\":\"Max\",\"description\":\"Excelencia en nutrici\u00f3n\",\"potentialAction\":[{\"@type\":\"SearchAction\",\"target\":{\"@type\":\"EntryPoint\",\"urlTemplate\":\"https:\/\/sadenir.com.uy\/max\/?s={search_term_string}\"},\"query-input\":{\"@type\":\"PropertyValueSpecification\",\"valueRequired\":true,\"valueName\":\"search_term_string\"}}],\"inLanguage\":\"es-AR\"}]}<\/script>\n<!-- \/ Yoast SEO plugin. -->","yoast_head_json":{"title":"Max Vita Adulto Razas Peque\u00f1as - Max","robots":{"index":"index","follow":"follow","max-snippet":"max-snippet:-1","max-image-preview":"max-image-preview:large","max-video-preview":"max-video-preview:-1"},"canonical":"https:\/\/sadenir.com.uy\/max\/product\/max-vita-adulto-razas-pequenas\/","og_locale":"es_ES","og_type":"article","og_title":"Max Vita Adulto Razas Peque\u00f1as - Max","og_description":"La l\u00ednea Max Vita cuenta con el sello VITA COMPLEX que garantiza una alimentaci\u00f3n 100% balanceada y llena de ingredientes que hacen que el d\u00eda a d\u00eda de tu mascota sea completo y feliz: desde el plato, con consumo total de la racion, hasta una excelente digestibilidad que producir\u00e1 heces firmes y sin olor. Con Max Vita tu mejor amigo estar\u00e1 siempre activo para disfrutar con \u00e9l cada momento. MAX, Nutriendo relaciones todos los d\u00edas.","og_url":"https:\/\/sadenir.com.uy\/max\/product\/max-vita-adulto-razas-pequenas\/","og_site_name":"Max","og_image":[{"width":2827,"height":3106,"url":"https:\/\/sadenir.com.uy\/max\/wp-content\/uploads\/sites\/4\/2024\/05\/DOGS-MAX-VITA-ADT-BUFFET-RP-DIREITA-EXP.png","type":"image\/png"}],"twitter_card":"summary_large_image","schema":{"@context":"https:\/\/schema.org","@graph":[{"@type":"WebPage","@id":"https:\/\/sadenir.com.uy\/max\/product\/max-vita-adulto-razas-pequenas\/","url":"https:\/\/sadenir.com.uy\/max\/product\/max-vita-adulto-razas-pequenas\/","name":"Max Vita Adulto Razas Peque\u00f1as - Max","isPartOf":{"@id":"https:\/\/sadenir.com.uy\/max\/#website"},"primaryImageOfPage":{"@id":"https:\/\/sadenir.com.uy\/max\/product\/max-vita-adulto-razas-pequenas\/#primaryimage"},"image":{"@id":"https:\/\/sadenir.com.uy\/max\/product\/max-vita-adulto-razas-pequenas\/#primaryimage"},"thumbnailUrl":"https:\/\/sadenir.com.uy\/max\/wp-content\/uploads\/sites\/4\/2024\/05\/DOGS-MAX-VITA-ADT-BUFFET-RP-DIREITA-EXP.png","datePublished":"2024-05-05T23:24:41+00:00","breadcrumb":{"@id":"https:\/\/sadenir.com.uy\/max\/product\/max-vita-adulto-razas-pequenas\/#breadcrumb"},"inLanguage":"es-AR","potentialAction":[{"@type":"ReadAction","target":["https:\/\/sadenir.com.uy\/max\/product\/max-vita-adulto-razas-pequenas\/"]}]},{"@type":"ImageObject","inLanguage":"es-AR","@id":"https:\/\/sadenir.com.uy\/max\/product\/max-vita-adulto-razas-pequenas\/#primaryimage","url":"https:\/\/sadenir.com.uy\/max\/wp-content\/uploads\/sites\/4\/2024\/05\/DOGS-MAX-VITA-ADT-BUFFET-RP-DIREITA-EXP.png","contentUrl":"https:\/\/sadenir.com.uy\/max\/wp-content\/uploads\/sites\/4\/2024\/05\/DOGS-MAX-VITA-ADT-BUFFET-RP-DIREITA-EXP.png","width":2827,"height":3106},{"@type":"BreadcrumbList","@id":"https:\/\/sadenir.com.uy\/max\/product\/max-vita-adulto-razas-pequenas\/#breadcrumb","itemListElement":[{"@type":"ListItem","position":1,"name":"Inicio","item":"https:\/\/sadenir.com.uy\/max\/"},{"@type":"ListItem","position":2,"name":"Shop","item":"https:\/\/sadenir.com.uy\/max\/shop\/"},{"@type":"ListItem","position":3,"name":"Max Vita Adulto Razas Peque\u00f1as"}]},{"@type":"WebSite","@id":"https:\/\/sadenir.com.uy\/max\/#website","url":"https:\/\/sadenir.com.uy\/max\/","name":"Max","description":"Excelencia en nutrici\u00f3n","potentialAction":[{"@type":"SearchAction","target":{"@type":"EntryPoint","urlTemplate":"https:\/\/sadenir.com.uy\/max\/?s={search_term_string}"},"query-input":{"@type":"PropertyValueSpecification","valueRequired":true,"valueName":"search_term_string"}}],"inLanguage":"es-AR"}]}},"_links":{"self":[{"href":"https:\/\/sadenir.com.uy\/max\/wp-json\/wp\/v2\/product\/7529","targetHints":{"allow":["GET"]}}],"collection":[{"href":"https:\/\/sadenir.com.uy\/max\/wp-json\/wp\/v2\/product"}],"about":[{"href":"https:\/\/sadenir.com.uy\/max\/wp-json\/wp\/v2\/types\/product"}],"wp:featuredmedia":[{"embeddable":true,"href":"https:\/\/sadenir.com.uy\/max\/wp-json\/wp\/v2\/media\/7530"}],"wp:attachment":[{"href":"https:\/\/sadenir.com.uy\/max\/wp-json\/wp\/v2\/media?parent=7529"}],"wp:term":[{"taxonomy":"product_brand","embeddable":true,"href":"https:\/\/sadenir.com.uy\/max\/wp-json\/wp\/v2\/product_brand?post=7529"},{"taxonomy":"product_cat","embeddable":true,"href":"https:\/\/sadenir.com.uy\/max\/wp-json\/wp\/v2\/product_cat?post=7529"},{"taxonomy":"product_tag","embeddable":true,"href":"https:\/\/sadenir.com.uy\/max\/wp-json\/wp\/v2\/product_tag?post=7529"}],"curies":[{"name":"wp","href":"https:\/\/api.w.org\/{rel}","templated":true}]}}