{"id":7537,"date":"2024-05-05T23:35:44","date_gmt":"2024-05-05T23:35:44","guid":{"rendered":"https:\/\/sadenir.com.uy\/max\/?post_type=product&#038;p=7537"},"modified":"2024-05-05T23:39:41","modified_gmt":"2024-05-05T23:39:41","slug":"max-vita-gato-adulto-sabores-pollo-y-pezcado","status":"publish","type":"product","link":"https:\/\/sadenir.com.uy\/max\/product\/max-vita-gato-adulto-sabores-pollo-y-pezcado\/","title":{"rendered":"Max Vita Gato Adulto Sabores Pollo y Pescado"},"content":{"rendered":"<div dir=\"ltr\">\n<div class=\"input-box\" spellcheck=\"false\">\n<div id=\"waffle-rich-text-editor\" class=\"cell-input editable disabled-input\" dir=\"ltr\" tabindex=\"0\" role=\"combobox\" contenteditable=\"false\" aria-autocomplete=\"list\" aria-label=\"H50\">30% de prote\u00edna: heces firmes, \u00f3ptima digesti\u00f3n y absorci\u00f3n y ayuda a la mantennci\u00f3n de la salud del tracto urinario.<\/div>\n<\/div>\n<\/div>\n<div>\n<div dir=\"ltr\">\n<div class=\"input-box\" spellcheck=\"false\">\n<div id=\"waffle-rich-text-editor\" class=\"cell-input editable disabled-input\" dir=\"ltr\" tabindex=\"0\" role=\"combobox\" contenteditable=\"false\" aria-autocomplete=\"list\" aria-label=\"F50\">1kg \/ 3kg \/ 20kg<\/div>\n<\/div>\n<\/div>\n<div><\/div>\n<\/div>\n","protected":false},"excerpt":{"rendered":"<div class=\"row \">\n<div class=\"col-12 content\">\n<p>La l\u00ednea Max Vita cuenta con el sello VITA COMPLEX que garantiza una alimentaci\u00f3n 100% balanceada y llena de ingredientes que hacen que el d\u00eda a d\u00eda de tu mascota sea completo y feliz: desde el plato, con consumo total de la racion, hasta una excelente digestibilidad que producir\u00e1 heces firmes y sin olor. Con Max Vita tu mejor amigo estar\u00e1 siempre activo para disfrutar con \u00e9l cada momento. MAX, Nutriendo relaciones todos los d\u00edas.<\/p>\n<\/div>\n<\/div>\n","protected":false},"featured_media":7538,"template":"","meta":{"pgc_sgb_lightbox_settings":""},"product_brand":[],"product_cat":[75,44,66],"product_tag":[],"class_list":{"0":"post-7537","1":"product","2":"type-product","3":"status-publish","4":"has-post-thumbnail","6":"product_cat-max-vita","7":"product_cat-gatos","8":"product_cat-adultos-gatos","10":"first","11":"instock","12":"shipping-taxable","13":"product-type-simple"},"yoast_head":"<!-- This site is optimized with the Yoast SEO plugin v26.1.1 - https:\/\/yoast.com\/wordpress\/plugins\/seo\/ -->\n<title>Max Vita Gato Adulto Sabores Pollo y Pescado - Max<\/title>\n<meta name=\"robots\" content=\"index, follow, max-snippet:-1, max-image-preview:large, max-video-preview:-1\" \/>\n<link rel=\"canonical\" href=\"https:\/\/sadenir.com.uy\/max\/product\/max-vita-gato-adulto-sabores-pollo-y-pezcado\/\" \/>\n<meta property=\"og:locale\" content=\"es_ES\" \/>\n<meta property=\"og:type\" content=\"article\" \/>\n<meta property=\"og:title\" content=\"Max Vita Gato Adulto Sabores Pollo y Pescado - Max\" \/>\n<meta property=\"og:description\" content=\"La l\u00ednea Max Vita cuenta con el sello VITA COMPLEX que garantiza una alimentaci\u00f3n 100% balanceada y llena de ingredientes que hacen que el d\u00eda a d\u00eda de tu mascota sea completo y feliz: desde el plato, con consumo total de la racion, hasta una excelente digestibilidad que producir\u00e1 heces firmes y sin olor. Con Max Vita tu mejor amigo estar\u00e1 siempre activo para disfrutar con \u00e9l cada momento. MAX, Nutriendo relaciones todos los d\u00edas.\" \/>\n<meta property=\"og:url\" content=\"https:\/\/sadenir.com.uy\/max\/product\/max-vita-gato-adulto-sabores-pollo-y-pezcado\/\" \/>\n<meta property=\"og:site_name\" content=\"Max\" \/>\n<meta property=\"article:modified_time\" content=\"2024-05-05T23:39:41+00:00\" \/>\n<meta property=\"og:image\" content=\"https:\/\/sadenir.com.uy\/max\/wp-content\/uploads\/sites\/4\/2024\/05\/GATO-MAX-VITA-ADT-SABORES-DIREITA-EXP.png\" \/>\n\t<meta property=\"og:image:width\" content=\"2926\" \/>\n\t<meta property=\"og:image:height\" content=\"3104\" \/>\n\t<meta property=\"og:image:type\" content=\"image\/png\" \/>\n<meta name=\"twitter:card\" content=\"summary_large_image\" \/>\n<script type=\"application\/ld+json\" class=\"yoast-schema-graph\">{\"@context\":\"https:\/\/schema.org\",\"@graph\":[{\"@type\":\"WebPage\",\"@id\":\"https:\/\/sadenir.com.uy\/max\/product\/max-vita-gato-adulto-sabores-pollo-y-pezcado\/\",\"url\":\"https:\/\/sadenir.com.uy\/max\/product\/max-vita-gato-adulto-sabores-pollo-y-pezcado\/\",\"name\":\"Max Vita Gato Adulto Sabores Pollo y Pescado - Max\",\"isPartOf\":{\"@id\":\"https:\/\/sadenir.com.uy\/max\/#website\"},\"primaryImageOfPage\":{\"@id\":\"https:\/\/sadenir.com.uy\/max\/product\/max-vita-gato-adulto-sabores-pollo-y-pezcado\/#primaryimage\"},\"image\":{\"@id\":\"https:\/\/sadenir.com.uy\/max\/product\/max-vita-gato-adulto-sabores-pollo-y-pezcado\/#primaryimage\"},\"thumbnailUrl\":\"https:\/\/sadenir.com.uy\/max\/wp-content\/uploads\/sites\/4\/2024\/05\/GATO-MAX-VITA-ADT-SABORES-DIREITA-EXP.png\",\"datePublished\":\"2024-05-05T23:35:44+00:00\",\"dateModified\":\"2024-05-05T23:39:41+00:00\",\"breadcrumb\":{\"@id\":\"https:\/\/sadenir.com.uy\/max\/product\/max-vita-gato-adulto-sabores-pollo-y-pezcado\/#breadcrumb\"},\"inLanguage\":\"es-AR\",\"potentialAction\":[{\"@type\":\"ReadAction\",\"target\":[\"https:\/\/sadenir.com.uy\/max\/product\/max-vita-gato-adulto-sabores-pollo-y-pezcado\/\"]}]},{\"@type\":\"ImageObject\",\"inLanguage\":\"es-AR\",\"@id\":\"https:\/\/sadenir.com.uy\/max\/product\/max-vita-gato-adulto-sabores-pollo-y-pezcado\/#primaryimage\",\"url\":\"https:\/\/sadenir.com.uy\/max\/wp-content\/uploads\/sites\/4\/2024\/05\/GATO-MAX-VITA-ADT-SABORES-DIREITA-EXP.png\",\"contentUrl\":\"https:\/\/sadenir.com.uy\/max\/wp-content\/uploads\/sites\/4\/2024\/05\/GATO-MAX-VITA-ADT-SABORES-DIREITA-EXP.png\",\"width\":2926,\"height\":3104},{\"@type\":\"BreadcrumbList\",\"@id\":\"https:\/\/sadenir.com.uy\/max\/product\/max-vita-gato-adulto-sabores-pollo-y-pezcado\/#breadcrumb\",\"itemListElement\":[{\"@type\":\"ListItem\",\"position\":1,\"name\":\"Inicio\",\"item\":\"https:\/\/sadenir.com.uy\/max\/\"},{\"@type\":\"ListItem\",\"position\":2,\"name\":\"Shop\",\"item\":\"https:\/\/sadenir.com.uy\/max\/shop\/\"},{\"@type\":\"ListItem\",\"position\":3,\"name\":\"Max Vita Gato Adulto Sabores Pollo y Pescado\"}]},{\"@type\":\"WebSite\",\"@id\":\"https:\/\/sadenir.com.uy\/max\/#website\",\"url\":\"https:\/\/sadenir.com.uy\/max\/\",\"name\":\"Max\",\"description\":\"Excelencia en nutrici\u00f3n\",\"potentialAction\":[{\"@type\":\"SearchAction\",\"target\":{\"@type\":\"EntryPoint\",\"urlTemplate\":\"https:\/\/sadenir.com.uy\/max\/?s={search_term_string}\"},\"query-input\":{\"@type\":\"PropertyValueSpecification\",\"valueRequired\":true,\"valueName\":\"search_term_string\"}}],\"inLanguage\":\"es-AR\"}]}<\/script>\n<!-- \/ Yoast SEO plugin. -->","yoast_head_json":{"title":"Max Vita Gato Adulto Sabores Pollo y Pescado - Max","robots":{"index":"index","follow":"follow","max-snippet":"max-snippet:-1","max-image-preview":"max-image-preview:large","max-video-preview":"max-video-preview:-1"},"canonical":"https:\/\/sadenir.com.uy\/max\/product\/max-vita-gato-adulto-sabores-pollo-y-pezcado\/","og_locale":"es_ES","og_type":"article","og_title":"Max Vita Gato Adulto Sabores Pollo y Pescado - Max","og_description":"La l\u00ednea Max Vita cuenta con el sello VITA COMPLEX que garantiza una alimentaci\u00f3n 100% balanceada y llena de ingredientes que hacen que el d\u00eda a d\u00eda de tu mascota sea completo y feliz: desde el plato, con consumo total de la racion, hasta una excelente digestibilidad que producir\u00e1 heces firmes y sin olor. Con Max Vita tu mejor amigo estar\u00e1 siempre activo para disfrutar con \u00e9l cada momento. MAX, Nutriendo relaciones todos los d\u00edas.","og_url":"https:\/\/sadenir.com.uy\/max\/product\/max-vita-gato-adulto-sabores-pollo-y-pezcado\/","og_site_name":"Max","article_modified_time":"2024-05-05T23:39:41+00:00","og_image":[{"width":2926,"height":3104,"url":"https:\/\/sadenir.com.uy\/max\/wp-content\/uploads\/sites\/4\/2024\/05\/GATO-MAX-VITA-ADT-SABORES-DIREITA-EXP.png","type":"image\/png"}],"twitter_card":"summary_large_image","schema":{"@context":"https:\/\/schema.org","@graph":[{"@type":"WebPage","@id":"https:\/\/sadenir.com.uy\/max\/product\/max-vita-gato-adulto-sabores-pollo-y-pezcado\/","url":"https:\/\/sadenir.com.uy\/max\/product\/max-vita-gato-adulto-sabores-pollo-y-pezcado\/","name":"Max Vita Gato Adulto Sabores Pollo y Pescado - Max","isPartOf":{"@id":"https:\/\/sadenir.com.uy\/max\/#website"},"primaryImageOfPage":{"@id":"https:\/\/sadenir.com.uy\/max\/product\/max-vita-gato-adulto-sabores-pollo-y-pezcado\/#primaryimage"},"image":{"@id":"https:\/\/sadenir.com.uy\/max\/product\/max-vita-gato-adulto-sabores-pollo-y-pezcado\/#primaryimage"},"thumbnailUrl":"https:\/\/sadenir.com.uy\/max\/wp-content\/uploads\/sites\/4\/2024\/05\/GATO-MAX-VITA-ADT-SABORES-DIREITA-EXP.png","datePublished":"2024-05-05T23:35:44+00:00","dateModified":"2024-05-05T23:39:41+00:00","breadcrumb":{"@id":"https:\/\/sadenir.com.uy\/max\/product\/max-vita-gato-adulto-sabores-pollo-y-pezcado\/#breadcrumb"},"inLanguage":"es-AR","potentialAction":[{"@type":"ReadAction","target":["https:\/\/sadenir.com.uy\/max\/product\/max-vita-gato-adulto-sabores-pollo-y-pezcado\/"]}]},{"@type":"ImageObject","inLanguage":"es-AR","@id":"https:\/\/sadenir.com.uy\/max\/product\/max-vita-gato-adulto-sabores-pollo-y-pezcado\/#primaryimage","url":"https:\/\/sadenir.com.uy\/max\/wp-content\/uploads\/sites\/4\/2024\/05\/GATO-MAX-VITA-ADT-SABORES-DIREITA-EXP.png","contentUrl":"https:\/\/sadenir.com.uy\/max\/wp-content\/uploads\/sites\/4\/2024\/05\/GATO-MAX-VITA-ADT-SABORES-DIREITA-EXP.png","width":2926,"height":3104},{"@type":"BreadcrumbList","@id":"https:\/\/sadenir.com.uy\/max\/product\/max-vita-gato-adulto-sabores-pollo-y-pezcado\/#breadcrumb","itemListElement":[{"@type":"ListItem","position":1,"name":"Inicio","item":"https:\/\/sadenir.com.uy\/max\/"},{"@type":"ListItem","position":2,"name":"Shop","item":"https:\/\/sadenir.com.uy\/max\/shop\/"},{"@type":"ListItem","position":3,"name":"Max Vita Gato Adulto Sabores Pollo y Pescado"}]},{"@type":"WebSite","@id":"https:\/\/sadenir.com.uy\/max\/#website","url":"https:\/\/sadenir.com.uy\/max\/","name":"Max","description":"Excelencia en nutrici\u00f3n","potentialAction":[{"@type":"SearchAction","target":{"@type":"EntryPoint","urlTemplate":"https:\/\/sadenir.com.uy\/max\/?s={search_term_string}"},"query-input":{"@type":"PropertyValueSpecification","valueRequired":true,"valueName":"search_term_string"}}],"inLanguage":"es-AR"}]}},"_links":{"self":[{"href":"https:\/\/sadenir.com.uy\/max\/wp-json\/wp\/v2\/product\/7537","targetHints":{"allow":["GET"]}}],"collection":[{"href":"https:\/\/sadenir.com.uy\/max\/wp-json\/wp\/v2\/product"}],"about":[{"href":"https:\/\/sadenir.com.uy\/max\/wp-json\/wp\/v2\/types\/product"}],"wp:featuredmedia":[{"embeddable":true,"href":"https:\/\/sadenir.com.uy\/max\/wp-json\/wp\/v2\/media\/7538"}],"wp:attachment":[{"href":"https:\/\/sadenir.com.uy\/max\/wp-json\/wp\/v2\/media?parent=7537"}],"wp:term":[{"taxonomy":"product_brand","embeddable":true,"href":"https:\/\/sadenir.com.uy\/max\/wp-json\/wp\/v2\/product_brand?post=7537"},{"taxonomy":"product_cat","embeddable":true,"href":"https:\/\/sadenir.com.uy\/max\/wp-json\/wp\/v2\/product_cat?post=7537"},{"taxonomy":"product_tag","embeddable":true,"href":"https:\/\/sadenir.com.uy\/max\/wp-json\/wp\/v2\/product_tag?post=7537"}],"curies":[{"name":"wp","href":"https:\/\/api.w.org\/{rel}","templated":true}]}}