{"id":6023,"date":"2020-09-01T22:02:50","date_gmt":"2020-09-01T22:02:50","guid":{"rendered":"https:\/\/www.andresdicamillo.com\/sadenir\/naturalis\/?post_type=product&#038;p=6023"},"modified":"2024-05-03T20:57:02","modified_gmt":"2024-05-03T20:57:02","slug":"alimento-cachorros-pollo-pavo-frutas","status":"publish","type":"product","link":"https:\/\/sadenir.com.uy\/naturalis\/product\/alimento-cachorros-pollo-pavo-frutas\/","title":{"rendered":"Naturalis Pollo, Pavo y Frutas &#8211; Cachorros"},"content":{"rendered":"<h3>Ingredientes<\/h3>\n<p>Ma\u00edz integral molido;\u00a0Afrecho de soja;\u00a0Harina de menudos de pollo;\u00a0Arroz integral;\u00a0Sorgo integral;\u00a0Avena integral;\u00a0Harina de pavo;\u00a0Carne mec\u00e1nicamente separada de pollo;\u00a0Trigo integral;\u00a0Grasa de pollo (preservada con tocoferol y esencia de romero);\u00a0Aceite de pescado refinado;\u00a0Semilla de linaza;\u00a0Fosfato dic\u00e1lcico;\u00a0frutos secos (papaya y manzana);\u00a0Aceite de romero;\u00a0Aceite de avocado;\u00a0Suplemento vitam\u00ednico mineral.<\/p>\n<p>&nbsp;<\/p>\n<h3>Valores de garant\u00eda<\/h3>\n<table class=\"qtd-diaria\">\n<tbody>\n<tr>\n<td><strong>An\u00e1lisis Nutricional<\/strong><\/td>\n<td><strong>\/kg<\/strong><\/td>\n<td><strong>%<\/strong><\/td>\n<\/tr>\n<tr>\n<td>Prote\u00edna Bruta (m\u00edn.)<\/td>\n<td>280g\/kg<\/td>\n<td>28<\/td>\n<\/tr>\n<tr>\n<td>Grasas (m\u00edn.)<\/td>\n<td>110g\/kg<\/td>\n<td>11<\/td>\n<\/tr>\n<tr>\n<td>Fibras (m\u00e1x.)<\/td>\n<td>40g\/kg<\/td>\n<td>4<\/td>\n<\/tr>\n<tr>\n<td>Humedad (m\u00e1x)<\/td>\n<td>120g\/kg<\/td>\n<td>12<\/td>\n<\/tr>\n<tr>\n<td>Materia Mineral (m\u00e1x.)<\/td>\n<td>110g\/kg<\/td>\n<td>11<\/td>\n<\/tr>\n<tr>\n<td>Calcio (m\u00e1x.)<\/td>\n<td>20g\/kg<\/td>\n<td>2<\/td>\n<\/tr>\n<tr>\n<td>F\u00f3sforo (m\u00edn.)<\/td>\n<td>8000mg\/kg<\/td>\n<td>0,8<\/td>\n<\/tr>\n<tr>\n<td>\u00c1cido Linol\u00eanico (m\u00edn.)<\/td>\n<td>2300mg\/kg<\/td>\n<td>0,23<\/td>\n<\/tr>\n<tr>\n<td>\u00c1cido Linole\u00edco (m\u00edn.)<\/td>\n<td>11,5g\/kg<\/td>\n<td>1,15<\/td>\n<\/tr>\n<\/tbody>\n<\/table>\n<p>&nbsp;<\/p>\n<h3>Enriquecimiento por kilogramo de producto<\/h3>\n<table class=\"qtd-diaria\">\n<tbody>\n<tr>\n<td><\/td>\n<td><strong>Cantidad<\/strong><\/td>\n<td><strong>Unidad<\/strong><\/td>\n<\/tr>\n<tr>\n<td>Vitamina A<\/td>\n<td>18000<\/td>\n<td>U.I.<\/td>\n<\/tr>\n<tr>\n<td>Vitamina B12<\/td>\n<td>250<\/td>\n<td>mcg<\/td>\n<\/tr>\n<tr>\n<td>Vitamina D<\/td>\n<td>2500<\/td>\n<td>U.I.<\/td>\n<\/tr>\n<tr>\n<td>Vitamina E<\/td>\n<td>450<\/td>\n<td>U.I.<\/td>\n<\/tr>\n<tr>\n<td>Selenio<\/td>\n<td>0,3<\/td>\n<td>mg<\/td>\n<\/tr>\n<tr>\n<td>\u00c1cido F\u00f3lico<\/td>\n<td>1<\/td>\n<td>mg<\/td>\n<\/tr>\n<tr>\n<td>\u00c1cido Pantot\u00e9nico<\/td>\n<td>25<\/td>\n<td>mg<\/td>\n<\/tr>\n<tr>\n<td>Cobre<\/td>\n<td>20<\/td>\n<td>mg<\/td>\n<\/tr>\n<tr>\n<td>Colina<\/td>\n<td>1300<\/td>\n<td>mg<\/td>\n<\/tr>\n<tr>\n<td>Hierro<\/td>\n<td>250<\/td>\n<td>mg<\/td>\n<\/tr>\n<tr>\n<td>Yodo<\/td>\n<td>3<\/td>\n<td>mg<\/td>\n<\/tr>\n<tr>\n<td>Manganeso<\/td>\n<td>80<\/td>\n<td>mg<\/td>\n<\/tr>\n<tr>\n<td>Vitamina B1<\/td>\n<td>10<\/td>\n<td>mg<\/td>\n<\/tr>\n<tr>\n<td>Vitamina B2<\/td>\n<td>10<\/td>\n<td>mg<\/td>\n<\/tr>\n<tr>\n<td>Vitamina B6<\/td>\n<td>10<\/td>\n<td>mg<\/td>\n<\/tr>\n<tr>\n<td>Vitamina H<\/td>\n<td>1,7<\/td>\n<td>mg<\/td>\n<\/tr>\n<tr>\n<td>Vitamina K<\/td>\n<td>2<\/td>\n<td>mg<\/td>\n<\/tr>\n<tr>\n<td>Vitamina PP<\/td>\n<td>80<\/td>\n<td>mg<\/td>\n<\/tr>\n<tr>\n<td>Zinc<\/td>\n<td>150<\/td>\n<td>mg<\/td>\n<\/tr>\n<\/tbody>\n<\/table>\n<p>&nbsp;<\/p>\n<h3>Modo de uso<\/h3>\n<table cellpadding=\"5\">\n<thead>\n<tr>\n<th><img decoding=\"async\" src=\"https:\/\/www.naturalistotalalimentos.com.br\/es\/imgs\/icone-cao.png?v=0.0.5\" alt=\"\" \/>\u00a0Peso del cachorro (Kg)<\/th>\n<th colspan=\"3\"><img decoding=\"async\" src=\"https:\/\/www.naturalistotalalimentos.com.br\/es\/imgs\/icone-qtd-diaria.png?v=0.0.5\" alt=\"\" \/>\u00a0Cantidad diaria<\/th>\n<\/tr>\n<tr>\n<td><\/td>\n<td>Hasta 80 d\u00edas<\/td>\n<td>De 80 hasta 180 d\u00edas<\/td>\n<td>De 180 d\u00edas hasta 1 a\u00f1o<\/td>\n<\/tr>\n<\/thead>\n<tbody>\n<tr>\n<td>De 2,2 a 4,3kg<\/td>\n<td>De 77 a 128g\/d\u00eda<\/td>\n<td>De 68 a 112g\/d\u00eda<\/td>\n<td>De 58 a 96g\/d\u00eda<\/td>\n<\/tr>\n<tr>\n<td>De 4,3 a 6,7kg<\/td>\n<td>De 128 a 179g\/d\u00eda<\/td>\n<td>De 112 a 156g\/d\u00eda<\/td>\n<td>De 96 a 134g\/d\u00eda<\/td>\n<\/tr>\n<tr>\n<td>De 6,7 a 12,5kg<\/td>\n<td>De 179 a 285g\/d\u00eda<\/td>\n<td>De 156 a 249g\/d\u00eda<\/td>\n<td>De 134 a 214g\/d\u00eda<\/td>\n<\/tr>\n<tr>\n<td>De 12,5 a 23kg<\/td>\n<td>De 285 a 450g\/d\u00eda<\/td>\n<td>De 249 a 394g\/d\u00eda<\/td>\n<td>De 214 a 338g\/d\u00eda<\/td>\n<\/tr>\n<tr>\n<td>De 23 a 29,3kg<\/td>\n<td>De 450 a 540g\/d\u00eda<\/td>\n<td>De 394 a 473g\/d\u00eda<\/td>\n<td>De 338 a 405g\/d\u00eda<\/td>\n<\/tr>\n<\/tbody>\n<\/table>\n<p><strong>En una taza de t\u00e9 caben aproximadamente 85 g.<\/strong><\/p>\n<p>1. Estas son las cantidades sugeridas. Las porciones pueden variar de acuerdo con la edad, actividad y temperamento de tu perro.<br \/>\n2. Manten\u00e9 agua fresca y limpia a su disposici\u00f3n todo el d\u00eda.<br \/>\n3. Llev\u00e1 a su perro peri\u00f3dicamente al veterinario.<br \/>\n4. En caso de que su perro no se est\u00e9 alimentando con esta comida, recomendamos que la sustituci\u00f3n del producto se realice gradualmente a lo largo de 5 d\u00edas.<\/p>\n","protected":false},"excerpt":{"rendered":"<p>&nbsp;<\/p>\n<p>Naturalis Pollo Pavo y Frutas Cachorros es un <strong>alimento para cachorros en edad de crecimiento<\/strong> (2 a 18 meses de edad)<\/p>\n<p>Energ\u00eda y vitalidad:<strong> 28% de prote\u00edna<\/strong><\/p>\n<p>Antioxidante natural: <strong>Vitamina E<\/strong> (tocoferol)<\/p>\n<p>Ayuda a mantener la salud intestinal gracias a su contenido de <strong>avena, arroz integral y cereales<\/strong><\/p>\n","protected":false},"featured_media":6252,"template":"","meta":{"pgc_sgb_lightbox_settings":""},"product_brand":[],"product_cat":[43,59],"product_tag":[],"class_list":{"0":"post-6023","1":"product","2":"type-product","3":"status-publish","4":"has-post-thumbnail","6":"product_cat-perros","7":"product_cat-cachorros","9":"first","10":"instock","11":"shipping-taxable","12":"product-type-simple"},"yoast_head":"<!-- This site is optimized with the Yoast SEO plugin v26.1.1 - https:\/\/yoast.com\/wordpress\/plugins\/seo\/ -->\n<title>Alimento para cachorros Naturalis Pollo Pavo y Frutas - Naturalis Uruguay<\/title>\n<meta name=\"description\" content=\"Naturalis Pollo Pavo y Frutas Cachorros es un delicioso alimento para cachorros de categor\u00eda premium especial. Conoc\u00e9 m\u00e1s.\" \/>\n<meta name=\"robots\" content=\"index, follow, max-snippet:-1, max-image-preview:large, max-video-preview:-1\" \/>\n<link rel=\"canonical\" href=\"https:\/\/sadenir.com.uy\/naturalis\/product\/alimento-cachorros-pollo-pavo-frutas\/\" \/>\n<meta property=\"og:locale\" content=\"es_ES\" \/>\n<meta property=\"og:type\" content=\"article\" \/>\n<meta property=\"og:title\" content=\"Alimento para cachorros Naturalis Pollo Pavo y Frutas - Naturalis Uruguay\" \/>\n<meta property=\"og:description\" content=\"Naturalis Pollo Pavo y Frutas Cachorros es un delicioso alimento para cachorros de categor\u00eda premium especial. Conoc\u00e9 m\u00e1s.\" \/>\n<meta property=\"og:url\" content=\"https:\/\/sadenir.com.uy\/naturalis\/product\/alimento-cachorros-pollo-pavo-frutas\/\" \/>\n<meta property=\"og:site_name\" content=\"Naturalis\" \/>\n<meta property=\"article:modified_time\" content=\"2024-05-03T20:57:02+00:00\" \/>\n<meta property=\"og:image\" content=\"https:\/\/sadenir.com.uy\/naturalis\/wp-content\/uploads\/sites\/5\/2020\/09\/naturalis_dog_filhote_frango_peru_frutas.png\" \/>\n\t<meta property=\"og:image:width\" content=\"585\" \/>\n\t<meta property=\"og:image:height\" content=\"658\" \/>\n\t<meta property=\"og:image:type\" content=\"image\/png\" \/>\n<meta name=\"twitter:card\" content=\"summary_large_image\" \/>\n<meta name=\"twitter:label1\" content=\"Tiempo de lectura\" \/>\n\t<meta name=\"twitter:data1\" content=\"2 minutos\" \/>\n<script type=\"application\/ld+json\" class=\"yoast-schema-graph\">{\"@context\":\"https:\/\/schema.org\",\"@graph\":[{\"@type\":\"WebPage\",\"@id\":\"https:\/\/sadenir.com.uy\/naturalis\/product\/alimento-cachorros-pollo-pavo-frutas\/\",\"url\":\"https:\/\/sadenir.com.uy\/naturalis\/product\/alimento-cachorros-pollo-pavo-frutas\/\",\"name\":\"Alimento para cachorros Naturalis Pollo Pavo y Frutas - Naturalis Uruguay\",\"isPartOf\":{\"@id\":\"https:\/\/sadenir.com.uy\/naturalis\/#website\"},\"primaryImageOfPage\":{\"@id\":\"https:\/\/sadenir.com.uy\/naturalis\/product\/alimento-cachorros-pollo-pavo-frutas\/#primaryimage\"},\"image\":{\"@id\":\"https:\/\/sadenir.com.uy\/naturalis\/product\/alimento-cachorros-pollo-pavo-frutas\/#primaryimage\"},\"thumbnailUrl\":\"https:\/\/sadenir.com.uy\/naturalis\/wp-content\/uploads\/sites\/5\/2020\/09\/naturalis_dog_filhote_frango_peru_frutas.png\",\"datePublished\":\"2020-09-01T22:02:50+00:00\",\"dateModified\":\"2024-05-03T20:57:02+00:00\",\"description\":\"Naturalis Pollo Pavo y Frutas Cachorros es un delicioso alimento para cachorros de categor\u00eda premium especial. Conoc\u00e9 m\u00e1s.\",\"breadcrumb\":{\"@id\":\"https:\/\/sadenir.com.uy\/naturalis\/product\/alimento-cachorros-pollo-pavo-frutas\/#breadcrumb\"},\"inLanguage\":\"es-AR\",\"potentialAction\":[{\"@type\":\"ReadAction\",\"target\":[\"https:\/\/sadenir.com.uy\/naturalis\/product\/alimento-cachorros-pollo-pavo-frutas\/\"]}]},{\"@type\":\"ImageObject\",\"inLanguage\":\"es-AR\",\"@id\":\"https:\/\/sadenir.com.uy\/naturalis\/product\/alimento-cachorros-pollo-pavo-frutas\/#primaryimage\",\"url\":\"https:\/\/sadenir.com.uy\/naturalis\/wp-content\/uploads\/sites\/5\/2020\/09\/naturalis_dog_filhote_frango_peru_frutas.png\",\"contentUrl\":\"https:\/\/sadenir.com.uy\/naturalis\/wp-content\/uploads\/sites\/5\/2020\/09\/naturalis_dog_filhote_frango_peru_frutas.png\",\"width\":585,\"height\":658},{\"@type\":\"BreadcrumbList\",\"@id\":\"https:\/\/sadenir.com.uy\/naturalis\/product\/alimento-cachorros-pollo-pavo-frutas\/#breadcrumb\",\"itemListElement\":[{\"@type\":\"ListItem\",\"position\":1,\"name\":\"Inicio\",\"item\":\"https:\/\/sadenir.com.uy\/naturalis\/\"},{\"@type\":\"ListItem\",\"position\":2,\"name\":\"Shop\",\"item\":\"https:\/\/sadenir.com.uy\/naturalis\/shop\/\"},{\"@type\":\"ListItem\",\"position\":3,\"name\":\"Naturalis Pollo, Pavo y Frutas &#8211; Cachorros\"}]},{\"@type\":\"WebSite\",\"@id\":\"https:\/\/sadenir.com.uy\/naturalis\/#website\",\"url\":\"https:\/\/sadenir.com.uy\/naturalis\/\",\"name\":\"Naturalis\",\"description\":\"Vivir bien es vivir m\u00e1s.\",\"potentialAction\":[{\"@type\":\"SearchAction\",\"target\":{\"@type\":\"EntryPoint\",\"urlTemplate\":\"https:\/\/sadenir.com.uy\/naturalis\/?s={search_term_string}\"},\"query-input\":{\"@type\":\"PropertyValueSpecification\",\"valueRequired\":true,\"valueName\":\"search_term_string\"}}],\"inLanguage\":\"es-AR\"}]}<\/script>\n<!-- \/ Yoast SEO plugin. -->","yoast_head_json":{"title":"Alimento para cachorros Naturalis Pollo Pavo y Frutas - Naturalis Uruguay","description":"Naturalis Pollo Pavo y Frutas Cachorros es un delicioso alimento para cachorros de categor\u00eda premium especial. Conoc\u00e9 m\u00e1s.","robots":{"index":"index","follow":"follow","max-snippet":"max-snippet:-1","max-image-preview":"max-image-preview:large","max-video-preview":"max-video-preview:-1"},"canonical":"https:\/\/sadenir.com.uy\/naturalis\/product\/alimento-cachorros-pollo-pavo-frutas\/","og_locale":"es_ES","og_type":"article","og_title":"Alimento para cachorros Naturalis Pollo Pavo y Frutas - Naturalis Uruguay","og_description":"Naturalis Pollo Pavo y Frutas Cachorros es un delicioso alimento para cachorros de categor\u00eda premium especial. Conoc\u00e9 m\u00e1s.","og_url":"https:\/\/sadenir.com.uy\/naturalis\/product\/alimento-cachorros-pollo-pavo-frutas\/","og_site_name":"Naturalis","article_modified_time":"2024-05-03T20:57:02+00:00","og_image":[{"width":585,"height":658,"url":"https:\/\/sadenir.com.uy\/naturalis\/wp-content\/uploads\/sites\/5\/2020\/09\/naturalis_dog_filhote_frango_peru_frutas.png","type":"image\/png"}],"twitter_card":"summary_large_image","twitter_misc":{"Tiempo de lectura":"2 minutos"},"schema":{"@context":"https:\/\/schema.org","@graph":[{"@type":"WebPage","@id":"https:\/\/sadenir.com.uy\/naturalis\/product\/alimento-cachorros-pollo-pavo-frutas\/","url":"https:\/\/sadenir.com.uy\/naturalis\/product\/alimento-cachorros-pollo-pavo-frutas\/","name":"Alimento para cachorros Naturalis Pollo Pavo y Frutas - Naturalis Uruguay","isPartOf":{"@id":"https:\/\/sadenir.com.uy\/naturalis\/#website"},"primaryImageOfPage":{"@id":"https:\/\/sadenir.com.uy\/naturalis\/product\/alimento-cachorros-pollo-pavo-frutas\/#primaryimage"},"image":{"@id":"https:\/\/sadenir.com.uy\/naturalis\/product\/alimento-cachorros-pollo-pavo-frutas\/#primaryimage"},"thumbnailUrl":"https:\/\/sadenir.com.uy\/naturalis\/wp-content\/uploads\/sites\/5\/2020\/09\/naturalis_dog_filhote_frango_peru_frutas.png","datePublished":"2020-09-01T22:02:50+00:00","dateModified":"2024-05-03T20:57:02+00:00","description":"Naturalis Pollo Pavo y Frutas Cachorros es un delicioso alimento para cachorros de categor\u00eda premium especial. Conoc\u00e9 m\u00e1s.","breadcrumb":{"@id":"https:\/\/sadenir.com.uy\/naturalis\/product\/alimento-cachorros-pollo-pavo-frutas\/#breadcrumb"},"inLanguage":"es-AR","potentialAction":[{"@type":"ReadAction","target":["https:\/\/sadenir.com.uy\/naturalis\/product\/alimento-cachorros-pollo-pavo-frutas\/"]}]},{"@type":"ImageObject","inLanguage":"es-AR","@id":"https:\/\/sadenir.com.uy\/naturalis\/product\/alimento-cachorros-pollo-pavo-frutas\/#primaryimage","url":"https:\/\/sadenir.com.uy\/naturalis\/wp-content\/uploads\/sites\/5\/2020\/09\/naturalis_dog_filhote_frango_peru_frutas.png","contentUrl":"https:\/\/sadenir.com.uy\/naturalis\/wp-content\/uploads\/sites\/5\/2020\/09\/naturalis_dog_filhote_frango_peru_frutas.png","width":585,"height":658},{"@type":"BreadcrumbList","@id":"https:\/\/sadenir.com.uy\/naturalis\/product\/alimento-cachorros-pollo-pavo-frutas\/#breadcrumb","itemListElement":[{"@type":"ListItem","position":1,"name":"Inicio","item":"https:\/\/sadenir.com.uy\/naturalis\/"},{"@type":"ListItem","position":2,"name":"Shop","item":"https:\/\/sadenir.com.uy\/naturalis\/shop\/"},{"@type":"ListItem","position":3,"name":"Naturalis Pollo, Pavo y Frutas &#8211; Cachorros"}]},{"@type":"WebSite","@id":"https:\/\/sadenir.com.uy\/naturalis\/#website","url":"https:\/\/sadenir.com.uy\/naturalis\/","name":"Naturalis","description":"Vivir bien es vivir m\u00e1s.","potentialAction":[{"@type":"SearchAction","target":{"@type":"EntryPoint","urlTemplate":"https:\/\/sadenir.com.uy\/naturalis\/?s={search_term_string}"},"query-input":{"@type":"PropertyValueSpecification","valueRequired":true,"valueName":"search_term_string"}}],"inLanguage":"es-AR"}]}},"_links":{"self":[{"href":"https:\/\/sadenir.com.uy\/naturalis\/wp-json\/wp\/v2\/product\/6023","targetHints":{"allow":["GET"]}}],"collection":[{"href":"https:\/\/sadenir.com.uy\/naturalis\/wp-json\/wp\/v2\/product"}],"about":[{"href":"https:\/\/sadenir.com.uy\/naturalis\/wp-json\/wp\/v2\/types\/product"}],"wp:featuredmedia":[{"embeddable":true,"href":"https:\/\/sadenir.com.uy\/naturalis\/wp-json\/wp\/v2\/media\/6252"}],"wp:attachment":[{"href":"https:\/\/sadenir.com.uy\/naturalis\/wp-json\/wp\/v2\/media?parent=6023"}],"wp:term":[{"taxonomy":"product_brand","embeddable":true,"href":"https:\/\/sadenir.com.uy\/naturalis\/wp-json\/wp\/v2\/product_brand?post=6023"},{"taxonomy":"product_cat","embeddable":true,"href":"https:\/\/sadenir.com.uy\/naturalis\/wp-json\/wp\/v2\/product_cat?post=6023"},{"taxonomy":"product_tag","embeddable":true,"href":"https:\/\/sadenir.com.uy\/naturalis\/wp-json\/wp\/v2\/product_tag?post=6023"}],"curies":[{"name":"wp","href":"https:\/\/api.w.org\/{rel}","templated":true}]}}