{"id":6096,"date":"2020-09-28T19:09:24","date_gmt":"2020-09-28T19:09:24","guid":{"rendered":"https:\/\/sadenir.com.uy\/sadenirNew\/naturalis\/?post_type=product&#038;p=6096"},"modified":"2024-05-03T20:22:42","modified_gmt":"2024-05-03T20:22:42","slug":"alimento-gatitos-pescado-pollo","status":"publish","type":"product","link":"https:\/\/sadenir.com.uy\/naturalis\/product\/alimento-gatitos-pescado-pollo\/","title":{"rendered":"Naturalis Pescado y Pollo &#8211; Gatitos"},"content":{"rendered":"<h3>Ingredientes<\/h3>\n<section id=\"produto-abas\" class=\"clearfix clearfixtotal\">\n<div id=\"bloco-composicao-basica\" class=\"bloco-abas\">\n<p>Harina de menudos de pollo, Harina de Pescado, Ma\u00edz integral molido, Arroz medio grano, Afrecho de gluten de ma\u00edz 60, Afrecho de soja, Grasa de pollo (preservada con tocoferol y esencia de romero), Carne mec\u00e1nicamente separada de pollo, Levadura seca de cervecer\u00eda, Semilla de linaza, Fosfato dic\u00e1lcico, DL-metionina, Aceite de romero, Aceite de oliva, Taurina , Extracto de Yucca Schidigera, Cloruro de colina, Propionato de calcio, \u00c1cido fosf\u00f3rico, Cloruro de potasio, Cloruro de Sodio (sal com\u00fan), Hidrolizado de pollo, Suplemento vitam\u00ednico mineral.<\/p>\n<p>&nbsp;<\/p>\n<\/div>\n<\/section>\n<h3>Valores de garant\u00eda<\/h3>\n<section id=\"produto-abas\" class=\"clearfix clearfixtotal\">\n<div id=\"bloco-niveis-garantia\" class=\"bloco-abas\">\n<div class=\"clearfix clearfixtotal\">\n<div class=\"\">\n<table class=\"qtd-diaria\">\n<tbody>\n<tr>\n<td><\/td>\n<td><strong>\/kg<\/strong><\/td>\n<td><strong>%<\/strong><\/td>\n<\/tr>\n<tr>\n<td>Prote\u00edna Bruta (m\u00edn.)<\/td>\n<td>320g\/kg<\/td>\n<td>32<\/td>\n<\/tr>\n<tr>\n<td>Grasas (m\u00edn.)<\/td>\n<td>100g\/kg<\/td>\n<td>10<\/td>\n<\/tr>\n<tr>\n<td>Fibras (m\u00e1x.)<\/td>\n<td>40g\/kg<\/td>\n<td>4<\/td>\n<\/tr>\n<tr>\n<td>Humedad (m\u00e1x)<\/td>\n<td>100g\/kg<\/td>\n<td>10<\/td>\n<\/tr>\n<tr>\n<td>Materia Mineral (m\u00e1x.)<\/td>\n<td>90g\/kg<\/td>\n<td>9<\/td>\n<\/tr>\n<tr>\n<td>Calcio (m\u00e1x.)<\/td>\n<td>22g\/kg<\/td>\n<td>2,2<\/td>\n<\/tr>\n<tr>\n<td>F\u00f3sforo (m\u00edn.)<\/td>\n<td>8000mg\/kg<\/td>\n<td>0,8<\/td>\n<\/tr>\n<tr>\n<td>Taurina\u00a0(min.)<\/td>\n<td>1500mg\/kg<\/td>\n<td>0,15<\/td>\n<\/tr>\n<tr>\n<td>DL-metionina (m\u00edn.)<\/td>\n<td>5700mg\/kg<\/td>\n<td>0,57<\/td>\n<\/tr>\n<\/tbody>\n<\/table>\n<\/div>\n<\/div>\n<\/div>\n<\/section>\n<p>&nbsp;<\/p>\n<h3>Enriquecimiento por kilogramo de producto<\/h3>\n<section id=\"produto-abas\" class=\"clearfix clearfixtotal\">\n<div id=\"bloco-enriquecimento\" class=\"bloco-abas\">\n<div class=\"clearfix clearfixtotal\">\n<div class=\"\">\n<table class=\"qtd-diaria\">\n<tbody>\n<tr>\n<td><\/td>\n<td><strong>Cantidad<\/strong><\/td>\n<td><strong>Unidad<\/strong><\/td>\n<\/tr>\n<tr>\n<td>Vitamina A<\/td>\n<td>21875<\/td>\n<td>U.I.<\/td>\n<\/tr>\n<tr>\n<td>Vitamina B12<\/td>\n<td>26<\/td>\n<td>mcg<\/td>\n<\/tr>\n<tr>\n<td>Vitamina C<\/td>\n<td>90<\/td>\n<td>mg<\/td>\n<\/tr>\n<tr>\n<td>Vitamina D<\/td>\n<td>2205<\/td>\n<td>U.I.<\/td>\n<\/tr>\n<tr>\n<td>Vitamina E<\/td>\n<td>525<\/td>\n<td>U.I.<\/td>\n<\/tr>\n<tr>\n<td>Selenio<\/td>\n<td>0,36<\/td>\n<td>mg<\/td>\n<\/tr>\n<tr>\n<td>\u00c1cido F\u00f3lico<\/td>\n<td>8,75<\/td>\n<td>mg<\/td>\n<\/tr>\n<tr>\n<td>\u00c1cido Pantot\u00e9nico<\/td>\n<td>37,63<\/td>\n<td>mg<\/td>\n<\/tr>\n<tr>\n<td>Cobre<\/td>\n<td>18<\/td>\n<td>mg<\/td>\n<\/tr>\n<tr>\n<td>Colina<\/td>\n<td>2200<\/td>\n<td>mg<\/td>\n<\/tr>\n<tr>\n<td>Hierro<\/td>\n<td>120<\/td>\n<td>mg<\/td>\n<\/tr>\n<tr>\n<td>Yodo<\/td>\n<td>2,4<\/td>\n<td>mg<\/td>\n<\/tr>\n<tr>\n<td>Sodio<\/td>\n<td>3,5<\/td>\n<td>g<\/td>\n<\/tr>\n<tr>\n<td>Potasio<\/td>\n<td>8<\/td>\n<td>g<\/td>\n<\/tr>\n<tr>\n<td>Manganeso<\/td>\n<td>24<\/td>\n<td>mg<\/td>\n<\/tr>\n<tr>\n<td>Vitamina B1<\/td>\n<td>30,63<\/td>\n<td>mg<\/td>\n<\/tr>\n<tr>\n<td>Vitamina B2<\/td>\n<td>30,63<\/td>\n<td>mg<\/td>\n<\/tr>\n<tr>\n<td>Vitamina B6<\/td>\n<td>19,25<\/td>\n<td>mg<\/td>\n<\/tr>\n<tr>\n<td>Vitamina H<\/td>\n<td>0,7<\/td>\n<td>mg<\/td>\n<\/tr>\n<tr>\n<td>Vitamina K<\/td>\n<td>1,48<\/td>\n<td>mg<\/td>\n<\/tr>\n<tr>\n<td>Vitamina PP<\/td>\n<td>96,25<\/td>\n<td>mg<\/td>\n<\/tr>\n<tr>\n<td>Zinc<\/td>\n<td>144<\/td>\n<td>mg<\/td>\n<\/tr>\n<tr>\n<td>Taurina<\/td>\n<td>1500<\/td>\n<td>mg<\/td>\n<\/tr>\n<\/tbody>\n<\/table>\n<p>&nbsp;<\/p>\n<\/div>\n<\/div>\n<\/div>\n<\/section>\n<h3>Modo de uso<\/h3>\n<table class=\"qtd-diaria\">\n<thead>\n<tr>\n<th><img decoding=\"async\" src=\"https:\/\/www.naturalistotalalimentos.com.br\/es\/producto\/pescado-pollo-gatitos\/imgs\/icone-gato.png\" alt=\"\" \/>\u00a0Edad<\/th>\n<th><img decoding=\"async\" src=\"https:\/\/www.naturalistotalalimentos.com.br\/es\/producto\/pescado-pollo-gatitos\/imgs\/icone-gato.png\" alt=\"\" \/> Peso del Gato (Kg)<\/th>\n<th><img decoding=\"async\" src=\"https:\/\/www.naturalistotalalimentos.com.br\/es\/imgs\/icone-qtd-diaria.png?v=0.0.5\" alt=\"\" \/>\u00a0Cantidad Diaria<\/th>\n<\/tr>\n<\/thead>\n<tbody>\n<tr>\n<td>2 a\u00a04 meses<\/td>\n<td>0,4 &#8211; 1,8<\/td>\n<td>28 &#8211; 67 g<\/td>\n<\/tr>\n<tr>\n<td>5 a 8 meses<\/td>\n<td>1,8\u00a0&#8211; 3,2<\/td>\n<td>65 &#8211; 77 g<\/td>\n<\/tr>\n<tr>\n<td>9 a 12 meses<\/td>\n<td>3,2 &#8211; 4,7<\/td>\n<td>76 &#8211;\u00a0100 g<\/td>\n<\/tr>\n<\/tbody>\n<\/table>\n<p><strong>En una taza de t\u00e9 caben aproximadamente 85 g.<\/strong><\/p>\n<p>1. Estas son las cantidades sugeridas. Las porciones pueden variar de acuerdo con la edad, actividad y temperamento de tu gato.<br \/>\n2. Manten\u00e9 agua fresca y limpia a su disposici\u00f3n todo el d\u00eda.<br \/>\n3. Llev\u00e1 a su perro peri\u00f3dicamente al veterinario.<br \/>\n4. En caso de que su perro no se est\u00e9 alimentando con esta comida, recomendamos que la sustituci\u00f3n del producto se realice gradualmente a lo largo de 5 d\u00edas.<\/p>\n","protected":false},"excerpt":{"rendered":"<p>&nbsp;<\/p>\n<p>Naturalis Pescado y Pollo Gatitos es un <strong>alimento para gatitos en crecimiento<\/strong>\u00a0(hasta los 12 meses de edad)<\/p>\n<p>Ayuda en el crecimiento: <strong>Balanceado para que tu gatito crezca fuerte y saludable<\/strong><\/p>\n<p>Ayuda en el desarrollo: <strong>Enriquecido con calcio para la formaci\u00f3n de los huesos y dientes<\/strong><\/p>\n<p>Energ\u00eda y vitalidad: <strong>Composici\u00f3n enriquecida en vitaminas y minerales<\/strong><\/p>\n<p align=\"justify\">\n","protected":false},"featured_media":6245,"template":"","meta":{"pgc_sgb_lightbox_settings":""},"product_brand":[],"product_cat":[44,65],"product_tag":[],"class_list":{"0":"post-6096","1":"product","2":"type-product","3":"status-publish","4":"has-post-thumbnail","6":"product_cat-gatos","7":"product_cat-gatitos","9":"first","10":"instock","11":"shipping-taxable","12":"product-type-simple"},"yoast_head":"<!-- This site is optimized with the Yoast SEO plugin v26.1.1 - https:\/\/yoast.com\/wordpress\/plugins\/seo\/ -->\n<title>Alimento para gatitos Naturalis Pescado y Pollo - Naturalis Uruguay<\/title>\n<meta name=\"description\" content=\"Naturalis Pescado y Pollo Gatitos es un alimento para gatitos en fase de crecimiento (hasta 12 meses), de categor\u00eda premium especial.\" \/>\n<meta name=\"robots\" content=\"index, follow, max-snippet:-1, max-image-preview:large, max-video-preview:-1\" \/>\n<link rel=\"canonical\" href=\"https:\/\/sadenir.com.uy\/naturalis\/product\/alimento-gatitos-pescado-pollo\/\" \/>\n<meta property=\"og:locale\" content=\"es_ES\" \/>\n<meta property=\"og:type\" content=\"article\" \/>\n<meta property=\"og:title\" content=\"Alimento para gatitos Naturalis Pescado y Pollo - Naturalis Uruguay\" \/>\n<meta property=\"og:description\" content=\"Naturalis Pescado y Pollo Gatitos es un alimento para gatitos en fase de crecimiento (hasta 12 meses), de categor\u00eda premium especial.\" \/>\n<meta property=\"og:url\" content=\"https:\/\/sadenir.com.uy\/naturalis\/product\/alimento-gatitos-pescado-pollo\/\" \/>\n<meta property=\"og:site_name\" content=\"Naturalis\" \/>\n<meta property=\"article:modified_time\" content=\"2024-05-03T20:22:42+00:00\" \/>\n<meta property=\"og:image\" content=\"https:\/\/sadenir.com.uy\/naturalis\/wp-content\/uploads\/sites\/5\/2020\/09\/Mockup-naturalis_essencial_cat_filhote_frango_peixe-DIREITA-1-scaled.jpg\" \/>\n\t<meta property=\"og:image:width\" content=\"2305\" \/>\n\t<meta property=\"og:image:height\" content=\"2560\" \/>\n\t<meta property=\"og:image:type\" content=\"image\/jpeg\" \/>\n<meta name=\"twitter:card\" content=\"summary_large_image\" \/>\n<meta name=\"twitter:label1\" content=\"Tiempo de lectura\" \/>\n\t<meta name=\"twitter:data1\" content=\"2 minutos\" \/>\n<script type=\"application\/ld+json\" class=\"yoast-schema-graph\">{\"@context\":\"https:\/\/schema.org\",\"@graph\":[{\"@type\":\"WebPage\",\"@id\":\"https:\/\/sadenir.com.uy\/naturalis\/product\/alimento-gatitos-pescado-pollo\/\",\"url\":\"https:\/\/sadenir.com.uy\/naturalis\/product\/alimento-gatitos-pescado-pollo\/\",\"name\":\"Alimento para gatitos Naturalis Pescado y Pollo - Naturalis Uruguay\",\"isPartOf\":{\"@id\":\"https:\/\/sadenir.com.uy\/naturalis\/#website\"},\"primaryImageOfPage\":{\"@id\":\"https:\/\/sadenir.com.uy\/naturalis\/product\/alimento-gatitos-pescado-pollo\/#primaryimage\"},\"image\":{\"@id\":\"https:\/\/sadenir.com.uy\/naturalis\/product\/alimento-gatitos-pescado-pollo\/#primaryimage\"},\"thumbnailUrl\":\"https:\/\/sadenir.com.uy\/naturalis\/wp-content\/uploads\/sites\/5\/2020\/09\/Mockup-naturalis_essencial_cat_filhote_frango_peixe-DIREITA-1-scaled.jpg\",\"datePublished\":\"2020-09-28T19:09:24+00:00\",\"dateModified\":\"2024-05-03T20:22:42+00:00\",\"description\":\"Naturalis Pescado y Pollo Gatitos es un alimento para gatitos en fase de crecimiento (hasta 12 meses), de categor\u00eda premium especial.\",\"breadcrumb\":{\"@id\":\"https:\/\/sadenir.com.uy\/naturalis\/product\/alimento-gatitos-pescado-pollo\/#breadcrumb\"},\"inLanguage\":\"es-AR\",\"potentialAction\":[{\"@type\":\"ReadAction\",\"target\":[\"https:\/\/sadenir.com.uy\/naturalis\/product\/alimento-gatitos-pescado-pollo\/\"]}]},{\"@type\":\"ImageObject\",\"inLanguage\":\"es-AR\",\"@id\":\"https:\/\/sadenir.com.uy\/naturalis\/product\/alimento-gatitos-pescado-pollo\/#primaryimage\",\"url\":\"https:\/\/sadenir.com.uy\/naturalis\/wp-content\/uploads\/sites\/5\/2020\/09\/Mockup-naturalis_essencial_cat_filhote_frango_peixe-DIREITA-1-scaled.jpg\",\"contentUrl\":\"https:\/\/sadenir.com.uy\/naturalis\/wp-content\/uploads\/sites\/5\/2020\/09\/Mockup-naturalis_essencial_cat_filhote_frango_peixe-DIREITA-1-scaled.jpg\",\"width\":2305,\"height\":2560},{\"@type\":\"BreadcrumbList\",\"@id\":\"https:\/\/sadenir.com.uy\/naturalis\/product\/alimento-gatitos-pescado-pollo\/#breadcrumb\",\"itemListElement\":[{\"@type\":\"ListItem\",\"position\":1,\"name\":\"Inicio\",\"item\":\"https:\/\/sadenir.com.uy\/naturalis\/\"},{\"@type\":\"ListItem\",\"position\":2,\"name\":\"Shop\",\"item\":\"https:\/\/sadenir.com.uy\/naturalis\/shop\/\"},{\"@type\":\"ListItem\",\"position\":3,\"name\":\"Naturalis Pescado y Pollo &#8211; Gatitos\"}]},{\"@type\":\"WebSite\",\"@id\":\"https:\/\/sadenir.com.uy\/naturalis\/#website\",\"url\":\"https:\/\/sadenir.com.uy\/naturalis\/\",\"name\":\"Naturalis\",\"description\":\"Vivir bien es vivir m\u00e1s.\",\"potentialAction\":[{\"@type\":\"SearchAction\",\"target\":{\"@type\":\"EntryPoint\",\"urlTemplate\":\"https:\/\/sadenir.com.uy\/naturalis\/?s={search_term_string}\"},\"query-input\":{\"@type\":\"PropertyValueSpecification\",\"valueRequired\":true,\"valueName\":\"search_term_string\"}}],\"inLanguage\":\"es-AR\"}]}<\/script>\n<!-- \/ Yoast SEO plugin. -->","yoast_head_json":{"title":"Alimento para gatitos Naturalis Pescado y Pollo - Naturalis Uruguay","description":"Naturalis Pescado y Pollo Gatitos es un alimento para gatitos en fase de crecimiento (hasta 12 meses), de categor\u00eda premium especial.","robots":{"index":"index","follow":"follow","max-snippet":"max-snippet:-1","max-image-preview":"max-image-preview:large","max-video-preview":"max-video-preview:-1"},"canonical":"https:\/\/sadenir.com.uy\/naturalis\/product\/alimento-gatitos-pescado-pollo\/","og_locale":"es_ES","og_type":"article","og_title":"Alimento para gatitos Naturalis Pescado y Pollo - Naturalis Uruguay","og_description":"Naturalis Pescado y Pollo Gatitos es un alimento para gatitos en fase de crecimiento (hasta 12 meses), de categor\u00eda premium especial.","og_url":"https:\/\/sadenir.com.uy\/naturalis\/product\/alimento-gatitos-pescado-pollo\/","og_site_name":"Naturalis","article_modified_time":"2024-05-03T20:22:42+00:00","og_image":[{"width":2305,"height":2560,"url":"https:\/\/sadenir.com.uy\/naturalis\/wp-content\/uploads\/sites\/5\/2020\/09\/Mockup-naturalis_essencial_cat_filhote_frango_peixe-DIREITA-1-scaled.jpg","type":"image\/jpeg"}],"twitter_card":"summary_large_image","twitter_misc":{"Tiempo de lectura":"2 minutos"},"schema":{"@context":"https:\/\/schema.org","@graph":[{"@type":"WebPage","@id":"https:\/\/sadenir.com.uy\/naturalis\/product\/alimento-gatitos-pescado-pollo\/","url":"https:\/\/sadenir.com.uy\/naturalis\/product\/alimento-gatitos-pescado-pollo\/","name":"Alimento para gatitos Naturalis Pescado y Pollo - Naturalis Uruguay","isPartOf":{"@id":"https:\/\/sadenir.com.uy\/naturalis\/#website"},"primaryImageOfPage":{"@id":"https:\/\/sadenir.com.uy\/naturalis\/product\/alimento-gatitos-pescado-pollo\/#primaryimage"},"image":{"@id":"https:\/\/sadenir.com.uy\/naturalis\/product\/alimento-gatitos-pescado-pollo\/#primaryimage"},"thumbnailUrl":"https:\/\/sadenir.com.uy\/naturalis\/wp-content\/uploads\/sites\/5\/2020\/09\/Mockup-naturalis_essencial_cat_filhote_frango_peixe-DIREITA-1-scaled.jpg","datePublished":"2020-09-28T19:09:24+00:00","dateModified":"2024-05-03T20:22:42+00:00","description":"Naturalis Pescado y Pollo Gatitos es un alimento para gatitos en fase de crecimiento (hasta 12 meses), de categor\u00eda premium especial.","breadcrumb":{"@id":"https:\/\/sadenir.com.uy\/naturalis\/product\/alimento-gatitos-pescado-pollo\/#breadcrumb"},"inLanguage":"es-AR","potentialAction":[{"@type":"ReadAction","target":["https:\/\/sadenir.com.uy\/naturalis\/product\/alimento-gatitos-pescado-pollo\/"]}]},{"@type":"ImageObject","inLanguage":"es-AR","@id":"https:\/\/sadenir.com.uy\/naturalis\/product\/alimento-gatitos-pescado-pollo\/#primaryimage","url":"https:\/\/sadenir.com.uy\/naturalis\/wp-content\/uploads\/sites\/5\/2020\/09\/Mockup-naturalis_essencial_cat_filhote_frango_peixe-DIREITA-1-scaled.jpg","contentUrl":"https:\/\/sadenir.com.uy\/naturalis\/wp-content\/uploads\/sites\/5\/2020\/09\/Mockup-naturalis_essencial_cat_filhote_frango_peixe-DIREITA-1-scaled.jpg","width":2305,"height":2560},{"@type":"BreadcrumbList","@id":"https:\/\/sadenir.com.uy\/naturalis\/product\/alimento-gatitos-pescado-pollo\/#breadcrumb","itemListElement":[{"@type":"ListItem","position":1,"name":"Inicio","item":"https:\/\/sadenir.com.uy\/naturalis\/"},{"@type":"ListItem","position":2,"name":"Shop","item":"https:\/\/sadenir.com.uy\/naturalis\/shop\/"},{"@type":"ListItem","position":3,"name":"Naturalis Pescado y Pollo &#8211; Gatitos"}]},{"@type":"WebSite","@id":"https:\/\/sadenir.com.uy\/naturalis\/#website","url":"https:\/\/sadenir.com.uy\/naturalis\/","name":"Naturalis","description":"Vivir bien es vivir m\u00e1s.","potentialAction":[{"@type":"SearchAction","target":{"@type":"EntryPoint","urlTemplate":"https:\/\/sadenir.com.uy\/naturalis\/?s={search_term_string}"},"query-input":{"@type":"PropertyValueSpecification","valueRequired":true,"valueName":"search_term_string"}}],"inLanguage":"es-AR"}]}},"_links":{"self":[{"href":"https:\/\/sadenir.com.uy\/naturalis\/wp-json\/wp\/v2\/product\/6096","targetHints":{"allow":["GET"]}}],"collection":[{"href":"https:\/\/sadenir.com.uy\/naturalis\/wp-json\/wp\/v2\/product"}],"about":[{"href":"https:\/\/sadenir.com.uy\/naturalis\/wp-json\/wp\/v2\/types\/product"}],"wp:featuredmedia":[{"embeddable":true,"href":"https:\/\/sadenir.com.uy\/naturalis\/wp-json\/wp\/v2\/media\/6245"}],"wp:attachment":[{"href":"https:\/\/sadenir.com.uy\/naturalis\/wp-json\/wp\/v2\/media?parent=6096"}],"wp:term":[{"taxonomy":"product_brand","embeddable":true,"href":"https:\/\/sadenir.com.uy\/naturalis\/wp-json\/wp\/v2\/product_brand?post=6096"},{"taxonomy":"product_cat","embeddable":true,"href":"https:\/\/sadenir.com.uy\/naturalis\/wp-json\/wp\/v2\/product_cat?post=6096"},{"taxonomy":"product_tag","embeddable":true,"href":"https:\/\/sadenir.com.uy\/naturalis\/wp-json\/wp\/v2\/product_tag?post=6096"}],"curies":[{"name":"wp","href":"https:\/\/api.w.org\/{rel}","templated":true}]}}