{"id":6021,"date":"2020-09-01T22:00:22","date_gmt":"2020-09-01T22:00:22","guid":{"rendered":"https:\/\/www.andresdicamillo.com\/sadenir\/nero\/?post_type=product&#038;p=6021"},"modified":"2020-11-27T21:09:49","modified_gmt":"2020-11-27T21:09:49","slug":"nero-cat-premium","status":"publish","type":"product","link":"https:\/\/sadenir.com.uy\/nero\/product\/nero-cat-premium\/","title":{"rendered":"Nero Cat Premium Pescado y Pollo"},"content":{"rendered":"<h3 align=\"justify\">Indicaci\u00f3n<\/h3>\n<p>Alimento completo para gatos adultos (1 a 7 a\u00f1os de edad)<\/p>\n<h3>Ingredientes<\/h3>\n<p align=\"justify\">Ma\u00edz integral molido**; Arroz quebrado; Carne mecanicamente separada de pollo; Harina de v\u00edsceras de aves (15%); Harina de pescado (1,5%); Salvado de soja*; Salvado de gl\u00faten de ma\u00edz 60**; Levadura seca de cerveza; Grasa de pollo; Lino integral molido; Hemoglobina em polvo; Cloruro de sodio (sal com\u00fan); Cloruro de pot\u00e1ssio; Cloruro de colina; Fosfato bic\u00e1lcico; DL-metionina; Taurina; Propionato de calcio; Bisulfato de sodio (0,6%); Extrato de Yucca Schidigera (0,025%); Hidrolizado de h\u00edgado de pollo e pescado; Aditivos antioxidantes (BHA, BHT); Vitamina A; Vitamina B12; Vitamina D3; Vitamina E; Selenito de sodio; \u00c1cido F\u00f3lico; \u00c1cido Pantot\u00e9nico; Sulfato de cobre; Sulfato Ferroso; Yodato de calcio; \u00d3xido de manganeso; Vitamina B1; Vitamina B2; Vitamina B6; Vitamina H; Vitamina K3; Vitamina PP; \u00d3xido de Zinc.<\/p>\n<p><i>* Agrobacterium tumefaciens, Arabidopsis thaliana, Bacillus thuringiensis, Streptomyces viridochromogenes.<br \/>\n** Agrobacterium tumefaciens, Bacillus thuringiensis, Streptomyces viridochromogenes, Zea mays.<\/i><\/p>\n<h3 align=\"justify\">Enriquecimiento<\/h3>\n<table>\n<tbody>\n<tr>\n<td>\n<p class=\"\">Vitamina A<\/p>\n<\/td>\n<td>\n<p class=\"\">(10000 U.I.);<\/p>\n<\/td>\n<\/tr>\n<tr>\n<td>\n<p class=\"\">Vitamina B12<\/p>\n<\/td>\n<td>\n<p class=\"\">(20 mcg);<\/p>\n<\/td>\n<\/tr>\n<tr>\n<td>\n<p class=\"\">Vitamina D3<\/p>\n<\/td>\n<td>\n<p class=\"\">(700 U.I.);<\/p>\n<\/td>\n<\/tr>\n<tr>\n<td>\n<p class=\"\">Vitamina E<\/p>\n<\/td>\n<td>\n<p class=\"\">(450 U.I.);<\/p>\n<\/td>\n<\/tr>\n<tr>\n<td>\n<p class=\"\">Selenio<\/p>\n<\/td>\n<td>\n<p class=\"\">(0,3 mg);<\/p>\n<\/td>\n<\/tr>\n<tr>\n<td>\n<p class=\"\">\u00c1cido F\u00f3lico<\/p>\n<\/td>\n<td>\n<p class=\"\">(1 mg);<\/p>\n<\/td>\n<\/tr>\n<tr>\n<td>\n<p class=\"\">\u00c1cido Pantot\u00e9nico<\/p>\n<\/td>\n<td>\n<p class=\"\">(10 mg);<\/p>\n<\/td>\n<\/tr>\n<tr>\n<td>\n<p class=\"\">Cobre<\/p>\n<\/td>\n<td>\n<p class=\"\">(15 mg);<\/p>\n<\/td>\n<\/tr>\n<tr>\n<td>\n<p class=\"\">Hierro<\/p>\n<\/td>\n<td>\n<p class=\"\">(100 mg);<\/p>\n<\/td>\n<\/tr>\n<tr>\n<td>\n<p class=\"\">Yodo<\/p>\n<\/td>\n<td>\n<p class=\"\">(2 mg);<\/p>\n<\/td>\n<\/tr>\n<tr>\n<td>\n<p class=\"\">Manganeso<\/p>\n<\/td>\n<td>\n<p class=\"\">(20 mg);<\/p>\n<\/td>\n<\/tr>\n<tr>\n<td>\n<p class=\"\">Vitamina B1<\/p>\n<\/td>\n<td>\n<p class=\"\">(6,5 mg);<\/p>\n<\/td>\n<\/tr>\n<tr>\n<td>\n<p class=\"\">Vitamina B2<\/p>\n<\/td>\n<td>\n<p class=\"\">(6,5 mg);<\/p>\n<\/td>\n<\/tr>\n<tr>\n<td>\n<p class=\"\">Vitamina B6<\/p>\n<\/td>\n<td>\n<p class=\"\">(8 mg);<\/p>\n<\/td>\n<\/tr>\n<tr>\n<td>\n<p class=\"\">Vitamina H<\/p>\n<\/td>\n<td>\n<p class=\"\">(0,1 mg);<\/p>\n<\/td>\n<\/tr>\n<tr>\n<td>\n<p class=\"\">Vitamina K3<\/p>\n<\/td>\n<td>\n<p class=\"\">(1 mg);<\/p>\n<\/td>\n<\/tr>\n<tr>\n<td>\n<p class=\"\">Vitamina PP<\/p>\n<\/td>\n<td>\n<p class=\"\">(70 mg);<\/p>\n<\/td>\n<\/tr>\n<tr>\n<td>\n<p class=\"\">Zinc<\/p>\n<\/td>\n<td>\n<p class=\"\">(120 mg).<\/p>\n<\/td>\n<\/tr>\n<\/tbody>\n<\/table>\n<h3 align=\"justify\">Niveles de garant\u00eda<\/h3>\n<table>\n<tbody>\n<tr>\n<td>\n<p class=\"\">Humedad (m\u00e1x.)<\/p>\n<\/td>\n<td>\n<p class=\"\">120 g\/kg;<\/p>\n<\/td>\n<td>\n<p class=\"\">12%;<\/p>\n<\/td>\n<\/tr>\n<tr>\n<td>\n<p class=\"\">Prote\u00edna Bruta (m\u00edn.)<\/p>\n<\/td>\n<td>\n<p class=\"\">280 g\/kg;<\/p>\n<\/td>\n<td>\n<p class=\"\">28%;<\/p>\n<\/td>\n<\/tr>\n<tr>\n<td>\n<p class=\"\">Extracto Et\u00e9reo (m\u00edn.)<\/p>\n<\/td>\n<td>\n<p class=\"\">100 g\/kg;<\/p>\n<\/td>\n<td>\n<p class=\"\">10%;<\/p>\n<\/td>\n<\/tr>\n<tr>\n<td>\n<p class=\"\">Materia Fibrosa (m\u00e1x.)<\/p>\n<\/td>\n<td>\n<p class=\"\">40 g\/kg;<\/p>\n<\/td>\n<td>\n<p class=\"\">4%;<\/p>\n<\/td>\n<\/tr>\n<tr>\n<td>\n<p class=\"\">Materia Mineral (m\u00e1x.)<\/p>\n<\/td>\n<td>\n<p class=\"\">100 g\/kg;<\/p>\n<\/td>\n<td>\n<p class=\"\">10%;<\/p>\n<\/td>\n<\/tr>\n<tr>\n<td>\n<p class=\"\">Calcio (m\u00e1x.)<\/p>\n<\/td>\n<td>\n<p class=\"\">20 g\/kg;<\/p>\n<\/td>\n<td>\n<p class=\"\">2%;<\/p>\n<\/td>\n<\/tr>\n<tr>\n<td>\n<p class=\"\">Calcio (m\u00edn.)<\/p>\n<\/td>\n<td>\n<p class=\"\">8000 mg\/kg;<\/p>\n<\/td>\n<td>\n<p class=\"\">0,8%;<\/p>\n<\/td>\n<\/tr>\n<tr>\n<td>\n<p class=\"\">F\u00f3sforo (m\u00edn.)<\/p>\n<\/td>\n<td>\n<p class=\"\">8200 mg\/kg;<\/p>\n<\/td>\n<td>\n<p class=\"\">0,82%;<\/p>\n<\/td>\n<\/tr>\n<tr>\n<td>\n<p class=\"\">Sodio (m\u00edn.)<\/p>\n<\/td>\n<td>\n<p class=\"\">3500 mg\/kg;<\/p>\n<\/td>\n<td>\n<p class=\"\">0,35%;<\/p>\n<\/td>\n<\/tr>\n<tr>\n<td>\n<p class=\"\">Taurina (m\u00edn.)<\/p>\n<\/td>\n<td>\n<p class=\"\">1000 mg\/kg;<\/p>\n<\/td>\n<td>\n<p class=\"\">0,1%.<\/p>\n<\/td>\n<\/tr>\n<tr>\n<td>\n<p class=\"\">DL-metionina (m\u00edn.)<\/p>\n<\/td>\n<td>\n<p class=\"\">5000 mg\/kg.<\/p>\n<\/td>\n<td>\n<p class=\"\">0,5%.<\/p>\n<\/td>\n<\/tr>\n<\/tbody>\n<\/table>\n<p align=\"justify\">\n","protected":false},"excerpt":{"rendered":"<p>&nbsp;<\/p>\n<p>Nero Cat Premium Pescado y Pollo tiene un sabor irresistible que agradar\u00e1 a\u00fan a los gatos con paladares m\u00e1s exigentes. Este delicioso alimento est\u00e1 formulado con ingredientes cuidadosamente seleccionados y preparado bajo los m\u00e1s altos est\u00e1ndares de calidad, garantizando as\u00ed que tu gato se mantenga fuerte y sano.<\/p>\n","protected":false},"featured_media":7343,"template":"","meta":{"pgc_sgb_lightbox_settings":""},"product_brand":[],"product_cat":[44],"product_tag":[],"class_list":{"0":"post-6021","1":"product","2":"type-product","3":"status-publish","4":"has-post-thumbnail","6":"product_cat-gatos","8":"first","9":"instock","10":"shipping-taxable","11":"product-type-simple"},"yoast_head":"<!-- This site is optimized with the Yoast SEO plugin v26.1.1 - https:\/\/yoast.com\/wordpress\/plugins\/seo\/ -->\n<title>Nero Cat Premium Pescado y Pollo - Alimento para gatos Nero<\/title>\n<meta name=\"description\" content=\"Nero Cat Premium es un alimento para gatos formulado con ingredientes de alta calidad, para que tu amigo peludo se mantenga fuerte y sano.\" \/>\n<meta name=\"robots\" content=\"index, follow, max-snippet:-1, max-image-preview:large, max-video-preview:-1\" \/>\n<link rel=\"canonical\" href=\"https:\/\/sadenir.com.uy\/nero\/product\/nero-cat-premium\/\" \/>\n<meta property=\"og:locale\" content=\"es_ES\" \/>\n<meta property=\"og:type\" content=\"article\" \/>\n<meta property=\"og:title\" content=\"Nero Cat Premium Pescado y Pollo - Alimento para gatos Nero\" \/>\n<meta property=\"og:description\" content=\"Nero Cat Premium es un alimento para gatos formulado con ingredientes de alta calidad, para que tu amigo peludo se mantenga fuerte y sano.\" \/>\n<meta property=\"og:url\" content=\"https:\/\/sadenir.com.uy\/nero\/product\/nero-cat-premium\/\" \/>\n<meta property=\"og:site_name\" content=\"Nero\" \/>\n<meta property=\"article:modified_time\" content=\"2020-11-27T21:09:49+00:00\" \/>\n<meta property=\"og:image\" content=\"https:\/\/sadenir.com.uy\/nero\/wp-content\/uploads\/sites\/3\/2020\/09\/NeroPremium_Cat-DIREITA-1.jpeg\" \/>\n\t<meta property=\"og:image:width\" content=\"1024\" \/>\n\t<meta property=\"og:image:height\" content=\"1322\" \/>\n\t<meta property=\"og:image:type\" content=\"image\/jpeg\" \/>\n<meta name=\"twitter:card\" content=\"summary_large_image\" \/>\n<meta name=\"twitter:label1\" content=\"Tiempo de lectura\" \/>\n\t<meta name=\"twitter:data1\" content=\"1 minuto\" \/>\n<script type=\"application\/ld+json\" class=\"yoast-schema-graph\">{\"@context\":\"https:\/\/schema.org\",\"@graph\":[{\"@type\":\"WebPage\",\"@id\":\"https:\/\/sadenir.com.uy\/nero\/product\/nero-cat-premium\/\",\"url\":\"https:\/\/sadenir.com.uy\/nero\/product\/nero-cat-premium\/\",\"name\":\"Nero Cat Premium Pescado y Pollo - Alimento para gatos Nero\",\"isPartOf\":{\"@id\":\"https:\/\/sadenir.com.uy\/nero\/#website\"},\"primaryImageOfPage\":{\"@id\":\"https:\/\/sadenir.com.uy\/nero\/product\/nero-cat-premium\/#primaryimage\"},\"image\":{\"@id\":\"https:\/\/sadenir.com.uy\/nero\/product\/nero-cat-premium\/#primaryimage\"},\"thumbnailUrl\":\"https:\/\/sadenir.com.uy\/nero\/wp-content\/uploads\/sites\/3\/2020\/09\/NeroPremium_Cat-DIREITA-1.jpeg\",\"datePublished\":\"2020-09-01T22:00:22+00:00\",\"dateModified\":\"2020-11-27T21:09:49+00:00\",\"description\":\"Nero Cat Premium es un alimento para gatos formulado con ingredientes de alta calidad, para que tu amigo peludo se mantenga fuerte y sano.\",\"breadcrumb\":{\"@id\":\"https:\/\/sadenir.com.uy\/nero\/product\/nero-cat-premium\/#breadcrumb\"},\"inLanguage\":\"es-AR\",\"potentialAction\":[{\"@type\":\"ReadAction\",\"target\":[\"https:\/\/sadenir.com.uy\/nero\/product\/nero-cat-premium\/\"]}]},{\"@type\":\"ImageObject\",\"inLanguage\":\"es-AR\",\"@id\":\"https:\/\/sadenir.com.uy\/nero\/product\/nero-cat-premium\/#primaryimage\",\"url\":\"https:\/\/sadenir.com.uy\/nero\/wp-content\/uploads\/sites\/3\/2020\/09\/NeroPremium_Cat-DIREITA-1.jpeg\",\"contentUrl\":\"https:\/\/sadenir.com.uy\/nero\/wp-content\/uploads\/sites\/3\/2020\/09\/NeroPremium_Cat-DIREITA-1.jpeg\",\"width\":1024,\"height\":1322,\"caption\":\"Nero Cat Premium\"},{\"@type\":\"BreadcrumbList\",\"@id\":\"https:\/\/sadenir.com.uy\/nero\/product\/nero-cat-premium\/#breadcrumb\",\"itemListElement\":[{\"@type\":\"ListItem\",\"position\":1,\"name\":\"Inicio\",\"item\":\"https:\/\/sadenir.com.uy\/nero\/\"},{\"@type\":\"ListItem\",\"position\":2,\"name\":\"Shop\",\"item\":\"https:\/\/sadenir.com.uy\/nero\/shop\/\"},{\"@type\":\"ListItem\",\"position\":3,\"name\":\"Nero Cat Premium Pescado y Pollo\"}]},{\"@type\":\"WebSite\",\"@id\":\"https:\/\/sadenir.com.uy\/nero\/#website\",\"url\":\"https:\/\/sadenir.com.uy\/nero\/\",\"name\":\"Nero\",\"description\":\"Excelencia en nutrici\u00f3n\",\"potentialAction\":[{\"@type\":\"SearchAction\",\"target\":{\"@type\":\"EntryPoint\",\"urlTemplate\":\"https:\/\/sadenir.com.uy\/nero\/?s={search_term_string}\"},\"query-input\":{\"@type\":\"PropertyValueSpecification\",\"valueRequired\":true,\"valueName\":\"search_term_string\"}}],\"inLanguage\":\"es-AR\"}]}<\/script>\n<!-- \/ Yoast SEO plugin. -->","yoast_head_json":{"title":"Nero Cat Premium Pescado y Pollo - Alimento para gatos Nero","description":"Nero Cat Premium es un alimento para gatos formulado con ingredientes de alta calidad, para que tu amigo peludo se mantenga fuerte y sano.","robots":{"index":"index","follow":"follow","max-snippet":"max-snippet:-1","max-image-preview":"max-image-preview:large","max-video-preview":"max-video-preview:-1"},"canonical":"https:\/\/sadenir.com.uy\/nero\/product\/nero-cat-premium\/","og_locale":"es_ES","og_type":"article","og_title":"Nero Cat Premium Pescado y Pollo - Alimento para gatos Nero","og_description":"Nero Cat Premium es un alimento para gatos formulado con ingredientes de alta calidad, para que tu amigo peludo se mantenga fuerte y sano.","og_url":"https:\/\/sadenir.com.uy\/nero\/product\/nero-cat-premium\/","og_site_name":"Nero","article_modified_time":"2020-11-27T21:09:49+00:00","og_image":[{"width":1024,"height":1322,"url":"https:\/\/sadenir.com.uy\/nero\/wp-content\/uploads\/sites\/3\/2020\/09\/NeroPremium_Cat-DIREITA-1.jpeg","type":"image\/jpeg"}],"twitter_card":"summary_large_image","twitter_misc":{"Tiempo de lectura":"1 minuto"},"schema":{"@context":"https:\/\/schema.org","@graph":[{"@type":"WebPage","@id":"https:\/\/sadenir.com.uy\/nero\/product\/nero-cat-premium\/","url":"https:\/\/sadenir.com.uy\/nero\/product\/nero-cat-premium\/","name":"Nero Cat Premium Pescado y Pollo - Alimento para gatos Nero","isPartOf":{"@id":"https:\/\/sadenir.com.uy\/nero\/#website"},"primaryImageOfPage":{"@id":"https:\/\/sadenir.com.uy\/nero\/product\/nero-cat-premium\/#primaryimage"},"image":{"@id":"https:\/\/sadenir.com.uy\/nero\/product\/nero-cat-premium\/#primaryimage"},"thumbnailUrl":"https:\/\/sadenir.com.uy\/nero\/wp-content\/uploads\/sites\/3\/2020\/09\/NeroPremium_Cat-DIREITA-1.jpeg","datePublished":"2020-09-01T22:00:22+00:00","dateModified":"2020-11-27T21:09:49+00:00","description":"Nero Cat Premium es un alimento para gatos formulado con ingredientes de alta calidad, para que tu amigo peludo se mantenga fuerte y sano.","breadcrumb":{"@id":"https:\/\/sadenir.com.uy\/nero\/product\/nero-cat-premium\/#breadcrumb"},"inLanguage":"es-AR","potentialAction":[{"@type":"ReadAction","target":["https:\/\/sadenir.com.uy\/nero\/product\/nero-cat-premium\/"]}]},{"@type":"ImageObject","inLanguage":"es-AR","@id":"https:\/\/sadenir.com.uy\/nero\/product\/nero-cat-premium\/#primaryimage","url":"https:\/\/sadenir.com.uy\/nero\/wp-content\/uploads\/sites\/3\/2020\/09\/NeroPremium_Cat-DIREITA-1.jpeg","contentUrl":"https:\/\/sadenir.com.uy\/nero\/wp-content\/uploads\/sites\/3\/2020\/09\/NeroPremium_Cat-DIREITA-1.jpeg","width":1024,"height":1322,"caption":"Nero Cat Premium"},{"@type":"BreadcrumbList","@id":"https:\/\/sadenir.com.uy\/nero\/product\/nero-cat-premium\/#breadcrumb","itemListElement":[{"@type":"ListItem","position":1,"name":"Inicio","item":"https:\/\/sadenir.com.uy\/nero\/"},{"@type":"ListItem","position":2,"name":"Shop","item":"https:\/\/sadenir.com.uy\/nero\/shop\/"},{"@type":"ListItem","position":3,"name":"Nero Cat Premium Pescado y Pollo"}]},{"@type":"WebSite","@id":"https:\/\/sadenir.com.uy\/nero\/#website","url":"https:\/\/sadenir.com.uy\/nero\/","name":"Nero","description":"Excelencia en nutrici\u00f3n","potentialAction":[{"@type":"SearchAction","target":{"@type":"EntryPoint","urlTemplate":"https:\/\/sadenir.com.uy\/nero\/?s={search_term_string}"},"query-input":{"@type":"PropertyValueSpecification","valueRequired":true,"valueName":"search_term_string"}}],"inLanguage":"es-AR"}]}},"_links":{"self":[{"href":"https:\/\/sadenir.com.uy\/nero\/wp-json\/wp\/v2\/product\/6021","targetHints":{"allow":["GET"]}}],"collection":[{"href":"https:\/\/sadenir.com.uy\/nero\/wp-json\/wp\/v2\/product"}],"about":[{"href":"https:\/\/sadenir.com.uy\/nero\/wp-json\/wp\/v2\/types\/product"}],"wp:featuredmedia":[{"embeddable":true,"href":"https:\/\/sadenir.com.uy\/nero\/wp-json\/wp\/v2\/media\/7343"}],"wp:attachment":[{"href":"https:\/\/sadenir.com.uy\/nero\/wp-json\/wp\/v2\/media?parent=6021"}],"wp:term":[{"taxonomy":"product_brand","embeddable":true,"href":"https:\/\/sadenir.com.uy\/nero\/wp-json\/wp\/v2\/product_brand?post=6021"},{"taxonomy":"product_cat","embeddable":true,"href":"https:\/\/sadenir.com.uy\/nero\/wp-json\/wp\/v2\/product_cat?post=6021"},{"taxonomy":"product_tag","embeddable":true,"href":"https:\/\/sadenir.com.uy\/nero\/wp-json\/wp\/v2\/product_tag?post=6021"}],"curies":[{"name":"wp","href":"https:\/\/api.w.org\/{rel}","templated":true}]}}