{"id":7347,"date":"2020-11-27T21:10:48","date_gmt":"2020-11-27T21:10:48","guid":{"rendered":"https:\/\/sadenir.com.uy\/nero\/?post_type=product&#038;p=7347"},"modified":"2020-12-01T17:24:29","modified_gmt":"2020-12-01T17:24:29","slug":"nero-premium-refeicao","status":"publish","type":"product","link":"https:\/\/sadenir.com.uy\/nero\/product\/nero-premium-refeicao\/","title":{"rendered":"Nero Premium Refei\u00e7\u00e3o Adultos"},"content":{"rendered":"<h3 align=\"justify\">Indicaci\u00f3n<\/h3>\n<p>Alimento completo para perros adultos.<\/p>\n<p><strong>Para razas peque\u00f1as:<\/strong> 12 meses a 7 a\u00f1os de edad.<\/p>\n<p><strong>Para razas medianas y grandes:<\/strong> 18 meses a 7 a\u00f1os de edad.<\/p>\n<p><strong>Para razas gigantes:<\/strong> 24 meses a 7 a\u00f1os de edad.<\/p>\n<h3>Ingredientes<\/h3>\n<p>Ma\u00edz integral molido**, Salvado de trigo, Harina de v\u00edsceras de aves (1,2%), Harina de carne y huesos (10%), Salvado de soja*, Salvado de gluten de ma\u00edz 21**, Germen de ma\u00edz desgrasado**, Grasa de pollo, Lino integral molido, Hemoglobina em polvo, Cloruro de sodio (sal com\u00fan), Cloruro de potasio, Cloruro de colina, Fosfato bic\u00e1lcico, Propionato de calcio, Extracto de Yucca Schidigera (0,025%), Hexametafosfato de S\u00f3dio, Hidrolizado a base de h\u00edgado suino y v\u00edsceras de aves, Antioxidantes (BHA, BHT), Vitamina A, Vitamina B12, Vitamina D3, Vitamina E, Selenito de sodio, \u00c1cido F\u00f3lico, \u00c1cido Pantot\u00e9nico, Sulfato de cobre, Sulfato Ferroso, Yodato de calcio, \u00d3xido de manganeso, Vitamina B1, Vitamina B2, Vitamina B6, Vitamina H, Vitamina K3, Vitamina PP, \u00d3xido de Zinc.<\/p>\n<p><i>* Agrobacterium tumefaciens, Arabidopsis thaliana, Bacillus thuringiensis, Streptomyces viridochromogenes.<br \/>\n** Agrobacterium tumefaciens, Bacillus thuringiensis, Streptomyces viridochromogenes, Zea mays.<\/i><\/p>\n<h3>Enriquecimiento<\/h3>\n<table>\n<tbody>\n<tr>\n<td>\n<p class=\"\">Vitamina A<\/p>\n<\/td>\n<td>\n<p class=\"\">(10000 U.I.);<\/p>\n<\/td>\n<\/tr>\n<tr>\n<td>\n<p class=\"\">Vitamina B12<\/p>\n<\/td>\n<td>\n<p class=\"\">(20 mcg);<\/p>\n<\/td>\n<\/tr>\n<tr>\n<td>\n<p class=\"\">Vitamina D3<\/p>\n<\/td>\n<td>\n<p class=\"\">(550 U.I.);<\/p>\n<\/td>\n<\/tr>\n<tr>\n<td>\n<p class=\"\">Vitamina E<\/p>\n<\/td>\n<td>\n<p class=\"\">(120 U.I.);<\/p>\n<\/td>\n<\/tr>\n<tr>\n<td>\n<p class=\"\">Selenio<\/p>\n<\/td>\n<td>\n<p class=\"\">(0,1 mg);<\/p>\n<\/td>\n<\/tr>\n<tr>\n<td>\n<p class=\"\">\u00c1cido F\u00f3lico<\/p>\n<\/td>\n<td>\n<p class=\"\">(1 mg);<\/p>\n<\/td>\n<\/tr>\n<tr>\n<td>\n<p class=\"\">\u00c1cido Pantot\u00e9nico<\/p>\n<\/td>\n<td>\n<p class=\"\">(15 mg);<\/p>\n<\/td>\n<\/tr>\n<tr>\n<td>\n<p class=\"\">Cobre<\/p>\n<\/td>\n<td>\n<p class=\"\">(10 mg);<\/p>\n<\/td>\n<\/tr>\n<tr>\n<td>\n<p class=\"\">Hierro<\/p>\n<\/td>\n<td>\n<p class=\"\">(80 mg);<\/p>\n<\/td>\n<\/tr>\n<tr>\n<td>\n<p class=\"\">Yodo<\/p>\n<\/td>\n<td>\n<p class=\"\">(1,5 mg);<\/p>\n<\/td>\n<\/tr>\n<tr>\n<td>\n<p class=\"\">Manganeso<\/p>\n<\/td>\n<td>\n<p class=\"\">(10 mg);<\/p>\n<\/td>\n<\/tr>\n<tr>\n<td>\n<p class=\"\">Vitamina B1<\/p>\n<\/td>\n<td>\n<p class=\"\">(3 mg);<\/p>\n<\/td>\n<\/tr>\n<tr>\n<td>\n<p class=\"\">Vitamina B2<\/p>\n<\/td>\n<td>\n<p class=\"\">(6 mg);<\/p>\n<\/td>\n<\/tr>\n<tr>\n<td>\n<p class=\"\">Vitamina B6<\/p>\n<\/td>\n<td>\n<p class=\"\">(4 mg);<\/p>\n<\/td>\n<\/tr>\n<tr>\n<td>\n<p class=\"\">Vitamina H<\/p>\n<\/td>\n<td>\n<p class=\"\">(0,1 mg);<\/p>\n<\/td>\n<\/tr>\n<tr>\n<td>\n<p class=\"\">Vitamina K3<\/p>\n<\/td>\n<td>\n<p class=\"\">(1,3 mg);<\/p>\n<\/td>\n<\/tr>\n<tr>\n<td>\n<p class=\"\">Vitamina PP<\/p>\n<\/td>\n<td>\n<p class=\"\">(50 mg);<\/p>\n<\/td>\n<\/tr>\n<tr>\n<td>\n<p class=\"\">Zinc<\/p>\n<\/td>\n<td>\n<p class=\"\">(100 mg).<\/p>\n<\/td>\n<\/tr>\n<\/tbody>\n<\/table>\n<h3>Niveles de garant\u00eda<\/h3>\n<table>\n<tbody>\n<tr>\n<td>\n<p class=\"\">Humedad (m\u00e1x.)<\/p>\n<\/td>\n<td>\n<p class=\"\">120 g\/kg;<\/p>\n<\/td>\n<td>\n<p class=\"\">(12%);<\/p>\n<\/td>\n<\/tr>\n<tr>\n<td>\n<p class=\"\">Prote\u00edna Bruta (m\u00edn.)<\/p>\n<\/td>\n<td>\n<p class=\"\">210 g\/kg;<\/p>\n<\/td>\n<td>\n<p class=\"\">(21%);<\/p>\n<\/td>\n<\/tr>\n<tr>\n<td>\n<p class=\"\">Extracto Et\u00e9reo (m\u00edn.)<\/p>\n<\/td>\n<td>\n<p class=\"\">80 g\/kg;<\/p>\n<\/td>\n<td>\n<p class=\"\">(8%);<\/p>\n<\/td>\n<\/tr>\n<tr>\n<td>\n<p class=\"\">Materia Fibrosa (m\u00e1x.)<\/p>\n<\/td>\n<td>\n<p class=\"\">50 g\/kg;<\/p>\n<\/td>\n<td>\n<p class=\"\">(5%);<\/p>\n<\/td>\n<\/tr>\n<tr>\n<td>\n<p class=\"\">Materia Mineral (m\u00e1x.)<\/p>\n<\/td>\n<td>\n<p class=\"\">100 g\/kg;<\/p>\n<\/td>\n<td>\n<p class=\"\">(10%);<\/p>\n<\/td>\n<\/tr>\n<tr>\n<td>\n<p class=\"\">Calcio (m\u00e1x.)<\/p>\n<\/td>\n<td>\n<p class=\"\">20 g\/kg;<\/p>\n<\/td>\n<td>\n<p class=\"\">(2%);<\/p>\n<\/td>\n<\/tr>\n<tr>\n<td>\n<p class=\"\">Calcio (m\u00edn.)<\/p>\n<\/td>\n<td>\n<p class=\"\">9000 mg\/kg;<\/p>\n<\/td>\n<td>\n<p class=\"\">(0,9%);<\/p>\n<\/td>\n<\/tr>\n<tr>\n<td>\n<p class=\"\">F\u00f3sforo (m\u00edn.)<\/p>\n<\/td>\n<td>\n<p class=\"\">8000 mg\/kg;<\/p>\n<\/td>\n<td>\n<p class=\"\">(0,8%);<\/p>\n<\/td>\n<\/tr>\n<tr>\n<td>\n<p class=\"\">Sodio (m\u00edn.)<\/p>\n<\/td>\n<td>\n<p class=\"\">3500 mg\/kg;<\/p>\n<\/td>\n<td>\n<p class=\"\">(0,35%);<\/p>\n<\/td>\n<\/tr>\n<tr>\n<td>\n<p class=\"\">Potasio (m\u00edn.)<\/p>\n<\/td>\n<td>\n<p class=\"\">5000 mg\/kg;<\/p>\n<\/td>\n<td>\n<p class=\"\">(0,5%).<\/p>\n<\/td>\n<\/tr>\n<\/tbody>\n<\/table>\n","protected":false},"excerpt":{"rendered":"<p>&nbsp;<\/p>\n<p class=\"\">Nero Premium Refei\u00e7\u00e3o Carne y Pollo Perros Adultos contiene en su f\u00f3rmula ingredientes seleccionados y part\u00edculas crocantes. Una alimentaci\u00f3n nutritiva y sabrosa para tu perro adulto.<\/p>\n","protected":false},"featured_media":7345,"template":"","meta":{"pgc_sgb_lightbox_settings":""},"product_brand":[],"product_cat":[43],"product_tag":[],"class_list":{"0":"post-7347","1":"product","2":"type-product","3":"status-publish","4":"has-post-thumbnail","6":"product_cat-perros","8":"first","9":"instock","10":"shipping-taxable","11":"product-type-simple"},"yoast_head":"<!-- This site is optimized with the Yoast SEO plugin v26.1.1 - https:\/\/yoast.com\/wordpress\/plugins\/seo\/ -->\n<title>Nero Premium Refei\u00e7\u00e3o Adultos - Alimento para perros Nero<\/title>\n<meta name=\"description\" content=\"Nero Premium Refei\u00e7\u00e3o para Perros Adultos contiene ingredientes de calidad seleccionados. Una alimentaci\u00f3n nutritiva y sabrosa para tu perro.\" \/>\n<meta name=\"robots\" content=\"index, follow, max-snippet:-1, max-image-preview:large, max-video-preview:-1\" \/>\n<link rel=\"canonical\" href=\"https:\/\/sadenir.com.uy\/nero\/product\/nero-premium-refeicao\/\" \/>\n<meta property=\"og:locale\" content=\"es_ES\" \/>\n<meta property=\"og:type\" content=\"article\" \/>\n<meta property=\"og:title\" content=\"Nero Premium Refei\u00e7\u00e3o Adultos - Alimento para perros Nero\" \/>\n<meta property=\"og:description\" content=\"Nero Premium Refei\u00e7\u00e3o para Perros Adultos contiene ingredientes de calidad seleccionados. Una alimentaci\u00f3n nutritiva y sabrosa para tu perro.\" \/>\n<meta property=\"og:url\" content=\"https:\/\/sadenir.com.uy\/nero\/product\/nero-premium-refeicao\/\" \/>\n<meta property=\"og:site_name\" content=\"Nero\" \/>\n<meta property=\"article:modified_time\" content=\"2020-12-01T17:24:29+00:00\" \/>\n<meta property=\"og:image\" content=\"https:\/\/sadenir.com.uy\/nero\/wp-content\/uploads\/sites\/3\/2020\/09\/NeroPremium_Refeicao-DIREITA-1.jpeg\" \/>\n\t<meta property=\"og:image:width\" content=\"1024\" \/>\n\t<meta property=\"og:image:height\" content=\"1321\" \/>\n\t<meta property=\"og:image:type\" content=\"image\/jpeg\" \/>\n<meta name=\"twitter:card\" content=\"summary_large_image\" \/>\n<meta name=\"twitter:label1\" content=\"Tiempo de lectura\" \/>\n\t<meta name=\"twitter:data1\" content=\"1 minuto\" \/>\n<script type=\"application\/ld+json\" class=\"yoast-schema-graph\">{\"@context\":\"https:\/\/schema.org\",\"@graph\":[{\"@type\":\"WebPage\",\"@id\":\"https:\/\/sadenir.com.uy\/nero\/product\/nero-premium-refeicao\/\",\"url\":\"https:\/\/sadenir.com.uy\/nero\/product\/nero-premium-refeicao\/\",\"name\":\"Nero Premium Refei\u00e7\u00e3o Adultos - Alimento para perros Nero\",\"isPartOf\":{\"@id\":\"https:\/\/sadenir.com.uy\/nero\/#website\"},\"primaryImageOfPage\":{\"@id\":\"https:\/\/sadenir.com.uy\/nero\/product\/nero-premium-refeicao\/#primaryimage\"},\"image\":{\"@id\":\"https:\/\/sadenir.com.uy\/nero\/product\/nero-premium-refeicao\/#primaryimage\"},\"thumbnailUrl\":\"https:\/\/sadenir.com.uy\/nero\/wp-content\/uploads\/sites\/3\/2020\/09\/NeroPremium_Refeicao-DIREITA-1.jpeg\",\"datePublished\":\"2020-11-27T21:10:48+00:00\",\"dateModified\":\"2020-12-01T17:24:29+00:00\",\"description\":\"Nero Premium Refei\u00e7\u00e3o para Perros Adultos contiene ingredientes de calidad seleccionados. Una alimentaci\u00f3n nutritiva y sabrosa para tu perro.\",\"breadcrumb\":{\"@id\":\"https:\/\/sadenir.com.uy\/nero\/product\/nero-premium-refeicao\/#breadcrumb\"},\"inLanguage\":\"es-AR\",\"potentialAction\":[{\"@type\":\"ReadAction\",\"target\":[\"https:\/\/sadenir.com.uy\/nero\/product\/nero-premium-refeicao\/\"]}]},{\"@type\":\"ImageObject\",\"inLanguage\":\"es-AR\",\"@id\":\"https:\/\/sadenir.com.uy\/nero\/product\/nero-premium-refeicao\/#primaryimage\",\"url\":\"https:\/\/sadenir.com.uy\/nero\/wp-content\/uploads\/sites\/3\/2020\/09\/NeroPremium_Refeicao-DIREITA-1.jpeg\",\"contentUrl\":\"https:\/\/sadenir.com.uy\/nero\/wp-content\/uploads\/sites\/3\/2020\/09\/NeroPremium_Refeicao-DIREITA-1.jpeg\",\"width\":1024,\"height\":1321,\"caption\":\"Nero Premium Refei\u00e7\u00e3o\"},{\"@type\":\"BreadcrumbList\",\"@id\":\"https:\/\/sadenir.com.uy\/nero\/product\/nero-premium-refeicao\/#breadcrumb\",\"itemListElement\":[{\"@type\":\"ListItem\",\"position\":1,\"name\":\"Inicio\",\"item\":\"https:\/\/sadenir.com.uy\/nero\/\"},{\"@type\":\"ListItem\",\"position\":2,\"name\":\"Shop\",\"item\":\"https:\/\/sadenir.com.uy\/nero\/shop\/\"},{\"@type\":\"ListItem\",\"position\":3,\"name\":\"Nero Premium Refei\u00e7\u00e3o Adultos\"}]},{\"@type\":\"WebSite\",\"@id\":\"https:\/\/sadenir.com.uy\/nero\/#website\",\"url\":\"https:\/\/sadenir.com.uy\/nero\/\",\"name\":\"Nero\",\"description\":\"Excelencia en nutrici\u00f3n\",\"potentialAction\":[{\"@type\":\"SearchAction\",\"target\":{\"@type\":\"EntryPoint\",\"urlTemplate\":\"https:\/\/sadenir.com.uy\/nero\/?s={search_term_string}\"},\"query-input\":{\"@type\":\"PropertyValueSpecification\",\"valueRequired\":true,\"valueName\":\"search_term_string\"}}],\"inLanguage\":\"es-AR\"}]}<\/script>\n<!-- \/ Yoast SEO plugin. -->","yoast_head_json":{"title":"Nero Premium Refei\u00e7\u00e3o Adultos - Alimento para perros Nero","description":"Nero Premium Refei\u00e7\u00e3o para Perros Adultos contiene ingredientes de calidad seleccionados. Una alimentaci\u00f3n nutritiva y sabrosa para tu perro.","robots":{"index":"index","follow":"follow","max-snippet":"max-snippet:-1","max-image-preview":"max-image-preview:large","max-video-preview":"max-video-preview:-1"},"canonical":"https:\/\/sadenir.com.uy\/nero\/product\/nero-premium-refeicao\/","og_locale":"es_ES","og_type":"article","og_title":"Nero Premium Refei\u00e7\u00e3o Adultos - Alimento para perros Nero","og_description":"Nero Premium Refei\u00e7\u00e3o para Perros Adultos contiene ingredientes de calidad seleccionados. Una alimentaci\u00f3n nutritiva y sabrosa para tu perro.","og_url":"https:\/\/sadenir.com.uy\/nero\/product\/nero-premium-refeicao\/","og_site_name":"Nero","article_modified_time":"2020-12-01T17:24:29+00:00","og_image":[{"width":1024,"height":1321,"url":"https:\/\/sadenir.com.uy\/nero\/wp-content\/uploads\/sites\/3\/2020\/09\/NeroPremium_Refeicao-DIREITA-1.jpeg","type":"image\/jpeg"}],"twitter_card":"summary_large_image","twitter_misc":{"Tiempo de lectura":"1 minuto"},"schema":{"@context":"https:\/\/schema.org","@graph":[{"@type":"WebPage","@id":"https:\/\/sadenir.com.uy\/nero\/product\/nero-premium-refeicao\/","url":"https:\/\/sadenir.com.uy\/nero\/product\/nero-premium-refeicao\/","name":"Nero Premium Refei\u00e7\u00e3o Adultos - Alimento para perros Nero","isPartOf":{"@id":"https:\/\/sadenir.com.uy\/nero\/#website"},"primaryImageOfPage":{"@id":"https:\/\/sadenir.com.uy\/nero\/product\/nero-premium-refeicao\/#primaryimage"},"image":{"@id":"https:\/\/sadenir.com.uy\/nero\/product\/nero-premium-refeicao\/#primaryimage"},"thumbnailUrl":"https:\/\/sadenir.com.uy\/nero\/wp-content\/uploads\/sites\/3\/2020\/09\/NeroPremium_Refeicao-DIREITA-1.jpeg","datePublished":"2020-11-27T21:10:48+00:00","dateModified":"2020-12-01T17:24:29+00:00","description":"Nero Premium Refei\u00e7\u00e3o para Perros Adultos contiene ingredientes de calidad seleccionados. Una alimentaci\u00f3n nutritiva y sabrosa para tu perro.","breadcrumb":{"@id":"https:\/\/sadenir.com.uy\/nero\/product\/nero-premium-refeicao\/#breadcrumb"},"inLanguage":"es-AR","potentialAction":[{"@type":"ReadAction","target":["https:\/\/sadenir.com.uy\/nero\/product\/nero-premium-refeicao\/"]}]},{"@type":"ImageObject","inLanguage":"es-AR","@id":"https:\/\/sadenir.com.uy\/nero\/product\/nero-premium-refeicao\/#primaryimage","url":"https:\/\/sadenir.com.uy\/nero\/wp-content\/uploads\/sites\/3\/2020\/09\/NeroPremium_Refeicao-DIREITA-1.jpeg","contentUrl":"https:\/\/sadenir.com.uy\/nero\/wp-content\/uploads\/sites\/3\/2020\/09\/NeroPremium_Refeicao-DIREITA-1.jpeg","width":1024,"height":1321,"caption":"Nero Premium Refei\u00e7\u00e3o"},{"@type":"BreadcrumbList","@id":"https:\/\/sadenir.com.uy\/nero\/product\/nero-premium-refeicao\/#breadcrumb","itemListElement":[{"@type":"ListItem","position":1,"name":"Inicio","item":"https:\/\/sadenir.com.uy\/nero\/"},{"@type":"ListItem","position":2,"name":"Shop","item":"https:\/\/sadenir.com.uy\/nero\/shop\/"},{"@type":"ListItem","position":3,"name":"Nero Premium Refei\u00e7\u00e3o Adultos"}]},{"@type":"WebSite","@id":"https:\/\/sadenir.com.uy\/nero\/#website","url":"https:\/\/sadenir.com.uy\/nero\/","name":"Nero","description":"Excelencia en nutrici\u00f3n","potentialAction":[{"@type":"SearchAction","target":{"@type":"EntryPoint","urlTemplate":"https:\/\/sadenir.com.uy\/nero\/?s={search_term_string}"},"query-input":{"@type":"PropertyValueSpecification","valueRequired":true,"valueName":"search_term_string"}}],"inLanguage":"es-AR"}]}},"_links":{"self":[{"href":"https:\/\/sadenir.com.uy\/nero\/wp-json\/wp\/v2\/product\/7347","targetHints":{"allow":["GET"]}}],"collection":[{"href":"https:\/\/sadenir.com.uy\/nero\/wp-json\/wp\/v2\/product"}],"about":[{"href":"https:\/\/sadenir.com.uy\/nero\/wp-json\/wp\/v2\/types\/product"}],"wp:featuredmedia":[{"embeddable":true,"href":"https:\/\/sadenir.com.uy\/nero\/wp-json\/wp\/v2\/media\/7345"}],"wp:attachment":[{"href":"https:\/\/sadenir.com.uy\/nero\/wp-json\/wp\/v2\/media?parent=7347"}],"wp:term":[{"taxonomy":"product_brand","embeddable":true,"href":"https:\/\/sadenir.com.uy\/nero\/wp-json\/wp\/v2\/product_brand?post=7347"},{"taxonomy":"product_cat","embeddable":true,"href":"https:\/\/sadenir.com.uy\/nero\/wp-json\/wp\/v2\/product_cat?post=7347"},{"taxonomy":"product_tag","embeddable":true,"href":"https:\/\/sadenir.com.uy\/nero\/wp-json\/wp\/v2\/product_tag?post=7347"}],"curies":[{"name":"wp","href":"https:\/\/api.w.org\/{rel}","templated":true}]}}