{"id":7348,"date":"2020-11-27T21:26:51","date_gmt":"2020-11-27T21:26:51","guid":{"rendered":"https:\/\/sadenir.com.uy\/nero\/?post_type=product&#038;p=7348"},"modified":"2020-11-27T21:27:33","modified_gmt":"2020-11-27T21:27:33","slug":"nero-premium-cachorros","status":"publish","type":"product","link":"https:\/\/sadenir.com.uy\/nero\/product\/nero-premium-cachorros\/","title":{"rendered":"Nero Premium Cachorros"},"content":{"rendered":"<h3>Indicaci\u00f3n<\/h3>\n<p>Alimento completo para cachorros en edad de crecimiento.<\/p>\n<p><strong>Para razas peque\u00f1as:<\/strong> hasta los 12 meses de edad.<\/p>\n<p><strong>Para razas medianas y grandes:<\/strong> hasta los 18 meses de edad.<\/p>\n<p><strong>Para razas gigantes:<\/strong> hasta los 24 meses de edad.<\/p>\n<h3>Ingredientes<\/h3>\n<p>Ma\u00edz integral molido**; Salvado de trigo; Harina de v\u00edsceras de aves; Harina de carne y huesos (10%); Salvado de soja*; Salvado de gluten de ma\u00edz 21**; Grasa de pollo; Hemoglobina en polvo; Cloruro de sodio (sal comum); Extracto de Yucca Schidigera (0,025%); Propionato de calcio; Aroma de leche; Hidrolizado a base de h\u00edgado suino y v\u00edsceras de aves; Aditivos antioxidantes (BHA, BHT); Vitamina A; Vitamina B12; Vitamina D3; Vitamina E; Selenito de sodio; \u00c1cido F\u00f3lico; \u00c1cido Pantot\u00e9nico; Sulfato de cobre; Sulfato Ferroso; Yodato de calcio; \u00d3xido de manganeso; Vitamina B1; Vitamina B2; Vitamina B6; Vitamina H; Vitamina K3; Vitamina PP; \u00d3xido de Zinc.<\/p>\n<p><i>* Agrobacterium tumefaciens, Arabidopsis thaliana, Bacillus thuringiensis, Streptomyces viridochromogenes.<br \/>\n** Agrobacterium tumefaciens, Bacillus thuringiensis, Streptomyces viridochromogenes, Zea mays.<\/i><\/p>\n<h3>Enriquecimiento por kg<\/h3>\n<table>\n<tbody>\n<tr>\n<td>\n<p class=\"\">Vitamina A<\/p>\n<\/td>\n<td>\n<p class=\"\">(12500 U.I.);<\/p>\n<\/td>\n<\/tr>\n<tr>\n<td>\n<p class=\"\">Vitamina B12<\/p>\n<\/td>\n<td>\n<p class=\"\">(25 mcg);<\/p>\n<\/td>\n<\/tr>\n<tr>\n<td>\n<p class=\"\">Vitamina D3<\/p>\n<\/td>\n<td>\n<p class=\"\">(685 U.I.);<\/p>\n<\/td>\n<\/tr>\n<tr>\n<td>\n<p class=\"\">Vitamina E<\/p>\n<\/td>\n<td>\n<p class=\"\">(150 U.I.);<\/p>\n<\/td>\n<\/tr>\n<tr>\n<td>\n<p class=\"\">Selenio<\/p>\n<\/td>\n<td>\n<p class=\"\">(0,1 mg);<\/p>\n<\/td>\n<\/tr>\n<tr>\n<td>\n<p class=\"\">\u00c1cido F\u00f3lico<\/p>\n<\/td>\n<td>\n<p class=\"\">(1,25 mg);<\/p>\n<\/td>\n<\/tr>\n<tr>\n<td>\n<p class=\"\">\u00c1cido Pantot\u00e9nico<\/p>\n<\/td>\n<td>\n<p class=\"\">(18,75 mg);<\/p>\n<\/td>\n<\/tr>\n<tr>\n<td>\n<p class=\"\">Cobre<\/p>\n<\/td>\n<td>\n<p class=\"\">(10 mg);<\/p>\n<\/td>\n<\/tr>\n<tr>\n<td>\n<p class=\"\">Hierro<\/p>\n<\/td>\n<td>\n<p class=\"\">(80 mg);<\/p>\n<\/td>\n<\/tr>\n<tr>\n<td>\n<p class=\"\">Yodo<\/p>\n<\/td>\n<td>\n<p class=\"\">(1,5 mg);<\/p>\n<\/td>\n<\/tr>\n<tr>\n<td>\n<p class=\"\">Manganeso<\/p>\n<\/td>\n<td>\n<p class=\"\">(10 mg);<\/p>\n<\/td>\n<\/tr>\n<tr>\n<td>\n<p class=\"\">Vitamina B1<\/p>\n<\/td>\n<td>\n<p class=\"\">(3,75 mg);<\/p>\n<\/td>\n<\/tr>\n<tr>\n<td>\n<p class=\"\">Vitamina B2<\/p>\n<\/td>\n<td>\n<p class=\"\">(7,5 mg);<\/p>\n<\/td>\n<\/tr>\n<tr>\n<td>\n<p class=\"\">Vitamina B6<\/p>\n<\/td>\n<td>\n<p class=\"\">(5 mg);<\/p>\n<\/td>\n<\/tr>\n<tr>\n<td>\n<p class=\"\">Vitamina H<\/p>\n<\/td>\n<td>\n<p class=\"\">(0,125 mg);<\/p>\n<\/td>\n<\/tr>\n<tr>\n<td>\n<p class=\"\">Vitamina K3<\/p>\n<\/td>\n<td>\n<p class=\"\">(1,625 mg);<\/p>\n<\/td>\n<\/tr>\n<tr>\n<td>\n<p class=\"\">Vitamina PP<\/p>\n<\/td>\n<td>\n<p class=\"\">(62,5 mg);<\/p>\n<\/td>\n<\/tr>\n<tr>\n<td>\n<p class=\"\">Zinc<\/p>\n<\/td>\n<td>\n<p class=\"\">(100 mg).<\/p>\n<\/td>\n<\/tr>\n<\/tbody>\n<\/table>\n<h3>Niveles de garant\u00eda<\/h3>\n<table>\n<tbody>\n<tr>\n<td>\n<p class=\"\">Humedad (m\u00e1x.)<\/p>\n<\/td>\n<td>\n<p class=\"\">120 g\/kg;<\/p>\n<\/td>\n<td>\n<p class=\"\">12%;<\/p>\n<\/td>\n<\/tr>\n<tr>\n<td>\n<p class=\"\">Prote\u00edna Bruta (m\u00edn.)<\/p>\n<\/td>\n<td>\n<p class=\"\">260 g\/kg;<\/p>\n<\/td>\n<td>\n<p class=\"\">26%;<\/p>\n<\/td>\n<\/tr>\n<tr>\n<td>\n<p class=\"\">Extracto Et\u00e9reo (m\u00edn.)<\/p>\n<\/td>\n<td>\n<p class=\"\">80 g\/kg;<\/p>\n<\/td>\n<td>\n<p class=\"\">8%;<\/p>\n<\/td>\n<\/tr>\n<tr>\n<td>\n<p class=\"\">Materia Fibrosa (m\u00e1x.)<\/p>\n<\/td>\n<td>\n<p class=\"\">50 g\/kg;<\/p>\n<\/td>\n<td>\n<p class=\"\">5%;<\/p>\n<\/td>\n<\/tr>\n<tr>\n<td>\n<p class=\"\">Materia Mineral (m\u00e1x.)<\/p>\n<\/td>\n<td>\n<p class=\"\">100 g\/kg;<\/p>\n<\/td>\n<td>\n<p class=\"\">10%;<\/p>\n<\/td>\n<\/tr>\n<tr>\n<td>\n<p class=\"\">Calcio (m\u00e1x.)<\/p>\n<\/td>\n<td>\n<p class=\"\">20 g\/kg;<\/p>\n<\/td>\n<td>\n<p class=\"\">2%;<\/p>\n<\/td>\n<\/tr>\n<tr>\n<td>\n<p class=\"\">Calcio (m\u00edn.)<\/p>\n<\/td>\n<td>\n<p class=\"\">10 g\/kg;<\/p>\n<\/td>\n<td>\n<p class=\"\">1%;<\/p>\n<\/td>\n<\/tr>\n<tr>\n<td>\n<p class=\"\">F\u00f3sforo (m\u00edn.)<\/p>\n<\/td>\n<td>\n<p class=\"\">10 g\/kg;<\/p>\n<\/td>\n<td>\n<p class=\"\">1%;<\/p>\n<\/td>\n<\/tr>\n<tr>\n<td>\n<p class=\"\">Sodio (m\u00edn.)<\/p>\n<\/td>\n<td>\n<p class=\"\">3500 mg\/kg.<\/p>\n<\/td>\n<td>\n<p class=\"\">0,35%.<\/p>\n<\/td>\n<\/tr>\n<\/tbody>\n<\/table>\n","protected":false},"excerpt":{"rendered":"<p>&nbsp;<\/p>\n<p>Nero Premium Cachorros est\u00e1 formulado con ingredientes seleccionados que contribuyen al crecimiento saludable de tu cachorro.<\/p>\n","protected":false},"featured_media":7344,"template":"","meta":{"pgc_sgb_lightbox_settings":""},"product_brand":[],"product_cat":[43],"product_tag":[],"class_list":{"0":"post-7348","1":"product","2":"type-product","3":"status-publish","4":"has-post-thumbnail","6":"product_cat-perros","8":"first","9":"instock","10":"shipping-taxable","11":"product-type-simple"},"yoast_head":"<!-- This site is optimized with the Yoast SEO plugin v26.1.1 - https:\/\/yoast.com\/wordpress\/plugins\/seo\/ -->\n<title>Nero Premium Cachorros - Alimento para cachorros Nero<\/title>\n<meta name=\"description\" content=\"Nero Premium Cachorros es un alimento para cachorros formulado con ingredientes seleccionados que contribuyen al crecimiento saludable.\" \/>\n<meta name=\"robots\" content=\"index, follow, max-snippet:-1, max-image-preview:large, max-video-preview:-1\" \/>\n<link rel=\"canonical\" href=\"https:\/\/sadenir.com.uy\/nero\/product\/nero-premium-cachorros\/\" \/>\n<meta property=\"og:locale\" content=\"es_ES\" \/>\n<meta property=\"og:type\" content=\"article\" \/>\n<meta property=\"og:title\" content=\"Nero Premium Cachorros - Alimento para cachorros Nero\" \/>\n<meta property=\"og:description\" content=\"Nero Premium Cachorros es un alimento para cachorros formulado con ingredientes seleccionados que contribuyen al crecimiento saludable.\" \/>\n<meta property=\"og:url\" content=\"https:\/\/sadenir.com.uy\/nero\/product\/nero-premium-cachorros\/\" \/>\n<meta property=\"og:site_name\" content=\"Nero\" \/>\n<meta property=\"article:modified_time\" content=\"2020-11-27T21:27:33+00:00\" \/>\n<meta property=\"og:image\" content=\"https:\/\/sadenir.com.uy\/nero\/wp-content\/uploads\/sites\/3\/2020\/09\/NeroPremium_Filhote-DIREITA-1.jpeg\" \/>\n\t<meta property=\"og:image:width\" content=\"1024\" \/>\n\t<meta property=\"og:image:height\" content=\"1321\" \/>\n\t<meta property=\"og:image:type\" content=\"image\/jpeg\" \/>\n<meta name=\"twitter:card\" content=\"summary_large_image\" \/>\n<meta name=\"twitter:label1\" content=\"Tiempo de lectura\" \/>\n\t<meta name=\"twitter:data1\" content=\"1 minuto\" \/>\n<script type=\"application\/ld+json\" class=\"yoast-schema-graph\">{\"@context\":\"https:\/\/schema.org\",\"@graph\":[{\"@type\":\"WebPage\",\"@id\":\"https:\/\/sadenir.com.uy\/nero\/product\/nero-premium-cachorros\/\",\"url\":\"https:\/\/sadenir.com.uy\/nero\/product\/nero-premium-cachorros\/\",\"name\":\"Nero Premium Cachorros - Alimento para cachorros Nero\",\"isPartOf\":{\"@id\":\"https:\/\/sadenir.com.uy\/nero\/#website\"},\"primaryImageOfPage\":{\"@id\":\"https:\/\/sadenir.com.uy\/nero\/product\/nero-premium-cachorros\/#primaryimage\"},\"image\":{\"@id\":\"https:\/\/sadenir.com.uy\/nero\/product\/nero-premium-cachorros\/#primaryimage\"},\"thumbnailUrl\":\"https:\/\/sadenir.com.uy\/nero\/wp-content\/uploads\/sites\/3\/2020\/09\/NeroPremium_Filhote-DIREITA-1.jpeg\",\"datePublished\":\"2020-11-27T21:26:51+00:00\",\"dateModified\":\"2020-11-27T21:27:33+00:00\",\"description\":\"Nero Premium Cachorros es un alimento para cachorros formulado con ingredientes seleccionados que contribuyen al crecimiento saludable.\",\"breadcrumb\":{\"@id\":\"https:\/\/sadenir.com.uy\/nero\/product\/nero-premium-cachorros\/#breadcrumb\"},\"inLanguage\":\"es-AR\",\"potentialAction\":[{\"@type\":\"ReadAction\",\"target\":[\"https:\/\/sadenir.com.uy\/nero\/product\/nero-premium-cachorros\/\"]}]},{\"@type\":\"ImageObject\",\"inLanguage\":\"es-AR\",\"@id\":\"https:\/\/sadenir.com.uy\/nero\/product\/nero-premium-cachorros\/#primaryimage\",\"url\":\"https:\/\/sadenir.com.uy\/nero\/wp-content\/uploads\/sites\/3\/2020\/09\/NeroPremium_Filhote-DIREITA-1.jpeg\",\"contentUrl\":\"https:\/\/sadenir.com.uy\/nero\/wp-content\/uploads\/sites\/3\/2020\/09\/NeroPremium_Filhote-DIREITA-1.jpeg\",\"width\":1024,\"height\":1321,\"caption\":\"Nero Premium Cachorros\"},{\"@type\":\"BreadcrumbList\",\"@id\":\"https:\/\/sadenir.com.uy\/nero\/product\/nero-premium-cachorros\/#breadcrumb\",\"itemListElement\":[{\"@type\":\"ListItem\",\"position\":1,\"name\":\"Inicio\",\"item\":\"https:\/\/sadenir.com.uy\/nero\/\"},{\"@type\":\"ListItem\",\"position\":2,\"name\":\"Shop\",\"item\":\"https:\/\/sadenir.com.uy\/nero\/shop\/\"},{\"@type\":\"ListItem\",\"position\":3,\"name\":\"Nero Premium Cachorros\"}]},{\"@type\":\"WebSite\",\"@id\":\"https:\/\/sadenir.com.uy\/nero\/#website\",\"url\":\"https:\/\/sadenir.com.uy\/nero\/\",\"name\":\"Nero\",\"description\":\"Excelencia en nutrici\u00f3n\",\"potentialAction\":[{\"@type\":\"SearchAction\",\"target\":{\"@type\":\"EntryPoint\",\"urlTemplate\":\"https:\/\/sadenir.com.uy\/nero\/?s={search_term_string}\"},\"query-input\":{\"@type\":\"PropertyValueSpecification\",\"valueRequired\":true,\"valueName\":\"search_term_string\"}}],\"inLanguage\":\"es-AR\"}]}<\/script>\n<!-- \/ Yoast SEO plugin. -->","yoast_head_json":{"title":"Nero Premium Cachorros - Alimento para cachorros Nero","description":"Nero Premium Cachorros es un alimento para cachorros formulado con ingredientes seleccionados que contribuyen al crecimiento saludable.","robots":{"index":"index","follow":"follow","max-snippet":"max-snippet:-1","max-image-preview":"max-image-preview:large","max-video-preview":"max-video-preview:-1"},"canonical":"https:\/\/sadenir.com.uy\/nero\/product\/nero-premium-cachorros\/","og_locale":"es_ES","og_type":"article","og_title":"Nero Premium Cachorros - Alimento para cachorros Nero","og_description":"Nero Premium Cachorros es un alimento para cachorros formulado con ingredientes seleccionados que contribuyen al crecimiento saludable.","og_url":"https:\/\/sadenir.com.uy\/nero\/product\/nero-premium-cachorros\/","og_site_name":"Nero","article_modified_time":"2020-11-27T21:27:33+00:00","og_image":[{"width":1024,"height":1321,"url":"https:\/\/sadenir.com.uy\/nero\/wp-content\/uploads\/sites\/3\/2020\/09\/NeroPremium_Filhote-DIREITA-1.jpeg","type":"image\/jpeg"}],"twitter_card":"summary_large_image","twitter_misc":{"Tiempo de lectura":"1 minuto"},"schema":{"@context":"https:\/\/schema.org","@graph":[{"@type":"WebPage","@id":"https:\/\/sadenir.com.uy\/nero\/product\/nero-premium-cachorros\/","url":"https:\/\/sadenir.com.uy\/nero\/product\/nero-premium-cachorros\/","name":"Nero Premium Cachorros - Alimento para cachorros Nero","isPartOf":{"@id":"https:\/\/sadenir.com.uy\/nero\/#website"},"primaryImageOfPage":{"@id":"https:\/\/sadenir.com.uy\/nero\/product\/nero-premium-cachorros\/#primaryimage"},"image":{"@id":"https:\/\/sadenir.com.uy\/nero\/product\/nero-premium-cachorros\/#primaryimage"},"thumbnailUrl":"https:\/\/sadenir.com.uy\/nero\/wp-content\/uploads\/sites\/3\/2020\/09\/NeroPremium_Filhote-DIREITA-1.jpeg","datePublished":"2020-11-27T21:26:51+00:00","dateModified":"2020-11-27T21:27:33+00:00","description":"Nero Premium Cachorros es un alimento para cachorros formulado con ingredientes seleccionados que contribuyen al crecimiento saludable.","breadcrumb":{"@id":"https:\/\/sadenir.com.uy\/nero\/product\/nero-premium-cachorros\/#breadcrumb"},"inLanguage":"es-AR","potentialAction":[{"@type":"ReadAction","target":["https:\/\/sadenir.com.uy\/nero\/product\/nero-premium-cachorros\/"]}]},{"@type":"ImageObject","inLanguage":"es-AR","@id":"https:\/\/sadenir.com.uy\/nero\/product\/nero-premium-cachorros\/#primaryimage","url":"https:\/\/sadenir.com.uy\/nero\/wp-content\/uploads\/sites\/3\/2020\/09\/NeroPremium_Filhote-DIREITA-1.jpeg","contentUrl":"https:\/\/sadenir.com.uy\/nero\/wp-content\/uploads\/sites\/3\/2020\/09\/NeroPremium_Filhote-DIREITA-1.jpeg","width":1024,"height":1321,"caption":"Nero Premium Cachorros"},{"@type":"BreadcrumbList","@id":"https:\/\/sadenir.com.uy\/nero\/product\/nero-premium-cachorros\/#breadcrumb","itemListElement":[{"@type":"ListItem","position":1,"name":"Inicio","item":"https:\/\/sadenir.com.uy\/nero\/"},{"@type":"ListItem","position":2,"name":"Shop","item":"https:\/\/sadenir.com.uy\/nero\/shop\/"},{"@type":"ListItem","position":3,"name":"Nero Premium Cachorros"}]},{"@type":"WebSite","@id":"https:\/\/sadenir.com.uy\/nero\/#website","url":"https:\/\/sadenir.com.uy\/nero\/","name":"Nero","description":"Excelencia en nutrici\u00f3n","potentialAction":[{"@type":"SearchAction","target":{"@type":"EntryPoint","urlTemplate":"https:\/\/sadenir.com.uy\/nero\/?s={search_term_string}"},"query-input":{"@type":"PropertyValueSpecification","valueRequired":true,"valueName":"search_term_string"}}],"inLanguage":"es-AR"}]}},"_links":{"self":[{"href":"https:\/\/sadenir.com.uy\/nero\/wp-json\/wp\/v2\/product\/7348","targetHints":{"allow":["GET"]}}],"collection":[{"href":"https:\/\/sadenir.com.uy\/nero\/wp-json\/wp\/v2\/product"}],"about":[{"href":"https:\/\/sadenir.com.uy\/nero\/wp-json\/wp\/v2\/types\/product"}],"wp:featuredmedia":[{"embeddable":true,"href":"https:\/\/sadenir.com.uy\/nero\/wp-json\/wp\/v2\/media\/7344"}],"wp:attachment":[{"href":"https:\/\/sadenir.com.uy\/nero\/wp-json\/wp\/v2\/media?parent=7348"}],"wp:term":[{"taxonomy":"product_brand","embeddable":true,"href":"https:\/\/sadenir.com.uy\/nero\/wp-json\/wp\/v2\/product_brand?post=7348"},{"taxonomy":"product_cat","embeddable":true,"href":"https:\/\/sadenir.com.uy\/nero\/wp-json\/wp\/v2\/product_cat?post=7348"},{"taxonomy":"product_tag","embeddable":true,"href":"https:\/\/sadenir.com.uy\/nero\/wp-json\/wp\/v2\/product_tag?post=7348"}],"curies":[{"name":"wp","href":"https:\/\/api.w.org\/{rel}","templated":true}]}}