{"id":6281,"date":"2025-01-15T19:36:53","date_gmt":"2025-01-15T22:36:53","guid":{"rendered":"https:\/\/sadenir.com.uy\/orijen\/?post_type=product&#038;p=6281"},"modified":"2026-02-05T14:28:16","modified_gmt":"2026-02-05T17:28:16","slug":"orijen-original","status":"publish","type":"product","link":"https:\/\/sadenir.com.uy\/orijen\/shop\/perros\/orijen-original\/","title":{"rendered":"Orijen Original Dog"},"content":{"rendered":"<h2>Composici\u00f3n<a href=\"https:\/\/sadenir.com.uy\/orijen\/wp-content\/uploads\/sites\/10\/2025\/01\/Screenshot-2025-02-18-173404.png\"><img fetchpriority=\"high\" decoding=\"async\" class=\"alignright wp-image-9107\" src=\"https:\/\/sadenir.com.uy\/orijen\/wp-content\/uploads\/sites\/10\/2025\/01\/Screenshot-2025-02-18-173404-300x238.png\" alt=\"\" width=\"620\" height=\"492\" srcset=\"https:\/\/sadenir.com.uy\/orijen\/wp-content\/uploads\/sites\/10\/2025\/01\/Screenshot-2025-02-18-173404-300x238.png 300w, https:\/\/sadenir.com.uy\/orijen\/wp-content\/uploads\/sites\/10\/2025\/01\/Screenshot-2025-02-18-173404.png 553w\" sizes=\"(max-width: 620px) 100vw, 620px\" \/><\/a><\/h2>\n<p>Pollo fresco, pavo crudo, menudillos de pollo fresco (h\u00edgado, coraz\u00f3n), arenque entero crudo, merluza entera cruda, huevos frescos, h\u00edgado de pavo crudo, pollo deshidratado, pavo deshidratado, caballa deshidratada, sardina deshidratada, arenque deshidratado, lentejas rojas enteras, garbanzos enteros, guisantes enteros, grasa de pollo, lentejas verdes enteras, jud\u00edas pintas enteras, guisantes amarillos enteros, fibra de lentejas, aceite de abadejo, almid\u00f3n de guisantes, alga kelp deshidratada, calabaza entera fresca, calabaza butternut entera fresca, calabacines enteros frescos, zanahorias enteras frescas, manzanas enteras frescas, peras enteras frescas, ra\u00edz de achicoria deshidratada, col rizada fresca, espinacas frescas, hojas de remolacha frescas, grelos frescos, ar\u00e1ndanos rojos enteros, ar\u00e1ndanos azules enteros, bayas de saskatoon enteras, c\u00farcuma, cardo lechoso, ra\u00edz de bardana, lavanda, ra\u00edz de malvavisco, escaramujos.<\/p>\n<p>ADITIVOS (por kg) Aditivos tecnol\u00f3gicos: Extracto de tocoferol de aceites vegetales, \u00e1cido c\u00edtrico. Aditivos organol\u00e9pticos: Extracto de romero. Aditivos nutricionales: 3b606 (zinc), 3b406 (cobre), 3a821 vitamina B1, 3a672a vitamina A, 3a671 vitamina D3, 3a700 vitamina E. Aditivos zoot\u00e9cnicos: 4b1707 Enterococcus faecium NCIMB 10415 1&#215;10^9 UFC.<\/p>\n<p>La energ\u00eda metabolizable es de 3860\u00a0kcal\/kg (463\u00a0kcal por taza de 250\u00a0ml\/120\u00a0g). Calor\u00edas distribuidas para mantener unas condiciones \u00f3ptimas, de las cuales un 39% provienen de las prote\u00ednas, un 19% de los hidratos de carbono y un 42% de las grasas. | ORIJEN\u2122 Original Dog est\u00e1 formulado para cumplir las recomendaciones nutricionales establecidas por FEDIAF para los alimentos de perros en todas las etapas de la vida, excepto para el crecimiento del cachorro de gran dan\u00e9s con menos de 14\u00a0semanas. Guardar en un lugar fresco y seco. No apto para consumo humano.<\/p>\n","protected":false},"excerpt":{"rendered":"<p><span style=\"color: #000000;\">ORIJEN Original dieta rica en prote\u00ednas para perros es la mejor opci\u00f3n para brindar a tu mascota una nutrici\u00f3n Biol\u00f3gicamente Apropiada\u2122. Ayuda a tu perro a prosperar con la energ\u00eda de las recetas ricas en prote\u00ednas, que proporcionan la m\u00e1xima nutrici\u00f3n. Los perros son ancestralmente carn\u00edvoros, as\u00ed que necesitan una dieta Biologically Appropriate\u2122 (Biol\u00f3gicamente Apropiada) rica y variada en ingredientes enteros de origen animal. La dieta ORIJEN<sup>\u2122<\/sup>\u00a0Original ofrece un 85%<sup>1<\/sup>\u00a0de ingredientes de origen animal de calidad como pollo y pavo frescos o crudos, as\u00ed como pescado salvaje o de piscicultura sostenible. Rico en ingredientes de origen animal de presa entera como \u00f3rganos y huesos, ORIJEN\u2122 Original est\u00e1 elaborado con las partes suculentas y nutritivas de la presa, para proporcionar la nutrici\u00f3n que los perros necesitan. El resultado es una dieta para tu perro que no tiene comparaci\u00f3n.<\/span><\/p>\n<ul>\n<li><span style=\"color: #000000;\">Los 5 primeros ingredientes son ingredientes de aves y pescado frescos o crudos<sup>2<\/sup>.<\/span><\/li>\n<li><span style=\"color: #000000;\">85%<sup>1<\/sup>\u00a0de ingredientes de aves y pescado de calidad, que proporcionan una rica fuente de prote\u00ednas, vitaminas y minerales esenciales.<\/span><\/li>\n<li><span style=\"color: #000000;\">Nuestra aut\u00e9ntica dieta de presa entera se caracteriza por contener las partes suculentas de la presa como pollo o pescado, \u00f3rganos y huesos para imitar lo que los ancestros de tu perro consum\u00edan en la naturaleza.<\/span><\/li>\n<li><span style=\"color: #000000;\">Recubrimiento liofilizado para una explosi\u00f3n de sabor que a tu perro le encantar\u00e1.<\/span><\/li>\n<li><span style=\"color: #000000;\">Elaborado en Canad\u00e1 con los mejores ingredientes del mundo.<\/span><\/li>\n<li><span style=\"color: #000000;\">Ingredientes sin cereales\u2074.<\/span><\/li>\n<\/ul>\n<p><span style=\"color: #000000;\"><small><sup>1<\/sup>Aproximado y derivado del estado no procesado de los ingredientes.\u00a0<sup>2<\/sup>Nuestros ingredientes frescos se someten a refrigeraci\u00f3n como \u00fanico m\u00e9todo de conservaci\u00f3n y nuestros ingredientes crudos se congelan en el punto m\u00e1ximo de frescura.<sup>4<\/sup>Producido en una instalaci\u00f3n que tambi\u00e9n procesa cereales.<\/small><\/span><\/p>\n<p><span class=\"title\">Tama\u00f1os disponibles:<\/span><span class=\"sizes lowercase\">\u00a02kg \/ 6kg \/ 10.6kg<\/span><\/p>\n","protected":false},"featured_media":6283,"template":"","meta":{"pgc_sgb_lightbox_settings":""},"product_brand":[],"product_cat":[37],"product_tag":[],"class_list":{"0":"post-6281","1":"product","2":"type-product","3":"status-publish","4":"has-post-thumbnail","6":"product_cat-perros","8":"first","9":"instock","10":"shipping-taxable","11":"product-type-simple"},"yoast_head":"<!-- This site is optimized with the Yoast SEO plugin v26.1.1 - https:\/\/yoast.com\/wordpress\/plugins\/seo\/ -->\n<title>ORIJEN Original: Dieta Rica en Prote\u00ednas para Perros<\/title>\n<meta name=\"description\" content=\"ORIJEN Original dieta rica en prote\u00ednas para perros, elaborada con un 85% de ingredientes de origen animal. Nutrici\u00f3n Biol\u00f3gicamente Apropiada\u2122 para tu mascota.\" \/>\n<meta name=\"robots\" content=\"index, follow, max-snippet:-1, max-image-preview:large, max-video-preview:-1\" \/>\n<link rel=\"canonical\" href=\"https:\/\/sadenir.com.uy\/orijen\/shop\/perros\/orijen-original\/\" \/>\n<meta property=\"og:locale\" content=\"es_ES\" \/>\n<meta property=\"og:type\" content=\"article\" \/>\n<meta property=\"og:title\" content=\"ORIJEN Original: Dieta Rica en Prote\u00ednas para Perros\" \/>\n<meta property=\"og:description\" content=\"ORIJEN Original dieta rica en prote\u00ednas para perros, elaborada con un 85% de ingredientes de origen animal. Nutrici\u00f3n Biol\u00f3gicamente Apropiada\u2122 para tu mascota.\" \/>\n<meta property=\"og:url\" content=\"https:\/\/sadenir.com.uy\/orijen\/shop\/perros\/orijen-original\/\" \/>\n<meta property=\"og:site_name\" content=\"Orijen\" \/>\n<meta property=\"article:modified_time\" content=\"2026-02-05T17:28:16+00:00\" \/>\n<meta property=\"og:image\" content=\"https:\/\/sadenir.com.uy\/orijen\/wp-content\/uploads\/sites\/10\/2025\/01\/Original-1.png\" \/>\n\t<meta property=\"og:image:width\" content=\"450\" \/>\n\t<meta property=\"og:image:height\" content=\"647\" \/>\n\t<meta property=\"og:image:type\" content=\"image\/png\" \/>\n<meta name=\"twitter:card\" content=\"summary_large_image\" \/>\n<meta name=\"twitter:label1\" content=\"Tiempo de lectura\" \/>\n\t<meta name=\"twitter:data1\" content=\"2 minutos\" \/>\n<script type=\"application\/ld+json\" class=\"yoast-schema-graph\">{\"@context\":\"https:\/\/schema.org\",\"@graph\":[{\"@type\":\"WebPage\",\"@id\":\"https:\/\/sadenir.com.uy\/orijen\/shop\/perros\/orijen-original\/\",\"url\":\"https:\/\/sadenir.com.uy\/orijen\/shop\/perros\/orijen-original\/\",\"name\":\"ORIJEN Original: Dieta Rica en Prote\u00ednas para Perros\",\"isPartOf\":{\"@id\":\"https:\/\/sadenir.com.uy\/orijen\/#website\"},\"primaryImageOfPage\":{\"@id\":\"https:\/\/sadenir.com.uy\/orijen\/shop\/perros\/orijen-original\/#primaryimage\"},\"image\":{\"@id\":\"https:\/\/sadenir.com.uy\/orijen\/shop\/perros\/orijen-original\/#primaryimage\"},\"thumbnailUrl\":\"https:\/\/sadenir.com.uy\/orijen\/wp-content\/uploads\/sites\/10\/2025\/01\/Original-1.png\",\"datePublished\":\"2025-01-15T22:36:53+00:00\",\"dateModified\":\"2026-02-05T17:28:16+00:00\",\"description\":\"ORIJEN Original dieta rica en prote\u00ednas para perros, elaborada con un 85% de ingredientes de origen animal. Nutrici\u00f3n Biol\u00f3gicamente Apropiada\u2122 para tu mascota.\",\"breadcrumb\":{\"@id\":\"https:\/\/sadenir.com.uy\/orijen\/shop\/perros\/orijen-original\/#breadcrumb\"},\"inLanguage\":\"es-AR\",\"potentialAction\":[{\"@type\":\"ReadAction\",\"target\":[\"https:\/\/sadenir.com.uy\/orijen\/shop\/perros\/orijen-original\/\"]}]},{\"@type\":\"ImageObject\",\"inLanguage\":\"es-AR\",\"@id\":\"https:\/\/sadenir.com.uy\/orijen\/shop\/perros\/orijen-original\/#primaryimage\",\"url\":\"https:\/\/sadenir.com.uy\/orijen\/wp-content\/uploads\/sites\/10\/2025\/01\/Original-1.png\",\"contentUrl\":\"https:\/\/sadenir.com.uy\/orijen\/wp-content\/uploads\/sites\/10\/2025\/01\/Original-1.png\",\"width\":450,\"height\":647},{\"@type\":\"BreadcrumbList\",\"@id\":\"https:\/\/sadenir.com.uy\/orijen\/shop\/perros\/orijen-original\/#breadcrumb\",\"itemListElement\":[{\"@type\":\"ListItem\",\"position\":1,\"name\":\"Inicio\",\"item\":\"https:\/\/sadenir.com.uy\/orijen\/\"},{\"@type\":\"ListItem\",\"position\":2,\"name\":\"Products\",\"item\":\"https:\/\/sadenir.com.uy\/orijen\/shop\/\"},{\"@type\":\"ListItem\",\"position\":3,\"name\":\"Orijen Original Dog\"}]},{\"@type\":\"WebSite\",\"@id\":\"https:\/\/sadenir.com.uy\/orijen\/#website\",\"url\":\"https:\/\/sadenir.com.uy\/orijen\/\",\"name\":\"Orijen\",\"description\":\"Nutre como lo har\u00eda la naturaleza\",\"potentialAction\":[{\"@type\":\"SearchAction\",\"target\":{\"@type\":\"EntryPoint\",\"urlTemplate\":\"https:\/\/sadenir.com.uy\/orijen\/?s={search_term_string}\"},\"query-input\":{\"@type\":\"PropertyValueSpecification\",\"valueRequired\":true,\"valueName\":\"search_term_string\"}}],\"inLanguage\":\"es-AR\"}]}<\/script>\n<!-- \/ Yoast SEO plugin. -->","yoast_head_json":{"title":"ORIJEN Original: Dieta Rica en Prote\u00ednas para Perros","description":"ORIJEN Original dieta rica en prote\u00ednas para perros, elaborada con un 85% de ingredientes de origen animal. Nutrici\u00f3n Biol\u00f3gicamente Apropiada\u2122 para tu mascota.","robots":{"index":"index","follow":"follow","max-snippet":"max-snippet:-1","max-image-preview":"max-image-preview:large","max-video-preview":"max-video-preview:-1"},"canonical":"https:\/\/sadenir.com.uy\/orijen\/shop\/perros\/orijen-original\/","og_locale":"es_ES","og_type":"article","og_title":"ORIJEN Original: Dieta Rica en Prote\u00ednas para Perros","og_description":"ORIJEN Original dieta rica en prote\u00ednas para perros, elaborada con un 85% de ingredientes de origen animal. Nutrici\u00f3n Biol\u00f3gicamente Apropiada\u2122 para tu mascota.","og_url":"https:\/\/sadenir.com.uy\/orijen\/shop\/perros\/orijen-original\/","og_site_name":"Orijen","article_modified_time":"2026-02-05T17:28:16+00:00","og_image":[{"width":450,"height":647,"url":"https:\/\/sadenir.com.uy\/orijen\/wp-content\/uploads\/sites\/10\/2025\/01\/Original-1.png","type":"image\/png"}],"twitter_card":"summary_large_image","twitter_misc":{"Tiempo de lectura":"2 minutos"},"schema":{"@context":"https:\/\/schema.org","@graph":[{"@type":"WebPage","@id":"https:\/\/sadenir.com.uy\/orijen\/shop\/perros\/orijen-original\/","url":"https:\/\/sadenir.com.uy\/orijen\/shop\/perros\/orijen-original\/","name":"ORIJEN Original: Dieta Rica en Prote\u00ednas para Perros","isPartOf":{"@id":"https:\/\/sadenir.com.uy\/orijen\/#website"},"primaryImageOfPage":{"@id":"https:\/\/sadenir.com.uy\/orijen\/shop\/perros\/orijen-original\/#primaryimage"},"image":{"@id":"https:\/\/sadenir.com.uy\/orijen\/shop\/perros\/orijen-original\/#primaryimage"},"thumbnailUrl":"https:\/\/sadenir.com.uy\/orijen\/wp-content\/uploads\/sites\/10\/2025\/01\/Original-1.png","datePublished":"2025-01-15T22:36:53+00:00","dateModified":"2026-02-05T17:28:16+00:00","description":"ORIJEN Original dieta rica en prote\u00ednas para perros, elaborada con un 85% de ingredientes de origen animal. Nutrici\u00f3n Biol\u00f3gicamente Apropiada\u2122 para tu mascota.","breadcrumb":{"@id":"https:\/\/sadenir.com.uy\/orijen\/shop\/perros\/orijen-original\/#breadcrumb"},"inLanguage":"es-AR","potentialAction":[{"@type":"ReadAction","target":["https:\/\/sadenir.com.uy\/orijen\/shop\/perros\/orijen-original\/"]}]},{"@type":"ImageObject","inLanguage":"es-AR","@id":"https:\/\/sadenir.com.uy\/orijen\/shop\/perros\/orijen-original\/#primaryimage","url":"https:\/\/sadenir.com.uy\/orijen\/wp-content\/uploads\/sites\/10\/2025\/01\/Original-1.png","contentUrl":"https:\/\/sadenir.com.uy\/orijen\/wp-content\/uploads\/sites\/10\/2025\/01\/Original-1.png","width":450,"height":647},{"@type":"BreadcrumbList","@id":"https:\/\/sadenir.com.uy\/orijen\/shop\/perros\/orijen-original\/#breadcrumb","itemListElement":[{"@type":"ListItem","position":1,"name":"Inicio","item":"https:\/\/sadenir.com.uy\/orijen\/"},{"@type":"ListItem","position":2,"name":"Products","item":"https:\/\/sadenir.com.uy\/orijen\/shop\/"},{"@type":"ListItem","position":3,"name":"Orijen Original Dog"}]},{"@type":"WebSite","@id":"https:\/\/sadenir.com.uy\/orijen\/#website","url":"https:\/\/sadenir.com.uy\/orijen\/","name":"Orijen","description":"Nutre como lo har\u00eda la naturaleza","potentialAction":[{"@type":"SearchAction","target":{"@type":"EntryPoint","urlTemplate":"https:\/\/sadenir.com.uy\/orijen\/?s={search_term_string}"},"query-input":{"@type":"PropertyValueSpecification","valueRequired":true,"valueName":"search_term_string"}}],"inLanguage":"es-AR"}]}},"_links":{"self":[{"href":"https:\/\/sadenir.com.uy\/orijen\/wp-json\/wp\/v2\/product\/6281","targetHints":{"allow":["GET"]}}],"collection":[{"href":"https:\/\/sadenir.com.uy\/orijen\/wp-json\/wp\/v2\/product"}],"about":[{"href":"https:\/\/sadenir.com.uy\/orijen\/wp-json\/wp\/v2\/types\/product"}],"wp:featuredmedia":[{"embeddable":true,"href":"https:\/\/sadenir.com.uy\/orijen\/wp-json\/wp\/v2\/media\/6283"}],"wp:attachment":[{"href":"https:\/\/sadenir.com.uy\/orijen\/wp-json\/wp\/v2\/media?parent=6281"}],"wp:term":[{"taxonomy":"product_brand","embeddable":true,"href":"https:\/\/sadenir.com.uy\/orijen\/wp-json\/wp\/v2\/product_brand?post=6281"},{"taxonomy":"product_cat","embeddable":true,"href":"https:\/\/sadenir.com.uy\/orijen\/wp-json\/wp\/v2\/product_cat?post=6281"},{"taxonomy":"product_tag","embeddable":true,"href":"https:\/\/sadenir.com.uy\/orijen\/wp-json\/wp\/v2\/product_tag?post=6281"}],"curies":[{"name":"wp","href":"https:\/\/api.w.org\/{rel}","templated":true}]}}