{"id":6300,"date":"2025-01-16T14:48:44","date_gmt":"2025-01-16T17:48:44","guid":{"rendered":"https:\/\/sadenir.com.uy\/orijen\/?post_type=product&#038;p=6300"},"modified":"2026-02-05T14:26:04","modified_gmt":"2026-02-05T17:26:04","slug":"orijen-six-fish","status":"publish","type":"product","link":"https:\/\/sadenir.com.uy\/orijen\/shop\/perros\/orijen-six-fish\/","title":{"rendered":"Orijen Six Fish\u2122 Dog"},"content":{"rendered":"<div class=\"description-and-detail\">\n<h2>Composici\u00f3n<\/h2>\n<p><a href=\"https:\/\/sadenir.com.uy\/orijen\/wp-content\/uploads\/sites\/10\/2025\/01\/Screenshot-2025-02-18-172020.png\"><img fetchpriority=\"high\" decoding=\"async\" class=\"alignright wp-image-9105\" src=\"https:\/\/sadenir.com.uy\/orijen\/wp-content\/uploads\/sites\/10\/2025\/01\/Screenshot-2025-02-18-172020-300x236.png\" alt=\"\" width=\"620\" height=\"487\" srcset=\"https:\/\/sadenir.com.uy\/orijen\/wp-content\/uploads\/sites\/10\/2025\/01\/Screenshot-2025-02-18-172020-300x236.png 300w, https:\/\/sadenir.com.uy\/orijen\/wp-content\/uploads\/sites\/10\/2025\/01\/Screenshot-2025-02-18-172020.png 552w\" sizes=\"(max-width: 620px) 100vw, 620px\" \/><\/a>Sardina entera cruda, caballa entera cruda, merluza entera cruda, platija cruda, pez roca entero crudo, lenguado entero crudo, caballa deshidratada, arenque deshidratado, pescado blanco deshidratado, sardina deshidratada, bacaladilla deshidratada, aceite de arenque, lentejas rojas enteras, guisantes enteros, fibra de lentejas, jud\u00edas pintas enteras, almid\u00f3n de guisantes, aceite de girasol, alga kelp deshidratada, calabaza entera fresca, calabaza butternut entera fresca, calabacines enteros frescos, zanahorias enteras frescas, manzanas enteras frescas, peras enteras frescas, ra\u00edz de achicoria deshidratada, col rizada fresca, espinacas frescas, hojas de remolacha frescas, grelos frescos, ar\u00e1ndanos rojos enteros, ar\u00e1ndanos azules enteros, bayas de saskatoon enteras, c\u00farcuma, cardo lechoso, ra\u00edz de bardana, lavanda, ra\u00edz de malvavisco, escaramujos<\/p>\n<p>ADITIVOS (por kg) Aditivos tecnol\u00f3gicos: Extracto de tocoferol de aceites vegetales, \u00e1cido c\u00edtrico. Aditivos organol\u00e9pticos: Extracto de romero. Aditivos nutricionales: 3b606 (zinc), 3b406 (cobre), 3a821 vitamina B1, 3a700 vitamina E. Aditivos zoot\u00e9cnicos: 4b1707 Enterococcus faecium NCIMB 10415 1&#215;10^9 UFC.<\/p>\n<p>La energ\u00eda metabolizable es de 3880\u00a0kcal\/kg (466\u00a0kcal por taza de 250\u00a0ml\/120\u00a0g). Calor\u00edas distribuidas para mantener unas condiciones \u00f3ptimas, de las cuales un 39% provienen de las prote\u00ednas, un 19% de los hidratos de carbono y un 42% de las grasas. | ORIJEN\u2122 Six Fish\u2122 Dog Food est\u00e1 formulado para cumplir las recomendaciones nutricionales establecidas por FEDIAF para los alimentos de perros en todas las etapas de la vida, excepto para el crecimiento del cachorro de gran dan\u00e9s con menos de 14\u00a0semanas. Guardar en un lugar fresco y seco. No apto para consumo humano.<\/p>\n<p>&nbsp;<\/p>\n<p>&nbsp;<\/p>\n<\/div>\n<div class=\"product-details-footer\">\n<div class=\"product-unit\">\n<div class=\"box boxKG\"><\/div>\n<\/div>\n<\/div>\n","protected":false},"excerpt":{"rendered":"<div class=\"description-and-detail\">\n<p>Ayuda a tu perro a prosperar con la energ\u00eda de las recetas ricas en prote\u00ednas, que proporcionan la m\u00e1xima nutrici\u00f3n. Los perros son ancestralmente carn\u00edvoros, as\u00ed que necesitan una dieta Biologically Appropriate\u2122 (Biol\u00f3gicamente Apropiada) rica y variada en ingredientes enteros de origen animal. La dieta ORIJEN<sup>\u2122<\/sup>\u00a0Six Fish\u2122 est\u00e1 elaborada con una variedad de deliciosos pescados, que incluye sardina, caballa, merluza, platija, pez roca y lenguado\u00a0<sup>1<\/sup>. Rico en ingredientes de origen animal de presa entera como \u00f3rganos y espinas, ORIJEN\u2122 Six Fish\u2122 est\u00e1 elaborado con las partes suculentas y nutritivas de la presa, para proporcionar la nutrici\u00f3n que los perros necesitan. Con un 85%<sup>2<\/sup> de ingredientes de pescado de calidad y un recubrimiento de h\u00edgado liofilizado, esta dieta no tiene comparaci\u00f3n.<\/p>\n<p>Adem\u00e1s, su f\u00f3rmula rica en \u00e1cidos grasos omega ayuda a mantener una piel sana y un pelaje brillante, favoreciendo la salud dermatol\u00f3gica de tu perro. Su composici\u00f3n sin prote\u00edna de pollo la convierte en una excelente opci\u00f3n para perros con alergias alimentarias a esta prote\u00edna.<\/p>\n<ul>\n<li>Los 6 primeros ingredientes son ingredientes de pescado crudo<sup>1<\/sup>.<\/li>\n<li>85%<sup>2<\/sup>\u00a0de ingredientes de pescado de calidad, que proporcionan una rica fuente de prote\u00ednas, vitaminas y minerales esenciales.<\/li>\n<li>Nuestra aut\u00e9ntica dieta de presa entera se caracteriza por contener las partes suculentas del pescado como la carne y las espinas para imitar lo que los ancestros de tu perro consum\u00edan en la naturaleza.<\/li>\n<li>Recubrimiento liofilizado para una explosi\u00f3n de sabor que a tu perro le encantar\u00e1.<\/li>\n<li>Elaborado en Estados Unidos con los mejores ingredientes del mundo.<\/li>\n<li>Ingredientes sin cereales\u2074.<\/li>\n<\/ul>\n<p><small><sup>1<\/sup>Nuestros ingredientes crudos se congelan en el punto m\u00e1ximo de frescura.\u00a0<sup>2<\/sup>Aproximado y derivado del estado no procesado de los ingredientes.<sup>4<\/sup>Producido en una instalaci\u00f3n que tambi\u00e9n procesa cereales.<\/small><\/p>\n<\/div>\n<div><\/div>\n<div class=\"product-details-footer\">\n<div class=\"product-sizes\"><span class=\"title\">Tama\u00f1os disponibles:<\/span><span class=\"sizes lowercase\">\u00a02kg \/ 6kg \/ 10.6kg<\/span><\/div>\n<\/div>\n","protected":false},"featured_media":6301,"template":"","meta":{"pgc_sgb_lightbox_settings":""},"product_brand":[],"product_cat":[37],"product_tag":[],"class_list":{"0":"post-6300","1":"product","2":"type-product","3":"status-publish","4":"has-post-thumbnail","6":"product_cat-perros","8":"first","9":"instock","10":"shipping-taxable","11":"product-type-simple"},"yoast_head":"<!-- This site is optimized with the Yoast SEO plugin v26.1.1 - https:\/\/yoast.com\/wordpress\/plugins\/seo\/ -->\n<title>ORIJEN Six Fish\u2122: Comida Rica en Pescado para Perros<\/title>\n<meta name=\"description\" content=\"ORIJEN\u2122 Six Fish est\u00e1 elaborada con 85% de ingredientes de pescado de calidad, incluyendo sardina, caballa y merluza. Rica en prote\u00ednas y sin cereales, ofrece una dieta Biol\u00f3gicamente Apropiada\u2122 que imita la alimentaci\u00f3n ancestral de tu perro.\" \/>\n<meta name=\"robots\" content=\"index, follow, max-snippet:-1, max-image-preview:large, max-video-preview:-1\" \/>\n<link rel=\"canonical\" href=\"https:\/\/sadenir.com.uy\/orijen\/shop\/perros\/orijen-six-fish\/\" \/>\n<meta property=\"og:locale\" content=\"es_ES\" \/>\n<meta property=\"og:type\" content=\"article\" \/>\n<meta property=\"og:title\" content=\"ORIJEN Six Fish\u2122: Comida Rica en Pescado para Perros\" \/>\n<meta property=\"og:description\" content=\"ORIJEN\u2122 Six Fish est\u00e1 elaborada con 85% de ingredientes de pescado de calidad, incluyendo sardina, caballa y merluza. Rica en prote\u00ednas y sin cereales, ofrece una dieta Biol\u00f3gicamente Apropiada\u2122 que imita la alimentaci\u00f3n ancestral de tu perro.\" \/>\n<meta property=\"og:url\" content=\"https:\/\/sadenir.com.uy\/orijen\/shop\/perros\/orijen-six-fish\/\" \/>\n<meta property=\"og:site_name\" content=\"Orijen\" \/>\n<meta property=\"article:modified_time\" content=\"2026-02-05T17:26:04+00:00\" \/>\n<meta property=\"og:image\" content=\"https:\/\/sadenir.com.uy\/orijen\/wp-content\/uploads\/sites\/10\/2025\/01\/Six-Fish-1.png\" \/>\n\t<meta property=\"og:image:width\" content=\"450\" \/>\n\t<meta property=\"og:image:height\" content=\"647\" \/>\n\t<meta property=\"og:image:type\" content=\"image\/png\" \/>\n<meta name=\"twitter:card\" content=\"summary_large_image\" \/>\n<meta name=\"twitter:label1\" content=\"Tiempo de lectura\" \/>\n\t<meta name=\"twitter:data1\" content=\"2 minutos\" \/>\n<script type=\"application\/ld+json\" class=\"yoast-schema-graph\">{\"@context\":\"https:\/\/schema.org\",\"@graph\":[{\"@type\":\"WebPage\",\"@id\":\"https:\/\/sadenir.com.uy\/orijen\/shop\/perros\/orijen-six-fish\/\",\"url\":\"https:\/\/sadenir.com.uy\/orijen\/shop\/perros\/orijen-six-fish\/\",\"name\":\"ORIJEN Six Fish\u2122: Comida Rica en Pescado para Perros\",\"isPartOf\":{\"@id\":\"https:\/\/sadenir.com.uy\/orijen\/#website\"},\"primaryImageOfPage\":{\"@id\":\"https:\/\/sadenir.com.uy\/orijen\/shop\/perros\/orijen-six-fish\/#primaryimage\"},\"image\":{\"@id\":\"https:\/\/sadenir.com.uy\/orijen\/shop\/perros\/orijen-six-fish\/#primaryimage\"},\"thumbnailUrl\":\"https:\/\/sadenir.com.uy\/orijen\/wp-content\/uploads\/sites\/10\/2025\/01\/Six-Fish-1.png\",\"datePublished\":\"2025-01-16T17:48:44+00:00\",\"dateModified\":\"2026-02-05T17:26:04+00:00\",\"description\":\"ORIJEN\u2122 Six Fish est\u00e1 elaborada con 85% de ingredientes de pescado de calidad, incluyendo sardina, caballa y merluza. Rica en prote\u00ednas y sin cereales, ofrece una dieta Biol\u00f3gicamente Apropiada\u2122 que imita la alimentaci\u00f3n ancestral de tu perro.\",\"breadcrumb\":{\"@id\":\"https:\/\/sadenir.com.uy\/orijen\/shop\/perros\/orijen-six-fish\/#breadcrumb\"},\"inLanguage\":\"es-AR\",\"potentialAction\":[{\"@type\":\"ReadAction\",\"target\":[\"https:\/\/sadenir.com.uy\/orijen\/shop\/perros\/orijen-six-fish\/\"]}]},{\"@type\":\"ImageObject\",\"inLanguage\":\"es-AR\",\"@id\":\"https:\/\/sadenir.com.uy\/orijen\/shop\/perros\/orijen-six-fish\/#primaryimage\",\"url\":\"https:\/\/sadenir.com.uy\/orijen\/wp-content\/uploads\/sites\/10\/2025\/01\/Six-Fish-1.png\",\"contentUrl\":\"https:\/\/sadenir.com.uy\/orijen\/wp-content\/uploads\/sites\/10\/2025\/01\/Six-Fish-1.png\",\"width\":450,\"height\":647},{\"@type\":\"BreadcrumbList\",\"@id\":\"https:\/\/sadenir.com.uy\/orijen\/shop\/perros\/orijen-six-fish\/#breadcrumb\",\"itemListElement\":[{\"@type\":\"ListItem\",\"position\":1,\"name\":\"Inicio\",\"item\":\"https:\/\/sadenir.com.uy\/orijen\/\"},{\"@type\":\"ListItem\",\"position\":2,\"name\":\"Products\",\"item\":\"https:\/\/sadenir.com.uy\/orijen\/shop\/\"},{\"@type\":\"ListItem\",\"position\":3,\"name\":\"Orijen Six Fish\u2122 Dog\"}]},{\"@type\":\"WebSite\",\"@id\":\"https:\/\/sadenir.com.uy\/orijen\/#website\",\"url\":\"https:\/\/sadenir.com.uy\/orijen\/\",\"name\":\"Orijen\",\"description\":\"Nutre como lo har\u00eda la naturaleza\",\"potentialAction\":[{\"@type\":\"SearchAction\",\"target\":{\"@type\":\"EntryPoint\",\"urlTemplate\":\"https:\/\/sadenir.com.uy\/orijen\/?s={search_term_string}\"},\"query-input\":{\"@type\":\"PropertyValueSpecification\",\"valueRequired\":true,\"valueName\":\"search_term_string\"}}],\"inLanguage\":\"es-AR\"}]}<\/script>\n<!-- \/ Yoast SEO plugin. -->","yoast_head_json":{"title":"ORIJEN Six Fish\u2122: Comida Rica en Pescado para Perros","description":"ORIJEN\u2122 Six Fish est\u00e1 elaborada con 85% de ingredientes de pescado de calidad, incluyendo sardina, caballa y merluza. Rica en prote\u00ednas y sin cereales, ofrece una dieta Biol\u00f3gicamente Apropiada\u2122 que imita la alimentaci\u00f3n ancestral de tu perro.","robots":{"index":"index","follow":"follow","max-snippet":"max-snippet:-1","max-image-preview":"max-image-preview:large","max-video-preview":"max-video-preview:-1"},"canonical":"https:\/\/sadenir.com.uy\/orijen\/shop\/perros\/orijen-six-fish\/","og_locale":"es_ES","og_type":"article","og_title":"ORIJEN Six Fish\u2122: Comida Rica en Pescado para Perros","og_description":"ORIJEN\u2122 Six Fish est\u00e1 elaborada con 85% de ingredientes de pescado de calidad, incluyendo sardina, caballa y merluza. Rica en prote\u00ednas y sin cereales, ofrece una dieta Biol\u00f3gicamente Apropiada\u2122 que imita la alimentaci\u00f3n ancestral de tu perro.","og_url":"https:\/\/sadenir.com.uy\/orijen\/shop\/perros\/orijen-six-fish\/","og_site_name":"Orijen","article_modified_time":"2026-02-05T17:26:04+00:00","og_image":[{"width":450,"height":647,"url":"https:\/\/sadenir.com.uy\/orijen\/wp-content\/uploads\/sites\/10\/2025\/01\/Six-Fish-1.png","type":"image\/png"}],"twitter_card":"summary_large_image","twitter_misc":{"Tiempo de lectura":"2 minutos"},"schema":{"@context":"https:\/\/schema.org","@graph":[{"@type":"WebPage","@id":"https:\/\/sadenir.com.uy\/orijen\/shop\/perros\/orijen-six-fish\/","url":"https:\/\/sadenir.com.uy\/orijen\/shop\/perros\/orijen-six-fish\/","name":"ORIJEN Six Fish\u2122: Comida Rica en Pescado para Perros","isPartOf":{"@id":"https:\/\/sadenir.com.uy\/orijen\/#website"},"primaryImageOfPage":{"@id":"https:\/\/sadenir.com.uy\/orijen\/shop\/perros\/orijen-six-fish\/#primaryimage"},"image":{"@id":"https:\/\/sadenir.com.uy\/orijen\/shop\/perros\/orijen-six-fish\/#primaryimage"},"thumbnailUrl":"https:\/\/sadenir.com.uy\/orijen\/wp-content\/uploads\/sites\/10\/2025\/01\/Six-Fish-1.png","datePublished":"2025-01-16T17:48:44+00:00","dateModified":"2026-02-05T17:26:04+00:00","description":"ORIJEN\u2122 Six Fish est\u00e1 elaborada con 85% de ingredientes de pescado de calidad, incluyendo sardina, caballa y merluza. Rica en prote\u00ednas y sin cereales, ofrece una dieta Biol\u00f3gicamente Apropiada\u2122 que imita la alimentaci\u00f3n ancestral de tu perro.","breadcrumb":{"@id":"https:\/\/sadenir.com.uy\/orijen\/shop\/perros\/orijen-six-fish\/#breadcrumb"},"inLanguage":"es-AR","potentialAction":[{"@type":"ReadAction","target":["https:\/\/sadenir.com.uy\/orijen\/shop\/perros\/orijen-six-fish\/"]}]},{"@type":"ImageObject","inLanguage":"es-AR","@id":"https:\/\/sadenir.com.uy\/orijen\/shop\/perros\/orijen-six-fish\/#primaryimage","url":"https:\/\/sadenir.com.uy\/orijen\/wp-content\/uploads\/sites\/10\/2025\/01\/Six-Fish-1.png","contentUrl":"https:\/\/sadenir.com.uy\/orijen\/wp-content\/uploads\/sites\/10\/2025\/01\/Six-Fish-1.png","width":450,"height":647},{"@type":"BreadcrumbList","@id":"https:\/\/sadenir.com.uy\/orijen\/shop\/perros\/orijen-six-fish\/#breadcrumb","itemListElement":[{"@type":"ListItem","position":1,"name":"Inicio","item":"https:\/\/sadenir.com.uy\/orijen\/"},{"@type":"ListItem","position":2,"name":"Products","item":"https:\/\/sadenir.com.uy\/orijen\/shop\/"},{"@type":"ListItem","position":3,"name":"Orijen Six Fish\u2122 Dog"}]},{"@type":"WebSite","@id":"https:\/\/sadenir.com.uy\/orijen\/#website","url":"https:\/\/sadenir.com.uy\/orijen\/","name":"Orijen","description":"Nutre como lo har\u00eda la naturaleza","potentialAction":[{"@type":"SearchAction","target":{"@type":"EntryPoint","urlTemplate":"https:\/\/sadenir.com.uy\/orijen\/?s={search_term_string}"},"query-input":{"@type":"PropertyValueSpecification","valueRequired":true,"valueName":"search_term_string"}}],"inLanguage":"es-AR"}]}},"_links":{"self":[{"href":"https:\/\/sadenir.com.uy\/orijen\/wp-json\/wp\/v2\/product\/6300","targetHints":{"allow":["GET"]}}],"collection":[{"href":"https:\/\/sadenir.com.uy\/orijen\/wp-json\/wp\/v2\/product"}],"about":[{"href":"https:\/\/sadenir.com.uy\/orijen\/wp-json\/wp\/v2\/types\/product"}],"wp:featuredmedia":[{"embeddable":true,"href":"https:\/\/sadenir.com.uy\/orijen\/wp-json\/wp\/v2\/media\/6301"}],"wp:attachment":[{"href":"https:\/\/sadenir.com.uy\/orijen\/wp-json\/wp\/v2\/media?parent=6300"}],"wp:term":[{"taxonomy":"product_brand","embeddable":true,"href":"https:\/\/sadenir.com.uy\/orijen\/wp-json\/wp\/v2\/product_brand?post=6300"},{"taxonomy":"product_cat","embeddable":true,"href":"https:\/\/sadenir.com.uy\/orijen\/wp-json\/wp\/v2\/product_cat?post=6300"},{"taxonomy":"product_tag","embeddable":true,"href":"https:\/\/sadenir.com.uy\/orijen\/wp-json\/wp\/v2\/product_tag?post=6300"}],"curies":[{"name":"wp","href":"https:\/\/api.w.org\/{rel}","templated":true}]}}