{"id":6306,"date":"2025-01-16T14:52:59","date_gmt":"2025-01-16T17:52:59","guid":{"rendered":"https:\/\/sadenir.com.uy\/orijen\/?post_type=product&#038;p=6306"},"modified":"2026-02-05T14:25:25","modified_gmt":"2026-02-05T17:25:25","slug":"orijen-fit-trim","status":"publish","type":"product","link":"https:\/\/sadenir.com.uy\/orijen\/shop\/perros\/adultos\/orijen-fit-trim\/","title":{"rendered":"Orijen Fit &#038; Trim Dog"},"content":{"rendered":"<div class=\"description-and-detail\"><\/div>\n<div class=\"product-details-footer\">\n<div class=\"product-sizes\">\n<h2>Composici\u00f3n<\/h2>\n<p><a href=\"https:\/\/sadenir.com.uy\/orijen\/wp-content\/uploads\/sites\/10\/2025\/01\/Screenshot-2025-02-18-170916.png\"><img fetchpriority=\"high\" decoding=\"async\" class=\"alignright wp-image-9104\" src=\"https:\/\/sadenir.com.uy\/orijen\/wp-content\/uploads\/sites\/10\/2025\/01\/Screenshot-2025-02-18-170916.png\" alt=\"\" width=\"620\" height=\"492\" srcset=\"https:\/\/sadenir.com.uy\/orijen\/wp-content\/uploads\/sites\/10\/2025\/01\/Screenshot-2025-02-18-170916.png 551w, https:\/\/sadenir.com.uy\/orijen\/wp-content\/uploads\/sites\/10\/2025\/01\/Screenshot-2025-02-18-170916-300x238.png 300w\" sizes=\"(max-width: 620px) 100vw, 620px\" \/><\/a>Pollo fresco, arenque entero crudo, pavo crudo, menudillos de pollo frescos (h\u00edgado, coraz\u00f3n), merluza entera cruda, caballa entera cruda, huevos frescos, pollo deshidratado, caballa deshidratada, sardina deshidratada, arenque deshidratado, pavo deshidratado, pescado blanco deshidratado, fibra de lentejas, jud\u00edas pintas enteras, jud\u00edas blancas enteras, garbanzos enteros, lentejas rojas enteras, lentejas verdes enteras, guisantes enteros, almid\u00f3n de guisantes, h\u00edgado de pavo crudo, grasa de pollo, fibra de manzana, algas (fuente de DHA), alga kelp deshidratada, calabaza entera fresca, calabaza butternut entera fresca, calabacines enteros frescos, zanahorias enteras frescas, manzanas enteras frescas, peras enteras frescas, ra\u00edz de achicoria deshidratada, col rizada fresca, espinacas frescas, hojas de remolacha frescas, grelos frescos, ar\u00e1ndanos rojos enteros, ar\u00e1ndanos azules enteros, bayas de saskatoon enteras, c\u00farcuma, cardo lechoso, ra\u00edz de bardana, lavanda, ra\u00edz de malvavisco, escaramujos.<\/p>\n<p>ADITIVOS (por kg) Aditivos tecnol\u00f3gicos: Extracto de tocoferol de aceites vegetales, \u00e1cido c\u00edtrico. Aditivos organol\u00e9pticos: Extracto de romero. Aditivos nutricionales: 3b606 (zinc), 3b406 (cobre), 3a821 vitamina B1, 3a825i vitamina B2, 3a314 vitamina B3, 3a841 vitamina B5, 3a831 vitamina B6, 3a316 vitamina B9, vitamin B12, 3a700 vitamina E. Aditivos zoot\u00e9cnicos: 4b1707 Enterococcus faecium NCIMB 10415 1&#215;10^9 UFC.<\/p>\n<p>La energ\u00eda metabolizable es de 3530\u00a0kcal\/kg (425\u00a0kcal por taza de 250\u00a0ml\/120\u00a0g). Calor\u00edas distribuidas para mantener unas condiciones \u00f3ptimas, de las cuales un 45% provienen de las prote\u00ednas, un 22% de los hidratos de carbono y un 33% de las grasas. | ORIJEN\u2122 Fit &amp; Trim Dog est\u00e1 formulado para cumplir las recomendaciones nutricionales establecidas por FEDIAF para los alimentos de perros adultos en mantenimiento. Guardar en un lugar fresco y seco. No apto para consumo humano.<\/p>\n<p>&nbsp;<\/p>\n<p>&nbsp;<\/p>\n<\/div>\n<\/div>\n","protected":false},"excerpt":{"rendered":"<div class=\"description-and-detail\">\n<p>Ayuda a tu perro a prosperar con la energ\u00eda de las recetas ricas en prote\u00ednas, que proporcionan la m\u00e1xima nutrici\u00f3n. Los perros son ancestralmente carn\u00edvoros, as\u00ed que necesitan una dieta Biologically Appropriate\u2122 (Biol\u00f3gicamente Apropiada) rica y variada en ingredientes enteros de origen animal. La dieta ORIJEN<sup>\u2122<\/sup>\u00a0Fit &amp; Trim est\u00e1 optimizada para favorecer una masa muscular magra y est\u00e1 dise\u00f1ada espec\u00edficamente para contribuir al mejor estado f\u00edsico. Rico en ingredientes de origen animal de presa entera como \u00f3rganos y huesos, ORIJEN\u2122 Fit &amp; Trim est\u00e1 elaborado con las partes suculentas y nutritivas de la presa, para proporcionar la nutrici\u00f3n que los perros necesitan. Con un 85%<sup>1<\/sup>\u00a0de ingredientes de aves y pescado de calidad y un recubrimiento de h\u00edgado liofilizado, esta dieta no tiene comparaci\u00f3n.<\/p>\n<ul>\n<li>Los 5 primeros ingredientes son ingredientes de aves y pescado frescos o crudos<sup>2<\/sup>.<\/li>\n<li>85%<sup>1<\/sup>\u00a0de ingredientes de aves y pescado de calidad, que proporcionan una rica fuente de prote\u00ednas, vitaminas y minerales esenciales.<\/li>\n<li>Nuestra aut\u00e9ntica dieta de presa entera se caracteriza por contener las partes suculentas de la presa como pollo o pescado, \u00f3rganos y huesos para imitar lo que los ancestros de tu perro consum\u00edan en la naturaleza.<\/li>\n<li>Recubrimiento liofilizado para una explosi\u00f3n de sabor que a tu perro le encantar\u00e1.<\/li>\n<li>Elaborado en Estados Unidos con los mejores ingredientes del mundo.<\/li>\n<li>Ingredientes sin cereales\u2074.<\/li>\n<\/ul>\n<p><small><sup>1<\/sup>Aproximado y derivado del estado no procesado de los ingredientes.\u00a0<sup>2<\/sup>Nuestros ingredientes frescos se someten a refrigeraci\u00f3n como \u00fanico m\u00e9todo de conservaci\u00f3n y nuestros ingredientes crudos se congelan en el punto m\u00e1ximo de frescura.<sup>4<\/sup>Producido en una instalaci\u00f3n que tambi\u00e9n procesa cereales.<\/small><\/p>\n<\/div>\n<div class=\"product-details-footer\">\n<div class=\"product-sizes\"><span class=\"title\">Tama\u00f1os disponibles: <\/span><span class=\"sizes lowercase\">2kg \/ 6kg \/ 10.6kg<\/span><\/div>\n<\/div>\n","protected":false},"featured_media":6307,"template":"","meta":{"pgc_sgb_lightbox_settings":""},"product_brand":[],"product_cat":[40,37],"product_tag":[],"class_list":{"0":"post-6306","1":"product","2":"type-product","3":"status-publish","4":"has-post-thumbnail","6":"product_cat-adultos","7":"product_cat-perros","9":"first","10":"instock","11":"shipping-taxable","12":"product-type-simple"},"yoast_head":"<!-- This site is optimized with the Yoast SEO plugin v26.1.1 - https:\/\/yoast.com\/wordpress\/plugins\/seo\/ -->\n<title>ORIJEN Fit &amp; Trim: Comida para Mantener a tu Perro Saludable.<\/title>\n<meta name=\"description\" content=\"ORIJEN\u2122 Fit &amp; Trim es una dieta rica en prote\u00ednas dise\u00f1ada para perros que necesitan mantener un peso saludable. Con un 85% de ingredientes de origen animal como pollo, pescado y \u00f3rganos, sin cereales, y con un recubrimiento liofilizado para un sabor irresistible.\" \/>\n<meta name=\"robots\" content=\"index, follow, max-snippet:-1, max-image-preview:large, max-video-preview:-1\" \/>\n<link rel=\"canonical\" href=\"https:\/\/sadenir.com.uy\/orijen\/shop\/perros\/adultos\/orijen-fit-trim\/\" \/>\n<meta property=\"og:locale\" content=\"es_ES\" \/>\n<meta property=\"og:type\" content=\"article\" \/>\n<meta property=\"og:title\" content=\"ORIJEN Fit &amp; Trim: Comida para Mantener a tu Perro Saludable.\" \/>\n<meta property=\"og:description\" content=\"ORIJEN\u2122 Fit &amp; Trim es una dieta rica en prote\u00ednas dise\u00f1ada para perros que necesitan mantener un peso saludable. Con un 85% de ingredientes de origen animal como pollo, pescado y \u00f3rganos, sin cereales, y con un recubrimiento liofilizado para un sabor irresistible.\" \/>\n<meta property=\"og:url\" content=\"https:\/\/sadenir.com.uy\/orijen\/shop\/perros\/adultos\/orijen-fit-trim\/\" \/>\n<meta property=\"og:site_name\" content=\"Orijen\" \/>\n<meta property=\"article:modified_time\" content=\"2026-02-05T17:25:25+00:00\" \/>\n<meta property=\"og:image\" content=\"https:\/\/sadenir.com.uy\/orijen\/wp-content\/uploads\/sites\/10\/2025\/01\/Fit-Trim-1.png\" \/>\n\t<meta property=\"og:image:width\" content=\"450\" \/>\n\t<meta property=\"og:image:height\" content=\"647\" \/>\n\t<meta property=\"og:image:type\" content=\"image\/png\" \/>\n<meta name=\"twitter:card\" content=\"summary_large_image\" \/>\n<meta name=\"twitter:label1\" content=\"Tiempo de lectura\" \/>\n\t<meta name=\"twitter:data1\" content=\"2 minutos\" \/>\n<script type=\"application\/ld+json\" class=\"yoast-schema-graph\">{\"@context\":\"https:\/\/schema.org\",\"@graph\":[{\"@type\":\"WebPage\",\"@id\":\"https:\/\/sadenir.com.uy\/orijen\/shop\/perros\/adultos\/orijen-fit-trim\/\",\"url\":\"https:\/\/sadenir.com.uy\/orijen\/shop\/perros\/adultos\/orijen-fit-trim\/\",\"name\":\"ORIJEN Fit & Trim: Comida para Mantener a tu Perro Saludable.\",\"isPartOf\":{\"@id\":\"https:\/\/sadenir.com.uy\/orijen\/#website\"},\"primaryImageOfPage\":{\"@id\":\"https:\/\/sadenir.com.uy\/orijen\/shop\/perros\/adultos\/orijen-fit-trim\/#primaryimage\"},\"image\":{\"@id\":\"https:\/\/sadenir.com.uy\/orijen\/shop\/perros\/adultos\/orijen-fit-trim\/#primaryimage\"},\"thumbnailUrl\":\"https:\/\/sadenir.com.uy\/orijen\/wp-content\/uploads\/sites\/10\/2025\/01\/Fit-Trim-1.png\",\"datePublished\":\"2025-01-16T17:52:59+00:00\",\"dateModified\":\"2026-02-05T17:25:25+00:00\",\"description\":\"ORIJEN\u2122 Fit & Trim es una dieta rica en prote\u00ednas dise\u00f1ada para perros que necesitan mantener un peso saludable. Con un 85% de ingredientes de origen animal como pollo, pescado y \u00f3rganos, sin cereales, y con un recubrimiento liofilizado para un sabor irresistible.\",\"breadcrumb\":{\"@id\":\"https:\/\/sadenir.com.uy\/orijen\/shop\/perros\/adultos\/orijen-fit-trim\/#breadcrumb\"},\"inLanguage\":\"es-AR\",\"potentialAction\":[{\"@type\":\"ReadAction\",\"target\":[\"https:\/\/sadenir.com.uy\/orijen\/shop\/perros\/adultos\/orijen-fit-trim\/\"]}]},{\"@type\":\"ImageObject\",\"inLanguage\":\"es-AR\",\"@id\":\"https:\/\/sadenir.com.uy\/orijen\/shop\/perros\/adultos\/orijen-fit-trim\/#primaryimage\",\"url\":\"https:\/\/sadenir.com.uy\/orijen\/wp-content\/uploads\/sites\/10\/2025\/01\/Fit-Trim-1.png\",\"contentUrl\":\"https:\/\/sadenir.com.uy\/orijen\/wp-content\/uploads\/sites\/10\/2025\/01\/Fit-Trim-1.png\",\"width\":450,\"height\":647},{\"@type\":\"BreadcrumbList\",\"@id\":\"https:\/\/sadenir.com.uy\/orijen\/shop\/perros\/adultos\/orijen-fit-trim\/#breadcrumb\",\"itemListElement\":[{\"@type\":\"ListItem\",\"position\":1,\"name\":\"Inicio\",\"item\":\"https:\/\/sadenir.com.uy\/orijen\/\"},{\"@type\":\"ListItem\",\"position\":2,\"name\":\"Products\",\"item\":\"https:\/\/sadenir.com.uy\/orijen\/shop\/\"},{\"@type\":\"ListItem\",\"position\":3,\"name\":\"Orijen Fit &#038; Trim Dog\"}]},{\"@type\":\"WebSite\",\"@id\":\"https:\/\/sadenir.com.uy\/orijen\/#website\",\"url\":\"https:\/\/sadenir.com.uy\/orijen\/\",\"name\":\"Orijen\",\"description\":\"Nutre como lo har\u00eda la naturaleza\",\"potentialAction\":[{\"@type\":\"SearchAction\",\"target\":{\"@type\":\"EntryPoint\",\"urlTemplate\":\"https:\/\/sadenir.com.uy\/orijen\/?s={search_term_string}\"},\"query-input\":{\"@type\":\"PropertyValueSpecification\",\"valueRequired\":true,\"valueName\":\"search_term_string\"}}],\"inLanguage\":\"es-AR\"}]}<\/script>\n<!-- \/ Yoast SEO plugin. -->","yoast_head_json":{"title":"ORIJEN Fit & Trim: Comida para Mantener a tu Perro Saludable.","description":"ORIJEN\u2122 Fit & Trim es una dieta rica en prote\u00ednas dise\u00f1ada para perros que necesitan mantener un peso saludable. Con un 85% de ingredientes de origen animal como pollo, pescado y \u00f3rganos, sin cereales, y con un recubrimiento liofilizado para un sabor irresistible.","robots":{"index":"index","follow":"follow","max-snippet":"max-snippet:-1","max-image-preview":"max-image-preview:large","max-video-preview":"max-video-preview:-1"},"canonical":"https:\/\/sadenir.com.uy\/orijen\/shop\/perros\/adultos\/orijen-fit-trim\/","og_locale":"es_ES","og_type":"article","og_title":"ORIJEN Fit & Trim: Comida para Mantener a tu Perro Saludable.","og_description":"ORIJEN\u2122 Fit & Trim es una dieta rica en prote\u00ednas dise\u00f1ada para perros que necesitan mantener un peso saludable. Con un 85% de ingredientes de origen animal como pollo, pescado y \u00f3rganos, sin cereales, y con un recubrimiento liofilizado para un sabor irresistible.","og_url":"https:\/\/sadenir.com.uy\/orijen\/shop\/perros\/adultos\/orijen-fit-trim\/","og_site_name":"Orijen","article_modified_time":"2026-02-05T17:25:25+00:00","og_image":[{"width":450,"height":647,"url":"https:\/\/sadenir.com.uy\/orijen\/wp-content\/uploads\/sites\/10\/2025\/01\/Fit-Trim-1.png","type":"image\/png"}],"twitter_card":"summary_large_image","twitter_misc":{"Tiempo de lectura":"2 minutos"},"schema":{"@context":"https:\/\/schema.org","@graph":[{"@type":"WebPage","@id":"https:\/\/sadenir.com.uy\/orijen\/shop\/perros\/adultos\/orijen-fit-trim\/","url":"https:\/\/sadenir.com.uy\/orijen\/shop\/perros\/adultos\/orijen-fit-trim\/","name":"ORIJEN Fit & Trim: Comida para Mantener a tu Perro Saludable.","isPartOf":{"@id":"https:\/\/sadenir.com.uy\/orijen\/#website"},"primaryImageOfPage":{"@id":"https:\/\/sadenir.com.uy\/orijen\/shop\/perros\/adultos\/orijen-fit-trim\/#primaryimage"},"image":{"@id":"https:\/\/sadenir.com.uy\/orijen\/shop\/perros\/adultos\/orijen-fit-trim\/#primaryimage"},"thumbnailUrl":"https:\/\/sadenir.com.uy\/orijen\/wp-content\/uploads\/sites\/10\/2025\/01\/Fit-Trim-1.png","datePublished":"2025-01-16T17:52:59+00:00","dateModified":"2026-02-05T17:25:25+00:00","description":"ORIJEN\u2122 Fit & Trim es una dieta rica en prote\u00ednas dise\u00f1ada para perros que necesitan mantener un peso saludable. Con un 85% de ingredientes de origen animal como pollo, pescado y \u00f3rganos, sin cereales, y con un recubrimiento liofilizado para un sabor irresistible.","breadcrumb":{"@id":"https:\/\/sadenir.com.uy\/orijen\/shop\/perros\/adultos\/orijen-fit-trim\/#breadcrumb"},"inLanguage":"es-AR","potentialAction":[{"@type":"ReadAction","target":["https:\/\/sadenir.com.uy\/orijen\/shop\/perros\/adultos\/orijen-fit-trim\/"]}]},{"@type":"ImageObject","inLanguage":"es-AR","@id":"https:\/\/sadenir.com.uy\/orijen\/shop\/perros\/adultos\/orijen-fit-trim\/#primaryimage","url":"https:\/\/sadenir.com.uy\/orijen\/wp-content\/uploads\/sites\/10\/2025\/01\/Fit-Trim-1.png","contentUrl":"https:\/\/sadenir.com.uy\/orijen\/wp-content\/uploads\/sites\/10\/2025\/01\/Fit-Trim-1.png","width":450,"height":647},{"@type":"BreadcrumbList","@id":"https:\/\/sadenir.com.uy\/orijen\/shop\/perros\/adultos\/orijen-fit-trim\/#breadcrumb","itemListElement":[{"@type":"ListItem","position":1,"name":"Inicio","item":"https:\/\/sadenir.com.uy\/orijen\/"},{"@type":"ListItem","position":2,"name":"Products","item":"https:\/\/sadenir.com.uy\/orijen\/shop\/"},{"@type":"ListItem","position":3,"name":"Orijen Fit &#038; Trim Dog"}]},{"@type":"WebSite","@id":"https:\/\/sadenir.com.uy\/orijen\/#website","url":"https:\/\/sadenir.com.uy\/orijen\/","name":"Orijen","description":"Nutre como lo har\u00eda la naturaleza","potentialAction":[{"@type":"SearchAction","target":{"@type":"EntryPoint","urlTemplate":"https:\/\/sadenir.com.uy\/orijen\/?s={search_term_string}"},"query-input":{"@type":"PropertyValueSpecification","valueRequired":true,"valueName":"search_term_string"}}],"inLanguage":"es-AR"}]}},"_links":{"self":[{"href":"https:\/\/sadenir.com.uy\/orijen\/wp-json\/wp\/v2\/product\/6306","targetHints":{"allow":["GET"]}}],"collection":[{"href":"https:\/\/sadenir.com.uy\/orijen\/wp-json\/wp\/v2\/product"}],"about":[{"href":"https:\/\/sadenir.com.uy\/orijen\/wp-json\/wp\/v2\/types\/product"}],"wp:featuredmedia":[{"embeddable":true,"href":"https:\/\/sadenir.com.uy\/orijen\/wp-json\/wp\/v2\/media\/6307"}],"wp:attachment":[{"href":"https:\/\/sadenir.com.uy\/orijen\/wp-json\/wp\/v2\/media?parent=6306"}],"wp:term":[{"taxonomy":"product_brand","embeddable":true,"href":"https:\/\/sadenir.com.uy\/orijen\/wp-json\/wp\/v2\/product_brand?post=6306"},{"taxonomy":"product_cat","embeddable":true,"href":"https:\/\/sadenir.com.uy\/orijen\/wp-json\/wp\/v2\/product_cat?post=6306"},{"taxonomy":"product_tag","embeddable":true,"href":"https:\/\/sadenir.com.uy\/orijen\/wp-json\/wp\/v2\/product_tag?post=6306"}],"curies":[{"name":"wp","href":"https:\/\/api.w.org\/{rel}","templated":true}]}}