{"id":6318,"date":"2025-01-16T15:07:45","date_gmt":"2025-01-16T18:07:45","guid":{"rendered":"https:\/\/sadenir.com.uy\/orijen\/?post_type=product&#038;p=6318"},"modified":"2026-02-05T14:18:28","modified_gmt":"2026-02-05T17:18:28","slug":"orijen-kitten","status":"publish","type":"product","link":"https:\/\/sadenir.com.uy\/orijen\/shop\/gatos\/gatitos\/orijen-kitten\/","title":{"rendered":"Orijen Kitten"},"content":{"rendered":"<h2>Beneficios<br \/>\n<a href=\"https:\/\/sadenir.com.uy\/orijen\/wp-content\/uploads\/sites\/10\/2025\/01\/Screenshot-2025-02-11-101651.png\"><img fetchpriority=\"high\" decoding=\"async\" class=\"aligncenter wp-image-9083 size-full\" src=\"https:\/\/sadenir.com.uy\/orijen\/wp-content\/uploads\/sites\/10\/2025\/01\/Screenshot-2025-02-11-101651.png\" alt=\"\" width=\"1171\" height=\"143\" srcset=\"https:\/\/sadenir.com.uy\/orijen\/wp-content\/uploads\/sites\/10\/2025\/01\/Screenshot-2025-02-11-101651.png 1171w, https:\/\/sadenir.com.uy\/orijen\/wp-content\/uploads\/sites\/10\/2025\/01\/Screenshot-2025-02-11-101651-300x37.png 300w, https:\/\/sadenir.com.uy\/orijen\/wp-content\/uploads\/sites\/10\/2025\/01\/Screenshot-2025-02-11-101651-1024x125.png 1024w, https:\/\/sadenir.com.uy\/orijen\/wp-content\/uploads\/sites\/10\/2025\/01\/Screenshot-2025-02-11-101651-768x94.png 768w, https:\/\/sadenir.com.uy\/orijen\/wp-content\/uploads\/sites\/10\/2025\/01\/Screenshot-2025-02-11-101651-600x73.png 600w\" sizes=\"(max-width: 1171px) 100vw, 1171px\" \/><\/a><\/h2>\n<h2>Composici\u00f3n<\/h2>\n<p><a href=\"https:\/\/sadenir.com.uy\/orijen\/wp-content\/uploads\/sites\/10\/2025\/01\/Screenshot-2025-02-18-175044.png\"><img decoding=\"async\" class=\"wp-image-9113 alignright\" src=\"https:\/\/sadenir.com.uy\/orijen\/wp-content\/uploads\/sites\/10\/2025\/01\/Screenshot-2025-02-18-175044-300x239.png\" alt=\"\" width=\"620\" height=\"493\" srcset=\"https:\/\/sadenir.com.uy\/orijen\/wp-content\/uploads\/sites\/10\/2025\/01\/Screenshot-2025-02-18-175044-300x239.png 300w, https:\/\/sadenir.com.uy\/orijen\/wp-content\/uploads\/sites\/10\/2025\/01\/Screenshot-2025-02-18-175044.png 552w\" sizes=\"(max-width: 620px) 100vw, 620px\" \/><\/a>Pollo fresco, pavo crudo, salm\u00f3n crudo, arenque entero crudo, menudillos de pollo frescos (h\u00edgado, coraz\u00f3n), h\u00edgado de pavo crudo, caballa entera cruda, huevos frescos, pollo deshidratado, pavo deshidratado, arenque deshidratado, h\u00edgado de pollo deshidratado, huevo deshidratado, lentejas rojas enteras, guisantes enteros, aceite de abadejo, garbanzos enteros, lentejas verdes enteras, jud\u00edas pintas enteras, jud\u00edas blancas enteras, almid\u00f3n de guisantes, hierba Miscanthus molida, grasa de pollo, calabaza entera fresca, calabaza butternut entera fresca, alga kelp deshidratada, ra\u00edz de achicoria deshidratada, manzanas enteras frescas, zanahorias enteras frescas, peras enteras frescas, calabacines enteros frescos, hojas de remolacha frescas, col rizada fresca, espinacas frescas, grelos frescos, ar\u00e1ndanos rojos enteros, ar\u00e1ndanos azules enteros, bayas de saskatoon enteras, ra\u00edz de bardana, lavanda, ra\u00edz de malvavisco, cardo lechoso, escaramujos, c\u00farcuma.<\/p>\n<p>ADITIVOS (por kg) Aditivos tecnol\u00f3gicos: Extracto de tocoferol de aceites vegetales, \u00e1cido c\u00edtrico. Aditivos organol\u00e9pticos: Extracto de romero. Aditivos nutricionales: 3a890 cloruro de colina (colina), 3a370 taurina, 3b606 (zinc), 3b406 (cobre), 3a821 vitamina B1, 3a825i vitamina B2, 3a314 vitamina B3, 3a841 vitamina B5, 3a831 vitamina B6, 3a880 vitamina B7, 3a316 vitamina B9, vitamina B12, vitamina E. Aditivos zoot\u00e9cnicos: 4b1707 Enterococcus faecium NCIMB 10415 1&#215;10^9 UFC<\/p>\n<p>El alimento ORIJEN\u2122 Kitten est\u00e1 formulado para cumplir los requerimientos nutricionales establecidos por FEDIAF para los alimentos de gatitos en crecimiento. Guardar en un lugar fresco y seco. No apto para consumo humano.<\/p>\n<p>&nbsp;<\/p>\n<p>&nbsp;<\/p>\n","protected":false},"excerpt":{"rendered":"<div class=\"description-and-detail\">\n<p>La dieta ORIJEN<sup>\u2122<\/sup>\u00a0Kitten est\u00e1 formulada especialmente para aportar a tu gatito los nutrientes que necesita para crecer sano y fuerte. Con un 90%<sup>1<\/sup>\u00a0de ingredientes de origen animal de calidad como pollo, pavo y salm\u00f3n, que ayudan al desarrollo muscular del gatito en crecimiento. Tambi\u00e9n contiene 15 ingredientes frescos o crudos<sup>2<\/sup>, incluyendo ingredientes de presa entera como carne, \u00f3rganos y huesos, las partes suculentas y nutritivas de la presa. Esta dieta ayuda al desarrollo cerebral y la funci\u00f3n cognitiva de tu gatito con DHA y EPA de origen natural, de salm\u00f3n, arenque entero, caballa y aceite de abadejo.\u00a0Ingredientes sin cereales<sup>3<\/sup>.<\/p>\n<p>&nbsp;<\/p>\n<p><b>Nutre como lo har\u00eda la naturaleza <sup>\u2122<\/sup><\/b><\/p>\n<ul>\n<li>Los 5 primeros ingredientes son ingredientes de aves y pescado frescos o crudos<sup>2<\/sup>.<\/li>\n<li>Contribuye a la digesti\u00f3n del gatito con prebi\u00f3ticos como la ra\u00edz de achicoria deshidratada y fuentes naturales de fibra como la calabaza entera, la col rizada, manzanas y peras enteras.<\/li>\n<li>2\/3 de cada saco incluyen ingredientes frescos o crudos.<\/li>\n<li>Croquetas de tama\u00f1o m\u00e1s peque\u00f1o dise\u00f1adas especialmente para gatitos.<\/li>\n<\/ul>\n<p><sup>1<\/sup>Aproximado y derivado del estado no procesado de los ingredientes. <sup>2<\/sup>Nuestros ingredientes se someten a refrigeraci\u00f3n como \u00fanico m\u00e9todo de conservaci\u00f3n y nuestros ingredientes crudos se congelan en el punto m\u00e1ximo de frescura.\u00a0<em>Producido en una instalaci\u00f3n que tambi\u00e9n procesa cereales<sup>3<\/sup>.<\/em><\/p>\n<p>&nbsp;<\/p>\n<\/div>\n<div class=\"product-details-footer\">\n<div class=\"product-sizes\"><span class=\"title\">Tama\u00f1os disponibles:<\/span><span class=\"sizes lowercase\">\u00a01.8kg<\/span><\/div>\n<\/div>\n","protected":false},"featured_media":6321,"template":"","meta":{"pgc_sgb_lightbox_settings":""},"product_brand":[],"product_cat":[41,38],"product_tag":[],"class_list":{"0":"post-6318","1":"product","2":"type-product","3":"status-publish","4":"has-post-thumbnail","6":"product_cat-gatitos","7":"product_cat-gatos","9":"first","10":"instock","11":"shipping-taxable","12":"product-type-simple"},"yoast_head":"<!-- This site is optimized with the Yoast SEO plugin v26.1.1 - https:\/\/yoast.com\/wordpress\/plugins\/seo\/ -->\n<title>ORIJEN Kitten: Comida Rica en Nutrientes para Gatitos<\/title>\n<meta name=\"description\" content=\"ORIJEN\u2122 Kitten es una dieta especialmente formulada para gatitos, con un 90% de ingredientes de origen animal de calidad como pollo, pavo y salm\u00f3n. Con DHA y EPA para el desarrollo cerebral, prebi\u00f3ticos para la digesti\u00f3n y croquetas dise\u00f1adas para gatitos. Sin cereales.\" \/>\n<meta name=\"robots\" content=\"index, follow, max-snippet:-1, max-image-preview:large, max-video-preview:-1\" \/>\n<link rel=\"canonical\" href=\"https:\/\/sadenir.com.uy\/orijen\/shop\/gatos\/gatitos\/orijen-kitten\/\" \/>\n<meta property=\"og:locale\" content=\"es_ES\" \/>\n<meta property=\"og:type\" content=\"article\" \/>\n<meta property=\"og:title\" content=\"ORIJEN Kitten: Comida Rica en Nutrientes para Gatitos\" \/>\n<meta property=\"og:description\" content=\"ORIJEN\u2122 Kitten es una dieta especialmente formulada para gatitos, con un 90% de ingredientes de origen animal de calidad como pollo, pavo y salm\u00f3n. Con DHA y EPA para el desarrollo cerebral, prebi\u00f3ticos para la digesti\u00f3n y croquetas dise\u00f1adas para gatitos. Sin cereales.\" \/>\n<meta property=\"og:url\" content=\"https:\/\/sadenir.com.uy\/orijen\/shop\/gatos\/gatitos\/orijen-kitten\/\" \/>\n<meta property=\"og:site_name\" content=\"Orijen\" \/>\n<meta property=\"article:modified_time\" content=\"2026-02-05T17:18:28+00:00\" \/>\n<meta property=\"og:image\" content=\"https:\/\/sadenir.com.uy\/orijen\/wp-content\/uploads\/sites\/10\/2025\/01\/ORIJEN-Kitten-Front-Right-1.8kg-EMEA-APAC.png\" \/>\n\t<meta property=\"og:image:width\" content=\"450\" \/>\n\t<meta property=\"og:image:height\" content=\"646\" \/>\n\t<meta property=\"og:image:type\" content=\"image\/png\" \/>\n<meta name=\"twitter:card\" content=\"summary_large_image\" \/>\n<meta name=\"twitter:label1\" content=\"Tiempo de lectura\" \/>\n\t<meta name=\"twitter:data1\" content=\"2 minutos\" \/>\n<script type=\"application\/ld+json\" class=\"yoast-schema-graph\">{\"@context\":\"https:\/\/schema.org\",\"@graph\":[{\"@type\":\"WebPage\",\"@id\":\"https:\/\/sadenir.com.uy\/orijen\/shop\/gatos\/gatitos\/orijen-kitten\/\",\"url\":\"https:\/\/sadenir.com.uy\/orijen\/shop\/gatos\/gatitos\/orijen-kitten\/\",\"name\":\"ORIJEN Kitten: Comida Rica en Nutrientes para Gatitos\",\"isPartOf\":{\"@id\":\"https:\/\/sadenir.com.uy\/orijen\/#website\"},\"primaryImageOfPage\":{\"@id\":\"https:\/\/sadenir.com.uy\/orijen\/shop\/gatos\/gatitos\/orijen-kitten\/#primaryimage\"},\"image\":{\"@id\":\"https:\/\/sadenir.com.uy\/orijen\/shop\/gatos\/gatitos\/orijen-kitten\/#primaryimage\"},\"thumbnailUrl\":\"https:\/\/sadenir.com.uy\/orijen\/wp-content\/uploads\/sites\/10\/2025\/01\/ORIJEN-Kitten-Front-Right-1.8kg-EMEA-APAC.png\",\"datePublished\":\"2025-01-16T18:07:45+00:00\",\"dateModified\":\"2026-02-05T17:18:28+00:00\",\"description\":\"ORIJEN\u2122 Kitten es una dieta especialmente formulada para gatitos, con un 90% de ingredientes de origen animal de calidad como pollo, pavo y salm\u00f3n. Con DHA y EPA para el desarrollo cerebral, prebi\u00f3ticos para la digesti\u00f3n y croquetas dise\u00f1adas para gatitos. Sin cereales.\",\"breadcrumb\":{\"@id\":\"https:\/\/sadenir.com.uy\/orijen\/shop\/gatos\/gatitos\/orijen-kitten\/#breadcrumb\"},\"inLanguage\":\"es-AR\",\"potentialAction\":[{\"@type\":\"ReadAction\",\"target\":[\"https:\/\/sadenir.com.uy\/orijen\/shop\/gatos\/gatitos\/orijen-kitten\/\"]}]},{\"@type\":\"ImageObject\",\"inLanguage\":\"es-AR\",\"@id\":\"https:\/\/sadenir.com.uy\/orijen\/shop\/gatos\/gatitos\/orijen-kitten\/#primaryimage\",\"url\":\"https:\/\/sadenir.com.uy\/orijen\/wp-content\/uploads\/sites\/10\/2025\/01\/ORIJEN-Kitten-Front-Right-1.8kg-EMEA-APAC.png\",\"contentUrl\":\"https:\/\/sadenir.com.uy\/orijen\/wp-content\/uploads\/sites\/10\/2025\/01\/ORIJEN-Kitten-Front-Right-1.8kg-EMEA-APAC.png\",\"width\":450,\"height\":646},{\"@type\":\"BreadcrumbList\",\"@id\":\"https:\/\/sadenir.com.uy\/orijen\/shop\/gatos\/gatitos\/orijen-kitten\/#breadcrumb\",\"itemListElement\":[{\"@type\":\"ListItem\",\"position\":1,\"name\":\"Inicio\",\"item\":\"https:\/\/sadenir.com.uy\/orijen\/\"},{\"@type\":\"ListItem\",\"position\":2,\"name\":\"Products\",\"item\":\"https:\/\/sadenir.com.uy\/orijen\/shop\/\"},{\"@type\":\"ListItem\",\"position\":3,\"name\":\"Orijen Kitten\"}]},{\"@type\":\"WebSite\",\"@id\":\"https:\/\/sadenir.com.uy\/orijen\/#website\",\"url\":\"https:\/\/sadenir.com.uy\/orijen\/\",\"name\":\"Orijen\",\"description\":\"Nutre como lo har\u00eda la naturaleza\",\"potentialAction\":[{\"@type\":\"SearchAction\",\"target\":{\"@type\":\"EntryPoint\",\"urlTemplate\":\"https:\/\/sadenir.com.uy\/orijen\/?s={search_term_string}\"},\"query-input\":{\"@type\":\"PropertyValueSpecification\",\"valueRequired\":true,\"valueName\":\"search_term_string\"}}],\"inLanguage\":\"es-AR\"}]}<\/script>\n<!-- \/ Yoast SEO plugin. -->","yoast_head_json":{"title":"ORIJEN Kitten: Comida Rica en Nutrientes para Gatitos","description":"ORIJEN\u2122 Kitten es una dieta especialmente formulada para gatitos, con un 90% de ingredientes de origen animal de calidad como pollo, pavo y salm\u00f3n. Con DHA y EPA para el desarrollo cerebral, prebi\u00f3ticos para la digesti\u00f3n y croquetas dise\u00f1adas para gatitos. Sin cereales.","robots":{"index":"index","follow":"follow","max-snippet":"max-snippet:-1","max-image-preview":"max-image-preview:large","max-video-preview":"max-video-preview:-1"},"canonical":"https:\/\/sadenir.com.uy\/orijen\/shop\/gatos\/gatitos\/orijen-kitten\/","og_locale":"es_ES","og_type":"article","og_title":"ORIJEN Kitten: Comida Rica en Nutrientes para Gatitos","og_description":"ORIJEN\u2122 Kitten es una dieta especialmente formulada para gatitos, con un 90% de ingredientes de origen animal de calidad como pollo, pavo y salm\u00f3n. Con DHA y EPA para el desarrollo cerebral, prebi\u00f3ticos para la digesti\u00f3n y croquetas dise\u00f1adas para gatitos. Sin cereales.","og_url":"https:\/\/sadenir.com.uy\/orijen\/shop\/gatos\/gatitos\/orijen-kitten\/","og_site_name":"Orijen","article_modified_time":"2026-02-05T17:18:28+00:00","og_image":[{"width":450,"height":646,"url":"https:\/\/sadenir.com.uy\/orijen\/wp-content\/uploads\/sites\/10\/2025\/01\/ORIJEN-Kitten-Front-Right-1.8kg-EMEA-APAC.png","type":"image\/png"}],"twitter_card":"summary_large_image","twitter_misc":{"Tiempo de lectura":"2 minutos"},"schema":{"@context":"https:\/\/schema.org","@graph":[{"@type":"WebPage","@id":"https:\/\/sadenir.com.uy\/orijen\/shop\/gatos\/gatitos\/orijen-kitten\/","url":"https:\/\/sadenir.com.uy\/orijen\/shop\/gatos\/gatitos\/orijen-kitten\/","name":"ORIJEN Kitten: Comida Rica en Nutrientes para Gatitos","isPartOf":{"@id":"https:\/\/sadenir.com.uy\/orijen\/#website"},"primaryImageOfPage":{"@id":"https:\/\/sadenir.com.uy\/orijen\/shop\/gatos\/gatitos\/orijen-kitten\/#primaryimage"},"image":{"@id":"https:\/\/sadenir.com.uy\/orijen\/shop\/gatos\/gatitos\/orijen-kitten\/#primaryimage"},"thumbnailUrl":"https:\/\/sadenir.com.uy\/orijen\/wp-content\/uploads\/sites\/10\/2025\/01\/ORIJEN-Kitten-Front-Right-1.8kg-EMEA-APAC.png","datePublished":"2025-01-16T18:07:45+00:00","dateModified":"2026-02-05T17:18:28+00:00","description":"ORIJEN\u2122 Kitten es una dieta especialmente formulada para gatitos, con un 90% de ingredientes de origen animal de calidad como pollo, pavo y salm\u00f3n. Con DHA y EPA para el desarrollo cerebral, prebi\u00f3ticos para la digesti\u00f3n y croquetas dise\u00f1adas para gatitos. Sin cereales.","breadcrumb":{"@id":"https:\/\/sadenir.com.uy\/orijen\/shop\/gatos\/gatitos\/orijen-kitten\/#breadcrumb"},"inLanguage":"es-AR","potentialAction":[{"@type":"ReadAction","target":["https:\/\/sadenir.com.uy\/orijen\/shop\/gatos\/gatitos\/orijen-kitten\/"]}]},{"@type":"ImageObject","inLanguage":"es-AR","@id":"https:\/\/sadenir.com.uy\/orijen\/shop\/gatos\/gatitos\/orijen-kitten\/#primaryimage","url":"https:\/\/sadenir.com.uy\/orijen\/wp-content\/uploads\/sites\/10\/2025\/01\/ORIJEN-Kitten-Front-Right-1.8kg-EMEA-APAC.png","contentUrl":"https:\/\/sadenir.com.uy\/orijen\/wp-content\/uploads\/sites\/10\/2025\/01\/ORIJEN-Kitten-Front-Right-1.8kg-EMEA-APAC.png","width":450,"height":646},{"@type":"BreadcrumbList","@id":"https:\/\/sadenir.com.uy\/orijen\/shop\/gatos\/gatitos\/orijen-kitten\/#breadcrumb","itemListElement":[{"@type":"ListItem","position":1,"name":"Inicio","item":"https:\/\/sadenir.com.uy\/orijen\/"},{"@type":"ListItem","position":2,"name":"Products","item":"https:\/\/sadenir.com.uy\/orijen\/shop\/"},{"@type":"ListItem","position":3,"name":"Orijen Kitten"}]},{"@type":"WebSite","@id":"https:\/\/sadenir.com.uy\/orijen\/#website","url":"https:\/\/sadenir.com.uy\/orijen\/","name":"Orijen","description":"Nutre como lo har\u00eda la naturaleza","potentialAction":[{"@type":"SearchAction","target":{"@type":"EntryPoint","urlTemplate":"https:\/\/sadenir.com.uy\/orijen\/?s={search_term_string}"},"query-input":{"@type":"PropertyValueSpecification","valueRequired":true,"valueName":"search_term_string"}}],"inLanguage":"es-AR"}]}},"_links":{"self":[{"href":"https:\/\/sadenir.com.uy\/orijen\/wp-json\/wp\/v2\/product\/6318","targetHints":{"allow":["GET"]}}],"collection":[{"href":"https:\/\/sadenir.com.uy\/orijen\/wp-json\/wp\/v2\/product"}],"about":[{"href":"https:\/\/sadenir.com.uy\/orijen\/wp-json\/wp\/v2\/types\/product"}],"wp:featuredmedia":[{"embeddable":true,"href":"https:\/\/sadenir.com.uy\/orijen\/wp-json\/wp\/v2\/media\/6321"}],"wp:attachment":[{"href":"https:\/\/sadenir.com.uy\/orijen\/wp-json\/wp\/v2\/media?parent=6318"}],"wp:term":[{"taxonomy":"product_brand","embeddable":true,"href":"https:\/\/sadenir.com.uy\/orijen\/wp-json\/wp\/v2\/product_brand?post=6318"},{"taxonomy":"product_cat","embeddable":true,"href":"https:\/\/sadenir.com.uy\/orijen\/wp-json\/wp\/v2\/product_cat?post=6318"},{"taxonomy":"product_tag","embeddable":true,"href":"https:\/\/sadenir.com.uy\/orijen\/wp-json\/wp\/v2\/product_tag?post=6318"}],"curies":[{"name":"wp","href":"https:\/\/api.w.org\/{rel}","templated":true}]}}