{"id":6330,"date":"2025-01-16T15:16:40","date_gmt":"2025-01-16T18:16:40","guid":{"rendered":"https:\/\/sadenir.com.uy\/orijen\/?post_type=product&#038;p=6330"},"modified":"2026-02-05T13:32:28","modified_gmt":"2026-02-05T16:32:28","slug":"orijen-fit-trim-gatos","status":"publish","type":"product","link":"https:\/\/sadenir.com.uy\/orijen\/shop\/gatos\/adultos-gatos\/orijen-fit-trim-gatos\/","title":{"rendered":"Orijen Fit &#038; Trim Cat"},"content":{"rendered":"<h2>Beneficios<\/h2>\n<p><a href=\"https:\/\/sadenir.com.uy\/orijen\/wp-content\/uploads\/sites\/10\/2025\/01\/Screenshot-2025-02-11-103053.png\"><img fetchpriority=\"high\" decoding=\"async\" class=\"aligncenter wp-image-9088 size-full\" src=\"https:\/\/sadenir.com.uy\/orijen\/wp-content\/uploads\/sites\/10\/2025\/01\/Screenshot-2025-02-11-103053.png\" alt=\"\" width=\"1163\" height=\"188\" srcset=\"https:\/\/sadenir.com.uy\/orijen\/wp-content\/uploads\/sites\/10\/2025\/01\/Screenshot-2025-02-11-103053.png 1163w, https:\/\/sadenir.com.uy\/orijen\/wp-content\/uploads\/sites\/10\/2025\/01\/Screenshot-2025-02-11-103053-300x48.png 300w, https:\/\/sadenir.com.uy\/orijen\/wp-content\/uploads\/sites\/10\/2025\/01\/Screenshot-2025-02-11-103053-1024x166.png 1024w, https:\/\/sadenir.com.uy\/orijen\/wp-content\/uploads\/sites\/10\/2025\/01\/Screenshot-2025-02-11-103053-768x124.png 768w, https:\/\/sadenir.com.uy\/orijen\/wp-content\/uploads\/sites\/10\/2025\/01\/Screenshot-2025-02-11-103053-600x97.png 600w\" sizes=\"(max-width: 1163px) 100vw, 1163px\" \/><\/a><\/p>\n<h2>Composici\u00f3n<\/h2>\n<p><a href=\"https:\/\/sadenir.com.uy\/orijen\/wp-content\/uploads\/sites\/10\/2025\/01\/Screenshot-2025-02-18-174938.png\"><img decoding=\"async\" class=\"wp-image-9112 alignright\" src=\"https:\/\/sadenir.com.uy\/orijen\/wp-content\/uploads\/sites\/10\/2025\/01\/Screenshot-2025-02-18-174938-300x258.png\" alt=\"\" width=\"620\" height=\"532\" srcset=\"https:\/\/sadenir.com.uy\/orijen\/wp-content\/uploads\/sites\/10\/2025\/01\/Screenshot-2025-02-18-174938-300x258.png 300w, https:\/\/sadenir.com.uy\/orijen\/wp-content\/uploads\/sites\/10\/2025\/01\/Screenshot-2025-02-18-174938.png 552w\" sizes=\"(max-width: 620px) 100vw, 620px\" \/><\/a>Pollo fresco, menudillos de pollo frescos (h\u00edgado, coraz\u00f3n), arenque entero crudo, pavo crudo, merluza entera cruda, huevos frescos, caballa entera cruda, pollo deshidratado, pavo deshidratado, caballa deshidratado, sardina deshidratada, arenque deshidratado, pescado blanco deshidratado, h\u00edgado de pavo deshidratado, fibra de lentejas, lentejas rojas enteras, lentejas verdes enteras, guisantes enteros, garbanzos enteros, jud\u00edas pintas enteras, almid\u00f3n de guisantes, jud\u00edas blancas enteras, bacaladilla deshidratada, grasa de pollo, fibra de manzana, alga kelp deshidratada, algas (fuente de DHA), calabaza entera fresca, calabaza butternut entera fresca, calabacines enteros frescos, zanahorias enteras frescas, manzanas enteras frescas, peras enteras frescas, ra\u00edz de achicoria deshidratada, col rizada fresca, espinacas frescas, hojas de remolacha frescas, grelos frescos, ar\u00e1ndanos rojos enteros, ar\u00e1ndanos azules enteros, bayas de saskatoon enteras, c\u00farcuma, cardo lechoso, ra\u00edz de bardana, lavanda, ra\u00edz de malvavisco, escaramujos.<\/p>\n<p>ADITIVOS (por kg) Aditivos tecnol\u00f3gicos: Extracto de tocoferol de aceites vegetales, \u00e1cido c\u00edtrico. Aditivos organol\u00e9pticos: Extracto de romero. Aditivos nutricionales: 3a890 cloruro de colina (colina), 3b606 (zinc), 3a821 vitamina B1, 3a825i vitamina B2, 3a314 vitamina B3, 3a841 vitamina B5, 3a831 vitamina B6, 3a316 vitamina B9, 3a880 vitamina B7, vitamina B12, 3a710 vitamina K3, 3a672a vitamina A, 3a671 vitamina D3, 3a700 vitamina E, 3a300 vitamina C. Aditivos zoot\u00e9cnicos: 4b1707 Enterococcus faecium NCIMB 10415 1&#215;10^9 CFU.<\/p>\n<p>La energ\u00eda metabolizable es de 3710\u00a0kcal\/kg (464\u00a0kcal por taza est\u00e1ndar de 125\u00a0g), con un 45% de las calor\u00edas procedentes de las prote\u00ednas, un 18% de los hidratos de carbono y un 36% de las grasas. ORIJEN\u2122 Fit &amp; Trim Cat est\u00e1 formulado para cumplir los requerimientos nutricionales establecidos por FEDIAF para los alimentos para mantenimiento de gatos adultos. Guardar en un lugar fresco y seco. No apto para consumo humano.<\/p>\n<p>&nbsp;<\/p>\n","protected":false},"excerpt":{"rendered":"<div class=\"description-and-detail\">\n<p>La dieta ORIJEN<sup>\u2122<\/sup>\u00a0Fit &amp; Trim est\u00e1 optimizada para favorecer una masa muscular magra y est\u00e1 dise\u00f1ada espec\u00edficamente para contribuir al mejor estado f\u00edsico, con ingredientes de origen animal de calidad como el pollo, pavo y pescado frescos o crudos<sup>1<\/sup>. Rico en ingredientes de origen animal de presa entera como aves, pescado, \u00f3rganos y huesos, ORIJEN\u2122 Fit &amp; Trim est\u00e1 elaborado con las partes suculentas y nutritivas de la presa, para proporcionar la nutrici\u00f3n equilibrada que los gatos necesitan. Con un 85%<sup>2<\/sup>\u00a0de ingredientes de origen animal de calidad y un recubrimiento de h\u00edgado liofilizado, esta dieta no tiene comparaci\u00f3n. Dieta ideal para gatos esterilizados\/castrados.\u00a0Ingredientes sin cereales<sup>3<\/sup>.<\/p>\n<p>&nbsp;<\/p>\n<ul>\n<li>Los 5 primeros ingredientes son ingredientes de aves y pescado frescos o crudos<sup>1<\/sup>.<\/li>\n<li>85%<sup>2<\/sup>\u00a0de ingredientes de aves y pescado de calidad, que proporcionan una rica fuente de prote\u00ednas, vitaminas y minerales esenciales.<\/li>\n<li>Recubrimiento liofilizado para una explosi\u00f3n de sabor crudo que a tu gato le encantar\u00e1.<\/li>\n<li>Elaborado en Estados Unidos con los mejores ingredientes del mundo.<\/li>\n<\/ul>\n<p><em><small><sup>1<\/sup>Nuestros ingredientes frescos se someten a refrigeraci\u00f3n como \u00fanico m\u00e9todo de conservaci\u00f3n y nuestros ingredientes crudos se congelan en el punto m\u00e1ximo de frescura.\u00a0<sup>2<\/sup>Aproximado y derivado del estado no procesado de los ingredientes.<sup>3<\/sup>Producido en una instalaci\u00f3n que tambi\u00e9n procesa cereales.<\/small><\/em><\/p>\n<\/div>\n<div class=\"product-details-footer\">\n<div class=\"product-sizes\"><span class=\"title\">Tama\u00f1os disponibles:<\/span><span class=\"sizes lowercase\">\u00a01.8kg \/ 5.4kg<\/span><\/div>\n<\/div>\n","protected":false},"featured_media":6331,"template":"","meta":{"pgc_sgb_lightbox_settings":""},"product_brand":[],"product_cat":[42,38],"product_tag":[],"class_list":{"0":"post-6330","1":"product","2":"type-product","3":"status-publish","4":"has-post-thumbnail","6":"product_cat-adultos-gatos","7":"product_cat-gatos","9":"first","10":"instock","11":"shipping-taxable","12":"product-type-simple"},"yoast_head":"<!-- This site is optimized with the Yoast SEO plugin v26.1.1 - https:\/\/yoast.com\/wordpress\/plugins\/seo\/ -->\n<title>ORIJEN Fit &amp; Trim: Comida para Gatos Esterilizados o en Forma<\/title>\n<meta name=\"description\" content=\"ORIJEN\u2122 Fit &amp; Trim es la dieta ideal para gatos esterilizados, rica en prote\u00ednas con un 85% de ingredientes de origen animal como pollo, pavo y pescado frescos o crudos. Dise\u00f1ada para mantener una masa muscular magra y el mejor estado f\u00edsico. Sin cereales.\" \/>\n<meta name=\"robots\" content=\"index, follow, max-snippet:-1, max-image-preview:large, max-video-preview:-1\" \/>\n<link rel=\"canonical\" href=\"https:\/\/sadenir.com.uy\/orijen\/shop\/gatos\/adultos-gatos\/orijen-fit-trim-gatos\/\" \/>\n<meta property=\"og:locale\" content=\"es_ES\" \/>\n<meta property=\"og:type\" content=\"article\" \/>\n<meta property=\"og:title\" content=\"ORIJEN Fit &amp; Trim: Comida para Gatos Esterilizados o en Forma\" \/>\n<meta property=\"og:description\" content=\"ORIJEN\u2122 Fit &amp; Trim es la dieta ideal para gatos esterilizados, rica en prote\u00ednas con un 85% de ingredientes de origen animal como pollo, pavo y pescado frescos o crudos. Dise\u00f1ada para mantener una masa muscular magra y el mejor estado f\u00edsico. Sin cereales.\" \/>\n<meta property=\"og:url\" content=\"https:\/\/sadenir.com.uy\/orijen\/shop\/gatos\/adultos-gatos\/orijen-fit-trim-gatos\/\" \/>\n<meta property=\"og:site_name\" content=\"Orijen\" \/>\n<meta property=\"article:modified_time\" content=\"2026-02-05T16:32:28+00:00\" \/>\n<meta property=\"og:image\" content=\"https:\/\/sadenir.com.uy\/orijen\/wp-content\/uploads\/sites\/10\/2025\/01\/Fit-Trim-1-1.png\" \/>\n\t<meta property=\"og:image:width\" content=\"450\" \/>\n\t<meta property=\"og:image:height\" content=\"647\" \/>\n\t<meta property=\"og:image:type\" content=\"image\/png\" \/>\n<meta name=\"twitter:card\" content=\"summary_large_image\" \/>\n<meta name=\"twitter:label1\" content=\"Tiempo de lectura\" \/>\n\t<meta name=\"twitter:data1\" content=\"2 minutos\" \/>\n<script type=\"application\/ld+json\" class=\"yoast-schema-graph\">{\"@context\":\"https:\/\/schema.org\",\"@graph\":[{\"@type\":\"WebPage\",\"@id\":\"https:\/\/sadenir.com.uy\/orijen\/shop\/gatos\/adultos-gatos\/orijen-fit-trim-gatos\/\",\"url\":\"https:\/\/sadenir.com.uy\/orijen\/shop\/gatos\/adultos-gatos\/orijen-fit-trim-gatos\/\",\"name\":\"ORIJEN Fit & Trim: Comida para Gatos Esterilizados o en Forma\",\"isPartOf\":{\"@id\":\"https:\/\/sadenir.com.uy\/orijen\/#website\"},\"primaryImageOfPage\":{\"@id\":\"https:\/\/sadenir.com.uy\/orijen\/shop\/gatos\/adultos-gatos\/orijen-fit-trim-gatos\/#primaryimage\"},\"image\":{\"@id\":\"https:\/\/sadenir.com.uy\/orijen\/shop\/gatos\/adultos-gatos\/orijen-fit-trim-gatos\/#primaryimage\"},\"thumbnailUrl\":\"https:\/\/sadenir.com.uy\/orijen\/wp-content\/uploads\/sites\/10\/2025\/01\/Fit-Trim-1-1.png\",\"datePublished\":\"2025-01-16T18:16:40+00:00\",\"dateModified\":\"2026-02-05T16:32:28+00:00\",\"description\":\"ORIJEN\u2122 Fit & Trim es la dieta ideal para gatos esterilizados, rica en prote\u00ednas con un 85% de ingredientes de origen animal como pollo, pavo y pescado frescos o crudos. Dise\u00f1ada para mantener una masa muscular magra y el mejor estado f\u00edsico. Sin cereales.\",\"breadcrumb\":{\"@id\":\"https:\/\/sadenir.com.uy\/orijen\/shop\/gatos\/adultos-gatos\/orijen-fit-trim-gatos\/#breadcrumb\"},\"inLanguage\":\"es-AR\",\"potentialAction\":[{\"@type\":\"ReadAction\",\"target\":[\"https:\/\/sadenir.com.uy\/orijen\/shop\/gatos\/adultos-gatos\/orijen-fit-trim-gatos\/\"]}]},{\"@type\":\"ImageObject\",\"inLanguage\":\"es-AR\",\"@id\":\"https:\/\/sadenir.com.uy\/orijen\/shop\/gatos\/adultos-gatos\/orijen-fit-trim-gatos\/#primaryimage\",\"url\":\"https:\/\/sadenir.com.uy\/orijen\/wp-content\/uploads\/sites\/10\/2025\/01\/Fit-Trim-1-1.png\",\"contentUrl\":\"https:\/\/sadenir.com.uy\/orijen\/wp-content\/uploads\/sites\/10\/2025\/01\/Fit-Trim-1-1.png\",\"width\":450,\"height\":647},{\"@type\":\"BreadcrumbList\",\"@id\":\"https:\/\/sadenir.com.uy\/orijen\/shop\/gatos\/adultos-gatos\/orijen-fit-trim-gatos\/#breadcrumb\",\"itemListElement\":[{\"@type\":\"ListItem\",\"position\":1,\"name\":\"Inicio\",\"item\":\"https:\/\/sadenir.com.uy\/orijen\/\"},{\"@type\":\"ListItem\",\"position\":2,\"name\":\"Products\",\"item\":\"https:\/\/sadenir.com.uy\/orijen\/shop\/\"},{\"@type\":\"ListItem\",\"position\":3,\"name\":\"Orijen Fit &#038; Trim Cat\"}]},{\"@type\":\"WebSite\",\"@id\":\"https:\/\/sadenir.com.uy\/orijen\/#website\",\"url\":\"https:\/\/sadenir.com.uy\/orijen\/\",\"name\":\"Orijen\",\"description\":\"Nutre como lo har\u00eda la naturaleza\",\"potentialAction\":[{\"@type\":\"SearchAction\",\"target\":{\"@type\":\"EntryPoint\",\"urlTemplate\":\"https:\/\/sadenir.com.uy\/orijen\/?s={search_term_string}\"},\"query-input\":{\"@type\":\"PropertyValueSpecification\",\"valueRequired\":true,\"valueName\":\"search_term_string\"}}],\"inLanguage\":\"es-AR\"}]}<\/script>\n<!-- \/ Yoast SEO plugin. -->","yoast_head_json":{"title":"ORIJEN Fit & Trim: Comida para Gatos Esterilizados o en Forma","description":"ORIJEN\u2122 Fit & Trim es la dieta ideal para gatos esterilizados, rica en prote\u00ednas con un 85% de ingredientes de origen animal como pollo, pavo y pescado frescos o crudos. Dise\u00f1ada para mantener una masa muscular magra y el mejor estado f\u00edsico. Sin cereales.","robots":{"index":"index","follow":"follow","max-snippet":"max-snippet:-1","max-image-preview":"max-image-preview:large","max-video-preview":"max-video-preview:-1"},"canonical":"https:\/\/sadenir.com.uy\/orijen\/shop\/gatos\/adultos-gatos\/orijen-fit-trim-gatos\/","og_locale":"es_ES","og_type":"article","og_title":"ORIJEN Fit & Trim: Comida para Gatos Esterilizados o en Forma","og_description":"ORIJEN\u2122 Fit & Trim es la dieta ideal para gatos esterilizados, rica en prote\u00ednas con un 85% de ingredientes de origen animal como pollo, pavo y pescado frescos o crudos. Dise\u00f1ada para mantener una masa muscular magra y el mejor estado f\u00edsico. Sin cereales.","og_url":"https:\/\/sadenir.com.uy\/orijen\/shop\/gatos\/adultos-gatos\/orijen-fit-trim-gatos\/","og_site_name":"Orijen","article_modified_time":"2026-02-05T16:32:28+00:00","og_image":[{"width":450,"height":647,"url":"https:\/\/sadenir.com.uy\/orijen\/wp-content\/uploads\/sites\/10\/2025\/01\/Fit-Trim-1-1.png","type":"image\/png"}],"twitter_card":"summary_large_image","twitter_misc":{"Tiempo de lectura":"2 minutos"},"schema":{"@context":"https:\/\/schema.org","@graph":[{"@type":"WebPage","@id":"https:\/\/sadenir.com.uy\/orijen\/shop\/gatos\/adultos-gatos\/orijen-fit-trim-gatos\/","url":"https:\/\/sadenir.com.uy\/orijen\/shop\/gatos\/adultos-gatos\/orijen-fit-trim-gatos\/","name":"ORIJEN Fit & Trim: Comida para Gatos Esterilizados o en Forma","isPartOf":{"@id":"https:\/\/sadenir.com.uy\/orijen\/#website"},"primaryImageOfPage":{"@id":"https:\/\/sadenir.com.uy\/orijen\/shop\/gatos\/adultos-gatos\/orijen-fit-trim-gatos\/#primaryimage"},"image":{"@id":"https:\/\/sadenir.com.uy\/orijen\/shop\/gatos\/adultos-gatos\/orijen-fit-trim-gatos\/#primaryimage"},"thumbnailUrl":"https:\/\/sadenir.com.uy\/orijen\/wp-content\/uploads\/sites\/10\/2025\/01\/Fit-Trim-1-1.png","datePublished":"2025-01-16T18:16:40+00:00","dateModified":"2026-02-05T16:32:28+00:00","description":"ORIJEN\u2122 Fit & Trim es la dieta ideal para gatos esterilizados, rica en prote\u00ednas con un 85% de ingredientes de origen animal como pollo, pavo y pescado frescos o crudos. Dise\u00f1ada para mantener una masa muscular magra y el mejor estado f\u00edsico. Sin cereales.","breadcrumb":{"@id":"https:\/\/sadenir.com.uy\/orijen\/shop\/gatos\/adultos-gatos\/orijen-fit-trim-gatos\/#breadcrumb"},"inLanguage":"es-AR","potentialAction":[{"@type":"ReadAction","target":["https:\/\/sadenir.com.uy\/orijen\/shop\/gatos\/adultos-gatos\/orijen-fit-trim-gatos\/"]}]},{"@type":"ImageObject","inLanguage":"es-AR","@id":"https:\/\/sadenir.com.uy\/orijen\/shop\/gatos\/adultos-gatos\/orijen-fit-trim-gatos\/#primaryimage","url":"https:\/\/sadenir.com.uy\/orijen\/wp-content\/uploads\/sites\/10\/2025\/01\/Fit-Trim-1-1.png","contentUrl":"https:\/\/sadenir.com.uy\/orijen\/wp-content\/uploads\/sites\/10\/2025\/01\/Fit-Trim-1-1.png","width":450,"height":647},{"@type":"BreadcrumbList","@id":"https:\/\/sadenir.com.uy\/orijen\/shop\/gatos\/adultos-gatos\/orijen-fit-trim-gatos\/#breadcrumb","itemListElement":[{"@type":"ListItem","position":1,"name":"Inicio","item":"https:\/\/sadenir.com.uy\/orijen\/"},{"@type":"ListItem","position":2,"name":"Products","item":"https:\/\/sadenir.com.uy\/orijen\/shop\/"},{"@type":"ListItem","position":3,"name":"Orijen Fit &#038; Trim Cat"}]},{"@type":"WebSite","@id":"https:\/\/sadenir.com.uy\/orijen\/#website","url":"https:\/\/sadenir.com.uy\/orijen\/","name":"Orijen","description":"Nutre como lo har\u00eda la naturaleza","potentialAction":[{"@type":"SearchAction","target":{"@type":"EntryPoint","urlTemplate":"https:\/\/sadenir.com.uy\/orijen\/?s={search_term_string}"},"query-input":{"@type":"PropertyValueSpecification","valueRequired":true,"valueName":"search_term_string"}}],"inLanguage":"es-AR"}]}},"_links":{"self":[{"href":"https:\/\/sadenir.com.uy\/orijen\/wp-json\/wp\/v2\/product\/6330","targetHints":{"allow":["GET"]}}],"collection":[{"href":"https:\/\/sadenir.com.uy\/orijen\/wp-json\/wp\/v2\/product"}],"about":[{"href":"https:\/\/sadenir.com.uy\/orijen\/wp-json\/wp\/v2\/types\/product"}],"wp:featuredmedia":[{"embeddable":true,"href":"https:\/\/sadenir.com.uy\/orijen\/wp-json\/wp\/v2\/media\/6331"}],"wp:attachment":[{"href":"https:\/\/sadenir.com.uy\/orijen\/wp-json\/wp\/v2\/media?parent=6330"}],"wp:term":[{"taxonomy":"product_brand","embeddable":true,"href":"https:\/\/sadenir.com.uy\/orijen\/wp-json\/wp\/v2\/product_brand?post=6330"},{"taxonomy":"product_cat","embeddable":true,"href":"https:\/\/sadenir.com.uy\/orijen\/wp-json\/wp\/v2\/product_cat?post=6330"},{"taxonomy":"product_tag","embeddable":true,"href":"https:\/\/sadenir.com.uy\/orijen\/wp-json\/wp\/v2\/product_tag?post=6330"}],"curies":[{"name":"wp","href":"https:\/\/api.w.org\/{rel}","templated":true}]}}