{"id":6342,"date":"2025-01-16T15:26:41","date_gmt":"2025-01-16T18:26:41","guid":{"rendered":"https:\/\/sadenir.com.uy\/orijen\/?post_type=product&#038;p=6342"},"modified":"2026-02-05T13:29:26","modified_gmt":"2026-02-05T16:29:26","slug":"orijen-guardian-8-senior-cat","status":"publish","type":"product","link":"https:\/\/sadenir.com.uy\/orijen\/shop\/gatos\/adultos-gatos\/orijen-guardian-8-senior-cat\/","title":{"rendered":"Orijen\u00a0Guardian 8\u2122 Senior Cat"},"content":{"rendered":"<h2>Composici\u00f3n<\/h2>\n<p><a href=\"https:\/\/sadenir.com.uy\/orijen\/wp-content\/uploads\/sites\/10\/2025\/01\/Screenshot-2025-02-18-174121.png\"><img fetchpriority=\"high\" decoding=\"async\" class=\"wp-image-9109 alignright\" src=\"https:\/\/sadenir.com.uy\/orijen\/wp-content\/uploads\/sites\/10\/2025\/01\/Screenshot-2025-02-18-174121-300x275.png\" alt=\"\" width=\"620\" height=\"569\" srcset=\"https:\/\/sadenir.com.uy\/orijen\/wp-content\/uploads\/sites\/10\/2025\/01\/Screenshot-2025-02-18-174121-300x275.png 300w, https:\/\/sadenir.com.uy\/orijen\/wp-content\/uploads\/sites\/10\/2025\/01\/Screenshot-2025-02-18-174121.png 554w\" sizes=\"(max-width: 620px) 100vw, 620px\" \/><\/a>Pollo fresco, salm\u00f3n crudo, pavo crudo, arenque entero crudo, caballa entera cruda, menudillos de pollo frescos (h\u00edgado, coraz\u00f3n), h\u00edgado de pavo crudo, huevos frescos, pollo deshidratado, pavo deshidratado, arenque deshidratado, h\u00edgado de pollo deshidratado, huevo deshidratado, conejo crudo, lentejas rojas enteras, jud\u00edas pintas enteras, lentejas verdes enteras, garbanzos enteros, jud\u00edas blancas enteras, guisantes enteros, almid\u00f3n de guisantes, hierba de Miscanthus molida, aceite de abadejo, grasa de pollo, calabaza entera fresca, calabaza butternut entera fresca, alga kelp deshidratada, ra\u00edz de achicoria deshidratada, manzanas enteras frescas, zanahorias enteras frescas, peras enteras frescas, calabacines enteros frescos, levadura de cerveza deshidratada, levadura hidrolizada, hojas de remolacha frescas, col rizada fresca, espinacas frescas, grelos frescos, ar\u00e1ndanos rojos enteros, ar\u00e1ndanos azules enteros,<\/p>\n<p>ADITIVOS (por kg) Aditivos tecnol\u00f3gicos: Extracto de tocoferol de aceites vegetales, \u00e1cido c\u00edtrico. Aditivos organol\u00e9pticos: Extracto de romero. Aditivos nutricionales: 3a890 cloruro de colina (colina), 3b606 (zinc), 3a314 niacina, 3a821 vitamina B1, 3b406 (cobre), 3a825i vitamina B2, 3a841 vitamina B5, 3a831 vitamina B6, 3a316 \u00e1cido f\u00f3lico, vitamina B12, 3a700 vitamina E. Aditivos zoot\u00e9cnicos: 4b1707 Enterococcus faecium NCIMB 10415 2,2&#215;10^6 UFC.<\/p>\n<p>La energ\u00eda metabolizable es de 3980\u00a0kcal\/kg (517\u00a0kcal por taza est\u00e1ndar de 130\u00a0g) | El alimento para gatos ORIJEN\u2122 Guardian 8\u2122 est\u00e1 formulado para cumplir las recomendaciones nutricionales establecidas por FEDIAF para los alimentos de gatos adultos en mantenimiento. Guardar en un lugar fresco y seco. No apto para consumo humano.<\/p>\n<p>&nbsp;<\/p>\n","protected":false},"excerpt":{"rendered":"<div class=\"description-and-detail\">\n<p>ORIJEN<sup>\u2122<\/sup>\u00a0Guardian 8\u2122 est\u00e1 destinado al consumidor preocupado por la salud que busca una dieta que ayude a su gato toda la vida. Con un 90%<sup>1<\/sup>\u00a0de ingredientes de origen animal de gran calidad, dos tercios de los cuales son frescos o crudos<sup>2<\/sup>, Guardian 8\u2122 ayuda al sistema inmunitario y digestivo de tu gato, proporciona una piel y un pelaje sanos, mantiene la salud de los m\u00fasculos, las articulaciones y el coraz\u00f3n y apoya la salud del cerebro y la funci\u00f3n cognitiva, as\u00ed como la salud de los ojos. Guardian 8\u2122 contiene ingredientes nutritivos que ayudan a tu gato a prosperar.\u00a0Ingredientes sin cereales<sup>3<\/sup>.<\/p>\n<ul>\n<li>Los 5 primeros ingredientes son ingredientes de aves y pescado frescos o crudos<sup>2<\/sup>.<\/li>\n<li>Contribuye a la digesti\u00f3n del gato con prebi\u00f3ticos como la ra\u00edz de achicoria deshidratada y fuentes naturales de fibra como la calabaza entera, la col rizada, las manzanas y peras enteras.<\/li>\n<li>2\/3 de cada saco incluyen ingredientes frescos o crudos.<\/li>\n<\/ul>\n<p><small><i><sup>1<\/sup>Aproximado y derivado del estado no procesado de los ingredientes.\u00a0<sup>2<\/sup>Nuestros ingredientes frescos se someten a refrigeraci\u00f3n como \u00fanico m\u00e9todo de conservaci\u00f3n y nuestros ingredientes crudos se congelan en el punto m\u00e1ximo de frescura.\u00a0<\/i><em>Producido en una instalaci\u00f3n que tambi\u00e9n procesa cereales<sup>3<\/sup>.<\/em><\/small><\/p>\n<p><strong>8 BENEFICIOS PARA LA SALUD GENERAL<\/strong><\/p>\n<ul>\n<li><b>Apoyo al sistema inmunitario |\u00a0<\/b>Apoya la funci\u00f3n inmunitaria con EPA y DHA de pescado y antioxidantes de ingredientes como frutas y verduras.<\/li>\n<li><b>Salud digestiva |\u00a0<\/b>Ayuda a la digesti\u00f3n con prebi\u00f3ticos como la ra\u00edz de achicoria deshidratada y fibra procedente de frutas y verduras.<\/li>\n<li><b>Piel y pelaje sanos |\u00a0<\/b>Ayuda a tener un pelaje reluciente y una piel sana con aceites ricos en Omega-3 procedentes del abadejo.<\/li>\n<li><b>Salud card\u00edaca |\u00a0<\/b>Ayuda a la salud del coraz\u00f3n con taurina de origen natural extra\u00edda de fuentes de prote\u00edna animal como aves, pescado y huevos.<\/li>\n<li><b>Mantenimiento de la musculatura |\u00a0<\/b>Formulado con un 90% de ingredientes animales como pollo, salm\u00f3n y pavo para contribuir al mantenimiento muscular de tu gato.<\/li>\n<li><b>Salud articular |\u00a0<\/b>Ayuda a tener articulaciones sanas en gatos adultos y mayores con aceite rico en \u00e1cidos grasos Omega-3 procedentes del abadejo.<\/li>\n<li><b>Funci\u00f3n cerebral y cognitiva |\u00a0<\/b>Contribuye a reforzar la funci\u00f3n cognitiva con aceite rico en DHA y EPA de abadejo y arginina de origen natural de aves y pescado.<\/li>\n<li><b>Salud visual |\u00a0<\/b>Ayuda a la funci\u00f3n retinal con vitamina A y taurina de origen natural de fuentes animales como el pollo y el h\u00edgado de pavo.<\/li>\n<\/ul>\n<\/div>\n<div class=\"product-details-footer\">\n<div class=\"product-sizes\"><span class=\"title\">Tama\u00f1os disponibles<\/span><span class=\"sizes lowercase\">: 1.8kg \/ 4.5kg<\/span><\/div>\n<\/div>\n","protected":false},"featured_media":6348,"template":"","meta":{"pgc_sgb_lightbox_settings":""},"product_brand":[],"product_cat":[42,38],"product_tag":[],"class_list":{"0":"post-6342","1":"product","2":"type-product","3":"status-publish","4":"has-post-thumbnail","6":"product_cat-adultos-gatos","7":"product_cat-gatos","9":"first","10":"instock","11":"shipping-taxable","12":"product-type-simple"},"yoast_head":"<!-- This site is optimized with the Yoast SEO plugin v26.1.1 - https:\/\/yoast.com\/wordpress\/plugins\/seo\/ -->\n<title>Orijen\u00a0Guardian 8\u2122 Senior Cat - Orijen<\/title>\n<meta name=\"description\" content=\"ORIJEN\u2122 Guardian 8 es una dieta rica en prote\u00ednas con un 90% de ingredientes de origen animal, dise\u00f1ada para apoyar 8 beneficios clave en la salud de los gatos, como sistema inmunitario, digesti\u00f3n, articulaciones, cerebro y coraz\u00f3n. Ideal para gatos de todas las edades. Sin cereales.\" \/>\n<meta name=\"robots\" content=\"index, follow, max-snippet:-1, max-image-preview:large, max-video-preview:-1\" \/>\n<link rel=\"canonical\" href=\"https:\/\/sadenir.com.uy\/orijen\/shop\/gatos\/adultos-gatos\/orijen-guardian-8-senior-cat\/\" \/>\n<meta property=\"og:locale\" content=\"es_ES\" \/>\n<meta property=\"og:type\" content=\"article\" \/>\n<meta property=\"og:title\" content=\"Orijen\u00a0Guardian 8\u2122 Senior Cat - Orijen\" \/>\n<meta property=\"og:description\" content=\"ORIJEN\u2122 Guardian 8 es una dieta rica en prote\u00ednas con un 90% de ingredientes de origen animal, dise\u00f1ada para apoyar 8 beneficios clave en la salud de los gatos, como sistema inmunitario, digesti\u00f3n, articulaciones, cerebro y coraz\u00f3n. Ideal para gatos de todas las edades. Sin cereales.\" \/>\n<meta property=\"og:url\" content=\"https:\/\/sadenir.com.uy\/orijen\/shop\/gatos\/adultos-gatos\/orijen-guardian-8-senior-cat\/\" \/>\n<meta property=\"og:site_name\" content=\"Orijen\" \/>\n<meta property=\"article:modified_time\" content=\"2026-02-05T16:29:26+00:00\" \/>\n<meta property=\"og:image\" content=\"https:\/\/sadenir.com.uy\/orijen\/wp-content\/uploads\/sites\/10\/2025\/01\/Original-1-2-e1739394164454.png\" \/>\n\t<meta property=\"og:image:width\" content=\"395\" \/>\n\t<meta property=\"og:image:height\" content=\"531\" \/>\n\t<meta property=\"og:image:type\" content=\"image\/png\" \/>\n<meta name=\"twitter:card\" content=\"summary_large_image\" \/>\n<meta name=\"twitter:label1\" content=\"Tiempo de lectura\" \/>\n\t<meta name=\"twitter:data1\" content=\"2 minutos\" \/>\n<script type=\"application\/ld+json\" class=\"yoast-schema-graph\">{\"@context\":\"https:\/\/schema.org\",\"@graph\":[{\"@type\":\"WebPage\",\"@id\":\"https:\/\/sadenir.com.uy\/orijen\/shop\/gatos\/adultos-gatos\/orijen-guardian-8-senior-cat\/\",\"url\":\"https:\/\/sadenir.com.uy\/orijen\/shop\/gatos\/adultos-gatos\/orijen-guardian-8-senior-cat\/\",\"name\":\"Orijen\u00a0Guardian 8\u2122 Senior Cat - Orijen\",\"isPartOf\":{\"@id\":\"https:\/\/sadenir.com.uy\/orijen\/#website\"},\"primaryImageOfPage\":{\"@id\":\"https:\/\/sadenir.com.uy\/orijen\/shop\/gatos\/adultos-gatos\/orijen-guardian-8-senior-cat\/#primaryimage\"},\"image\":{\"@id\":\"https:\/\/sadenir.com.uy\/orijen\/shop\/gatos\/adultos-gatos\/orijen-guardian-8-senior-cat\/#primaryimage\"},\"thumbnailUrl\":\"https:\/\/sadenir.com.uy\/orijen\/wp-content\/uploads\/sites\/10\/2025\/01\/Original-1-2-e1739394164454.png\",\"datePublished\":\"2025-01-16T18:26:41+00:00\",\"dateModified\":\"2026-02-05T16:29:26+00:00\",\"description\":\"ORIJEN\u2122 Guardian 8 es una dieta rica en prote\u00ednas con un 90% de ingredientes de origen animal, dise\u00f1ada para apoyar 8 beneficios clave en la salud de los gatos, como sistema inmunitario, digesti\u00f3n, articulaciones, cerebro y coraz\u00f3n. Ideal para gatos de todas las edades. Sin cereales.\",\"breadcrumb\":{\"@id\":\"https:\/\/sadenir.com.uy\/orijen\/shop\/gatos\/adultos-gatos\/orijen-guardian-8-senior-cat\/#breadcrumb\"},\"inLanguage\":\"es-AR\",\"potentialAction\":[{\"@type\":\"ReadAction\",\"target\":[\"https:\/\/sadenir.com.uy\/orijen\/shop\/gatos\/adultos-gatos\/orijen-guardian-8-senior-cat\/\"]}]},{\"@type\":\"ImageObject\",\"inLanguage\":\"es-AR\",\"@id\":\"https:\/\/sadenir.com.uy\/orijen\/shop\/gatos\/adultos-gatos\/orijen-guardian-8-senior-cat\/#primaryimage\",\"url\":\"https:\/\/sadenir.com.uy\/orijen\/wp-content\/uploads\/sites\/10\/2025\/01\/Original-1-2-e1739394164454.png\",\"contentUrl\":\"https:\/\/sadenir.com.uy\/orijen\/wp-content\/uploads\/sites\/10\/2025\/01\/Original-1-2-e1739394164454.png\",\"width\":395,\"height\":531},{\"@type\":\"BreadcrumbList\",\"@id\":\"https:\/\/sadenir.com.uy\/orijen\/shop\/gatos\/adultos-gatos\/orijen-guardian-8-senior-cat\/#breadcrumb\",\"itemListElement\":[{\"@type\":\"ListItem\",\"position\":1,\"name\":\"Inicio\",\"item\":\"https:\/\/sadenir.com.uy\/orijen\/\"},{\"@type\":\"ListItem\",\"position\":2,\"name\":\"Products\",\"item\":\"https:\/\/sadenir.com.uy\/orijen\/shop\/\"},{\"@type\":\"ListItem\",\"position\":3,\"name\":\"Orijen\u00a0Guardian 8\u2122 Senior Cat\"}]},{\"@type\":\"WebSite\",\"@id\":\"https:\/\/sadenir.com.uy\/orijen\/#website\",\"url\":\"https:\/\/sadenir.com.uy\/orijen\/\",\"name\":\"Orijen\",\"description\":\"Nutre como lo har\u00eda la naturaleza\",\"potentialAction\":[{\"@type\":\"SearchAction\",\"target\":{\"@type\":\"EntryPoint\",\"urlTemplate\":\"https:\/\/sadenir.com.uy\/orijen\/?s={search_term_string}\"},\"query-input\":{\"@type\":\"PropertyValueSpecification\",\"valueRequired\":true,\"valueName\":\"search_term_string\"}}],\"inLanguage\":\"es-AR\"}]}<\/script>\n<!-- \/ Yoast SEO plugin. -->","yoast_head_json":{"title":"Orijen\u00a0Guardian 8\u2122 Senior Cat - Orijen","description":"ORIJEN\u2122 Guardian 8 es una dieta rica en prote\u00ednas con un 90% de ingredientes de origen animal, dise\u00f1ada para apoyar 8 beneficios clave en la salud de los gatos, como sistema inmunitario, digesti\u00f3n, articulaciones, cerebro y coraz\u00f3n. Ideal para gatos de todas las edades. Sin cereales.","robots":{"index":"index","follow":"follow","max-snippet":"max-snippet:-1","max-image-preview":"max-image-preview:large","max-video-preview":"max-video-preview:-1"},"canonical":"https:\/\/sadenir.com.uy\/orijen\/shop\/gatos\/adultos-gatos\/orijen-guardian-8-senior-cat\/","og_locale":"es_ES","og_type":"article","og_title":"Orijen\u00a0Guardian 8\u2122 Senior Cat - Orijen","og_description":"ORIJEN\u2122 Guardian 8 es una dieta rica en prote\u00ednas con un 90% de ingredientes de origen animal, dise\u00f1ada para apoyar 8 beneficios clave en la salud de los gatos, como sistema inmunitario, digesti\u00f3n, articulaciones, cerebro y coraz\u00f3n. Ideal para gatos de todas las edades. Sin cereales.","og_url":"https:\/\/sadenir.com.uy\/orijen\/shop\/gatos\/adultos-gatos\/orijen-guardian-8-senior-cat\/","og_site_name":"Orijen","article_modified_time":"2026-02-05T16:29:26+00:00","og_image":[{"width":395,"height":531,"url":"https:\/\/sadenir.com.uy\/orijen\/wp-content\/uploads\/sites\/10\/2025\/01\/Original-1-2-e1739394164454.png","type":"image\/png"}],"twitter_card":"summary_large_image","twitter_misc":{"Tiempo de lectura":"2 minutos"},"schema":{"@context":"https:\/\/schema.org","@graph":[{"@type":"WebPage","@id":"https:\/\/sadenir.com.uy\/orijen\/shop\/gatos\/adultos-gatos\/orijen-guardian-8-senior-cat\/","url":"https:\/\/sadenir.com.uy\/orijen\/shop\/gatos\/adultos-gatos\/orijen-guardian-8-senior-cat\/","name":"Orijen\u00a0Guardian 8\u2122 Senior Cat - Orijen","isPartOf":{"@id":"https:\/\/sadenir.com.uy\/orijen\/#website"},"primaryImageOfPage":{"@id":"https:\/\/sadenir.com.uy\/orijen\/shop\/gatos\/adultos-gatos\/orijen-guardian-8-senior-cat\/#primaryimage"},"image":{"@id":"https:\/\/sadenir.com.uy\/orijen\/shop\/gatos\/adultos-gatos\/orijen-guardian-8-senior-cat\/#primaryimage"},"thumbnailUrl":"https:\/\/sadenir.com.uy\/orijen\/wp-content\/uploads\/sites\/10\/2025\/01\/Original-1-2-e1739394164454.png","datePublished":"2025-01-16T18:26:41+00:00","dateModified":"2026-02-05T16:29:26+00:00","description":"ORIJEN\u2122 Guardian 8 es una dieta rica en prote\u00ednas con un 90% de ingredientes de origen animal, dise\u00f1ada para apoyar 8 beneficios clave en la salud de los gatos, como sistema inmunitario, digesti\u00f3n, articulaciones, cerebro y coraz\u00f3n. Ideal para gatos de todas las edades. Sin cereales.","breadcrumb":{"@id":"https:\/\/sadenir.com.uy\/orijen\/shop\/gatos\/adultos-gatos\/orijen-guardian-8-senior-cat\/#breadcrumb"},"inLanguage":"es-AR","potentialAction":[{"@type":"ReadAction","target":["https:\/\/sadenir.com.uy\/orijen\/shop\/gatos\/adultos-gatos\/orijen-guardian-8-senior-cat\/"]}]},{"@type":"ImageObject","inLanguage":"es-AR","@id":"https:\/\/sadenir.com.uy\/orijen\/shop\/gatos\/adultos-gatos\/orijen-guardian-8-senior-cat\/#primaryimage","url":"https:\/\/sadenir.com.uy\/orijen\/wp-content\/uploads\/sites\/10\/2025\/01\/Original-1-2-e1739394164454.png","contentUrl":"https:\/\/sadenir.com.uy\/orijen\/wp-content\/uploads\/sites\/10\/2025\/01\/Original-1-2-e1739394164454.png","width":395,"height":531},{"@type":"BreadcrumbList","@id":"https:\/\/sadenir.com.uy\/orijen\/shop\/gatos\/adultos-gatos\/orijen-guardian-8-senior-cat\/#breadcrumb","itemListElement":[{"@type":"ListItem","position":1,"name":"Inicio","item":"https:\/\/sadenir.com.uy\/orijen\/"},{"@type":"ListItem","position":2,"name":"Products","item":"https:\/\/sadenir.com.uy\/orijen\/shop\/"},{"@type":"ListItem","position":3,"name":"Orijen\u00a0Guardian 8\u2122 Senior Cat"}]},{"@type":"WebSite","@id":"https:\/\/sadenir.com.uy\/orijen\/#website","url":"https:\/\/sadenir.com.uy\/orijen\/","name":"Orijen","description":"Nutre como lo har\u00eda la naturaleza","potentialAction":[{"@type":"SearchAction","target":{"@type":"EntryPoint","urlTemplate":"https:\/\/sadenir.com.uy\/orijen\/?s={search_term_string}"},"query-input":{"@type":"PropertyValueSpecification","valueRequired":true,"valueName":"search_term_string"}}],"inLanguage":"es-AR"}]}},"_links":{"self":[{"href":"https:\/\/sadenir.com.uy\/orijen\/wp-json\/wp\/v2\/product\/6342","targetHints":{"allow":["GET"]}}],"collection":[{"href":"https:\/\/sadenir.com.uy\/orijen\/wp-json\/wp\/v2\/product"}],"about":[{"href":"https:\/\/sadenir.com.uy\/orijen\/wp-json\/wp\/v2\/types\/product"}],"wp:featuredmedia":[{"embeddable":true,"href":"https:\/\/sadenir.com.uy\/orijen\/wp-json\/wp\/v2\/media\/6348"}],"wp:attachment":[{"href":"https:\/\/sadenir.com.uy\/orijen\/wp-json\/wp\/v2\/media?parent=6342"}],"wp:term":[{"taxonomy":"product_brand","embeddable":true,"href":"https:\/\/sadenir.com.uy\/orijen\/wp-json\/wp\/v2\/product_brand?post=6342"},{"taxonomy":"product_cat","embeddable":true,"href":"https:\/\/sadenir.com.uy\/orijen\/wp-json\/wp\/v2\/product_cat?post=6342"},{"taxonomy":"product_tag","embeddable":true,"href":"https:\/\/sadenir.com.uy\/orijen\/wp-json\/wp\/v2\/product_tag?post=6342"}],"curies":[{"name":"wp","href":"https:\/\/api.w.org\/{rel}","templated":true}]}}